{"id":2240,"date":"2022-10-19T18:42:28","date_gmt":"2022-10-19T16:42:28","guid":{"rendered":"https:\/\/colossalstore.es\/?post_type=product&#038;p=2240"},"modified":"2025-06-20T11:19:17","modified_gmt":"2025-06-20T09:19:17","slug":"guardianes-de-la-noche-23","status":"publish","type":"product","link":"https:\/\/www.colossalstore.es\/en\/tienda\/manga\/guardianes-de-la-noche-23\/","title":{"rendered":"Night Watches 23"},"content":{"rendered":"<p>Kimetsu no Yaiba 23 (Koyoharu Gotouge)<\/p>\n<p>The battle between Tanjir\u00f4 and the creator of the demons reaches its final stage. On the other hand, the drugs that Tamayo administered to Muzan at the cost of his own life begin to take their toll on him, so little by little he finds himself cornered by the rest... What fate awaits Tanjir\u00f4, Nezuko and the rest of the Demon Slayer Corps? Will they manage to get rid of Muzan Kibutsuji? The eternal war against demons reaches its decisive moment!<\/p>","protected":false},"excerpt":{"rendered":"<p>Kimetsu no Yaiba 23 (Koyoharu Gotouge) La batalla entre Tanjir\u00f4 y el creador de los demonios alcanza su etapa final. Por otra parte, los f\u00e1rmacos que Tamayo le administr\u00f3 a Muzan a costa de su propia vida empiezan a hacer mella en \u00e9l, por lo que poco a poco se va viendo acorralado por el [&hellip;]<\/p>","protected":false},"featured_media":2242,"comment_status":"open","ping_status":"closed","template":"","meta":{"_joinchat":[]},"product_brand":[],"product_cat":[32],"product_tag":[],"class_list":{"0":"post-2240","1":"product","2":"type-product","3":"status-publish","4":"has-post-thumbnail","6":"product_cat-manga","8":"first","9":"outofstock","10":"sale","11":"taxable","12":"shipping-taxable","13":"purchasable","14":"product-type-simple"},"yoast_head":"<!-- This site is optimized with the Yoast SEO plugin v25.7 - https:\/\/yoast.com\/wordpress\/plugins\/seo\/ -->\n<title>Kimetsu no Yaiba 23 (Koyoharu Gotouge) | Colossal Store<\/title>\n<meta name=\"description\" content=\"Kimetsu no Yaiba 23 (Koyoharu Gotouge): La batalla entre Tanjir\u00f4 y el creador de los demonios alcanza su etapa final. Por otra parte, los f\u00e1rmacos que Tamayo le administr\u00f3 a Muzan a costa de su propia vida empiezan a hacer mella en \u00e9l, por lo que poco a poco se va viendo acorralado por el resto... \u00bfQu\u00e9 destino les aguarda a Tanjir\u00f4, Nezuko y al resto del Cuerpo de Matademonios? \u00bfLograr\u00e1n deshacerse de Muzan Kibutsuji? \u00a1La eterna guerra contra los demonios llega a su momento decisivo!\" \/>\n<meta name=\"robots\" content=\"index, follow, max-snippet:-1, max-image-preview:large, max-video-preview:-1\" \/>\n<link rel=\"canonical\" href=\"https:\/\/www.colossalstore.es\/en\/tienda\/manga\/guardianes-de-la-noche-23\/\" \/>\n<meta property=\"og:locale\" content=\"en_US\" \/>\n<meta property=\"og:type\" content=\"article\" \/>\n<meta property=\"og:title\" content=\"Kimetsu no Yaiba 23 (Koyoharu Gotouge) | Colossal Store\" \/>\n<meta property=\"og:description\" content=\"Kimetsu no Yaiba 23 (Koyoharu Gotouge): La batalla entre Tanjir\u00f4 y el creador de los demonios alcanza su etapa final. Por otra parte, los f\u00e1rmacos que Tamayo le administr\u00f3 a Muzan a costa de su propia vida empiezan a hacer mella en \u00e9l, por lo que poco a poco se va viendo acorralado por el resto... \u00bfQu\u00e9 destino les aguarda a Tanjir\u00f4, Nezuko y al resto del Cuerpo de Matademonios? \u00bfLograr\u00e1n deshacerse de Muzan Kibutsuji? \u00a1La eterna guerra contra los demonios llega a su momento decisivo!\" \/>\n<meta property=\"og:url\" content=\"https:\/\/www.colossalstore.es\/en\/tienda\/manga\/guardianes-de-la-noche-23\/\" \/>\n<meta property=\"og:site_name\" content=\"Colossal Store\" \/>\n<meta property=\"article:modified_time\" content=\"2025-06-20T09:19:17+00:00\" \/>\n<meta property=\"og:image\" content=\"https:\/\/www.colossalstore.es\/wp-content\/uploads\/2022\/10\/0166d760a85bfccf5d745eb6771996acbae23f5b.jpeg\" \/>\n\t<meta property=\"og:image:width\" content=\"1200\" \/>\n\t<meta property=\"og:image:height\" content=\"1753\" \/>\n\t<meta property=\"og:image:type\" content=\"image\/jpeg\" \/>\n<meta name=\"twitter:card\" content=\"summary_large_image\" \/>\n<meta name=\"twitter:site\" content=\"@Colossal_Store\" \/>\n<meta name=\"twitter:label1\" content=\"Est. reading time\" \/>\n\t<meta name=\"twitter:data1\" content=\"1 minute\" \/>\n<script type=\"application\/ld+json\" class=\"yoast-schema-graph\">{\"@context\":\"https:\/\/schema.org\",\"@graph\":[{\"@type\":\"WebPage\",\"@id\":\"https:\/\/www.colossalstore.es\/tienda\/manga\/guardianes-de-la-noche-23\/\",\"url\":\"https:\/\/www.colossalstore.es\/tienda\/manga\/guardianes-de-la-noche-23\/\",\"name\":\"Kimetsu no Yaiba 23 (Koyoharu Gotouge) | Colossal Store\",\"isPartOf\":{\"@id\":\"https:\/\/www.colossalstore.es\/#website\"},\"primaryImageOfPage\":{\"@id\":\"https:\/\/www.colossalstore.es\/tienda\/manga\/guardianes-de-la-noche-23\/#primaryimage\"},\"image\":{\"@id\":\"https:\/\/www.colossalstore.es\/tienda\/manga\/guardianes-de-la-noche-23\/#primaryimage\"},\"thumbnailUrl\":\"https:\/\/www.colossalstore.es\/wp-content\/uploads\/2022\/10\/0166d760a85bfccf5d745eb6771996acbae23f5b.jpeg\",\"datePublished\":\"2022-10-19T16:42:28+00:00\",\"dateModified\":\"2025-06-20T09:19:17+00:00\",\"description\":\"Kimetsu no Yaiba 23 (Koyoharu Gotouge): La batalla entre Tanjir\u00f4 y el creador de los demonios alcanza su etapa final. Por otra parte, los f\u00e1rmacos que Tamayo le administr\u00f3 a Muzan a costa de su propia vida empiezan a hacer mella en \u00e9l, por lo que poco a poco se va viendo acorralado por el resto... \u00bfQu\u00e9 destino les aguarda a Tanjir\u00f4, Nezuko y al resto del Cuerpo de Matademonios? \u00bfLograr\u00e1n deshacerse de Muzan Kibutsuji? \u00a1La eterna guerra contra los demonios llega a su momento decisivo!\",\"breadcrumb\":{\"@id\":\"https:\/\/www.colossalstore.es\/tienda\/manga\/guardianes-de-la-noche-23\/#breadcrumb\"},\"inLanguage\":\"en-US\",\"potentialAction\":[{\"@type\":\"ReadAction\",\"target\":[\"https:\/\/www.colossalstore.es\/tienda\/manga\/guardianes-de-la-noche-23\/\"]}]},{\"@type\":\"ImageObject\",\"inLanguage\":\"en-US\",\"@id\":\"https:\/\/www.colossalstore.es\/tienda\/manga\/guardianes-de-la-noche-23\/#primaryimage\",\"url\":\"https:\/\/www.colossalstore.es\/wp-content\/uploads\/2022\/10\/0166d760a85bfccf5d745eb6771996acbae23f5b.jpeg\",\"contentUrl\":\"https:\/\/www.colossalstore.es\/wp-content\/uploads\/2022\/10\/0166d760a85bfccf5d745eb6771996acbae23f5b.jpeg\",\"width\":1200,\"height\":1753},{\"@type\":\"BreadcrumbList\",\"@id\":\"https:\/\/www.colossalstore.es\/tienda\/manga\/guardianes-de-la-noche-23\/#breadcrumb\",\"itemListElement\":[{\"@type\":\"ListItem\",\"position\":1,\"name\":\"Home\",\"item\":\"https:\/\/www.colossalstore.es\/\"},{\"@type\":\"ListItem\",\"position\":2,\"name\":\"Tienda\",\"item\":\"https:\/\/www.colossalstore.es\/tienda\/\"},{\"@type\":\"ListItem\",\"position\":3,\"name\":\"Guardianes de la noche 23\"}]},{\"@type\":\"WebSite\",\"@id\":\"https:\/\/www.colossalstore.es\/#website\",\"url\":\"https:\/\/www.colossalstore.es\/\",\"name\":\"Colossal Store\",\"description\":\"Colossal Store, tienda especializada en TCGs.\",\"publisher\":{\"@id\":\"https:\/\/www.colossalstore.es\/#organization\"},\"alternateName\":\"Colossal Store\",\"potentialAction\":[{\"@type\":\"SearchAction\",\"target\":{\"@type\":\"EntryPoint\",\"urlTemplate\":\"https:\/\/www.colossalstore.es\/?s={search_term_string}\"},\"query-input\":{\"@type\":\"PropertyValueSpecification\",\"valueRequired\":true,\"valueName\":\"search_term_string\"}}],\"inLanguage\":\"en-US\"},{\"@type\":\"Organization\",\"@id\":\"https:\/\/www.colossalstore.es\/#organization\",\"name\":\"Colossal Store\",\"url\":\"https:\/\/www.colossalstore.es\/\",\"logo\":{\"@type\":\"ImageObject\",\"inLanguage\":\"en-US\",\"@id\":\"https:\/\/www.colossalstore.es\/#\/schema\/logo\/image\/\",\"url\":\"https:\/\/www.colossalstore.es\/wp-content\/uploads\/2023\/05\/Colossal_Logo-02.png\",\"contentUrl\":\"https:\/\/www.colossalstore.es\/wp-content\/uploads\/2023\/05\/Colossal_Logo-02.png\",\"width\":1181,\"height\":1181,\"caption\":\"Colossal Store\"},\"image\":{\"@id\":\"https:\/\/www.colossalstore.es\/#\/schema\/logo\/image\/\"},\"sameAs\":[\"https:\/\/x.com\/Colossal_Store\",\"https:\/\/www.instagram.com\/colossal_store_tcg\/\",\"https:\/\/www.tiktok.com\/@colossalstore\"]}]}<\/script>\n<!-- \/ Yoast SEO plugin. -->","yoast_head_json":{"title":"Kimetsu no Yaiba 23 (Koyoharu Gotouge) | Colossal Store","description":"Kimetsu no Yaiba 23 (Koyoharu Gotouge): La batalla entre Tanjir\u00f4 y el creador de los demonios alcanza su etapa final. Por otra parte, los f\u00e1rmacos que Tamayo le administr\u00f3 a Muzan a costa de su propia vida empiezan a hacer mella en \u00e9l, por lo que poco a poco se va viendo acorralado por el resto... \u00bfQu\u00e9 destino les aguarda a Tanjir\u00f4, Nezuko y al resto del Cuerpo de Matademonios? \u00bfLograr\u00e1n deshacerse de Muzan Kibutsuji? \u00a1La eterna guerra contra los demonios llega a su momento decisivo!","robots":{"index":"index","follow":"follow","max-snippet":"max-snippet:-1","max-image-preview":"max-image-preview:large","max-video-preview":"max-video-preview:-1"},"canonical":"https:\/\/www.colossalstore.es\/en\/tienda\/manga\/guardianes-de-la-noche-23\/","og_locale":"en_US","og_type":"article","og_title":"Kimetsu no Yaiba 23 (Koyoharu Gotouge) | Colossal Store","og_description":"Kimetsu no Yaiba 23 (Koyoharu Gotouge): La batalla entre Tanjir\u00f4 y el creador de los demonios alcanza su etapa final. Por otra parte, los f\u00e1rmacos que Tamayo le administr\u00f3 a Muzan a costa de su propia vida empiezan a hacer mella en \u00e9l, por lo que poco a poco se va viendo acorralado por el resto... \u00bfQu\u00e9 destino les aguarda a Tanjir\u00f4, Nezuko y al resto del Cuerpo de Matademonios? \u00bfLograr\u00e1n deshacerse de Muzan Kibutsuji? \u00a1La eterna guerra contra los demonios llega a su momento decisivo!","og_url":"https:\/\/www.colossalstore.es\/en\/tienda\/manga\/guardianes-de-la-noche-23\/","og_site_name":"Colossal Store","article_modified_time":"2025-06-20T09:19:17+00:00","og_image":[{"width":1200,"height":1753,"url":"https:\/\/www.colossalstore.es\/wp-content\/uploads\/2022\/10\/0166d760a85bfccf5d745eb6771996acbae23f5b.jpeg","type":"image\/jpeg"}],"twitter_card":"summary_large_image","twitter_site":"@Colossal_Store","twitter_misc":{"Est. reading time":"1 minute"},"schema":{"@context":"https:\/\/schema.org","@graph":[{"@type":"WebPage","@id":"https:\/\/www.colossalstore.es\/tienda\/manga\/guardianes-de-la-noche-23\/","url":"https:\/\/www.colossalstore.es\/tienda\/manga\/guardianes-de-la-noche-23\/","name":"Kimetsu no Yaiba 23 (Koyoharu Gotouge) | Colossal Store","isPartOf":{"@id":"https:\/\/www.colossalstore.es\/#website"},"primaryImageOfPage":{"@id":"https:\/\/www.colossalstore.es\/tienda\/manga\/guardianes-de-la-noche-23\/#primaryimage"},"image":{"@id":"https:\/\/www.colossalstore.es\/tienda\/manga\/guardianes-de-la-noche-23\/#primaryimage"},"thumbnailUrl":"https:\/\/www.colossalstore.es\/wp-content\/uploads\/2022\/10\/0166d760a85bfccf5d745eb6771996acbae23f5b.jpeg","datePublished":"2022-10-19T16:42:28+00:00","dateModified":"2025-06-20T09:19:17+00:00","description":"Kimetsu no Yaiba 23 (Koyoharu Gotouge): La batalla entre Tanjir\u00f4 y el creador de los demonios alcanza su etapa final. Por otra parte, los f\u00e1rmacos que Tamayo le administr\u00f3 a Muzan a costa de su propia vida empiezan a hacer mella en \u00e9l, por lo que poco a poco se va viendo acorralado por el resto... \u00bfQu\u00e9 destino les aguarda a Tanjir\u00f4, Nezuko y al resto del Cuerpo de Matademonios? \u00bfLograr\u00e1n deshacerse de Muzan Kibutsuji? \u00a1La eterna guerra contra los demonios llega a su momento decisivo!","breadcrumb":{"@id":"https:\/\/www.colossalstore.es\/tienda\/manga\/guardianes-de-la-noche-23\/#breadcrumb"},"inLanguage":"en-US","potentialAction":[{"@type":"ReadAction","target":["https:\/\/www.colossalstore.es\/tienda\/manga\/guardianes-de-la-noche-23\/"]}]},{"@type":"ImageObject","inLanguage":"en-US","@id":"https:\/\/www.colossalstore.es\/tienda\/manga\/guardianes-de-la-noche-23\/#primaryimage","url":"https:\/\/www.colossalstore.es\/wp-content\/uploads\/2022\/10\/0166d760a85bfccf5d745eb6771996acbae23f5b.jpeg","contentUrl":"https:\/\/www.colossalstore.es\/wp-content\/uploads\/2022\/10\/0166d760a85bfccf5d745eb6771996acbae23f5b.jpeg","width":1200,"height":1753},{"@type":"BreadcrumbList","@id":"https:\/\/www.colossalstore.es\/tienda\/manga\/guardianes-de-la-noche-23\/#breadcrumb","itemListElement":[{"@type":"ListItem","position":1,"name":"Home","item":"https:\/\/www.colossalstore.es\/"},{"@type":"ListItem","position":2,"name":"Tienda","item":"https:\/\/www.colossalstore.es\/tienda\/"},{"@type":"ListItem","position":3,"name":"Guardianes de la noche 23"}]},{"@type":"WebSite","@id":"https:\/\/www.colossalstore.es\/#website","url":"https:\/\/www.colossalstore.es\/","name":"Colossal Store","description":"Colossal Store, store specialized in TCGs.","publisher":{"@id":"https:\/\/www.colossalstore.es\/#organization"},"alternateName":"Colossal Store","potentialAction":[{"@type":"SearchAction","target":{"@type":"EntryPoint","urlTemplate":"https:\/\/www.colossalstore.es\/?s={search_term_string}"},"query-input":{"@type":"PropertyValueSpecification","valueRequired":true,"valueName":"search_term_string"}}],"inLanguage":"en-US"},{"@type":"Organization","@id":"https:\/\/www.colossalstore.es\/#organization","name":"Colossal Store","url":"https:\/\/www.colossalstore.es\/","logo":{"@type":"ImageObject","inLanguage":"en-US","@id":"https:\/\/www.colossalstore.es\/#\/schema\/logo\/image\/","url":"https:\/\/www.colossalstore.es\/wp-content\/uploads\/2023\/05\/Colossal_Logo-02.png","contentUrl":"https:\/\/www.colossalstore.es\/wp-content\/uploads\/2023\/05\/Colossal_Logo-02.png","width":1181,"height":1181,"caption":"Colossal Store"},"image":{"@id":"https:\/\/www.colossalstore.es\/#\/schema\/logo\/image\/"},"sameAs":["https:\/\/x.com\/Colossal_Store","https:\/\/www.instagram.com\/colossal_store_tcg\/","https:\/\/www.tiktok.com\/@colossalstore"]}]}},"_links":{"self":[{"href":"https:\/\/www.colossalstore.es\/en\/wp-json\/wp\/v2\/product\/2240","targetHints":{"allow":["GET"]}}],"collection":[{"href":"https:\/\/www.colossalstore.es\/en\/wp-json\/wp\/v2\/product"}],"about":[{"href":"https:\/\/www.colossalstore.es\/en\/wp-json\/wp\/v2\/types\/product"}],"replies":[{"embeddable":true,"href":"https:\/\/www.colossalstore.es\/en\/wp-json\/wp\/v2\/comments?post=2240"}],"wp:featuredmedia":[{"embeddable":true,"href":"https:\/\/www.colossalstore.es\/en\/wp-json\/wp\/v2\/media\/2242"}],"wp:attachment":[{"href":"https:\/\/www.colossalstore.es\/en\/wp-json\/wp\/v2\/media?parent=2240"}],"wp:term":[{"taxonomy":"product_brand","embeddable":true,"href":"https:\/\/www.colossalstore.es\/en\/wp-json\/wp\/v2\/product_brand?post=2240"},{"taxonomy":"product_cat","embeddable":true,"href":"https:\/\/www.colossalstore.es\/en\/wp-json\/wp\/v2\/product_cat?post=2240"},{"taxonomy":"product_tag","embeddable":true,"href":"https:\/\/www.colossalstore.es\/en\/wp-json\/wp\/v2\/product_tag?post=2240"}],"curies":[{"name":"wp","href":"https:\/\/api.w.org\/{rel}","templated":true}]}}