{"id":2238,"date":"2022-10-19T18:41:20","date_gmt":"2022-10-19T16:41:20","guid":{"rendered":"https:\/\/colossalstore.es\/?post_type=product&#038;p=2238"},"modified":"2025-06-20T11:19:17","modified_gmt":"2025-06-20T09:19:17","slug":"guardianes-de-la-noche-11","status":"publish","type":"product","link":"https:\/\/www.colossalstore.es\/en\/tienda\/manga\/guardianes-de-la-noche-11\/","title":{"rendered":"Night Watch 11"},"content":{"rendered":"<p>Kimetsu no Yaiba 11 (Koyoharu Gotouge)<\/p>\n<p>The battle against Gy\u00fbtar\u00f4 and Daki, the brothers who share the title of Upper Sixth Moon, intensifies by the moment. One by one, Tanjir\u00f4 and company rush to the aid of the pillar, but Uzui, Inosuke and Zenitsu end up falling victim to the demon-killing blade\u2026<\/p>","protected":false},"excerpt":{"rendered":"<p>Kimetsu no Yaiba 11 (Koyoharu Gotouge) La batalla contra Gy\u00fbtar\u00f4 y Daki, los hermanos que comparten el t\u00edtulo de sexta Luna superior, se intensifica por momentos. Uno a uno, Tanjir\u00f4 y compa\u00f1\u00eda acuden en ayuda del pilar, pero Uzui, Inosuke y Zenitsu acaban cayendo v\u00edctimas de la hoja asesina de los demonios&#8230;<\/p>","protected":false},"featured_media":2239,"comment_status":"open","ping_status":"closed","template":"","meta":{"_joinchat":[]},"product_brand":[],"product_cat":[32],"product_tag":[],"class_list":{"0":"post-2238","1":"product","2":"type-product","3":"status-publish","4":"has-post-thumbnail","6":"product_cat-manga","8":"first","9":"outofstock","10":"sale","11":"taxable","12":"shipping-taxable","13":"purchasable","14":"product-type-simple"},"yoast_head":"<!-- This site is optimized with the Yoast SEO plugin v25.7 - https:\/\/yoast.com\/wordpress\/plugins\/seo\/ -->\n<title>Kimetsu no Yaiba 11 (Koyoharu Gotouge) | Colossal Store<\/title>\n<meta name=\"description\" content=\"Kimetsu no Yaiba 11 (Koyoharu Gotouge): La batalla contra Gy\u00fbtar\u00f4 y Daki, los hermanos que comparten el t\u00edtulo de sexta Luna superior, se intensifica por momentos. Uno a uno, Tanjir\u00f4 y compa\u00f1\u00eda acuden en ayuda del pilar, pero Uzui, Inosuke y Zenitsu acaban cayendo v\u00edctimas de la hoja asesina de los demonios...\" \/>\n<meta name=\"robots\" content=\"index, follow, max-snippet:-1, max-image-preview:large, max-video-preview:-1\" \/>\n<link rel=\"canonical\" href=\"https:\/\/www.colossalstore.es\/en\/tienda\/manga\/guardianes-de-la-noche-11\/\" \/>\n<meta property=\"og:locale\" content=\"en_US\" \/>\n<meta property=\"og:type\" content=\"article\" \/>\n<meta property=\"og:title\" content=\"Kimetsu no Yaiba 11 (Koyoharu Gotouge) | Colossal Store\" \/>\n<meta property=\"og:description\" content=\"Kimetsu no Yaiba 11 (Koyoharu Gotouge): La batalla contra Gy\u00fbtar\u00f4 y Daki, los hermanos que comparten el t\u00edtulo de sexta Luna superior, se intensifica por momentos. Uno a uno, Tanjir\u00f4 y compa\u00f1\u00eda acuden en ayuda del pilar, pero Uzui, Inosuke y Zenitsu acaban cayendo v\u00edctimas de la hoja asesina de los demonios...\" \/>\n<meta property=\"og:url\" content=\"https:\/\/www.colossalstore.es\/en\/tienda\/manga\/guardianes-de-la-noche-11\/\" \/>\n<meta property=\"og:site_name\" content=\"Colossal Store\" \/>\n<meta property=\"article:modified_time\" content=\"2025-06-20T09:19:17+00:00\" \/>\n<meta property=\"og:image\" content=\"https:\/\/www.colossalstore.es\/wp-content\/uploads\/2022\/10\/thumb_6606_albumes_big.jpeg\" \/>\n\t<meta property=\"og:image:width\" content=\"394\" \/>\n\t<meta property=\"og:image:height\" content=\"600\" \/>\n\t<meta property=\"og:image:type\" content=\"image\/jpeg\" \/>\n<meta name=\"twitter:card\" content=\"summary_large_image\" \/>\n<meta name=\"twitter:site\" content=\"@Colossal_Store\" \/>\n<meta name=\"twitter:label1\" content=\"Est. reading time\" \/>\n\t<meta name=\"twitter:data1\" content=\"1 minute\" \/>\n<script type=\"application\/ld+json\" class=\"yoast-schema-graph\">{\"@context\":\"https:\/\/schema.org\",\"@graph\":[{\"@type\":\"WebPage\",\"@id\":\"https:\/\/www.colossalstore.es\/tienda\/manga\/guardianes-de-la-noche-11\/\",\"url\":\"https:\/\/www.colossalstore.es\/tienda\/manga\/guardianes-de-la-noche-11\/\",\"name\":\"Kimetsu no Yaiba 11 (Koyoharu Gotouge) | Colossal Store\",\"isPartOf\":{\"@id\":\"https:\/\/www.colossalstore.es\/#website\"},\"primaryImageOfPage\":{\"@id\":\"https:\/\/www.colossalstore.es\/tienda\/manga\/guardianes-de-la-noche-11\/#primaryimage\"},\"image\":{\"@id\":\"https:\/\/www.colossalstore.es\/tienda\/manga\/guardianes-de-la-noche-11\/#primaryimage\"},\"thumbnailUrl\":\"https:\/\/www.colossalstore.es\/wp-content\/uploads\/2022\/10\/thumb_6606_albumes_big.jpeg\",\"datePublished\":\"2022-10-19T16:41:20+00:00\",\"dateModified\":\"2025-06-20T09:19:17+00:00\",\"description\":\"Kimetsu no Yaiba 11 (Koyoharu Gotouge): La batalla contra Gy\u00fbtar\u00f4 y Daki, los hermanos que comparten el t\u00edtulo de sexta Luna superior, se intensifica por momentos. Uno a uno, Tanjir\u00f4 y compa\u00f1\u00eda acuden en ayuda del pilar, pero Uzui, Inosuke y Zenitsu acaban cayendo v\u00edctimas de la hoja asesina de los demonios...\",\"breadcrumb\":{\"@id\":\"https:\/\/www.colossalstore.es\/tienda\/manga\/guardianes-de-la-noche-11\/#breadcrumb\"},\"inLanguage\":\"en-US\",\"potentialAction\":[{\"@type\":\"ReadAction\",\"target\":[\"https:\/\/www.colossalstore.es\/tienda\/manga\/guardianes-de-la-noche-11\/\"]}]},{\"@type\":\"ImageObject\",\"inLanguage\":\"en-US\",\"@id\":\"https:\/\/www.colossalstore.es\/tienda\/manga\/guardianes-de-la-noche-11\/#primaryimage\",\"url\":\"https:\/\/www.colossalstore.es\/wp-content\/uploads\/2022\/10\/thumb_6606_albumes_big.jpeg\",\"contentUrl\":\"https:\/\/www.colossalstore.es\/wp-content\/uploads\/2022\/10\/thumb_6606_albumes_big.jpeg\",\"width\":394,\"height\":600},{\"@type\":\"BreadcrumbList\",\"@id\":\"https:\/\/www.colossalstore.es\/tienda\/manga\/guardianes-de-la-noche-11\/#breadcrumb\",\"itemListElement\":[{\"@type\":\"ListItem\",\"position\":1,\"name\":\"Home\",\"item\":\"https:\/\/www.colossalstore.es\/\"},{\"@type\":\"ListItem\",\"position\":2,\"name\":\"Tienda\",\"item\":\"https:\/\/www.colossalstore.es\/tienda\/\"},{\"@type\":\"ListItem\",\"position\":3,\"name\":\"Guardianes de la noche 11\"}]},{\"@type\":\"WebSite\",\"@id\":\"https:\/\/www.colossalstore.es\/#website\",\"url\":\"https:\/\/www.colossalstore.es\/\",\"name\":\"Colossal Store\",\"description\":\"Colossal Store, tienda especializada en TCGs.\",\"publisher\":{\"@id\":\"https:\/\/www.colossalstore.es\/#organization\"},\"alternateName\":\"Colossal Store\",\"potentialAction\":[{\"@type\":\"SearchAction\",\"target\":{\"@type\":\"EntryPoint\",\"urlTemplate\":\"https:\/\/www.colossalstore.es\/?s={search_term_string}\"},\"query-input\":{\"@type\":\"PropertyValueSpecification\",\"valueRequired\":true,\"valueName\":\"search_term_string\"}}],\"inLanguage\":\"en-US\"},{\"@type\":\"Organization\",\"@id\":\"https:\/\/www.colossalstore.es\/#organization\",\"name\":\"Colossal Store\",\"url\":\"https:\/\/www.colossalstore.es\/\",\"logo\":{\"@type\":\"ImageObject\",\"inLanguage\":\"en-US\",\"@id\":\"https:\/\/www.colossalstore.es\/#\/schema\/logo\/image\/\",\"url\":\"https:\/\/www.colossalstore.es\/wp-content\/uploads\/2023\/05\/Colossal_Logo-02.png\",\"contentUrl\":\"https:\/\/www.colossalstore.es\/wp-content\/uploads\/2023\/05\/Colossal_Logo-02.png\",\"width\":1181,\"height\":1181,\"caption\":\"Colossal Store\"},\"image\":{\"@id\":\"https:\/\/www.colossalstore.es\/#\/schema\/logo\/image\/\"},\"sameAs\":[\"https:\/\/x.com\/Colossal_Store\",\"https:\/\/www.instagram.com\/colossal_store_tcg\/\",\"https:\/\/www.tiktok.com\/@colossalstore\"]}]}<\/script>\n<!-- \/ Yoast SEO plugin. -->","yoast_head_json":{"title":"Kimetsu no Yaiba 11 (Koyoharu Gotouge) | Colossal Store","description":"Kimetsu no Yaiba 11 (Koyoharu Gotouge): La batalla contra Gy\u00fbtar\u00f4 y Daki, los hermanos que comparten el t\u00edtulo de sexta Luna superior, se intensifica por momentos. Uno a uno, Tanjir\u00f4 y compa\u00f1\u00eda acuden en ayuda del pilar, pero Uzui, Inosuke y Zenitsu acaban cayendo v\u00edctimas de la hoja asesina de los demonios...","robots":{"index":"index","follow":"follow","max-snippet":"max-snippet:-1","max-image-preview":"max-image-preview:large","max-video-preview":"max-video-preview:-1"},"canonical":"https:\/\/www.colossalstore.es\/en\/tienda\/manga\/guardianes-de-la-noche-11\/","og_locale":"en_US","og_type":"article","og_title":"Kimetsu no Yaiba 11 (Koyoharu Gotouge) | Colossal Store","og_description":"Kimetsu no Yaiba 11 (Koyoharu Gotouge): La batalla contra Gy\u00fbtar\u00f4 y Daki, los hermanos que comparten el t\u00edtulo de sexta Luna superior, se intensifica por momentos. Uno a uno, Tanjir\u00f4 y compa\u00f1\u00eda acuden en ayuda del pilar, pero Uzui, Inosuke y Zenitsu acaban cayendo v\u00edctimas de la hoja asesina de los demonios...","og_url":"https:\/\/www.colossalstore.es\/en\/tienda\/manga\/guardianes-de-la-noche-11\/","og_site_name":"Colossal Store","article_modified_time":"2025-06-20T09:19:17+00:00","og_image":[{"width":394,"height":600,"url":"https:\/\/www.colossalstore.es\/wp-content\/uploads\/2022\/10\/thumb_6606_albumes_big.jpeg","type":"image\/jpeg"}],"twitter_card":"summary_large_image","twitter_site":"@Colossal_Store","twitter_misc":{"Est. reading time":"1 minute"},"schema":{"@context":"https:\/\/schema.org","@graph":[{"@type":"WebPage","@id":"https:\/\/www.colossalstore.es\/tienda\/manga\/guardianes-de-la-noche-11\/","url":"https:\/\/www.colossalstore.es\/tienda\/manga\/guardianes-de-la-noche-11\/","name":"Kimetsu no Yaiba 11 (Koyoharu Gotouge) | Colossal Store","isPartOf":{"@id":"https:\/\/www.colossalstore.es\/#website"},"primaryImageOfPage":{"@id":"https:\/\/www.colossalstore.es\/tienda\/manga\/guardianes-de-la-noche-11\/#primaryimage"},"image":{"@id":"https:\/\/www.colossalstore.es\/tienda\/manga\/guardianes-de-la-noche-11\/#primaryimage"},"thumbnailUrl":"https:\/\/www.colossalstore.es\/wp-content\/uploads\/2022\/10\/thumb_6606_albumes_big.jpeg","datePublished":"2022-10-19T16:41:20+00:00","dateModified":"2025-06-20T09:19:17+00:00","description":"Kimetsu no Yaiba 11 (Koyoharu Gotouge): La batalla contra Gy\u00fbtar\u00f4 y Daki, los hermanos que comparten el t\u00edtulo de sexta Luna superior, se intensifica por momentos. Uno a uno, Tanjir\u00f4 y compa\u00f1\u00eda acuden en ayuda del pilar, pero Uzui, Inosuke y Zenitsu acaban cayendo v\u00edctimas de la hoja asesina de los demonios...","breadcrumb":{"@id":"https:\/\/www.colossalstore.es\/tienda\/manga\/guardianes-de-la-noche-11\/#breadcrumb"},"inLanguage":"en-US","potentialAction":[{"@type":"ReadAction","target":["https:\/\/www.colossalstore.es\/tienda\/manga\/guardianes-de-la-noche-11\/"]}]},{"@type":"ImageObject","inLanguage":"en-US","@id":"https:\/\/www.colossalstore.es\/tienda\/manga\/guardianes-de-la-noche-11\/#primaryimage","url":"https:\/\/www.colossalstore.es\/wp-content\/uploads\/2022\/10\/thumb_6606_albumes_big.jpeg","contentUrl":"https:\/\/www.colossalstore.es\/wp-content\/uploads\/2022\/10\/thumb_6606_albumes_big.jpeg","width":394,"height":600},{"@type":"BreadcrumbList","@id":"https:\/\/www.colossalstore.es\/tienda\/manga\/guardianes-de-la-noche-11\/#breadcrumb","itemListElement":[{"@type":"ListItem","position":1,"name":"Home","item":"https:\/\/www.colossalstore.es\/"},{"@type":"ListItem","position":2,"name":"Tienda","item":"https:\/\/www.colossalstore.es\/tienda\/"},{"@type":"ListItem","position":3,"name":"Guardianes de la noche 11"}]},{"@type":"WebSite","@id":"https:\/\/www.colossalstore.es\/#website","url":"https:\/\/www.colossalstore.es\/","name":"Colossal Store","description":"Colossal Store, store specialized in TCGs.","publisher":{"@id":"https:\/\/www.colossalstore.es\/#organization"},"alternateName":"Colossal Store","potentialAction":[{"@type":"SearchAction","target":{"@type":"EntryPoint","urlTemplate":"https:\/\/www.colossalstore.es\/?s={search_term_string}"},"query-input":{"@type":"PropertyValueSpecification","valueRequired":true,"valueName":"search_term_string"}}],"inLanguage":"en-US"},{"@type":"Organization","@id":"https:\/\/www.colossalstore.es\/#organization","name":"Colossal Store","url":"https:\/\/www.colossalstore.es\/","logo":{"@type":"ImageObject","inLanguage":"en-US","@id":"https:\/\/www.colossalstore.es\/#\/schema\/logo\/image\/","url":"https:\/\/www.colossalstore.es\/wp-content\/uploads\/2023\/05\/Colossal_Logo-02.png","contentUrl":"https:\/\/www.colossalstore.es\/wp-content\/uploads\/2023\/05\/Colossal_Logo-02.png","width":1181,"height":1181,"caption":"Colossal Store"},"image":{"@id":"https:\/\/www.colossalstore.es\/#\/schema\/logo\/image\/"},"sameAs":["https:\/\/x.com\/Colossal_Store","https:\/\/www.instagram.com\/colossal_store_tcg\/","https:\/\/www.tiktok.com\/@colossalstore"]}]}},"_links":{"self":[{"href":"https:\/\/www.colossalstore.es\/en\/wp-json\/wp\/v2\/product\/2238","targetHints":{"allow":["GET"]}}],"collection":[{"href":"https:\/\/www.colossalstore.es\/en\/wp-json\/wp\/v2\/product"}],"about":[{"href":"https:\/\/www.colossalstore.es\/en\/wp-json\/wp\/v2\/types\/product"}],"replies":[{"embeddable":true,"href":"https:\/\/www.colossalstore.es\/en\/wp-json\/wp\/v2\/comments?post=2238"}],"wp:featuredmedia":[{"embeddable":true,"href":"https:\/\/www.colossalstore.es\/en\/wp-json\/wp\/v2\/media\/2239"}],"wp:attachment":[{"href":"https:\/\/www.colossalstore.es\/en\/wp-json\/wp\/v2\/media?parent=2238"}],"wp:term":[{"taxonomy":"product_brand","embeddable":true,"href":"https:\/\/www.colossalstore.es\/en\/wp-json\/wp\/v2\/product_brand?post=2238"},{"taxonomy":"product_cat","embeddable":true,"href":"https:\/\/www.colossalstore.es\/en\/wp-json\/wp\/v2\/product_cat?post=2238"},{"taxonomy":"product_tag","embeddable":true,"href":"https:\/\/www.colossalstore.es\/en\/wp-json\/wp\/v2\/product_tag?post=2238"}],"curies":[{"name":"wp","href":"https:\/\/api.w.org\/{rel}","templated":true}]}}