{"id":2232,"date":"2022-10-19T18:36:05","date_gmt":"2022-10-19T16:36:05","guid":{"rendered":"https:\/\/colossalstore.es\/?post_type=product&#038;p=2232"},"modified":"2025-09-24T12:56:00","modified_gmt":"2025-09-24T10:56:00","slug":"fire-force-25","status":"publish","type":"product","link":"https:\/\/www.colossalstore.es\/en\/tienda\/manga\/fire-force-25\/","title":{"rendered":"FIRE FORCE 25"},"content":{"rendered":"<p>Fire Force 25 (Atsushi Ohkubo)<\/p>\n<p>A gigantic \u201cInfernal\u201d appears in the sea next to a mysterious pillar, threatening unprecedented destruction. Meanwhile, the Church of the Sacred Sun has celebrated its last mass before making final preparations for the great catastrophe. For its part, Shinra witnesses something most shocking through an unexpected Adora Link. What is the truth behind the great catastrophe and what future awaits humanity?<\/p>","protected":false},"excerpt":{"rendered":"<p>Fire Force 25 (Atsushi Ohkubo) Un \u201cInfernal\u201d gigantesco aparece en el mar junto a un misterioso pilar, amenazando con una destrucci\u00f3n sin precedentes. Mientras tanto, la Iglesia del Sol Sagrado ha celebrado su \u00faltima misa antes de llevar a cabo los \u00faltimos preparativos para la gran cat\u00e1strofe. Por su parte, Shinra presencia algo de lo [&hellip;]<\/p>","protected":false},"featured_media":2233,"comment_status":"open","ping_status":"closed","template":"","meta":{"_joinchat":[]},"product_brand":[],"product_cat":[32],"product_tag":[],"class_list":{"0":"post-2232","1":"product","2":"type-product","3":"status-publish","4":"has-post-thumbnail","6":"product_cat-manga","8":"first","9":"outofstock","10":"sale","11":"taxable","12":"shipping-taxable","13":"purchasable","14":"product-type-simple"},"yoast_head":"<!-- This site is optimized with the Yoast SEO plugin v25.7 - https:\/\/yoast.com\/wordpress\/plugins\/seo\/ -->\n<title>Fire Force 25 (Atsushi Ohkubo) | Colossal Store<\/title>\n<meta name=\"description\" content=\"Fire Force 25 (Atsushi Ohkubo) Un \u201cInfernal\u201d gigantesco aparece en el mar junto a un misterioso pilar, amenazando con una destrucci\u00f3n sin precedentes. Mientras tanto, la Iglesia del Sol Sagrado ha celebrado su \u00faltima misa antes de llevar a cabo los \u00faltimos preparativos para la gran cat\u00e1strofe. Por su parte, Shinra presencia algo de lo m\u00e1s impactante a trav\u00e9s de un inesperado Adora Link. \u00bfCu\u00e1l es la verdad tras la gran cat\u00e1strofe y qu\u00e9 futuro le espera a la humanidad?\" \/>\n<meta name=\"robots\" content=\"index, follow, max-snippet:-1, max-image-preview:large, max-video-preview:-1\" \/>\n<link rel=\"canonical\" href=\"https:\/\/www.colossalstore.es\/en\/tienda\/manga\/fire-force-25\/\" \/>\n<meta property=\"og:locale\" content=\"en_US\" \/>\n<meta property=\"og:type\" content=\"article\" \/>\n<meta property=\"og:title\" content=\"Fire Force 25 (Atsushi Ohkubo) | Colossal Store\" \/>\n<meta property=\"og:description\" content=\"Fire Force 25 (Atsushi Ohkubo) Un \u201cInfernal\u201d gigantesco aparece en el mar junto a un misterioso pilar, amenazando con una destrucci\u00f3n sin precedentes. Mientras tanto, la Iglesia del Sol Sagrado ha celebrado su \u00faltima misa antes de llevar a cabo los \u00faltimos preparativos para la gran cat\u00e1strofe. Por su parte, Shinra presencia algo de lo m\u00e1s impactante a trav\u00e9s de un inesperado Adora Link. \u00bfCu\u00e1l es la verdad tras la gran cat\u00e1strofe y qu\u00e9 futuro le espera a la humanidad?\" \/>\n<meta property=\"og:url\" content=\"https:\/\/www.colossalstore.es\/en\/tienda\/manga\/fire-force-25\/\" \/>\n<meta property=\"og:site_name\" content=\"Colossal Store\" \/>\n<meta property=\"article:modified_time\" content=\"2025-09-24T10:56:00+00:00\" \/>\n<meta property=\"og:image\" content=\"https:\/\/www.colossalstore.es\/wp-content\/uploads\/2022\/10\/a5e13f96768f30f71705bbbc80f6509e8b5eb34a.jpeg\" \/>\n\t<meta property=\"og:image:width\" content=\"1200\" \/>\n\t<meta property=\"og:image:height\" content=\"1827\" \/>\n\t<meta property=\"og:image:type\" content=\"image\/jpeg\" \/>\n<meta name=\"twitter:card\" content=\"summary_large_image\" \/>\n<meta name=\"twitter:site\" content=\"@Colossal_Store\" \/>\n<meta name=\"twitter:label1\" content=\"Est. reading time\" \/>\n\t<meta name=\"twitter:data1\" content=\"1 minute\" \/>\n<script type=\"application\/ld+json\" class=\"yoast-schema-graph\">{\"@context\":\"https:\/\/schema.org\",\"@graph\":[{\"@type\":\"WebPage\",\"@id\":\"https:\/\/www.colossalstore.es\/tienda\/manga\/fire-force-25\/\",\"url\":\"https:\/\/www.colossalstore.es\/tienda\/manga\/fire-force-25\/\",\"name\":\"Fire Force 25 (Atsushi Ohkubo) | Colossal Store\",\"isPartOf\":{\"@id\":\"https:\/\/www.colossalstore.es\/#website\"},\"primaryImageOfPage\":{\"@id\":\"https:\/\/www.colossalstore.es\/tienda\/manga\/fire-force-25\/#primaryimage\"},\"image\":{\"@id\":\"https:\/\/www.colossalstore.es\/tienda\/manga\/fire-force-25\/#primaryimage\"},\"thumbnailUrl\":\"https:\/\/www.colossalstore.es\/wp-content\/uploads\/2022\/10\/a5e13f96768f30f71705bbbc80f6509e8b5eb34a.jpeg\",\"datePublished\":\"2022-10-19T16:36:05+00:00\",\"dateModified\":\"2025-09-24T10:56:00+00:00\",\"description\":\"Fire Force 25 (Atsushi Ohkubo) Un \u201cInfernal\u201d gigantesco aparece en el mar junto a un misterioso pilar, amenazando con una destrucci\u00f3n sin precedentes. Mientras tanto, la Iglesia del Sol Sagrado ha celebrado su \u00faltima misa antes de llevar a cabo los \u00faltimos preparativos para la gran cat\u00e1strofe. Por su parte, Shinra presencia algo de lo m\u00e1s impactante a trav\u00e9s de un inesperado Adora Link. \u00bfCu\u00e1l es la verdad tras la gran cat\u00e1strofe y qu\u00e9 futuro le espera a la humanidad?\",\"breadcrumb\":{\"@id\":\"https:\/\/www.colossalstore.es\/tienda\/manga\/fire-force-25\/#breadcrumb\"},\"inLanguage\":\"en-US\",\"potentialAction\":[{\"@type\":\"ReadAction\",\"target\":[\"https:\/\/www.colossalstore.es\/tienda\/manga\/fire-force-25\/\"]}]},{\"@type\":\"ImageObject\",\"inLanguage\":\"en-US\",\"@id\":\"https:\/\/www.colossalstore.es\/tienda\/manga\/fire-force-25\/#primaryimage\",\"url\":\"https:\/\/www.colossalstore.es\/wp-content\/uploads\/2022\/10\/a5e13f96768f30f71705bbbc80f6509e8b5eb34a.jpeg\",\"contentUrl\":\"https:\/\/www.colossalstore.es\/wp-content\/uploads\/2022\/10\/a5e13f96768f30f71705bbbc80f6509e8b5eb34a.jpeg\",\"width\":1200,\"height\":1827},{\"@type\":\"BreadcrumbList\",\"@id\":\"https:\/\/www.colossalstore.es\/tienda\/manga\/fire-force-25\/#breadcrumb\",\"itemListElement\":[{\"@type\":\"ListItem\",\"position\":1,\"name\":\"Home\",\"item\":\"https:\/\/www.colossalstore.es\/\"},{\"@type\":\"ListItem\",\"position\":2,\"name\":\"Tienda\",\"item\":\"https:\/\/www.colossalstore.es\/tienda\/\"},{\"@type\":\"ListItem\",\"position\":3,\"name\":\"FIRE FORCE 25\"}]},{\"@type\":\"WebSite\",\"@id\":\"https:\/\/www.colossalstore.es\/#website\",\"url\":\"https:\/\/www.colossalstore.es\/\",\"name\":\"Colossal Store\",\"description\":\"Colossal Store, tienda especializada en TCGs.\",\"publisher\":{\"@id\":\"https:\/\/www.colossalstore.es\/#organization\"},\"alternateName\":\"Colossal Store\",\"potentialAction\":[{\"@type\":\"SearchAction\",\"target\":{\"@type\":\"EntryPoint\",\"urlTemplate\":\"https:\/\/www.colossalstore.es\/?s={search_term_string}\"},\"query-input\":{\"@type\":\"PropertyValueSpecification\",\"valueRequired\":true,\"valueName\":\"search_term_string\"}}],\"inLanguage\":\"en-US\"},{\"@type\":\"Organization\",\"@id\":\"https:\/\/www.colossalstore.es\/#organization\",\"name\":\"Colossal Store\",\"url\":\"https:\/\/www.colossalstore.es\/\",\"logo\":{\"@type\":\"ImageObject\",\"inLanguage\":\"en-US\",\"@id\":\"https:\/\/www.colossalstore.es\/#\/schema\/logo\/image\/\",\"url\":\"https:\/\/www.colossalstore.es\/wp-content\/uploads\/2023\/05\/Colossal_Logo-02.png\",\"contentUrl\":\"https:\/\/www.colossalstore.es\/wp-content\/uploads\/2023\/05\/Colossal_Logo-02.png\",\"width\":1181,\"height\":1181,\"caption\":\"Colossal Store\"},\"image\":{\"@id\":\"https:\/\/www.colossalstore.es\/#\/schema\/logo\/image\/\"},\"sameAs\":[\"https:\/\/x.com\/Colossal_Store\",\"https:\/\/www.instagram.com\/colossal_store_tcg\/\",\"https:\/\/www.tiktok.com\/@colossalstore\"]}]}<\/script>\n<!-- \/ Yoast SEO plugin. -->","yoast_head_json":{"title":"Fire Force 25 (Atsushi Ohkubo) | Colossal Store","description":"Fire Force 25 (Atsushi Ohkubo) Un \u201cInfernal\u201d gigantesco aparece en el mar junto a un misterioso pilar, amenazando con una destrucci\u00f3n sin precedentes. Mientras tanto, la Iglesia del Sol Sagrado ha celebrado su \u00faltima misa antes de llevar a cabo los \u00faltimos preparativos para la gran cat\u00e1strofe. Por su parte, Shinra presencia algo de lo m\u00e1s impactante a trav\u00e9s de un inesperado Adora Link. \u00bfCu\u00e1l es la verdad tras la gran cat\u00e1strofe y qu\u00e9 futuro le espera a la humanidad?","robots":{"index":"index","follow":"follow","max-snippet":"max-snippet:-1","max-image-preview":"max-image-preview:large","max-video-preview":"max-video-preview:-1"},"canonical":"https:\/\/www.colossalstore.es\/en\/tienda\/manga\/fire-force-25\/","og_locale":"en_US","og_type":"article","og_title":"Fire Force 25 (Atsushi Ohkubo) | Colossal Store","og_description":"Fire Force 25 (Atsushi Ohkubo) Un \u201cInfernal\u201d gigantesco aparece en el mar junto a un misterioso pilar, amenazando con una destrucci\u00f3n sin precedentes. Mientras tanto, la Iglesia del Sol Sagrado ha celebrado su \u00faltima misa antes de llevar a cabo los \u00faltimos preparativos para la gran cat\u00e1strofe. Por su parte, Shinra presencia algo de lo m\u00e1s impactante a trav\u00e9s de un inesperado Adora Link. \u00bfCu\u00e1l es la verdad tras la gran cat\u00e1strofe y qu\u00e9 futuro le espera a la humanidad?","og_url":"https:\/\/www.colossalstore.es\/en\/tienda\/manga\/fire-force-25\/","og_site_name":"Colossal Store","article_modified_time":"2025-09-24T10:56:00+00:00","og_image":[{"width":1200,"height":1827,"url":"https:\/\/www.colossalstore.es\/wp-content\/uploads\/2022\/10\/a5e13f96768f30f71705bbbc80f6509e8b5eb34a.jpeg","type":"image\/jpeg"}],"twitter_card":"summary_large_image","twitter_site":"@Colossal_Store","twitter_misc":{"Est. reading time":"1 minute"},"schema":{"@context":"https:\/\/schema.org","@graph":[{"@type":"WebPage","@id":"https:\/\/www.colossalstore.es\/tienda\/manga\/fire-force-25\/","url":"https:\/\/www.colossalstore.es\/tienda\/manga\/fire-force-25\/","name":"Fire Force 25 (Atsushi Ohkubo) | Colossal Store","isPartOf":{"@id":"https:\/\/www.colossalstore.es\/#website"},"primaryImageOfPage":{"@id":"https:\/\/www.colossalstore.es\/tienda\/manga\/fire-force-25\/#primaryimage"},"image":{"@id":"https:\/\/www.colossalstore.es\/tienda\/manga\/fire-force-25\/#primaryimage"},"thumbnailUrl":"https:\/\/www.colossalstore.es\/wp-content\/uploads\/2022\/10\/a5e13f96768f30f71705bbbc80f6509e8b5eb34a.jpeg","datePublished":"2022-10-19T16:36:05+00:00","dateModified":"2025-09-24T10:56:00+00:00","description":"Fire Force 25 (Atsushi Ohkubo) Un \u201cInfernal\u201d gigantesco aparece en el mar junto a un misterioso pilar, amenazando con una destrucci\u00f3n sin precedentes. Mientras tanto, la Iglesia del Sol Sagrado ha celebrado su \u00faltima misa antes de llevar a cabo los \u00faltimos preparativos para la gran cat\u00e1strofe. Por su parte, Shinra presencia algo de lo m\u00e1s impactante a trav\u00e9s de un inesperado Adora Link. \u00bfCu\u00e1l es la verdad tras la gran cat\u00e1strofe y qu\u00e9 futuro le espera a la humanidad?","breadcrumb":{"@id":"https:\/\/www.colossalstore.es\/tienda\/manga\/fire-force-25\/#breadcrumb"},"inLanguage":"en-US","potentialAction":[{"@type":"ReadAction","target":["https:\/\/www.colossalstore.es\/tienda\/manga\/fire-force-25\/"]}]},{"@type":"ImageObject","inLanguage":"en-US","@id":"https:\/\/www.colossalstore.es\/tienda\/manga\/fire-force-25\/#primaryimage","url":"https:\/\/www.colossalstore.es\/wp-content\/uploads\/2022\/10\/a5e13f96768f30f71705bbbc80f6509e8b5eb34a.jpeg","contentUrl":"https:\/\/www.colossalstore.es\/wp-content\/uploads\/2022\/10\/a5e13f96768f30f71705bbbc80f6509e8b5eb34a.jpeg","width":1200,"height":1827},{"@type":"BreadcrumbList","@id":"https:\/\/www.colossalstore.es\/tienda\/manga\/fire-force-25\/#breadcrumb","itemListElement":[{"@type":"ListItem","position":1,"name":"Home","item":"https:\/\/www.colossalstore.es\/"},{"@type":"ListItem","position":2,"name":"Tienda","item":"https:\/\/www.colossalstore.es\/tienda\/"},{"@type":"ListItem","position":3,"name":"FIRE FORCE 25"}]},{"@type":"WebSite","@id":"https:\/\/www.colossalstore.es\/#website","url":"https:\/\/www.colossalstore.es\/","name":"Colossal Store","description":"Colossal Store, store specialized in TCGs.","publisher":{"@id":"https:\/\/www.colossalstore.es\/#organization"},"alternateName":"Colossal Store","potentialAction":[{"@type":"SearchAction","target":{"@type":"EntryPoint","urlTemplate":"https:\/\/www.colossalstore.es\/?s={search_term_string}"},"query-input":{"@type":"PropertyValueSpecification","valueRequired":true,"valueName":"search_term_string"}}],"inLanguage":"en-US"},{"@type":"Organization","@id":"https:\/\/www.colossalstore.es\/#organization","name":"Colossal Store","url":"https:\/\/www.colossalstore.es\/","logo":{"@type":"ImageObject","inLanguage":"en-US","@id":"https:\/\/www.colossalstore.es\/#\/schema\/logo\/image\/","url":"https:\/\/www.colossalstore.es\/wp-content\/uploads\/2023\/05\/Colossal_Logo-02.png","contentUrl":"https:\/\/www.colossalstore.es\/wp-content\/uploads\/2023\/05\/Colossal_Logo-02.png","width":1181,"height":1181,"caption":"Colossal Store"},"image":{"@id":"https:\/\/www.colossalstore.es\/#\/schema\/logo\/image\/"},"sameAs":["https:\/\/x.com\/Colossal_Store","https:\/\/www.instagram.com\/colossal_store_tcg\/","https:\/\/www.tiktok.com\/@colossalstore"]}]}},"_links":{"self":[{"href":"https:\/\/www.colossalstore.es\/en\/wp-json\/wp\/v2\/product\/2232","targetHints":{"allow":["GET"]}}],"collection":[{"href":"https:\/\/www.colossalstore.es\/en\/wp-json\/wp\/v2\/product"}],"about":[{"href":"https:\/\/www.colossalstore.es\/en\/wp-json\/wp\/v2\/types\/product"}],"replies":[{"embeddable":true,"href":"https:\/\/www.colossalstore.es\/en\/wp-json\/wp\/v2\/comments?post=2232"}],"wp:featuredmedia":[{"embeddable":true,"href":"https:\/\/www.colossalstore.es\/en\/wp-json\/wp\/v2\/media\/2233"}],"wp:attachment":[{"href":"https:\/\/www.colossalstore.es\/en\/wp-json\/wp\/v2\/media?parent=2232"}],"wp:term":[{"taxonomy":"product_brand","embeddable":true,"href":"https:\/\/www.colossalstore.es\/en\/wp-json\/wp\/v2\/product_brand?post=2232"},{"taxonomy":"product_cat","embeddable":true,"href":"https:\/\/www.colossalstore.es\/en\/wp-json\/wp\/v2\/product_cat?post=2232"},{"taxonomy":"product_tag","embeddable":true,"href":"https:\/\/www.colossalstore.es\/en\/wp-json\/wp\/v2\/product_tag?post=2232"}],"curies":[{"name":"wp","href":"https:\/\/api.w.org\/{rel}","templated":true}]}}