{"id":2230,"date":"2022-10-19T18:34:56","date_gmt":"2022-10-19T16:34:56","guid":{"rendered":"https:\/\/colossalstore.es\/?post_type=product&#038;p=2230"},"modified":"2026-01-05T20:42:41","modified_gmt":"2026-01-05T19:42:41","slug":"fire-force-24","status":"publish","type":"product","link":"https:\/\/www.colossalstore.es\/en\/tienda\/manga\/fire-force-24\/","title":{"rendered":"FIRE FORCE 24"},"content":{"rendered":"<p>Fire Force 24 (Atsushi Ohkubo)<\/p>\n<p>Will the eighth squad, now an enemy of the Empire, manage to escape from prison? After Burns died in the Fuch\u00fb prison, where they had gone to rescue \u00d4bi, the eighth squad is in danger of being exterminated by Dragon, the executioner. But then, the mysterious Moonlight Mask comes to their rescue! Although now that the members of the eighth squad have become traitors to the Empire, their allies begin to act on their own...<\/p>","protected":false},"excerpt":{"rendered":"<p>Fire Force 24 (Atsushi Ohkubo) \u00bfLograr\u00e1 el octavo escuadr\u00f3n, ahora enemigo del Imperio, fugarse de la prisi\u00f3n? Despu\u00e9s de que Burns muriera en la prisi\u00f3n de Fuch\u00fb, a la que hab\u00edan acudido para rescatar a \u00d4bi, el octavo escuadr\u00f3n corre peligro de ser exterminado por Dragon, el verdugo. Pero entonces, \u00a1el misterioso Moonlight Mask acude [&hellip;]<\/p>","protected":false},"featured_media":2231,"comment_status":"open","ping_status":"closed","template":"","meta":{"_joinchat":[]},"product_brand":[],"product_cat":[32],"product_tag":[],"class_list":{"0":"post-2230","1":"product","2":"type-product","3":"status-publish","4":"has-post-thumbnail","6":"product_cat-manga","8":"first","9":"outofstock","10":"sale","11":"taxable","12":"shipping-taxable","13":"purchasable","14":"product-type-simple"},"yoast_head":"<!-- This site is optimized with the Yoast SEO plugin v25.7 - https:\/\/yoast.com\/wordpress\/plugins\/seo\/ -->\n<title>Fire Force 24 (Atsushi Ohkubo) | Colossal Store<\/title>\n<meta name=\"description\" content=\"Fire Force 24 (Atsushi Ohkubo) \u00bfLograr\u00e1 el octavo escuadr\u00f3n, ahora enemigo del Imperio, fugarse de la prisi\u00f3n? Despu\u00e9s de que Burns muriera en la prisi\u00f3n de Fuch\u00fb, a la que hab\u00edan acudido para rescatar a \u00d4bi, el octavo escuadr\u00f3n corre peligro de ser exterminado por Dragon, el verdugo. Pero entonces, \u00a1el misterioso Moonlight Mask acude a su rescate! Aunque ahora que los miembros del octavo escuadr\u00f3n se han convertido en los traidores del Imperio, sus aliados empiezan a actuar por su cuenta\u2026\" \/>\n<meta name=\"robots\" content=\"index, follow, max-snippet:-1, max-image-preview:large, max-video-preview:-1\" \/>\n<link rel=\"canonical\" href=\"https:\/\/www.colossalstore.es\/en\/tienda\/manga\/fire-force-24\/\" \/>\n<meta property=\"og:locale\" content=\"en_US\" \/>\n<meta property=\"og:type\" content=\"article\" \/>\n<meta property=\"og:title\" content=\"Fire Force 24 (Atsushi Ohkubo) | Colossal Store\" \/>\n<meta property=\"og:description\" content=\"Fire Force 24 (Atsushi Ohkubo) \u00bfLograr\u00e1 el octavo escuadr\u00f3n, ahora enemigo del Imperio, fugarse de la prisi\u00f3n? Despu\u00e9s de que Burns muriera en la prisi\u00f3n de Fuch\u00fb, a la que hab\u00edan acudido para rescatar a \u00d4bi, el octavo escuadr\u00f3n corre peligro de ser exterminado por Dragon, el verdugo. Pero entonces, \u00a1el misterioso Moonlight Mask acude a su rescate! Aunque ahora que los miembros del octavo escuadr\u00f3n se han convertido en los traidores del Imperio, sus aliados empiezan a actuar por su cuenta\u2026\" \/>\n<meta property=\"og:url\" content=\"https:\/\/www.colossalstore.es\/en\/tienda\/manga\/fire-force-24\/\" \/>\n<meta property=\"og:site_name\" content=\"Colossal Store\" \/>\n<meta property=\"article:modified_time\" content=\"2026-01-05T19:42:41+00:00\" \/>\n<meta property=\"og:image\" content=\"https:\/\/www.colossalstore.es\/wp-content\/uploads\/2022\/10\/71P6uvoDuHL.jpg\" \/>\n\t<meta property=\"og:image:width\" content=\"1486\" \/>\n\t<meta property=\"og:image:height\" content=\"2250\" \/>\n\t<meta property=\"og:image:type\" content=\"image\/jpeg\" \/>\n<meta name=\"twitter:card\" content=\"summary_large_image\" \/>\n<meta name=\"twitter:site\" content=\"@Colossal_Store\" \/>\n<meta name=\"twitter:label1\" content=\"Est. reading time\" \/>\n\t<meta name=\"twitter:data1\" content=\"1 minute\" \/>\n<script type=\"application\/ld+json\" class=\"yoast-schema-graph\">{\"@context\":\"https:\/\/schema.org\",\"@graph\":[{\"@type\":\"WebPage\",\"@id\":\"https:\/\/www.colossalstore.es\/tienda\/manga\/fire-force-24\/\",\"url\":\"https:\/\/www.colossalstore.es\/tienda\/manga\/fire-force-24\/\",\"name\":\"Fire Force 24 (Atsushi Ohkubo) | Colossal Store\",\"isPartOf\":{\"@id\":\"https:\/\/www.colossalstore.es\/#website\"},\"primaryImageOfPage\":{\"@id\":\"https:\/\/www.colossalstore.es\/tienda\/manga\/fire-force-24\/#primaryimage\"},\"image\":{\"@id\":\"https:\/\/www.colossalstore.es\/tienda\/manga\/fire-force-24\/#primaryimage\"},\"thumbnailUrl\":\"https:\/\/www.colossalstore.es\/wp-content\/uploads\/2022\/10\/71P6uvoDuHL.jpg\",\"datePublished\":\"2022-10-19T16:34:56+00:00\",\"dateModified\":\"2026-01-05T19:42:41+00:00\",\"description\":\"Fire Force 24 (Atsushi Ohkubo) \u00bfLograr\u00e1 el octavo escuadr\u00f3n, ahora enemigo del Imperio, fugarse de la prisi\u00f3n? Despu\u00e9s de que Burns muriera en la prisi\u00f3n de Fuch\u00fb, a la que hab\u00edan acudido para rescatar a \u00d4bi, el octavo escuadr\u00f3n corre peligro de ser exterminado por Dragon, el verdugo. Pero entonces, \u00a1el misterioso Moonlight Mask acude a su rescate! Aunque ahora que los miembros del octavo escuadr\u00f3n se han convertido en los traidores del Imperio, sus aliados empiezan a actuar por su cuenta\u2026\",\"breadcrumb\":{\"@id\":\"https:\/\/www.colossalstore.es\/tienda\/manga\/fire-force-24\/#breadcrumb\"},\"inLanguage\":\"en-US\",\"potentialAction\":[{\"@type\":\"ReadAction\",\"target\":[\"https:\/\/www.colossalstore.es\/tienda\/manga\/fire-force-24\/\"]}]},{\"@type\":\"ImageObject\",\"inLanguage\":\"en-US\",\"@id\":\"https:\/\/www.colossalstore.es\/tienda\/manga\/fire-force-24\/#primaryimage\",\"url\":\"https:\/\/www.colossalstore.es\/wp-content\/uploads\/2022\/10\/71P6uvoDuHL.jpg\",\"contentUrl\":\"https:\/\/www.colossalstore.es\/wp-content\/uploads\/2022\/10\/71P6uvoDuHL.jpg\",\"width\":1486,\"height\":2250},{\"@type\":\"BreadcrumbList\",\"@id\":\"https:\/\/www.colossalstore.es\/tienda\/manga\/fire-force-24\/#breadcrumb\",\"itemListElement\":[{\"@type\":\"ListItem\",\"position\":1,\"name\":\"Home\",\"item\":\"https:\/\/www.colossalstore.es\/\"},{\"@type\":\"ListItem\",\"position\":2,\"name\":\"Tienda\",\"item\":\"https:\/\/www.colossalstore.es\/tienda\/\"},{\"@type\":\"ListItem\",\"position\":3,\"name\":\"FIRE FORCE 24\"}]},{\"@type\":\"WebSite\",\"@id\":\"https:\/\/www.colossalstore.es\/#website\",\"url\":\"https:\/\/www.colossalstore.es\/\",\"name\":\"Colossal Store\",\"description\":\"Colossal Store, tienda especializada en TCGs.\",\"publisher\":{\"@id\":\"https:\/\/www.colossalstore.es\/#organization\"},\"alternateName\":\"Colossal Store\",\"potentialAction\":[{\"@type\":\"SearchAction\",\"target\":{\"@type\":\"EntryPoint\",\"urlTemplate\":\"https:\/\/www.colossalstore.es\/?s={search_term_string}\"},\"query-input\":{\"@type\":\"PropertyValueSpecification\",\"valueRequired\":true,\"valueName\":\"search_term_string\"}}],\"inLanguage\":\"en-US\"},{\"@type\":\"Organization\",\"@id\":\"https:\/\/www.colossalstore.es\/#organization\",\"name\":\"Colossal Store\",\"url\":\"https:\/\/www.colossalstore.es\/\",\"logo\":{\"@type\":\"ImageObject\",\"inLanguage\":\"en-US\",\"@id\":\"https:\/\/www.colossalstore.es\/#\/schema\/logo\/image\/\",\"url\":\"https:\/\/www.colossalstore.es\/wp-content\/uploads\/2023\/05\/Colossal_Logo-02.png\",\"contentUrl\":\"https:\/\/www.colossalstore.es\/wp-content\/uploads\/2023\/05\/Colossal_Logo-02.png\",\"width\":1181,\"height\":1181,\"caption\":\"Colossal Store\"},\"image\":{\"@id\":\"https:\/\/www.colossalstore.es\/#\/schema\/logo\/image\/\"},\"sameAs\":[\"https:\/\/x.com\/Colossal_Store\",\"https:\/\/www.instagram.com\/colossal_store_tcg\/\",\"https:\/\/www.tiktok.com\/@colossalstore\"]}]}<\/script>\n<!-- \/ Yoast SEO plugin. -->","yoast_head_json":{"title":"Fire Force 24 (Atsushi Ohkubo) | Colossal Store","description":"Fire Force 24 (Atsushi Ohkubo) \u00bfLograr\u00e1 el octavo escuadr\u00f3n, ahora enemigo del Imperio, fugarse de la prisi\u00f3n? Despu\u00e9s de que Burns muriera en la prisi\u00f3n de Fuch\u00fb, a la que hab\u00edan acudido para rescatar a \u00d4bi, el octavo escuadr\u00f3n corre peligro de ser exterminado por Dragon, el verdugo. Pero entonces, \u00a1el misterioso Moonlight Mask acude a su rescate! Aunque ahora que los miembros del octavo escuadr\u00f3n se han convertido en los traidores del Imperio, sus aliados empiezan a actuar por su cuenta\u2026","robots":{"index":"index","follow":"follow","max-snippet":"max-snippet:-1","max-image-preview":"max-image-preview:large","max-video-preview":"max-video-preview:-1"},"canonical":"https:\/\/www.colossalstore.es\/en\/tienda\/manga\/fire-force-24\/","og_locale":"en_US","og_type":"article","og_title":"Fire Force 24 (Atsushi Ohkubo) | Colossal Store","og_description":"Fire Force 24 (Atsushi Ohkubo) \u00bfLograr\u00e1 el octavo escuadr\u00f3n, ahora enemigo del Imperio, fugarse de la prisi\u00f3n? Despu\u00e9s de que Burns muriera en la prisi\u00f3n de Fuch\u00fb, a la que hab\u00edan acudido para rescatar a \u00d4bi, el octavo escuadr\u00f3n corre peligro de ser exterminado por Dragon, el verdugo. Pero entonces, \u00a1el misterioso Moonlight Mask acude a su rescate! Aunque ahora que los miembros del octavo escuadr\u00f3n se han convertido en los traidores del Imperio, sus aliados empiezan a actuar por su cuenta\u2026","og_url":"https:\/\/www.colossalstore.es\/en\/tienda\/manga\/fire-force-24\/","og_site_name":"Colossal Store","article_modified_time":"2026-01-05T19:42:41+00:00","og_image":[{"width":1486,"height":2250,"url":"https:\/\/www.colossalstore.es\/wp-content\/uploads\/2022\/10\/71P6uvoDuHL.jpg","type":"image\/jpeg"}],"twitter_card":"summary_large_image","twitter_site":"@Colossal_Store","twitter_misc":{"Est. reading time":"1 minute"},"schema":{"@context":"https:\/\/schema.org","@graph":[{"@type":"WebPage","@id":"https:\/\/www.colossalstore.es\/tienda\/manga\/fire-force-24\/","url":"https:\/\/www.colossalstore.es\/tienda\/manga\/fire-force-24\/","name":"Fire Force 24 (Atsushi Ohkubo) | Colossal Store","isPartOf":{"@id":"https:\/\/www.colossalstore.es\/#website"},"primaryImageOfPage":{"@id":"https:\/\/www.colossalstore.es\/tienda\/manga\/fire-force-24\/#primaryimage"},"image":{"@id":"https:\/\/www.colossalstore.es\/tienda\/manga\/fire-force-24\/#primaryimage"},"thumbnailUrl":"https:\/\/www.colossalstore.es\/wp-content\/uploads\/2022\/10\/71P6uvoDuHL.jpg","datePublished":"2022-10-19T16:34:56+00:00","dateModified":"2026-01-05T19:42:41+00:00","description":"Fire Force 24 (Atsushi Ohkubo) \u00bfLograr\u00e1 el octavo escuadr\u00f3n, ahora enemigo del Imperio, fugarse de la prisi\u00f3n? Despu\u00e9s de que Burns muriera en la prisi\u00f3n de Fuch\u00fb, a la que hab\u00edan acudido para rescatar a \u00d4bi, el octavo escuadr\u00f3n corre peligro de ser exterminado por Dragon, el verdugo. Pero entonces, \u00a1el misterioso Moonlight Mask acude a su rescate! Aunque ahora que los miembros del octavo escuadr\u00f3n se han convertido en los traidores del Imperio, sus aliados empiezan a actuar por su cuenta\u2026","breadcrumb":{"@id":"https:\/\/www.colossalstore.es\/tienda\/manga\/fire-force-24\/#breadcrumb"},"inLanguage":"en-US","potentialAction":[{"@type":"ReadAction","target":["https:\/\/www.colossalstore.es\/tienda\/manga\/fire-force-24\/"]}]},{"@type":"ImageObject","inLanguage":"en-US","@id":"https:\/\/www.colossalstore.es\/tienda\/manga\/fire-force-24\/#primaryimage","url":"https:\/\/www.colossalstore.es\/wp-content\/uploads\/2022\/10\/71P6uvoDuHL.jpg","contentUrl":"https:\/\/www.colossalstore.es\/wp-content\/uploads\/2022\/10\/71P6uvoDuHL.jpg","width":1486,"height":2250},{"@type":"BreadcrumbList","@id":"https:\/\/www.colossalstore.es\/tienda\/manga\/fire-force-24\/#breadcrumb","itemListElement":[{"@type":"ListItem","position":1,"name":"Home","item":"https:\/\/www.colossalstore.es\/"},{"@type":"ListItem","position":2,"name":"Tienda","item":"https:\/\/www.colossalstore.es\/tienda\/"},{"@type":"ListItem","position":3,"name":"FIRE FORCE 24"}]},{"@type":"WebSite","@id":"https:\/\/www.colossalstore.es\/#website","url":"https:\/\/www.colossalstore.es\/","name":"Colossal Store","description":"Colossal Store, store specialized in TCGs.","publisher":{"@id":"https:\/\/www.colossalstore.es\/#organization"},"alternateName":"Colossal Store","potentialAction":[{"@type":"SearchAction","target":{"@type":"EntryPoint","urlTemplate":"https:\/\/www.colossalstore.es\/?s={search_term_string}"},"query-input":{"@type":"PropertyValueSpecification","valueRequired":true,"valueName":"search_term_string"}}],"inLanguage":"en-US"},{"@type":"Organization","@id":"https:\/\/www.colossalstore.es\/#organization","name":"Colossal Store","url":"https:\/\/www.colossalstore.es\/","logo":{"@type":"ImageObject","inLanguage":"en-US","@id":"https:\/\/www.colossalstore.es\/#\/schema\/logo\/image\/","url":"https:\/\/www.colossalstore.es\/wp-content\/uploads\/2023\/05\/Colossal_Logo-02.png","contentUrl":"https:\/\/www.colossalstore.es\/wp-content\/uploads\/2023\/05\/Colossal_Logo-02.png","width":1181,"height":1181,"caption":"Colossal Store"},"image":{"@id":"https:\/\/www.colossalstore.es\/#\/schema\/logo\/image\/"},"sameAs":["https:\/\/x.com\/Colossal_Store","https:\/\/www.instagram.com\/colossal_store_tcg\/","https:\/\/www.tiktok.com\/@colossalstore"]}]}},"_links":{"self":[{"href":"https:\/\/www.colossalstore.es\/en\/wp-json\/wp\/v2\/product\/2230","targetHints":{"allow":["GET"]}}],"collection":[{"href":"https:\/\/www.colossalstore.es\/en\/wp-json\/wp\/v2\/product"}],"about":[{"href":"https:\/\/www.colossalstore.es\/en\/wp-json\/wp\/v2\/types\/product"}],"replies":[{"embeddable":true,"href":"https:\/\/www.colossalstore.es\/en\/wp-json\/wp\/v2\/comments?post=2230"}],"wp:featuredmedia":[{"embeddable":true,"href":"https:\/\/www.colossalstore.es\/en\/wp-json\/wp\/v2\/media\/2231"}],"wp:attachment":[{"href":"https:\/\/www.colossalstore.es\/en\/wp-json\/wp\/v2\/media?parent=2230"}],"wp:term":[{"taxonomy":"product_brand","embeddable":true,"href":"https:\/\/www.colossalstore.es\/en\/wp-json\/wp\/v2\/product_brand?post=2230"},{"taxonomy":"product_cat","embeddable":true,"href":"https:\/\/www.colossalstore.es\/en\/wp-json\/wp\/v2\/product_cat?post=2230"},{"taxonomy":"product_tag","embeddable":true,"href":"https:\/\/www.colossalstore.es\/en\/wp-json\/wp\/v2\/product_tag?post=2230"}],"curies":[{"name":"wp","href":"https:\/\/api.w.org\/{rel}","templated":true}]}}