{"id":2228,"date":"2022-10-19T18:33:57","date_gmt":"2022-10-19T16:33:57","guid":{"rendered":"https:\/\/colossalstore.es\/?post_type=product&#038;p=2228"},"modified":"2026-01-05T20:42:34","modified_gmt":"2026-01-05T19:42:34","slug":"fire-force-02","status":"publish","type":"product","link":"https:\/\/www.colossalstore.es\/en\/tienda\/manga\/fire-force-02\/","title":{"rendered":"FIRE FORCE 2 ESPA\u00d1OL"},"content":{"rendered":"<p>Fire Force 2 (Atsushi Ohkubo)<\/p>\n<p>A mysterious man infiltrates the rookie competition, and after attacking some firefighters, he explains to Shinra the surprising truth about the fire that took away his family. Besides, Commander \u00d4bi tells him what the true objective of the eighth squadron is. So, it seems that Shinra&#039;s unknowns are becoming clearer...<\/p>","protected":false},"excerpt":{"rendered":"<p>Fire Force 2 (Atsushi Ohkubo) Un hombre misterioso se infiltra en la competici\u00f3n para novatos, y tras atacar a unos bomberos, le explica a Shinra la sorprendente verdad sobre el incendio que le arrebat\u00f3 a su familia. Aparte, el comandante \u00d4bi le cuenta cu\u00e1l es el verdadero objetivo del octavo escuadr\u00f3n. As\u00ed pues, parece que [&hellip;]<\/p>","protected":false},"featured_media":2229,"comment_status":"open","ping_status":"closed","template":"","meta":{"_joinchat":[]},"product_brand":[],"product_cat":[32],"product_tag":[],"class_list":{"0":"post-2228","1":"product","2":"type-product","3":"status-publish","4":"has-post-thumbnail","6":"product_cat-manga","8":"first","9":"outofstock","10":"sale","11":"taxable","12":"shipping-taxable","13":"purchasable","14":"product-type-simple"},"yoast_head":"<!-- This site is optimized with the Yoast SEO plugin v25.7 - https:\/\/yoast.com\/wordpress\/plugins\/seo\/ -->\n<title>Fire Force 2 (Atsushi Ohkubo) | Colossal Store<\/title>\n<meta name=\"description\" content=\"Fire Force 2 (Atsushi Ohkubo) Un hombre misterioso se infiltra en la competici\u00f3n para novatos, y tras atacar a unos bomberos, le explica a Shinra la sorprendente verdad sobre el incendio que le arrebat\u00f3 a su familia. Aparte, el comandante \u00d4bi le cuenta cu\u00e1l es el verdadero objetivo del octavo escuadr\u00f3n. As\u00ed pues, parece que las inc\u00f3gnitas de Shinra se van despejando...\" \/>\n<meta name=\"robots\" content=\"index, follow, max-snippet:-1, max-image-preview:large, max-video-preview:-1\" \/>\n<link rel=\"canonical\" href=\"https:\/\/www.colossalstore.es\/en\/tienda\/manga\/fire-force-02\/\" \/>\n<meta property=\"og:locale\" content=\"en_US\" \/>\n<meta property=\"og:type\" content=\"article\" \/>\n<meta property=\"og:title\" content=\"Fire Force 2 (Atsushi Ohkubo) | Colossal Store\" \/>\n<meta property=\"og:description\" content=\"Fire Force 2 (Atsushi Ohkubo) Un hombre misterioso se infiltra en la competici\u00f3n para novatos, y tras atacar a unos bomberos, le explica a Shinra la sorprendente verdad sobre el incendio que le arrebat\u00f3 a su familia. Aparte, el comandante \u00d4bi le cuenta cu\u00e1l es el verdadero objetivo del octavo escuadr\u00f3n. As\u00ed pues, parece que las inc\u00f3gnitas de Shinra se van despejando...\" \/>\n<meta property=\"og:url\" content=\"https:\/\/www.colossalstore.es\/en\/tienda\/manga\/fire-force-02\/\" \/>\n<meta property=\"og:site_name\" content=\"Colossal Store\" \/>\n<meta property=\"article:modified_time\" content=\"2026-01-05T19:42:34+00:00\" \/>\n<meta property=\"og:image\" content=\"https:\/\/www.colossalstore.es\/wp-content\/uploads\/2022\/10\/4027dfed840c2c2382fb65ec184dfbf4029cda5f.jpeg\" \/>\n\t<meta property=\"og:image:width\" content=\"392\" \/>\n\t<meta property=\"og:image:height\" content=\"600\" \/>\n\t<meta property=\"og:image:type\" content=\"image\/jpeg\" \/>\n<meta name=\"twitter:card\" content=\"summary_large_image\" \/>\n<meta name=\"twitter:site\" content=\"@Colossal_Store\" \/>\n<meta name=\"twitter:label1\" content=\"Est. reading time\" \/>\n\t<meta name=\"twitter:data1\" content=\"1 minute\" \/>\n<script type=\"application\/ld+json\" class=\"yoast-schema-graph\">{\"@context\":\"https:\/\/schema.org\",\"@graph\":[{\"@type\":\"WebPage\",\"@id\":\"https:\/\/www.colossalstore.es\/tienda\/manga\/fire-force-02\/\",\"url\":\"https:\/\/www.colossalstore.es\/tienda\/manga\/fire-force-02\/\",\"name\":\"Fire Force 2 (Atsushi Ohkubo) | Colossal Store\",\"isPartOf\":{\"@id\":\"https:\/\/www.colossalstore.es\/#website\"},\"primaryImageOfPage\":{\"@id\":\"https:\/\/www.colossalstore.es\/tienda\/manga\/fire-force-02\/#primaryimage\"},\"image\":{\"@id\":\"https:\/\/www.colossalstore.es\/tienda\/manga\/fire-force-02\/#primaryimage\"},\"thumbnailUrl\":\"https:\/\/www.colossalstore.es\/wp-content\/uploads\/2022\/10\/4027dfed840c2c2382fb65ec184dfbf4029cda5f.jpeg\",\"datePublished\":\"2022-10-19T16:33:57+00:00\",\"dateModified\":\"2026-01-05T19:42:34+00:00\",\"description\":\"Fire Force 2 (Atsushi Ohkubo) Un hombre misterioso se infiltra en la competici\u00f3n para novatos, y tras atacar a unos bomberos, le explica a Shinra la sorprendente verdad sobre el incendio que le arrebat\u00f3 a su familia. Aparte, el comandante \u00d4bi le cuenta cu\u00e1l es el verdadero objetivo del octavo escuadr\u00f3n. As\u00ed pues, parece que las inc\u00f3gnitas de Shinra se van despejando...\",\"breadcrumb\":{\"@id\":\"https:\/\/www.colossalstore.es\/tienda\/manga\/fire-force-02\/#breadcrumb\"},\"inLanguage\":\"en-US\",\"potentialAction\":[{\"@type\":\"ReadAction\",\"target\":[\"https:\/\/www.colossalstore.es\/tienda\/manga\/fire-force-02\/\"]}]},{\"@type\":\"ImageObject\",\"inLanguage\":\"en-US\",\"@id\":\"https:\/\/www.colossalstore.es\/tienda\/manga\/fire-force-02\/#primaryimage\",\"url\":\"https:\/\/www.colossalstore.es\/wp-content\/uploads\/2022\/10\/4027dfed840c2c2382fb65ec184dfbf4029cda5f.jpeg\",\"contentUrl\":\"https:\/\/www.colossalstore.es\/wp-content\/uploads\/2022\/10\/4027dfed840c2c2382fb65ec184dfbf4029cda5f.jpeg\",\"width\":392,\"height\":600},{\"@type\":\"BreadcrumbList\",\"@id\":\"https:\/\/www.colossalstore.es\/tienda\/manga\/fire-force-02\/#breadcrumb\",\"itemListElement\":[{\"@type\":\"ListItem\",\"position\":1,\"name\":\"Home\",\"item\":\"https:\/\/www.colossalstore.es\/\"},{\"@type\":\"ListItem\",\"position\":2,\"name\":\"Tienda\",\"item\":\"https:\/\/www.colossalstore.es\/tienda\/\"},{\"@type\":\"ListItem\",\"position\":3,\"name\":\"FIRE FORCE 2 ESPA\u00d1OL\"}]},{\"@type\":\"WebSite\",\"@id\":\"https:\/\/www.colossalstore.es\/#website\",\"url\":\"https:\/\/www.colossalstore.es\/\",\"name\":\"Colossal Store\",\"description\":\"Colossal Store, tienda especializada en TCGs.\",\"publisher\":{\"@id\":\"https:\/\/www.colossalstore.es\/#organization\"},\"alternateName\":\"Colossal Store\",\"potentialAction\":[{\"@type\":\"SearchAction\",\"target\":{\"@type\":\"EntryPoint\",\"urlTemplate\":\"https:\/\/www.colossalstore.es\/?s={search_term_string}\"},\"query-input\":{\"@type\":\"PropertyValueSpecification\",\"valueRequired\":true,\"valueName\":\"search_term_string\"}}],\"inLanguage\":\"en-US\"},{\"@type\":\"Organization\",\"@id\":\"https:\/\/www.colossalstore.es\/#organization\",\"name\":\"Colossal Store\",\"url\":\"https:\/\/www.colossalstore.es\/\",\"logo\":{\"@type\":\"ImageObject\",\"inLanguage\":\"en-US\",\"@id\":\"https:\/\/www.colossalstore.es\/#\/schema\/logo\/image\/\",\"url\":\"https:\/\/www.colossalstore.es\/wp-content\/uploads\/2023\/05\/Colossal_Logo-02.png\",\"contentUrl\":\"https:\/\/www.colossalstore.es\/wp-content\/uploads\/2023\/05\/Colossal_Logo-02.png\",\"width\":1181,\"height\":1181,\"caption\":\"Colossal Store\"},\"image\":{\"@id\":\"https:\/\/www.colossalstore.es\/#\/schema\/logo\/image\/\"},\"sameAs\":[\"https:\/\/x.com\/Colossal_Store\",\"https:\/\/www.instagram.com\/colossal_store_tcg\/\",\"https:\/\/www.tiktok.com\/@colossalstore\"]}]}<\/script>\n<!-- \/ Yoast SEO plugin. -->","yoast_head_json":{"title":"Fire Force 2 (Atsushi Ohkubo) | Colossal Store","description":"Fire Force 2 (Atsushi Ohkubo) Un hombre misterioso se infiltra en la competici\u00f3n para novatos, y tras atacar a unos bomberos, le explica a Shinra la sorprendente verdad sobre el incendio que le arrebat\u00f3 a su familia. Aparte, el comandante \u00d4bi le cuenta cu\u00e1l es el verdadero objetivo del octavo escuadr\u00f3n. As\u00ed pues, parece que las inc\u00f3gnitas de Shinra se van despejando...","robots":{"index":"index","follow":"follow","max-snippet":"max-snippet:-1","max-image-preview":"max-image-preview:large","max-video-preview":"max-video-preview:-1"},"canonical":"https:\/\/www.colossalstore.es\/en\/tienda\/manga\/fire-force-02\/","og_locale":"en_US","og_type":"article","og_title":"Fire Force 2 (Atsushi Ohkubo) | Colossal Store","og_description":"Fire Force 2 (Atsushi Ohkubo) Un hombre misterioso se infiltra en la competici\u00f3n para novatos, y tras atacar a unos bomberos, le explica a Shinra la sorprendente verdad sobre el incendio que le arrebat\u00f3 a su familia. Aparte, el comandante \u00d4bi le cuenta cu\u00e1l es el verdadero objetivo del octavo escuadr\u00f3n. As\u00ed pues, parece que las inc\u00f3gnitas de Shinra se van despejando...","og_url":"https:\/\/www.colossalstore.es\/en\/tienda\/manga\/fire-force-02\/","og_site_name":"Colossal Store","article_modified_time":"2026-01-05T19:42:34+00:00","og_image":[{"width":392,"height":600,"url":"https:\/\/www.colossalstore.es\/wp-content\/uploads\/2022\/10\/4027dfed840c2c2382fb65ec184dfbf4029cda5f.jpeg","type":"image\/jpeg"}],"twitter_card":"summary_large_image","twitter_site":"@Colossal_Store","twitter_misc":{"Est. reading time":"1 minute"},"schema":{"@context":"https:\/\/schema.org","@graph":[{"@type":"WebPage","@id":"https:\/\/www.colossalstore.es\/tienda\/manga\/fire-force-02\/","url":"https:\/\/www.colossalstore.es\/tienda\/manga\/fire-force-02\/","name":"Fire Force 2 (Atsushi Ohkubo) | Colossal Store","isPartOf":{"@id":"https:\/\/www.colossalstore.es\/#website"},"primaryImageOfPage":{"@id":"https:\/\/www.colossalstore.es\/tienda\/manga\/fire-force-02\/#primaryimage"},"image":{"@id":"https:\/\/www.colossalstore.es\/tienda\/manga\/fire-force-02\/#primaryimage"},"thumbnailUrl":"https:\/\/www.colossalstore.es\/wp-content\/uploads\/2022\/10\/4027dfed840c2c2382fb65ec184dfbf4029cda5f.jpeg","datePublished":"2022-10-19T16:33:57+00:00","dateModified":"2026-01-05T19:42:34+00:00","description":"Fire Force 2 (Atsushi Ohkubo) Un hombre misterioso se infiltra en la competici\u00f3n para novatos, y tras atacar a unos bomberos, le explica a Shinra la sorprendente verdad sobre el incendio que le arrebat\u00f3 a su familia. Aparte, el comandante \u00d4bi le cuenta cu\u00e1l es el verdadero objetivo del octavo escuadr\u00f3n. As\u00ed pues, parece que las inc\u00f3gnitas de Shinra se van despejando...","breadcrumb":{"@id":"https:\/\/www.colossalstore.es\/tienda\/manga\/fire-force-02\/#breadcrumb"},"inLanguage":"en-US","potentialAction":[{"@type":"ReadAction","target":["https:\/\/www.colossalstore.es\/tienda\/manga\/fire-force-02\/"]}]},{"@type":"ImageObject","inLanguage":"en-US","@id":"https:\/\/www.colossalstore.es\/tienda\/manga\/fire-force-02\/#primaryimage","url":"https:\/\/www.colossalstore.es\/wp-content\/uploads\/2022\/10\/4027dfed840c2c2382fb65ec184dfbf4029cda5f.jpeg","contentUrl":"https:\/\/www.colossalstore.es\/wp-content\/uploads\/2022\/10\/4027dfed840c2c2382fb65ec184dfbf4029cda5f.jpeg","width":392,"height":600},{"@type":"BreadcrumbList","@id":"https:\/\/www.colossalstore.es\/tienda\/manga\/fire-force-02\/#breadcrumb","itemListElement":[{"@type":"ListItem","position":1,"name":"Home","item":"https:\/\/www.colossalstore.es\/"},{"@type":"ListItem","position":2,"name":"Tienda","item":"https:\/\/www.colossalstore.es\/tienda\/"},{"@type":"ListItem","position":3,"name":"FIRE FORCE 2 ESPA\u00d1OL"}]},{"@type":"WebSite","@id":"https:\/\/www.colossalstore.es\/#website","url":"https:\/\/www.colossalstore.es\/","name":"Colossal Store","description":"Colossal Store, store specialized in TCGs.","publisher":{"@id":"https:\/\/www.colossalstore.es\/#organization"},"alternateName":"Colossal Store","potentialAction":[{"@type":"SearchAction","target":{"@type":"EntryPoint","urlTemplate":"https:\/\/www.colossalstore.es\/?s={search_term_string}"},"query-input":{"@type":"PropertyValueSpecification","valueRequired":true,"valueName":"search_term_string"}}],"inLanguage":"en-US"},{"@type":"Organization","@id":"https:\/\/www.colossalstore.es\/#organization","name":"Colossal Store","url":"https:\/\/www.colossalstore.es\/","logo":{"@type":"ImageObject","inLanguage":"en-US","@id":"https:\/\/www.colossalstore.es\/#\/schema\/logo\/image\/","url":"https:\/\/www.colossalstore.es\/wp-content\/uploads\/2023\/05\/Colossal_Logo-02.png","contentUrl":"https:\/\/www.colossalstore.es\/wp-content\/uploads\/2023\/05\/Colossal_Logo-02.png","width":1181,"height":1181,"caption":"Colossal Store"},"image":{"@id":"https:\/\/www.colossalstore.es\/#\/schema\/logo\/image\/"},"sameAs":["https:\/\/x.com\/Colossal_Store","https:\/\/www.instagram.com\/colossal_store_tcg\/","https:\/\/www.tiktok.com\/@colossalstore"]}]}},"_links":{"self":[{"href":"https:\/\/www.colossalstore.es\/en\/wp-json\/wp\/v2\/product\/2228","targetHints":{"allow":["GET"]}}],"collection":[{"href":"https:\/\/www.colossalstore.es\/en\/wp-json\/wp\/v2\/product"}],"about":[{"href":"https:\/\/www.colossalstore.es\/en\/wp-json\/wp\/v2\/types\/product"}],"replies":[{"embeddable":true,"href":"https:\/\/www.colossalstore.es\/en\/wp-json\/wp\/v2\/comments?post=2228"}],"wp:featuredmedia":[{"embeddable":true,"href":"https:\/\/www.colossalstore.es\/en\/wp-json\/wp\/v2\/media\/2229"}],"wp:attachment":[{"href":"https:\/\/www.colossalstore.es\/en\/wp-json\/wp\/v2\/media?parent=2228"}],"wp:term":[{"taxonomy":"product_brand","embeddable":true,"href":"https:\/\/www.colossalstore.es\/en\/wp-json\/wp\/v2\/product_brand?post=2228"},{"taxonomy":"product_cat","embeddable":true,"href":"https:\/\/www.colossalstore.es\/en\/wp-json\/wp\/v2\/product_cat?post=2228"},{"taxonomy":"product_tag","embeddable":true,"href":"https:\/\/www.colossalstore.es\/en\/wp-json\/wp\/v2\/product_tag?post=2228"}],"curies":[{"name":"wp","href":"https:\/\/api.w.org\/{rel}","templated":true}]}}