{"id":1775,"date":"2022-10-06T20:28:38","date_gmt":"2022-10-06T18:28:38","guid":{"rendered":"https:\/\/colossalstore.es\/?post_type=product&#038;p=1775"},"modified":"2026-01-05T20:40:45","modified_gmt":"2026-01-05T19:40:45","slug":"miss-kobayashis-dragon-maid-01","status":"publish","type":"product","link":"https:\/\/www.colossalstore.es\/en\/tienda\/manga\/miss-kobayashis-dragon-maid-01\/","title":{"rendered":"MISS KOBAYASHI&#8217;S DRAGON MAID 01"},"content":{"rendered":"<p>Miss Kobayashi&#039;s Dragon Maid 1 (Coolkyou)<\/p>\n<p>Kobayashi is a 25-year-old programmer who lives a dull life that revolves around her work. One day, after work, she ends up drunk as a skunk, goes to the mountains and meets and helps a dragon named Tohru who comes from another world. The next day, Tohru shows up at her house and takes human form, offering herself as her servant in gratitude. Although she is reluctant at first, her hard and antisocial heart softens and she decides to accept her because she has nowhere else to go. Both her dragon form and her dedication as a servant seem to suit Kobayashi&#039;s needs, but they also end up getting her into more than one mess and bringing one problem after another. Although their relationship becomes closer and Tohru is deeply in love with Kobayashi, her presence does not stop attracting other dragons to our world that end up turning our programmer&#039;s dull life upside down. Boredom is over, and how!<\/p>","protected":false},"excerpt":{"rendered":"<p>Miss Kobayashi&#8217;s Dragon Maid 1 (Coolkyou) Kobayashi es una programadora de 25 a\u00f1os que vive una vida anodina que gira pr\u00e1cticamente en torno a su trabajo. Un d\u00eda, despu\u00e9s del curro, acaba borracha como una cuba, se va a la monta\u00f1a y conoce y ayuda a una dragona llamada Tohru que viene de otro mundo. [&hellip;]<\/p>","protected":false},"featured_media":1776,"comment_status":"open","ping_status":"closed","template":"","meta":{"_joinchat":[]},"product_brand":[],"product_cat":[32],"product_tag":[],"class_list":{"0":"post-1775","1":"product","2":"type-product","3":"status-publish","4":"has-post-thumbnail","6":"product_cat-manga","8":"first","9":"outofstock","10":"sale","11":"taxable","12":"shipping-taxable","13":"purchasable","14":"product-type-simple"},"yoast_head":"<!-- This site is optimized with the Yoast SEO plugin v25.7 - https:\/\/yoast.com\/wordpress\/plugins\/seo\/ -->\n<title>Miss Kobayashi&#039;s Dragon Maid 1 (Coolkyou) | Colossal Store<\/title>\n<meta name=\"description\" content=\"Miss Kobayashi&#039;s Dragon Maid 1 (Coolkyou): Kobayashi es una programadora de 25 a\u00f1os que vive una vida anodina que gira pr\u00e1cticamente en torno a su trabajo. Un d\u00eda, despu\u00e9s del curro, acaba borracha como una cuba, se va a la monta\u00f1a y conoce y ayuda a una dragona llamada Tohru que viene de otro mundo. Al d\u00eda siguiente, Tohru se presenta en su casa y adopta forma humana, ofreci\u00e9ndose como su sirvienta en agradecimiento. Aunque al principio se muestra reticente, su duro y asocial coraz\u00f3n se ablanda y decide aceptarla porque no tiene ad\u00f3nde ir. Tanto su forma de drag\u00f3n, como su dedicaci\u00f3n como sirvienta parecen de lo m\u00e1s convenientes a las necesidades de Kobayashi, pero tambi\u00e9n la acaban metiendo en m\u00e1s de un l\u00edo y trayendo un problema tras otro. Aunque su relaci\u00f3n se vuelve m\u00e1s cercana y Tohru est\u00e1 enamorad\u00edsima de Kobayashi, su presencia no para de atraer a nuestro mundo a otros dragones que acaban poniendo patas arriba la insulsa vida de nuestra programadora. El aburrimiento se ha acabado, y de qu\u00e9 manera!\" \/>\n<meta name=\"robots\" content=\"index, follow, max-snippet:-1, max-image-preview:large, max-video-preview:-1\" \/>\n<link rel=\"canonical\" href=\"https:\/\/www.colossalstore.es\/en\/tienda\/manga\/miss-kobayashis-dragon-maid-01\/\" \/>\n<meta property=\"og:locale\" content=\"en_US\" \/>\n<meta property=\"og:type\" content=\"article\" \/>\n<meta property=\"og:title\" content=\"Miss Kobayashi&#039;s Dragon Maid 1 (Coolkyou) | Colossal Store\" \/>\n<meta property=\"og:description\" content=\"Miss Kobayashi&#039;s Dragon Maid 1 (Coolkyou): Kobayashi es una programadora de 25 a\u00f1os que vive una vida anodina que gira pr\u00e1cticamente en torno a su trabajo. Un d\u00eda, despu\u00e9s del curro, acaba borracha como una cuba, se va a la monta\u00f1a y conoce y ayuda a una dragona llamada Tohru que viene de otro mundo. Al d\u00eda siguiente, Tohru se presenta en su casa y adopta forma humana, ofreci\u00e9ndose como su sirvienta en agradecimiento. Aunque al principio se muestra reticente, su duro y asocial coraz\u00f3n se ablanda y decide aceptarla porque no tiene ad\u00f3nde ir. Tanto su forma de drag\u00f3n, como su dedicaci\u00f3n como sirvienta parecen de lo m\u00e1s convenientes a las necesidades de Kobayashi, pero tambi\u00e9n la acaban metiendo en m\u00e1s de un l\u00edo y trayendo un problema tras otro. Aunque su relaci\u00f3n se vuelve m\u00e1s cercana y Tohru est\u00e1 enamorad\u00edsima de Kobayashi, su presencia no para de atraer a nuestro mundo a otros dragones que acaban poniendo patas arriba la insulsa vida de nuestra programadora. El aburrimiento se ha acabado, y de qu\u00e9 manera!\" \/>\n<meta property=\"og:url\" content=\"https:\/\/www.colossalstore.es\/en\/tienda\/manga\/miss-kobayashis-dragon-maid-01\/\" \/>\n<meta property=\"og:site_name\" content=\"Colossal Store\" \/>\n<meta property=\"article:modified_time\" content=\"2026-01-05T19:40:45+00:00\" \/>\n<meta property=\"og:image\" content=\"https:\/\/www.colossalstore.es\/wp-content\/uploads\/2022\/10\/9788419451583.jpg\" \/>\n\t<meta property=\"og:image:width\" content=\"229\" \/>\n\t<meta property=\"og:image:height\" content=\"321\" \/>\n\t<meta property=\"og:image:type\" content=\"image\/jpeg\" \/>\n<meta name=\"twitter:card\" content=\"summary_large_image\" \/>\n<meta name=\"twitter:site\" content=\"@Colossal_Store\" \/>\n<meta name=\"twitter:label1\" content=\"Est. reading time\" \/>\n\t<meta name=\"twitter:data1\" content=\"1 minute\" \/>\n<script type=\"application\/ld+json\" class=\"yoast-schema-graph\">{\"@context\":\"https:\/\/schema.org\",\"@graph\":[{\"@type\":\"WebPage\",\"@id\":\"https:\/\/www.colossalstore.es\/tienda\/manga\/miss-kobayashis-dragon-maid-01\/\",\"url\":\"https:\/\/www.colossalstore.es\/tienda\/manga\/miss-kobayashis-dragon-maid-01\/\",\"name\":\"Miss Kobayashi's Dragon Maid 1 (Coolkyou) | Colossal Store\",\"isPartOf\":{\"@id\":\"https:\/\/www.colossalstore.es\/#website\"},\"primaryImageOfPage\":{\"@id\":\"https:\/\/www.colossalstore.es\/tienda\/manga\/miss-kobayashis-dragon-maid-01\/#primaryimage\"},\"image\":{\"@id\":\"https:\/\/www.colossalstore.es\/tienda\/manga\/miss-kobayashis-dragon-maid-01\/#primaryimage\"},\"thumbnailUrl\":\"https:\/\/www.colossalstore.es\/wp-content\/uploads\/2022\/10\/9788419451583.jpg\",\"datePublished\":\"2022-10-06T18:28:38+00:00\",\"dateModified\":\"2026-01-05T19:40:45+00:00\",\"description\":\"Miss Kobayashi's Dragon Maid 1 (Coolkyou): Kobayashi es una programadora de 25 a\u00f1os que vive una vida anodina que gira pr\u00e1cticamente en torno a su trabajo. Un d\u00eda, despu\u00e9s del curro, acaba borracha como una cuba, se va a la monta\u00f1a y conoce y ayuda a una dragona llamada Tohru que viene de otro mundo. Al d\u00eda siguiente, Tohru se presenta en su casa y adopta forma humana, ofreci\u00e9ndose como su sirvienta en agradecimiento. Aunque al principio se muestra reticente, su duro y asocial coraz\u00f3n se ablanda y decide aceptarla porque no tiene ad\u00f3nde ir. Tanto su forma de drag\u00f3n, como su dedicaci\u00f3n como sirvienta parecen de lo m\u00e1s convenientes a las necesidades de Kobayashi, pero tambi\u00e9n la acaban metiendo en m\u00e1s de un l\u00edo y trayendo un problema tras otro. Aunque su relaci\u00f3n se vuelve m\u00e1s cercana y Tohru est\u00e1 enamorad\u00edsima de Kobayashi, su presencia no para de atraer a nuestro mundo a otros dragones que acaban poniendo patas arriba la insulsa vida de nuestra programadora. El aburrimiento se ha acabado, y de qu\u00e9 manera!\",\"breadcrumb\":{\"@id\":\"https:\/\/www.colossalstore.es\/tienda\/manga\/miss-kobayashis-dragon-maid-01\/#breadcrumb\"},\"inLanguage\":\"en-US\",\"potentialAction\":[{\"@type\":\"ReadAction\",\"target\":[\"https:\/\/www.colossalstore.es\/tienda\/manga\/miss-kobayashis-dragon-maid-01\/\"]}]},{\"@type\":\"ImageObject\",\"inLanguage\":\"en-US\",\"@id\":\"https:\/\/www.colossalstore.es\/tienda\/manga\/miss-kobayashis-dragon-maid-01\/#primaryimage\",\"url\":\"https:\/\/www.colossalstore.es\/wp-content\/uploads\/2022\/10\/9788419451583.jpg\",\"contentUrl\":\"https:\/\/www.colossalstore.es\/wp-content\/uploads\/2022\/10\/9788419451583.jpg\",\"width\":229,\"height\":321},{\"@type\":\"BreadcrumbList\",\"@id\":\"https:\/\/www.colossalstore.es\/tienda\/manga\/miss-kobayashis-dragon-maid-01\/#breadcrumb\",\"itemListElement\":[{\"@type\":\"ListItem\",\"position\":1,\"name\":\"Home\",\"item\":\"https:\/\/www.colossalstore.es\/\"},{\"@type\":\"ListItem\",\"position\":2,\"name\":\"Tienda\",\"item\":\"https:\/\/www.colossalstore.es\/tienda\/\"},{\"@type\":\"ListItem\",\"position\":3,\"name\":\"MISS KOBAYASHI&#8217;S DRAGON MAID 01\"}]},{\"@type\":\"WebSite\",\"@id\":\"https:\/\/www.colossalstore.es\/#website\",\"url\":\"https:\/\/www.colossalstore.es\/\",\"name\":\"Colossal Store\",\"description\":\"Colossal Store, tienda especializada en TCGs.\",\"publisher\":{\"@id\":\"https:\/\/www.colossalstore.es\/#organization\"},\"alternateName\":\"Colossal Store\",\"potentialAction\":[{\"@type\":\"SearchAction\",\"target\":{\"@type\":\"EntryPoint\",\"urlTemplate\":\"https:\/\/www.colossalstore.es\/?s={search_term_string}\"},\"query-input\":{\"@type\":\"PropertyValueSpecification\",\"valueRequired\":true,\"valueName\":\"search_term_string\"}}],\"inLanguage\":\"en-US\"},{\"@type\":\"Organization\",\"@id\":\"https:\/\/www.colossalstore.es\/#organization\",\"name\":\"Colossal Store\",\"url\":\"https:\/\/www.colossalstore.es\/\",\"logo\":{\"@type\":\"ImageObject\",\"inLanguage\":\"en-US\",\"@id\":\"https:\/\/www.colossalstore.es\/#\/schema\/logo\/image\/\",\"url\":\"https:\/\/www.colossalstore.es\/wp-content\/uploads\/2023\/05\/Colossal_Logo-02.png\",\"contentUrl\":\"https:\/\/www.colossalstore.es\/wp-content\/uploads\/2023\/05\/Colossal_Logo-02.png\",\"width\":1181,\"height\":1181,\"caption\":\"Colossal Store\"},\"image\":{\"@id\":\"https:\/\/www.colossalstore.es\/#\/schema\/logo\/image\/\"},\"sameAs\":[\"https:\/\/x.com\/Colossal_Store\",\"https:\/\/www.instagram.com\/colossal_store_tcg\/\",\"https:\/\/www.tiktok.com\/@colossalstore\"]}]}<\/script>\n<!-- \/ Yoast SEO plugin. -->","yoast_head_json":{"title":"Miss Kobayashi's Dragon Maid 1 (Coolkyou) | Colossal Store","description":"Miss Kobayashi's Dragon Maid 1 (Coolkyou): Kobayashi es una programadora de 25 a\u00f1os que vive una vida anodina que gira pr\u00e1cticamente en torno a su trabajo. Un d\u00eda, despu\u00e9s del curro, acaba borracha como una cuba, se va a la monta\u00f1a y conoce y ayuda a una dragona llamada Tohru que viene de otro mundo. Al d\u00eda siguiente, Tohru se presenta en su casa y adopta forma humana, ofreci\u00e9ndose como su sirvienta en agradecimiento. Aunque al principio se muestra reticente, su duro y asocial coraz\u00f3n se ablanda y decide aceptarla porque no tiene ad\u00f3nde ir. Tanto su forma de drag\u00f3n, como su dedicaci\u00f3n como sirvienta parecen de lo m\u00e1s convenientes a las necesidades de Kobayashi, pero tambi\u00e9n la acaban metiendo en m\u00e1s de un l\u00edo y trayendo un problema tras otro. Aunque su relaci\u00f3n se vuelve m\u00e1s cercana y Tohru est\u00e1 enamorad\u00edsima de Kobayashi, su presencia no para de atraer a nuestro mundo a otros dragones que acaban poniendo patas arriba la insulsa vida de nuestra programadora. El aburrimiento se ha acabado, y de qu\u00e9 manera!","robots":{"index":"index","follow":"follow","max-snippet":"max-snippet:-1","max-image-preview":"max-image-preview:large","max-video-preview":"max-video-preview:-1"},"canonical":"https:\/\/www.colossalstore.es\/en\/tienda\/manga\/miss-kobayashis-dragon-maid-01\/","og_locale":"en_US","og_type":"article","og_title":"Miss Kobayashi's Dragon Maid 1 (Coolkyou) | Colossal Store","og_description":"Miss Kobayashi's Dragon Maid 1 (Coolkyou): Kobayashi es una programadora de 25 a\u00f1os que vive una vida anodina que gira pr\u00e1cticamente en torno a su trabajo. Un d\u00eda, despu\u00e9s del curro, acaba borracha como una cuba, se va a la monta\u00f1a y conoce y ayuda a una dragona llamada Tohru que viene de otro mundo. Al d\u00eda siguiente, Tohru se presenta en su casa y adopta forma humana, ofreci\u00e9ndose como su sirvienta en agradecimiento. Aunque al principio se muestra reticente, su duro y asocial coraz\u00f3n se ablanda y decide aceptarla porque no tiene ad\u00f3nde ir. Tanto su forma de drag\u00f3n, como su dedicaci\u00f3n como sirvienta parecen de lo m\u00e1s convenientes a las necesidades de Kobayashi, pero tambi\u00e9n la acaban metiendo en m\u00e1s de un l\u00edo y trayendo un problema tras otro. Aunque su relaci\u00f3n se vuelve m\u00e1s cercana y Tohru est\u00e1 enamorad\u00edsima de Kobayashi, su presencia no para de atraer a nuestro mundo a otros dragones que acaban poniendo patas arriba la insulsa vida de nuestra programadora. El aburrimiento se ha acabado, y de qu\u00e9 manera!","og_url":"https:\/\/www.colossalstore.es\/en\/tienda\/manga\/miss-kobayashis-dragon-maid-01\/","og_site_name":"Colossal Store","article_modified_time":"2026-01-05T19:40:45+00:00","og_image":[{"width":229,"height":321,"url":"https:\/\/www.colossalstore.es\/wp-content\/uploads\/2022\/10\/9788419451583.jpg","type":"image\/jpeg"}],"twitter_card":"summary_large_image","twitter_site":"@Colossal_Store","twitter_misc":{"Est. reading time":"1 minute"},"schema":{"@context":"https:\/\/schema.org","@graph":[{"@type":"WebPage","@id":"https:\/\/www.colossalstore.es\/tienda\/manga\/miss-kobayashis-dragon-maid-01\/","url":"https:\/\/www.colossalstore.es\/tienda\/manga\/miss-kobayashis-dragon-maid-01\/","name":"Miss Kobayashi's Dragon Maid 1 (Coolkyou) | Colossal Store","isPartOf":{"@id":"https:\/\/www.colossalstore.es\/#website"},"primaryImageOfPage":{"@id":"https:\/\/www.colossalstore.es\/tienda\/manga\/miss-kobayashis-dragon-maid-01\/#primaryimage"},"image":{"@id":"https:\/\/www.colossalstore.es\/tienda\/manga\/miss-kobayashis-dragon-maid-01\/#primaryimage"},"thumbnailUrl":"https:\/\/www.colossalstore.es\/wp-content\/uploads\/2022\/10\/9788419451583.jpg","datePublished":"2022-10-06T18:28:38+00:00","dateModified":"2026-01-05T19:40:45+00:00","description":"Miss Kobayashi's Dragon Maid 1 (Coolkyou): Kobayashi es una programadora de 25 a\u00f1os que vive una vida anodina que gira pr\u00e1cticamente en torno a su trabajo. Un d\u00eda, despu\u00e9s del curro, acaba borracha como una cuba, se va a la monta\u00f1a y conoce y ayuda a una dragona llamada Tohru que viene de otro mundo. Al d\u00eda siguiente, Tohru se presenta en su casa y adopta forma humana, ofreci\u00e9ndose como su sirvienta en agradecimiento. Aunque al principio se muestra reticente, su duro y asocial coraz\u00f3n se ablanda y decide aceptarla porque no tiene ad\u00f3nde ir. Tanto su forma de drag\u00f3n, como su dedicaci\u00f3n como sirvienta parecen de lo m\u00e1s convenientes a las necesidades de Kobayashi, pero tambi\u00e9n la acaban metiendo en m\u00e1s de un l\u00edo y trayendo un problema tras otro. Aunque su relaci\u00f3n se vuelve m\u00e1s cercana y Tohru est\u00e1 enamorad\u00edsima de Kobayashi, su presencia no para de atraer a nuestro mundo a otros dragones que acaban poniendo patas arriba la insulsa vida de nuestra programadora. El aburrimiento se ha acabado, y de qu\u00e9 manera!","breadcrumb":{"@id":"https:\/\/www.colossalstore.es\/tienda\/manga\/miss-kobayashis-dragon-maid-01\/#breadcrumb"},"inLanguage":"en-US","potentialAction":[{"@type":"ReadAction","target":["https:\/\/www.colossalstore.es\/tienda\/manga\/miss-kobayashis-dragon-maid-01\/"]}]},{"@type":"ImageObject","inLanguage":"en-US","@id":"https:\/\/www.colossalstore.es\/tienda\/manga\/miss-kobayashis-dragon-maid-01\/#primaryimage","url":"https:\/\/www.colossalstore.es\/wp-content\/uploads\/2022\/10\/9788419451583.jpg","contentUrl":"https:\/\/www.colossalstore.es\/wp-content\/uploads\/2022\/10\/9788419451583.jpg","width":229,"height":321},{"@type":"BreadcrumbList","@id":"https:\/\/www.colossalstore.es\/tienda\/manga\/miss-kobayashis-dragon-maid-01\/#breadcrumb","itemListElement":[{"@type":"ListItem","position":1,"name":"Home","item":"https:\/\/www.colossalstore.es\/"},{"@type":"ListItem","position":2,"name":"Tienda","item":"https:\/\/www.colossalstore.es\/tienda\/"},{"@type":"ListItem","position":3,"name":"MISS KOBAYASHI&#8217;S DRAGON MAID 01"}]},{"@type":"WebSite","@id":"https:\/\/www.colossalstore.es\/#website","url":"https:\/\/www.colossalstore.es\/","name":"Colossal Store","description":"Colossal Store, store specialized in TCGs.","publisher":{"@id":"https:\/\/www.colossalstore.es\/#organization"},"alternateName":"Colossal Store","potentialAction":[{"@type":"SearchAction","target":{"@type":"EntryPoint","urlTemplate":"https:\/\/www.colossalstore.es\/?s={search_term_string}"},"query-input":{"@type":"PropertyValueSpecification","valueRequired":true,"valueName":"search_term_string"}}],"inLanguage":"en-US"},{"@type":"Organization","@id":"https:\/\/www.colossalstore.es\/#organization","name":"Colossal Store","url":"https:\/\/www.colossalstore.es\/","logo":{"@type":"ImageObject","inLanguage":"en-US","@id":"https:\/\/www.colossalstore.es\/#\/schema\/logo\/image\/","url":"https:\/\/www.colossalstore.es\/wp-content\/uploads\/2023\/05\/Colossal_Logo-02.png","contentUrl":"https:\/\/www.colossalstore.es\/wp-content\/uploads\/2023\/05\/Colossal_Logo-02.png","width":1181,"height":1181,"caption":"Colossal Store"},"image":{"@id":"https:\/\/www.colossalstore.es\/#\/schema\/logo\/image\/"},"sameAs":["https:\/\/x.com\/Colossal_Store","https:\/\/www.instagram.com\/colossal_store_tcg\/","https:\/\/www.tiktok.com\/@colossalstore"]}]}},"_links":{"self":[{"href":"https:\/\/www.colossalstore.es\/en\/wp-json\/wp\/v2\/product\/1775","targetHints":{"allow":["GET"]}}],"collection":[{"href":"https:\/\/www.colossalstore.es\/en\/wp-json\/wp\/v2\/product"}],"about":[{"href":"https:\/\/www.colossalstore.es\/en\/wp-json\/wp\/v2\/types\/product"}],"replies":[{"embeddable":true,"href":"https:\/\/www.colossalstore.es\/en\/wp-json\/wp\/v2\/comments?post=1775"}],"wp:featuredmedia":[{"embeddable":true,"href":"https:\/\/www.colossalstore.es\/en\/wp-json\/wp\/v2\/media\/1776"}],"wp:attachment":[{"href":"https:\/\/www.colossalstore.es\/en\/wp-json\/wp\/v2\/media?parent=1775"}],"wp:term":[{"taxonomy":"product_brand","embeddable":true,"href":"https:\/\/www.colossalstore.es\/en\/wp-json\/wp\/v2\/product_brand?post=1775"},{"taxonomy":"product_cat","embeddable":true,"href":"https:\/\/www.colossalstore.es\/en\/wp-json\/wp\/v2\/product_cat?post=1775"},{"taxonomy":"product_tag","embeddable":true,"href":"https:\/\/www.colossalstore.es\/en\/wp-json\/wp\/v2\/product_tag?post=1775"}],"curies":[{"name":"wp","href":"https:\/\/api.w.org\/{rel}","templated":true}]}}