{"id":1651,"date":"2022-10-06T19:23:48","date_gmt":"2022-10-06T17:23:48","guid":{"rendered":"https:\/\/colossalstore.es\/?post_type=product&#038;p=1651"},"modified":"2025-06-20T11:19:22","modified_gmt":"2025-06-20T09:19:22","slug":"ygo-dimension-force-booster-display-24-packs-en","status":"publish","type":"product","link":"https:\/\/www.colossalstore.es\/en\/tienda\/tcg\/yu-gi-oh\/ygo-dimension-force-booster-display-24-packs-en\/","title":{"rendered":"YuGiOh! \u2013 Dimension Force \u2013 Booster Display (24 Packs) \u2013 EN"},"content":{"rendered":"<p>Dimension Force Booster Display \u2013 YuGiOh! IN<\/p>\n<p>Rompe las barreras de la realidad con la Fuerza de la dimensi\u00f3n, el \u00faltimo sobre del Yu-Gi-Oh! (TCG). Este set de 100 cartas incluye m\u00faltiples temas nuevos, as\u00ed como nuevas cartas para estrategias m\u00e1s antiguas. Los fans de Yu-Gi-Oh! ARC-V pueden entrar en acci\u00f3n con nuevas cartas \u00abArtistamigo\u00bb y un nuevo monstruo \u201cOjos an\u00f3malos\u00bb que es el primer monstruo p\u00e9ndulo ritual. Reanima estrategias del pasado con un nuevo monstruo de sincronizaci\u00f3n zombi \u201cOjos an\u00f3malos \u00ab.<\/p>","protected":false},"excerpt":{"rendered":"<p>Dimension Force Booster Display &#8211; YuGiOh! EN Rompe las barreras de la realidad con la Fuerza de la dimensi\u00f3n, el \u00faltimo sobre del Yu-Gi-Oh! (TCG). Este set de 100 cartas incluye m\u00faltiples temas nuevos, as\u00ed como nuevas cartas para estrategias m\u00e1s antiguas. Los fans de Yu-Gi-Oh! ARC-V pueden entrar en acci\u00f3n con nuevas cartas \u00abArtistamigo\u00bb [&hellip;]<\/p>","protected":false},"featured_media":1652,"comment_status":"open","ping_status":"closed","template":"","meta":{"_joinchat":[]},"product_brand":[],"product_cat":[34,47],"product_tag":[],"class_list":{"0":"post-1651","1":"product","2":"type-product","3":"status-publish","4":"has-post-thumbnail","6":"product_cat-tcg","7":"product_cat-yu-gi-oh","9":"first","10":"outofstock","11":"sale","12":"taxable","13":"shipping-taxable","14":"purchasable","15":"product-type-simple"},"yoast_head":"<!-- This site is optimized with the Yoast SEO plugin v25.7 - https:\/\/yoast.com\/wordpress\/plugins\/seo\/ -->\n<title>Dimension Force Booster Display - YuGiOh! EN | Colossal Store<\/title>\n<meta name=\"description\" content=\"Dimension Force Booster Display - YuGiOh! EN\" \/>\n<meta name=\"robots\" content=\"index, follow, max-snippet:-1, max-image-preview:large, max-video-preview:-1\" \/>\n<link rel=\"canonical\" href=\"https:\/\/www.colossalstore.es\/en\/tienda\/tcg\/yu-gi-oh\/ygo-dimension-force-booster-display-24-packs-en\/\" \/>\n<meta property=\"og:locale\" content=\"en_US\" \/>\n<meta property=\"og:type\" content=\"article\" \/>\n<meta property=\"og:title\" content=\"Dimension Force Booster Display - YuGiOh! EN | Colossal Store\" \/>\n<meta property=\"og:description\" content=\"Dimension Force Booster Display - YuGiOh! EN\" \/>\n<meta property=\"og:url\" content=\"https:\/\/www.colossalstore.es\/en\/tienda\/tcg\/yu-gi-oh\/ygo-dimension-force-booster-display-24-packs-en\/\" \/>\n<meta property=\"og:site_name\" content=\"Colossal Store\" \/>\n<meta property=\"article:modified_time\" content=\"2025-06-20T09:19:22+00:00\" \/>\n<meta property=\"og:image\" content=\"https:\/\/www.colossalstore.es\/wp-content\/uploads\/2022\/10\/s-l500-8.png\" \/>\n\t<meta property=\"og:image:width\" content=\"350\" \/>\n\t<meta property=\"og:image:height\" content=\"350\" \/>\n\t<meta property=\"og:image:type\" content=\"image\/png\" \/>\n<meta name=\"twitter:card\" content=\"summary_large_image\" \/>\n<meta name=\"twitter:site\" content=\"@Colossal_Store\" \/>\n<meta name=\"twitter:label1\" content=\"Est. reading time\" \/>\n\t<meta name=\"twitter:data1\" content=\"1 minute\" \/>\n<script type=\"application\/ld+json\" class=\"yoast-schema-graph\">{\"@context\":\"https:\/\/schema.org\",\"@graph\":[{\"@type\":\"WebPage\",\"@id\":\"https:\/\/www.colossalstore.es\/tienda\/tcg\/yu-gi-oh\/ygo-dimension-force-booster-display-24-packs-en\/\",\"url\":\"https:\/\/www.colossalstore.es\/tienda\/tcg\/yu-gi-oh\/ygo-dimension-force-booster-display-24-packs-en\/\",\"name\":\"Dimension Force Booster Display - YuGiOh! EN | Colossal Store\",\"isPartOf\":{\"@id\":\"https:\/\/www.colossalstore.es\/#website\"},\"primaryImageOfPage\":{\"@id\":\"https:\/\/www.colossalstore.es\/tienda\/tcg\/yu-gi-oh\/ygo-dimension-force-booster-display-24-packs-en\/#primaryimage\"},\"image\":{\"@id\":\"https:\/\/www.colossalstore.es\/tienda\/tcg\/yu-gi-oh\/ygo-dimension-force-booster-display-24-packs-en\/#primaryimage\"},\"thumbnailUrl\":\"https:\/\/www.colossalstore.es\/wp-content\/uploads\/2022\/10\/s-l500-8.png\",\"datePublished\":\"2022-10-06T17:23:48+00:00\",\"dateModified\":\"2025-06-20T09:19:22+00:00\",\"description\":\"Dimension Force Booster Display - YuGiOh! EN\",\"breadcrumb\":{\"@id\":\"https:\/\/www.colossalstore.es\/tienda\/tcg\/yu-gi-oh\/ygo-dimension-force-booster-display-24-packs-en\/#breadcrumb\"},\"inLanguage\":\"en-US\",\"potentialAction\":[{\"@type\":\"ReadAction\",\"target\":[\"https:\/\/www.colossalstore.es\/tienda\/tcg\/yu-gi-oh\/ygo-dimension-force-booster-display-24-packs-en\/\"]}]},{\"@type\":\"ImageObject\",\"inLanguage\":\"en-US\",\"@id\":\"https:\/\/www.colossalstore.es\/tienda\/tcg\/yu-gi-oh\/ygo-dimension-force-booster-display-24-packs-en\/#primaryimage\",\"url\":\"https:\/\/www.colossalstore.es\/wp-content\/uploads\/2022\/10\/s-l500-8.png\",\"contentUrl\":\"https:\/\/www.colossalstore.es\/wp-content\/uploads\/2022\/10\/s-l500-8.png\",\"width\":350,\"height\":350},{\"@type\":\"BreadcrumbList\",\"@id\":\"https:\/\/www.colossalstore.es\/tienda\/tcg\/yu-gi-oh\/ygo-dimension-force-booster-display-24-packs-en\/#breadcrumb\",\"itemListElement\":[{\"@type\":\"ListItem\",\"position\":1,\"name\":\"Home\",\"item\":\"https:\/\/www.colossalstore.es\/\"},{\"@type\":\"ListItem\",\"position\":2,\"name\":\"Tienda\",\"item\":\"https:\/\/www.colossalstore.es\/tienda\/\"},{\"@type\":\"ListItem\",\"position\":3,\"name\":\"YuGiOh! &#8211; Dimension Force &#8211; Booster Display (24 Packs) &#8211; EN\"}]},{\"@type\":\"WebSite\",\"@id\":\"https:\/\/www.colossalstore.es\/#website\",\"url\":\"https:\/\/www.colossalstore.es\/\",\"name\":\"Colossal Store\",\"description\":\"Colossal Store, tienda especializada en TCGs.\",\"publisher\":{\"@id\":\"https:\/\/www.colossalstore.es\/#organization\"},\"alternateName\":\"Colossal Store\",\"potentialAction\":[{\"@type\":\"SearchAction\",\"target\":{\"@type\":\"EntryPoint\",\"urlTemplate\":\"https:\/\/www.colossalstore.es\/?s={search_term_string}\"},\"query-input\":{\"@type\":\"PropertyValueSpecification\",\"valueRequired\":true,\"valueName\":\"search_term_string\"}}],\"inLanguage\":\"en-US\"},{\"@type\":\"Organization\",\"@id\":\"https:\/\/www.colossalstore.es\/#organization\",\"name\":\"Colossal Store\",\"url\":\"https:\/\/www.colossalstore.es\/\",\"logo\":{\"@type\":\"ImageObject\",\"inLanguage\":\"en-US\",\"@id\":\"https:\/\/www.colossalstore.es\/#\/schema\/logo\/image\/\",\"url\":\"https:\/\/www.colossalstore.es\/wp-content\/uploads\/2023\/05\/Colossal_Logo-02.png\",\"contentUrl\":\"https:\/\/www.colossalstore.es\/wp-content\/uploads\/2023\/05\/Colossal_Logo-02.png\",\"width\":1181,\"height\":1181,\"caption\":\"Colossal Store\"},\"image\":{\"@id\":\"https:\/\/www.colossalstore.es\/#\/schema\/logo\/image\/\"},\"sameAs\":[\"https:\/\/x.com\/Colossal_Store\",\"https:\/\/www.instagram.com\/colossal_store_tcg\/\",\"https:\/\/www.tiktok.com\/@colossalstore\"]}]}<\/script>\n<!-- \/ Yoast SEO plugin. -->","yoast_head_json":{"title":"Dimension Force Booster Display - YuGiOh! EN | Colossal Store","description":"Dimension Force Booster Display - YuGiOh! EN","robots":{"index":"index","follow":"follow","max-snippet":"max-snippet:-1","max-image-preview":"max-image-preview:large","max-video-preview":"max-video-preview:-1"},"canonical":"https:\/\/www.colossalstore.es\/en\/tienda\/tcg\/yu-gi-oh\/ygo-dimension-force-booster-display-24-packs-en\/","og_locale":"en_US","og_type":"article","og_title":"Dimension Force Booster Display - YuGiOh! EN | Colossal Store","og_description":"Dimension Force Booster Display - YuGiOh! EN","og_url":"https:\/\/www.colossalstore.es\/en\/tienda\/tcg\/yu-gi-oh\/ygo-dimension-force-booster-display-24-packs-en\/","og_site_name":"Colossal Store","article_modified_time":"2025-06-20T09:19:22+00:00","og_image":[{"width":350,"height":350,"url":"https:\/\/www.colossalstore.es\/wp-content\/uploads\/2022\/10\/s-l500-8.png","type":"image\/png"}],"twitter_card":"summary_large_image","twitter_site":"@Colossal_Store","twitter_misc":{"Est. reading time":"1 minute"},"schema":{"@context":"https:\/\/schema.org","@graph":[{"@type":"WebPage","@id":"https:\/\/www.colossalstore.es\/tienda\/tcg\/yu-gi-oh\/ygo-dimension-force-booster-display-24-packs-en\/","url":"https:\/\/www.colossalstore.es\/tienda\/tcg\/yu-gi-oh\/ygo-dimension-force-booster-display-24-packs-en\/","name":"Dimension Force Booster Display - YuGiOh! EN | Colossal Store","isPartOf":{"@id":"https:\/\/www.colossalstore.es\/#website"},"primaryImageOfPage":{"@id":"https:\/\/www.colossalstore.es\/tienda\/tcg\/yu-gi-oh\/ygo-dimension-force-booster-display-24-packs-en\/#primaryimage"},"image":{"@id":"https:\/\/www.colossalstore.es\/tienda\/tcg\/yu-gi-oh\/ygo-dimension-force-booster-display-24-packs-en\/#primaryimage"},"thumbnailUrl":"https:\/\/www.colossalstore.es\/wp-content\/uploads\/2022\/10\/s-l500-8.png","datePublished":"2022-10-06T17:23:48+00:00","dateModified":"2025-06-20T09:19:22+00:00","description":"Dimension Force Booster Display - YuGiOh! EN","breadcrumb":{"@id":"https:\/\/www.colossalstore.es\/tienda\/tcg\/yu-gi-oh\/ygo-dimension-force-booster-display-24-packs-en\/#breadcrumb"},"inLanguage":"en-US","potentialAction":[{"@type":"ReadAction","target":["https:\/\/www.colossalstore.es\/tienda\/tcg\/yu-gi-oh\/ygo-dimension-force-booster-display-24-packs-en\/"]}]},{"@type":"ImageObject","inLanguage":"en-US","@id":"https:\/\/www.colossalstore.es\/tienda\/tcg\/yu-gi-oh\/ygo-dimension-force-booster-display-24-packs-en\/#primaryimage","url":"https:\/\/www.colossalstore.es\/wp-content\/uploads\/2022\/10\/s-l500-8.png","contentUrl":"https:\/\/www.colossalstore.es\/wp-content\/uploads\/2022\/10\/s-l500-8.png","width":350,"height":350},{"@type":"BreadcrumbList","@id":"https:\/\/www.colossalstore.es\/tienda\/tcg\/yu-gi-oh\/ygo-dimension-force-booster-display-24-packs-en\/#breadcrumb","itemListElement":[{"@type":"ListItem","position":1,"name":"Home","item":"https:\/\/www.colossalstore.es\/"},{"@type":"ListItem","position":2,"name":"Tienda","item":"https:\/\/www.colossalstore.es\/tienda\/"},{"@type":"ListItem","position":3,"name":"YuGiOh! &#8211; Dimension Force &#8211; Booster Display (24 Packs) &#8211; EN"}]},{"@type":"WebSite","@id":"https:\/\/www.colossalstore.es\/#website","url":"https:\/\/www.colossalstore.es\/","name":"Colossal Store","description":"Colossal Store, store specialized in TCGs.","publisher":{"@id":"https:\/\/www.colossalstore.es\/#organization"},"alternateName":"Colossal Store","potentialAction":[{"@type":"SearchAction","target":{"@type":"EntryPoint","urlTemplate":"https:\/\/www.colossalstore.es\/?s={search_term_string}"},"query-input":{"@type":"PropertyValueSpecification","valueRequired":true,"valueName":"search_term_string"}}],"inLanguage":"en-US"},{"@type":"Organization","@id":"https:\/\/www.colossalstore.es\/#organization","name":"Colossal Store","url":"https:\/\/www.colossalstore.es\/","logo":{"@type":"ImageObject","inLanguage":"en-US","@id":"https:\/\/www.colossalstore.es\/#\/schema\/logo\/image\/","url":"https:\/\/www.colossalstore.es\/wp-content\/uploads\/2023\/05\/Colossal_Logo-02.png","contentUrl":"https:\/\/www.colossalstore.es\/wp-content\/uploads\/2023\/05\/Colossal_Logo-02.png","width":1181,"height":1181,"caption":"Colossal Store"},"image":{"@id":"https:\/\/www.colossalstore.es\/#\/schema\/logo\/image\/"},"sameAs":["https:\/\/x.com\/Colossal_Store","https:\/\/www.instagram.com\/colossal_store_tcg\/","https:\/\/www.tiktok.com\/@colossalstore"]}]}},"_links":{"self":[{"href":"https:\/\/www.colossalstore.es\/en\/wp-json\/wp\/v2\/product\/1651","targetHints":{"allow":["GET"]}}],"collection":[{"href":"https:\/\/www.colossalstore.es\/en\/wp-json\/wp\/v2\/product"}],"about":[{"href":"https:\/\/www.colossalstore.es\/en\/wp-json\/wp\/v2\/types\/product"}],"replies":[{"embeddable":true,"href":"https:\/\/www.colossalstore.es\/en\/wp-json\/wp\/v2\/comments?post=1651"}],"wp:featuredmedia":[{"embeddable":true,"href":"https:\/\/www.colossalstore.es\/en\/wp-json\/wp\/v2\/media\/1652"}],"wp:attachment":[{"href":"https:\/\/www.colossalstore.es\/en\/wp-json\/wp\/v2\/media?parent=1651"}],"wp:term":[{"taxonomy":"product_brand","embeddable":true,"href":"https:\/\/www.colossalstore.es\/en\/wp-json\/wp\/v2\/product_brand?post=1651"},{"taxonomy":"product_cat","embeddable":true,"href":"https:\/\/www.colossalstore.es\/en\/wp-json\/wp\/v2\/product_cat?post=1651"},{"taxonomy":"product_tag","embeddable":true,"href":"https:\/\/www.colossalstore.es\/en\/wp-json\/wp\/v2\/product_tag?post=1651"}],"curies":[{"name":"wp","href":"https:\/\/api.w.org\/{rel}","templated":true}]}}