{"id":1617,"date":"2022-10-04T18:05:51","date_gmt":"2022-10-04T16:05:51","guid":{"rendered":"https:\/\/colossalstore.es\/?post_type=product&#038;p=1617"},"modified":"2025-06-20T11:19:23","modified_gmt":"2025-06-20T09:19:23","slug":"pkm-divergent-powers-2022-summer-tin-decidueye-en","status":"publish","type":"product","link":"https:\/\/www.colossalstore.es\/en\/tienda\/tcg\/pokemon\/pkm-divergent-powers-2022-summer-tin-decidueye-en\/","title":{"rendered":"Pok\u00e9mon \u2013 Divergent Powers 2022 Summer Tin Decidueye EN"},"content":{"rendered":"<p>Pok\u00e9mon TCG Decidueye Tin \u2013 Divergent Powers 2022 Summer Tin EN<\/p>\n<p>The Pok\u00e9mon TCG Divergent Powers cans contain:<\/p>\n<p>1 x Hisui V Decidueye, Hisui V Typhlosion, or Hisui V Samurott holographic promo card<\/p>\n<p>5 Pok\u00e9mon TCG Booster Packs<\/p>\n<p>1 code card for use in the Pok\u00e9mon TCG Online or Pok\u00e9mon TCG Live<\/p>","protected":false},"excerpt":{"rendered":"<p>Pok\u00e9mon TCG Decidueye Tin &#8211; Divergent Powers 2022 Summer Tin EN Las latas Poderes Divergentes de JCC Pok\u00e9mon contienen: 1 carta hologr\u00e1fica de promoci\u00f3n de Decidueye de Hisui V, Typhlosion de Hisui V o Samurott de Hisui V 5 paquetes de mejora de JCC Pok\u00e9mon 1 carta con c\u00f3digo para usar en JCC Pok\u00e9mon Online [&hellip;]<\/p>","protected":false},"featured_media":1618,"comment_status":"open","ping_status":"closed","template":"","meta":{"_joinchat":[]},"product_brand":[],"product_cat":[49,34],"product_tag":[],"class_list":{"0":"post-1617","1":"product","2":"type-product","3":"status-publish","4":"has-post-thumbnail","6":"product_cat-pokemon","7":"product_cat-tcg","9":"first","10":"outofstock","11":"sale","12":"taxable","13":"shipping-taxable","14":"purchasable","15":"product-type-simple"},"yoast_head":"<!-- This site is optimized with the Yoast SEO plugin v25.7 - https:\/\/yoast.com\/wordpress\/plugins\/seo\/ -->\n<title>Pok\u00e9mon TCG Decidueye Tin - Divergent Powers 2022 Summer Tin EN | Colossal Store<\/title>\n<meta name=\"description\" content=\"Pok\u00e9mon TCG Decidueye Tin - Divergent Powers 2022 Summer Tin EN\" \/>\n<meta name=\"robots\" content=\"index, follow, max-snippet:-1, max-image-preview:large, max-video-preview:-1\" \/>\n<link rel=\"canonical\" href=\"https:\/\/www.colossalstore.es\/en\/tienda\/tcg\/pokemon\/pkm-divergent-powers-2022-summer-tin-decidueye-en\/\" \/>\n<meta property=\"og:locale\" content=\"en_US\" \/>\n<meta property=\"og:type\" content=\"article\" \/>\n<meta property=\"og:title\" content=\"Pok\u00e9mon TCG Decidueye Tin - Divergent Powers 2022 Summer Tin EN | Colossal Store\" \/>\n<meta property=\"og:description\" content=\"Pok\u00e9mon TCG Decidueye Tin - Divergent Powers 2022 Summer Tin EN\" \/>\n<meta property=\"og:url\" content=\"https:\/\/www.colossalstore.es\/en\/tienda\/tcg\/pokemon\/pkm-divergent-powers-2022-summer-tin-decidueye-en\/\" \/>\n<meta property=\"og:site_name\" content=\"Colossal Store\" \/>\n<meta property=\"article:modified_time\" content=\"2025-06-20T09:19:23+00:00\" \/>\n<meta property=\"og:image\" content=\"https:\/\/www.colossalstore.es\/wp-content\/uploads\/2022\/10\/descarga-1.jpg\" \/>\n\t<meta property=\"og:image:width\" content=\"228\" \/>\n\t<meta property=\"og:image:height\" content=\"221\" \/>\n\t<meta property=\"og:image:type\" content=\"image\/jpeg\" \/>\n<meta name=\"twitter:card\" content=\"summary_large_image\" \/>\n<meta name=\"twitter:site\" content=\"@Colossal_Store\" \/>\n<meta name=\"twitter:label1\" content=\"Est. reading time\" \/>\n\t<meta name=\"twitter:data1\" content=\"1 minute\" \/>\n<script type=\"application\/ld+json\" class=\"yoast-schema-graph\">{\"@context\":\"https:\/\/schema.org\",\"@graph\":[{\"@type\":\"WebPage\",\"@id\":\"https:\/\/www.colossalstore.es\/tienda\/tcg\/pokemon\/pkm-divergent-powers-2022-summer-tin-decidueye-en\/\",\"url\":\"https:\/\/www.colossalstore.es\/tienda\/tcg\/pokemon\/pkm-divergent-powers-2022-summer-tin-decidueye-en\/\",\"name\":\"Pok\u00e9mon TCG Decidueye Tin - Divergent Powers 2022 Summer Tin EN | Colossal Store\",\"isPartOf\":{\"@id\":\"https:\/\/www.colossalstore.es\/#website\"},\"primaryImageOfPage\":{\"@id\":\"https:\/\/www.colossalstore.es\/tienda\/tcg\/pokemon\/pkm-divergent-powers-2022-summer-tin-decidueye-en\/#primaryimage\"},\"image\":{\"@id\":\"https:\/\/www.colossalstore.es\/tienda\/tcg\/pokemon\/pkm-divergent-powers-2022-summer-tin-decidueye-en\/#primaryimage\"},\"thumbnailUrl\":\"https:\/\/www.colossalstore.es\/wp-content\/uploads\/2022\/10\/descarga-1.jpg\",\"datePublished\":\"2022-10-04T16:05:51+00:00\",\"dateModified\":\"2025-06-20T09:19:23+00:00\",\"description\":\"Pok\u00e9mon TCG Decidueye Tin - Divergent Powers 2022 Summer Tin EN\",\"breadcrumb\":{\"@id\":\"https:\/\/www.colossalstore.es\/tienda\/tcg\/pokemon\/pkm-divergent-powers-2022-summer-tin-decidueye-en\/#breadcrumb\"},\"inLanguage\":\"en-US\",\"potentialAction\":[{\"@type\":\"ReadAction\",\"target\":[\"https:\/\/www.colossalstore.es\/tienda\/tcg\/pokemon\/pkm-divergent-powers-2022-summer-tin-decidueye-en\/\"]}]},{\"@type\":\"ImageObject\",\"inLanguage\":\"en-US\",\"@id\":\"https:\/\/www.colossalstore.es\/tienda\/tcg\/pokemon\/pkm-divergent-powers-2022-summer-tin-decidueye-en\/#primaryimage\",\"url\":\"https:\/\/www.colossalstore.es\/wp-content\/uploads\/2022\/10\/descarga-1.jpg\",\"contentUrl\":\"https:\/\/www.colossalstore.es\/wp-content\/uploads\/2022\/10\/descarga-1.jpg\",\"width\":228,\"height\":221},{\"@type\":\"BreadcrumbList\",\"@id\":\"https:\/\/www.colossalstore.es\/tienda\/tcg\/pokemon\/pkm-divergent-powers-2022-summer-tin-decidueye-en\/#breadcrumb\",\"itemListElement\":[{\"@type\":\"ListItem\",\"position\":1,\"name\":\"Home\",\"item\":\"https:\/\/www.colossalstore.es\/\"},{\"@type\":\"ListItem\",\"position\":2,\"name\":\"Tienda\",\"item\":\"https:\/\/www.colossalstore.es\/tienda\/\"},{\"@type\":\"ListItem\",\"position\":3,\"name\":\"Pok\u00e9mon &#8211; Divergent Powers 2022 Summer Tin Decidueye EN\"}]},{\"@type\":\"WebSite\",\"@id\":\"https:\/\/www.colossalstore.es\/#website\",\"url\":\"https:\/\/www.colossalstore.es\/\",\"name\":\"Colossal Store\",\"description\":\"Colossal Store, tienda especializada en TCGs.\",\"publisher\":{\"@id\":\"https:\/\/www.colossalstore.es\/#organization\"},\"alternateName\":\"Colossal Store\",\"potentialAction\":[{\"@type\":\"SearchAction\",\"target\":{\"@type\":\"EntryPoint\",\"urlTemplate\":\"https:\/\/www.colossalstore.es\/?s={search_term_string}\"},\"query-input\":{\"@type\":\"PropertyValueSpecification\",\"valueRequired\":true,\"valueName\":\"search_term_string\"}}],\"inLanguage\":\"en-US\"},{\"@type\":\"Organization\",\"@id\":\"https:\/\/www.colossalstore.es\/#organization\",\"name\":\"Colossal Store\",\"url\":\"https:\/\/www.colossalstore.es\/\",\"logo\":{\"@type\":\"ImageObject\",\"inLanguage\":\"en-US\",\"@id\":\"https:\/\/www.colossalstore.es\/#\/schema\/logo\/image\/\",\"url\":\"https:\/\/www.colossalstore.es\/wp-content\/uploads\/2023\/05\/Colossal_Logo-02.png\",\"contentUrl\":\"https:\/\/www.colossalstore.es\/wp-content\/uploads\/2023\/05\/Colossal_Logo-02.png\",\"width\":1181,\"height\":1181,\"caption\":\"Colossal Store\"},\"image\":{\"@id\":\"https:\/\/www.colossalstore.es\/#\/schema\/logo\/image\/\"},\"sameAs\":[\"https:\/\/x.com\/Colossal_Store\",\"https:\/\/www.instagram.com\/colossal_store_tcg\/\",\"https:\/\/www.tiktok.com\/@colossalstore\"]}]}<\/script>\n<!-- \/ Yoast SEO plugin. -->","yoast_head_json":{"title":"Pok\u00e9mon TCG Decidueye Tin - Divergent Powers 2022 Summer Tin EN | Colossal Store","description":"Pok\u00e9mon TCG Decidueye Tin - Divergent Powers 2022 Summer Tin EN","robots":{"index":"index","follow":"follow","max-snippet":"max-snippet:-1","max-image-preview":"max-image-preview:large","max-video-preview":"max-video-preview:-1"},"canonical":"https:\/\/www.colossalstore.es\/en\/tienda\/tcg\/pokemon\/pkm-divergent-powers-2022-summer-tin-decidueye-en\/","og_locale":"en_US","og_type":"article","og_title":"Pok\u00e9mon TCG Decidueye Tin - Divergent Powers 2022 Summer Tin EN | Colossal Store","og_description":"Pok\u00e9mon TCG Decidueye Tin - Divergent Powers 2022 Summer Tin EN","og_url":"https:\/\/www.colossalstore.es\/en\/tienda\/tcg\/pokemon\/pkm-divergent-powers-2022-summer-tin-decidueye-en\/","og_site_name":"Colossal Store","article_modified_time":"2025-06-20T09:19:23+00:00","og_image":[{"width":228,"height":221,"url":"https:\/\/www.colossalstore.es\/wp-content\/uploads\/2022\/10\/descarga-1.jpg","type":"image\/jpeg"}],"twitter_card":"summary_large_image","twitter_site":"@Colossal_Store","twitter_misc":{"Est. reading time":"1 minute"},"schema":{"@context":"https:\/\/schema.org","@graph":[{"@type":"WebPage","@id":"https:\/\/www.colossalstore.es\/tienda\/tcg\/pokemon\/pkm-divergent-powers-2022-summer-tin-decidueye-en\/","url":"https:\/\/www.colossalstore.es\/tienda\/tcg\/pokemon\/pkm-divergent-powers-2022-summer-tin-decidueye-en\/","name":"Pok\u00e9mon TCG Decidueye Tin - Divergent Powers 2022 Summer Tin EN | Colossal Store","isPartOf":{"@id":"https:\/\/www.colossalstore.es\/#website"},"primaryImageOfPage":{"@id":"https:\/\/www.colossalstore.es\/tienda\/tcg\/pokemon\/pkm-divergent-powers-2022-summer-tin-decidueye-en\/#primaryimage"},"image":{"@id":"https:\/\/www.colossalstore.es\/tienda\/tcg\/pokemon\/pkm-divergent-powers-2022-summer-tin-decidueye-en\/#primaryimage"},"thumbnailUrl":"https:\/\/www.colossalstore.es\/wp-content\/uploads\/2022\/10\/descarga-1.jpg","datePublished":"2022-10-04T16:05:51+00:00","dateModified":"2025-06-20T09:19:23+00:00","description":"Pok\u00e9mon TCG Decidueye Tin - Divergent Powers 2022 Summer Tin EN","breadcrumb":{"@id":"https:\/\/www.colossalstore.es\/tienda\/tcg\/pokemon\/pkm-divergent-powers-2022-summer-tin-decidueye-en\/#breadcrumb"},"inLanguage":"en-US","potentialAction":[{"@type":"ReadAction","target":["https:\/\/www.colossalstore.es\/tienda\/tcg\/pokemon\/pkm-divergent-powers-2022-summer-tin-decidueye-en\/"]}]},{"@type":"ImageObject","inLanguage":"en-US","@id":"https:\/\/www.colossalstore.es\/tienda\/tcg\/pokemon\/pkm-divergent-powers-2022-summer-tin-decidueye-en\/#primaryimage","url":"https:\/\/www.colossalstore.es\/wp-content\/uploads\/2022\/10\/descarga-1.jpg","contentUrl":"https:\/\/www.colossalstore.es\/wp-content\/uploads\/2022\/10\/descarga-1.jpg","width":228,"height":221},{"@type":"BreadcrumbList","@id":"https:\/\/www.colossalstore.es\/tienda\/tcg\/pokemon\/pkm-divergent-powers-2022-summer-tin-decidueye-en\/#breadcrumb","itemListElement":[{"@type":"ListItem","position":1,"name":"Home","item":"https:\/\/www.colossalstore.es\/"},{"@type":"ListItem","position":2,"name":"Tienda","item":"https:\/\/www.colossalstore.es\/tienda\/"},{"@type":"ListItem","position":3,"name":"Pok\u00e9mon &#8211; Divergent Powers 2022 Summer Tin Decidueye EN"}]},{"@type":"WebSite","@id":"https:\/\/www.colossalstore.es\/#website","url":"https:\/\/www.colossalstore.es\/","name":"Colossal Store","description":"Colossal Store, store specialized in TCGs.","publisher":{"@id":"https:\/\/www.colossalstore.es\/#organization"},"alternateName":"Colossal Store","potentialAction":[{"@type":"SearchAction","target":{"@type":"EntryPoint","urlTemplate":"https:\/\/www.colossalstore.es\/?s={search_term_string}"},"query-input":{"@type":"PropertyValueSpecification","valueRequired":true,"valueName":"search_term_string"}}],"inLanguage":"en-US"},{"@type":"Organization","@id":"https:\/\/www.colossalstore.es\/#organization","name":"Colossal Store","url":"https:\/\/www.colossalstore.es\/","logo":{"@type":"ImageObject","inLanguage":"en-US","@id":"https:\/\/www.colossalstore.es\/#\/schema\/logo\/image\/","url":"https:\/\/www.colossalstore.es\/wp-content\/uploads\/2023\/05\/Colossal_Logo-02.png","contentUrl":"https:\/\/www.colossalstore.es\/wp-content\/uploads\/2023\/05\/Colossal_Logo-02.png","width":1181,"height":1181,"caption":"Colossal Store"},"image":{"@id":"https:\/\/www.colossalstore.es\/#\/schema\/logo\/image\/"},"sameAs":["https:\/\/x.com\/Colossal_Store","https:\/\/www.instagram.com\/colossal_store_tcg\/","https:\/\/www.tiktok.com\/@colossalstore"]}]}},"_links":{"self":[{"href":"https:\/\/www.colossalstore.es\/en\/wp-json\/wp\/v2\/product\/1617","targetHints":{"allow":["GET"]}}],"collection":[{"href":"https:\/\/www.colossalstore.es\/en\/wp-json\/wp\/v2\/product"}],"about":[{"href":"https:\/\/www.colossalstore.es\/en\/wp-json\/wp\/v2\/types\/product"}],"replies":[{"embeddable":true,"href":"https:\/\/www.colossalstore.es\/en\/wp-json\/wp\/v2\/comments?post=1617"}],"wp:featuredmedia":[{"embeddable":true,"href":"https:\/\/www.colossalstore.es\/en\/wp-json\/wp\/v2\/media\/1618"}],"wp:attachment":[{"href":"https:\/\/www.colossalstore.es\/en\/wp-json\/wp\/v2\/media?parent=1617"}],"wp:term":[{"taxonomy":"product_brand","embeddable":true,"href":"https:\/\/www.colossalstore.es\/en\/wp-json\/wp\/v2\/product_brand?post=1617"},{"taxonomy":"product_cat","embeddable":true,"href":"https:\/\/www.colossalstore.es\/en\/wp-json\/wp\/v2\/product_cat?post=1617"},{"taxonomy":"product_tag","embeddable":true,"href":"https:\/\/www.colossalstore.es\/en\/wp-json\/wp\/v2\/product_tag?post=1617"}],"curies":[{"name":"wp","href":"https:\/\/api.w.org\/{rel}","templated":true}]}}