{"id":1613,"date":"2022-10-04T18:02:54","date_gmt":"2022-10-04T16:02:54","guid":{"rendered":"https:\/\/colossalstore.es\/?post_type=product&#038;p=1613"},"modified":"2025-06-20T11:19:23","modified_gmt":"2025-06-20T09:19:23","slug":"gamegenic-zip-up-album-18-pocket-white","status":"publish","type":"product","link":"https:\/\/www.colossalstore.es\/en\/tienda\/tcg\/accesorios\/gamegenic-zip-up-album-18-pocket-white\/","title":{"rendered":"Gamegenic \u2013 Zip-Up Album 18-Pocket White"},"content":{"rendered":"<p>Gamegenic \u2013 Zip-Up Album 18-Pocket White<\/p>\n<p>It holds 20 side-loading pages to hold up to 360 cards in sleeves. Includes a specially designed zipper pull for maximum grip. 18 side-loading pockets per page so cards don&#039;t fall out.<\/p>","protected":false},"excerpt":{"rendered":"<p>Gamegenic &#8211; Zip-Up Album 18-Pocket White Tiene capacidad para\u00a020\u00a0p\u00e1ginas de carga lateral para guardar hasta\u00a0360 cartas en fundas.\u00a0Incluye un tirador de cremallera especialmente dise\u00f1ado para un agarre m\u00e1ximo.\u00a018 bolsillos de carga lateral por p\u00e1gina para que las cartas no se salgan.<\/p>","protected":false},"featured_media":1614,"comment_status":"open","ping_status":"closed","template":"","meta":{"_joinchat":[]},"product_brand":[],"product_cat":[35],"product_tag":[],"class_list":{"0":"post-1613","1":"product","2":"type-product","3":"status-publish","4":"has-post-thumbnail","6":"product_cat-accesorios","8":"first","9":"outofstock","10":"taxable","11":"shipping-taxable","12":"purchasable","13":"product-type-simple"},"yoast_head":"<!-- This site is optimized with the Yoast SEO plugin v25.7 - https:\/\/yoast.com\/wordpress\/plugins\/seo\/ -->\n<title>Gamegenic - Zip-Up Album 18-Pocket White | Colossal Store<\/title>\n<meta name=\"description\" content=\"Gamegenic - Zip-Up Album 18-Pocket White: Tiene capacidad para 20 p\u00e1ginas de carga lateral para guardar hasta 360 cartas en fundas*Incluye un tirador de cremallera especialmente dise\u00f1ado para un agarre m\u00e1ximo18 bolsillos de carga lateral por p\u00e1gina para que las cartas no se salgan\" \/>\n<meta name=\"robots\" content=\"index, follow, max-snippet:-1, max-image-preview:large, max-video-preview:-1\" \/>\n<link rel=\"canonical\" href=\"https:\/\/www.colossalstore.es\/en\/tienda\/tcg\/accesorios\/gamegenic-zip-up-album-18-pocket-white\/\" \/>\n<meta property=\"og:locale\" content=\"en_US\" \/>\n<meta property=\"og:type\" content=\"article\" \/>\n<meta property=\"og:title\" content=\"Gamegenic - Zip-Up Album 18-Pocket White | Colossal Store\" \/>\n<meta property=\"og:description\" content=\"Gamegenic - Zip-Up Album 18-Pocket White: Tiene capacidad para 20 p\u00e1ginas de carga lateral para guardar hasta 360 cartas en fundas*Incluye un tirador de cremallera especialmente dise\u00f1ado para un agarre m\u00e1ximo18 bolsillos de carga lateral por p\u00e1gina para que las cartas no se salgan\" \/>\n<meta property=\"og:url\" content=\"https:\/\/www.colossalstore.es\/en\/tienda\/tcg\/accesorios\/gamegenic-zip-up-album-18-pocket-white\/\" \/>\n<meta property=\"og:site_name\" content=\"Colossal Store\" \/>\n<meta property=\"article:modified_time\" content=\"2025-06-20T09:19:23+00:00\" \/>\n<meta property=\"og:image\" content=\"https:\/\/www.colossalstore.es\/wp-content\/uploads\/2022\/10\/s-l500-10-1.jpg\" \/>\n\t<meta property=\"og:image:width\" content=\"500\" \/>\n\t<meta property=\"og:image:height\" content=\"500\" \/>\n\t<meta property=\"og:image:type\" content=\"image\/jpeg\" \/>\n<meta name=\"twitter:card\" content=\"summary_large_image\" \/>\n<meta name=\"twitter:site\" content=\"@Colossal_Store\" \/>\n<meta name=\"twitter:label1\" content=\"Est. reading time\" \/>\n\t<meta name=\"twitter:data1\" content=\"1 minute\" \/>\n<script type=\"application\/ld+json\" class=\"yoast-schema-graph\">{\"@context\":\"https:\/\/schema.org\",\"@graph\":[{\"@type\":\"WebPage\",\"@id\":\"https:\/\/www.colossalstore.es\/tienda\/tcg\/accesorios\/gamegenic-zip-up-album-18-pocket-white\/\",\"url\":\"https:\/\/www.colossalstore.es\/tienda\/tcg\/accesorios\/gamegenic-zip-up-album-18-pocket-white\/\",\"name\":\"Gamegenic - Zip-Up Album 18-Pocket White | Colossal Store\",\"isPartOf\":{\"@id\":\"https:\/\/www.colossalstore.es\/#website\"},\"primaryImageOfPage\":{\"@id\":\"https:\/\/www.colossalstore.es\/tienda\/tcg\/accesorios\/gamegenic-zip-up-album-18-pocket-white\/#primaryimage\"},\"image\":{\"@id\":\"https:\/\/www.colossalstore.es\/tienda\/tcg\/accesorios\/gamegenic-zip-up-album-18-pocket-white\/#primaryimage\"},\"thumbnailUrl\":\"https:\/\/www.colossalstore.es\/wp-content\/uploads\/2022\/10\/s-l500-10-1.jpg\",\"datePublished\":\"2022-10-04T16:02:54+00:00\",\"dateModified\":\"2025-06-20T09:19:23+00:00\",\"description\":\"Gamegenic - Zip-Up Album 18-Pocket White: Tiene capacidad para 20 p\u00e1ginas de carga lateral para guardar hasta 360 cartas en fundas*Incluye un tirador de cremallera especialmente dise\u00f1ado para un agarre m\u00e1ximo18 bolsillos de carga lateral por p\u00e1gina para que las cartas no se salgan\",\"breadcrumb\":{\"@id\":\"https:\/\/www.colossalstore.es\/tienda\/tcg\/accesorios\/gamegenic-zip-up-album-18-pocket-white\/#breadcrumb\"},\"inLanguage\":\"en-US\",\"potentialAction\":[{\"@type\":\"ReadAction\",\"target\":[\"https:\/\/www.colossalstore.es\/tienda\/tcg\/accesorios\/gamegenic-zip-up-album-18-pocket-white\/\"]}]},{\"@type\":\"ImageObject\",\"inLanguage\":\"en-US\",\"@id\":\"https:\/\/www.colossalstore.es\/tienda\/tcg\/accesorios\/gamegenic-zip-up-album-18-pocket-white\/#primaryimage\",\"url\":\"https:\/\/www.colossalstore.es\/wp-content\/uploads\/2022\/10\/s-l500-10-1.jpg\",\"contentUrl\":\"https:\/\/www.colossalstore.es\/wp-content\/uploads\/2022\/10\/s-l500-10-1.jpg\",\"width\":500,\"height\":500},{\"@type\":\"BreadcrumbList\",\"@id\":\"https:\/\/www.colossalstore.es\/tienda\/tcg\/accesorios\/gamegenic-zip-up-album-18-pocket-white\/#breadcrumb\",\"itemListElement\":[{\"@type\":\"ListItem\",\"position\":1,\"name\":\"Home\",\"item\":\"https:\/\/www.colossalstore.es\/\"},{\"@type\":\"ListItem\",\"position\":2,\"name\":\"Tienda\",\"item\":\"https:\/\/www.colossalstore.es\/tienda\/\"},{\"@type\":\"ListItem\",\"position\":3,\"name\":\"Gamegenic &#8211; Zip-Up Album 18-Pocket White\"}]},{\"@type\":\"WebSite\",\"@id\":\"https:\/\/www.colossalstore.es\/#website\",\"url\":\"https:\/\/www.colossalstore.es\/\",\"name\":\"Colossal Store\",\"description\":\"Colossal Store, tienda especializada en TCGs.\",\"publisher\":{\"@id\":\"https:\/\/www.colossalstore.es\/#organization\"},\"alternateName\":\"Colossal Store\",\"potentialAction\":[{\"@type\":\"SearchAction\",\"target\":{\"@type\":\"EntryPoint\",\"urlTemplate\":\"https:\/\/www.colossalstore.es\/?s={search_term_string}\"},\"query-input\":{\"@type\":\"PropertyValueSpecification\",\"valueRequired\":true,\"valueName\":\"search_term_string\"}}],\"inLanguage\":\"en-US\"},{\"@type\":\"Organization\",\"@id\":\"https:\/\/www.colossalstore.es\/#organization\",\"name\":\"Colossal Store\",\"url\":\"https:\/\/www.colossalstore.es\/\",\"logo\":{\"@type\":\"ImageObject\",\"inLanguage\":\"en-US\",\"@id\":\"https:\/\/www.colossalstore.es\/#\/schema\/logo\/image\/\",\"url\":\"https:\/\/www.colossalstore.es\/wp-content\/uploads\/2023\/05\/Colossal_Logo-02.png\",\"contentUrl\":\"https:\/\/www.colossalstore.es\/wp-content\/uploads\/2023\/05\/Colossal_Logo-02.png\",\"width\":1181,\"height\":1181,\"caption\":\"Colossal Store\"},\"image\":{\"@id\":\"https:\/\/www.colossalstore.es\/#\/schema\/logo\/image\/\"},\"sameAs\":[\"https:\/\/x.com\/Colossal_Store\",\"https:\/\/www.instagram.com\/colossal_store_tcg\/\",\"https:\/\/www.tiktok.com\/@colossalstore\"]}]}<\/script>\n<!-- \/ Yoast SEO plugin. -->","yoast_head_json":{"title":"Gamegenic - Zip-Up Album 18-Pocket White | Colossal Store","description":"Gamegenic - Zip-Up Album 18-Pocket White: Tiene capacidad para 20 p\u00e1ginas de carga lateral para guardar hasta 360 cartas en fundas*Incluye un tirador de cremallera especialmente dise\u00f1ado para un agarre m\u00e1ximo18 bolsillos de carga lateral por p\u00e1gina para que las cartas no se salgan","robots":{"index":"index","follow":"follow","max-snippet":"max-snippet:-1","max-image-preview":"max-image-preview:large","max-video-preview":"max-video-preview:-1"},"canonical":"https:\/\/www.colossalstore.es\/en\/tienda\/tcg\/accesorios\/gamegenic-zip-up-album-18-pocket-white\/","og_locale":"en_US","og_type":"article","og_title":"Gamegenic - Zip-Up Album 18-Pocket White | Colossal Store","og_description":"Gamegenic - Zip-Up Album 18-Pocket White: Tiene capacidad para 20 p\u00e1ginas de carga lateral para guardar hasta 360 cartas en fundas*Incluye un tirador de cremallera especialmente dise\u00f1ado para un agarre m\u00e1ximo18 bolsillos de carga lateral por p\u00e1gina para que las cartas no se salgan","og_url":"https:\/\/www.colossalstore.es\/en\/tienda\/tcg\/accesorios\/gamegenic-zip-up-album-18-pocket-white\/","og_site_name":"Colossal Store","article_modified_time":"2025-06-20T09:19:23+00:00","og_image":[{"width":500,"height":500,"url":"https:\/\/www.colossalstore.es\/wp-content\/uploads\/2022\/10\/s-l500-10-1.jpg","type":"image\/jpeg"}],"twitter_card":"summary_large_image","twitter_site":"@Colossal_Store","twitter_misc":{"Est. reading time":"1 minute"},"schema":{"@context":"https:\/\/schema.org","@graph":[{"@type":"WebPage","@id":"https:\/\/www.colossalstore.es\/tienda\/tcg\/accesorios\/gamegenic-zip-up-album-18-pocket-white\/","url":"https:\/\/www.colossalstore.es\/tienda\/tcg\/accesorios\/gamegenic-zip-up-album-18-pocket-white\/","name":"Gamegenic - Zip-Up Album 18-Pocket White | Colossal Store","isPartOf":{"@id":"https:\/\/www.colossalstore.es\/#website"},"primaryImageOfPage":{"@id":"https:\/\/www.colossalstore.es\/tienda\/tcg\/accesorios\/gamegenic-zip-up-album-18-pocket-white\/#primaryimage"},"image":{"@id":"https:\/\/www.colossalstore.es\/tienda\/tcg\/accesorios\/gamegenic-zip-up-album-18-pocket-white\/#primaryimage"},"thumbnailUrl":"https:\/\/www.colossalstore.es\/wp-content\/uploads\/2022\/10\/s-l500-10-1.jpg","datePublished":"2022-10-04T16:02:54+00:00","dateModified":"2025-06-20T09:19:23+00:00","description":"Gamegenic - Zip-Up Album 18-Pocket White: Tiene capacidad para 20 p\u00e1ginas de carga lateral para guardar hasta 360 cartas en fundas*Incluye un tirador de cremallera especialmente dise\u00f1ado para un agarre m\u00e1ximo18 bolsillos de carga lateral por p\u00e1gina para que las cartas no se salgan","breadcrumb":{"@id":"https:\/\/www.colossalstore.es\/tienda\/tcg\/accesorios\/gamegenic-zip-up-album-18-pocket-white\/#breadcrumb"},"inLanguage":"en-US","potentialAction":[{"@type":"ReadAction","target":["https:\/\/www.colossalstore.es\/tienda\/tcg\/accesorios\/gamegenic-zip-up-album-18-pocket-white\/"]}]},{"@type":"ImageObject","inLanguage":"en-US","@id":"https:\/\/www.colossalstore.es\/tienda\/tcg\/accesorios\/gamegenic-zip-up-album-18-pocket-white\/#primaryimage","url":"https:\/\/www.colossalstore.es\/wp-content\/uploads\/2022\/10\/s-l500-10-1.jpg","contentUrl":"https:\/\/www.colossalstore.es\/wp-content\/uploads\/2022\/10\/s-l500-10-1.jpg","width":500,"height":500},{"@type":"BreadcrumbList","@id":"https:\/\/www.colossalstore.es\/tienda\/tcg\/accesorios\/gamegenic-zip-up-album-18-pocket-white\/#breadcrumb","itemListElement":[{"@type":"ListItem","position":1,"name":"Home","item":"https:\/\/www.colossalstore.es\/"},{"@type":"ListItem","position":2,"name":"Tienda","item":"https:\/\/www.colossalstore.es\/tienda\/"},{"@type":"ListItem","position":3,"name":"Gamegenic &#8211; Zip-Up Album 18-Pocket White"}]},{"@type":"WebSite","@id":"https:\/\/www.colossalstore.es\/#website","url":"https:\/\/www.colossalstore.es\/","name":"Colossal Store","description":"Colossal Store, store specialized in TCGs.","publisher":{"@id":"https:\/\/www.colossalstore.es\/#organization"},"alternateName":"Colossal Store","potentialAction":[{"@type":"SearchAction","target":{"@type":"EntryPoint","urlTemplate":"https:\/\/www.colossalstore.es\/?s={search_term_string}"},"query-input":{"@type":"PropertyValueSpecification","valueRequired":true,"valueName":"search_term_string"}}],"inLanguage":"en-US"},{"@type":"Organization","@id":"https:\/\/www.colossalstore.es\/#organization","name":"Colossal Store","url":"https:\/\/www.colossalstore.es\/","logo":{"@type":"ImageObject","inLanguage":"en-US","@id":"https:\/\/www.colossalstore.es\/#\/schema\/logo\/image\/","url":"https:\/\/www.colossalstore.es\/wp-content\/uploads\/2023\/05\/Colossal_Logo-02.png","contentUrl":"https:\/\/www.colossalstore.es\/wp-content\/uploads\/2023\/05\/Colossal_Logo-02.png","width":1181,"height":1181,"caption":"Colossal Store"},"image":{"@id":"https:\/\/www.colossalstore.es\/#\/schema\/logo\/image\/"},"sameAs":["https:\/\/x.com\/Colossal_Store","https:\/\/www.instagram.com\/colossal_store_tcg\/","https:\/\/www.tiktok.com\/@colossalstore"]}]}},"_links":{"self":[{"href":"https:\/\/www.colossalstore.es\/en\/wp-json\/wp\/v2\/product\/1613","targetHints":{"allow":["GET"]}}],"collection":[{"href":"https:\/\/www.colossalstore.es\/en\/wp-json\/wp\/v2\/product"}],"about":[{"href":"https:\/\/www.colossalstore.es\/en\/wp-json\/wp\/v2\/types\/product"}],"replies":[{"embeddable":true,"href":"https:\/\/www.colossalstore.es\/en\/wp-json\/wp\/v2\/comments?post=1613"}],"wp:featuredmedia":[{"embeddable":true,"href":"https:\/\/www.colossalstore.es\/en\/wp-json\/wp\/v2\/media\/1614"}],"wp:attachment":[{"href":"https:\/\/www.colossalstore.es\/en\/wp-json\/wp\/v2\/media?parent=1613"}],"wp:term":[{"taxonomy":"product_brand","embeddable":true,"href":"https:\/\/www.colossalstore.es\/en\/wp-json\/wp\/v2\/product_brand?post=1613"},{"taxonomy":"product_cat","embeddable":true,"href":"https:\/\/www.colossalstore.es\/en\/wp-json\/wp\/v2\/product_cat?post=1613"},{"taxonomy":"product_tag","embeddable":true,"href":"https:\/\/www.colossalstore.es\/en\/wp-json\/wp\/v2\/product_tag?post=1613"}],"curies":[{"name":"wp","href":"https:\/\/api.w.org\/{rel}","templated":true}]}}