{"id":1570,"date":"2022-10-04T17:35:17","date_gmt":"2022-10-04T15:35:17","guid":{"rendered":"https:\/\/colossalstore.es\/?post_type=product&#038;p=1570"},"modified":"2025-06-20T11:19:24","modified_gmt":"2025-06-20T09:19:24","slug":"pkm-sword-shield-11-lost-origin-premium-checklane-blister-en","status":"publish","type":"product","link":"https:\/\/www.colossalstore.es\/en\/tienda\/tcg\/pokemon\/pkm-sword-shield-11-lost-origin-premium-checklane-blister-en\/","title":{"rendered":"Pok\u00e9mon \u2013 Sword and Shield 11 Lost Origin Premium Checklane IN Infernape line"},"content":{"rendered":"<p>Pok\u00e9mon TCG Lost Origin Infernape \u2013 Sword and Shield 11 Lost Origin Premium Checklane EN<\/p>\n<p>Each blister contains:<\/p>\n<ul>\n<li>1 Lost Origin envelope in English<\/li>\n<li>1 Charizard or Zeraora Coin<\/li>\n<li>3 Infernape Evolution Cards<\/li>\n<li>1 code to redeem in the Pok\u00e9mon Live Online game<\/li>\n<\/ul>","protected":false},"excerpt":{"rendered":"<p>Pok\u00e9mon TCG Lost Origin Infernape &#8211; Sword and Shield 11 Lost Origin Premium Checklane EN Cada Bl\u00edster contiene: 1 sobre de Lost Origin En ingles 1 Moneda de Charizard o Zeraora 3 cartas de la evoluci\u00f3n de Infernape 1 c\u00f3digo para canjear en el juego Online de Pok\u00e9mon Live<\/p>","protected":false},"featured_media":1571,"comment_status":"open","ping_status":"closed","template":"","meta":{"_joinchat":[]},"product_brand":[],"product_cat":[49,34],"product_tag":[],"class_list":{"0":"post-1570","1":"product","2":"type-product","3":"status-publish","4":"has-post-thumbnail","6":"product_cat-pokemon","7":"product_cat-tcg","9":"first","10":"outofstock","11":"taxable","12":"shipping-taxable","13":"purchasable","14":"product-type-simple"},"yoast_head":"<!-- This site is optimized with the Yoast SEO plugin v25.7 - https:\/\/yoast.com\/wordpress\/plugins\/seo\/ -->\n<title>Pok\u00e9mon Lost Origin Infernape - Sword and Shield 11 Lost Origin Premium Checklane EN | Colossal Store<\/title>\n<meta name=\"description\" content=\"Pok\u00e9mon Lost Origin Infernape - Sword and Shield 11 Lost Origin Premium Checklane EN\" \/>\n<meta name=\"robots\" content=\"index, follow, max-snippet:-1, max-image-preview:large, max-video-preview:-1\" \/>\n<link rel=\"canonical\" href=\"https:\/\/www.colossalstore.es\/en\/tienda\/tcg\/pokemon\/pkm-sword-shield-11-lost-origin-premium-checklane-blister-en\/\" \/>\n<meta property=\"og:locale\" content=\"en_US\" \/>\n<meta property=\"og:type\" content=\"article\" \/>\n<meta property=\"og:title\" content=\"Pok\u00e9mon Lost Origin Infernape - Sword and Shield 11 Lost Origin Premium Checklane EN | Colossal Store\" \/>\n<meta property=\"og:description\" content=\"Pok\u00e9mon Lost Origin Infernape - Sword and Shield 11 Lost Origin Premium Checklane EN\" \/>\n<meta property=\"og:url\" content=\"https:\/\/www.colossalstore.es\/en\/tienda\/tcg\/pokemon\/pkm-sword-shield-11-lost-origin-premium-checklane-blister-en\/\" \/>\n<meta property=\"og:site_name\" content=\"Colossal Store\" \/>\n<meta property=\"article:modified_time\" content=\"2025-06-20T09:19:24+00:00\" \/>\n<meta property=\"og:image\" content=\"https:\/\/www.colossalstore.es\/wp-content\/uploads\/2022\/10\/pokemon-tcg-sword-shield-11-checklane-blister-premium-ingles.jpg\" \/>\n\t<meta property=\"og:image:width\" content=\"771\" \/>\n\t<meta property=\"og:image:height\" content=\"1000\" \/>\n\t<meta property=\"og:image:type\" content=\"image\/jpeg\" \/>\n<meta name=\"twitter:card\" content=\"summary_large_image\" \/>\n<meta name=\"twitter:site\" content=\"@Colossal_Store\" \/>\n<meta name=\"twitter:label1\" content=\"Est. reading time\" \/>\n\t<meta name=\"twitter:data1\" content=\"1 minute\" \/>\n<script type=\"application\/ld+json\" class=\"yoast-schema-graph\">{\"@context\":\"https:\/\/schema.org\",\"@graph\":[{\"@type\":\"WebPage\",\"@id\":\"https:\/\/www.colossalstore.es\/tienda\/tcg\/pokemon\/pkm-sword-shield-11-lost-origin-premium-checklane-blister-en\/\",\"url\":\"https:\/\/www.colossalstore.es\/tienda\/tcg\/pokemon\/pkm-sword-shield-11-lost-origin-premium-checklane-blister-en\/\",\"name\":\"Pok\u00e9mon Lost Origin Infernape - Sword and Shield 11 Lost Origin Premium Checklane EN | Colossal Store\",\"isPartOf\":{\"@id\":\"https:\/\/www.colossalstore.es\/#website\"},\"primaryImageOfPage\":{\"@id\":\"https:\/\/www.colossalstore.es\/tienda\/tcg\/pokemon\/pkm-sword-shield-11-lost-origin-premium-checklane-blister-en\/#primaryimage\"},\"image\":{\"@id\":\"https:\/\/www.colossalstore.es\/tienda\/tcg\/pokemon\/pkm-sword-shield-11-lost-origin-premium-checklane-blister-en\/#primaryimage\"},\"thumbnailUrl\":\"https:\/\/www.colossalstore.es\/wp-content\/uploads\/2022\/10\/pokemon-tcg-sword-shield-11-checklane-blister-premium-ingles.jpg\",\"datePublished\":\"2022-10-04T15:35:17+00:00\",\"dateModified\":\"2025-06-20T09:19:24+00:00\",\"description\":\"Pok\u00e9mon Lost Origin Infernape - Sword and Shield 11 Lost Origin Premium Checklane EN\",\"breadcrumb\":{\"@id\":\"https:\/\/www.colossalstore.es\/tienda\/tcg\/pokemon\/pkm-sword-shield-11-lost-origin-premium-checklane-blister-en\/#breadcrumb\"},\"inLanguage\":\"en-US\",\"potentialAction\":[{\"@type\":\"ReadAction\",\"target\":[\"https:\/\/www.colossalstore.es\/tienda\/tcg\/pokemon\/pkm-sword-shield-11-lost-origin-premium-checklane-blister-en\/\"]}]},{\"@type\":\"ImageObject\",\"inLanguage\":\"en-US\",\"@id\":\"https:\/\/www.colossalstore.es\/tienda\/tcg\/pokemon\/pkm-sword-shield-11-lost-origin-premium-checklane-blister-en\/#primaryimage\",\"url\":\"https:\/\/www.colossalstore.es\/wp-content\/uploads\/2022\/10\/pokemon-tcg-sword-shield-11-checklane-blister-premium-ingles.jpg\",\"contentUrl\":\"https:\/\/www.colossalstore.es\/wp-content\/uploads\/2022\/10\/pokemon-tcg-sword-shield-11-checklane-blister-premium-ingles.jpg\",\"width\":771,\"height\":1000},{\"@type\":\"BreadcrumbList\",\"@id\":\"https:\/\/www.colossalstore.es\/tienda\/tcg\/pokemon\/pkm-sword-shield-11-lost-origin-premium-checklane-blister-en\/#breadcrumb\",\"itemListElement\":[{\"@type\":\"ListItem\",\"position\":1,\"name\":\"Home\",\"item\":\"https:\/\/www.colossalstore.es\/\"},{\"@type\":\"ListItem\",\"position\":2,\"name\":\"Tienda\",\"item\":\"https:\/\/www.colossalstore.es\/tienda\/\"},{\"@type\":\"ListItem\",\"position\":3,\"name\":\"Pok\u00e9mon &#8211; Sword and Shield 11 Lost Origin Premium Checklane EN Infernape line\"}]},{\"@type\":\"WebSite\",\"@id\":\"https:\/\/www.colossalstore.es\/#website\",\"url\":\"https:\/\/www.colossalstore.es\/\",\"name\":\"Colossal Store\",\"description\":\"Colossal Store, tienda especializada en TCGs.\",\"publisher\":{\"@id\":\"https:\/\/www.colossalstore.es\/#organization\"},\"alternateName\":\"Colossal Store\",\"potentialAction\":[{\"@type\":\"SearchAction\",\"target\":{\"@type\":\"EntryPoint\",\"urlTemplate\":\"https:\/\/www.colossalstore.es\/?s={search_term_string}\"},\"query-input\":{\"@type\":\"PropertyValueSpecification\",\"valueRequired\":true,\"valueName\":\"search_term_string\"}}],\"inLanguage\":\"en-US\"},{\"@type\":\"Organization\",\"@id\":\"https:\/\/www.colossalstore.es\/#organization\",\"name\":\"Colossal Store\",\"url\":\"https:\/\/www.colossalstore.es\/\",\"logo\":{\"@type\":\"ImageObject\",\"inLanguage\":\"en-US\",\"@id\":\"https:\/\/www.colossalstore.es\/#\/schema\/logo\/image\/\",\"url\":\"https:\/\/www.colossalstore.es\/wp-content\/uploads\/2023\/05\/Colossal_Logo-02.png\",\"contentUrl\":\"https:\/\/www.colossalstore.es\/wp-content\/uploads\/2023\/05\/Colossal_Logo-02.png\",\"width\":1181,\"height\":1181,\"caption\":\"Colossal Store\"},\"image\":{\"@id\":\"https:\/\/www.colossalstore.es\/#\/schema\/logo\/image\/\"},\"sameAs\":[\"https:\/\/x.com\/Colossal_Store\",\"https:\/\/www.instagram.com\/colossal_store_tcg\/\",\"https:\/\/www.tiktok.com\/@colossalstore\"]}]}<\/script>\n<!-- \/ Yoast SEO plugin. -->","yoast_head_json":{"title":"Pok\u00e9mon Lost Origin Infernape - Sword and Shield 11 Lost Origin Premium Checklane EN | Colossal Store","description":"Pok\u00e9mon Lost Origin Infernape - Sword and Shield 11 Lost Origin Premium Checklane EN","robots":{"index":"index","follow":"follow","max-snippet":"max-snippet:-1","max-image-preview":"max-image-preview:large","max-video-preview":"max-video-preview:-1"},"canonical":"https:\/\/www.colossalstore.es\/en\/tienda\/tcg\/pokemon\/pkm-sword-shield-11-lost-origin-premium-checklane-blister-en\/","og_locale":"en_US","og_type":"article","og_title":"Pok\u00e9mon Lost Origin Infernape - Sword and Shield 11 Lost Origin Premium Checklane EN | Colossal Store","og_description":"Pok\u00e9mon Lost Origin Infernape - Sword and Shield 11 Lost Origin Premium Checklane EN","og_url":"https:\/\/www.colossalstore.es\/en\/tienda\/tcg\/pokemon\/pkm-sword-shield-11-lost-origin-premium-checklane-blister-en\/","og_site_name":"Colossal Store","article_modified_time":"2025-06-20T09:19:24+00:00","og_image":[{"width":771,"height":1000,"url":"https:\/\/www.colossalstore.es\/wp-content\/uploads\/2022\/10\/pokemon-tcg-sword-shield-11-checklane-blister-premium-ingles.jpg","type":"image\/jpeg"}],"twitter_card":"summary_large_image","twitter_site":"@Colossal_Store","twitter_misc":{"Est. reading time":"1 minute"},"schema":{"@context":"https:\/\/schema.org","@graph":[{"@type":"WebPage","@id":"https:\/\/www.colossalstore.es\/tienda\/tcg\/pokemon\/pkm-sword-shield-11-lost-origin-premium-checklane-blister-en\/","url":"https:\/\/www.colossalstore.es\/tienda\/tcg\/pokemon\/pkm-sword-shield-11-lost-origin-premium-checklane-blister-en\/","name":"Pok\u00e9mon Lost Origin Infernape - Sword and Shield 11 Lost Origin Premium Checklane EN | Colossal Store","isPartOf":{"@id":"https:\/\/www.colossalstore.es\/#website"},"primaryImageOfPage":{"@id":"https:\/\/www.colossalstore.es\/tienda\/tcg\/pokemon\/pkm-sword-shield-11-lost-origin-premium-checklane-blister-en\/#primaryimage"},"image":{"@id":"https:\/\/www.colossalstore.es\/tienda\/tcg\/pokemon\/pkm-sword-shield-11-lost-origin-premium-checklane-blister-en\/#primaryimage"},"thumbnailUrl":"https:\/\/www.colossalstore.es\/wp-content\/uploads\/2022\/10\/pokemon-tcg-sword-shield-11-checklane-blister-premium-ingles.jpg","datePublished":"2022-10-04T15:35:17+00:00","dateModified":"2025-06-20T09:19:24+00:00","description":"Pok\u00e9mon Lost Origin Infernape - Sword and Shield 11 Lost Origin Premium Checklane EN","breadcrumb":{"@id":"https:\/\/www.colossalstore.es\/tienda\/tcg\/pokemon\/pkm-sword-shield-11-lost-origin-premium-checklane-blister-en\/#breadcrumb"},"inLanguage":"en-US","potentialAction":[{"@type":"ReadAction","target":["https:\/\/www.colossalstore.es\/tienda\/tcg\/pokemon\/pkm-sword-shield-11-lost-origin-premium-checklane-blister-en\/"]}]},{"@type":"ImageObject","inLanguage":"en-US","@id":"https:\/\/www.colossalstore.es\/tienda\/tcg\/pokemon\/pkm-sword-shield-11-lost-origin-premium-checklane-blister-en\/#primaryimage","url":"https:\/\/www.colossalstore.es\/wp-content\/uploads\/2022\/10\/pokemon-tcg-sword-shield-11-checklane-blister-premium-ingles.jpg","contentUrl":"https:\/\/www.colossalstore.es\/wp-content\/uploads\/2022\/10\/pokemon-tcg-sword-shield-11-checklane-blister-premium-ingles.jpg","width":771,"height":1000},{"@type":"BreadcrumbList","@id":"https:\/\/www.colossalstore.es\/tienda\/tcg\/pokemon\/pkm-sword-shield-11-lost-origin-premium-checklane-blister-en\/#breadcrumb","itemListElement":[{"@type":"ListItem","position":1,"name":"Home","item":"https:\/\/www.colossalstore.es\/"},{"@type":"ListItem","position":2,"name":"Tienda","item":"https:\/\/www.colossalstore.es\/tienda\/"},{"@type":"ListItem","position":3,"name":"Pok\u00e9mon &#8211; Sword and Shield 11 Lost Origin Premium Checklane EN Infernape line"}]},{"@type":"WebSite","@id":"https:\/\/www.colossalstore.es\/#website","url":"https:\/\/www.colossalstore.es\/","name":"Colossal Store","description":"Colossal Store, store specialized in TCGs.","publisher":{"@id":"https:\/\/www.colossalstore.es\/#organization"},"alternateName":"Colossal Store","potentialAction":[{"@type":"SearchAction","target":{"@type":"EntryPoint","urlTemplate":"https:\/\/www.colossalstore.es\/?s={search_term_string}"},"query-input":{"@type":"PropertyValueSpecification","valueRequired":true,"valueName":"search_term_string"}}],"inLanguage":"en-US"},{"@type":"Organization","@id":"https:\/\/www.colossalstore.es\/#organization","name":"Colossal Store","url":"https:\/\/www.colossalstore.es\/","logo":{"@type":"ImageObject","inLanguage":"en-US","@id":"https:\/\/www.colossalstore.es\/#\/schema\/logo\/image\/","url":"https:\/\/www.colossalstore.es\/wp-content\/uploads\/2023\/05\/Colossal_Logo-02.png","contentUrl":"https:\/\/www.colossalstore.es\/wp-content\/uploads\/2023\/05\/Colossal_Logo-02.png","width":1181,"height":1181,"caption":"Colossal Store"},"image":{"@id":"https:\/\/www.colossalstore.es\/#\/schema\/logo\/image\/"},"sameAs":["https:\/\/x.com\/Colossal_Store","https:\/\/www.instagram.com\/colossal_store_tcg\/","https:\/\/www.tiktok.com\/@colossalstore"]}]}},"_links":{"self":[{"href":"https:\/\/www.colossalstore.es\/en\/wp-json\/wp\/v2\/product\/1570","targetHints":{"allow":["GET"]}}],"collection":[{"href":"https:\/\/www.colossalstore.es\/en\/wp-json\/wp\/v2\/product"}],"about":[{"href":"https:\/\/www.colossalstore.es\/en\/wp-json\/wp\/v2\/types\/product"}],"replies":[{"embeddable":true,"href":"https:\/\/www.colossalstore.es\/en\/wp-json\/wp\/v2\/comments?post=1570"}],"wp:featuredmedia":[{"embeddable":true,"href":"https:\/\/www.colossalstore.es\/en\/wp-json\/wp\/v2\/media\/1571"}],"wp:attachment":[{"href":"https:\/\/www.colossalstore.es\/en\/wp-json\/wp\/v2\/media?parent=1570"}],"wp:term":[{"taxonomy":"product_brand","embeddable":true,"href":"https:\/\/www.colossalstore.es\/en\/wp-json\/wp\/v2\/product_brand?post=1570"},{"taxonomy":"product_cat","embeddable":true,"href":"https:\/\/www.colossalstore.es\/en\/wp-json\/wp\/v2\/product_cat?post=1570"},{"taxonomy":"product_tag","embeddable":true,"href":"https:\/\/www.colossalstore.es\/en\/wp-json\/wp\/v2\/product_tag?post=1570"}],"curies":[{"name":"wp","href":"https:\/\/api.w.org\/{rel}","templated":true}]}}