{"id":1366,"date":"2022-10-01T11:25:12","date_gmt":"2022-10-01T09:25:12","guid":{"rendered":"https:\/\/colossalstore.es\/?post_type=product&#038;p=1366"},"modified":"2025-06-20T11:19:28","modified_gmt":"2025-06-20T09:19:28","slug":"jujutsu-kaisen-01","status":"publish","type":"product","link":"https:\/\/www.colossalstore.es\/en\/tienda\/manga\/jujutsu-kaisen-01\/","title":{"rendered":"Jujutsu Kaisen 1"},"content":{"rendered":"<p>Jujutsu Kaisen volume 1 (Gege Akutami)<\/p>\n<p>JUJUTSU KAISEN, THE SH\u00d4NEN THAT IS CAUSING A RAVE IN JAPAN, IS COMING!<\/p>\n<p>Y\u00fbji Itadori is a student with exceptional physical abilities. Every day, as a routine, he goes to the hospital to visit his sick grandfather and decides to join the school&#039;s occult club so as not to do a stroke of work... However, one day the seal of the talisman that was hidden in his school is broken, and monsters begin to appear. Faced with this turn of events, Itadori decides to enter the school to save his classmates. What will fate have in store for him?<\/p>","protected":false},"excerpt":{"rendered":"<p>Jujutsu Kaisen tomo 1 (Gege Akutami) \u00a1LLEGA JUJUTSU KAISEN, EL SH\u00d4NEN QUE EST\u00c1 CAUSANDO FUROR EN JAP\u00d3N! Y\u00fbji Itadori es un estudiante con unas habilidades f\u00edsicas excepcionales. Todos los d\u00edas, como rutina, va al hospital a visitar a su abuelo enfermo y decide apuntarse al club de ocultismo del instituto para no dar un palo [&hellip;]<\/p>","protected":false},"featured_media":1367,"comment_status":"open","ping_status":"closed","template":"","meta":{"_joinchat":[]},"product_brand":[],"product_cat":[32],"product_tag":[],"class_list":{"0":"post-1366","1":"product","2":"type-product","3":"status-publish","4":"has-post-thumbnail","6":"product_cat-manga","8":"first","9":"outofstock","10":"sale","11":"taxable","12":"shipping-taxable","13":"purchasable","14":"product-type-simple"},"yoast_head":"<!-- This site is optimized with the Yoast SEO plugin v25.7 - https:\/\/yoast.com\/wordpress\/plugins\/seo\/ -->\n<title>Jujutsu Kaisen tomo 1 (Gege Akutami) | Colossal Store<\/title>\n<meta name=\"description\" content=\"Jujutsu Kaisen tomo 1 (Gege Akutami) \u00a1LLEGA JUJUTSU KAISEN, EL SH\u00d4NEN QUE EST\u00c1 CAUSANDO FUROR EN JAP\u00d3N!\" \/>\n<meta name=\"robots\" content=\"index, follow, max-snippet:-1, max-image-preview:large, max-video-preview:-1\" \/>\n<link rel=\"canonical\" href=\"https:\/\/www.colossalstore.es\/en\/tienda\/manga\/jujutsu-kaisen-01\/\" \/>\n<meta property=\"og:locale\" content=\"en_US\" \/>\n<meta property=\"og:type\" content=\"article\" \/>\n<meta property=\"og:title\" content=\"Jujutsu Kaisen tomo 1 (Gege Akutami) | Colossal Store\" \/>\n<meta property=\"og:description\" content=\"Jujutsu Kaisen tomo 1 (Gege Akutami) \u00a1LLEGA JUJUTSU KAISEN, EL SH\u00d4NEN QUE EST\u00c1 CAUSANDO FUROR EN JAP\u00d3N!\" \/>\n<meta property=\"og:url\" content=\"https:\/\/www.colossalstore.es\/en\/tienda\/manga\/jujutsu-kaisen-01\/\" \/>\n<meta property=\"og:site_name\" content=\"Colossal Store\" \/>\n<meta property=\"article:modified_time\" content=\"2025-06-20T09:19:28+00:00\" \/>\n<meta property=\"og:image\" content=\"https:\/\/www.colossalstore.es\/wp-content\/uploads\/2022\/10\/81uUEDB4INL.jpg\" \/>\n\t<meta property=\"og:image:width\" content=\"1357\" \/>\n\t<meta property=\"og:image:height\" content=\"2066\" \/>\n\t<meta property=\"og:image:type\" content=\"image\/jpeg\" \/>\n<meta name=\"twitter:card\" content=\"summary_large_image\" \/>\n<meta name=\"twitter:site\" content=\"@Colossal_Store\" \/>\n<meta name=\"twitter:label1\" content=\"Est. reading time\" \/>\n\t<meta name=\"twitter:data1\" content=\"1 minute\" \/>\n<script type=\"application\/ld+json\" class=\"yoast-schema-graph\">{\"@context\":\"https:\/\/schema.org\",\"@graph\":[{\"@type\":\"WebPage\",\"@id\":\"https:\/\/www.colossalstore.es\/tienda\/manga\/jujutsu-kaisen-01\/\",\"url\":\"https:\/\/www.colossalstore.es\/tienda\/manga\/jujutsu-kaisen-01\/\",\"name\":\"Jujutsu Kaisen tomo 1 (Gege Akutami) | Colossal Store\",\"isPartOf\":{\"@id\":\"https:\/\/www.colossalstore.es\/#website\"},\"primaryImageOfPage\":{\"@id\":\"https:\/\/www.colossalstore.es\/tienda\/manga\/jujutsu-kaisen-01\/#primaryimage\"},\"image\":{\"@id\":\"https:\/\/www.colossalstore.es\/tienda\/manga\/jujutsu-kaisen-01\/#primaryimage\"},\"thumbnailUrl\":\"https:\/\/www.colossalstore.es\/wp-content\/uploads\/2022\/10\/81uUEDB4INL.jpg\",\"datePublished\":\"2022-10-01T09:25:12+00:00\",\"dateModified\":\"2025-06-20T09:19:28+00:00\",\"description\":\"Jujutsu Kaisen tomo 1 (Gege Akutami) \u00a1LLEGA JUJUTSU KAISEN, EL SH\u00d4NEN QUE EST\u00c1 CAUSANDO FUROR EN JAP\u00d3N!\",\"breadcrumb\":{\"@id\":\"https:\/\/www.colossalstore.es\/tienda\/manga\/jujutsu-kaisen-01\/#breadcrumb\"},\"inLanguage\":\"en-US\",\"potentialAction\":[{\"@type\":\"ReadAction\",\"target\":[\"https:\/\/www.colossalstore.es\/tienda\/manga\/jujutsu-kaisen-01\/\"]}]},{\"@type\":\"ImageObject\",\"inLanguage\":\"en-US\",\"@id\":\"https:\/\/www.colossalstore.es\/tienda\/manga\/jujutsu-kaisen-01\/#primaryimage\",\"url\":\"https:\/\/www.colossalstore.es\/wp-content\/uploads\/2022\/10\/81uUEDB4INL.jpg\",\"contentUrl\":\"https:\/\/www.colossalstore.es\/wp-content\/uploads\/2022\/10\/81uUEDB4INL.jpg\",\"width\":1357,\"height\":2066},{\"@type\":\"BreadcrumbList\",\"@id\":\"https:\/\/www.colossalstore.es\/tienda\/manga\/jujutsu-kaisen-01\/#breadcrumb\",\"itemListElement\":[{\"@type\":\"ListItem\",\"position\":1,\"name\":\"Home\",\"item\":\"https:\/\/www.colossalstore.es\/\"},{\"@type\":\"ListItem\",\"position\":2,\"name\":\"Tienda\",\"item\":\"https:\/\/www.colossalstore.es\/tienda\/\"},{\"@type\":\"ListItem\",\"position\":3,\"name\":\"Jujutsu Kaisen 1\"}]},{\"@type\":\"WebSite\",\"@id\":\"https:\/\/www.colossalstore.es\/#website\",\"url\":\"https:\/\/www.colossalstore.es\/\",\"name\":\"Colossal Store\",\"description\":\"Colossal Store, tienda especializada en TCGs.\",\"publisher\":{\"@id\":\"https:\/\/www.colossalstore.es\/#organization\"},\"alternateName\":\"Colossal Store\",\"potentialAction\":[{\"@type\":\"SearchAction\",\"target\":{\"@type\":\"EntryPoint\",\"urlTemplate\":\"https:\/\/www.colossalstore.es\/?s={search_term_string}\"},\"query-input\":{\"@type\":\"PropertyValueSpecification\",\"valueRequired\":true,\"valueName\":\"search_term_string\"}}],\"inLanguage\":\"en-US\"},{\"@type\":\"Organization\",\"@id\":\"https:\/\/www.colossalstore.es\/#organization\",\"name\":\"Colossal Store\",\"url\":\"https:\/\/www.colossalstore.es\/\",\"logo\":{\"@type\":\"ImageObject\",\"inLanguage\":\"en-US\",\"@id\":\"https:\/\/www.colossalstore.es\/#\/schema\/logo\/image\/\",\"url\":\"https:\/\/www.colossalstore.es\/wp-content\/uploads\/2023\/05\/Colossal_Logo-02.png\",\"contentUrl\":\"https:\/\/www.colossalstore.es\/wp-content\/uploads\/2023\/05\/Colossal_Logo-02.png\",\"width\":1181,\"height\":1181,\"caption\":\"Colossal Store\"},\"image\":{\"@id\":\"https:\/\/www.colossalstore.es\/#\/schema\/logo\/image\/\"},\"sameAs\":[\"https:\/\/x.com\/Colossal_Store\",\"https:\/\/www.instagram.com\/colossal_store_tcg\/\",\"https:\/\/www.tiktok.com\/@colossalstore\"]}]}<\/script>\n<!-- \/ Yoast SEO plugin. -->","yoast_head_json":{"title":"Jujutsu Kaisen tomo 1 (Gege Akutami) | Colossal Store","description":"Jujutsu Kaisen tomo 1 (Gege Akutami) \u00a1LLEGA JUJUTSU KAISEN, EL SH\u00d4NEN QUE EST\u00c1 CAUSANDO FUROR EN JAP\u00d3N!","robots":{"index":"index","follow":"follow","max-snippet":"max-snippet:-1","max-image-preview":"max-image-preview:large","max-video-preview":"max-video-preview:-1"},"canonical":"https:\/\/www.colossalstore.es\/en\/tienda\/manga\/jujutsu-kaisen-01\/","og_locale":"en_US","og_type":"article","og_title":"Jujutsu Kaisen tomo 1 (Gege Akutami) | Colossal Store","og_description":"Jujutsu Kaisen tomo 1 (Gege Akutami) \u00a1LLEGA JUJUTSU KAISEN, EL SH\u00d4NEN QUE EST\u00c1 CAUSANDO FUROR EN JAP\u00d3N!","og_url":"https:\/\/www.colossalstore.es\/en\/tienda\/manga\/jujutsu-kaisen-01\/","og_site_name":"Colossal Store","article_modified_time":"2025-06-20T09:19:28+00:00","og_image":[{"width":1357,"height":2066,"url":"https:\/\/www.colossalstore.es\/wp-content\/uploads\/2022\/10\/81uUEDB4INL.jpg","type":"image\/jpeg"}],"twitter_card":"summary_large_image","twitter_site":"@Colossal_Store","twitter_misc":{"Est. reading time":"1 minute"},"schema":{"@context":"https:\/\/schema.org","@graph":[{"@type":"WebPage","@id":"https:\/\/www.colossalstore.es\/tienda\/manga\/jujutsu-kaisen-01\/","url":"https:\/\/www.colossalstore.es\/tienda\/manga\/jujutsu-kaisen-01\/","name":"Jujutsu Kaisen tomo 1 (Gege Akutami) | Colossal Store","isPartOf":{"@id":"https:\/\/www.colossalstore.es\/#website"},"primaryImageOfPage":{"@id":"https:\/\/www.colossalstore.es\/tienda\/manga\/jujutsu-kaisen-01\/#primaryimage"},"image":{"@id":"https:\/\/www.colossalstore.es\/tienda\/manga\/jujutsu-kaisen-01\/#primaryimage"},"thumbnailUrl":"https:\/\/www.colossalstore.es\/wp-content\/uploads\/2022\/10\/81uUEDB4INL.jpg","datePublished":"2022-10-01T09:25:12+00:00","dateModified":"2025-06-20T09:19:28+00:00","description":"Jujutsu Kaisen tomo 1 (Gege Akutami) \u00a1LLEGA JUJUTSU KAISEN, EL SH\u00d4NEN QUE EST\u00c1 CAUSANDO FUROR EN JAP\u00d3N!","breadcrumb":{"@id":"https:\/\/www.colossalstore.es\/tienda\/manga\/jujutsu-kaisen-01\/#breadcrumb"},"inLanguage":"en-US","potentialAction":[{"@type":"ReadAction","target":["https:\/\/www.colossalstore.es\/tienda\/manga\/jujutsu-kaisen-01\/"]}]},{"@type":"ImageObject","inLanguage":"en-US","@id":"https:\/\/www.colossalstore.es\/tienda\/manga\/jujutsu-kaisen-01\/#primaryimage","url":"https:\/\/www.colossalstore.es\/wp-content\/uploads\/2022\/10\/81uUEDB4INL.jpg","contentUrl":"https:\/\/www.colossalstore.es\/wp-content\/uploads\/2022\/10\/81uUEDB4INL.jpg","width":1357,"height":2066},{"@type":"BreadcrumbList","@id":"https:\/\/www.colossalstore.es\/tienda\/manga\/jujutsu-kaisen-01\/#breadcrumb","itemListElement":[{"@type":"ListItem","position":1,"name":"Home","item":"https:\/\/www.colossalstore.es\/"},{"@type":"ListItem","position":2,"name":"Tienda","item":"https:\/\/www.colossalstore.es\/tienda\/"},{"@type":"ListItem","position":3,"name":"Jujutsu Kaisen 1"}]},{"@type":"WebSite","@id":"https:\/\/www.colossalstore.es\/#website","url":"https:\/\/www.colossalstore.es\/","name":"Colossal Store","description":"Colossal Store, store specialized in TCGs.","publisher":{"@id":"https:\/\/www.colossalstore.es\/#organization"},"alternateName":"Colossal Store","potentialAction":[{"@type":"SearchAction","target":{"@type":"EntryPoint","urlTemplate":"https:\/\/www.colossalstore.es\/?s={search_term_string}"},"query-input":{"@type":"PropertyValueSpecification","valueRequired":true,"valueName":"search_term_string"}}],"inLanguage":"en-US"},{"@type":"Organization","@id":"https:\/\/www.colossalstore.es\/#organization","name":"Colossal Store","url":"https:\/\/www.colossalstore.es\/","logo":{"@type":"ImageObject","inLanguage":"en-US","@id":"https:\/\/www.colossalstore.es\/#\/schema\/logo\/image\/","url":"https:\/\/www.colossalstore.es\/wp-content\/uploads\/2023\/05\/Colossal_Logo-02.png","contentUrl":"https:\/\/www.colossalstore.es\/wp-content\/uploads\/2023\/05\/Colossal_Logo-02.png","width":1181,"height":1181,"caption":"Colossal Store"},"image":{"@id":"https:\/\/www.colossalstore.es\/#\/schema\/logo\/image\/"},"sameAs":["https:\/\/x.com\/Colossal_Store","https:\/\/www.instagram.com\/colossal_store_tcg\/","https:\/\/www.tiktok.com\/@colossalstore"]}]}},"_links":{"self":[{"href":"https:\/\/www.colossalstore.es\/en\/wp-json\/wp\/v2\/product\/1366","targetHints":{"allow":["GET"]}}],"collection":[{"href":"https:\/\/www.colossalstore.es\/en\/wp-json\/wp\/v2\/product"}],"about":[{"href":"https:\/\/www.colossalstore.es\/en\/wp-json\/wp\/v2\/types\/product"}],"replies":[{"embeddable":true,"href":"https:\/\/www.colossalstore.es\/en\/wp-json\/wp\/v2\/comments?post=1366"}],"wp:featuredmedia":[{"embeddable":true,"href":"https:\/\/www.colossalstore.es\/en\/wp-json\/wp\/v2\/media\/1367"}],"wp:attachment":[{"href":"https:\/\/www.colossalstore.es\/en\/wp-json\/wp\/v2\/media?parent=1366"}],"wp:term":[{"taxonomy":"product_brand","embeddable":true,"href":"https:\/\/www.colossalstore.es\/en\/wp-json\/wp\/v2\/product_brand?post=1366"},{"taxonomy":"product_cat","embeddable":true,"href":"https:\/\/www.colossalstore.es\/en\/wp-json\/wp\/v2\/product_cat?post=1366"},{"taxonomy":"product_tag","embeddable":true,"href":"https:\/\/www.colossalstore.es\/en\/wp-json\/wp\/v2\/product_tag?post=1366"}],"curies":[{"name":"wp","href":"https:\/\/api.w.org\/{rel}","templated":true}]}}