{"id":1364,"date":"2022-10-01T11:24:29","date_gmt":"2022-10-01T09:24:29","guid":{"rendered":"https:\/\/colossalstore.es\/?post_type=product&#038;p=1364"},"modified":"2026-01-05T20:40:36","modified_gmt":"2026-01-05T19:40:36","slug":"aquella-vez-que-me-converti-en-slime-02","status":"publish","type":"product","link":"https:\/\/www.colossalstore.es\/en\/tienda\/manga\/aquella-vez-que-me-converti-en-slime-02\/","title":{"rendered":"AQUELLA VEZ QUE ME CONVERTI EN SLIME 2"},"content":{"rendered":"<p>Tensura volume 2 (Taiki Kawakami)<\/p>\n<p>THE ADVENTURES OF THIS PECULIAR SLIME CONTINUE!<\/p>\n<p>The trial orchestrated by Bester ends without any problems other than the expulsion of Rimur and his new companions from the kingdom of Dwargon. To his surprise, once back at the village, our slime finds that hundreds of goblins have come seeking his protection. With all these new additions, the need to build a new town for everyone is undeniable. Simultaneously with all this, a group of adventurers enters the Jura forest to gather information about the mysterious events that have occurred recently, which leads to a predestined encounter...<\/p>","protected":false},"excerpt":{"rendered":"<p>Tensura tomo 2 (Taiki Kawakami) \u00a1CONTIN\u00daAN LAS AVENTURAS DE ESTE PECULIAR SLIME! El juicio orquestado por Bester termina sin m\u00e1s problemas que la expulsi\u00f3n de Rimur y sus nuevos compa\u00f1eros del reino de Dwargon. Para su sorpresa, una vez de vuelta a la aldea, nuestro slime se encuentra con que cientos de goblins han acudido [&hellip;]<\/p>","protected":false},"featured_media":1365,"comment_status":"open","ping_status":"closed","template":"","meta":{"_joinchat":[]},"product_brand":[],"product_cat":[32],"product_tag":[],"class_list":{"0":"post-1364","1":"product","2":"type-product","3":"status-publish","4":"has-post-thumbnail","6":"product_cat-manga","8":"first","9":"outofstock","10":"taxable","11":"shipping-taxable","12":"purchasable","13":"product-type-simple"},"yoast_head":"<!-- This site is optimized with the Yoast SEO plugin v25.7 - https:\/\/yoast.com\/wordpress\/plugins\/seo\/ -->\n<title>Tensura tomo 2 (Taiki Kawakami) | Colossal Store<\/title>\n<meta name=\"description\" content=\"Tensura tomo 2 (Taiki Kawakami) \u00a1CONTIN\u00daAN LAS AVENTURAS DE ESTE PECULIAR SLIME!\" \/>\n<meta name=\"robots\" content=\"index, follow, max-snippet:-1, max-image-preview:large, max-video-preview:-1\" \/>\n<link rel=\"canonical\" href=\"https:\/\/www.colossalstore.es\/en\/tienda\/manga\/aquella-vez-que-me-converti-en-slime-02\/\" \/>\n<meta property=\"og:locale\" content=\"en_US\" \/>\n<meta property=\"og:type\" content=\"article\" \/>\n<meta property=\"og:title\" content=\"Tensura tomo 2 (Taiki Kawakami) | Colossal Store\" \/>\n<meta property=\"og:description\" content=\"Tensura tomo 2 (Taiki Kawakami) \u00a1CONTIN\u00daAN LAS AVENTURAS DE ESTE PECULIAR SLIME!\" \/>\n<meta property=\"og:url\" content=\"https:\/\/www.colossalstore.es\/en\/tienda\/manga\/aquella-vez-que-me-converti-en-slime-02\/\" \/>\n<meta property=\"og:site_name\" content=\"Colossal Store\" \/>\n<meta property=\"article:modified_time\" content=\"2026-01-05T19:40:36+00:00\" \/>\n<meta property=\"og:image\" content=\"https:\/\/www.colossalstore.es\/wp-content\/uploads\/2022\/10\/slime_2.jpg\" \/>\n\t<meta property=\"og:image:width\" content=\"588\" \/>\n\t<meta property=\"og:image:height\" content=\"473\" \/>\n\t<meta property=\"og:image:type\" content=\"image\/jpeg\" \/>\n<meta name=\"twitter:card\" content=\"summary_large_image\" \/>\n<meta name=\"twitter:site\" content=\"@Colossal_Store\" \/>\n<meta name=\"twitter:label1\" content=\"Est. reading time\" \/>\n\t<meta name=\"twitter:data1\" content=\"1 minute\" \/>\n<script type=\"application\/ld+json\" class=\"yoast-schema-graph\">{\"@context\":\"https:\/\/schema.org\",\"@graph\":[{\"@type\":\"WebPage\",\"@id\":\"https:\/\/www.colossalstore.es\/tienda\/manga\/aquella-vez-que-me-converti-en-slime-02\/\",\"url\":\"https:\/\/www.colossalstore.es\/tienda\/manga\/aquella-vez-que-me-converti-en-slime-02\/\",\"name\":\"Tensura tomo 2 (Taiki Kawakami) | Colossal Store\",\"isPartOf\":{\"@id\":\"https:\/\/www.colossalstore.es\/#website\"},\"primaryImageOfPage\":{\"@id\":\"https:\/\/www.colossalstore.es\/tienda\/manga\/aquella-vez-que-me-converti-en-slime-02\/#primaryimage\"},\"image\":{\"@id\":\"https:\/\/www.colossalstore.es\/tienda\/manga\/aquella-vez-que-me-converti-en-slime-02\/#primaryimage\"},\"thumbnailUrl\":\"https:\/\/www.colossalstore.es\/wp-content\/uploads\/2022\/10\/slime_2.jpg\",\"datePublished\":\"2022-10-01T09:24:29+00:00\",\"dateModified\":\"2026-01-05T19:40:36+00:00\",\"description\":\"Tensura tomo 2 (Taiki Kawakami) \u00a1CONTIN\u00daAN LAS AVENTURAS DE ESTE PECULIAR SLIME!\",\"breadcrumb\":{\"@id\":\"https:\/\/www.colossalstore.es\/tienda\/manga\/aquella-vez-que-me-converti-en-slime-02\/#breadcrumb\"},\"inLanguage\":\"en-US\",\"potentialAction\":[{\"@type\":\"ReadAction\",\"target\":[\"https:\/\/www.colossalstore.es\/tienda\/manga\/aquella-vez-que-me-converti-en-slime-02\/\"]}]},{\"@type\":\"ImageObject\",\"inLanguage\":\"en-US\",\"@id\":\"https:\/\/www.colossalstore.es\/tienda\/manga\/aquella-vez-que-me-converti-en-slime-02\/#primaryimage\",\"url\":\"https:\/\/www.colossalstore.es\/wp-content\/uploads\/2022\/10\/slime_2.jpg\",\"contentUrl\":\"https:\/\/www.colossalstore.es\/wp-content\/uploads\/2022\/10\/slime_2.jpg\",\"width\":588,\"height\":473},{\"@type\":\"BreadcrumbList\",\"@id\":\"https:\/\/www.colossalstore.es\/tienda\/manga\/aquella-vez-que-me-converti-en-slime-02\/#breadcrumb\",\"itemListElement\":[{\"@type\":\"ListItem\",\"position\":1,\"name\":\"Home\",\"item\":\"https:\/\/www.colossalstore.es\/\"},{\"@type\":\"ListItem\",\"position\":2,\"name\":\"Tienda\",\"item\":\"https:\/\/www.colossalstore.es\/tienda\/\"},{\"@type\":\"ListItem\",\"position\":3,\"name\":\"AQUELLA VEZ QUE ME CONVERTI EN SLIME 2\"}]},{\"@type\":\"WebSite\",\"@id\":\"https:\/\/www.colossalstore.es\/#website\",\"url\":\"https:\/\/www.colossalstore.es\/\",\"name\":\"Colossal Store\",\"description\":\"Colossal Store, tienda especializada en TCGs.\",\"publisher\":{\"@id\":\"https:\/\/www.colossalstore.es\/#organization\"},\"alternateName\":\"Colossal Store\",\"potentialAction\":[{\"@type\":\"SearchAction\",\"target\":{\"@type\":\"EntryPoint\",\"urlTemplate\":\"https:\/\/www.colossalstore.es\/?s={search_term_string}\"},\"query-input\":{\"@type\":\"PropertyValueSpecification\",\"valueRequired\":true,\"valueName\":\"search_term_string\"}}],\"inLanguage\":\"en-US\"},{\"@type\":\"Organization\",\"@id\":\"https:\/\/www.colossalstore.es\/#organization\",\"name\":\"Colossal Store\",\"url\":\"https:\/\/www.colossalstore.es\/\",\"logo\":{\"@type\":\"ImageObject\",\"inLanguage\":\"en-US\",\"@id\":\"https:\/\/www.colossalstore.es\/#\/schema\/logo\/image\/\",\"url\":\"https:\/\/www.colossalstore.es\/wp-content\/uploads\/2023\/05\/Colossal_Logo-02.png\",\"contentUrl\":\"https:\/\/www.colossalstore.es\/wp-content\/uploads\/2023\/05\/Colossal_Logo-02.png\",\"width\":1181,\"height\":1181,\"caption\":\"Colossal Store\"},\"image\":{\"@id\":\"https:\/\/www.colossalstore.es\/#\/schema\/logo\/image\/\"},\"sameAs\":[\"https:\/\/x.com\/Colossal_Store\",\"https:\/\/www.instagram.com\/colossal_store_tcg\/\",\"https:\/\/www.tiktok.com\/@colossalstore\"]}]}<\/script>\n<!-- \/ Yoast SEO plugin. -->","yoast_head_json":{"title":"Tensura tomo 2 (Taiki Kawakami) | Colossal Store","description":"Tensura tomo 2 (Taiki Kawakami) \u00a1CONTIN\u00daAN LAS AVENTURAS DE ESTE PECULIAR SLIME!","robots":{"index":"index","follow":"follow","max-snippet":"max-snippet:-1","max-image-preview":"max-image-preview:large","max-video-preview":"max-video-preview:-1"},"canonical":"https:\/\/www.colossalstore.es\/en\/tienda\/manga\/aquella-vez-que-me-converti-en-slime-02\/","og_locale":"en_US","og_type":"article","og_title":"Tensura tomo 2 (Taiki Kawakami) | Colossal Store","og_description":"Tensura tomo 2 (Taiki Kawakami) \u00a1CONTIN\u00daAN LAS AVENTURAS DE ESTE PECULIAR SLIME!","og_url":"https:\/\/www.colossalstore.es\/en\/tienda\/manga\/aquella-vez-que-me-converti-en-slime-02\/","og_site_name":"Colossal Store","article_modified_time":"2026-01-05T19:40:36+00:00","og_image":[{"width":588,"height":473,"url":"https:\/\/www.colossalstore.es\/wp-content\/uploads\/2022\/10\/slime_2.jpg","type":"image\/jpeg"}],"twitter_card":"summary_large_image","twitter_site":"@Colossal_Store","twitter_misc":{"Est. reading time":"1 minute"},"schema":{"@context":"https:\/\/schema.org","@graph":[{"@type":"WebPage","@id":"https:\/\/www.colossalstore.es\/tienda\/manga\/aquella-vez-que-me-converti-en-slime-02\/","url":"https:\/\/www.colossalstore.es\/tienda\/manga\/aquella-vez-que-me-converti-en-slime-02\/","name":"Tensura tomo 2 (Taiki Kawakami) | Colossal Store","isPartOf":{"@id":"https:\/\/www.colossalstore.es\/#website"},"primaryImageOfPage":{"@id":"https:\/\/www.colossalstore.es\/tienda\/manga\/aquella-vez-que-me-converti-en-slime-02\/#primaryimage"},"image":{"@id":"https:\/\/www.colossalstore.es\/tienda\/manga\/aquella-vez-que-me-converti-en-slime-02\/#primaryimage"},"thumbnailUrl":"https:\/\/www.colossalstore.es\/wp-content\/uploads\/2022\/10\/slime_2.jpg","datePublished":"2022-10-01T09:24:29+00:00","dateModified":"2026-01-05T19:40:36+00:00","description":"Tensura tomo 2 (Taiki Kawakami) \u00a1CONTIN\u00daAN LAS AVENTURAS DE ESTE PECULIAR SLIME!","breadcrumb":{"@id":"https:\/\/www.colossalstore.es\/tienda\/manga\/aquella-vez-que-me-converti-en-slime-02\/#breadcrumb"},"inLanguage":"en-US","potentialAction":[{"@type":"ReadAction","target":["https:\/\/www.colossalstore.es\/tienda\/manga\/aquella-vez-que-me-converti-en-slime-02\/"]}]},{"@type":"ImageObject","inLanguage":"en-US","@id":"https:\/\/www.colossalstore.es\/tienda\/manga\/aquella-vez-que-me-converti-en-slime-02\/#primaryimage","url":"https:\/\/www.colossalstore.es\/wp-content\/uploads\/2022\/10\/slime_2.jpg","contentUrl":"https:\/\/www.colossalstore.es\/wp-content\/uploads\/2022\/10\/slime_2.jpg","width":588,"height":473},{"@type":"BreadcrumbList","@id":"https:\/\/www.colossalstore.es\/tienda\/manga\/aquella-vez-que-me-converti-en-slime-02\/#breadcrumb","itemListElement":[{"@type":"ListItem","position":1,"name":"Home","item":"https:\/\/www.colossalstore.es\/"},{"@type":"ListItem","position":2,"name":"Tienda","item":"https:\/\/www.colossalstore.es\/tienda\/"},{"@type":"ListItem","position":3,"name":"AQUELLA VEZ QUE ME CONVERTI EN SLIME 2"}]},{"@type":"WebSite","@id":"https:\/\/www.colossalstore.es\/#website","url":"https:\/\/www.colossalstore.es\/","name":"Colossal Store","description":"Colossal Store, store specialized in TCGs.","publisher":{"@id":"https:\/\/www.colossalstore.es\/#organization"},"alternateName":"Colossal Store","potentialAction":[{"@type":"SearchAction","target":{"@type":"EntryPoint","urlTemplate":"https:\/\/www.colossalstore.es\/?s={search_term_string}"},"query-input":{"@type":"PropertyValueSpecification","valueRequired":true,"valueName":"search_term_string"}}],"inLanguage":"en-US"},{"@type":"Organization","@id":"https:\/\/www.colossalstore.es\/#organization","name":"Colossal Store","url":"https:\/\/www.colossalstore.es\/","logo":{"@type":"ImageObject","inLanguage":"en-US","@id":"https:\/\/www.colossalstore.es\/#\/schema\/logo\/image\/","url":"https:\/\/www.colossalstore.es\/wp-content\/uploads\/2023\/05\/Colossal_Logo-02.png","contentUrl":"https:\/\/www.colossalstore.es\/wp-content\/uploads\/2023\/05\/Colossal_Logo-02.png","width":1181,"height":1181,"caption":"Colossal Store"},"image":{"@id":"https:\/\/www.colossalstore.es\/#\/schema\/logo\/image\/"},"sameAs":["https:\/\/x.com\/Colossal_Store","https:\/\/www.instagram.com\/colossal_store_tcg\/","https:\/\/www.tiktok.com\/@colossalstore"]}]}},"_links":{"self":[{"href":"https:\/\/www.colossalstore.es\/en\/wp-json\/wp\/v2\/product\/1364","targetHints":{"allow":["GET"]}}],"collection":[{"href":"https:\/\/www.colossalstore.es\/en\/wp-json\/wp\/v2\/product"}],"about":[{"href":"https:\/\/www.colossalstore.es\/en\/wp-json\/wp\/v2\/types\/product"}],"replies":[{"embeddable":true,"href":"https:\/\/www.colossalstore.es\/en\/wp-json\/wp\/v2\/comments?post=1364"}],"wp:featuredmedia":[{"embeddable":true,"href":"https:\/\/www.colossalstore.es\/en\/wp-json\/wp\/v2\/media\/1365"}],"wp:attachment":[{"href":"https:\/\/www.colossalstore.es\/en\/wp-json\/wp\/v2\/media?parent=1364"}],"wp:term":[{"taxonomy":"product_brand","embeddable":true,"href":"https:\/\/www.colossalstore.es\/en\/wp-json\/wp\/v2\/product_brand?post=1364"},{"taxonomy":"product_cat","embeddable":true,"href":"https:\/\/www.colossalstore.es\/en\/wp-json\/wp\/v2\/product_cat?post=1364"},{"taxonomy":"product_tag","embeddable":true,"href":"https:\/\/www.colossalstore.es\/en\/wp-json\/wp\/v2\/product_tag?post=1364"}],"curies":[{"name":"wp","href":"https:\/\/api.w.org\/{rel}","templated":true}]}}