{"id":1326,"date":"2022-10-01T10:37:37","date_gmt":"2022-10-01T08:37:37","guid":{"rendered":"https:\/\/colossalstore.es\/?post_type=product&#038;p=1326"},"modified":"2026-01-05T20:39:56","modified_gmt":"2026-01-05T19:39:56","slug":"one-piece-no-002","status":"publish","type":"product","link":"https:\/\/www.colossalstore.es\/en\/tienda\/manga\/one-piece-no-002\/","title":{"rendered":"ONE PIECE N\u00ba 002"},"content":{"rendered":"<p>One Piece 2 (Eiichiro Oda)<\/p>\n<p>Monkey D. Luffy has recruited the first member of his crew: Rolonoa Zoro, the swordsman of the three swords. Together they want to take over the map of the Great Sea Route, but to do so they will have to fight against Buggy and his men. Luffy, determined to become the king of the pirates, teams up with Nami, a young treasure thief.<\/p>","protected":false},"excerpt":{"rendered":"<p>One Piece 2 (Eiichiro Oda) Monkey D. Luffy ha reclutado al primer miembro de su tripulaci\u00f3n: Rolonoa Zoro, el espadach\u00edn de las tres espadas. Juntos quieren apoderarse del mapa de la Gran Ruta Marina, pero para eso deber\u00e1n pelear contra Buggy y sus hombres. Luffy, decidido a convertirse en el rey de los piratas, se [&hellip;]<\/p>","protected":false},"featured_media":1327,"comment_status":"open","ping_status":"closed","template":"","meta":{"_joinchat":[]},"product_brand":[],"product_cat":[32],"product_tag":[],"class_list":{"0":"post-1326","1":"product","2":"type-product","3":"status-publish","4":"has-post-thumbnail","6":"product_cat-manga","8":"first","9":"outofstock","10":"sale","11":"taxable","12":"shipping-taxable","13":"purchasable","14":"product-type-simple"},"yoast_head":"<!-- This site is optimized with the Yoast SEO plugin v25.7 - https:\/\/yoast.com\/wordpress\/plugins\/seo\/ -->\n<title>One Piece 2 (Eiichiro Oda) | Colossal Store<\/title>\n<meta name=\"description\" content=\"One Piece 2 (Eiichiro Oda): Monkey D. Luffy ha reclutado al primer miembro de su tripulaci\u00f3n: Rolonoa Zoro, el espadach\u00edn de las tres espadas. Juntos quieren apoderarse del mapa de la Gran Ruta Marina, pero para eso deber\u00e1n pelear contra Buggy y sus hombres. Luffy, decidido a convertirse en el rey de los piratas, se al\u00eda con Nami, una joven ladrona de tesoros.\" \/>\n<meta name=\"robots\" content=\"index, follow, max-snippet:-1, max-image-preview:large, max-video-preview:-1\" \/>\n<link rel=\"canonical\" href=\"https:\/\/www.colossalstore.es\/en\/tienda\/manga\/one-piece-no-002\/\" \/>\n<meta property=\"og:locale\" content=\"en_US\" \/>\n<meta property=\"og:type\" content=\"article\" \/>\n<meta property=\"og:title\" content=\"One Piece 2 (Eiichiro Oda) | Colossal Store\" \/>\n<meta property=\"og:description\" content=\"One Piece 2 (Eiichiro Oda): Monkey D. Luffy ha reclutado al primer miembro de su tripulaci\u00f3n: Rolonoa Zoro, el espadach\u00edn de las tres espadas. Juntos quieren apoderarse del mapa de la Gran Ruta Marina, pero para eso deber\u00e1n pelear contra Buggy y sus hombres. Luffy, decidido a convertirse en el rey de los piratas, se al\u00eda con Nami, una joven ladrona de tesoros.\" \/>\n<meta property=\"og:url\" content=\"https:\/\/www.colossalstore.es\/en\/tienda\/manga\/one-piece-no-002\/\" \/>\n<meta property=\"og:site_name\" content=\"Colossal Store\" \/>\n<meta property=\"article:modified_time\" content=\"2026-01-05T19:39:56+00:00\" \/>\n<meta property=\"og:image\" content=\"https:\/\/www.colossalstore.es\/wp-content\/uploads\/2022\/10\/91bt1dawajL.jpg\" \/>\n\t<meta property=\"og:image:width\" content=\"1621\" \/>\n\t<meta property=\"og:image:height\" content=\"2560\" \/>\n\t<meta property=\"og:image:type\" content=\"image\/jpeg\" \/>\n<meta name=\"twitter:card\" content=\"summary_large_image\" \/>\n<meta name=\"twitter:site\" content=\"@Colossal_Store\" \/>\n<meta name=\"twitter:label1\" content=\"Est. reading time\" \/>\n\t<meta name=\"twitter:data1\" content=\"1 minute\" \/>\n<script type=\"application\/ld+json\" class=\"yoast-schema-graph\">{\"@context\":\"https:\/\/schema.org\",\"@graph\":[{\"@type\":\"WebPage\",\"@id\":\"https:\/\/www.colossalstore.es\/tienda\/manga\/one-piece-no-002\/\",\"url\":\"https:\/\/www.colossalstore.es\/tienda\/manga\/one-piece-no-002\/\",\"name\":\"One Piece 2 (Eiichiro Oda) | Colossal Store\",\"isPartOf\":{\"@id\":\"https:\/\/www.colossalstore.es\/#website\"},\"primaryImageOfPage\":{\"@id\":\"https:\/\/www.colossalstore.es\/tienda\/manga\/one-piece-no-002\/#primaryimage\"},\"image\":{\"@id\":\"https:\/\/www.colossalstore.es\/tienda\/manga\/one-piece-no-002\/#primaryimage\"},\"thumbnailUrl\":\"https:\/\/www.colossalstore.es\/wp-content\/uploads\/2022\/10\/91bt1dawajL.jpg\",\"datePublished\":\"2022-10-01T08:37:37+00:00\",\"dateModified\":\"2026-01-05T19:39:56+00:00\",\"description\":\"One Piece 2 (Eiichiro Oda): Monkey D. Luffy ha reclutado al primer miembro de su tripulaci\u00f3n: Rolonoa Zoro, el espadach\u00edn de las tres espadas. Juntos quieren apoderarse del mapa de la Gran Ruta Marina, pero para eso deber\u00e1n pelear contra Buggy y sus hombres. Luffy, decidido a convertirse en el rey de los piratas, se al\u00eda con Nami, una joven ladrona de tesoros.\",\"breadcrumb\":{\"@id\":\"https:\/\/www.colossalstore.es\/tienda\/manga\/one-piece-no-002\/#breadcrumb\"},\"inLanguage\":\"en-US\",\"potentialAction\":[{\"@type\":\"ReadAction\",\"target\":[\"https:\/\/www.colossalstore.es\/tienda\/manga\/one-piece-no-002\/\"]}]},{\"@type\":\"ImageObject\",\"inLanguage\":\"en-US\",\"@id\":\"https:\/\/www.colossalstore.es\/tienda\/manga\/one-piece-no-002\/#primaryimage\",\"url\":\"https:\/\/www.colossalstore.es\/wp-content\/uploads\/2022\/10\/91bt1dawajL.jpg\",\"contentUrl\":\"https:\/\/www.colossalstore.es\/wp-content\/uploads\/2022\/10\/91bt1dawajL.jpg\",\"width\":1621,\"height\":2560},{\"@type\":\"BreadcrumbList\",\"@id\":\"https:\/\/www.colossalstore.es\/tienda\/manga\/one-piece-no-002\/#breadcrumb\",\"itemListElement\":[{\"@type\":\"ListItem\",\"position\":1,\"name\":\"Home\",\"item\":\"https:\/\/www.colossalstore.es\/\"},{\"@type\":\"ListItem\",\"position\":2,\"name\":\"Tienda\",\"item\":\"https:\/\/www.colossalstore.es\/tienda\/\"},{\"@type\":\"ListItem\",\"position\":3,\"name\":\"ONE PIECE N\u00ba 002\"}]},{\"@type\":\"WebSite\",\"@id\":\"https:\/\/www.colossalstore.es\/#website\",\"url\":\"https:\/\/www.colossalstore.es\/\",\"name\":\"Colossal Store\",\"description\":\"Colossal Store, tienda especializada en TCGs.\",\"publisher\":{\"@id\":\"https:\/\/www.colossalstore.es\/#organization\"},\"alternateName\":\"Colossal Store\",\"potentialAction\":[{\"@type\":\"SearchAction\",\"target\":{\"@type\":\"EntryPoint\",\"urlTemplate\":\"https:\/\/www.colossalstore.es\/?s={search_term_string}\"},\"query-input\":{\"@type\":\"PropertyValueSpecification\",\"valueRequired\":true,\"valueName\":\"search_term_string\"}}],\"inLanguage\":\"en-US\"},{\"@type\":\"Organization\",\"@id\":\"https:\/\/www.colossalstore.es\/#organization\",\"name\":\"Colossal Store\",\"url\":\"https:\/\/www.colossalstore.es\/\",\"logo\":{\"@type\":\"ImageObject\",\"inLanguage\":\"en-US\",\"@id\":\"https:\/\/www.colossalstore.es\/#\/schema\/logo\/image\/\",\"url\":\"https:\/\/www.colossalstore.es\/wp-content\/uploads\/2023\/05\/Colossal_Logo-02.png\",\"contentUrl\":\"https:\/\/www.colossalstore.es\/wp-content\/uploads\/2023\/05\/Colossal_Logo-02.png\",\"width\":1181,\"height\":1181,\"caption\":\"Colossal Store\"},\"image\":{\"@id\":\"https:\/\/www.colossalstore.es\/#\/schema\/logo\/image\/\"},\"sameAs\":[\"https:\/\/x.com\/Colossal_Store\",\"https:\/\/www.instagram.com\/colossal_store_tcg\/\",\"https:\/\/www.tiktok.com\/@colossalstore\"]}]}<\/script>\n<!-- \/ Yoast SEO plugin. -->","yoast_head_json":{"title":"One Piece 2 (Eiichiro Oda) | Colossal Store","description":"One Piece 2 (Eiichiro Oda): Monkey D. Luffy ha reclutado al primer miembro de su tripulaci\u00f3n: Rolonoa Zoro, el espadach\u00edn de las tres espadas. Juntos quieren apoderarse del mapa de la Gran Ruta Marina, pero para eso deber\u00e1n pelear contra Buggy y sus hombres. Luffy, decidido a convertirse en el rey de los piratas, se al\u00eda con Nami, una joven ladrona de tesoros.","robots":{"index":"index","follow":"follow","max-snippet":"max-snippet:-1","max-image-preview":"max-image-preview:large","max-video-preview":"max-video-preview:-1"},"canonical":"https:\/\/www.colossalstore.es\/en\/tienda\/manga\/one-piece-no-002\/","og_locale":"en_US","og_type":"article","og_title":"One Piece 2 (Eiichiro Oda) | Colossal Store","og_description":"One Piece 2 (Eiichiro Oda): Monkey D. Luffy ha reclutado al primer miembro de su tripulaci\u00f3n: Rolonoa Zoro, el espadach\u00edn de las tres espadas. Juntos quieren apoderarse del mapa de la Gran Ruta Marina, pero para eso deber\u00e1n pelear contra Buggy y sus hombres. Luffy, decidido a convertirse en el rey de los piratas, se al\u00eda con Nami, una joven ladrona de tesoros.","og_url":"https:\/\/www.colossalstore.es\/en\/tienda\/manga\/one-piece-no-002\/","og_site_name":"Colossal Store","article_modified_time":"2026-01-05T19:39:56+00:00","og_image":[{"width":1621,"height":2560,"url":"https:\/\/www.colossalstore.es\/wp-content\/uploads\/2022\/10\/91bt1dawajL.jpg","type":"image\/jpeg"}],"twitter_card":"summary_large_image","twitter_site":"@Colossal_Store","twitter_misc":{"Est. reading time":"1 minute"},"schema":{"@context":"https:\/\/schema.org","@graph":[{"@type":"WebPage","@id":"https:\/\/www.colossalstore.es\/tienda\/manga\/one-piece-no-002\/","url":"https:\/\/www.colossalstore.es\/tienda\/manga\/one-piece-no-002\/","name":"One Piece 2 (Eiichiro Oda) | Colossal Store","isPartOf":{"@id":"https:\/\/www.colossalstore.es\/#website"},"primaryImageOfPage":{"@id":"https:\/\/www.colossalstore.es\/tienda\/manga\/one-piece-no-002\/#primaryimage"},"image":{"@id":"https:\/\/www.colossalstore.es\/tienda\/manga\/one-piece-no-002\/#primaryimage"},"thumbnailUrl":"https:\/\/www.colossalstore.es\/wp-content\/uploads\/2022\/10\/91bt1dawajL.jpg","datePublished":"2022-10-01T08:37:37+00:00","dateModified":"2026-01-05T19:39:56+00:00","description":"One Piece 2 (Eiichiro Oda): Monkey D. Luffy ha reclutado al primer miembro de su tripulaci\u00f3n: Rolonoa Zoro, el espadach\u00edn de las tres espadas. Juntos quieren apoderarse del mapa de la Gran Ruta Marina, pero para eso deber\u00e1n pelear contra Buggy y sus hombres. Luffy, decidido a convertirse en el rey de los piratas, se al\u00eda con Nami, una joven ladrona de tesoros.","breadcrumb":{"@id":"https:\/\/www.colossalstore.es\/tienda\/manga\/one-piece-no-002\/#breadcrumb"},"inLanguage":"en-US","potentialAction":[{"@type":"ReadAction","target":["https:\/\/www.colossalstore.es\/tienda\/manga\/one-piece-no-002\/"]}]},{"@type":"ImageObject","inLanguage":"en-US","@id":"https:\/\/www.colossalstore.es\/tienda\/manga\/one-piece-no-002\/#primaryimage","url":"https:\/\/www.colossalstore.es\/wp-content\/uploads\/2022\/10\/91bt1dawajL.jpg","contentUrl":"https:\/\/www.colossalstore.es\/wp-content\/uploads\/2022\/10\/91bt1dawajL.jpg","width":1621,"height":2560},{"@type":"BreadcrumbList","@id":"https:\/\/www.colossalstore.es\/tienda\/manga\/one-piece-no-002\/#breadcrumb","itemListElement":[{"@type":"ListItem","position":1,"name":"Home","item":"https:\/\/www.colossalstore.es\/"},{"@type":"ListItem","position":2,"name":"Tienda","item":"https:\/\/www.colossalstore.es\/tienda\/"},{"@type":"ListItem","position":3,"name":"ONE PIECE N\u00ba 002"}]},{"@type":"WebSite","@id":"https:\/\/www.colossalstore.es\/#website","url":"https:\/\/www.colossalstore.es\/","name":"Colossal Store","description":"Colossal Store, store specialized in TCGs.","publisher":{"@id":"https:\/\/www.colossalstore.es\/#organization"},"alternateName":"Colossal Store","potentialAction":[{"@type":"SearchAction","target":{"@type":"EntryPoint","urlTemplate":"https:\/\/www.colossalstore.es\/?s={search_term_string}"},"query-input":{"@type":"PropertyValueSpecification","valueRequired":true,"valueName":"search_term_string"}}],"inLanguage":"en-US"},{"@type":"Organization","@id":"https:\/\/www.colossalstore.es\/#organization","name":"Colossal Store","url":"https:\/\/www.colossalstore.es\/","logo":{"@type":"ImageObject","inLanguage":"en-US","@id":"https:\/\/www.colossalstore.es\/#\/schema\/logo\/image\/","url":"https:\/\/www.colossalstore.es\/wp-content\/uploads\/2023\/05\/Colossal_Logo-02.png","contentUrl":"https:\/\/www.colossalstore.es\/wp-content\/uploads\/2023\/05\/Colossal_Logo-02.png","width":1181,"height":1181,"caption":"Colossal Store"},"image":{"@id":"https:\/\/www.colossalstore.es\/#\/schema\/logo\/image\/"},"sameAs":["https:\/\/x.com\/Colossal_Store","https:\/\/www.instagram.com\/colossal_store_tcg\/","https:\/\/www.tiktok.com\/@colossalstore"]}]}},"_links":{"self":[{"href":"https:\/\/www.colossalstore.es\/en\/wp-json\/wp\/v2\/product\/1326","targetHints":{"allow":["GET"]}}],"collection":[{"href":"https:\/\/www.colossalstore.es\/en\/wp-json\/wp\/v2\/product"}],"about":[{"href":"https:\/\/www.colossalstore.es\/en\/wp-json\/wp\/v2\/types\/product"}],"replies":[{"embeddable":true,"href":"https:\/\/www.colossalstore.es\/en\/wp-json\/wp\/v2\/comments?post=1326"}],"wp:featuredmedia":[{"embeddable":true,"href":"https:\/\/www.colossalstore.es\/en\/wp-json\/wp\/v2\/media\/1327"}],"wp:attachment":[{"href":"https:\/\/www.colossalstore.es\/en\/wp-json\/wp\/v2\/media?parent=1326"}],"wp:term":[{"taxonomy":"product_brand","embeddable":true,"href":"https:\/\/www.colossalstore.es\/en\/wp-json\/wp\/v2\/product_brand?post=1326"},{"taxonomy":"product_cat","embeddable":true,"href":"https:\/\/www.colossalstore.es\/en\/wp-json\/wp\/v2\/product_cat?post=1326"},{"taxonomy":"product_tag","embeddable":true,"href":"https:\/\/www.colossalstore.es\/en\/wp-json\/wp\/v2\/product_tag?post=1326"}],"curies":[{"name":"wp","href":"https:\/\/api.w.org\/{rel}","templated":true}]}}