{"id":1322,"date":"2022-10-01T10:35:54","date_gmt":"2022-10-01T08:35:54","guid":{"rendered":"https:\/\/colossalstore.es\/?post_type=product&#038;p=1322"},"modified":"2026-01-05T20:39:38","modified_gmt":"2026-01-05T19:39:38","slug":"naruto-no-70-72","status":"publish","type":"product","link":"https:\/\/www.colossalstore.es\/en\/tienda\/manga\/naruto-no-70-72\/","title":{"rendered":"NARUTO 70\/72"},"content":{"rendered":"<p>Naruto 70 (Masashi Kishimoto)<\/p>\n<p>In order to be able to confront Madara once he has obtained the power of Rikud\u00f4 after capturing all the bij\u00fb, Gai opens the last of the eight doors: that of death! Will his blow, in which his entire philosophy as a ninja is imbued, make an impact on Madara!? Meanwhile, the dying Naruto... meets Rikud\u00f4 Sennin himself in his own psychic world!?<\/p>","protected":false},"excerpt":{"rendered":"<p>Naruto 70 (Masashi Kishimoto) Con tal de poder enfrentarse a Madara una vez ha obtenido el poder de Rikud\u00f4 tras capturar a todos los bij\u00fb, Gai abre la \u00faltima de las ocho puertas: la de la muerte! \u00bf\u00a1Conseguir\u00e1 su golpe, en el que va imbuida toda su filosof\u00eda como ninja, hacer mella en Madara!?Mientras tanto, [&hellip;]<\/p>","protected":false},"featured_media":1323,"comment_status":"open","ping_status":"closed","template":"","meta":{"_joinchat":[]},"product_brand":[],"product_cat":[32],"product_tag":[],"class_list":{"0":"post-1322","1":"product","2":"type-product","3":"status-publish","4":"has-post-thumbnail","6":"product_cat-manga","8":"first","9":"outofstock","10":"sale","11":"taxable","12":"shipping-taxable","13":"purchasable","14":"product-type-simple"},"yoast_head":"<!-- This site is optimized with the Yoast SEO plugin v25.7 - https:\/\/yoast.com\/wordpress\/plugins\/seo\/ -->\n<title>Naruto 70 (Masashi Kishimoto) | Colossal Store<\/title>\n<meta name=\"description\" content=\"Naruto 70 (Masashi Kishimoto): Con tal de poder enfrentarse a Madara una vez ha obtenido el poder de Rikud\u00f4 tras capturar a todos los bij\u00fb, Gai abre la \u00faltima de las ocho puertas: la de la muerte! \u00bf\u00a1Conseguir\u00e1 su golpe, en el que va imbuida toda su filosof\u00eda como ninja, hacer mella en Madara!?Mientras tanto, el moribundo Naruto... \u00bf\u00a1conoce en su propio mundo ps\u00edquico al mism\u00edsimo Rikud\u00f4 Sennin!?\" \/>\n<meta name=\"robots\" content=\"index, follow, max-snippet:-1, max-image-preview:large, max-video-preview:-1\" \/>\n<link rel=\"canonical\" href=\"https:\/\/www.colossalstore.es\/en\/tienda\/manga\/naruto-no-70-72\/\" \/>\n<meta property=\"og:locale\" content=\"en_US\" \/>\n<meta property=\"og:type\" content=\"article\" \/>\n<meta property=\"og:title\" content=\"Naruto 70 (Masashi Kishimoto) | Colossal Store\" \/>\n<meta property=\"og:description\" content=\"Naruto 70 (Masashi Kishimoto): Con tal de poder enfrentarse a Madara una vez ha obtenido el poder de Rikud\u00f4 tras capturar a todos los bij\u00fb, Gai abre la \u00faltima de las ocho puertas: la de la muerte! \u00bf\u00a1Conseguir\u00e1 su golpe, en el que va imbuida toda su filosof\u00eda como ninja, hacer mella en Madara!?Mientras tanto, el moribundo Naruto... \u00bf\u00a1conoce en su propio mundo ps\u00edquico al mism\u00edsimo Rikud\u00f4 Sennin!?\" \/>\n<meta property=\"og:url\" content=\"https:\/\/www.colossalstore.es\/en\/tienda\/manga\/naruto-no-70-72\/\" \/>\n<meta property=\"og:site_name\" content=\"Colossal Store\" \/>\n<meta property=\"article:modified_time\" content=\"2026-01-05T19:39:38+00:00\" \/>\n<meta property=\"og:image\" content=\"https:\/\/www.colossalstore.es\/wp-content\/uploads\/2022\/10\/9788416401086.jpg\" \/>\n\t<meta property=\"og:image:width\" content=\"229\" \/>\n\t<meta property=\"og:image:height\" content=\"345\" \/>\n\t<meta property=\"og:image:type\" content=\"image\/jpeg\" \/>\n<meta name=\"twitter:card\" content=\"summary_large_image\" \/>\n<meta name=\"twitter:site\" content=\"@Colossal_Store\" \/>\n<meta name=\"twitter:label1\" content=\"Est. reading time\" \/>\n\t<meta name=\"twitter:data1\" content=\"1 minute\" \/>\n<script type=\"application\/ld+json\" class=\"yoast-schema-graph\">{\"@context\":\"https:\/\/schema.org\",\"@graph\":[{\"@type\":\"WebPage\",\"@id\":\"https:\/\/www.colossalstore.es\/tienda\/manga\/naruto-no-70-72\/\",\"url\":\"https:\/\/www.colossalstore.es\/tienda\/manga\/naruto-no-70-72\/\",\"name\":\"Naruto 70 (Masashi Kishimoto) | Colossal Store\",\"isPartOf\":{\"@id\":\"https:\/\/www.colossalstore.es\/#website\"},\"primaryImageOfPage\":{\"@id\":\"https:\/\/www.colossalstore.es\/tienda\/manga\/naruto-no-70-72\/#primaryimage\"},\"image\":{\"@id\":\"https:\/\/www.colossalstore.es\/tienda\/manga\/naruto-no-70-72\/#primaryimage\"},\"thumbnailUrl\":\"https:\/\/www.colossalstore.es\/wp-content\/uploads\/2022\/10\/9788416401086.jpg\",\"datePublished\":\"2022-10-01T08:35:54+00:00\",\"dateModified\":\"2026-01-05T19:39:38+00:00\",\"description\":\"Naruto 70 (Masashi Kishimoto): Con tal de poder enfrentarse a Madara una vez ha obtenido el poder de Rikud\u00f4 tras capturar a todos los bij\u00fb, Gai abre la \u00faltima de las ocho puertas: la de la muerte! \u00bf\u00a1Conseguir\u00e1 su golpe, en el que va imbuida toda su filosof\u00eda como ninja, hacer mella en Madara!?Mientras tanto, el moribundo Naruto... \u00bf\u00a1conoce en su propio mundo ps\u00edquico al mism\u00edsimo Rikud\u00f4 Sennin!?\",\"breadcrumb\":{\"@id\":\"https:\/\/www.colossalstore.es\/tienda\/manga\/naruto-no-70-72\/#breadcrumb\"},\"inLanguage\":\"en-US\",\"potentialAction\":[{\"@type\":\"ReadAction\",\"target\":[\"https:\/\/www.colossalstore.es\/tienda\/manga\/naruto-no-70-72\/\"]}]},{\"@type\":\"ImageObject\",\"inLanguage\":\"en-US\",\"@id\":\"https:\/\/www.colossalstore.es\/tienda\/manga\/naruto-no-70-72\/#primaryimage\",\"url\":\"https:\/\/www.colossalstore.es\/wp-content\/uploads\/2022\/10\/9788416401086.jpg\",\"contentUrl\":\"https:\/\/www.colossalstore.es\/wp-content\/uploads\/2022\/10\/9788416401086.jpg\",\"width\":229,\"height\":345},{\"@type\":\"BreadcrumbList\",\"@id\":\"https:\/\/www.colossalstore.es\/tienda\/manga\/naruto-no-70-72\/#breadcrumb\",\"itemListElement\":[{\"@type\":\"ListItem\",\"position\":1,\"name\":\"Home\",\"item\":\"https:\/\/www.colossalstore.es\/\"},{\"@type\":\"ListItem\",\"position\":2,\"name\":\"Tienda\",\"item\":\"https:\/\/www.colossalstore.es\/tienda\/\"},{\"@type\":\"ListItem\",\"position\":3,\"name\":\"NARUTO 70\/72\"}]},{\"@type\":\"WebSite\",\"@id\":\"https:\/\/www.colossalstore.es\/#website\",\"url\":\"https:\/\/www.colossalstore.es\/\",\"name\":\"Colossal Store\",\"description\":\"Colossal Store, tienda especializada en TCGs.\",\"publisher\":{\"@id\":\"https:\/\/www.colossalstore.es\/#organization\"},\"alternateName\":\"Colossal Store\",\"potentialAction\":[{\"@type\":\"SearchAction\",\"target\":{\"@type\":\"EntryPoint\",\"urlTemplate\":\"https:\/\/www.colossalstore.es\/?s={search_term_string}\"},\"query-input\":{\"@type\":\"PropertyValueSpecification\",\"valueRequired\":true,\"valueName\":\"search_term_string\"}}],\"inLanguage\":\"en-US\"},{\"@type\":\"Organization\",\"@id\":\"https:\/\/www.colossalstore.es\/#organization\",\"name\":\"Colossal Store\",\"url\":\"https:\/\/www.colossalstore.es\/\",\"logo\":{\"@type\":\"ImageObject\",\"inLanguage\":\"en-US\",\"@id\":\"https:\/\/www.colossalstore.es\/#\/schema\/logo\/image\/\",\"url\":\"https:\/\/www.colossalstore.es\/wp-content\/uploads\/2023\/05\/Colossal_Logo-02.png\",\"contentUrl\":\"https:\/\/www.colossalstore.es\/wp-content\/uploads\/2023\/05\/Colossal_Logo-02.png\",\"width\":1181,\"height\":1181,\"caption\":\"Colossal Store\"},\"image\":{\"@id\":\"https:\/\/www.colossalstore.es\/#\/schema\/logo\/image\/\"},\"sameAs\":[\"https:\/\/x.com\/Colossal_Store\",\"https:\/\/www.instagram.com\/colossal_store_tcg\/\",\"https:\/\/www.tiktok.com\/@colossalstore\"]}]}<\/script>\n<!-- \/ Yoast SEO plugin. -->","yoast_head_json":{"title":"Naruto 70 (Masashi Kishimoto) | Colossal Store","description":"Naruto 70 (Masashi Kishimoto): Con tal de poder enfrentarse a Madara una vez ha obtenido el poder de Rikud\u00f4 tras capturar a todos los bij\u00fb, Gai abre la \u00faltima de las ocho puertas: la de la muerte! \u00bf\u00a1Conseguir\u00e1 su golpe, en el que va imbuida toda su filosof\u00eda como ninja, hacer mella en Madara!?Mientras tanto, el moribundo Naruto... \u00bf\u00a1conoce en su propio mundo ps\u00edquico al mism\u00edsimo Rikud\u00f4 Sennin!?","robots":{"index":"index","follow":"follow","max-snippet":"max-snippet:-1","max-image-preview":"max-image-preview:large","max-video-preview":"max-video-preview:-1"},"canonical":"https:\/\/www.colossalstore.es\/en\/tienda\/manga\/naruto-no-70-72\/","og_locale":"en_US","og_type":"article","og_title":"Naruto 70 (Masashi Kishimoto) | Colossal Store","og_description":"Naruto 70 (Masashi Kishimoto): Con tal de poder enfrentarse a Madara una vez ha obtenido el poder de Rikud\u00f4 tras capturar a todos los bij\u00fb, Gai abre la \u00faltima de las ocho puertas: la de la muerte! \u00bf\u00a1Conseguir\u00e1 su golpe, en el que va imbuida toda su filosof\u00eda como ninja, hacer mella en Madara!?Mientras tanto, el moribundo Naruto... \u00bf\u00a1conoce en su propio mundo ps\u00edquico al mism\u00edsimo Rikud\u00f4 Sennin!?","og_url":"https:\/\/www.colossalstore.es\/en\/tienda\/manga\/naruto-no-70-72\/","og_site_name":"Colossal Store","article_modified_time":"2026-01-05T19:39:38+00:00","og_image":[{"width":229,"height":345,"url":"https:\/\/www.colossalstore.es\/wp-content\/uploads\/2022\/10\/9788416401086.jpg","type":"image\/jpeg"}],"twitter_card":"summary_large_image","twitter_site":"@Colossal_Store","twitter_misc":{"Est. reading time":"1 minute"},"schema":{"@context":"https:\/\/schema.org","@graph":[{"@type":"WebPage","@id":"https:\/\/www.colossalstore.es\/tienda\/manga\/naruto-no-70-72\/","url":"https:\/\/www.colossalstore.es\/tienda\/manga\/naruto-no-70-72\/","name":"Naruto 70 (Masashi Kishimoto) | Colossal Store","isPartOf":{"@id":"https:\/\/www.colossalstore.es\/#website"},"primaryImageOfPage":{"@id":"https:\/\/www.colossalstore.es\/tienda\/manga\/naruto-no-70-72\/#primaryimage"},"image":{"@id":"https:\/\/www.colossalstore.es\/tienda\/manga\/naruto-no-70-72\/#primaryimage"},"thumbnailUrl":"https:\/\/www.colossalstore.es\/wp-content\/uploads\/2022\/10\/9788416401086.jpg","datePublished":"2022-10-01T08:35:54+00:00","dateModified":"2026-01-05T19:39:38+00:00","description":"Naruto 70 (Masashi Kishimoto): Con tal de poder enfrentarse a Madara una vez ha obtenido el poder de Rikud\u00f4 tras capturar a todos los bij\u00fb, Gai abre la \u00faltima de las ocho puertas: la de la muerte! \u00bf\u00a1Conseguir\u00e1 su golpe, en el que va imbuida toda su filosof\u00eda como ninja, hacer mella en Madara!?Mientras tanto, el moribundo Naruto... \u00bf\u00a1conoce en su propio mundo ps\u00edquico al mism\u00edsimo Rikud\u00f4 Sennin!?","breadcrumb":{"@id":"https:\/\/www.colossalstore.es\/tienda\/manga\/naruto-no-70-72\/#breadcrumb"},"inLanguage":"en-US","potentialAction":[{"@type":"ReadAction","target":["https:\/\/www.colossalstore.es\/tienda\/manga\/naruto-no-70-72\/"]}]},{"@type":"ImageObject","inLanguage":"en-US","@id":"https:\/\/www.colossalstore.es\/tienda\/manga\/naruto-no-70-72\/#primaryimage","url":"https:\/\/www.colossalstore.es\/wp-content\/uploads\/2022\/10\/9788416401086.jpg","contentUrl":"https:\/\/www.colossalstore.es\/wp-content\/uploads\/2022\/10\/9788416401086.jpg","width":229,"height":345},{"@type":"BreadcrumbList","@id":"https:\/\/www.colossalstore.es\/tienda\/manga\/naruto-no-70-72\/#breadcrumb","itemListElement":[{"@type":"ListItem","position":1,"name":"Home","item":"https:\/\/www.colossalstore.es\/"},{"@type":"ListItem","position":2,"name":"Tienda","item":"https:\/\/www.colossalstore.es\/tienda\/"},{"@type":"ListItem","position":3,"name":"NARUTO 70\/72"}]},{"@type":"WebSite","@id":"https:\/\/www.colossalstore.es\/#website","url":"https:\/\/www.colossalstore.es\/","name":"Colossal Store","description":"Colossal Store, store specialized in TCGs.","publisher":{"@id":"https:\/\/www.colossalstore.es\/#organization"},"alternateName":"Colossal Store","potentialAction":[{"@type":"SearchAction","target":{"@type":"EntryPoint","urlTemplate":"https:\/\/www.colossalstore.es\/?s={search_term_string}"},"query-input":{"@type":"PropertyValueSpecification","valueRequired":true,"valueName":"search_term_string"}}],"inLanguage":"en-US"},{"@type":"Organization","@id":"https:\/\/www.colossalstore.es\/#organization","name":"Colossal Store","url":"https:\/\/www.colossalstore.es\/","logo":{"@type":"ImageObject","inLanguage":"en-US","@id":"https:\/\/www.colossalstore.es\/#\/schema\/logo\/image\/","url":"https:\/\/www.colossalstore.es\/wp-content\/uploads\/2023\/05\/Colossal_Logo-02.png","contentUrl":"https:\/\/www.colossalstore.es\/wp-content\/uploads\/2023\/05\/Colossal_Logo-02.png","width":1181,"height":1181,"caption":"Colossal Store"},"image":{"@id":"https:\/\/www.colossalstore.es\/#\/schema\/logo\/image\/"},"sameAs":["https:\/\/x.com\/Colossal_Store","https:\/\/www.instagram.com\/colossal_store_tcg\/","https:\/\/www.tiktok.com\/@colossalstore"]}]}},"_links":{"self":[{"href":"https:\/\/www.colossalstore.es\/en\/wp-json\/wp\/v2\/product\/1322","targetHints":{"allow":["GET"]}}],"collection":[{"href":"https:\/\/www.colossalstore.es\/en\/wp-json\/wp\/v2\/product"}],"about":[{"href":"https:\/\/www.colossalstore.es\/en\/wp-json\/wp\/v2\/types\/product"}],"replies":[{"embeddable":true,"href":"https:\/\/www.colossalstore.es\/en\/wp-json\/wp\/v2\/comments?post=1322"}],"wp:featuredmedia":[{"embeddable":true,"href":"https:\/\/www.colossalstore.es\/en\/wp-json\/wp\/v2\/media\/1323"}],"wp:attachment":[{"href":"https:\/\/www.colossalstore.es\/en\/wp-json\/wp\/v2\/media?parent=1322"}],"wp:term":[{"taxonomy":"product_brand","embeddable":true,"href":"https:\/\/www.colossalstore.es\/en\/wp-json\/wp\/v2\/product_brand?post=1322"},{"taxonomy":"product_cat","embeddable":true,"href":"https:\/\/www.colossalstore.es\/en\/wp-json\/wp\/v2\/product_cat?post=1322"},{"taxonomy":"product_tag","embeddable":true,"href":"https:\/\/www.colossalstore.es\/en\/wp-json\/wp\/v2\/product_tag?post=1322"}],"curies":[{"name":"wp","href":"https:\/\/api.w.org\/{rel}","templated":true}]}}