{"id":1320,"date":"2022-10-01T10:35:08","date_gmt":"2022-10-01T08:35:08","guid":{"rendered":"https:\/\/colossalstore.es\/?post_type=product&#038;p=1320"},"modified":"2026-01-05T20:39:31","modified_gmt":"2026-01-05T19:39:31","slug":"naruto-no-71-72","status":"publish","type":"product","link":"https:\/\/www.colossalstore.es\/en\/tienda\/manga\/naruto-no-71-72\/","title":{"rendered":"NARUTO 71\/72"},"content":{"rendered":"<p>Naruto 71 (Masashi Kishimoto)<\/p>\n<p>After the activation of the infinite tsukuyomi, everyone has been locked in a dream. Kaguya manages to revive thanks to the efforts of Black Zetsu and sets out to unify all the chakra! After Rikud\u00f4 Sennin trusts them with his power, Naruto and Sasuke confront her with the intention of sealing her, but...<\/p>","protected":false},"excerpt":{"rendered":"<p>Naruto 71 (Masashi Kishimoto) Tras la activaci\u00f3n del tsukuyomi infinito, todo el mundo ha quedado encerrado en un sue\u00f1o. Kaguya logra revivir gracias a los esfuerzos de Zetsu negro \u00a1y se pone en marcha para unificar todo el chakra!Despu\u00e9s de que Rikud\u00f4 Sennin les conf\u00ede su poder, Naruto y Sasuke se enfrentan a ella con [&hellip;]<\/p>","protected":false},"featured_media":1321,"comment_status":"open","ping_status":"closed","template":"","meta":{"_joinchat":[]},"product_brand":[],"product_cat":[32],"product_tag":[],"class_list":{"0":"post-1320","1":"product","2":"type-product","3":"status-publish","4":"has-post-thumbnail","6":"product_cat-manga","8":"first","9":"outofstock","10":"sale","11":"taxable","12":"shipping-taxable","13":"purchasable","14":"product-type-simple"},"yoast_head":"<!-- This site is optimized with the Yoast SEO plugin v25.7 - https:\/\/yoast.com\/wordpress\/plugins\/seo\/ -->\n<title>Naruto 71 (Masashi Kishimoto) | Colossal Store<\/title>\n<meta name=\"description\" content=\"Naruto 71 (Masashi Kishimoto): Tras la activaci\u00f3n del tsukuyomi infinito, todo el mundo ha quedado encerrado en un sue\u00f1o. Kaguya logra revivir gracias a los esfuerzos de Zetsu negro \u00a1y se pone en marcha para unificar todo el chakra!Despu\u00e9s de que Rikud\u00f4 Sennin les conf\u00ede su poder, Naruto y Sasuke se enfrentan a ella con la intenci\u00f3n de sellarla, pero...\" \/>\n<meta name=\"robots\" content=\"index, follow, max-snippet:-1, max-image-preview:large, max-video-preview:-1\" \/>\n<link rel=\"canonical\" href=\"https:\/\/www.colossalstore.es\/en\/tienda\/manga\/naruto-no-71-72\/\" \/>\n<meta property=\"og:locale\" content=\"en_US\" \/>\n<meta property=\"og:type\" content=\"article\" \/>\n<meta property=\"og:title\" content=\"Naruto 71 (Masashi Kishimoto) | Colossal Store\" \/>\n<meta property=\"og:description\" content=\"Naruto 71 (Masashi Kishimoto): Tras la activaci\u00f3n del tsukuyomi infinito, todo el mundo ha quedado encerrado en un sue\u00f1o. Kaguya logra revivir gracias a los esfuerzos de Zetsu negro \u00a1y se pone en marcha para unificar todo el chakra!Despu\u00e9s de que Rikud\u00f4 Sennin les conf\u00ede su poder, Naruto y Sasuke se enfrentan a ella con la intenci\u00f3n de sellarla, pero...\" \/>\n<meta property=\"og:url\" content=\"https:\/\/www.colossalstore.es\/en\/tienda\/manga\/naruto-no-71-72\/\" \/>\n<meta property=\"og:site_name\" content=\"Colossal Store\" \/>\n<meta property=\"article:modified_time\" content=\"2026-01-05T19:39:31+00:00\" \/>\n<meta property=\"og:image\" content=\"https:\/\/www.colossalstore.es\/wp-content\/uploads\/2022\/10\/51GMJ8egtcL._SX324_BO1204203200_.jpg\" \/>\n\t<meta property=\"og:image:width\" content=\"326\" \/>\n\t<meta property=\"og:image:height\" content=\"499\" \/>\n\t<meta property=\"og:image:type\" content=\"image\/jpeg\" \/>\n<meta name=\"twitter:card\" content=\"summary_large_image\" \/>\n<meta name=\"twitter:site\" content=\"@Colossal_Store\" \/>\n<meta name=\"twitter:label1\" content=\"Est. reading time\" \/>\n\t<meta name=\"twitter:data1\" content=\"1 minute\" \/>\n<script type=\"application\/ld+json\" class=\"yoast-schema-graph\">{\"@context\":\"https:\/\/schema.org\",\"@graph\":[{\"@type\":\"WebPage\",\"@id\":\"https:\/\/www.colossalstore.es\/tienda\/manga\/naruto-no-71-72\/\",\"url\":\"https:\/\/www.colossalstore.es\/tienda\/manga\/naruto-no-71-72\/\",\"name\":\"Naruto 71 (Masashi Kishimoto) | Colossal Store\",\"isPartOf\":{\"@id\":\"https:\/\/www.colossalstore.es\/#website\"},\"primaryImageOfPage\":{\"@id\":\"https:\/\/www.colossalstore.es\/tienda\/manga\/naruto-no-71-72\/#primaryimage\"},\"image\":{\"@id\":\"https:\/\/www.colossalstore.es\/tienda\/manga\/naruto-no-71-72\/#primaryimage\"},\"thumbnailUrl\":\"https:\/\/www.colossalstore.es\/wp-content\/uploads\/2022\/10\/51GMJ8egtcL._SX324_BO1204203200_.jpg\",\"datePublished\":\"2022-10-01T08:35:08+00:00\",\"dateModified\":\"2026-01-05T19:39:31+00:00\",\"description\":\"Naruto 71 (Masashi Kishimoto): Tras la activaci\u00f3n del tsukuyomi infinito, todo el mundo ha quedado encerrado en un sue\u00f1o. Kaguya logra revivir gracias a los esfuerzos de Zetsu negro \u00a1y se pone en marcha para unificar todo el chakra!Despu\u00e9s de que Rikud\u00f4 Sennin les conf\u00ede su poder, Naruto y Sasuke se enfrentan a ella con la intenci\u00f3n de sellarla, pero...\",\"breadcrumb\":{\"@id\":\"https:\/\/www.colossalstore.es\/tienda\/manga\/naruto-no-71-72\/#breadcrumb\"},\"inLanguage\":\"en-US\",\"potentialAction\":[{\"@type\":\"ReadAction\",\"target\":[\"https:\/\/www.colossalstore.es\/tienda\/manga\/naruto-no-71-72\/\"]}]},{\"@type\":\"ImageObject\",\"inLanguage\":\"en-US\",\"@id\":\"https:\/\/www.colossalstore.es\/tienda\/manga\/naruto-no-71-72\/#primaryimage\",\"url\":\"https:\/\/www.colossalstore.es\/wp-content\/uploads\/2022\/10\/51GMJ8egtcL._SX324_BO1204203200_.jpg\",\"contentUrl\":\"https:\/\/www.colossalstore.es\/wp-content\/uploads\/2022\/10\/51GMJ8egtcL._SX324_BO1204203200_.jpg\",\"width\":326,\"height\":499},{\"@type\":\"BreadcrumbList\",\"@id\":\"https:\/\/www.colossalstore.es\/tienda\/manga\/naruto-no-71-72\/#breadcrumb\",\"itemListElement\":[{\"@type\":\"ListItem\",\"position\":1,\"name\":\"Home\",\"item\":\"https:\/\/www.colossalstore.es\/\"},{\"@type\":\"ListItem\",\"position\":2,\"name\":\"Tienda\",\"item\":\"https:\/\/www.colossalstore.es\/tienda\/\"},{\"@type\":\"ListItem\",\"position\":3,\"name\":\"NARUTO 71\/72\"}]},{\"@type\":\"WebSite\",\"@id\":\"https:\/\/www.colossalstore.es\/#website\",\"url\":\"https:\/\/www.colossalstore.es\/\",\"name\":\"Colossal Store\",\"description\":\"Colossal Store, tienda especializada en TCGs.\",\"publisher\":{\"@id\":\"https:\/\/www.colossalstore.es\/#organization\"},\"alternateName\":\"Colossal Store\",\"potentialAction\":[{\"@type\":\"SearchAction\",\"target\":{\"@type\":\"EntryPoint\",\"urlTemplate\":\"https:\/\/www.colossalstore.es\/?s={search_term_string}\"},\"query-input\":{\"@type\":\"PropertyValueSpecification\",\"valueRequired\":true,\"valueName\":\"search_term_string\"}}],\"inLanguage\":\"en-US\"},{\"@type\":\"Organization\",\"@id\":\"https:\/\/www.colossalstore.es\/#organization\",\"name\":\"Colossal Store\",\"url\":\"https:\/\/www.colossalstore.es\/\",\"logo\":{\"@type\":\"ImageObject\",\"inLanguage\":\"en-US\",\"@id\":\"https:\/\/www.colossalstore.es\/#\/schema\/logo\/image\/\",\"url\":\"https:\/\/www.colossalstore.es\/wp-content\/uploads\/2023\/05\/Colossal_Logo-02.png\",\"contentUrl\":\"https:\/\/www.colossalstore.es\/wp-content\/uploads\/2023\/05\/Colossal_Logo-02.png\",\"width\":1181,\"height\":1181,\"caption\":\"Colossal Store\"},\"image\":{\"@id\":\"https:\/\/www.colossalstore.es\/#\/schema\/logo\/image\/\"},\"sameAs\":[\"https:\/\/x.com\/Colossal_Store\",\"https:\/\/www.instagram.com\/colossal_store_tcg\/\",\"https:\/\/www.tiktok.com\/@colossalstore\"]}]}<\/script>\n<!-- \/ Yoast SEO plugin. -->","yoast_head_json":{"title":"Naruto 71 (Masashi Kishimoto) | Colossal Store","description":"Naruto 71 (Masashi Kishimoto): Tras la activaci\u00f3n del tsukuyomi infinito, todo el mundo ha quedado encerrado en un sue\u00f1o. Kaguya logra revivir gracias a los esfuerzos de Zetsu negro \u00a1y se pone en marcha para unificar todo el chakra!Despu\u00e9s de que Rikud\u00f4 Sennin les conf\u00ede su poder, Naruto y Sasuke se enfrentan a ella con la intenci\u00f3n de sellarla, pero...","robots":{"index":"index","follow":"follow","max-snippet":"max-snippet:-1","max-image-preview":"max-image-preview:large","max-video-preview":"max-video-preview:-1"},"canonical":"https:\/\/www.colossalstore.es\/en\/tienda\/manga\/naruto-no-71-72\/","og_locale":"en_US","og_type":"article","og_title":"Naruto 71 (Masashi Kishimoto) | Colossal Store","og_description":"Naruto 71 (Masashi Kishimoto): Tras la activaci\u00f3n del tsukuyomi infinito, todo el mundo ha quedado encerrado en un sue\u00f1o. Kaguya logra revivir gracias a los esfuerzos de Zetsu negro \u00a1y se pone en marcha para unificar todo el chakra!Despu\u00e9s de que Rikud\u00f4 Sennin les conf\u00ede su poder, Naruto y Sasuke se enfrentan a ella con la intenci\u00f3n de sellarla, pero...","og_url":"https:\/\/www.colossalstore.es\/en\/tienda\/manga\/naruto-no-71-72\/","og_site_name":"Colossal Store","article_modified_time":"2026-01-05T19:39:31+00:00","og_image":[{"width":326,"height":499,"url":"https:\/\/www.colossalstore.es\/wp-content\/uploads\/2022\/10\/51GMJ8egtcL._SX324_BO1204203200_.jpg","type":"image\/jpeg"}],"twitter_card":"summary_large_image","twitter_site":"@Colossal_Store","twitter_misc":{"Est. reading time":"1 minute"},"schema":{"@context":"https:\/\/schema.org","@graph":[{"@type":"WebPage","@id":"https:\/\/www.colossalstore.es\/tienda\/manga\/naruto-no-71-72\/","url":"https:\/\/www.colossalstore.es\/tienda\/manga\/naruto-no-71-72\/","name":"Naruto 71 (Masashi Kishimoto) | Colossal Store","isPartOf":{"@id":"https:\/\/www.colossalstore.es\/#website"},"primaryImageOfPage":{"@id":"https:\/\/www.colossalstore.es\/tienda\/manga\/naruto-no-71-72\/#primaryimage"},"image":{"@id":"https:\/\/www.colossalstore.es\/tienda\/manga\/naruto-no-71-72\/#primaryimage"},"thumbnailUrl":"https:\/\/www.colossalstore.es\/wp-content\/uploads\/2022\/10\/51GMJ8egtcL._SX324_BO1204203200_.jpg","datePublished":"2022-10-01T08:35:08+00:00","dateModified":"2026-01-05T19:39:31+00:00","description":"Naruto 71 (Masashi Kishimoto): Tras la activaci\u00f3n del tsukuyomi infinito, todo el mundo ha quedado encerrado en un sue\u00f1o. Kaguya logra revivir gracias a los esfuerzos de Zetsu negro \u00a1y se pone en marcha para unificar todo el chakra!Despu\u00e9s de que Rikud\u00f4 Sennin les conf\u00ede su poder, Naruto y Sasuke se enfrentan a ella con la intenci\u00f3n de sellarla, pero...","breadcrumb":{"@id":"https:\/\/www.colossalstore.es\/tienda\/manga\/naruto-no-71-72\/#breadcrumb"},"inLanguage":"en-US","potentialAction":[{"@type":"ReadAction","target":["https:\/\/www.colossalstore.es\/tienda\/manga\/naruto-no-71-72\/"]}]},{"@type":"ImageObject","inLanguage":"en-US","@id":"https:\/\/www.colossalstore.es\/tienda\/manga\/naruto-no-71-72\/#primaryimage","url":"https:\/\/www.colossalstore.es\/wp-content\/uploads\/2022\/10\/51GMJ8egtcL._SX324_BO1204203200_.jpg","contentUrl":"https:\/\/www.colossalstore.es\/wp-content\/uploads\/2022\/10\/51GMJ8egtcL._SX324_BO1204203200_.jpg","width":326,"height":499},{"@type":"BreadcrumbList","@id":"https:\/\/www.colossalstore.es\/tienda\/manga\/naruto-no-71-72\/#breadcrumb","itemListElement":[{"@type":"ListItem","position":1,"name":"Home","item":"https:\/\/www.colossalstore.es\/"},{"@type":"ListItem","position":2,"name":"Tienda","item":"https:\/\/www.colossalstore.es\/tienda\/"},{"@type":"ListItem","position":3,"name":"NARUTO 71\/72"}]},{"@type":"WebSite","@id":"https:\/\/www.colossalstore.es\/#website","url":"https:\/\/www.colossalstore.es\/","name":"Colossal Store","description":"Colossal Store, store specialized in TCGs.","publisher":{"@id":"https:\/\/www.colossalstore.es\/#organization"},"alternateName":"Colossal Store","potentialAction":[{"@type":"SearchAction","target":{"@type":"EntryPoint","urlTemplate":"https:\/\/www.colossalstore.es\/?s={search_term_string}"},"query-input":{"@type":"PropertyValueSpecification","valueRequired":true,"valueName":"search_term_string"}}],"inLanguage":"en-US"},{"@type":"Organization","@id":"https:\/\/www.colossalstore.es\/#organization","name":"Colossal Store","url":"https:\/\/www.colossalstore.es\/","logo":{"@type":"ImageObject","inLanguage":"en-US","@id":"https:\/\/www.colossalstore.es\/#\/schema\/logo\/image\/","url":"https:\/\/www.colossalstore.es\/wp-content\/uploads\/2023\/05\/Colossal_Logo-02.png","contentUrl":"https:\/\/www.colossalstore.es\/wp-content\/uploads\/2023\/05\/Colossal_Logo-02.png","width":1181,"height":1181,"caption":"Colossal Store"},"image":{"@id":"https:\/\/www.colossalstore.es\/#\/schema\/logo\/image\/"},"sameAs":["https:\/\/x.com\/Colossal_Store","https:\/\/www.instagram.com\/colossal_store_tcg\/","https:\/\/www.tiktok.com\/@colossalstore"]}]}},"_links":{"self":[{"href":"https:\/\/www.colossalstore.es\/en\/wp-json\/wp\/v2\/product\/1320","targetHints":{"allow":["GET"]}}],"collection":[{"href":"https:\/\/www.colossalstore.es\/en\/wp-json\/wp\/v2\/product"}],"about":[{"href":"https:\/\/www.colossalstore.es\/en\/wp-json\/wp\/v2\/types\/product"}],"replies":[{"embeddable":true,"href":"https:\/\/www.colossalstore.es\/en\/wp-json\/wp\/v2\/comments?post=1320"}],"wp:featuredmedia":[{"embeddable":true,"href":"https:\/\/www.colossalstore.es\/en\/wp-json\/wp\/v2\/media\/1321"}],"wp:attachment":[{"href":"https:\/\/www.colossalstore.es\/en\/wp-json\/wp\/v2\/media?parent=1320"}],"wp:term":[{"taxonomy":"product_brand","embeddable":true,"href":"https:\/\/www.colossalstore.es\/en\/wp-json\/wp\/v2\/product_brand?post=1320"},{"taxonomy":"product_cat","embeddable":true,"href":"https:\/\/www.colossalstore.es\/en\/wp-json\/wp\/v2\/product_cat?post=1320"},{"taxonomy":"product_tag","embeddable":true,"href":"https:\/\/www.colossalstore.es\/en\/wp-json\/wp\/v2\/product_tag?post=1320"}],"curies":[{"name":"wp","href":"https:\/\/api.w.org\/{rel}","templated":true}]}}