{"id":1310,"date":"2022-10-01T10:21:44","date_gmt":"2022-10-01T08:21:44","guid":{"rendered":"https:\/\/colossalstore.es\/?post_type=product&#038;p=1310"},"modified":"2025-06-23T18:18:30","modified_gmt":"2025-06-23T16:18:30","slug":"my-hero-academia-no-29","status":"publish","type":"product","link":"https:\/\/www.colossalstore.es\/en\/tienda\/manga\/my-hero-academia-no-29\/","title":{"rendered":"MY HERO ACADEMIA 29"},"content":{"rendered":"<p>My Hero Academia 29 (Kohei Horikoshi)<\/p>\n<p>Todo es un desastre por culpa de ese grandull\u00f3n! \u00bfA qui\u00e9n se refiere con \u00absu se\u00f1or\u00bb? \u00bfEs Shigaraki? \u00a1Ni hablar! \u00a1Si llega a la ciudad, ser\u00e1 un cataclismo! \u00a1Los chicos de la Y\u00fbei tambi\u00e9n est\u00e1n en peligro! \u00bf\u00a1Qu\u00e9 ha pasado en el Hospital Jak\u00fb!? \u00a1\u00a1Detente yaaa!! \u00a1\u00a1Plus ultra!!<\/p>","protected":false},"excerpt":{"rendered":"<p>My Hero Academia 29 (Kohei Horikoshi) Todo es un desastre por culpa de ese grandull\u00f3n! \u00bfA qui\u00e9n se refiere con \u00absu se\u00f1or\u00bb? \u00bfEs Shigaraki? \u00a1Ni hablar! \u00a1Si llega a la ciudad, ser\u00e1 un cataclismo! \u00a1Los chicos de la Y\u00fbei tambi\u00e9n est\u00e1n en peligro! \u00bf\u00a1Qu\u00e9 ha pasado en el Hospital Jak\u00fb!? \u00a1\u00a1Detente yaaa!! \u00a1\u00a1Plus ultra!!<\/p>","protected":false},"featured_media":1311,"comment_status":"open","ping_status":"closed","template":"","meta":{"_joinchat":[]},"product_brand":[],"product_cat":[32],"product_tag":[],"class_list":{"0":"post-1310","1":"product","2":"type-product","3":"status-publish","4":"has-post-thumbnail","6":"product_cat-manga","8":"first","9":"outofstock","10":"sale","11":"taxable","12":"shipping-taxable","13":"purchasable","14":"product-type-simple"},"yoast_head":"<!-- This site is optimized with the Yoast SEO plugin v25.7 - https:\/\/yoast.com\/wordpress\/plugins\/seo\/ -->\n<title>My Hero Academia 29 (Kohei Horikoshi) | Colossal Store<\/title>\n<meta name=\"description\" content=\"My Hero Academia 29 (Kohei Horikoshi): Todo es un desastre por culpa de ese grandull\u00f3n! \u00bfA qui\u00e9n se refiere con &quot;su se\u00f1or&quot;? \u00bfEs Shigaraki? \u00a1Ni hablar! \u00a1Si llega a la ciudad, ser\u00e1 un cataclismo! \u00a1Los chicos de la Y\u00fbei tambi\u00e9n est\u00e1n en peligro! \u00bf\u00a1Qu\u00e9 ha pasado en el Hospital Jak\u00fb!? \u00a1\u00a1Detente yaaa!! \u00a1\u00a1Plus ultra!!\" \/>\n<meta name=\"robots\" content=\"index, follow, max-snippet:-1, max-image-preview:large, max-video-preview:-1\" \/>\n<link rel=\"canonical\" href=\"https:\/\/www.colossalstore.es\/en\/tienda\/manga\/my-hero-academia-no-29\/\" \/>\n<meta property=\"og:locale\" content=\"en_US\" \/>\n<meta property=\"og:type\" content=\"article\" \/>\n<meta property=\"og:title\" content=\"My Hero Academia 29 (Kohei Horikoshi) | Colossal Store\" \/>\n<meta property=\"og:description\" content=\"My Hero Academia 29 (Kohei Horikoshi): Todo es un desastre por culpa de ese grandull\u00f3n! \u00bfA qui\u00e9n se refiere con &quot;su se\u00f1or&quot;? \u00bfEs Shigaraki? \u00a1Ni hablar! \u00a1Si llega a la ciudad, ser\u00e1 un cataclismo! \u00a1Los chicos de la Y\u00fbei tambi\u00e9n est\u00e1n en peligro! \u00bf\u00a1Qu\u00e9 ha pasado en el Hospital Jak\u00fb!? \u00a1\u00a1Detente yaaa!! \u00a1\u00a1Plus ultra!!\" \/>\n<meta property=\"og:url\" content=\"https:\/\/www.colossalstore.es\/en\/tienda\/manga\/my-hero-academia-no-29\/\" \/>\n<meta property=\"og:site_name\" content=\"Colossal Store\" \/>\n<meta property=\"article:modified_time\" content=\"2025-06-23T16:18:30+00:00\" \/>\n<meta property=\"og:image\" content=\"https:\/\/www.colossalstore.es\/wp-content\/uploads\/2022\/10\/51HYDo3cpYL._SX315_BO1204203200_.jpg\" \/>\n\t<meta property=\"og:image:width\" content=\"317\" \/>\n\t<meta property=\"og:image:height\" content=\"499\" \/>\n\t<meta property=\"og:image:type\" content=\"image\/jpeg\" \/>\n<meta name=\"twitter:card\" content=\"summary_large_image\" \/>\n<meta name=\"twitter:site\" content=\"@Colossal_Store\" \/>\n<meta name=\"twitter:label1\" content=\"Est. reading time\" \/>\n\t<meta name=\"twitter:data1\" content=\"1 minute\" \/>\n<script type=\"application\/ld+json\" class=\"yoast-schema-graph\">{\"@context\":\"https:\/\/schema.org\",\"@graph\":[{\"@type\":\"WebPage\",\"@id\":\"https:\/\/www.colossalstore.es\/tienda\/manga\/my-hero-academia-no-29\/\",\"url\":\"https:\/\/www.colossalstore.es\/tienda\/manga\/my-hero-academia-no-29\/\",\"name\":\"My Hero Academia 29 (Kohei Horikoshi) | Colossal Store\",\"isPartOf\":{\"@id\":\"https:\/\/www.colossalstore.es\/#website\"},\"primaryImageOfPage\":{\"@id\":\"https:\/\/www.colossalstore.es\/tienda\/manga\/my-hero-academia-no-29\/#primaryimage\"},\"image\":{\"@id\":\"https:\/\/www.colossalstore.es\/tienda\/manga\/my-hero-academia-no-29\/#primaryimage\"},\"thumbnailUrl\":\"https:\/\/www.colossalstore.es\/wp-content\/uploads\/2022\/10\/51HYDo3cpYL._SX315_BO1204203200_.jpg\",\"datePublished\":\"2022-10-01T08:21:44+00:00\",\"dateModified\":\"2025-06-23T16:18:30+00:00\",\"description\":\"My Hero Academia 29 (Kohei Horikoshi): Todo es un desastre por culpa de ese grandull\u00f3n! \u00bfA qui\u00e9n se refiere con \\\"su se\u00f1or\\\"? \u00bfEs Shigaraki? \u00a1Ni hablar! \u00a1Si llega a la ciudad, ser\u00e1 un cataclismo! \u00a1Los chicos de la Y\u00fbei tambi\u00e9n est\u00e1n en peligro! \u00bf\u00a1Qu\u00e9 ha pasado en el Hospital Jak\u00fb!? \u00a1\u00a1Detente yaaa!! \u00a1\u00a1Plus ultra!!\",\"breadcrumb\":{\"@id\":\"https:\/\/www.colossalstore.es\/tienda\/manga\/my-hero-academia-no-29\/#breadcrumb\"},\"inLanguage\":\"en-US\",\"potentialAction\":[{\"@type\":\"ReadAction\",\"target\":[\"https:\/\/www.colossalstore.es\/tienda\/manga\/my-hero-academia-no-29\/\"]}]},{\"@type\":\"ImageObject\",\"inLanguage\":\"en-US\",\"@id\":\"https:\/\/www.colossalstore.es\/tienda\/manga\/my-hero-academia-no-29\/#primaryimage\",\"url\":\"https:\/\/www.colossalstore.es\/wp-content\/uploads\/2022\/10\/51HYDo3cpYL._SX315_BO1204203200_.jpg\",\"contentUrl\":\"https:\/\/www.colossalstore.es\/wp-content\/uploads\/2022\/10\/51HYDo3cpYL._SX315_BO1204203200_.jpg\",\"width\":317,\"height\":499},{\"@type\":\"BreadcrumbList\",\"@id\":\"https:\/\/www.colossalstore.es\/tienda\/manga\/my-hero-academia-no-29\/#breadcrumb\",\"itemListElement\":[{\"@type\":\"ListItem\",\"position\":1,\"name\":\"Home\",\"item\":\"https:\/\/www.colossalstore.es\/\"},{\"@type\":\"ListItem\",\"position\":2,\"name\":\"Tienda\",\"item\":\"https:\/\/www.colossalstore.es\/tienda\/\"},{\"@type\":\"ListItem\",\"position\":3,\"name\":\"MY HERO ACADEMIA 29\"}]},{\"@type\":\"WebSite\",\"@id\":\"https:\/\/www.colossalstore.es\/#website\",\"url\":\"https:\/\/www.colossalstore.es\/\",\"name\":\"Colossal Store\",\"description\":\"Colossal Store, tienda especializada en TCGs.\",\"publisher\":{\"@id\":\"https:\/\/www.colossalstore.es\/#organization\"},\"alternateName\":\"Colossal Store\",\"potentialAction\":[{\"@type\":\"SearchAction\",\"target\":{\"@type\":\"EntryPoint\",\"urlTemplate\":\"https:\/\/www.colossalstore.es\/?s={search_term_string}\"},\"query-input\":{\"@type\":\"PropertyValueSpecification\",\"valueRequired\":true,\"valueName\":\"search_term_string\"}}],\"inLanguage\":\"en-US\"},{\"@type\":\"Organization\",\"@id\":\"https:\/\/www.colossalstore.es\/#organization\",\"name\":\"Colossal Store\",\"url\":\"https:\/\/www.colossalstore.es\/\",\"logo\":{\"@type\":\"ImageObject\",\"inLanguage\":\"en-US\",\"@id\":\"https:\/\/www.colossalstore.es\/#\/schema\/logo\/image\/\",\"url\":\"https:\/\/www.colossalstore.es\/wp-content\/uploads\/2023\/05\/Colossal_Logo-02.png\",\"contentUrl\":\"https:\/\/www.colossalstore.es\/wp-content\/uploads\/2023\/05\/Colossal_Logo-02.png\",\"width\":1181,\"height\":1181,\"caption\":\"Colossal Store\"},\"image\":{\"@id\":\"https:\/\/www.colossalstore.es\/#\/schema\/logo\/image\/\"},\"sameAs\":[\"https:\/\/x.com\/Colossal_Store\",\"https:\/\/www.instagram.com\/colossal_store_tcg\/\",\"https:\/\/www.tiktok.com\/@colossalstore\"]}]}<\/script>\n<!-- \/ Yoast SEO plugin. -->","yoast_head_json":{"title":"My Hero Academia 29 (Kohei Horikoshi) | Colossal Store","description":"My Hero Academia 29 (Kohei Horikoshi): Todo es un desastre por culpa de ese grandull\u00f3n! \u00bfA qui\u00e9n se refiere con \"su se\u00f1or\"? \u00bfEs Shigaraki? \u00a1Ni hablar! \u00a1Si llega a la ciudad, ser\u00e1 un cataclismo! \u00a1Los chicos de la Y\u00fbei tambi\u00e9n est\u00e1n en peligro! \u00bf\u00a1Qu\u00e9 ha pasado en el Hospital Jak\u00fb!? \u00a1\u00a1Detente yaaa!! \u00a1\u00a1Plus ultra!!","robots":{"index":"index","follow":"follow","max-snippet":"max-snippet:-1","max-image-preview":"max-image-preview:large","max-video-preview":"max-video-preview:-1"},"canonical":"https:\/\/www.colossalstore.es\/en\/tienda\/manga\/my-hero-academia-no-29\/","og_locale":"en_US","og_type":"article","og_title":"My Hero Academia 29 (Kohei Horikoshi) | Colossal Store","og_description":"My Hero Academia 29 (Kohei Horikoshi): Todo es un desastre por culpa de ese grandull\u00f3n! \u00bfA qui\u00e9n se refiere con \"su se\u00f1or\"? \u00bfEs Shigaraki? \u00a1Ni hablar! \u00a1Si llega a la ciudad, ser\u00e1 un cataclismo! \u00a1Los chicos de la Y\u00fbei tambi\u00e9n est\u00e1n en peligro! \u00bf\u00a1Qu\u00e9 ha pasado en el Hospital Jak\u00fb!? \u00a1\u00a1Detente yaaa!! \u00a1\u00a1Plus ultra!!","og_url":"https:\/\/www.colossalstore.es\/en\/tienda\/manga\/my-hero-academia-no-29\/","og_site_name":"Colossal Store","article_modified_time":"2025-06-23T16:18:30+00:00","og_image":[{"width":317,"height":499,"url":"https:\/\/www.colossalstore.es\/wp-content\/uploads\/2022\/10\/51HYDo3cpYL._SX315_BO1204203200_.jpg","type":"image\/jpeg"}],"twitter_card":"summary_large_image","twitter_site":"@Colossal_Store","twitter_misc":{"Est. reading time":"1 minute"},"schema":{"@context":"https:\/\/schema.org","@graph":[{"@type":"WebPage","@id":"https:\/\/www.colossalstore.es\/tienda\/manga\/my-hero-academia-no-29\/","url":"https:\/\/www.colossalstore.es\/tienda\/manga\/my-hero-academia-no-29\/","name":"My Hero Academia 29 (Kohei Horikoshi) | Colossal Store","isPartOf":{"@id":"https:\/\/www.colossalstore.es\/#website"},"primaryImageOfPage":{"@id":"https:\/\/www.colossalstore.es\/tienda\/manga\/my-hero-academia-no-29\/#primaryimage"},"image":{"@id":"https:\/\/www.colossalstore.es\/tienda\/manga\/my-hero-academia-no-29\/#primaryimage"},"thumbnailUrl":"https:\/\/www.colossalstore.es\/wp-content\/uploads\/2022\/10\/51HYDo3cpYL._SX315_BO1204203200_.jpg","datePublished":"2022-10-01T08:21:44+00:00","dateModified":"2025-06-23T16:18:30+00:00","description":"My Hero Academia 29 (Kohei Horikoshi): Todo es un desastre por culpa de ese grandull\u00f3n! \u00bfA qui\u00e9n se refiere con \"su se\u00f1or\"? \u00bfEs Shigaraki? \u00a1Ni hablar! \u00a1Si llega a la ciudad, ser\u00e1 un cataclismo! \u00a1Los chicos de la Y\u00fbei tambi\u00e9n est\u00e1n en peligro! \u00bf\u00a1Qu\u00e9 ha pasado en el Hospital Jak\u00fb!? \u00a1\u00a1Detente yaaa!! \u00a1\u00a1Plus ultra!!","breadcrumb":{"@id":"https:\/\/www.colossalstore.es\/tienda\/manga\/my-hero-academia-no-29\/#breadcrumb"},"inLanguage":"en-US","potentialAction":[{"@type":"ReadAction","target":["https:\/\/www.colossalstore.es\/tienda\/manga\/my-hero-academia-no-29\/"]}]},{"@type":"ImageObject","inLanguage":"en-US","@id":"https:\/\/www.colossalstore.es\/tienda\/manga\/my-hero-academia-no-29\/#primaryimage","url":"https:\/\/www.colossalstore.es\/wp-content\/uploads\/2022\/10\/51HYDo3cpYL._SX315_BO1204203200_.jpg","contentUrl":"https:\/\/www.colossalstore.es\/wp-content\/uploads\/2022\/10\/51HYDo3cpYL._SX315_BO1204203200_.jpg","width":317,"height":499},{"@type":"BreadcrumbList","@id":"https:\/\/www.colossalstore.es\/tienda\/manga\/my-hero-academia-no-29\/#breadcrumb","itemListElement":[{"@type":"ListItem","position":1,"name":"Home","item":"https:\/\/www.colossalstore.es\/"},{"@type":"ListItem","position":2,"name":"Tienda","item":"https:\/\/www.colossalstore.es\/tienda\/"},{"@type":"ListItem","position":3,"name":"MY HERO ACADEMIA 29"}]},{"@type":"WebSite","@id":"https:\/\/www.colossalstore.es\/#website","url":"https:\/\/www.colossalstore.es\/","name":"Colossal Store","description":"Colossal Store, store specialized in TCGs.","publisher":{"@id":"https:\/\/www.colossalstore.es\/#organization"},"alternateName":"Colossal Store","potentialAction":[{"@type":"SearchAction","target":{"@type":"EntryPoint","urlTemplate":"https:\/\/www.colossalstore.es\/?s={search_term_string}"},"query-input":{"@type":"PropertyValueSpecification","valueRequired":true,"valueName":"search_term_string"}}],"inLanguage":"en-US"},{"@type":"Organization","@id":"https:\/\/www.colossalstore.es\/#organization","name":"Colossal Store","url":"https:\/\/www.colossalstore.es\/","logo":{"@type":"ImageObject","inLanguage":"en-US","@id":"https:\/\/www.colossalstore.es\/#\/schema\/logo\/image\/","url":"https:\/\/www.colossalstore.es\/wp-content\/uploads\/2023\/05\/Colossal_Logo-02.png","contentUrl":"https:\/\/www.colossalstore.es\/wp-content\/uploads\/2023\/05\/Colossal_Logo-02.png","width":1181,"height":1181,"caption":"Colossal Store"},"image":{"@id":"https:\/\/www.colossalstore.es\/#\/schema\/logo\/image\/"},"sameAs":["https:\/\/x.com\/Colossal_Store","https:\/\/www.instagram.com\/colossal_store_tcg\/","https:\/\/www.tiktok.com\/@colossalstore"]}]}},"_links":{"self":[{"href":"https:\/\/www.colossalstore.es\/en\/wp-json\/wp\/v2\/product\/1310","targetHints":{"allow":["GET"]}}],"collection":[{"href":"https:\/\/www.colossalstore.es\/en\/wp-json\/wp\/v2\/product"}],"about":[{"href":"https:\/\/www.colossalstore.es\/en\/wp-json\/wp\/v2\/types\/product"}],"replies":[{"embeddable":true,"href":"https:\/\/www.colossalstore.es\/en\/wp-json\/wp\/v2\/comments?post=1310"}],"wp:featuredmedia":[{"embeddable":true,"href":"https:\/\/www.colossalstore.es\/en\/wp-json\/wp\/v2\/media\/1311"}],"wp:attachment":[{"href":"https:\/\/www.colossalstore.es\/en\/wp-json\/wp\/v2\/media?parent=1310"}],"wp:term":[{"taxonomy":"product_brand","embeddable":true,"href":"https:\/\/www.colossalstore.es\/en\/wp-json\/wp\/v2\/product_brand?post=1310"},{"taxonomy":"product_cat","embeddable":true,"href":"https:\/\/www.colossalstore.es\/en\/wp-json\/wp\/v2\/product_cat?post=1310"},{"taxonomy":"product_tag","embeddable":true,"href":"https:\/\/www.colossalstore.es\/en\/wp-json\/wp\/v2\/product_tag?post=1310"}],"curies":[{"name":"wp","href":"https:\/\/api.w.org\/{rel}","templated":true}]}}