{"id":1295,"date":"2022-10-01T10:17:00","date_gmt":"2022-10-01T08:17:00","guid":{"rendered":"https:\/\/colossalstore.es\/?post_type=product&#038;p=1295"},"modified":"2026-01-05T20:38:31","modified_gmt":"2026-01-05T19:38:31","slug":"kaiju-8-no-01","status":"publish","type":"product","link":"https:\/\/www.colossalstore.es\/en\/tienda\/manga\/kaiju-8-no-01\/","title":{"rendered":"KAIJU 8 01"},"content":{"rendered":"<p>Kaiju 8 volume 1 (Naoya Matsumoto)<\/p>\n<p>Japan has the highest incidence rate of Kaiju attacks in the entire world. Kaijus continually and mercilessly break into people&#039;s daily lives. Kafka Hibino, who always wanted to be a member of the Defense Forces, currently works as a Kaiju corpse cleaner.<\/p>\n<p>However, one day, a mysterious creature turns Kafka into a Kaiju, and the Japanese Defense Forces, tasked with defeating these monsters, codename him \u201cKaiju No. 8.\u201d<\/p>","protected":false},"excerpt":{"rendered":"<p>Kaiju 8 volumen 1 (Naoya Matsumoto) Jap\u00f3n tiene la mayor tasa de incidencias por ataques de Kaijus de todo el mundo. Los Kaijus irrumpen continuamente y sin piedad en las vidas cotidianas de la gente. Kafka Hibino, que siempre quiso ser un miembro de las Fuerzas de Defensa, actualmente trabaja como limpiador de cad\u00e1veres de [&hellip;]<\/p>","protected":false},"featured_media":1296,"comment_status":"open","ping_status":"closed","template":"","meta":{"_joinchat":[]},"product_brand":[],"product_cat":[32],"product_tag":[],"class_list":{"0":"post-1295","1":"product","2":"type-product","3":"status-publish","4":"has-post-thumbnail","6":"product_cat-manga","8":"first","9":"outofstock","10":"sale","11":"taxable","12":"shipping-taxable","13":"purchasable","14":"product-type-simple"},"yoast_head":"<!-- This site is optimized with the Yoast SEO plugin v25.7 - https:\/\/yoast.com\/wordpress\/plugins\/seo\/ -->\n<title>Kaiju 8 volumen 1 (Naoya Matsumoto) | Colossal Store<\/title>\n<meta name=\"description\" content=\"Kaiju 8 volumen 1 (Naoya Matsumoto): Jap\u00f3n tiene la mayor tasa de incidencias por ataques de Kaijus de todo el mundo. Los Kaijus irrumpen continuamente y sin piedad en las vidas cotidianas de la gente. Kafka Hibino, que siempre quiso ser un miembro de las Fuerzas de Defensa, actualmente trabaja como limpiador de cad\u00e1veres de Kaijus.Sin embargo, un d\u00eda, una misteriosa criatura convierte a Kafka en un Kaiju, y las Fuerzas de Defensa de Jap\u00f3n, encargados de derrotar a estos monstruos, le identificaron con el nombre clave de \u201cKaiju N.8\u201d.\" \/>\n<meta name=\"robots\" content=\"index, follow, max-snippet:-1, max-image-preview:large, max-video-preview:-1\" \/>\n<link rel=\"canonical\" href=\"https:\/\/www.colossalstore.es\/en\/tienda\/manga\/kaiju-8-no-01\/\" \/>\n<meta property=\"og:locale\" content=\"en_US\" \/>\n<meta property=\"og:type\" content=\"article\" \/>\n<meta property=\"og:title\" content=\"Kaiju 8 volumen 1 (Naoya Matsumoto) | Colossal Store\" \/>\n<meta property=\"og:description\" content=\"Kaiju 8 volumen 1 (Naoya Matsumoto): Jap\u00f3n tiene la mayor tasa de incidencias por ataques de Kaijus de todo el mundo. Los Kaijus irrumpen continuamente y sin piedad en las vidas cotidianas de la gente. Kafka Hibino, que siempre quiso ser un miembro de las Fuerzas de Defensa, actualmente trabaja como limpiador de cad\u00e1veres de Kaijus.Sin embargo, un d\u00eda, una misteriosa criatura convierte a Kafka en un Kaiju, y las Fuerzas de Defensa de Jap\u00f3n, encargados de derrotar a estos monstruos, le identificaron con el nombre clave de \u201cKaiju N.8\u201d.\" \/>\n<meta property=\"og:url\" content=\"https:\/\/www.colossalstore.es\/en\/tienda\/manga\/kaiju-8-no-01\/\" \/>\n<meta property=\"og:site_name\" content=\"Colossal Store\" \/>\n<meta property=\"article:modified_time\" content=\"2026-01-05T19:38:31+00:00\" \/>\n<meta property=\"og:image\" content=\"https:\/\/www.colossalstore.es\/wp-content\/uploads\/2022\/10\/516CtkXyKOL.jpg\" \/>\n\t<meta property=\"og:image:width\" content=\"432\" \/>\n\t<meta property=\"og:image:height\" content=\"648\" \/>\n\t<meta property=\"og:image:type\" content=\"image\/jpeg\" \/>\n<meta name=\"twitter:card\" content=\"summary_large_image\" \/>\n<meta name=\"twitter:site\" content=\"@Colossal_Store\" \/>\n<meta name=\"twitter:label1\" content=\"Est. reading time\" \/>\n\t<meta name=\"twitter:data1\" content=\"1 minute\" \/>\n<script type=\"application\/ld+json\" class=\"yoast-schema-graph\">{\"@context\":\"https:\/\/schema.org\",\"@graph\":[{\"@type\":\"WebPage\",\"@id\":\"https:\/\/www.colossalstore.es\/tienda\/manga\/kaiju-8-no-01\/\",\"url\":\"https:\/\/www.colossalstore.es\/tienda\/manga\/kaiju-8-no-01\/\",\"name\":\"Kaiju 8 volumen 1 (Naoya Matsumoto) | Colossal Store\",\"isPartOf\":{\"@id\":\"https:\/\/www.colossalstore.es\/#website\"},\"primaryImageOfPage\":{\"@id\":\"https:\/\/www.colossalstore.es\/tienda\/manga\/kaiju-8-no-01\/#primaryimage\"},\"image\":{\"@id\":\"https:\/\/www.colossalstore.es\/tienda\/manga\/kaiju-8-no-01\/#primaryimage\"},\"thumbnailUrl\":\"https:\/\/www.colossalstore.es\/wp-content\/uploads\/2022\/10\/516CtkXyKOL.jpg\",\"datePublished\":\"2022-10-01T08:17:00+00:00\",\"dateModified\":\"2026-01-05T19:38:31+00:00\",\"description\":\"Kaiju 8 volumen 1 (Naoya Matsumoto): Jap\u00f3n tiene la mayor tasa de incidencias por ataques de Kaijus de todo el mundo. Los Kaijus irrumpen continuamente y sin piedad en las vidas cotidianas de la gente. Kafka Hibino, que siempre quiso ser un miembro de las Fuerzas de Defensa, actualmente trabaja como limpiador de cad\u00e1veres de Kaijus.Sin embargo, un d\u00eda, una misteriosa criatura convierte a Kafka en un Kaiju, y las Fuerzas de Defensa de Jap\u00f3n, encargados de derrotar a estos monstruos, le identificaron con el nombre clave de \u201cKaiju N.8\u201d.\",\"breadcrumb\":{\"@id\":\"https:\/\/www.colossalstore.es\/tienda\/manga\/kaiju-8-no-01\/#breadcrumb\"},\"inLanguage\":\"en-US\",\"potentialAction\":[{\"@type\":\"ReadAction\",\"target\":[\"https:\/\/www.colossalstore.es\/tienda\/manga\/kaiju-8-no-01\/\"]}]},{\"@type\":\"ImageObject\",\"inLanguage\":\"en-US\",\"@id\":\"https:\/\/www.colossalstore.es\/tienda\/manga\/kaiju-8-no-01\/#primaryimage\",\"url\":\"https:\/\/www.colossalstore.es\/wp-content\/uploads\/2022\/10\/516CtkXyKOL.jpg\",\"contentUrl\":\"https:\/\/www.colossalstore.es\/wp-content\/uploads\/2022\/10\/516CtkXyKOL.jpg\",\"width\":432,\"height\":648},{\"@type\":\"BreadcrumbList\",\"@id\":\"https:\/\/www.colossalstore.es\/tienda\/manga\/kaiju-8-no-01\/#breadcrumb\",\"itemListElement\":[{\"@type\":\"ListItem\",\"position\":1,\"name\":\"Home\",\"item\":\"https:\/\/www.colossalstore.es\/\"},{\"@type\":\"ListItem\",\"position\":2,\"name\":\"Tienda\",\"item\":\"https:\/\/www.colossalstore.es\/tienda\/\"},{\"@type\":\"ListItem\",\"position\":3,\"name\":\"KAIJU 8 01\"}]},{\"@type\":\"WebSite\",\"@id\":\"https:\/\/www.colossalstore.es\/#website\",\"url\":\"https:\/\/www.colossalstore.es\/\",\"name\":\"Colossal Store\",\"description\":\"Colossal Store, tienda especializada en TCGs.\",\"publisher\":{\"@id\":\"https:\/\/www.colossalstore.es\/#organization\"},\"alternateName\":\"Colossal Store\",\"potentialAction\":[{\"@type\":\"SearchAction\",\"target\":{\"@type\":\"EntryPoint\",\"urlTemplate\":\"https:\/\/www.colossalstore.es\/?s={search_term_string}\"},\"query-input\":{\"@type\":\"PropertyValueSpecification\",\"valueRequired\":true,\"valueName\":\"search_term_string\"}}],\"inLanguage\":\"en-US\"},{\"@type\":\"Organization\",\"@id\":\"https:\/\/www.colossalstore.es\/#organization\",\"name\":\"Colossal Store\",\"url\":\"https:\/\/www.colossalstore.es\/\",\"logo\":{\"@type\":\"ImageObject\",\"inLanguage\":\"en-US\",\"@id\":\"https:\/\/www.colossalstore.es\/#\/schema\/logo\/image\/\",\"url\":\"https:\/\/www.colossalstore.es\/wp-content\/uploads\/2023\/05\/Colossal_Logo-02.png\",\"contentUrl\":\"https:\/\/www.colossalstore.es\/wp-content\/uploads\/2023\/05\/Colossal_Logo-02.png\",\"width\":1181,\"height\":1181,\"caption\":\"Colossal Store\"},\"image\":{\"@id\":\"https:\/\/www.colossalstore.es\/#\/schema\/logo\/image\/\"},\"sameAs\":[\"https:\/\/x.com\/Colossal_Store\",\"https:\/\/www.instagram.com\/colossal_store_tcg\/\",\"https:\/\/www.tiktok.com\/@colossalstore\"]}]}<\/script>\n<!-- \/ Yoast SEO plugin. -->","yoast_head_json":{"title":"Kaiju 8 volumen 1 (Naoya Matsumoto) | Colossal Store","description":"Kaiju 8 volumen 1 (Naoya Matsumoto): Jap\u00f3n tiene la mayor tasa de incidencias por ataques de Kaijus de todo el mundo. Los Kaijus irrumpen continuamente y sin piedad en las vidas cotidianas de la gente. Kafka Hibino, que siempre quiso ser un miembro de las Fuerzas de Defensa, actualmente trabaja como limpiador de cad\u00e1veres de Kaijus.Sin embargo, un d\u00eda, una misteriosa criatura convierte a Kafka en un Kaiju, y las Fuerzas de Defensa de Jap\u00f3n, encargados de derrotar a estos monstruos, le identificaron con el nombre clave de \u201cKaiju N.8\u201d.","robots":{"index":"index","follow":"follow","max-snippet":"max-snippet:-1","max-image-preview":"max-image-preview:large","max-video-preview":"max-video-preview:-1"},"canonical":"https:\/\/www.colossalstore.es\/en\/tienda\/manga\/kaiju-8-no-01\/","og_locale":"en_US","og_type":"article","og_title":"Kaiju 8 volumen 1 (Naoya Matsumoto) | Colossal Store","og_description":"Kaiju 8 volumen 1 (Naoya Matsumoto): Jap\u00f3n tiene la mayor tasa de incidencias por ataques de Kaijus de todo el mundo. Los Kaijus irrumpen continuamente y sin piedad en las vidas cotidianas de la gente. Kafka Hibino, que siempre quiso ser un miembro de las Fuerzas de Defensa, actualmente trabaja como limpiador de cad\u00e1veres de Kaijus.Sin embargo, un d\u00eda, una misteriosa criatura convierte a Kafka en un Kaiju, y las Fuerzas de Defensa de Jap\u00f3n, encargados de derrotar a estos monstruos, le identificaron con el nombre clave de \u201cKaiju N.8\u201d.","og_url":"https:\/\/www.colossalstore.es\/en\/tienda\/manga\/kaiju-8-no-01\/","og_site_name":"Colossal Store","article_modified_time":"2026-01-05T19:38:31+00:00","og_image":[{"width":432,"height":648,"url":"https:\/\/www.colossalstore.es\/wp-content\/uploads\/2022\/10\/516CtkXyKOL.jpg","type":"image\/jpeg"}],"twitter_card":"summary_large_image","twitter_site":"@Colossal_Store","twitter_misc":{"Est. reading time":"1 minute"},"schema":{"@context":"https:\/\/schema.org","@graph":[{"@type":"WebPage","@id":"https:\/\/www.colossalstore.es\/tienda\/manga\/kaiju-8-no-01\/","url":"https:\/\/www.colossalstore.es\/tienda\/manga\/kaiju-8-no-01\/","name":"Kaiju 8 volumen 1 (Naoya Matsumoto) | Colossal Store","isPartOf":{"@id":"https:\/\/www.colossalstore.es\/#website"},"primaryImageOfPage":{"@id":"https:\/\/www.colossalstore.es\/tienda\/manga\/kaiju-8-no-01\/#primaryimage"},"image":{"@id":"https:\/\/www.colossalstore.es\/tienda\/manga\/kaiju-8-no-01\/#primaryimage"},"thumbnailUrl":"https:\/\/www.colossalstore.es\/wp-content\/uploads\/2022\/10\/516CtkXyKOL.jpg","datePublished":"2022-10-01T08:17:00+00:00","dateModified":"2026-01-05T19:38:31+00:00","description":"Kaiju 8 volumen 1 (Naoya Matsumoto): Jap\u00f3n tiene la mayor tasa de incidencias por ataques de Kaijus de todo el mundo. Los Kaijus irrumpen continuamente y sin piedad en las vidas cotidianas de la gente. Kafka Hibino, que siempre quiso ser un miembro de las Fuerzas de Defensa, actualmente trabaja como limpiador de cad\u00e1veres de Kaijus.Sin embargo, un d\u00eda, una misteriosa criatura convierte a Kafka en un Kaiju, y las Fuerzas de Defensa de Jap\u00f3n, encargados de derrotar a estos monstruos, le identificaron con el nombre clave de \u201cKaiju N.8\u201d.","breadcrumb":{"@id":"https:\/\/www.colossalstore.es\/tienda\/manga\/kaiju-8-no-01\/#breadcrumb"},"inLanguage":"en-US","potentialAction":[{"@type":"ReadAction","target":["https:\/\/www.colossalstore.es\/tienda\/manga\/kaiju-8-no-01\/"]}]},{"@type":"ImageObject","inLanguage":"en-US","@id":"https:\/\/www.colossalstore.es\/tienda\/manga\/kaiju-8-no-01\/#primaryimage","url":"https:\/\/www.colossalstore.es\/wp-content\/uploads\/2022\/10\/516CtkXyKOL.jpg","contentUrl":"https:\/\/www.colossalstore.es\/wp-content\/uploads\/2022\/10\/516CtkXyKOL.jpg","width":432,"height":648},{"@type":"BreadcrumbList","@id":"https:\/\/www.colossalstore.es\/tienda\/manga\/kaiju-8-no-01\/#breadcrumb","itemListElement":[{"@type":"ListItem","position":1,"name":"Home","item":"https:\/\/www.colossalstore.es\/"},{"@type":"ListItem","position":2,"name":"Tienda","item":"https:\/\/www.colossalstore.es\/tienda\/"},{"@type":"ListItem","position":3,"name":"KAIJU 8 01"}]},{"@type":"WebSite","@id":"https:\/\/www.colossalstore.es\/#website","url":"https:\/\/www.colossalstore.es\/","name":"Colossal Store","description":"Colossal Store, store specialized in TCGs.","publisher":{"@id":"https:\/\/www.colossalstore.es\/#organization"},"alternateName":"Colossal Store","potentialAction":[{"@type":"SearchAction","target":{"@type":"EntryPoint","urlTemplate":"https:\/\/www.colossalstore.es\/?s={search_term_string}"},"query-input":{"@type":"PropertyValueSpecification","valueRequired":true,"valueName":"search_term_string"}}],"inLanguage":"en-US"},{"@type":"Organization","@id":"https:\/\/www.colossalstore.es\/#organization","name":"Colossal Store","url":"https:\/\/www.colossalstore.es\/","logo":{"@type":"ImageObject","inLanguage":"en-US","@id":"https:\/\/www.colossalstore.es\/#\/schema\/logo\/image\/","url":"https:\/\/www.colossalstore.es\/wp-content\/uploads\/2023\/05\/Colossal_Logo-02.png","contentUrl":"https:\/\/www.colossalstore.es\/wp-content\/uploads\/2023\/05\/Colossal_Logo-02.png","width":1181,"height":1181,"caption":"Colossal Store"},"image":{"@id":"https:\/\/www.colossalstore.es\/#\/schema\/logo\/image\/"},"sameAs":["https:\/\/x.com\/Colossal_Store","https:\/\/www.instagram.com\/colossal_store_tcg\/","https:\/\/www.tiktok.com\/@colossalstore"]}]}},"_links":{"self":[{"href":"https:\/\/www.colossalstore.es\/en\/wp-json\/wp\/v2\/product\/1295","targetHints":{"allow":["GET"]}}],"collection":[{"href":"https:\/\/www.colossalstore.es\/en\/wp-json\/wp\/v2\/product"}],"about":[{"href":"https:\/\/www.colossalstore.es\/en\/wp-json\/wp\/v2\/types\/product"}],"replies":[{"embeddable":true,"href":"https:\/\/www.colossalstore.es\/en\/wp-json\/wp\/v2\/comments?post=1295"}],"wp:featuredmedia":[{"embeddable":true,"href":"https:\/\/www.colossalstore.es\/en\/wp-json\/wp\/v2\/media\/1296"}],"wp:attachment":[{"href":"https:\/\/www.colossalstore.es\/en\/wp-json\/wp\/v2\/media?parent=1295"}],"wp:term":[{"taxonomy":"product_brand","embeddable":true,"href":"https:\/\/www.colossalstore.es\/en\/wp-json\/wp\/v2\/product_brand?post=1295"},{"taxonomy":"product_cat","embeddable":true,"href":"https:\/\/www.colossalstore.es\/en\/wp-json\/wp\/v2\/product_cat?post=1295"},{"taxonomy":"product_tag","embeddable":true,"href":"https:\/\/www.colossalstore.es\/en\/wp-json\/wp\/v2\/product_tag?post=1295"}],"curies":[{"name":"wp","href":"https:\/\/api.w.org\/{rel}","templated":true}]}}