{"id":1286,"date":"2022-10-01T10:13:30","date_gmt":"2022-10-01T08:13:30","guid":{"rendered":"https:\/\/colossalstore.es\/?post_type=product&#038;p=1286"},"modified":"2025-06-20T11:19:30","modified_gmt":"2025-06-20T09:19:30","slug":"haikyu-no-03","status":"publish","type":"product","link":"https:\/\/www.colossalstore.es\/en\/tienda\/manga\/haikyu-no-03\/","title":{"rendered":"Haikyu!! no. 03"},"content":{"rendered":"<p>Haikyu 3 (Haruichi Furudate)<\/p>\n<p>Second-year libero Nishinoya returns from his suspension from the club. However, his condition was that if Asahi, the team&#039;s star, doesn&#039;t return, neither does he. For his part, Hinata admires the absent star, so he goes to find Asahi accompanied by Kageyama, but it won&#039;t be that easy... Meanwhile, a friendly match is organized against a rival school that they are predestined to play against...!!<\/p>","protected":false},"excerpt":{"rendered":"<p>Haikyu 3 (Haruichi Furudate) El l\u00edbero de segundo curso Nishinoya vuelve de su suspensi\u00f3n del club. No obstante, su condici\u00f3n era que si Asahi, la estrella del equipo, no volv\u00eda, \u00e9l tampoco. Por su parte, Hinata admira a la estrella ausente, as\u00ed que va a buscar a Asahi acompa\u00f1ado de Kageyama, pero no ser\u00e1 tan [&hellip;]<\/p>","protected":false},"featured_media":1287,"comment_status":"open","ping_status":"closed","template":"","meta":{"_joinchat":[]},"product_brand":[],"product_cat":[32],"product_tag":[],"class_list":{"0":"post-1286","1":"product","2":"type-product","3":"status-publish","4":"has-post-thumbnail","6":"product_cat-manga","8":"first","9":"outofstock","10":"sale","11":"taxable","12":"shipping-taxable","13":"purchasable","14":"product-type-simple"},"yoast_head":"<!-- This site is optimized with the Yoast SEO plugin v25.7 - https:\/\/yoast.com\/wordpress\/plugins\/seo\/ -->\n<title>Haikyu 3 (Haruichi Furudate) | Colossal Store<\/title>\n<meta name=\"description\" content=\"Haikyu 3 (Haruichi Furudate): El l\u00edbero de segundo curso Nishinoya vuelve de su suspensi\u00f3n del club. No obstante, su condici\u00f3n era que si Asahi, la estrella del equipo, no volv\u00eda, \u00e9l tampoco. Por su parte, Hinata admira a la estrella ausente, as\u00ed que va a buscar a Asahi acompa\u00f1ado de Kageyama, pero no ser\u00e1 tan f\u00e1cil... Entretanto, \u00a1\u00a1se organza un partido amistoso contra una escuela rival con la que est\u00e1n predestinados a jugar...!!\" \/>\n<meta name=\"robots\" content=\"index, follow, max-snippet:-1, max-image-preview:large, max-video-preview:-1\" \/>\n<link rel=\"canonical\" href=\"https:\/\/www.colossalstore.es\/en\/tienda\/manga\/haikyu-no-03\/\" \/>\n<meta property=\"og:locale\" content=\"en_US\" \/>\n<meta property=\"og:type\" content=\"article\" \/>\n<meta property=\"og:title\" content=\"Haikyu 3 (Haruichi Furudate) | Colossal Store\" \/>\n<meta property=\"og:description\" content=\"Haikyu 3 (Haruichi Furudate): El l\u00edbero de segundo curso Nishinoya vuelve de su suspensi\u00f3n del club. No obstante, su condici\u00f3n era que si Asahi, la estrella del equipo, no volv\u00eda, \u00e9l tampoco. Por su parte, Hinata admira a la estrella ausente, as\u00ed que va a buscar a Asahi acompa\u00f1ado de Kageyama, pero no ser\u00e1 tan f\u00e1cil... Entretanto, \u00a1\u00a1se organza un partido amistoso contra una escuela rival con la que est\u00e1n predestinados a jugar...!!\" \/>\n<meta property=\"og:url\" content=\"https:\/\/www.colossalstore.es\/en\/tienda\/manga\/haikyu-no-03\/\" \/>\n<meta property=\"og:site_name\" content=\"Colossal Store\" \/>\n<meta property=\"article:modified_time\" content=\"2025-06-20T09:19:30+00:00\" \/>\n<meta property=\"og:image\" content=\"https:\/\/www.colossalstore.es\/wp-content\/uploads\/2022\/10\/51W7lQEmk1L._SX312_BO1204203200_.jpg\" \/>\n\t<meta property=\"og:image:width\" content=\"314\" \/>\n\t<meta property=\"og:image:height\" content=\"499\" \/>\n\t<meta property=\"og:image:type\" content=\"image\/jpeg\" \/>\n<meta name=\"twitter:card\" content=\"summary_large_image\" \/>\n<meta name=\"twitter:site\" content=\"@Colossal_Store\" \/>\n<meta name=\"twitter:label1\" content=\"Est. reading time\" \/>\n\t<meta name=\"twitter:data1\" content=\"1 minute\" \/>\n<script type=\"application\/ld+json\" class=\"yoast-schema-graph\">{\"@context\":\"https:\/\/schema.org\",\"@graph\":[{\"@type\":\"WebPage\",\"@id\":\"https:\/\/www.colossalstore.es\/tienda\/manga\/haikyu-no-03\/\",\"url\":\"https:\/\/www.colossalstore.es\/tienda\/manga\/haikyu-no-03\/\",\"name\":\"Haikyu 3 (Haruichi Furudate) | Colossal Store\",\"isPartOf\":{\"@id\":\"https:\/\/www.colossalstore.es\/#website\"},\"primaryImageOfPage\":{\"@id\":\"https:\/\/www.colossalstore.es\/tienda\/manga\/haikyu-no-03\/#primaryimage\"},\"image\":{\"@id\":\"https:\/\/www.colossalstore.es\/tienda\/manga\/haikyu-no-03\/#primaryimage\"},\"thumbnailUrl\":\"https:\/\/www.colossalstore.es\/wp-content\/uploads\/2022\/10\/51W7lQEmk1L._SX312_BO1204203200_.jpg\",\"datePublished\":\"2022-10-01T08:13:30+00:00\",\"dateModified\":\"2025-06-20T09:19:30+00:00\",\"description\":\"Haikyu 3 (Haruichi Furudate): El l\u00edbero de segundo curso Nishinoya vuelve de su suspensi\u00f3n del club. No obstante, su condici\u00f3n era que si Asahi, la estrella del equipo, no volv\u00eda, \u00e9l tampoco. Por su parte, Hinata admira a la estrella ausente, as\u00ed que va a buscar a Asahi acompa\u00f1ado de Kageyama, pero no ser\u00e1 tan f\u00e1cil... Entretanto, \u00a1\u00a1se organza un partido amistoso contra una escuela rival con la que est\u00e1n predestinados a jugar...!!\",\"breadcrumb\":{\"@id\":\"https:\/\/www.colossalstore.es\/tienda\/manga\/haikyu-no-03\/#breadcrumb\"},\"inLanguage\":\"en-US\",\"potentialAction\":[{\"@type\":\"ReadAction\",\"target\":[\"https:\/\/www.colossalstore.es\/tienda\/manga\/haikyu-no-03\/\"]}]},{\"@type\":\"ImageObject\",\"inLanguage\":\"en-US\",\"@id\":\"https:\/\/www.colossalstore.es\/tienda\/manga\/haikyu-no-03\/#primaryimage\",\"url\":\"https:\/\/www.colossalstore.es\/wp-content\/uploads\/2022\/10\/51W7lQEmk1L._SX312_BO1204203200_.jpg\",\"contentUrl\":\"https:\/\/www.colossalstore.es\/wp-content\/uploads\/2022\/10\/51W7lQEmk1L._SX312_BO1204203200_.jpg\",\"width\":314,\"height\":499},{\"@type\":\"BreadcrumbList\",\"@id\":\"https:\/\/www.colossalstore.es\/tienda\/manga\/haikyu-no-03\/#breadcrumb\",\"itemListElement\":[{\"@type\":\"ListItem\",\"position\":1,\"name\":\"Home\",\"item\":\"https:\/\/www.colossalstore.es\/\"},{\"@type\":\"ListItem\",\"position\":2,\"name\":\"Tienda\",\"item\":\"https:\/\/www.colossalstore.es\/tienda\/\"},{\"@type\":\"ListItem\",\"position\":3,\"name\":\"Haiky\u00fb!! n\u00ba 03\"}]},{\"@type\":\"WebSite\",\"@id\":\"https:\/\/www.colossalstore.es\/#website\",\"url\":\"https:\/\/www.colossalstore.es\/\",\"name\":\"Colossal Store\",\"description\":\"Colossal Store, tienda especializada en TCGs.\",\"publisher\":{\"@id\":\"https:\/\/www.colossalstore.es\/#organization\"},\"alternateName\":\"Colossal Store\",\"potentialAction\":[{\"@type\":\"SearchAction\",\"target\":{\"@type\":\"EntryPoint\",\"urlTemplate\":\"https:\/\/www.colossalstore.es\/?s={search_term_string}\"},\"query-input\":{\"@type\":\"PropertyValueSpecification\",\"valueRequired\":true,\"valueName\":\"search_term_string\"}}],\"inLanguage\":\"en-US\"},{\"@type\":\"Organization\",\"@id\":\"https:\/\/www.colossalstore.es\/#organization\",\"name\":\"Colossal Store\",\"url\":\"https:\/\/www.colossalstore.es\/\",\"logo\":{\"@type\":\"ImageObject\",\"inLanguage\":\"en-US\",\"@id\":\"https:\/\/www.colossalstore.es\/#\/schema\/logo\/image\/\",\"url\":\"https:\/\/www.colossalstore.es\/wp-content\/uploads\/2023\/05\/Colossal_Logo-02.png\",\"contentUrl\":\"https:\/\/www.colossalstore.es\/wp-content\/uploads\/2023\/05\/Colossal_Logo-02.png\",\"width\":1181,\"height\":1181,\"caption\":\"Colossal Store\"},\"image\":{\"@id\":\"https:\/\/www.colossalstore.es\/#\/schema\/logo\/image\/\"},\"sameAs\":[\"https:\/\/x.com\/Colossal_Store\",\"https:\/\/www.instagram.com\/colossal_store_tcg\/\",\"https:\/\/www.tiktok.com\/@colossalstore\"]}]}<\/script>\n<!-- \/ Yoast SEO plugin. -->","yoast_head_json":{"title":"Haikyu 3 (Haruichi Furudate) | Colossal Store","description":"Haikyu 3 (Haruichi Furudate): El l\u00edbero de segundo curso Nishinoya vuelve de su suspensi\u00f3n del club. No obstante, su condici\u00f3n era que si Asahi, la estrella del equipo, no volv\u00eda, \u00e9l tampoco. Por su parte, Hinata admira a la estrella ausente, as\u00ed que va a buscar a Asahi acompa\u00f1ado de Kageyama, pero no ser\u00e1 tan f\u00e1cil... Entretanto, \u00a1\u00a1se organza un partido amistoso contra una escuela rival con la que est\u00e1n predestinados a jugar...!!","robots":{"index":"index","follow":"follow","max-snippet":"max-snippet:-1","max-image-preview":"max-image-preview:large","max-video-preview":"max-video-preview:-1"},"canonical":"https:\/\/www.colossalstore.es\/en\/tienda\/manga\/haikyu-no-03\/","og_locale":"en_US","og_type":"article","og_title":"Haikyu 3 (Haruichi Furudate) | Colossal Store","og_description":"Haikyu 3 (Haruichi Furudate): El l\u00edbero de segundo curso Nishinoya vuelve de su suspensi\u00f3n del club. No obstante, su condici\u00f3n era que si Asahi, la estrella del equipo, no volv\u00eda, \u00e9l tampoco. Por su parte, Hinata admira a la estrella ausente, as\u00ed que va a buscar a Asahi acompa\u00f1ado de Kageyama, pero no ser\u00e1 tan f\u00e1cil... Entretanto, \u00a1\u00a1se organza un partido amistoso contra una escuela rival con la que est\u00e1n predestinados a jugar...!!","og_url":"https:\/\/www.colossalstore.es\/en\/tienda\/manga\/haikyu-no-03\/","og_site_name":"Colossal Store","article_modified_time":"2025-06-20T09:19:30+00:00","og_image":[{"width":314,"height":499,"url":"https:\/\/www.colossalstore.es\/wp-content\/uploads\/2022\/10\/51W7lQEmk1L._SX312_BO1204203200_.jpg","type":"image\/jpeg"}],"twitter_card":"summary_large_image","twitter_site":"@Colossal_Store","twitter_misc":{"Est. reading time":"1 minute"},"schema":{"@context":"https:\/\/schema.org","@graph":[{"@type":"WebPage","@id":"https:\/\/www.colossalstore.es\/tienda\/manga\/haikyu-no-03\/","url":"https:\/\/www.colossalstore.es\/tienda\/manga\/haikyu-no-03\/","name":"Haikyu 3 (Haruichi Furudate) | Colossal Store","isPartOf":{"@id":"https:\/\/www.colossalstore.es\/#website"},"primaryImageOfPage":{"@id":"https:\/\/www.colossalstore.es\/tienda\/manga\/haikyu-no-03\/#primaryimage"},"image":{"@id":"https:\/\/www.colossalstore.es\/tienda\/manga\/haikyu-no-03\/#primaryimage"},"thumbnailUrl":"https:\/\/www.colossalstore.es\/wp-content\/uploads\/2022\/10\/51W7lQEmk1L._SX312_BO1204203200_.jpg","datePublished":"2022-10-01T08:13:30+00:00","dateModified":"2025-06-20T09:19:30+00:00","description":"Haikyu 3 (Haruichi Furudate): El l\u00edbero de segundo curso Nishinoya vuelve de su suspensi\u00f3n del club. No obstante, su condici\u00f3n era que si Asahi, la estrella del equipo, no volv\u00eda, \u00e9l tampoco. Por su parte, Hinata admira a la estrella ausente, as\u00ed que va a buscar a Asahi acompa\u00f1ado de Kageyama, pero no ser\u00e1 tan f\u00e1cil... Entretanto, \u00a1\u00a1se organza un partido amistoso contra una escuela rival con la que est\u00e1n predestinados a jugar...!!","breadcrumb":{"@id":"https:\/\/www.colossalstore.es\/tienda\/manga\/haikyu-no-03\/#breadcrumb"},"inLanguage":"en-US","potentialAction":[{"@type":"ReadAction","target":["https:\/\/www.colossalstore.es\/tienda\/manga\/haikyu-no-03\/"]}]},{"@type":"ImageObject","inLanguage":"en-US","@id":"https:\/\/www.colossalstore.es\/tienda\/manga\/haikyu-no-03\/#primaryimage","url":"https:\/\/www.colossalstore.es\/wp-content\/uploads\/2022\/10\/51W7lQEmk1L._SX312_BO1204203200_.jpg","contentUrl":"https:\/\/www.colossalstore.es\/wp-content\/uploads\/2022\/10\/51W7lQEmk1L._SX312_BO1204203200_.jpg","width":314,"height":499},{"@type":"BreadcrumbList","@id":"https:\/\/www.colossalstore.es\/tienda\/manga\/haikyu-no-03\/#breadcrumb","itemListElement":[{"@type":"ListItem","position":1,"name":"Home","item":"https:\/\/www.colossalstore.es\/"},{"@type":"ListItem","position":2,"name":"Tienda","item":"https:\/\/www.colossalstore.es\/tienda\/"},{"@type":"ListItem","position":3,"name":"Haiky\u00fb!! n\u00ba 03"}]},{"@type":"WebSite","@id":"https:\/\/www.colossalstore.es\/#website","url":"https:\/\/www.colossalstore.es\/","name":"Colossal Store","description":"Colossal Store, store specialized in TCGs.","publisher":{"@id":"https:\/\/www.colossalstore.es\/#organization"},"alternateName":"Colossal Store","potentialAction":[{"@type":"SearchAction","target":{"@type":"EntryPoint","urlTemplate":"https:\/\/www.colossalstore.es\/?s={search_term_string}"},"query-input":{"@type":"PropertyValueSpecification","valueRequired":true,"valueName":"search_term_string"}}],"inLanguage":"en-US"},{"@type":"Organization","@id":"https:\/\/www.colossalstore.es\/#organization","name":"Colossal Store","url":"https:\/\/www.colossalstore.es\/","logo":{"@type":"ImageObject","inLanguage":"en-US","@id":"https:\/\/www.colossalstore.es\/#\/schema\/logo\/image\/","url":"https:\/\/www.colossalstore.es\/wp-content\/uploads\/2023\/05\/Colossal_Logo-02.png","contentUrl":"https:\/\/www.colossalstore.es\/wp-content\/uploads\/2023\/05\/Colossal_Logo-02.png","width":1181,"height":1181,"caption":"Colossal Store"},"image":{"@id":"https:\/\/www.colossalstore.es\/#\/schema\/logo\/image\/"},"sameAs":["https:\/\/x.com\/Colossal_Store","https:\/\/www.instagram.com\/colossal_store_tcg\/","https:\/\/www.tiktok.com\/@colossalstore"]}]}},"_links":{"self":[{"href":"https:\/\/www.colossalstore.es\/en\/wp-json\/wp\/v2\/product\/1286","targetHints":{"allow":["GET"]}}],"collection":[{"href":"https:\/\/www.colossalstore.es\/en\/wp-json\/wp\/v2\/product"}],"about":[{"href":"https:\/\/www.colossalstore.es\/en\/wp-json\/wp\/v2\/types\/product"}],"replies":[{"embeddable":true,"href":"https:\/\/www.colossalstore.es\/en\/wp-json\/wp\/v2\/comments?post=1286"}],"wp:featuredmedia":[{"embeddable":true,"href":"https:\/\/www.colossalstore.es\/en\/wp-json\/wp\/v2\/media\/1287"}],"wp:attachment":[{"href":"https:\/\/www.colossalstore.es\/en\/wp-json\/wp\/v2\/media?parent=1286"}],"wp:term":[{"taxonomy":"product_brand","embeddable":true,"href":"https:\/\/www.colossalstore.es\/en\/wp-json\/wp\/v2\/product_brand?post=1286"},{"taxonomy":"product_cat","embeddable":true,"href":"https:\/\/www.colossalstore.es\/en\/wp-json\/wp\/v2\/product_cat?post=1286"},{"taxonomy":"product_tag","embeddable":true,"href":"https:\/\/www.colossalstore.es\/en\/wp-json\/wp\/v2\/product_tag?post=1286"}],"curies":[{"name":"wp","href":"https:\/\/api.w.org\/{rel}","templated":true}]}}