{"id":1284,"date":"2022-10-01T10:12:45","date_gmt":"2022-10-01T08:12:45","guid":{"rendered":"https:\/\/colossalstore.es\/?post_type=product&#038;p=1284"},"modified":"2025-06-20T11:19:30","modified_gmt":"2025-06-20T09:19:30","slug":"haikyu-no-02","status":"publish","type":"product","link":"https:\/\/www.colossalstore.es\/en\/tienda\/manga\/haikyu-no-02\/","title":{"rendered":"Haiky\u00fb!! no 02"},"content":{"rendered":"<p>Haikyu 2 (Haruichi Furudate)<\/p>\n<p>Hinata and Kageyama play a three-on-three practice match with the team members! But they will have to look for a chance to win with a quick combined attack if they want to overcome Tsukishima&#039;s height. Therefore, Kageyama is forced to make a placement at the ideal time so that Hinata can make the most of his skills. At the moment when their abilities are juxtaposed, the famous duo that will make history is born!!<\/p>","protected":false},"excerpt":{"rendered":"<p>Haikyu 2 (Haruichi Furudate) Hinata and Kageyama play three-on-three practice with the team members! But they will have to look for a chance to win with a quick combined attack if they want to overcome Tsukishima&#039;s height. Therefore, Kageyama is forced to make a placement at the right time so that [\u2026]<\/p>","protected":false},"featured_media":1285,"comment_status":"open","ping_status":"closed","template":"","meta":{"_joinchat":[]},"product_brand":[],"product_cat":[32],"product_tag":[],"class_list":{"0":"post-1284","1":"product","2":"type-product","3":"status-publish","4":"has-post-thumbnail","6":"product_cat-manga","8":"first","9":"outofstock","10":"sale","11":"taxable","12":"shipping-taxable","13":"purchasable","14":"product-type-simple"},"yoast_head":"<!-- This site is optimized with the Yoast SEO plugin v25.7 - https:\/\/yoast.com\/wordpress\/plugins\/seo\/ -->\n<title>Haikyu 2 (Haruichi Furudate) | Colossal Store<\/title>\n<meta name=\"description\" content=\"Haikyu 2 (Haruichi Furudate): \u00a1Hinata y Kageyama juegan un tres contra tres de pr\u00e1ctica con los miembros del equipo! Pero tendr\u00e1n buscar una oportunidad de ganar con un ataque r\u00e1pido combinado si quieren superar la altura de Tsukishima. Por lo tanto, Kageyama se ve obligado a efectuar una colocaci\u00f3n en el momento id\u00f3neo para que Hinata pueda exprimir al m\u00e1ximo sus habilidades. \u00a1\u00a1En el momento en el que sus capacidades se yuxtaponen, nace el famoso d\u00fao que har\u00e1 historia!!\" \/>\n<meta name=\"robots\" content=\"index, follow, max-snippet:-1, max-image-preview:large, max-video-preview:-1\" \/>\n<link rel=\"canonical\" href=\"https:\/\/www.colossalstore.es\/en\/tienda\/manga\/haikyu-no-02\/\" \/>\n<meta property=\"og:locale\" content=\"en_US\" \/>\n<meta property=\"og:type\" content=\"article\" \/>\n<meta property=\"og:title\" content=\"Haikyu 2 (Haruichi Furudate) | Colossal Store\" \/>\n<meta property=\"og:description\" content=\"Haikyu 2 (Haruichi Furudate): \u00a1Hinata y Kageyama juegan un tres contra tres de pr\u00e1ctica con los miembros del equipo! Pero tendr\u00e1n buscar una oportunidad de ganar con un ataque r\u00e1pido combinado si quieren superar la altura de Tsukishima. Por lo tanto, Kageyama se ve obligado a efectuar una colocaci\u00f3n en el momento id\u00f3neo para que Hinata pueda exprimir al m\u00e1ximo sus habilidades. \u00a1\u00a1En el momento en el que sus capacidades se yuxtaponen, nace el famoso d\u00fao que har\u00e1 historia!!\" \/>\n<meta property=\"og:url\" content=\"https:\/\/www.colossalstore.es\/en\/tienda\/manga\/haikyu-no-02\/\" \/>\n<meta property=\"og:site_name\" content=\"Colossal Store\" \/>\n<meta property=\"article:modified_time\" content=\"2025-06-20T09:19:30+00:00\" \/>\n<meta property=\"og:image\" content=\"https:\/\/www.colossalstore.es\/wp-content\/uploads\/2022\/10\/portada_haikyu-n-02_haruichi-furudate_202107011355.jpg\" \/>\n\t<meta property=\"og:image:width\" content=\"250\" \/>\n\t<meta property=\"og:image:height\" content=\"402\" \/>\n\t<meta property=\"og:image:type\" content=\"image\/jpeg\" \/>\n<meta name=\"twitter:card\" content=\"summary_large_image\" \/>\n<meta name=\"twitter:site\" content=\"@Colossal_Store\" \/>\n<meta name=\"twitter:label1\" content=\"Est. reading time\" \/>\n\t<meta name=\"twitter:data1\" content=\"1 minute\" \/>\n<script type=\"application\/ld+json\" class=\"yoast-schema-graph\">{\"@context\":\"https:\/\/schema.org\",\"@graph\":[{\"@type\":\"WebPage\",\"@id\":\"https:\/\/www.colossalstore.es\/tienda\/manga\/haikyu-no-02\/\",\"url\":\"https:\/\/www.colossalstore.es\/tienda\/manga\/haikyu-no-02\/\",\"name\":\"Haikyu 2 (Haruichi Furudate) | Colossal Store\",\"isPartOf\":{\"@id\":\"https:\/\/www.colossalstore.es\/#website\"},\"primaryImageOfPage\":{\"@id\":\"https:\/\/www.colossalstore.es\/tienda\/manga\/haikyu-no-02\/#primaryimage\"},\"image\":{\"@id\":\"https:\/\/www.colossalstore.es\/tienda\/manga\/haikyu-no-02\/#primaryimage\"},\"thumbnailUrl\":\"https:\/\/www.colossalstore.es\/wp-content\/uploads\/2022\/10\/portada_haikyu-n-02_haruichi-furudate_202107011355.jpg\",\"datePublished\":\"2022-10-01T08:12:45+00:00\",\"dateModified\":\"2025-06-20T09:19:30+00:00\",\"description\":\"Haikyu 2 (Haruichi Furudate): \u00a1Hinata y Kageyama juegan un tres contra tres de pr\u00e1ctica con los miembros del equipo! Pero tendr\u00e1n buscar una oportunidad de ganar con un ataque r\u00e1pido combinado si quieren superar la altura de Tsukishima. Por lo tanto, Kageyama se ve obligado a efectuar una colocaci\u00f3n en el momento id\u00f3neo para que Hinata pueda exprimir al m\u00e1ximo sus habilidades. \u00a1\u00a1En el momento en el que sus capacidades se yuxtaponen, nace el famoso d\u00fao que har\u00e1 historia!!\",\"breadcrumb\":{\"@id\":\"https:\/\/www.colossalstore.es\/tienda\/manga\/haikyu-no-02\/#breadcrumb\"},\"inLanguage\":\"en-US\",\"potentialAction\":[{\"@type\":\"ReadAction\",\"target\":[\"https:\/\/www.colossalstore.es\/tienda\/manga\/haikyu-no-02\/\"]}]},{\"@type\":\"ImageObject\",\"inLanguage\":\"en-US\",\"@id\":\"https:\/\/www.colossalstore.es\/tienda\/manga\/haikyu-no-02\/#primaryimage\",\"url\":\"https:\/\/www.colossalstore.es\/wp-content\/uploads\/2022\/10\/portada_haikyu-n-02_haruichi-furudate_202107011355.jpg\",\"contentUrl\":\"https:\/\/www.colossalstore.es\/wp-content\/uploads\/2022\/10\/portada_haikyu-n-02_haruichi-furudate_202107011355.jpg\",\"width\":250,\"height\":402},{\"@type\":\"BreadcrumbList\",\"@id\":\"https:\/\/www.colossalstore.es\/tienda\/manga\/haikyu-no-02\/#breadcrumb\",\"itemListElement\":[{\"@type\":\"ListItem\",\"position\":1,\"name\":\"Home\",\"item\":\"https:\/\/www.colossalstore.es\/\"},{\"@type\":\"ListItem\",\"position\":2,\"name\":\"Tienda\",\"item\":\"https:\/\/www.colossalstore.es\/tienda\/\"},{\"@type\":\"ListItem\",\"position\":3,\"name\":\"Haiky\u00fb!! n\u00ba 02\"}]},{\"@type\":\"WebSite\",\"@id\":\"https:\/\/www.colossalstore.es\/#website\",\"url\":\"https:\/\/www.colossalstore.es\/\",\"name\":\"Colossal Store\",\"description\":\"Colossal Store, tienda especializada en TCGs.\",\"publisher\":{\"@id\":\"https:\/\/www.colossalstore.es\/#organization\"},\"alternateName\":\"Colossal Store\",\"potentialAction\":[{\"@type\":\"SearchAction\",\"target\":{\"@type\":\"EntryPoint\",\"urlTemplate\":\"https:\/\/www.colossalstore.es\/?s={search_term_string}\"},\"query-input\":{\"@type\":\"PropertyValueSpecification\",\"valueRequired\":true,\"valueName\":\"search_term_string\"}}],\"inLanguage\":\"en-US\"},{\"@type\":\"Organization\",\"@id\":\"https:\/\/www.colossalstore.es\/#organization\",\"name\":\"Colossal Store\",\"url\":\"https:\/\/www.colossalstore.es\/\",\"logo\":{\"@type\":\"ImageObject\",\"inLanguage\":\"en-US\",\"@id\":\"https:\/\/www.colossalstore.es\/#\/schema\/logo\/image\/\",\"url\":\"https:\/\/www.colossalstore.es\/wp-content\/uploads\/2023\/05\/Colossal_Logo-02.png\",\"contentUrl\":\"https:\/\/www.colossalstore.es\/wp-content\/uploads\/2023\/05\/Colossal_Logo-02.png\",\"width\":1181,\"height\":1181,\"caption\":\"Colossal Store\"},\"image\":{\"@id\":\"https:\/\/www.colossalstore.es\/#\/schema\/logo\/image\/\"},\"sameAs\":[\"https:\/\/x.com\/Colossal_Store\",\"https:\/\/www.instagram.com\/colossal_store_tcg\/\",\"https:\/\/www.tiktok.com\/@colossalstore\"]}]}<\/script>\n<!-- \/ Yoast SEO plugin. -->","yoast_head_json":{"title":"Haikyu 2 (Haruichi Furudate) | Colossal Store","description":"Haikyu 2 (Haruichi Furudate): \u00a1Hinata y Kageyama juegan un tres contra tres de pr\u00e1ctica con los miembros del equipo! Pero tendr\u00e1n buscar una oportunidad de ganar con un ataque r\u00e1pido combinado si quieren superar la altura de Tsukishima. Por lo tanto, Kageyama se ve obligado a efectuar una colocaci\u00f3n en el momento id\u00f3neo para que Hinata pueda exprimir al m\u00e1ximo sus habilidades. \u00a1\u00a1En el momento en el que sus capacidades se yuxtaponen, nace el famoso d\u00fao que har\u00e1 historia!!","robots":{"index":"index","follow":"follow","max-snippet":"max-snippet:-1","max-image-preview":"max-image-preview:large","max-video-preview":"max-video-preview:-1"},"canonical":"https:\/\/www.colossalstore.es\/en\/tienda\/manga\/haikyu-no-02\/","og_locale":"en_US","og_type":"article","og_title":"Haikyu 2 (Haruichi Furudate) | Colossal Store","og_description":"Haikyu 2 (Haruichi Furudate): \u00a1Hinata y Kageyama juegan un tres contra tres de pr\u00e1ctica con los miembros del equipo! Pero tendr\u00e1n buscar una oportunidad de ganar con un ataque r\u00e1pido combinado si quieren superar la altura de Tsukishima. Por lo tanto, Kageyama se ve obligado a efectuar una colocaci\u00f3n en el momento id\u00f3neo para que Hinata pueda exprimir al m\u00e1ximo sus habilidades. \u00a1\u00a1En el momento en el que sus capacidades se yuxtaponen, nace el famoso d\u00fao que har\u00e1 historia!!","og_url":"https:\/\/www.colossalstore.es\/en\/tienda\/manga\/haikyu-no-02\/","og_site_name":"Colossal Store","article_modified_time":"2025-06-20T09:19:30+00:00","og_image":[{"width":250,"height":402,"url":"https:\/\/www.colossalstore.es\/wp-content\/uploads\/2022\/10\/portada_haikyu-n-02_haruichi-furudate_202107011355.jpg","type":"image\/jpeg"}],"twitter_card":"summary_large_image","twitter_site":"@Colossal_Store","twitter_misc":{"Est. reading time":"1 minute"},"schema":{"@context":"https:\/\/schema.org","@graph":[{"@type":"WebPage","@id":"https:\/\/www.colossalstore.es\/tienda\/manga\/haikyu-no-02\/","url":"https:\/\/www.colossalstore.es\/tienda\/manga\/haikyu-no-02\/","name":"Haikyu 2 (Haruichi Furudate) | Colossal Store","isPartOf":{"@id":"https:\/\/www.colossalstore.es\/#website"},"primaryImageOfPage":{"@id":"https:\/\/www.colossalstore.es\/tienda\/manga\/haikyu-no-02\/#primaryimage"},"image":{"@id":"https:\/\/www.colossalstore.es\/tienda\/manga\/haikyu-no-02\/#primaryimage"},"thumbnailUrl":"https:\/\/www.colossalstore.es\/wp-content\/uploads\/2022\/10\/portada_haikyu-n-02_haruichi-furudate_202107011355.jpg","datePublished":"2022-10-01T08:12:45+00:00","dateModified":"2025-06-20T09:19:30+00:00","description":"Haikyu 2 (Haruichi Furudate): \u00a1Hinata y Kageyama juegan un tres contra tres de pr\u00e1ctica con los miembros del equipo! Pero tendr\u00e1n buscar una oportunidad de ganar con un ataque r\u00e1pido combinado si quieren superar la altura de Tsukishima. Por lo tanto, Kageyama se ve obligado a efectuar una colocaci\u00f3n en el momento id\u00f3neo para que Hinata pueda exprimir al m\u00e1ximo sus habilidades. \u00a1\u00a1En el momento en el que sus capacidades se yuxtaponen, nace el famoso d\u00fao que har\u00e1 historia!!","breadcrumb":{"@id":"https:\/\/www.colossalstore.es\/tienda\/manga\/haikyu-no-02\/#breadcrumb"},"inLanguage":"en-US","potentialAction":[{"@type":"ReadAction","target":["https:\/\/www.colossalstore.es\/tienda\/manga\/haikyu-no-02\/"]}]},{"@type":"ImageObject","inLanguage":"en-US","@id":"https:\/\/www.colossalstore.es\/tienda\/manga\/haikyu-no-02\/#primaryimage","url":"https:\/\/www.colossalstore.es\/wp-content\/uploads\/2022\/10\/portada_haikyu-n-02_haruichi-furudate_202107011355.jpg","contentUrl":"https:\/\/www.colossalstore.es\/wp-content\/uploads\/2022\/10\/portada_haikyu-n-02_haruichi-furudate_202107011355.jpg","width":250,"height":402},{"@type":"BreadcrumbList","@id":"https:\/\/www.colossalstore.es\/tienda\/manga\/haikyu-no-02\/#breadcrumb","itemListElement":[{"@type":"ListItem","position":1,"name":"Home","item":"https:\/\/www.colossalstore.es\/"},{"@type":"ListItem","position":2,"name":"Tienda","item":"https:\/\/www.colossalstore.es\/tienda\/"},{"@type":"ListItem","position":3,"name":"Haiky\u00fb!! n\u00ba 02"}]},{"@type":"WebSite","@id":"https:\/\/www.colossalstore.es\/#website","url":"https:\/\/www.colossalstore.es\/","name":"Colossal Store","description":"Colossal Store, store specialized in TCGs.","publisher":{"@id":"https:\/\/www.colossalstore.es\/#organization"},"alternateName":"Colossal Store","potentialAction":[{"@type":"SearchAction","target":{"@type":"EntryPoint","urlTemplate":"https:\/\/www.colossalstore.es\/?s={search_term_string}"},"query-input":{"@type":"PropertyValueSpecification","valueRequired":true,"valueName":"search_term_string"}}],"inLanguage":"en-US"},{"@type":"Organization","@id":"https:\/\/www.colossalstore.es\/#organization","name":"Colossal Store","url":"https:\/\/www.colossalstore.es\/","logo":{"@type":"ImageObject","inLanguage":"en-US","@id":"https:\/\/www.colossalstore.es\/#\/schema\/logo\/image\/","url":"https:\/\/www.colossalstore.es\/wp-content\/uploads\/2023\/05\/Colossal_Logo-02.png","contentUrl":"https:\/\/www.colossalstore.es\/wp-content\/uploads\/2023\/05\/Colossal_Logo-02.png","width":1181,"height":1181,"caption":"Colossal Store"},"image":{"@id":"https:\/\/www.colossalstore.es\/#\/schema\/logo\/image\/"},"sameAs":["https:\/\/x.com\/Colossal_Store","https:\/\/www.instagram.com\/colossal_store_tcg\/","https:\/\/www.tiktok.com\/@colossalstore"]}]}},"_links":{"self":[{"href":"https:\/\/www.colossalstore.es\/en\/wp-json\/wp\/v2\/product\/1284","targetHints":{"allow":["GET"]}}],"collection":[{"href":"https:\/\/www.colossalstore.es\/en\/wp-json\/wp\/v2\/product"}],"about":[{"href":"https:\/\/www.colossalstore.es\/en\/wp-json\/wp\/v2\/types\/product"}],"replies":[{"embeddable":true,"href":"https:\/\/www.colossalstore.es\/en\/wp-json\/wp\/v2\/comments?post=1284"}],"wp:featuredmedia":[{"embeddable":true,"href":"https:\/\/www.colossalstore.es\/en\/wp-json\/wp\/v2\/media\/1285"}],"wp:attachment":[{"href":"https:\/\/www.colossalstore.es\/en\/wp-json\/wp\/v2\/media?parent=1284"}],"wp:term":[{"taxonomy":"product_brand","embeddable":true,"href":"https:\/\/www.colossalstore.es\/en\/wp-json\/wp\/v2\/product_brand?post=1284"},{"taxonomy":"product_cat","embeddable":true,"href":"https:\/\/www.colossalstore.es\/en\/wp-json\/wp\/v2\/product_cat?post=1284"},{"taxonomy":"product_tag","embeddable":true,"href":"https:\/\/www.colossalstore.es\/en\/wp-json\/wp\/v2\/product_tag?post=1284"}],"curies":[{"name":"wp","href":"https:\/\/api.w.org\/{rel}","templated":true}]}}