{"id":1271,"date":"2022-10-01T10:08:12","date_gmt":"2022-10-01T08:08:12","guid":{"rendered":"https:\/\/colossalstore.es\/?post_type=product&#038;p=1271"},"modified":"2026-01-05T20:31:43","modified_gmt":"2026-01-05T19:31:43","slug":"boruto-no-02","status":"publish","type":"product","link":"https:\/\/www.colossalstore.es\/en\/tienda\/manga\/boruto-no-02\/","title":{"rendered":"BORUTO N\u00ba 02"},"content":{"rendered":"<p>Boruto volume 2 (Masashi Kishimoto)<\/p>\n<p>Boruto has passed the second test of the mid-grade promotion exam, and even his father, Naruto, has congratulated him!! Boruto bursts into tears from joy, but still makes use of the ninja scientific tool, which is supposed to be forbidden, to achieve victory in the third test, which consists of a single combat. However, the moment Naruto announces Boruto&#039;s disqualification...!<\/p>","protected":false},"excerpt":{"rendered":"<p>Boruto tomo 2 (Masashi Kishimoto) Boruto ha superado la segunda prueba del examen de ascenso a grado medio, \u00a1\u00a1e incluso su padre, Naruto, lo ha felicitado!! Boruto rompe a llorar de la alegr\u00eda, pero, de todos modos, hace uso de la herramienta cient\u00edfica ninja, que se supone que est\u00e1 prohibida, para obtener la victoria en [&hellip;]<\/p>","protected":false},"featured_media":1272,"comment_status":"open","ping_status":"closed","template":"","meta":{"_joinchat":[]},"product_brand":[],"product_cat":[32],"product_tag":[],"class_list":{"0":"post-1271","1":"product","2":"type-product","3":"status-publish","4":"has-post-thumbnail","6":"product_cat-manga","8":"first","9":"outofstock","10":"sale","11":"taxable","12":"shipping-taxable","13":"purchasable","14":"product-type-simple"},"yoast_head":"<!-- This site is optimized with the Yoast SEO plugin v25.7 - https:\/\/yoast.com\/wordpress\/plugins\/seo\/ -->\n<title>Boruto tomo 2 (Masashi Kishimoto) | Colossal Store<\/title>\n<meta name=\"description\" content=\"Boruto tomo 2 (Masashi Kishimoto) Boruto ha superado la segunda prueba del examen de ascenso a grado medio, \u00a1\u00a1e incluso su padre, Naruto, lo ha felicitado!! Boruto rompe a llorar de la alegr\u00eda, pero, de todos modos, hace uso de la herramienta cient\u00edfica ninja, que se supone que est\u00e1 prohibida, para obtener la victoria en la tercera prueba, que consiste en un combate individual. Sin embargo, \u00a1en el momento en el que Naruto anuncia la descalificaci\u00f3n de Boruto...!\" \/>\n<meta name=\"robots\" content=\"index, follow, max-snippet:-1, max-image-preview:large, max-video-preview:-1\" \/>\n<link rel=\"canonical\" href=\"https:\/\/www.colossalstore.es\/en\/tienda\/manga\/boruto-no-02\/\" \/>\n<meta property=\"og:locale\" content=\"en_US\" \/>\n<meta property=\"og:type\" content=\"article\" \/>\n<meta property=\"og:title\" content=\"Boruto tomo 2 (Masashi Kishimoto) | Colossal Store\" \/>\n<meta property=\"og:description\" content=\"Boruto tomo 2 (Masashi Kishimoto) Boruto ha superado la segunda prueba del examen de ascenso a grado medio, \u00a1\u00a1e incluso su padre, Naruto, lo ha felicitado!! Boruto rompe a llorar de la alegr\u00eda, pero, de todos modos, hace uso de la herramienta cient\u00edfica ninja, que se supone que est\u00e1 prohibida, para obtener la victoria en la tercera prueba, que consiste en un combate individual. Sin embargo, \u00a1en el momento en el que Naruto anuncia la descalificaci\u00f3n de Boruto...!\" \/>\n<meta property=\"og:url\" content=\"https:\/\/www.colossalstore.es\/en\/tienda\/manga\/boruto-no-02\/\" \/>\n<meta property=\"og:site_name\" content=\"Colossal Store\" \/>\n<meta property=\"article:modified_time\" content=\"2026-01-05T19:31:43+00:00\" \/>\n<meta property=\"og:image\" content=\"https:\/\/www.colossalstore.es\/wp-content\/uploads\/2022\/10\/917hFMNGd1L.jpg\" \/>\n\t<meta property=\"og:image:width\" content=\"1588\" \/>\n\t<meta property=\"og:image:height\" content=\"2560\" \/>\n\t<meta property=\"og:image:type\" content=\"image\/jpeg\" \/>\n<meta name=\"twitter:card\" content=\"summary_large_image\" \/>\n<meta name=\"twitter:site\" content=\"@Colossal_Store\" \/>\n<meta name=\"twitter:label1\" content=\"Est. reading time\" \/>\n\t<meta name=\"twitter:data1\" content=\"1 minute\" \/>\n<script type=\"application\/ld+json\" class=\"yoast-schema-graph\">{\"@context\":\"https:\/\/schema.org\",\"@graph\":[{\"@type\":\"WebPage\",\"@id\":\"https:\/\/www.colossalstore.es\/tienda\/manga\/boruto-no-02\/\",\"url\":\"https:\/\/www.colossalstore.es\/tienda\/manga\/boruto-no-02\/\",\"name\":\"Boruto tomo 2 (Masashi Kishimoto) | Colossal Store\",\"isPartOf\":{\"@id\":\"https:\/\/www.colossalstore.es\/#website\"},\"primaryImageOfPage\":{\"@id\":\"https:\/\/www.colossalstore.es\/tienda\/manga\/boruto-no-02\/#primaryimage\"},\"image\":{\"@id\":\"https:\/\/www.colossalstore.es\/tienda\/manga\/boruto-no-02\/#primaryimage\"},\"thumbnailUrl\":\"https:\/\/www.colossalstore.es\/wp-content\/uploads\/2022\/10\/917hFMNGd1L.jpg\",\"datePublished\":\"2022-10-01T08:08:12+00:00\",\"dateModified\":\"2026-01-05T19:31:43+00:00\",\"description\":\"Boruto tomo 2 (Masashi Kishimoto) Boruto ha superado la segunda prueba del examen de ascenso a grado medio, \u00a1\u00a1e incluso su padre, Naruto, lo ha felicitado!! Boruto rompe a llorar de la alegr\u00eda, pero, de todos modos, hace uso de la herramienta cient\u00edfica ninja, que se supone que est\u00e1 prohibida, para obtener la victoria en la tercera prueba, que consiste en un combate individual. Sin embargo, \u00a1en el momento en el que Naruto anuncia la descalificaci\u00f3n de Boruto...!\",\"breadcrumb\":{\"@id\":\"https:\/\/www.colossalstore.es\/tienda\/manga\/boruto-no-02\/#breadcrumb\"},\"inLanguage\":\"en-US\",\"potentialAction\":[{\"@type\":\"ReadAction\",\"target\":[\"https:\/\/www.colossalstore.es\/tienda\/manga\/boruto-no-02\/\"]}]},{\"@type\":\"ImageObject\",\"inLanguage\":\"en-US\",\"@id\":\"https:\/\/www.colossalstore.es\/tienda\/manga\/boruto-no-02\/#primaryimage\",\"url\":\"https:\/\/www.colossalstore.es\/wp-content\/uploads\/2022\/10\/917hFMNGd1L.jpg\",\"contentUrl\":\"https:\/\/www.colossalstore.es\/wp-content\/uploads\/2022\/10\/917hFMNGd1L.jpg\",\"width\":1588,\"height\":2560},{\"@type\":\"BreadcrumbList\",\"@id\":\"https:\/\/www.colossalstore.es\/tienda\/manga\/boruto-no-02\/#breadcrumb\",\"itemListElement\":[{\"@type\":\"ListItem\",\"position\":1,\"name\":\"Home\",\"item\":\"https:\/\/www.colossalstore.es\/\"},{\"@type\":\"ListItem\",\"position\":2,\"name\":\"Tienda\",\"item\":\"https:\/\/www.colossalstore.es\/tienda\/\"},{\"@type\":\"ListItem\",\"position\":3,\"name\":\"BORUTO N\u00ba 02\"}]},{\"@type\":\"WebSite\",\"@id\":\"https:\/\/www.colossalstore.es\/#website\",\"url\":\"https:\/\/www.colossalstore.es\/\",\"name\":\"Colossal Store\",\"description\":\"Colossal Store, tienda especializada en TCGs.\",\"publisher\":{\"@id\":\"https:\/\/www.colossalstore.es\/#organization\"},\"alternateName\":\"Colossal Store\",\"potentialAction\":[{\"@type\":\"SearchAction\",\"target\":{\"@type\":\"EntryPoint\",\"urlTemplate\":\"https:\/\/www.colossalstore.es\/?s={search_term_string}\"},\"query-input\":{\"@type\":\"PropertyValueSpecification\",\"valueRequired\":true,\"valueName\":\"search_term_string\"}}],\"inLanguage\":\"en-US\"},{\"@type\":\"Organization\",\"@id\":\"https:\/\/www.colossalstore.es\/#organization\",\"name\":\"Colossal Store\",\"url\":\"https:\/\/www.colossalstore.es\/\",\"logo\":{\"@type\":\"ImageObject\",\"inLanguage\":\"en-US\",\"@id\":\"https:\/\/www.colossalstore.es\/#\/schema\/logo\/image\/\",\"url\":\"https:\/\/www.colossalstore.es\/wp-content\/uploads\/2023\/05\/Colossal_Logo-02.png\",\"contentUrl\":\"https:\/\/www.colossalstore.es\/wp-content\/uploads\/2023\/05\/Colossal_Logo-02.png\",\"width\":1181,\"height\":1181,\"caption\":\"Colossal Store\"},\"image\":{\"@id\":\"https:\/\/www.colossalstore.es\/#\/schema\/logo\/image\/\"},\"sameAs\":[\"https:\/\/x.com\/Colossal_Store\",\"https:\/\/www.instagram.com\/colossal_store_tcg\/\",\"https:\/\/www.tiktok.com\/@colossalstore\"]}]}<\/script>\n<!-- \/ Yoast SEO plugin. -->","yoast_head_json":{"title":"Boruto tomo 2 (Masashi Kishimoto) | Colossal Store","description":"Boruto tomo 2 (Masashi Kishimoto) Boruto ha superado la segunda prueba del examen de ascenso a grado medio, \u00a1\u00a1e incluso su padre, Naruto, lo ha felicitado!! Boruto rompe a llorar de la alegr\u00eda, pero, de todos modos, hace uso de la herramienta cient\u00edfica ninja, que se supone que est\u00e1 prohibida, para obtener la victoria en la tercera prueba, que consiste en un combate individual. Sin embargo, \u00a1en el momento en el que Naruto anuncia la descalificaci\u00f3n de Boruto...!","robots":{"index":"index","follow":"follow","max-snippet":"max-snippet:-1","max-image-preview":"max-image-preview:large","max-video-preview":"max-video-preview:-1"},"canonical":"https:\/\/www.colossalstore.es\/en\/tienda\/manga\/boruto-no-02\/","og_locale":"en_US","og_type":"article","og_title":"Boruto tomo 2 (Masashi Kishimoto) | Colossal Store","og_description":"Boruto tomo 2 (Masashi Kishimoto) Boruto ha superado la segunda prueba del examen de ascenso a grado medio, \u00a1\u00a1e incluso su padre, Naruto, lo ha felicitado!! Boruto rompe a llorar de la alegr\u00eda, pero, de todos modos, hace uso de la herramienta cient\u00edfica ninja, que se supone que est\u00e1 prohibida, para obtener la victoria en la tercera prueba, que consiste en un combate individual. Sin embargo, \u00a1en el momento en el que Naruto anuncia la descalificaci\u00f3n de Boruto...!","og_url":"https:\/\/www.colossalstore.es\/en\/tienda\/manga\/boruto-no-02\/","og_site_name":"Colossal Store","article_modified_time":"2026-01-05T19:31:43+00:00","og_image":[{"width":1588,"height":2560,"url":"https:\/\/www.colossalstore.es\/wp-content\/uploads\/2022\/10\/917hFMNGd1L.jpg","type":"image\/jpeg"}],"twitter_card":"summary_large_image","twitter_site":"@Colossal_Store","twitter_misc":{"Est. reading time":"1 minute"},"schema":{"@context":"https:\/\/schema.org","@graph":[{"@type":"WebPage","@id":"https:\/\/www.colossalstore.es\/tienda\/manga\/boruto-no-02\/","url":"https:\/\/www.colossalstore.es\/tienda\/manga\/boruto-no-02\/","name":"Boruto tomo 2 (Masashi Kishimoto) | Colossal Store","isPartOf":{"@id":"https:\/\/www.colossalstore.es\/#website"},"primaryImageOfPage":{"@id":"https:\/\/www.colossalstore.es\/tienda\/manga\/boruto-no-02\/#primaryimage"},"image":{"@id":"https:\/\/www.colossalstore.es\/tienda\/manga\/boruto-no-02\/#primaryimage"},"thumbnailUrl":"https:\/\/www.colossalstore.es\/wp-content\/uploads\/2022\/10\/917hFMNGd1L.jpg","datePublished":"2022-10-01T08:08:12+00:00","dateModified":"2026-01-05T19:31:43+00:00","description":"Boruto tomo 2 (Masashi Kishimoto) Boruto ha superado la segunda prueba del examen de ascenso a grado medio, \u00a1\u00a1e incluso su padre, Naruto, lo ha felicitado!! Boruto rompe a llorar de la alegr\u00eda, pero, de todos modos, hace uso de la herramienta cient\u00edfica ninja, que se supone que est\u00e1 prohibida, para obtener la victoria en la tercera prueba, que consiste en un combate individual. Sin embargo, \u00a1en el momento en el que Naruto anuncia la descalificaci\u00f3n de Boruto...!","breadcrumb":{"@id":"https:\/\/www.colossalstore.es\/tienda\/manga\/boruto-no-02\/#breadcrumb"},"inLanguage":"en-US","potentialAction":[{"@type":"ReadAction","target":["https:\/\/www.colossalstore.es\/tienda\/manga\/boruto-no-02\/"]}]},{"@type":"ImageObject","inLanguage":"en-US","@id":"https:\/\/www.colossalstore.es\/tienda\/manga\/boruto-no-02\/#primaryimage","url":"https:\/\/www.colossalstore.es\/wp-content\/uploads\/2022\/10\/917hFMNGd1L.jpg","contentUrl":"https:\/\/www.colossalstore.es\/wp-content\/uploads\/2022\/10\/917hFMNGd1L.jpg","width":1588,"height":2560},{"@type":"BreadcrumbList","@id":"https:\/\/www.colossalstore.es\/tienda\/manga\/boruto-no-02\/#breadcrumb","itemListElement":[{"@type":"ListItem","position":1,"name":"Home","item":"https:\/\/www.colossalstore.es\/"},{"@type":"ListItem","position":2,"name":"Tienda","item":"https:\/\/www.colossalstore.es\/tienda\/"},{"@type":"ListItem","position":3,"name":"BORUTO N\u00ba 02"}]},{"@type":"WebSite","@id":"https:\/\/www.colossalstore.es\/#website","url":"https:\/\/www.colossalstore.es\/","name":"Colossal Store","description":"Colossal Store, store specialized in TCGs.","publisher":{"@id":"https:\/\/www.colossalstore.es\/#organization"},"alternateName":"Colossal Store","potentialAction":[{"@type":"SearchAction","target":{"@type":"EntryPoint","urlTemplate":"https:\/\/www.colossalstore.es\/?s={search_term_string}"},"query-input":{"@type":"PropertyValueSpecification","valueRequired":true,"valueName":"search_term_string"}}],"inLanguage":"en-US"},{"@type":"Organization","@id":"https:\/\/www.colossalstore.es\/#organization","name":"Colossal Store","url":"https:\/\/www.colossalstore.es\/","logo":{"@type":"ImageObject","inLanguage":"en-US","@id":"https:\/\/www.colossalstore.es\/#\/schema\/logo\/image\/","url":"https:\/\/www.colossalstore.es\/wp-content\/uploads\/2023\/05\/Colossal_Logo-02.png","contentUrl":"https:\/\/www.colossalstore.es\/wp-content\/uploads\/2023\/05\/Colossal_Logo-02.png","width":1181,"height":1181,"caption":"Colossal Store"},"image":{"@id":"https:\/\/www.colossalstore.es\/#\/schema\/logo\/image\/"},"sameAs":["https:\/\/x.com\/Colossal_Store","https:\/\/www.instagram.com\/colossal_store_tcg\/","https:\/\/www.tiktok.com\/@colossalstore"]}]}},"_links":{"self":[{"href":"https:\/\/www.colossalstore.es\/en\/wp-json\/wp\/v2\/product\/1271","targetHints":{"allow":["GET"]}}],"collection":[{"href":"https:\/\/www.colossalstore.es\/en\/wp-json\/wp\/v2\/product"}],"about":[{"href":"https:\/\/www.colossalstore.es\/en\/wp-json\/wp\/v2\/types\/product"}],"replies":[{"embeddable":true,"href":"https:\/\/www.colossalstore.es\/en\/wp-json\/wp\/v2\/comments?post=1271"}],"wp:featuredmedia":[{"embeddable":true,"href":"https:\/\/www.colossalstore.es\/en\/wp-json\/wp\/v2\/media\/1272"}],"wp:attachment":[{"href":"https:\/\/www.colossalstore.es\/en\/wp-json\/wp\/v2\/media?parent=1271"}],"wp:term":[{"taxonomy":"product_brand","embeddable":true,"href":"https:\/\/www.colossalstore.es\/en\/wp-json\/wp\/v2\/product_brand?post=1271"},{"taxonomy":"product_cat","embeddable":true,"href":"https:\/\/www.colossalstore.es\/en\/wp-json\/wp\/v2\/product_cat?post=1271"},{"taxonomy":"product_tag","embeddable":true,"href":"https:\/\/www.colossalstore.es\/en\/wp-json\/wp\/v2\/product_tag?post=1271"}],"curies":[{"name":"wp","href":"https:\/\/api.w.org\/{rel}","templated":true}]}}