{"id":1260,"date":"2022-10-01T09:59:15","date_gmt":"2022-10-01T07:59:15","guid":{"rendered":"https:\/\/colossalstore.es\/?post_type=product&#038;p=1260"},"modified":"2026-01-05T20:31:08","modified_gmt":"2026-01-05T19:31:08","slug":"dragon-ball-super-no-03","status":"publish","type":"product","link":"https:\/\/www.colossalstore.es\/en\/tienda\/manga\/dragon-ball-super-no-03\/","title":{"rendered":"DRAGON BALL SUPER 3"},"content":{"rendered":"<p>Dragon Ball Super 3 (Akira Toriyama)<\/p>\n<p>Trunks has returned once again from the future. In their world, a man identical to Goku, Goku Black, sets out to exterminate humanity. What will become of Goku and Vegeta, who are heading to the future!? Meanwhile, Zamasu, Kaioshin candidate of the tenth universe, notices Goku...<\/p>","protected":false},"excerpt":{"rendered":"<p>Dragon Ball Super 3 (Akira Toriyama) Trunks ha vuelto una vez m\u00e1s del futuro. En su mundo, un hombre id\u00e9ntico a Goku, Goku Black, se dispone a exterminar a la humanidad. \u00bf\u00a1Qu\u00e9 ser\u00e1 de Goku y Vegeta, que se dirigen al futuro!? Mientras tanto, Zamasu, candidato a Kai\u00f4shin del d\u00e9cimo universo, se fija en Goku&#8230;<\/p>","protected":false},"featured_media":1261,"comment_status":"open","ping_status":"closed","template":"","meta":{"_joinchat":[]},"product_brand":[],"product_cat":[32],"product_tag":[],"class_list":{"0":"post-1260","1":"product","2":"type-product","3":"status-publish","4":"has-post-thumbnail","6":"product_cat-manga","8":"first","9":"outofstock","10":"sale","11":"taxable","12":"shipping-taxable","13":"purchasable","14":"product-type-simple"},"yoast_head":"<!-- This site is optimized with the Yoast SEO plugin v25.7 - https:\/\/yoast.com\/wordpress\/plugins\/seo\/ -->\n<title>Dragon Ball Super 3 (Akira Toriyama) | Colossal Store<\/title>\n<meta name=\"description\" content=\"Dragon Ball Super 3 (Akira Toriyama) Trunks ha vuelto una vez m\u00e1s del futuro. En su mundo, un hombre id\u00e9ntico a Goku, Goku Black, se dispone a exterminar a la humanidad. \u00bf\u00a1Qu\u00e9 ser\u00e1 de Goku y Vegeta, que se dirigen al futuro!? Mientras tanto, Zamasu, candidato a Kai\u00f4shin del d\u00e9cimo universo, se fija en Goku...\" \/>\n<meta name=\"robots\" content=\"index, follow, max-snippet:-1, max-image-preview:large, max-video-preview:-1\" \/>\n<link rel=\"canonical\" href=\"https:\/\/www.colossalstore.es\/en\/tienda\/manga\/dragon-ball-super-no-03\/\" \/>\n<meta property=\"og:locale\" content=\"en_US\" \/>\n<meta property=\"og:type\" content=\"article\" \/>\n<meta property=\"og:title\" content=\"Dragon Ball Super 3 (Akira Toriyama) | Colossal Store\" \/>\n<meta property=\"og:description\" content=\"Dragon Ball Super 3 (Akira Toriyama) Trunks ha vuelto una vez m\u00e1s del futuro. En su mundo, un hombre id\u00e9ntico a Goku, Goku Black, se dispone a exterminar a la humanidad. \u00bf\u00a1Qu\u00e9 ser\u00e1 de Goku y Vegeta, que se dirigen al futuro!? Mientras tanto, Zamasu, candidato a Kai\u00f4shin del d\u00e9cimo universo, se fija en Goku...\" \/>\n<meta property=\"og:url\" content=\"https:\/\/www.colossalstore.es\/en\/tienda\/manga\/dragon-ball-super-no-03\/\" \/>\n<meta property=\"og:site_name\" content=\"Colossal Store\" \/>\n<meta property=\"article:modified_time\" content=\"2026-01-05T19:31:08+00:00\" \/>\n<meta property=\"og:image\" content=\"https:\/\/www.colossalstore.es\/wp-content\/uploads\/2022\/10\/51uGMmPh0L._SX332_BO1204203200_.jpg\" \/>\n\t<meta property=\"og:image:width\" content=\"334\" \/>\n\t<meta property=\"og:image:height\" content=\"499\" \/>\n\t<meta property=\"og:image:type\" content=\"image\/jpeg\" \/>\n<meta name=\"twitter:card\" content=\"summary_large_image\" \/>\n<meta name=\"twitter:site\" content=\"@Colossal_Store\" \/>\n<meta name=\"twitter:label1\" content=\"Est. reading time\" \/>\n\t<meta name=\"twitter:data1\" content=\"1 minute\" \/>\n<script type=\"application\/ld+json\" class=\"yoast-schema-graph\">{\"@context\":\"https:\/\/schema.org\",\"@graph\":[{\"@type\":\"WebPage\",\"@id\":\"https:\/\/www.colossalstore.es\/tienda\/manga\/dragon-ball-super-no-03\/\",\"url\":\"https:\/\/www.colossalstore.es\/tienda\/manga\/dragon-ball-super-no-03\/\",\"name\":\"Dragon Ball Super 3 (Akira Toriyama) | Colossal Store\",\"isPartOf\":{\"@id\":\"https:\/\/www.colossalstore.es\/#website\"},\"primaryImageOfPage\":{\"@id\":\"https:\/\/www.colossalstore.es\/tienda\/manga\/dragon-ball-super-no-03\/#primaryimage\"},\"image\":{\"@id\":\"https:\/\/www.colossalstore.es\/tienda\/manga\/dragon-ball-super-no-03\/#primaryimage\"},\"thumbnailUrl\":\"https:\/\/www.colossalstore.es\/wp-content\/uploads\/2022\/10\/51uGMmPh0L._SX332_BO1204203200_.jpg\",\"datePublished\":\"2022-10-01T07:59:15+00:00\",\"dateModified\":\"2026-01-05T19:31:08+00:00\",\"description\":\"Dragon Ball Super 3 (Akira Toriyama) Trunks ha vuelto una vez m\u00e1s del futuro. En su mundo, un hombre id\u00e9ntico a Goku, Goku Black, se dispone a exterminar a la humanidad. \u00bf\u00a1Qu\u00e9 ser\u00e1 de Goku y Vegeta, que se dirigen al futuro!? Mientras tanto, Zamasu, candidato a Kai\u00f4shin del d\u00e9cimo universo, se fija en Goku...\",\"breadcrumb\":{\"@id\":\"https:\/\/www.colossalstore.es\/tienda\/manga\/dragon-ball-super-no-03\/#breadcrumb\"},\"inLanguage\":\"en-US\",\"potentialAction\":[{\"@type\":\"ReadAction\",\"target\":[\"https:\/\/www.colossalstore.es\/tienda\/manga\/dragon-ball-super-no-03\/\"]}]},{\"@type\":\"ImageObject\",\"inLanguage\":\"en-US\",\"@id\":\"https:\/\/www.colossalstore.es\/tienda\/manga\/dragon-ball-super-no-03\/#primaryimage\",\"url\":\"https:\/\/www.colossalstore.es\/wp-content\/uploads\/2022\/10\/51uGMmPh0L._SX332_BO1204203200_.jpg\",\"contentUrl\":\"https:\/\/www.colossalstore.es\/wp-content\/uploads\/2022\/10\/51uGMmPh0L._SX332_BO1204203200_.jpg\",\"width\":334,\"height\":499},{\"@type\":\"BreadcrumbList\",\"@id\":\"https:\/\/www.colossalstore.es\/tienda\/manga\/dragon-ball-super-no-03\/#breadcrumb\",\"itemListElement\":[{\"@type\":\"ListItem\",\"position\":1,\"name\":\"Home\",\"item\":\"https:\/\/www.colossalstore.es\/\"},{\"@type\":\"ListItem\",\"position\":2,\"name\":\"Tienda\",\"item\":\"https:\/\/www.colossalstore.es\/tienda\/\"},{\"@type\":\"ListItem\",\"position\":3,\"name\":\"DRAGON BALL SUPER 3\"}]},{\"@type\":\"WebSite\",\"@id\":\"https:\/\/www.colossalstore.es\/#website\",\"url\":\"https:\/\/www.colossalstore.es\/\",\"name\":\"Colossal Store\",\"description\":\"Colossal Store, tienda especializada en TCGs.\",\"publisher\":{\"@id\":\"https:\/\/www.colossalstore.es\/#organization\"},\"alternateName\":\"Colossal Store\",\"potentialAction\":[{\"@type\":\"SearchAction\",\"target\":{\"@type\":\"EntryPoint\",\"urlTemplate\":\"https:\/\/www.colossalstore.es\/?s={search_term_string}\"},\"query-input\":{\"@type\":\"PropertyValueSpecification\",\"valueRequired\":true,\"valueName\":\"search_term_string\"}}],\"inLanguage\":\"en-US\"},{\"@type\":\"Organization\",\"@id\":\"https:\/\/www.colossalstore.es\/#organization\",\"name\":\"Colossal Store\",\"url\":\"https:\/\/www.colossalstore.es\/\",\"logo\":{\"@type\":\"ImageObject\",\"inLanguage\":\"en-US\",\"@id\":\"https:\/\/www.colossalstore.es\/#\/schema\/logo\/image\/\",\"url\":\"https:\/\/www.colossalstore.es\/wp-content\/uploads\/2023\/05\/Colossal_Logo-02.png\",\"contentUrl\":\"https:\/\/www.colossalstore.es\/wp-content\/uploads\/2023\/05\/Colossal_Logo-02.png\",\"width\":1181,\"height\":1181,\"caption\":\"Colossal Store\"},\"image\":{\"@id\":\"https:\/\/www.colossalstore.es\/#\/schema\/logo\/image\/\"},\"sameAs\":[\"https:\/\/x.com\/Colossal_Store\",\"https:\/\/www.instagram.com\/colossal_store_tcg\/\",\"https:\/\/www.tiktok.com\/@colossalstore\"]}]}<\/script>\n<!-- \/ Yoast SEO plugin. -->","yoast_head_json":{"title":"Dragon Ball Super 3 (Akira Toriyama) | Colossal Store","description":"Dragon Ball Super 3 (Akira Toriyama) Trunks ha vuelto una vez m\u00e1s del futuro. En su mundo, un hombre id\u00e9ntico a Goku, Goku Black, se dispone a exterminar a la humanidad. \u00bf\u00a1Qu\u00e9 ser\u00e1 de Goku y Vegeta, que se dirigen al futuro!? Mientras tanto, Zamasu, candidato a Kai\u00f4shin del d\u00e9cimo universo, se fija en Goku...","robots":{"index":"index","follow":"follow","max-snippet":"max-snippet:-1","max-image-preview":"max-image-preview:large","max-video-preview":"max-video-preview:-1"},"canonical":"https:\/\/www.colossalstore.es\/en\/tienda\/manga\/dragon-ball-super-no-03\/","og_locale":"en_US","og_type":"article","og_title":"Dragon Ball Super 3 (Akira Toriyama) | Colossal Store","og_description":"Dragon Ball Super 3 (Akira Toriyama) Trunks ha vuelto una vez m\u00e1s del futuro. En su mundo, un hombre id\u00e9ntico a Goku, Goku Black, se dispone a exterminar a la humanidad. \u00bf\u00a1Qu\u00e9 ser\u00e1 de Goku y Vegeta, que se dirigen al futuro!? Mientras tanto, Zamasu, candidato a Kai\u00f4shin del d\u00e9cimo universo, se fija en Goku...","og_url":"https:\/\/www.colossalstore.es\/en\/tienda\/manga\/dragon-ball-super-no-03\/","og_site_name":"Colossal Store","article_modified_time":"2026-01-05T19:31:08+00:00","og_image":[{"width":334,"height":499,"url":"https:\/\/www.colossalstore.es\/wp-content\/uploads\/2022\/10\/51uGMmPh0L._SX332_BO1204203200_.jpg","type":"image\/jpeg"}],"twitter_card":"summary_large_image","twitter_site":"@Colossal_Store","twitter_misc":{"Est. reading time":"1 minute"},"schema":{"@context":"https:\/\/schema.org","@graph":[{"@type":"WebPage","@id":"https:\/\/www.colossalstore.es\/tienda\/manga\/dragon-ball-super-no-03\/","url":"https:\/\/www.colossalstore.es\/tienda\/manga\/dragon-ball-super-no-03\/","name":"Dragon Ball Super 3 (Akira Toriyama) | Colossal Store","isPartOf":{"@id":"https:\/\/www.colossalstore.es\/#website"},"primaryImageOfPage":{"@id":"https:\/\/www.colossalstore.es\/tienda\/manga\/dragon-ball-super-no-03\/#primaryimage"},"image":{"@id":"https:\/\/www.colossalstore.es\/tienda\/manga\/dragon-ball-super-no-03\/#primaryimage"},"thumbnailUrl":"https:\/\/www.colossalstore.es\/wp-content\/uploads\/2022\/10\/51uGMmPh0L._SX332_BO1204203200_.jpg","datePublished":"2022-10-01T07:59:15+00:00","dateModified":"2026-01-05T19:31:08+00:00","description":"Dragon Ball Super 3 (Akira Toriyama) Trunks ha vuelto una vez m\u00e1s del futuro. En su mundo, un hombre id\u00e9ntico a Goku, Goku Black, se dispone a exterminar a la humanidad. \u00bf\u00a1Qu\u00e9 ser\u00e1 de Goku y Vegeta, que se dirigen al futuro!? Mientras tanto, Zamasu, candidato a Kai\u00f4shin del d\u00e9cimo universo, se fija en Goku...","breadcrumb":{"@id":"https:\/\/www.colossalstore.es\/tienda\/manga\/dragon-ball-super-no-03\/#breadcrumb"},"inLanguage":"en-US","potentialAction":[{"@type":"ReadAction","target":["https:\/\/www.colossalstore.es\/tienda\/manga\/dragon-ball-super-no-03\/"]}]},{"@type":"ImageObject","inLanguage":"en-US","@id":"https:\/\/www.colossalstore.es\/tienda\/manga\/dragon-ball-super-no-03\/#primaryimage","url":"https:\/\/www.colossalstore.es\/wp-content\/uploads\/2022\/10\/51uGMmPh0L._SX332_BO1204203200_.jpg","contentUrl":"https:\/\/www.colossalstore.es\/wp-content\/uploads\/2022\/10\/51uGMmPh0L._SX332_BO1204203200_.jpg","width":334,"height":499},{"@type":"BreadcrumbList","@id":"https:\/\/www.colossalstore.es\/tienda\/manga\/dragon-ball-super-no-03\/#breadcrumb","itemListElement":[{"@type":"ListItem","position":1,"name":"Home","item":"https:\/\/www.colossalstore.es\/"},{"@type":"ListItem","position":2,"name":"Tienda","item":"https:\/\/www.colossalstore.es\/tienda\/"},{"@type":"ListItem","position":3,"name":"DRAGON BALL SUPER 3"}]},{"@type":"WebSite","@id":"https:\/\/www.colossalstore.es\/#website","url":"https:\/\/www.colossalstore.es\/","name":"Colossal Store","description":"Colossal Store, store specialized in TCGs.","publisher":{"@id":"https:\/\/www.colossalstore.es\/#organization"},"alternateName":"Colossal Store","potentialAction":[{"@type":"SearchAction","target":{"@type":"EntryPoint","urlTemplate":"https:\/\/www.colossalstore.es\/?s={search_term_string}"},"query-input":{"@type":"PropertyValueSpecification","valueRequired":true,"valueName":"search_term_string"}}],"inLanguage":"en-US"},{"@type":"Organization","@id":"https:\/\/www.colossalstore.es\/#organization","name":"Colossal Store","url":"https:\/\/www.colossalstore.es\/","logo":{"@type":"ImageObject","inLanguage":"en-US","@id":"https:\/\/www.colossalstore.es\/#\/schema\/logo\/image\/","url":"https:\/\/www.colossalstore.es\/wp-content\/uploads\/2023\/05\/Colossal_Logo-02.png","contentUrl":"https:\/\/www.colossalstore.es\/wp-content\/uploads\/2023\/05\/Colossal_Logo-02.png","width":1181,"height":1181,"caption":"Colossal Store"},"image":{"@id":"https:\/\/www.colossalstore.es\/#\/schema\/logo\/image\/"},"sameAs":["https:\/\/x.com\/Colossal_Store","https:\/\/www.instagram.com\/colossal_store_tcg\/","https:\/\/www.tiktok.com\/@colossalstore"]}]}},"_links":{"self":[{"href":"https:\/\/www.colossalstore.es\/en\/wp-json\/wp\/v2\/product\/1260","targetHints":{"allow":["GET"]}}],"collection":[{"href":"https:\/\/www.colossalstore.es\/en\/wp-json\/wp\/v2\/product"}],"about":[{"href":"https:\/\/www.colossalstore.es\/en\/wp-json\/wp\/v2\/types\/product"}],"replies":[{"embeddable":true,"href":"https:\/\/www.colossalstore.es\/en\/wp-json\/wp\/v2\/comments?post=1260"}],"wp:featuredmedia":[{"embeddable":true,"href":"https:\/\/www.colossalstore.es\/en\/wp-json\/wp\/v2\/media\/1261"}],"wp:attachment":[{"href":"https:\/\/www.colossalstore.es\/en\/wp-json\/wp\/v2\/media?parent=1260"}],"wp:term":[{"taxonomy":"product_brand","embeddable":true,"href":"https:\/\/www.colossalstore.es\/en\/wp-json\/wp\/v2\/product_brand?post=1260"},{"taxonomy":"product_cat","embeddable":true,"href":"https:\/\/www.colossalstore.es\/en\/wp-json\/wp\/v2\/product_cat?post=1260"},{"taxonomy":"product_tag","embeddable":true,"href":"https:\/\/www.colossalstore.es\/en\/wp-json\/wp\/v2\/product_tag?post=1260"}],"curies":[{"name":"wp","href":"https:\/\/api.w.org\/{rel}","templated":true}]}}