{"id":1258,"date":"2022-10-01T09:58:27","date_gmt":"2022-10-01T07:58:27","guid":{"rendered":"https:\/\/colossalstore.es\/?post_type=product&#038;p=1258"},"modified":"2026-01-05T20:30:58","modified_gmt":"2026-01-05T19:30:58","slug":"dragon-ball-super-no-02","status":"publish","type":"product","link":"https:\/\/www.colossalstore.es\/en\/tienda\/manga\/dragon-ball-super-no-02\/","title":{"rendered":"DRAGON BALL SUPER 2"},"content":{"rendered":"<p>Dragon Ball Super 2 (Akira Toriyama)<\/p>\n<p>At the request of the gods of destruction, a martial arts tournament is held between the teams of the sixth universe and the seventh universe, to which Goku belongs, to determine who will get the super dragon balls. The rival team includes a Saiyan and Frost, an individual identical to Frieza. How far does the power of the chivalrous Frost reach, whom Goku must face!?<\/p>","protected":false},"excerpt":{"rendered":"<p>Dragon Ball Super 2 (Akira Toriyama) A instancias de los dioses de la destrucci\u00f3n, se celebra un torneo de artes marciales entre las selecciones del sexto universo y del s\u00e9ptimo universo, al cual pertenece Goku, para determinar qui\u00e9n se har\u00e1 con las superbolas de drag\u00f3n. En el equipo rival figuran un saiyano y Frost, un [&hellip;]<\/p>","protected":false},"featured_media":1259,"comment_status":"open","ping_status":"closed","template":"","meta":{"_joinchat":[]},"product_brand":[],"product_cat":[32],"product_tag":[],"class_list":{"0":"post-1258","1":"product","2":"type-product","3":"status-publish","4":"has-post-thumbnail","6":"product_cat-manga","8":"first","9":"outofstock","10":"sale","11":"taxable","12":"shipping-taxable","13":"purchasable","14":"product-type-simple"},"yoast_head":"<!-- This site is optimized with the Yoast SEO plugin v25.7 - https:\/\/yoast.com\/wordpress\/plugins\/seo\/ -->\n<title>Dragon Ball Super 2 (Akira Toriyama) | Colossal Store<\/title>\n<meta name=\"description\" content=\"Dragon Ball Super 2 (Akira Toriyama) A instancias de los dioses de la destrucci\u00f3n, se celebra un torneo de artes marciales entre las selecciones del sexto universo y del s\u00e9ptimo universo, al cual pertenece Goku, para determinar qui\u00e9n se har\u00e1 con las superbolas de drag\u00f3n. En el equipo rival figuran un saiyano y Frost, un individuo id\u00e9ntico a Freezer. \u00bf\u00a1Hasta d\u00f3nde llega el poder del caballeroso Frost, al que Goku debe enfrentarse!?\" \/>\n<meta name=\"robots\" content=\"index, follow, max-snippet:-1, max-image-preview:large, max-video-preview:-1\" \/>\n<link rel=\"canonical\" href=\"https:\/\/www.colossalstore.es\/en\/tienda\/manga\/dragon-ball-super-no-02\/\" \/>\n<meta property=\"og:locale\" content=\"en_US\" \/>\n<meta property=\"og:type\" content=\"article\" \/>\n<meta property=\"og:title\" content=\"Dragon Ball Super 2 (Akira Toriyama) | Colossal Store\" \/>\n<meta property=\"og:description\" content=\"Dragon Ball Super 2 (Akira Toriyama) A instancias de los dioses de la destrucci\u00f3n, se celebra un torneo de artes marciales entre las selecciones del sexto universo y del s\u00e9ptimo universo, al cual pertenece Goku, para determinar qui\u00e9n se har\u00e1 con las superbolas de drag\u00f3n. En el equipo rival figuran un saiyano y Frost, un individuo id\u00e9ntico a Freezer. \u00bf\u00a1Hasta d\u00f3nde llega el poder del caballeroso Frost, al que Goku debe enfrentarse!?\" \/>\n<meta property=\"og:url\" content=\"https:\/\/www.colossalstore.es\/en\/tienda\/manga\/dragon-ball-super-no-02\/\" \/>\n<meta property=\"og:site_name\" content=\"Colossal Store\" \/>\n<meta property=\"article:modified_time\" content=\"2026-01-05T19:30:58+00:00\" \/>\n<meta property=\"og:image\" content=\"https:\/\/www.colossalstore.es\/wp-content\/uploads\/2022\/10\/91hLqYGIDL.jpg\" \/>\n\t<meta property=\"og:image:width\" content=\"1613\" \/>\n\t<meta property=\"og:image:height\" content=\"2560\" \/>\n\t<meta property=\"og:image:type\" content=\"image\/jpeg\" \/>\n<meta name=\"twitter:card\" content=\"summary_large_image\" \/>\n<meta name=\"twitter:site\" content=\"@Colossal_Store\" \/>\n<meta name=\"twitter:label1\" content=\"Est. reading time\" \/>\n\t<meta name=\"twitter:data1\" content=\"1 minute\" \/>\n<script type=\"application\/ld+json\" class=\"yoast-schema-graph\">{\"@context\":\"https:\/\/schema.org\",\"@graph\":[{\"@type\":\"WebPage\",\"@id\":\"https:\/\/www.colossalstore.es\/tienda\/manga\/dragon-ball-super-no-02\/\",\"url\":\"https:\/\/www.colossalstore.es\/tienda\/manga\/dragon-ball-super-no-02\/\",\"name\":\"Dragon Ball Super 2 (Akira Toriyama) | Colossal Store\",\"isPartOf\":{\"@id\":\"https:\/\/www.colossalstore.es\/#website\"},\"primaryImageOfPage\":{\"@id\":\"https:\/\/www.colossalstore.es\/tienda\/manga\/dragon-ball-super-no-02\/#primaryimage\"},\"image\":{\"@id\":\"https:\/\/www.colossalstore.es\/tienda\/manga\/dragon-ball-super-no-02\/#primaryimage\"},\"thumbnailUrl\":\"https:\/\/www.colossalstore.es\/wp-content\/uploads\/2022\/10\/91hLqYGIDL.jpg\",\"datePublished\":\"2022-10-01T07:58:27+00:00\",\"dateModified\":\"2026-01-05T19:30:58+00:00\",\"description\":\"Dragon Ball Super 2 (Akira Toriyama) A instancias de los dioses de la destrucci\u00f3n, se celebra un torneo de artes marciales entre las selecciones del sexto universo y del s\u00e9ptimo universo, al cual pertenece Goku, para determinar qui\u00e9n se har\u00e1 con las superbolas de drag\u00f3n. En el equipo rival figuran un saiyano y Frost, un individuo id\u00e9ntico a Freezer. \u00bf\u00a1Hasta d\u00f3nde llega el poder del caballeroso Frost, al que Goku debe enfrentarse!?\",\"breadcrumb\":{\"@id\":\"https:\/\/www.colossalstore.es\/tienda\/manga\/dragon-ball-super-no-02\/#breadcrumb\"},\"inLanguage\":\"en-US\",\"potentialAction\":[{\"@type\":\"ReadAction\",\"target\":[\"https:\/\/www.colossalstore.es\/tienda\/manga\/dragon-ball-super-no-02\/\"]}]},{\"@type\":\"ImageObject\",\"inLanguage\":\"en-US\",\"@id\":\"https:\/\/www.colossalstore.es\/tienda\/manga\/dragon-ball-super-no-02\/#primaryimage\",\"url\":\"https:\/\/www.colossalstore.es\/wp-content\/uploads\/2022\/10\/91hLqYGIDL.jpg\",\"contentUrl\":\"https:\/\/www.colossalstore.es\/wp-content\/uploads\/2022\/10\/91hLqYGIDL.jpg\",\"width\":1613,\"height\":2560},{\"@type\":\"BreadcrumbList\",\"@id\":\"https:\/\/www.colossalstore.es\/tienda\/manga\/dragon-ball-super-no-02\/#breadcrumb\",\"itemListElement\":[{\"@type\":\"ListItem\",\"position\":1,\"name\":\"Home\",\"item\":\"https:\/\/www.colossalstore.es\/\"},{\"@type\":\"ListItem\",\"position\":2,\"name\":\"Tienda\",\"item\":\"https:\/\/www.colossalstore.es\/tienda\/\"},{\"@type\":\"ListItem\",\"position\":3,\"name\":\"DRAGON BALL SUPER 2\"}]},{\"@type\":\"WebSite\",\"@id\":\"https:\/\/www.colossalstore.es\/#website\",\"url\":\"https:\/\/www.colossalstore.es\/\",\"name\":\"Colossal Store\",\"description\":\"Colossal Store, tienda especializada en TCGs.\",\"publisher\":{\"@id\":\"https:\/\/www.colossalstore.es\/#organization\"},\"alternateName\":\"Colossal Store\",\"potentialAction\":[{\"@type\":\"SearchAction\",\"target\":{\"@type\":\"EntryPoint\",\"urlTemplate\":\"https:\/\/www.colossalstore.es\/?s={search_term_string}\"},\"query-input\":{\"@type\":\"PropertyValueSpecification\",\"valueRequired\":true,\"valueName\":\"search_term_string\"}}],\"inLanguage\":\"en-US\"},{\"@type\":\"Organization\",\"@id\":\"https:\/\/www.colossalstore.es\/#organization\",\"name\":\"Colossal Store\",\"url\":\"https:\/\/www.colossalstore.es\/\",\"logo\":{\"@type\":\"ImageObject\",\"inLanguage\":\"en-US\",\"@id\":\"https:\/\/www.colossalstore.es\/#\/schema\/logo\/image\/\",\"url\":\"https:\/\/www.colossalstore.es\/wp-content\/uploads\/2023\/05\/Colossal_Logo-02.png\",\"contentUrl\":\"https:\/\/www.colossalstore.es\/wp-content\/uploads\/2023\/05\/Colossal_Logo-02.png\",\"width\":1181,\"height\":1181,\"caption\":\"Colossal Store\"},\"image\":{\"@id\":\"https:\/\/www.colossalstore.es\/#\/schema\/logo\/image\/\"},\"sameAs\":[\"https:\/\/x.com\/Colossal_Store\",\"https:\/\/www.instagram.com\/colossal_store_tcg\/\",\"https:\/\/www.tiktok.com\/@colossalstore\"]}]}<\/script>\n<!-- \/ Yoast SEO plugin. -->","yoast_head_json":{"title":"Dragon Ball Super 2 (Akira Toriyama) | Colossal Store","description":"Dragon Ball Super 2 (Akira Toriyama) A instancias de los dioses de la destrucci\u00f3n, se celebra un torneo de artes marciales entre las selecciones del sexto universo y del s\u00e9ptimo universo, al cual pertenece Goku, para determinar qui\u00e9n se har\u00e1 con las superbolas de drag\u00f3n. En el equipo rival figuran un saiyano y Frost, un individuo id\u00e9ntico a Freezer. \u00bf\u00a1Hasta d\u00f3nde llega el poder del caballeroso Frost, al que Goku debe enfrentarse!?","robots":{"index":"index","follow":"follow","max-snippet":"max-snippet:-1","max-image-preview":"max-image-preview:large","max-video-preview":"max-video-preview:-1"},"canonical":"https:\/\/www.colossalstore.es\/en\/tienda\/manga\/dragon-ball-super-no-02\/","og_locale":"en_US","og_type":"article","og_title":"Dragon Ball Super 2 (Akira Toriyama) | Colossal Store","og_description":"Dragon Ball Super 2 (Akira Toriyama) A instancias de los dioses de la destrucci\u00f3n, se celebra un torneo de artes marciales entre las selecciones del sexto universo y del s\u00e9ptimo universo, al cual pertenece Goku, para determinar qui\u00e9n se har\u00e1 con las superbolas de drag\u00f3n. En el equipo rival figuran un saiyano y Frost, un individuo id\u00e9ntico a Freezer. \u00bf\u00a1Hasta d\u00f3nde llega el poder del caballeroso Frost, al que Goku debe enfrentarse!?","og_url":"https:\/\/www.colossalstore.es\/en\/tienda\/manga\/dragon-ball-super-no-02\/","og_site_name":"Colossal Store","article_modified_time":"2026-01-05T19:30:58+00:00","og_image":[{"width":1613,"height":2560,"url":"https:\/\/www.colossalstore.es\/wp-content\/uploads\/2022\/10\/91hLqYGIDL.jpg","type":"image\/jpeg"}],"twitter_card":"summary_large_image","twitter_site":"@Colossal_Store","twitter_misc":{"Est. reading time":"1 minute"},"schema":{"@context":"https:\/\/schema.org","@graph":[{"@type":"WebPage","@id":"https:\/\/www.colossalstore.es\/tienda\/manga\/dragon-ball-super-no-02\/","url":"https:\/\/www.colossalstore.es\/tienda\/manga\/dragon-ball-super-no-02\/","name":"Dragon Ball Super 2 (Akira Toriyama) | Colossal Store","isPartOf":{"@id":"https:\/\/www.colossalstore.es\/#website"},"primaryImageOfPage":{"@id":"https:\/\/www.colossalstore.es\/tienda\/manga\/dragon-ball-super-no-02\/#primaryimage"},"image":{"@id":"https:\/\/www.colossalstore.es\/tienda\/manga\/dragon-ball-super-no-02\/#primaryimage"},"thumbnailUrl":"https:\/\/www.colossalstore.es\/wp-content\/uploads\/2022\/10\/91hLqYGIDL.jpg","datePublished":"2022-10-01T07:58:27+00:00","dateModified":"2026-01-05T19:30:58+00:00","description":"Dragon Ball Super 2 (Akira Toriyama) A instancias de los dioses de la destrucci\u00f3n, se celebra un torneo de artes marciales entre las selecciones del sexto universo y del s\u00e9ptimo universo, al cual pertenece Goku, para determinar qui\u00e9n se har\u00e1 con las superbolas de drag\u00f3n. En el equipo rival figuran un saiyano y Frost, un individuo id\u00e9ntico a Freezer. \u00bf\u00a1Hasta d\u00f3nde llega el poder del caballeroso Frost, al que Goku debe enfrentarse!?","breadcrumb":{"@id":"https:\/\/www.colossalstore.es\/tienda\/manga\/dragon-ball-super-no-02\/#breadcrumb"},"inLanguage":"en-US","potentialAction":[{"@type":"ReadAction","target":["https:\/\/www.colossalstore.es\/tienda\/manga\/dragon-ball-super-no-02\/"]}]},{"@type":"ImageObject","inLanguage":"en-US","@id":"https:\/\/www.colossalstore.es\/tienda\/manga\/dragon-ball-super-no-02\/#primaryimage","url":"https:\/\/www.colossalstore.es\/wp-content\/uploads\/2022\/10\/91hLqYGIDL.jpg","contentUrl":"https:\/\/www.colossalstore.es\/wp-content\/uploads\/2022\/10\/91hLqYGIDL.jpg","width":1613,"height":2560},{"@type":"BreadcrumbList","@id":"https:\/\/www.colossalstore.es\/tienda\/manga\/dragon-ball-super-no-02\/#breadcrumb","itemListElement":[{"@type":"ListItem","position":1,"name":"Home","item":"https:\/\/www.colossalstore.es\/"},{"@type":"ListItem","position":2,"name":"Tienda","item":"https:\/\/www.colossalstore.es\/tienda\/"},{"@type":"ListItem","position":3,"name":"DRAGON BALL SUPER 2"}]},{"@type":"WebSite","@id":"https:\/\/www.colossalstore.es\/#website","url":"https:\/\/www.colossalstore.es\/","name":"Colossal Store","description":"Colossal Store, store specialized in TCGs.","publisher":{"@id":"https:\/\/www.colossalstore.es\/#organization"},"alternateName":"Colossal Store","potentialAction":[{"@type":"SearchAction","target":{"@type":"EntryPoint","urlTemplate":"https:\/\/www.colossalstore.es\/?s={search_term_string}"},"query-input":{"@type":"PropertyValueSpecification","valueRequired":true,"valueName":"search_term_string"}}],"inLanguage":"en-US"},{"@type":"Organization","@id":"https:\/\/www.colossalstore.es\/#organization","name":"Colossal Store","url":"https:\/\/www.colossalstore.es\/","logo":{"@type":"ImageObject","inLanguage":"en-US","@id":"https:\/\/www.colossalstore.es\/#\/schema\/logo\/image\/","url":"https:\/\/www.colossalstore.es\/wp-content\/uploads\/2023\/05\/Colossal_Logo-02.png","contentUrl":"https:\/\/www.colossalstore.es\/wp-content\/uploads\/2023\/05\/Colossal_Logo-02.png","width":1181,"height":1181,"caption":"Colossal Store"},"image":{"@id":"https:\/\/www.colossalstore.es\/#\/schema\/logo\/image\/"},"sameAs":["https:\/\/x.com\/Colossal_Store","https:\/\/www.instagram.com\/colossal_store_tcg\/","https:\/\/www.tiktok.com\/@colossalstore"]}]}},"_links":{"self":[{"href":"https:\/\/www.colossalstore.es\/en\/wp-json\/wp\/v2\/product\/1258","targetHints":{"allow":["GET"]}}],"collection":[{"href":"https:\/\/www.colossalstore.es\/en\/wp-json\/wp\/v2\/product"}],"about":[{"href":"https:\/\/www.colossalstore.es\/en\/wp-json\/wp\/v2\/types\/product"}],"replies":[{"embeddable":true,"href":"https:\/\/www.colossalstore.es\/en\/wp-json\/wp\/v2\/comments?post=1258"}],"wp:featuredmedia":[{"embeddable":true,"href":"https:\/\/www.colossalstore.es\/en\/wp-json\/wp\/v2\/media\/1259"}],"wp:attachment":[{"href":"https:\/\/www.colossalstore.es\/en\/wp-json\/wp\/v2\/media?parent=1258"}],"wp:term":[{"taxonomy":"product_brand","embeddable":true,"href":"https:\/\/www.colossalstore.es\/en\/wp-json\/wp\/v2\/product_brand?post=1258"},{"taxonomy":"product_cat","embeddable":true,"href":"https:\/\/www.colossalstore.es\/en\/wp-json\/wp\/v2\/product_cat?post=1258"},{"taxonomy":"product_tag","embeddable":true,"href":"https:\/\/www.colossalstore.es\/en\/wp-json\/wp\/v2\/product_tag?post=1258"}],"curies":[{"name":"wp","href":"https:\/\/api.w.org\/{rel}","templated":true}]}}