{"id":11229,"date":"2025-08-02T20:10:43","date_gmt":"2025-08-02T18:10:43","guid":{"rendered":"https:\/\/www.colossalstore.es\/?post_type=product&#038;p=11229"},"modified":"2025-08-02T20:10:43","modified_gmt":"2025-08-02T18:10:43","slug":"la-gran-migracion","status":"publish","type":"product","link":"https:\/\/www.colossalstore.es\/en\/tienda\/juegos-de-mesa\/la-gran-migracion\/","title":{"rendered":"LA GRAN MIGRACI\u00d3N"},"content":{"rendered":"<p>Se la primera persona en guiar a tu ave migratoria hasta su destino en \u00c1frica, superando todos los peligros del camino.<\/p>\n<p>Elige tu ave: Cada jugador selecciona una especie de ave con caracter\u00edsticas \u00fanicas y un destino espec\u00edfico.<br \/>\nVuela hacia \u00c1frica: Realiza una serie de vuelos con tu ficha de exploraci\u00f3n, avanzando por el tablero. Superando los peligros que encuentres en tu camino que pondr\u00e1n aprueba tus habilidades.<br \/>\nAterriza a tiempo: Debes encontrar el equilibrio perfecto: avanzar lo suficiente para llegar a tu destino, pero aterrizar antes de que sea demasiado tarde.<br \/>\nSum\u00e9rgete en el mundo de las aves migratorias y experimenta los desaf\u00edos de su largo viaje.<\/p>","protected":false},"excerpt":{"rendered":"<p>Se la primera persona en guiar a tu ave migratoria hasta su destino en \u00c1frica, superando todos los peligros del camino. Elige tu ave: Cada jugador selecciona una especie de ave con caracter\u00edsticas \u00fanicas y un destino espec\u00edfico. Vuela hacia \u00c1frica: Realiza una serie de vuelos con tu ficha de exploraci\u00f3n, avanzando por el tablero. [&hellip;]<\/p>","protected":false},"featured_media":11230,"comment_status":"open","ping_status":"closed","template":"","meta":{"_joinchat":[]},"product_brand":[],"product_cat":[26],"product_tag":[],"class_list":{"0":"post-11229","1":"product","2":"type-product","3":"status-publish","4":"has-post-thumbnail","6":"product_cat-juegos-de-mesa","8":"first","9":"instock","10":"taxable","11":"shipping-taxable","12":"purchasable","13":"product-type-simple"},"yoast_head":"<!-- This site is optimized with the Yoast SEO plugin v25.7 - https:\/\/yoast.com\/wordpress\/plugins\/seo\/ -->\n<title>LA GRAN MIGRACI\u00d3N | Colossal Store<\/title>\n<meta name=\"robots\" content=\"index, follow, max-snippet:-1, max-image-preview:large, max-video-preview:-1\" \/>\n<link rel=\"canonical\" href=\"https:\/\/www.colossalstore.es\/en\/tienda\/juegos-de-mesa\/la-gran-migracion\/\" \/>\n<meta property=\"og:locale\" content=\"en_US\" \/>\n<meta property=\"og:type\" content=\"article\" \/>\n<meta property=\"og:title\" content=\"LA GRAN MIGRACI\u00d3N | Colossal Store\" \/>\n<meta property=\"og:description\" content=\"Se la primera persona en guiar a tu ave migratoria hasta su destino en \u00c1frica, superando todos los peligros del camino. Elige tu ave: Cada jugador selecciona una especie de ave con caracter\u00edsticas \u00fanicas y un destino espec\u00edfico. Vuela hacia \u00c1frica: Realiza una serie de vuelos con tu ficha de exploraci\u00f3n, avanzando por el tablero. [&hellip;]\" \/>\n<meta property=\"og:url\" content=\"https:\/\/www.colossalstore.es\/en\/tienda\/juegos-de-mesa\/la-gran-migracion\/\" \/>\n<meta property=\"og:site_name\" content=\"Colossal Store\" \/>\n<meta property=\"og:image\" content=\"https:\/\/www.colossalstore.es\/wp-content\/uploads\/2025\/08\/8425402885956-1.jpg\" \/>\n\t<meta property=\"og:image:width\" content=\"916\" \/>\n\t<meta property=\"og:image:height\" content=\"1024\" \/>\n\t<meta property=\"og:image:type\" content=\"image\/jpeg\" \/>\n<meta name=\"twitter:card\" content=\"summary_large_image\" \/>\n<meta name=\"twitter:site\" content=\"@Colossal_Store\" \/>\n<meta name=\"twitter:label1\" content=\"Est. reading time\" \/>\n\t<meta name=\"twitter:data1\" content=\"1 minute\" \/>\n<script type=\"application\/ld+json\" class=\"yoast-schema-graph\">{\"@context\":\"https:\/\/schema.org\",\"@graph\":[{\"@type\":\"WebPage\",\"@id\":\"https:\/\/www.colossalstore.es\/tienda\/juegos-de-mesa\/la-gran-migracion\/\",\"url\":\"https:\/\/www.colossalstore.es\/tienda\/juegos-de-mesa\/la-gran-migracion\/\",\"name\":\"LA GRAN MIGRACI\u00d3N | Colossal Store\",\"isPartOf\":{\"@id\":\"https:\/\/www.colossalstore.es\/#website\"},\"primaryImageOfPage\":{\"@id\":\"https:\/\/www.colossalstore.es\/tienda\/juegos-de-mesa\/la-gran-migracion\/#primaryimage\"},\"image\":{\"@id\":\"https:\/\/www.colossalstore.es\/tienda\/juegos-de-mesa\/la-gran-migracion\/#primaryimage\"},\"thumbnailUrl\":\"https:\/\/www.colossalstore.es\/wp-content\/uploads\/2025\/08\/8425402885956-1.jpg\",\"datePublished\":\"2025-08-02T18:10:43+00:00\",\"breadcrumb\":{\"@id\":\"https:\/\/www.colossalstore.es\/tienda\/juegos-de-mesa\/la-gran-migracion\/#breadcrumb\"},\"inLanguage\":\"en-US\",\"potentialAction\":[{\"@type\":\"ReadAction\",\"target\":[\"https:\/\/www.colossalstore.es\/tienda\/juegos-de-mesa\/la-gran-migracion\/\"]}]},{\"@type\":\"ImageObject\",\"inLanguage\":\"en-US\",\"@id\":\"https:\/\/www.colossalstore.es\/tienda\/juegos-de-mesa\/la-gran-migracion\/#primaryimage\",\"url\":\"https:\/\/www.colossalstore.es\/wp-content\/uploads\/2025\/08\/8425402885956-1.jpg\",\"contentUrl\":\"https:\/\/www.colossalstore.es\/wp-content\/uploads\/2025\/08\/8425402885956-1.jpg\",\"width\":916,\"height\":1024},{\"@type\":\"BreadcrumbList\",\"@id\":\"https:\/\/www.colossalstore.es\/tienda\/juegos-de-mesa\/la-gran-migracion\/#breadcrumb\",\"itemListElement\":[{\"@type\":\"ListItem\",\"position\":1,\"name\":\"Home\",\"item\":\"https:\/\/www.colossalstore.es\/\"},{\"@type\":\"ListItem\",\"position\":2,\"name\":\"Tienda\",\"item\":\"https:\/\/www.colossalstore.es\/tienda\/\"},{\"@type\":\"ListItem\",\"position\":3,\"name\":\"LA GRAN MIGRACI\u00d3N\"}]},{\"@type\":\"WebSite\",\"@id\":\"https:\/\/www.colossalstore.es\/#website\",\"url\":\"https:\/\/www.colossalstore.es\/\",\"name\":\"Colossal Store\",\"description\":\"Colossal Store, tienda especializada en TCGs.\",\"publisher\":{\"@id\":\"https:\/\/www.colossalstore.es\/#organization\"},\"alternateName\":\"Colossal Store\",\"potentialAction\":[{\"@type\":\"SearchAction\",\"target\":{\"@type\":\"EntryPoint\",\"urlTemplate\":\"https:\/\/www.colossalstore.es\/?s={search_term_string}\"},\"query-input\":{\"@type\":\"PropertyValueSpecification\",\"valueRequired\":true,\"valueName\":\"search_term_string\"}}],\"inLanguage\":\"en-US\"},{\"@type\":\"Organization\",\"@id\":\"https:\/\/www.colossalstore.es\/#organization\",\"name\":\"Colossal Store\",\"url\":\"https:\/\/www.colossalstore.es\/\",\"logo\":{\"@type\":\"ImageObject\",\"inLanguage\":\"en-US\",\"@id\":\"https:\/\/www.colossalstore.es\/#\/schema\/logo\/image\/\",\"url\":\"https:\/\/www.colossalstore.es\/wp-content\/uploads\/2023\/05\/Colossal_Logo-02.png\",\"contentUrl\":\"https:\/\/www.colossalstore.es\/wp-content\/uploads\/2023\/05\/Colossal_Logo-02.png\",\"width\":1181,\"height\":1181,\"caption\":\"Colossal Store\"},\"image\":{\"@id\":\"https:\/\/www.colossalstore.es\/#\/schema\/logo\/image\/\"},\"sameAs\":[\"https:\/\/x.com\/Colossal_Store\",\"https:\/\/www.instagram.com\/colossal_store_tcg\/\",\"https:\/\/www.tiktok.com\/@colossalstore\"]}]}<\/script>\n<!-- \/ Yoast SEO plugin. -->","yoast_head_json":{"title":"LA GRAN MIGRACI\u00d3N | Colossal Store","robots":{"index":"index","follow":"follow","max-snippet":"max-snippet:-1","max-image-preview":"max-image-preview:large","max-video-preview":"max-video-preview:-1"},"canonical":"https:\/\/www.colossalstore.es\/en\/tienda\/juegos-de-mesa\/la-gran-migracion\/","og_locale":"en_US","og_type":"article","og_title":"LA GRAN MIGRACI\u00d3N | Colossal Store","og_description":"Se la primera persona en guiar a tu ave migratoria hasta su destino en \u00c1frica, superando todos los peligros del camino. Elige tu ave: Cada jugador selecciona una especie de ave con caracter\u00edsticas \u00fanicas y un destino espec\u00edfico. Vuela hacia \u00c1frica: Realiza una serie de vuelos con tu ficha de exploraci\u00f3n, avanzando por el tablero. [&hellip;]","og_url":"https:\/\/www.colossalstore.es\/en\/tienda\/juegos-de-mesa\/la-gran-migracion\/","og_site_name":"Colossal Store","og_image":[{"width":916,"height":1024,"url":"https:\/\/www.colossalstore.es\/wp-content\/uploads\/2025\/08\/8425402885956-1.jpg","type":"image\/jpeg"}],"twitter_card":"summary_large_image","twitter_site":"@Colossal_Store","twitter_misc":{"Est. reading time":"1 minute"},"schema":{"@context":"https:\/\/schema.org","@graph":[{"@type":"WebPage","@id":"https:\/\/www.colossalstore.es\/tienda\/juegos-de-mesa\/la-gran-migracion\/","url":"https:\/\/www.colossalstore.es\/tienda\/juegos-de-mesa\/la-gran-migracion\/","name":"LA GRAN MIGRACI\u00d3N | Colossal Store","isPartOf":{"@id":"https:\/\/www.colossalstore.es\/#website"},"primaryImageOfPage":{"@id":"https:\/\/www.colossalstore.es\/tienda\/juegos-de-mesa\/la-gran-migracion\/#primaryimage"},"image":{"@id":"https:\/\/www.colossalstore.es\/tienda\/juegos-de-mesa\/la-gran-migracion\/#primaryimage"},"thumbnailUrl":"https:\/\/www.colossalstore.es\/wp-content\/uploads\/2025\/08\/8425402885956-1.jpg","datePublished":"2025-08-02T18:10:43+00:00","breadcrumb":{"@id":"https:\/\/www.colossalstore.es\/tienda\/juegos-de-mesa\/la-gran-migracion\/#breadcrumb"},"inLanguage":"en-US","potentialAction":[{"@type":"ReadAction","target":["https:\/\/www.colossalstore.es\/tienda\/juegos-de-mesa\/la-gran-migracion\/"]}]},{"@type":"ImageObject","inLanguage":"en-US","@id":"https:\/\/www.colossalstore.es\/tienda\/juegos-de-mesa\/la-gran-migracion\/#primaryimage","url":"https:\/\/www.colossalstore.es\/wp-content\/uploads\/2025\/08\/8425402885956-1.jpg","contentUrl":"https:\/\/www.colossalstore.es\/wp-content\/uploads\/2025\/08\/8425402885956-1.jpg","width":916,"height":1024},{"@type":"BreadcrumbList","@id":"https:\/\/www.colossalstore.es\/tienda\/juegos-de-mesa\/la-gran-migracion\/#breadcrumb","itemListElement":[{"@type":"ListItem","position":1,"name":"Home","item":"https:\/\/www.colossalstore.es\/"},{"@type":"ListItem","position":2,"name":"Tienda","item":"https:\/\/www.colossalstore.es\/tienda\/"},{"@type":"ListItem","position":3,"name":"LA GRAN MIGRACI\u00d3N"}]},{"@type":"WebSite","@id":"https:\/\/www.colossalstore.es\/#website","url":"https:\/\/www.colossalstore.es\/","name":"Colossal Store","description":"Colossal Store, store specialized in TCGs.","publisher":{"@id":"https:\/\/www.colossalstore.es\/#organization"},"alternateName":"Colossal Store","potentialAction":[{"@type":"SearchAction","target":{"@type":"EntryPoint","urlTemplate":"https:\/\/www.colossalstore.es\/?s={search_term_string}"},"query-input":{"@type":"PropertyValueSpecification","valueRequired":true,"valueName":"search_term_string"}}],"inLanguage":"en-US"},{"@type":"Organization","@id":"https:\/\/www.colossalstore.es\/#organization","name":"Colossal Store","url":"https:\/\/www.colossalstore.es\/","logo":{"@type":"ImageObject","inLanguage":"en-US","@id":"https:\/\/www.colossalstore.es\/#\/schema\/logo\/image\/","url":"https:\/\/www.colossalstore.es\/wp-content\/uploads\/2023\/05\/Colossal_Logo-02.png","contentUrl":"https:\/\/www.colossalstore.es\/wp-content\/uploads\/2023\/05\/Colossal_Logo-02.png","width":1181,"height":1181,"caption":"Colossal Store"},"image":{"@id":"https:\/\/www.colossalstore.es\/#\/schema\/logo\/image\/"},"sameAs":["https:\/\/x.com\/Colossal_Store","https:\/\/www.instagram.com\/colossal_store_tcg\/","https:\/\/www.tiktok.com\/@colossalstore"]}]}},"_links":{"self":[{"href":"https:\/\/www.colossalstore.es\/en\/wp-json\/wp\/v2\/product\/11229","targetHints":{"allow":["GET"]}}],"collection":[{"href":"https:\/\/www.colossalstore.es\/en\/wp-json\/wp\/v2\/product"}],"about":[{"href":"https:\/\/www.colossalstore.es\/en\/wp-json\/wp\/v2\/types\/product"}],"replies":[{"embeddable":true,"href":"https:\/\/www.colossalstore.es\/en\/wp-json\/wp\/v2\/comments?post=11229"}],"wp:featuredmedia":[{"embeddable":true,"href":"https:\/\/www.colossalstore.es\/en\/wp-json\/wp\/v2\/media\/11230"}],"wp:attachment":[{"href":"https:\/\/www.colossalstore.es\/en\/wp-json\/wp\/v2\/media?parent=11229"}],"wp:term":[{"taxonomy":"product_brand","embeddable":true,"href":"https:\/\/www.colossalstore.es\/en\/wp-json\/wp\/v2\/product_brand?post=11229"},{"taxonomy":"product_cat","embeddable":true,"href":"https:\/\/www.colossalstore.es\/en\/wp-json\/wp\/v2\/product_cat?post=11229"},{"taxonomy":"product_tag","embeddable":true,"href":"https:\/\/www.colossalstore.es\/en\/wp-json\/wp\/v2\/product_tag?post=11229"}],"curies":[{"name":"wp","href":"https:\/\/api.w.org\/{rel}","templated":true}]}}