{"id":11210,"date":"2025-07-29T18:05:31","date_gmt":"2025-07-29T16:05:31","guid":{"rendered":"https:\/\/www.colossalstore.es\/?post_type=product&#038;p=11210"},"modified":"2025-07-29T18:05:31","modified_gmt":"2025-07-29T16:05:31","slug":"smart-10-2","status":"publish","type":"product","link":"https:\/\/www.colossalstore.es\/en\/tienda\/juegos-de-mesa\/smart-10-2\/","title":{"rendered":"SMART 10"},"content":{"rendered":"<p>Smart10 es un juego de preguntas donde los jugadores no deber\u00e1n esperar demasiado su turno. Las preguntas ofrecen 10 posibles respuestas y todos los jugadores tendr\u00e1n la oportunidad de contestar en cada una de las preguntas. Si tu respuesta es correcta, recibir\u00e1s un marcador. Pero, \u00bfdebes contestar o pasar? Recuerda que si no aseguras tus marcadores a tiempo, podr\u00e1s terminar perdi\u00e9ndolos todos. Todo el juego est\u00e1 incluido en la compacta caja Smart: las 200 preguntas y sus respectivas respuestas, los contadores de puntuaci\u00f3n y los marcadores. No necesitar\u00e1s nada m\u00e1s para empezar a jugar donde sea! Contenido: Caja Smart 10 Marcadores 100 Tarjetas a doble cara con preguntas 1 Reglamento Edad Recomendada : 14+ Duraci\u00f3n Partida: 20 min. Jugadores: 2 a 8<\/p>","protected":false},"excerpt":{"rendered":"<p>Smart10 es un juego de preguntas donde los jugadores no deber\u00e1n esperar demasiado su turno. Las preguntas ofrecen 10 posibles respuestas y todos los jugadores tendr\u00e1n la oportunidad de contestar en cada una de las preguntas. Si tu respuesta es correcta, recibir\u00e1s un marcador. Pero, \u00bfdebes contestar o pasar? Recuerda que si no aseguras tus [&hellip;]<\/p>","protected":false},"featured_media":11212,"comment_status":"open","ping_status":"closed","template":"","meta":{"_joinchat":[]},"product_brand":[],"product_cat":[26],"product_tag":[],"class_list":{"0":"post-11210","1":"product","2":"type-product","3":"status-publish","4":"has-post-thumbnail","6":"product_cat-juegos-de-mesa","8":"first","9":"instock","10":"taxable","11":"shipping-taxable","12":"purchasable","13":"product-type-simple"},"yoast_head":"<!-- This site is optimized with the Yoast SEO plugin v25.7 - https:\/\/yoast.com\/wordpress\/plugins\/seo\/ -->\n<title>SMART 10 | Colossal Store<\/title>\n<meta name=\"robots\" content=\"index, follow, max-snippet:-1, max-image-preview:large, max-video-preview:-1\" \/>\n<link rel=\"canonical\" href=\"https:\/\/www.colossalstore.es\/en\/tienda\/juegos-de-mesa\/smart-10-2\/\" \/>\n<meta property=\"og:locale\" content=\"en_US\" \/>\n<meta property=\"og:type\" content=\"article\" \/>\n<meta property=\"og:title\" content=\"SMART 10 | Colossal Store\" \/>\n<meta property=\"og:description\" content=\"Smart10 es un juego de preguntas donde los jugadores no deber\u00e1n esperar demasiado su turno. Las preguntas ofrecen 10 posibles respuestas y todos los jugadores tendr\u00e1n la oportunidad de contestar en cada una de las preguntas. Si tu respuesta es correcta, recibir\u00e1s un marcador. Pero, \u00bfdebes contestar o pasar? Recuerda que si no aseguras tus [&hellip;]\" \/>\n<meta property=\"og:url\" content=\"https:\/\/www.colossalstore.es\/en\/tienda\/juegos-de-mesa\/smart-10-2\/\" \/>\n<meta property=\"og:site_name\" content=\"Colossal Store\" \/>\n<meta property=\"og:image\" content=\"https:\/\/www.colossalstore.es\/wp-content\/uploads\/2025\/07\/141605-0-big.jpg\" \/>\n\t<meta property=\"og:image:width\" content=\"800\" \/>\n\t<meta property=\"og:image:height\" content=\"959\" \/>\n\t<meta property=\"og:image:type\" content=\"image\/jpeg\" \/>\n<meta name=\"twitter:card\" content=\"summary_large_image\" \/>\n<meta name=\"twitter:site\" content=\"@Colossal_Store\" \/>\n<meta name=\"twitter:label1\" content=\"Est. reading time\" \/>\n\t<meta name=\"twitter:data1\" content=\"1 minute\" \/>\n<script type=\"application\/ld+json\" class=\"yoast-schema-graph\">{\"@context\":\"https:\/\/schema.org\",\"@graph\":[{\"@type\":\"WebPage\",\"@id\":\"https:\/\/www.colossalstore.es\/tienda\/juegos-de-mesa\/smart-10-2\/\",\"url\":\"https:\/\/www.colossalstore.es\/tienda\/juegos-de-mesa\/smart-10-2\/\",\"name\":\"SMART 10 | Colossal Store\",\"isPartOf\":{\"@id\":\"https:\/\/www.colossalstore.es\/#website\"},\"primaryImageOfPage\":{\"@id\":\"https:\/\/www.colossalstore.es\/tienda\/juegos-de-mesa\/smart-10-2\/#primaryimage\"},\"image\":{\"@id\":\"https:\/\/www.colossalstore.es\/tienda\/juegos-de-mesa\/smart-10-2\/#primaryimage\"},\"thumbnailUrl\":\"https:\/\/www.colossalstore.es\/wp-content\/uploads\/2025\/07\/141605-0-big.jpg\",\"datePublished\":\"2025-07-29T16:05:31+00:00\",\"breadcrumb\":{\"@id\":\"https:\/\/www.colossalstore.es\/tienda\/juegos-de-mesa\/smart-10-2\/#breadcrumb\"},\"inLanguage\":\"en-US\",\"potentialAction\":[{\"@type\":\"ReadAction\",\"target\":[\"https:\/\/www.colossalstore.es\/tienda\/juegos-de-mesa\/smart-10-2\/\"]}]},{\"@type\":\"ImageObject\",\"inLanguage\":\"en-US\",\"@id\":\"https:\/\/www.colossalstore.es\/tienda\/juegos-de-mesa\/smart-10-2\/#primaryimage\",\"url\":\"https:\/\/www.colossalstore.es\/wp-content\/uploads\/2025\/07\/141605-0-big.jpg\",\"contentUrl\":\"https:\/\/www.colossalstore.es\/wp-content\/uploads\/2025\/07\/141605-0-big.jpg\",\"width\":800,\"height\":959},{\"@type\":\"BreadcrumbList\",\"@id\":\"https:\/\/www.colossalstore.es\/tienda\/juegos-de-mesa\/smart-10-2\/#breadcrumb\",\"itemListElement\":[{\"@type\":\"ListItem\",\"position\":1,\"name\":\"Home\",\"item\":\"https:\/\/www.colossalstore.es\/\"},{\"@type\":\"ListItem\",\"position\":2,\"name\":\"Tienda\",\"item\":\"https:\/\/www.colossalstore.es\/tienda\/\"},{\"@type\":\"ListItem\",\"position\":3,\"name\":\"SMART 10\"}]},{\"@type\":\"WebSite\",\"@id\":\"https:\/\/www.colossalstore.es\/#website\",\"url\":\"https:\/\/www.colossalstore.es\/\",\"name\":\"Colossal Store\",\"description\":\"Colossal Store, tienda especializada en TCGs.\",\"publisher\":{\"@id\":\"https:\/\/www.colossalstore.es\/#organization\"},\"alternateName\":\"Colossal Store\",\"potentialAction\":[{\"@type\":\"SearchAction\",\"target\":{\"@type\":\"EntryPoint\",\"urlTemplate\":\"https:\/\/www.colossalstore.es\/?s={search_term_string}\"},\"query-input\":{\"@type\":\"PropertyValueSpecification\",\"valueRequired\":true,\"valueName\":\"search_term_string\"}}],\"inLanguage\":\"en-US\"},{\"@type\":\"Organization\",\"@id\":\"https:\/\/www.colossalstore.es\/#organization\",\"name\":\"Colossal Store\",\"url\":\"https:\/\/www.colossalstore.es\/\",\"logo\":{\"@type\":\"ImageObject\",\"inLanguage\":\"en-US\",\"@id\":\"https:\/\/www.colossalstore.es\/#\/schema\/logo\/image\/\",\"url\":\"https:\/\/www.colossalstore.es\/wp-content\/uploads\/2023\/05\/Colossal_Logo-02.png\",\"contentUrl\":\"https:\/\/www.colossalstore.es\/wp-content\/uploads\/2023\/05\/Colossal_Logo-02.png\",\"width\":1181,\"height\":1181,\"caption\":\"Colossal Store\"},\"image\":{\"@id\":\"https:\/\/www.colossalstore.es\/#\/schema\/logo\/image\/\"},\"sameAs\":[\"https:\/\/x.com\/Colossal_Store\",\"https:\/\/www.instagram.com\/colossal_store_tcg\/\",\"https:\/\/www.tiktok.com\/@colossalstore\"]}]}<\/script>\n<!-- \/ Yoast SEO plugin. -->","yoast_head_json":{"title":"SMART 10 | Colossal Store","robots":{"index":"index","follow":"follow","max-snippet":"max-snippet:-1","max-image-preview":"max-image-preview:large","max-video-preview":"max-video-preview:-1"},"canonical":"https:\/\/www.colossalstore.es\/en\/tienda\/juegos-de-mesa\/smart-10-2\/","og_locale":"en_US","og_type":"article","og_title":"SMART 10 | Colossal Store","og_description":"Smart10 es un juego de preguntas donde los jugadores no deber\u00e1n esperar demasiado su turno. Las preguntas ofrecen 10 posibles respuestas y todos los jugadores tendr\u00e1n la oportunidad de contestar en cada una de las preguntas. Si tu respuesta es correcta, recibir\u00e1s un marcador. Pero, \u00bfdebes contestar o pasar? Recuerda que si no aseguras tus [&hellip;]","og_url":"https:\/\/www.colossalstore.es\/en\/tienda\/juegos-de-mesa\/smart-10-2\/","og_site_name":"Colossal Store","og_image":[{"width":800,"height":959,"url":"https:\/\/www.colossalstore.es\/wp-content\/uploads\/2025\/07\/141605-0-big.jpg","type":"image\/jpeg"}],"twitter_card":"summary_large_image","twitter_site":"@Colossal_Store","twitter_misc":{"Est. reading time":"1 minute"},"schema":{"@context":"https:\/\/schema.org","@graph":[{"@type":"WebPage","@id":"https:\/\/www.colossalstore.es\/tienda\/juegos-de-mesa\/smart-10-2\/","url":"https:\/\/www.colossalstore.es\/tienda\/juegos-de-mesa\/smart-10-2\/","name":"SMART 10 | Colossal Store","isPartOf":{"@id":"https:\/\/www.colossalstore.es\/#website"},"primaryImageOfPage":{"@id":"https:\/\/www.colossalstore.es\/tienda\/juegos-de-mesa\/smart-10-2\/#primaryimage"},"image":{"@id":"https:\/\/www.colossalstore.es\/tienda\/juegos-de-mesa\/smart-10-2\/#primaryimage"},"thumbnailUrl":"https:\/\/www.colossalstore.es\/wp-content\/uploads\/2025\/07\/141605-0-big.jpg","datePublished":"2025-07-29T16:05:31+00:00","breadcrumb":{"@id":"https:\/\/www.colossalstore.es\/tienda\/juegos-de-mesa\/smart-10-2\/#breadcrumb"},"inLanguage":"en-US","potentialAction":[{"@type":"ReadAction","target":["https:\/\/www.colossalstore.es\/tienda\/juegos-de-mesa\/smart-10-2\/"]}]},{"@type":"ImageObject","inLanguage":"en-US","@id":"https:\/\/www.colossalstore.es\/tienda\/juegos-de-mesa\/smart-10-2\/#primaryimage","url":"https:\/\/www.colossalstore.es\/wp-content\/uploads\/2025\/07\/141605-0-big.jpg","contentUrl":"https:\/\/www.colossalstore.es\/wp-content\/uploads\/2025\/07\/141605-0-big.jpg","width":800,"height":959},{"@type":"BreadcrumbList","@id":"https:\/\/www.colossalstore.es\/tienda\/juegos-de-mesa\/smart-10-2\/#breadcrumb","itemListElement":[{"@type":"ListItem","position":1,"name":"Home","item":"https:\/\/www.colossalstore.es\/"},{"@type":"ListItem","position":2,"name":"Tienda","item":"https:\/\/www.colossalstore.es\/tienda\/"},{"@type":"ListItem","position":3,"name":"SMART 10"}]},{"@type":"WebSite","@id":"https:\/\/www.colossalstore.es\/#website","url":"https:\/\/www.colossalstore.es\/","name":"Colossal Store","description":"Colossal Store, store specialized in TCGs.","publisher":{"@id":"https:\/\/www.colossalstore.es\/#organization"},"alternateName":"Colossal Store","potentialAction":[{"@type":"SearchAction","target":{"@type":"EntryPoint","urlTemplate":"https:\/\/www.colossalstore.es\/?s={search_term_string}"},"query-input":{"@type":"PropertyValueSpecification","valueRequired":true,"valueName":"search_term_string"}}],"inLanguage":"en-US"},{"@type":"Organization","@id":"https:\/\/www.colossalstore.es\/#organization","name":"Colossal Store","url":"https:\/\/www.colossalstore.es\/","logo":{"@type":"ImageObject","inLanguage":"en-US","@id":"https:\/\/www.colossalstore.es\/#\/schema\/logo\/image\/","url":"https:\/\/www.colossalstore.es\/wp-content\/uploads\/2023\/05\/Colossal_Logo-02.png","contentUrl":"https:\/\/www.colossalstore.es\/wp-content\/uploads\/2023\/05\/Colossal_Logo-02.png","width":1181,"height":1181,"caption":"Colossal Store"},"image":{"@id":"https:\/\/www.colossalstore.es\/#\/schema\/logo\/image\/"},"sameAs":["https:\/\/x.com\/Colossal_Store","https:\/\/www.instagram.com\/colossal_store_tcg\/","https:\/\/www.tiktok.com\/@colossalstore"]}]}},"_links":{"self":[{"href":"https:\/\/www.colossalstore.es\/en\/wp-json\/wp\/v2\/product\/11210","targetHints":{"allow":["GET"]}}],"collection":[{"href":"https:\/\/www.colossalstore.es\/en\/wp-json\/wp\/v2\/product"}],"about":[{"href":"https:\/\/www.colossalstore.es\/en\/wp-json\/wp\/v2\/types\/product"}],"replies":[{"embeddable":true,"href":"https:\/\/www.colossalstore.es\/en\/wp-json\/wp\/v2\/comments?post=11210"}],"wp:featuredmedia":[{"embeddable":true,"href":"https:\/\/www.colossalstore.es\/en\/wp-json\/wp\/v2\/media\/11212"}],"wp:attachment":[{"href":"https:\/\/www.colossalstore.es\/en\/wp-json\/wp\/v2\/media?parent=11210"}],"wp:term":[{"taxonomy":"product_brand","embeddable":true,"href":"https:\/\/www.colossalstore.es\/en\/wp-json\/wp\/v2\/product_brand?post=11210"},{"taxonomy":"product_cat","embeddable":true,"href":"https:\/\/www.colossalstore.es\/en\/wp-json\/wp\/v2\/product_cat?post=11210"},{"taxonomy":"product_tag","embeddable":true,"href":"https:\/\/www.colossalstore.es\/en\/wp-json\/wp\/v2\/product_tag?post=11210"}],"curies":[{"name":"wp","href":"https:\/\/api.w.org\/{rel}","templated":true}]}}