{"id":11071,"date":"2025-07-23T12:44:23","date_gmt":"2025-07-23T10:44:23","guid":{"rendered":"https:\/\/www.colossalstore.es\/?post_type=product&#038;p=11071"},"modified":"2025-07-23T12:44:23","modified_gmt":"2025-07-23T10:44:23","slug":"murano-maestros-de-la-luz","status":"publish","type":"product","link":"https:\/\/www.colossalstore.es\/en\/tienda\/juegos-de-mesa\/murano-maestros-de-la-luz\/","title":{"rendered":"MURANO MAESTROS DE LA LUZ"},"content":{"rendered":"<p>Convi\u00e9rtete en el soplador de vidrio m\u00e1s famoso de la isla veneciana de Murano.<\/p>\n<p>Eres un vidriero de Murano que se dedica a reunir Fragmentos de vidrio y est\u00e1 aprendiendo de los maestros de las islas venecianas. Aprovecha todas tus acciones y consigue las cantidades necesarias de Fragmentos de vidrio de colores que necesites para cumplir con los encargos de tus clientes. El jugador con m\u00e1s dinero al final de la partida gana.<\/p>\n<p>CONTENT<br \/>\n1 Tablero de juego montable<br \/>\n1 Anillo de dos caras<br \/>\n4 Mesas de trabajo individuales<br \/>\n46 Fragmentos de vidrio<br \/>\n24 cartas de Creaci\u00f3n<br \/>\n16 cartas de Ventaja<br \/>\n4 losetas de Categor\u00eda<br \/>\n65 fichas de Lira (L)<br \/>\n1 Marcador de jugador inicial<br \/>\n4 cartas de Ayuda para los jugadores<\/p>","protected":false},"excerpt":{"rendered":"<p>Convi\u00e9rtete en el soplador de vidrio m\u00e1s famoso de la isla veneciana de Murano. Eres un vidriero de Murano que se dedica a reunir Fragmentos de vidrio y est\u00e1 aprendiendo de los maestros de las islas venecianas. Aprovecha todas tus acciones y consigue las cantidades necesarias de Fragmentos de vidrio de colores que necesites para [&hellip;]<\/p>","protected":false},"featured_media":11073,"comment_status":"open","ping_status":"closed","template":"","meta":{"_joinchat":[]},"product_brand":[],"product_cat":[26],"product_tag":[],"class_list":{"0":"post-11071","1":"product","2":"type-product","3":"status-publish","4":"has-post-thumbnail","6":"product_cat-juegos-de-mesa","8":"first","9":"instock","10":"taxable","11":"shipping-taxable","12":"purchasable","13":"product-type-simple"},"yoast_head":"<!-- This site is optimized with the Yoast SEO plugin v25.7 - https:\/\/yoast.com\/wordpress\/plugins\/seo\/ -->\n<title>MURANO MAESTROS DE LA LUZ | Colossal Store<\/title>\n<meta name=\"robots\" content=\"index, follow, max-snippet:-1, max-image-preview:large, max-video-preview:-1\" \/>\n<link rel=\"canonical\" href=\"https:\/\/www.colossalstore.es\/en\/tienda\/juegos-de-mesa\/murano-maestros-de-la-luz\/\" \/>\n<meta property=\"og:locale\" content=\"en_US\" \/>\n<meta property=\"og:type\" content=\"article\" \/>\n<meta property=\"og:title\" content=\"MURANO MAESTROS DE LA LUZ | Colossal Store\" \/>\n<meta property=\"og:description\" content=\"Convi\u00e9rtete en el soplador de vidrio m\u00e1s famoso de la isla veneciana de Murano. Eres un vidriero de Murano que se dedica a reunir Fragmentos de vidrio y est\u00e1 aprendiendo de los maestros de las islas venecianas. Aprovecha todas tus acciones y consigue las cantidades necesarias de Fragmentos de vidrio de colores que necesites para [&hellip;]\" \/>\n<meta property=\"og:url\" content=\"https:\/\/www.colossalstore.es\/en\/tienda\/juegos-de-mesa\/murano-maestros-de-la-luz\/\" \/>\n<meta property=\"og:site_name\" content=\"Colossal Store\" \/>\n<meta property=\"og:image\" content=\"https:\/\/www.colossalstore.es\/wp-content\/uploads\/2025\/07\/k.webp\" \/>\n\t<meta property=\"og:image:width\" content=\"800\" \/>\n\t<meta property=\"og:image:height\" content=\"800\" \/>\n\t<meta property=\"og:image:type\" content=\"image\/webp\" \/>\n<meta name=\"twitter:card\" content=\"summary_large_image\" \/>\n<meta name=\"twitter:site\" content=\"@Colossal_Store\" \/>\n<meta name=\"twitter:label1\" content=\"Est. reading time\" \/>\n\t<meta name=\"twitter:data1\" content=\"1 minute\" \/>\n<script type=\"application\/ld+json\" class=\"yoast-schema-graph\">{\"@context\":\"https:\/\/schema.org\",\"@graph\":[{\"@type\":\"WebPage\",\"@id\":\"https:\/\/www.colossalstore.es\/tienda\/juegos-de-mesa\/murano-maestros-de-la-luz\/\",\"url\":\"https:\/\/www.colossalstore.es\/tienda\/juegos-de-mesa\/murano-maestros-de-la-luz\/\",\"name\":\"MURANO MAESTROS DE LA LUZ | Colossal Store\",\"isPartOf\":{\"@id\":\"https:\/\/www.colossalstore.es\/#website\"},\"primaryImageOfPage\":{\"@id\":\"https:\/\/www.colossalstore.es\/tienda\/juegos-de-mesa\/murano-maestros-de-la-luz\/#primaryimage\"},\"image\":{\"@id\":\"https:\/\/www.colossalstore.es\/tienda\/juegos-de-mesa\/murano-maestros-de-la-luz\/#primaryimage\"},\"thumbnailUrl\":\"https:\/\/www.colossalstore.es\/wp-content\/uploads\/2025\/07\/k.webp\",\"datePublished\":\"2025-07-23T10:44:23+00:00\",\"breadcrumb\":{\"@id\":\"https:\/\/www.colossalstore.es\/tienda\/juegos-de-mesa\/murano-maestros-de-la-luz\/#breadcrumb\"},\"inLanguage\":\"en-US\",\"potentialAction\":[{\"@type\":\"ReadAction\",\"target\":[\"https:\/\/www.colossalstore.es\/tienda\/juegos-de-mesa\/murano-maestros-de-la-luz\/\"]}]},{\"@type\":\"ImageObject\",\"inLanguage\":\"en-US\",\"@id\":\"https:\/\/www.colossalstore.es\/tienda\/juegos-de-mesa\/murano-maestros-de-la-luz\/#primaryimage\",\"url\":\"https:\/\/www.colossalstore.es\/wp-content\/uploads\/2025\/07\/k.webp\",\"contentUrl\":\"https:\/\/www.colossalstore.es\/wp-content\/uploads\/2025\/07\/k.webp\",\"width\":800,\"height\":800},{\"@type\":\"BreadcrumbList\",\"@id\":\"https:\/\/www.colossalstore.es\/tienda\/juegos-de-mesa\/murano-maestros-de-la-luz\/#breadcrumb\",\"itemListElement\":[{\"@type\":\"ListItem\",\"position\":1,\"name\":\"Home\",\"item\":\"https:\/\/www.colossalstore.es\/\"},{\"@type\":\"ListItem\",\"position\":2,\"name\":\"Tienda\",\"item\":\"https:\/\/www.colossalstore.es\/tienda\/\"},{\"@type\":\"ListItem\",\"position\":3,\"name\":\"MURANO MAESTROS DE LA LUZ\"}]},{\"@type\":\"WebSite\",\"@id\":\"https:\/\/www.colossalstore.es\/#website\",\"url\":\"https:\/\/www.colossalstore.es\/\",\"name\":\"Colossal Store\",\"description\":\"Colossal Store, tienda especializada en TCGs.\",\"publisher\":{\"@id\":\"https:\/\/www.colossalstore.es\/#organization\"},\"alternateName\":\"Colossal Store\",\"potentialAction\":[{\"@type\":\"SearchAction\",\"target\":{\"@type\":\"EntryPoint\",\"urlTemplate\":\"https:\/\/www.colossalstore.es\/?s={search_term_string}\"},\"query-input\":{\"@type\":\"PropertyValueSpecification\",\"valueRequired\":true,\"valueName\":\"search_term_string\"}}],\"inLanguage\":\"en-US\"},{\"@type\":\"Organization\",\"@id\":\"https:\/\/www.colossalstore.es\/#organization\",\"name\":\"Colossal Store\",\"url\":\"https:\/\/www.colossalstore.es\/\",\"logo\":{\"@type\":\"ImageObject\",\"inLanguage\":\"en-US\",\"@id\":\"https:\/\/www.colossalstore.es\/#\/schema\/logo\/image\/\",\"url\":\"https:\/\/www.colossalstore.es\/wp-content\/uploads\/2023\/05\/Colossal_Logo-02.png\",\"contentUrl\":\"https:\/\/www.colossalstore.es\/wp-content\/uploads\/2023\/05\/Colossal_Logo-02.png\",\"width\":1181,\"height\":1181,\"caption\":\"Colossal Store\"},\"image\":{\"@id\":\"https:\/\/www.colossalstore.es\/#\/schema\/logo\/image\/\"},\"sameAs\":[\"https:\/\/x.com\/Colossal_Store\",\"https:\/\/www.instagram.com\/colossal_store_tcg\/\",\"https:\/\/www.tiktok.com\/@colossalstore\"]}]}<\/script>\n<!-- \/ Yoast SEO plugin. -->","yoast_head_json":{"title":"MURANO MAESTROS DE LA LUZ | Colossal Store","robots":{"index":"index","follow":"follow","max-snippet":"max-snippet:-1","max-image-preview":"max-image-preview:large","max-video-preview":"max-video-preview:-1"},"canonical":"https:\/\/www.colossalstore.es\/en\/tienda\/juegos-de-mesa\/murano-maestros-de-la-luz\/","og_locale":"en_US","og_type":"article","og_title":"MURANO MAESTROS DE LA LUZ | Colossal Store","og_description":"Convi\u00e9rtete en el soplador de vidrio m\u00e1s famoso de la isla veneciana de Murano. Eres un vidriero de Murano que se dedica a reunir Fragmentos de vidrio y est\u00e1 aprendiendo de los maestros de las islas venecianas. Aprovecha todas tus acciones y consigue las cantidades necesarias de Fragmentos de vidrio de colores que necesites para [&hellip;]","og_url":"https:\/\/www.colossalstore.es\/en\/tienda\/juegos-de-mesa\/murano-maestros-de-la-luz\/","og_site_name":"Colossal Store","og_image":[{"width":800,"height":800,"url":"https:\/\/www.colossalstore.es\/wp-content\/uploads\/2025\/07\/k.webp","type":"image\/webp"}],"twitter_card":"summary_large_image","twitter_site":"@Colossal_Store","twitter_misc":{"Est. reading time":"1 minute"},"schema":{"@context":"https:\/\/schema.org","@graph":[{"@type":"WebPage","@id":"https:\/\/www.colossalstore.es\/tienda\/juegos-de-mesa\/murano-maestros-de-la-luz\/","url":"https:\/\/www.colossalstore.es\/tienda\/juegos-de-mesa\/murano-maestros-de-la-luz\/","name":"MURANO MAESTROS DE LA LUZ | Colossal Store","isPartOf":{"@id":"https:\/\/www.colossalstore.es\/#website"},"primaryImageOfPage":{"@id":"https:\/\/www.colossalstore.es\/tienda\/juegos-de-mesa\/murano-maestros-de-la-luz\/#primaryimage"},"image":{"@id":"https:\/\/www.colossalstore.es\/tienda\/juegos-de-mesa\/murano-maestros-de-la-luz\/#primaryimage"},"thumbnailUrl":"https:\/\/www.colossalstore.es\/wp-content\/uploads\/2025\/07\/k.webp","datePublished":"2025-07-23T10:44:23+00:00","breadcrumb":{"@id":"https:\/\/www.colossalstore.es\/tienda\/juegos-de-mesa\/murano-maestros-de-la-luz\/#breadcrumb"},"inLanguage":"en-US","potentialAction":[{"@type":"ReadAction","target":["https:\/\/www.colossalstore.es\/tienda\/juegos-de-mesa\/murano-maestros-de-la-luz\/"]}]},{"@type":"ImageObject","inLanguage":"en-US","@id":"https:\/\/www.colossalstore.es\/tienda\/juegos-de-mesa\/murano-maestros-de-la-luz\/#primaryimage","url":"https:\/\/www.colossalstore.es\/wp-content\/uploads\/2025\/07\/k.webp","contentUrl":"https:\/\/www.colossalstore.es\/wp-content\/uploads\/2025\/07\/k.webp","width":800,"height":800},{"@type":"BreadcrumbList","@id":"https:\/\/www.colossalstore.es\/tienda\/juegos-de-mesa\/murano-maestros-de-la-luz\/#breadcrumb","itemListElement":[{"@type":"ListItem","position":1,"name":"Home","item":"https:\/\/www.colossalstore.es\/"},{"@type":"ListItem","position":2,"name":"Tienda","item":"https:\/\/www.colossalstore.es\/tienda\/"},{"@type":"ListItem","position":3,"name":"MURANO MAESTROS DE LA LUZ"}]},{"@type":"WebSite","@id":"https:\/\/www.colossalstore.es\/#website","url":"https:\/\/www.colossalstore.es\/","name":"Colossal Store","description":"Colossal Store, store specialized in TCGs.","publisher":{"@id":"https:\/\/www.colossalstore.es\/#organization"},"alternateName":"Colossal Store","potentialAction":[{"@type":"SearchAction","target":{"@type":"EntryPoint","urlTemplate":"https:\/\/www.colossalstore.es\/?s={search_term_string}"},"query-input":{"@type":"PropertyValueSpecification","valueRequired":true,"valueName":"search_term_string"}}],"inLanguage":"en-US"},{"@type":"Organization","@id":"https:\/\/www.colossalstore.es\/#organization","name":"Colossal Store","url":"https:\/\/www.colossalstore.es\/","logo":{"@type":"ImageObject","inLanguage":"en-US","@id":"https:\/\/www.colossalstore.es\/#\/schema\/logo\/image\/","url":"https:\/\/www.colossalstore.es\/wp-content\/uploads\/2023\/05\/Colossal_Logo-02.png","contentUrl":"https:\/\/www.colossalstore.es\/wp-content\/uploads\/2023\/05\/Colossal_Logo-02.png","width":1181,"height":1181,"caption":"Colossal Store"},"image":{"@id":"https:\/\/www.colossalstore.es\/#\/schema\/logo\/image\/"},"sameAs":["https:\/\/x.com\/Colossal_Store","https:\/\/www.instagram.com\/colossal_store_tcg\/","https:\/\/www.tiktok.com\/@colossalstore"]}]}},"_links":{"self":[{"href":"https:\/\/www.colossalstore.es\/en\/wp-json\/wp\/v2\/product\/11071","targetHints":{"allow":["GET"]}}],"collection":[{"href":"https:\/\/www.colossalstore.es\/en\/wp-json\/wp\/v2\/product"}],"about":[{"href":"https:\/\/www.colossalstore.es\/en\/wp-json\/wp\/v2\/types\/product"}],"replies":[{"embeddable":true,"href":"https:\/\/www.colossalstore.es\/en\/wp-json\/wp\/v2\/comments?post=11071"}],"wp:featuredmedia":[{"embeddable":true,"href":"https:\/\/www.colossalstore.es\/en\/wp-json\/wp\/v2\/media\/11073"}],"wp:attachment":[{"href":"https:\/\/www.colossalstore.es\/en\/wp-json\/wp\/v2\/media?parent=11071"}],"wp:term":[{"taxonomy":"product_brand","embeddable":true,"href":"https:\/\/www.colossalstore.es\/en\/wp-json\/wp\/v2\/product_brand?post=11071"},{"taxonomy":"product_cat","embeddable":true,"href":"https:\/\/www.colossalstore.es\/en\/wp-json\/wp\/v2\/product_cat?post=11071"},{"taxonomy":"product_tag","embeddable":true,"href":"https:\/\/www.colossalstore.es\/en\/wp-json\/wp\/v2\/product_tag?post=11071"}],"curies":[{"name":"wp","href":"https:\/\/api.w.org\/{rel}","templated":true}]}}