{"id":11063,"date":"2025-07-23T12:31:43","date_gmt":"2025-07-23T10:31:43","guid":{"rendered":"https:\/\/www.colossalstore.es\/?post_type=product&#038;p=11063"},"modified":"2025-07-23T14:26:27","modified_gmt":"2025-07-23T12:26:27","slug":"exit-la-desaparicion-de-sherlock-holmes","status":"publish","type":"product","link":"https:\/\/www.colossalstore.es\/en\/tienda\/juegos-de-mesa\/exit-la-desaparicion-de-sherlock-holmes\/","title":{"rendered":"EXIT: LA DESAPARICI\u00d3N DE SHERLOCK HOLMES"},"content":{"rendered":"<p>\u00a1Sherlock Holmes necesita tu ayuda! El famoso periodista Ignatius Loyde ha sido asesinado poco despu\u00e9s de publicar un art\u00edculo que retrata a Sherlock Holmes como un impostor. Hay pistas que convierten a Holmes en el principal sospechoso del asesinato&#8230; \u00a1Y para colmo el gran detective ha desaparecido! El Dr. Watson ha recurrido a ti para llegar al fondo de las cosas. \u00bfC\u00f3mo lleg\u00f3 Holmes a ser el acusado? \u00bfY qu\u00e9 papel jug\u00f3 Moriarty? \u00bfPuedes ayudar al Dr. Watson a buscar pruebas, seguir las pistas y resolver el caso, acertijo por acertijo? Exit: La desaparici\u00f3n de Sherlock Holmes es un juego de escape cooperativo dise\u00f1ado por Inka y Markus Brand, que se puede disfrutar en solitario o en un grupo de hasta 4 personas, a partir de 12 a\u00f1os, en partidas que pueden durar entre 60 y 120 minutos. A trav\u00e9s de 88 cartas, varios documentos, un descodificador y algunos artefactos especiales, los jugadores podr\u00e1n explorar e interactuar con el entorno y todo lo que vayan encontrando para tratar de descubrir qu\u00e9 ha pasado con el detective m\u00e1s famoso de todos los tiempos. La saga de juegos Exit nos trae en cada caja todo lo necesario para vivir la emoci\u00f3n de las mejores Escape room o salas de escape desde el sal\u00f3n de casa. Cada t\u00edtulo tiene una tem\u00e1tica y una historia completamente diferente en la que los jugadores son los protagonistas. Una aventura ideal para pasar una divertida tarde en solitario, en familia o entre amigos que pondr\u00e1 a prueba la capacidad de observaci\u00f3n, el ingenio y la creatividad de todos los participantes. El formato compacto y port\u00e1til de la caja convierten este juego en un compa\u00f1ero ideal para cualquier viaje. Con una dificultad de nivel avanzado, Exit: La desaparici\u00f3n de Sherlock Holmes es un t\u00edtulo ideal para aquellos que ya est\u00e9n familiarizados con los juegos de escape y busquen un verdadero reto. Prestar atenci\u00f3n a los detalles, la buena comunicaci\u00f3n entre los miembros del equipo y afilar la capacidad de deducci\u00f3n ser\u00e1n las claves que os permitir\u00e1n tener \u00e9xito en esta aventura. \u00bfLograr\u00e9is resolver el asesinato y descubrir qu\u00e9 ha pasado con Holmes?<\/p>","protected":false},"excerpt":{"rendered":"<p>\u00a1Sherlock Holmes necesita tu ayuda! El famoso periodista Ignatius Loyde ha sido asesinado poco despu\u00e9s de publicar un art\u00edculo que retrata a Sherlock Holmes como un impostor. Hay pistas que convierten a Holmes en el principal sospechoso del asesinato&#8230; \u00a1Y para colmo el gran detective ha desaparecido! El Dr. Watson ha recurrido a ti para [&hellip;]<\/p>","protected":false},"featured_media":11065,"comment_status":"open","ping_status":"closed","template":"","meta":{"_joinchat":[]},"product_brand":[],"product_cat":[26],"product_tag":[],"class_list":{"0":"post-11063","1":"product","2":"type-product","3":"status-publish","4":"has-post-thumbnail","6":"product_cat-juegos-de-mesa","8":"first","9":"instock","10":"taxable","11":"shipping-taxable","12":"purchasable","13":"product-type-simple"},"yoast_head":"<!-- This site is optimized with the Yoast SEO plugin v25.7 - https:\/\/yoast.com\/wordpress\/plugins\/seo\/ -->\n<title>EXIT: LA DESAPARICI\u00d3N DE SHERLOCK HOLMES | Colossal Store<\/title>\n<meta name=\"robots\" content=\"index, follow, max-snippet:-1, max-image-preview:large, max-video-preview:-1\" \/>\n<link rel=\"canonical\" href=\"https:\/\/www.colossalstore.es\/en\/tienda\/juegos-de-mesa\/exit-la-desaparicion-de-sherlock-holmes\/\" \/>\n<meta property=\"og:locale\" content=\"en_US\" \/>\n<meta property=\"og:type\" content=\"article\" \/>\n<meta property=\"og:title\" content=\"EXIT: LA DESAPARICI\u00d3N DE SHERLOCK HOLMES | Colossal Store\" \/>\n<meta property=\"og:description\" content=\"\u00a1Sherlock Holmes necesita tu ayuda! El famoso periodista Ignatius Loyde ha sido asesinado poco despu\u00e9s de publicar un art\u00edculo que retrata a Sherlock Holmes como un impostor. Hay pistas que convierten a Holmes en el principal sospechoso del asesinato&#8230; \u00a1Y para colmo el gran detective ha desaparecido! El Dr. Watson ha recurrido a ti para [&hellip;]\" \/>\n<meta property=\"og:url\" content=\"https:\/\/www.colossalstore.es\/en\/tienda\/juegos-de-mesa\/exit-la-desaparicion-de-sherlock-holmes\/\" \/>\n<meta property=\"og:site_name\" content=\"Colossal Store\" \/>\n<meta property=\"article:modified_time\" content=\"2025-07-23T12:26:27+00:00\" \/>\n<meta property=\"og:image\" content=\"https:\/\/www.colossalstore.es\/wp-content\/uploads\/2025\/07\/EAN_8436607942054-6.jpg\" \/>\n\t<meta property=\"og:image:width\" content=\"1200\" \/>\n\t<meta property=\"og:image:height\" content=\"1200\" \/>\n\t<meta property=\"og:image:type\" content=\"image\/jpeg\" \/>\n<meta name=\"twitter:card\" content=\"summary_large_image\" \/>\n<meta name=\"twitter:site\" content=\"@Colossal_Store\" \/>\n<meta name=\"twitter:label1\" content=\"Est. reading time\" \/>\n\t<meta name=\"twitter:data1\" content=\"2 minutes\" \/>\n<script type=\"application\/ld+json\" class=\"yoast-schema-graph\">{\"@context\":\"https:\/\/schema.org\",\"@graph\":[{\"@type\":\"WebPage\",\"@id\":\"https:\/\/www.colossalstore.es\/tienda\/juegos-de-mesa\/exit-la-desaparicion-de-sherlock-holmes\/\",\"url\":\"https:\/\/www.colossalstore.es\/tienda\/juegos-de-mesa\/exit-la-desaparicion-de-sherlock-holmes\/\",\"name\":\"EXIT: LA DESAPARICI\u00d3N DE SHERLOCK HOLMES | Colossal Store\",\"isPartOf\":{\"@id\":\"https:\/\/www.colossalstore.es\/#website\"},\"primaryImageOfPage\":{\"@id\":\"https:\/\/www.colossalstore.es\/tienda\/juegos-de-mesa\/exit-la-desaparicion-de-sherlock-holmes\/#primaryimage\"},\"image\":{\"@id\":\"https:\/\/www.colossalstore.es\/tienda\/juegos-de-mesa\/exit-la-desaparicion-de-sherlock-holmes\/#primaryimage\"},\"thumbnailUrl\":\"https:\/\/www.colossalstore.es\/wp-content\/uploads\/2025\/07\/EAN_8436607942054-6.jpg\",\"datePublished\":\"2025-07-23T10:31:43+00:00\",\"dateModified\":\"2025-07-23T12:26:27+00:00\",\"breadcrumb\":{\"@id\":\"https:\/\/www.colossalstore.es\/tienda\/juegos-de-mesa\/exit-la-desaparicion-de-sherlock-holmes\/#breadcrumb\"},\"inLanguage\":\"en-US\",\"potentialAction\":[{\"@type\":\"ReadAction\",\"target\":[\"https:\/\/www.colossalstore.es\/tienda\/juegos-de-mesa\/exit-la-desaparicion-de-sherlock-holmes\/\"]}]},{\"@type\":\"ImageObject\",\"inLanguage\":\"en-US\",\"@id\":\"https:\/\/www.colossalstore.es\/tienda\/juegos-de-mesa\/exit-la-desaparicion-de-sherlock-holmes\/#primaryimage\",\"url\":\"https:\/\/www.colossalstore.es\/wp-content\/uploads\/2025\/07\/EAN_8436607942054-6.jpg\",\"contentUrl\":\"https:\/\/www.colossalstore.es\/wp-content\/uploads\/2025\/07\/EAN_8436607942054-6.jpg\",\"width\":1200,\"height\":1200},{\"@type\":\"BreadcrumbList\",\"@id\":\"https:\/\/www.colossalstore.es\/tienda\/juegos-de-mesa\/exit-la-desaparicion-de-sherlock-holmes\/#breadcrumb\",\"itemListElement\":[{\"@type\":\"ListItem\",\"position\":1,\"name\":\"Home\",\"item\":\"https:\/\/www.colossalstore.es\/\"},{\"@type\":\"ListItem\",\"position\":2,\"name\":\"Tienda\",\"item\":\"https:\/\/www.colossalstore.es\/tienda\/\"},{\"@type\":\"ListItem\",\"position\":3,\"name\":\"EXIT: LA DESAPARICI\u00d3N DE SHERLOCK HOLMES\"}]},{\"@type\":\"WebSite\",\"@id\":\"https:\/\/www.colossalstore.es\/#website\",\"url\":\"https:\/\/www.colossalstore.es\/\",\"name\":\"Colossal Store\",\"description\":\"Colossal Store, tienda especializada en TCGs.\",\"publisher\":{\"@id\":\"https:\/\/www.colossalstore.es\/#organization\"},\"alternateName\":\"Colossal Store\",\"potentialAction\":[{\"@type\":\"SearchAction\",\"target\":{\"@type\":\"EntryPoint\",\"urlTemplate\":\"https:\/\/www.colossalstore.es\/?s={search_term_string}\"},\"query-input\":{\"@type\":\"PropertyValueSpecification\",\"valueRequired\":true,\"valueName\":\"search_term_string\"}}],\"inLanguage\":\"en-US\"},{\"@type\":\"Organization\",\"@id\":\"https:\/\/www.colossalstore.es\/#organization\",\"name\":\"Colossal Store\",\"url\":\"https:\/\/www.colossalstore.es\/\",\"logo\":{\"@type\":\"ImageObject\",\"inLanguage\":\"en-US\",\"@id\":\"https:\/\/www.colossalstore.es\/#\/schema\/logo\/image\/\",\"url\":\"https:\/\/www.colossalstore.es\/wp-content\/uploads\/2023\/05\/Colossal_Logo-02.png\",\"contentUrl\":\"https:\/\/www.colossalstore.es\/wp-content\/uploads\/2023\/05\/Colossal_Logo-02.png\",\"width\":1181,\"height\":1181,\"caption\":\"Colossal Store\"},\"image\":{\"@id\":\"https:\/\/www.colossalstore.es\/#\/schema\/logo\/image\/\"},\"sameAs\":[\"https:\/\/x.com\/Colossal_Store\",\"https:\/\/www.instagram.com\/colossal_store_tcg\/\",\"https:\/\/www.tiktok.com\/@colossalstore\"]}]}<\/script>\n<!-- \/ Yoast SEO plugin. -->","yoast_head_json":{"title":"EXIT: LA DESAPARICI\u00d3N DE SHERLOCK HOLMES | Colossal Store","robots":{"index":"index","follow":"follow","max-snippet":"max-snippet:-1","max-image-preview":"max-image-preview:large","max-video-preview":"max-video-preview:-1"},"canonical":"https:\/\/www.colossalstore.es\/en\/tienda\/juegos-de-mesa\/exit-la-desaparicion-de-sherlock-holmes\/","og_locale":"en_US","og_type":"article","og_title":"EXIT: LA DESAPARICI\u00d3N DE SHERLOCK HOLMES | Colossal Store","og_description":"\u00a1Sherlock Holmes necesita tu ayuda! El famoso periodista Ignatius Loyde ha sido asesinado poco despu\u00e9s de publicar un art\u00edculo que retrata a Sherlock Holmes como un impostor. Hay pistas que convierten a Holmes en el principal sospechoso del asesinato&#8230; \u00a1Y para colmo el gran detective ha desaparecido! El Dr. Watson ha recurrido a ti para [&hellip;]","og_url":"https:\/\/www.colossalstore.es\/en\/tienda\/juegos-de-mesa\/exit-la-desaparicion-de-sherlock-holmes\/","og_site_name":"Colossal Store","article_modified_time":"2025-07-23T12:26:27+00:00","og_image":[{"width":1200,"height":1200,"url":"https:\/\/www.colossalstore.es\/wp-content\/uploads\/2025\/07\/EAN_8436607942054-6.jpg","type":"image\/jpeg"}],"twitter_card":"summary_large_image","twitter_site":"@Colossal_Store","twitter_misc":{"Est. reading time":"2 minutes"},"schema":{"@context":"https:\/\/schema.org","@graph":[{"@type":"WebPage","@id":"https:\/\/www.colossalstore.es\/tienda\/juegos-de-mesa\/exit-la-desaparicion-de-sherlock-holmes\/","url":"https:\/\/www.colossalstore.es\/tienda\/juegos-de-mesa\/exit-la-desaparicion-de-sherlock-holmes\/","name":"EXIT: LA DESAPARICI\u00d3N DE SHERLOCK HOLMES | Colossal Store","isPartOf":{"@id":"https:\/\/www.colossalstore.es\/#website"},"primaryImageOfPage":{"@id":"https:\/\/www.colossalstore.es\/tienda\/juegos-de-mesa\/exit-la-desaparicion-de-sherlock-holmes\/#primaryimage"},"image":{"@id":"https:\/\/www.colossalstore.es\/tienda\/juegos-de-mesa\/exit-la-desaparicion-de-sherlock-holmes\/#primaryimage"},"thumbnailUrl":"https:\/\/www.colossalstore.es\/wp-content\/uploads\/2025\/07\/EAN_8436607942054-6.jpg","datePublished":"2025-07-23T10:31:43+00:00","dateModified":"2025-07-23T12:26:27+00:00","breadcrumb":{"@id":"https:\/\/www.colossalstore.es\/tienda\/juegos-de-mesa\/exit-la-desaparicion-de-sherlock-holmes\/#breadcrumb"},"inLanguage":"en-US","potentialAction":[{"@type":"ReadAction","target":["https:\/\/www.colossalstore.es\/tienda\/juegos-de-mesa\/exit-la-desaparicion-de-sherlock-holmes\/"]}]},{"@type":"ImageObject","inLanguage":"en-US","@id":"https:\/\/www.colossalstore.es\/tienda\/juegos-de-mesa\/exit-la-desaparicion-de-sherlock-holmes\/#primaryimage","url":"https:\/\/www.colossalstore.es\/wp-content\/uploads\/2025\/07\/EAN_8436607942054-6.jpg","contentUrl":"https:\/\/www.colossalstore.es\/wp-content\/uploads\/2025\/07\/EAN_8436607942054-6.jpg","width":1200,"height":1200},{"@type":"BreadcrumbList","@id":"https:\/\/www.colossalstore.es\/tienda\/juegos-de-mesa\/exit-la-desaparicion-de-sherlock-holmes\/#breadcrumb","itemListElement":[{"@type":"ListItem","position":1,"name":"Home","item":"https:\/\/www.colossalstore.es\/"},{"@type":"ListItem","position":2,"name":"Tienda","item":"https:\/\/www.colossalstore.es\/tienda\/"},{"@type":"ListItem","position":3,"name":"EXIT: LA DESAPARICI\u00d3N DE SHERLOCK HOLMES"}]},{"@type":"WebSite","@id":"https:\/\/www.colossalstore.es\/#website","url":"https:\/\/www.colossalstore.es\/","name":"Colossal Store","description":"Colossal Store, store specialized in TCGs.","publisher":{"@id":"https:\/\/www.colossalstore.es\/#organization"},"alternateName":"Colossal Store","potentialAction":[{"@type":"SearchAction","target":{"@type":"EntryPoint","urlTemplate":"https:\/\/www.colossalstore.es\/?s={search_term_string}"},"query-input":{"@type":"PropertyValueSpecification","valueRequired":true,"valueName":"search_term_string"}}],"inLanguage":"en-US"},{"@type":"Organization","@id":"https:\/\/www.colossalstore.es\/#organization","name":"Colossal Store","url":"https:\/\/www.colossalstore.es\/","logo":{"@type":"ImageObject","inLanguage":"en-US","@id":"https:\/\/www.colossalstore.es\/#\/schema\/logo\/image\/","url":"https:\/\/www.colossalstore.es\/wp-content\/uploads\/2023\/05\/Colossal_Logo-02.png","contentUrl":"https:\/\/www.colossalstore.es\/wp-content\/uploads\/2023\/05\/Colossal_Logo-02.png","width":1181,"height":1181,"caption":"Colossal Store"},"image":{"@id":"https:\/\/www.colossalstore.es\/#\/schema\/logo\/image\/"},"sameAs":["https:\/\/x.com\/Colossal_Store","https:\/\/www.instagram.com\/colossal_store_tcg\/","https:\/\/www.tiktok.com\/@colossalstore"]}]}},"_links":{"self":[{"href":"https:\/\/www.colossalstore.es\/en\/wp-json\/wp\/v2\/product\/11063","targetHints":{"allow":["GET"]}}],"collection":[{"href":"https:\/\/www.colossalstore.es\/en\/wp-json\/wp\/v2\/product"}],"about":[{"href":"https:\/\/www.colossalstore.es\/en\/wp-json\/wp\/v2\/types\/product"}],"replies":[{"embeddable":true,"href":"https:\/\/www.colossalstore.es\/en\/wp-json\/wp\/v2\/comments?post=11063"}],"wp:featuredmedia":[{"embeddable":true,"href":"https:\/\/www.colossalstore.es\/en\/wp-json\/wp\/v2\/media\/11065"}],"wp:attachment":[{"href":"https:\/\/www.colossalstore.es\/en\/wp-json\/wp\/v2\/media?parent=11063"}],"wp:term":[{"taxonomy":"product_brand","embeddable":true,"href":"https:\/\/www.colossalstore.es\/en\/wp-json\/wp\/v2\/product_brand?post=11063"},{"taxonomy":"product_cat","embeddable":true,"href":"https:\/\/www.colossalstore.es\/en\/wp-json\/wp\/v2\/product_cat?post=11063"},{"taxonomy":"product_tag","embeddable":true,"href":"https:\/\/www.colossalstore.es\/en\/wp-json\/wp\/v2\/product_tag?post=11063"}],"curies":[{"name":"wp","href":"https:\/\/api.w.org\/{rel}","templated":true}]}}