{"id":11061,"date":"2025-07-23T12:28:47","date_gmt":"2025-07-23T10:28:47","guid":{"rendered":"https:\/\/www.colossalstore.es\/?post_type=product&#038;p=11061"},"modified":"2025-07-23T12:28:47","modified_gmt":"2025-07-23T10:28:47","slug":"exit-regreso-a-la-cabana-abandonada","status":"publish","type":"product","link":"https:\/\/www.colossalstore.es\/en\/tienda\/juegos-de-mesa\/exit-regreso-a-la-cabana-abandonada\/","title":{"rendered":"EXIT: REGRESO A LA CABA\u00d1A ABANDONADA"},"content":{"rendered":"<p>Hace mucho tiempo os encerraron en una caba\u00f1a abandonada en medio del bosque, y aunque lograsteis salir de ella, vuestro \u0093anfitri\u00f3n\u0094, el Dr. Arthur Funbeq, logr\u00f3 huir de la c\u00e1rcel tras ser detenido. La polic\u00eda intent\u00f3 sin \u00e9xito dar con \u00e9l, y el caso se hab\u00eda ido enfriando\u0085 hasta ahora. Un agente os viene a ver y os pide que le acompa\u00f1\u00e9is a visitar una caba\u00f1a que han descubierto y que podr\u00eda ponerles de nuevo tras la pista de este maestro de los acertijos. \u00a1La aventura empieza de nuevo! Exit: Regreso a la caba\u00f1a abandonada es un juego de escape cooperativo dise\u00f1ado por Inka y Markus Brand, que se puede disfrutar en solitario o en un grupo de hasta 4 personas, a partir 12 a\u00f1os, en partidas que pueden durar entre 45 y 90 minutos. A trav\u00e9s de 85 cartas, un cuaderno, un disco descodificador y algunos artefactos especiales, los jugadores podr\u00e1n explorar e interactuar con todos los elementos que vayan observando para tratar de resolver el misterio planteado. La saga de juegos Exit nos trae en cada caja todo lo necesario para vivir la emoci\u00f3n de las mejores Escape room o salas de escape desde el sal\u00f3n de casa. Cada t\u00edtulo tiene una tem\u00e1tica y una historia completamente diferente en la que los jugadores son los protagonistas. Una aventura perfecta para pasar una divertida tarde en solitario, en familia o entre amigos que pondr\u00e1 a prueba la capacidad de observaci\u00f3n, el ingenio y la creatividad de todos los participantes. El formato compacto y port\u00e1til de la caja convierten este juego en un compa\u00f1ero ideal para cualquier viaje. Otra caracter\u00edstica que hace pr\u00e1cticamente \u00fanicos a los juegos de la saga Exit es que solo se pueden jugar una vez, ya que posiblemente tengas que tachar, doblar o rasgar componentes. De esta manera se pueden crear unos acertijos m\u00e1s variados. Con una dificultad de nivel avanzado, Exit: Regreso a la Caba\u00f1a Abandonada es un t\u00edtulo ideal para aquellos que ya tengan experiencia en juegos cooperativos del tipo escape room. Prestar atenci\u00f3n a los detalles, la buena comunicaci\u00f3n entre los miembros del equipo y afilar la capacidad de deducci\u00f3n ser\u00e1n las claves que os permitir\u00e1n tener \u00e9xito en esta aventura. \u00bfResolver\u00e9is los enigmas para descubrir todos los secretos que oculta la caba\u00f1a?<\/p>","protected":false},"excerpt":{"rendered":"<p>Hace mucho tiempo os encerraron en una caba\u00f1a abandonada en medio del bosque, y aunque lograsteis salir de ella, vuestro \u0093anfitri\u00f3n\u0094, el Dr. Arthur Funbeq, logr\u00f3 huir de la c\u00e1rcel tras ser detenido. La polic\u00eda intent\u00f3 sin \u00e9xito dar con \u00e9l, y el caso se hab\u00eda ido enfriando\u0085 hasta ahora. Un agente os viene a [&hellip;]<\/p>","protected":false},"featured_media":11062,"comment_status":"open","ping_status":"closed","template":"","meta":{"_joinchat":[]},"product_brand":[],"product_cat":[26],"product_tag":[],"class_list":{"0":"post-11061","1":"product","2":"type-product","3":"status-publish","4":"has-post-thumbnail","6":"product_cat-juegos-de-mesa","8":"first","9":"instock","10":"taxable","11":"shipping-taxable","12":"purchasable","13":"product-type-simple"},"yoast_head":"<!-- This site is optimized with the Yoast SEO plugin v25.7 - https:\/\/yoast.com\/wordpress\/plugins\/seo\/ -->\n<title>EXIT: REGRESO A LA CABA\u00d1A ABANDONADA | Colossal Store<\/title>\n<meta name=\"robots\" content=\"index, follow, max-snippet:-1, max-image-preview:large, max-video-preview:-1\" \/>\n<link rel=\"canonical\" href=\"https:\/\/www.colossalstore.es\/en\/tienda\/juegos-de-mesa\/exit-regreso-a-la-cabana-abandonada\/\" \/>\n<meta property=\"og:locale\" content=\"en_US\" \/>\n<meta property=\"og:type\" content=\"article\" \/>\n<meta property=\"og:title\" content=\"EXIT: REGRESO A LA CABA\u00d1A ABANDONADA | Colossal Store\" \/>\n<meta property=\"og:description\" content=\"Hace mucho tiempo os encerraron en una caba\u00f1a abandonada en medio del bosque, y aunque lograsteis salir de ella, vuestro \u0093anfitri\u00f3n\u0094, el Dr. Arthur Funbeq, logr\u00f3 huir de la c\u00e1rcel tras ser detenido. La polic\u00eda intent\u00f3 sin \u00e9xito dar con \u00e9l, y el caso se hab\u00eda ido enfriando\u0085 hasta ahora. Un agente os viene a [&hellip;]\" \/>\n<meta property=\"og:url\" content=\"https:\/\/www.colossalstore.es\/en\/tienda\/juegos-de-mesa\/exit-regreso-a-la-cabana-abandonada\/\" \/>\n<meta property=\"og:site_name\" content=\"Colossal Store\" \/>\n<meta property=\"og:image\" content=\"https:\/\/www.colossalstore.es\/wp-content\/uploads\/2025\/07\/71mk03KBteL.jpg\" \/>\n\t<meta property=\"og:image:width\" content=\"1600\" \/>\n\t<meta property=\"og:image:height\" content=\"1600\" \/>\n\t<meta property=\"og:image:type\" content=\"image\/jpeg\" \/>\n<meta name=\"twitter:card\" content=\"summary_large_image\" \/>\n<meta name=\"twitter:site\" content=\"@Colossal_Store\" \/>\n<meta name=\"twitter:label1\" content=\"Est. reading time\" \/>\n\t<meta name=\"twitter:data1\" content=\"2 minutes\" \/>\n<script type=\"application\/ld+json\" class=\"yoast-schema-graph\">{\"@context\":\"https:\/\/schema.org\",\"@graph\":[{\"@type\":\"WebPage\",\"@id\":\"https:\/\/www.colossalstore.es\/tienda\/juegos-de-mesa\/exit-regreso-a-la-cabana-abandonada\/\",\"url\":\"https:\/\/www.colossalstore.es\/tienda\/juegos-de-mesa\/exit-regreso-a-la-cabana-abandonada\/\",\"name\":\"EXIT: REGRESO A LA CABA\u00d1A ABANDONADA | Colossal Store\",\"isPartOf\":{\"@id\":\"https:\/\/www.colossalstore.es\/#website\"},\"primaryImageOfPage\":{\"@id\":\"https:\/\/www.colossalstore.es\/tienda\/juegos-de-mesa\/exit-regreso-a-la-cabana-abandonada\/#primaryimage\"},\"image\":{\"@id\":\"https:\/\/www.colossalstore.es\/tienda\/juegos-de-mesa\/exit-regreso-a-la-cabana-abandonada\/#primaryimage\"},\"thumbnailUrl\":\"https:\/\/www.colossalstore.es\/wp-content\/uploads\/2025\/07\/71mk03KBteL.jpg\",\"datePublished\":\"2025-07-23T10:28:47+00:00\",\"breadcrumb\":{\"@id\":\"https:\/\/www.colossalstore.es\/tienda\/juegos-de-mesa\/exit-regreso-a-la-cabana-abandonada\/#breadcrumb\"},\"inLanguage\":\"en-US\",\"potentialAction\":[{\"@type\":\"ReadAction\",\"target\":[\"https:\/\/www.colossalstore.es\/tienda\/juegos-de-mesa\/exit-regreso-a-la-cabana-abandonada\/\"]}]},{\"@type\":\"ImageObject\",\"inLanguage\":\"en-US\",\"@id\":\"https:\/\/www.colossalstore.es\/tienda\/juegos-de-mesa\/exit-regreso-a-la-cabana-abandonada\/#primaryimage\",\"url\":\"https:\/\/www.colossalstore.es\/wp-content\/uploads\/2025\/07\/71mk03KBteL.jpg\",\"contentUrl\":\"https:\/\/www.colossalstore.es\/wp-content\/uploads\/2025\/07\/71mk03KBteL.jpg\",\"width\":1600,\"height\":1600},{\"@type\":\"BreadcrumbList\",\"@id\":\"https:\/\/www.colossalstore.es\/tienda\/juegos-de-mesa\/exit-regreso-a-la-cabana-abandonada\/#breadcrumb\",\"itemListElement\":[{\"@type\":\"ListItem\",\"position\":1,\"name\":\"Home\",\"item\":\"https:\/\/www.colossalstore.es\/\"},{\"@type\":\"ListItem\",\"position\":2,\"name\":\"Tienda\",\"item\":\"https:\/\/www.colossalstore.es\/tienda\/\"},{\"@type\":\"ListItem\",\"position\":3,\"name\":\"EXIT: REGRESO A LA CABA\u00d1A ABANDONADA\"}]},{\"@type\":\"WebSite\",\"@id\":\"https:\/\/www.colossalstore.es\/#website\",\"url\":\"https:\/\/www.colossalstore.es\/\",\"name\":\"Colossal Store\",\"description\":\"Colossal Store, tienda especializada en TCGs.\",\"publisher\":{\"@id\":\"https:\/\/www.colossalstore.es\/#organization\"},\"alternateName\":\"Colossal Store\",\"potentialAction\":[{\"@type\":\"SearchAction\",\"target\":{\"@type\":\"EntryPoint\",\"urlTemplate\":\"https:\/\/www.colossalstore.es\/?s={search_term_string}\"},\"query-input\":{\"@type\":\"PropertyValueSpecification\",\"valueRequired\":true,\"valueName\":\"search_term_string\"}}],\"inLanguage\":\"en-US\"},{\"@type\":\"Organization\",\"@id\":\"https:\/\/www.colossalstore.es\/#organization\",\"name\":\"Colossal Store\",\"url\":\"https:\/\/www.colossalstore.es\/\",\"logo\":{\"@type\":\"ImageObject\",\"inLanguage\":\"en-US\",\"@id\":\"https:\/\/www.colossalstore.es\/#\/schema\/logo\/image\/\",\"url\":\"https:\/\/www.colossalstore.es\/wp-content\/uploads\/2023\/05\/Colossal_Logo-02.png\",\"contentUrl\":\"https:\/\/www.colossalstore.es\/wp-content\/uploads\/2023\/05\/Colossal_Logo-02.png\",\"width\":1181,\"height\":1181,\"caption\":\"Colossal Store\"},\"image\":{\"@id\":\"https:\/\/www.colossalstore.es\/#\/schema\/logo\/image\/\"},\"sameAs\":[\"https:\/\/x.com\/Colossal_Store\",\"https:\/\/www.instagram.com\/colossal_store_tcg\/\",\"https:\/\/www.tiktok.com\/@colossalstore\"]}]}<\/script>\n<!-- \/ Yoast SEO plugin. -->","yoast_head_json":{"title":"EXIT: REGRESO A LA CABA\u00d1A ABANDONADA | Colossal Store","robots":{"index":"index","follow":"follow","max-snippet":"max-snippet:-1","max-image-preview":"max-image-preview:large","max-video-preview":"max-video-preview:-1"},"canonical":"https:\/\/www.colossalstore.es\/en\/tienda\/juegos-de-mesa\/exit-regreso-a-la-cabana-abandonada\/","og_locale":"en_US","og_type":"article","og_title":"EXIT: REGRESO A LA CABA\u00d1A ABANDONADA | Colossal Store","og_description":"Hace mucho tiempo os encerraron en una caba\u00f1a abandonada en medio del bosque, y aunque lograsteis salir de ella, vuestro \u0093anfitri\u00f3n\u0094, el Dr. Arthur Funbeq, logr\u00f3 huir de la c\u00e1rcel tras ser detenido. La polic\u00eda intent\u00f3 sin \u00e9xito dar con \u00e9l, y el caso se hab\u00eda ido enfriando\u0085 hasta ahora. Un agente os viene a [&hellip;]","og_url":"https:\/\/www.colossalstore.es\/en\/tienda\/juegos-de-mesa\/exit-regreso-a-la-cabana-abandonada\/","og_site_name":"Colossal Store","og_image":[{"width":1600,"height":1600,"url":"https:\/\/www.colossalstore.es\/wp-content\/uploads\/2025\/07\/71mk03KBteL.jpg","type":"image\/jpeg"}],"twitter_card":"summary_large_image","twitter_site":"@Colossal_Store","twitter_misc":{"Est. reading time":"2 minutes"},"schema":{"@context":"https:\/\/schema.org","@graph":[{"@type":"WebPage","@id":"https:\/\/www.colossalstore.es\/tienda\/juegos-de-mesa\/exit-regreso-a-la-cabana-abandonada\/","url":"https:\/\/www.colossalstore.es\/tienda\/juegos-de-mesa\/exit-regreso-a-la-cabana-abandonada\/","name":"EXIT: REGRESO A LA CABA\u00d1A ABANDONADA | Colossal Store","isPartOf":{"@id":"https:\/\/www.colossalstore.es\/#website"},"primaryImageOfPage":{"@id":"https:\/\/www.colossalstore.es\/tienda\/juegos-de-mesa\/exit-regreso-a-la-cabana-abandonada\/#primaryimage"},"image":{"@id":"https:\/\/www.colossalstore.es\/tienda\/juegos-de-mesa\/exit-regreso-a-la-cabana-abandonada\/#primaryimage"},"thumbnailUrl":"https:\/\/www.colossalstore.es\/wp-content\/uploads\/2025\/07\/71mk03KBteL.jpg","datePublished":"2025-07-23T10:28:47+00:00","breadcrumb":{"@id":"https:\/\/www.colossalstore.es\/tienda\/juegos-de-mesa\/exit-regreso-a-la-cabana-abandonada\/#breadcrumb"},"inLanguage":"en-US","potentialAction":[{"@type":"ReadAction","target":["https:\/\/www.colossalstore.es\/tienda\/juegos-de-mesa\/exit-regreso-a-la-cabana-abandonada\/"]}]},{"@type":"ImageObject","inLanguage":"en-US","@id":"https:\/\/www.colossalstore.es\/tienda\/juegos-de-mesa\/exit-regreso-a-la-cabana-abandonada\/#primaryimage","url":"https:\/\/www.colossalstore.es\/wp-content\/uploads\/2025\/07\/71mk03KBteL.jpg","contentUrl":"https:\/\/www.colossalstore.es\/wp-content\/uploads\/2025\/07\/71mk03KBteL.jpg","width":1600,"height":1600},{"@type":"BreadcrumbList","@id":"https:\/\/www.colossalstore.es\/tienda\/juegos-de-mesa\/exit-regreso-a-la-cabana-abandonada\/#breadcrumb","itemListElement":[{"@type":"ListItem","position":1,"name":"Home","item":"https:\/\/www.colossalstore.es\/"},{"@type":"ListItem","position":2,"name":"Tienda","item":"https:\/\/www.colossalstore.es\/tienda\/"},{"@type":"ListItem","position":3,"name":"EXIT: REGRESO A LA CABA\u00d1A ABANDONADA"}]},{"@type":"WebSite","@id":"https:\/\/www.colossalstore.es\/#website","url":"https:\/\/www.colossalstore.es\/","name":"Colossal Store","description":"Colossal Store, store specialized in TCGs.","publisher":{"@id":"https:\/\/www.colossalstore.es\/#organization"},"alternateName":"Colossal Store","potentialAction":[{"@type":"SearchAction","target":{"@type":"EntryPoint","urlTemplate":"https:\/\/www.colossalstore.es\/?s={search_term_string}"},"query-input":{"@type":"PropertyValueSpecification","valueRequired":true,"valueName":"search_term_string"}}],"inLanguage":"en-US"},{"@type":"Organization","@id":"https:\/\/www.colossalstore.es\/#organization","name":"Colossal Store","url":"https:\/\/www.colossalstore.es\/","logo":{"@type":"ImageObject","inLanguage":"en-US","@id":"https:\/\/www.colossalstore.es\/#\/schema\/logo\/image\/","url":"https:\/\/www.colossalstore.es\/wp-content\/uploads\/2023\/05\/Colossal_Logo-02.png","contentUrl":"https:\/\/www.colossalstore.es\/wp-content\/uploads\/2023\/05\/Colossal_Logo-02.png","width":1181,"height":1181,"caption":"Colossal Store"},"image":{"@id":"https:\/\/www.colossalstore.es\/#\/schema\/logo\/image\/"},"sameAs":["https:\/\/x.com\/Colossal_Store","https:\/\/www.instagram.com\/colossal_store_tcg\/","https:\/\/www.tiktok.com\/@colossalstore"]}]}},"_links":{"self":[{"href":"https:\/\/www.colossalstore.es\/en\/wp-json\/wp\/v2\/product\/11061","targetHints":{"allow":["GET"]}}],"collection":[{"href":"https:\/\/www.colossalstore.es\/en\/wp-json\/wp\/v2\/product"}],"about":[{"href":"https:\/\/www.colossalstore.es\/en\/wp-json\/wp\/v2\/types\/product"}],"replies":[{"embeddable":true,"href":"https:\/\/www.colossalstore.es\/en\/wp-json\/wp\/v2\/comments?post=11061"}],"wp:featuredmedia":[{"embeddable":true,"href":"https:\/\/www.colossalstore.es\/en\/wp-json\/wp\/v2\/media\/11062"}],"wp:attachment":[{"href":"https:\/\/www.colossalstore.es\/en\/wp-json\/wp\/v2\/media?parent=11061"}],"wp:term":[{"taxonomy":"product_brand","embeddable":true,"href":"https:\/\/www.colossalstore.es\/en\/wp-json\/wp\/v2\/product_brand?post=11061"},{"taxonomy":"product_cat","embeddable":true,"href":"https:\/\/www.colossalstore.es\/en\/wp-json\/wp\/v2\/product_cat?post=11061"},{"taxonomy":"product_tag","embeddable":true,"href":"https:\/\/www.colossalstore.es\/en\/wp-json\/wp\/v2\/product_tag?post=11061"}],"curies":[{"name":"wp","href":"https:\/\/api.w.org\/{rel}","templated":true}]}}