{"id":11036,"date":"2025-07-23T12:11:11","date_gmt":"2025-07-23T10:11:11","guid":{"rendered":"https:\/\/www.colossalstore.es\/?post_type=product&#038;p=11036"},"modified":"2025-07-23T12:11:12","modified_gmt":"2025-07-23T10:11:12","slug":"all-aboard-devir-pocket","status":"publish","type":"product","link":"https:\/\/www.colossalstore.es\/en\/tienda\/juegos-de-mesa\/all-aboard-devir-pocket\/","title":{"rendered":"ALL ABOARD! DEVIR POCKET"},"content":{"rendered":"<p>\u0093\u00a1Nos hundimos!\u0094 grita el elefante: \u0093\u00a1Ese rat\u00f3n pesa demasiado!\u0094 \u0093\u00a1No te preocupes!\u0094 susurra el le\u00f3n: \u00abSi me como la jirafa, podemos perder un poco de peso\u00bb.<\/p>\n<p>En All Aboard! deber\u00e1s llevar a tu grupo de animales a un lugar seguro en las diferentes embarcaciones, pero ten cuidado de no exceder su capacidad, o de lo contrario se hundir\u00e1n. Dise\u00f1ado por Paco Y\u00e1nez e ilustrado por Monsuros, este divertido juego de cartas se puede jugar en pareja o en grupos de hasta 5 jugadores, a partir de 7 a\u00f1os, en partidas de unos 20 minutos de duraci\u00f3n.<\/p>\n<p>Antes de comenzar, cada jugador recibe 12 cartas con los 12 animales diferentes del juego (rat\u00f3n, pavo real, zorro, pulpo, mono, perezoso, alce, cebra, jirafa, le\u00f3n, oso y elefante). La partida se desarrolla en 4 rondas y cada una consta de dos fases: subir a los barcos y zarpar. En la fase de abordaje, los jugadores colocar\u00e1n uno de los animales boca arriba en cualquiera de los barcos, teniendo en cuenta que no puede haber m\u00e1s de 3 animales en cada uno. En el segundo turno, colocar\u00e1n un nuevo animal en cualquiera de los barcos disponibles, pero esta vez boca abajo; finalmente, en el tercer turno un tercer animal abordar\u00e1 los barcos disponibles, nuevamente boca arriba.<\/p>\n<p>Al comienzo de la fase de zarpar, se revelan todas las cartas de animales que se han jugado boca abajo y luego se comprueba si hay dos o m\u00e1s animales de la misma especie. Si son 2, ambos se enamoran (y los jugadores recibir\u00e1n puntos por ello). Si son 3, se pelean y el barco se hunde. A continuaci\u00f3n, los animales activan sus efectos y finalmente se comprueba la suma del peso de los animales a bordo del barco. Si el peso de los animales es igual o inferior al peso que puede soportar el barco, los animales consiguen zarpar y puntuar\u00e1n al final de la partida. Cada jugador toma sus animales y los coloca en una pila de animales guardados en su \u00e1rea de juego. Si por el contrario el barco se hunde, los animales son descartados.<\/p>\n<p>Saber cu\u00e1ndo jugar cada animal es una de las claves del juego. Sin embargo, dependiendo de c\u00f3mo jueguen las cartas tus rivales, pueden surgir situaciones imprevistas en los barcos. Cada animal tiene su propio poder, que puede desatar el caos o equilibrar la balanza. \u00bfPodr\u00e1s salvar tantos animales como sea posible?<\/p>","protected":false},"excerpt":{"rendered":"<p>\u0093\u00a1Nos hundimos!\u0094 grita el elefante: \u0093\u00a1Ese rat\u00f3n pesa demasiado!\u0094 \u0093\u00a1No te preocupes!\u0094 susurra el le\u00f3n: \u00abSi me como la jirafa, podemos perder un poco de peso\u00bb. En All Aboard! deber\u00e1s llevar a tu grupo de animales a un lugar seguro en las diferentes embarcaciones, pero ten cuidado de no exceder su capacidad, o de lo [&hellip;]<\/p>","protected":false},"featured_media":11038,"comment_status":"open","ping_status":"closed","template":"","meta":{"_joinchat":[]},"product_brand":[],"product_cat":[26],"product_tag":[],"class_list":{"0":"post-11036","1":"product","2":"type-product","3":"status-publish","4":"has-post-thumbnail","6":"product_cat-juegos-de-mesa","8":"first","9":"instock","10":"taxable","11":"shipping-taxable","12":"purchasable","13":"product-type-simple"},"yoast_head":"<!-- This site is optimized with the Yoast SEO plugin v25.7 - https:\/\/yoast.com\/wordpress\/plugins\/seo\/ -->\n<title>ALL ABOARD! DEVIR POCKET | Colossal Store<\/title>\n<meta name=\"robots\" content=\"index, follow, max-snippet:-1, max-image-preview:large, max-video-preview:-1\" \/>\n<link rel=\"canonical\" href=\"https:\/\/www.colossalstore.es\/en\/tienda\/juegos-de-mesa\/all-aboard-devir-pocket\/\" \/>\n<meta property=\"og:locale\" content=\"en_US\" \/>\n<meta property=\"og:type\" content=\"article\" \/>\n<meta property=\"og:title\" content=\"ALL ABOARD! DEVIR POCKET | Colossal Store\" \/>\n<meta property=\"og:description\" content=\"\u0093\u00a1Nos hundimos!\u0094 grita el elefante: \u0093\u00a1Ese rat\u00f3n pesa demasiado!\u0094 \u0093\u00a1No te preocupes!\u0094 susurra el le\u00f3n: \u00abSi me como la jirafa, podemos perder un poco de peso\u00bb. En All Aboard! deber\u00e1s llevar a tu grupo de animales a un lugar seguro en las diferentes embarcaciones, pero ten cuidado de no exceder su capacidad, o de lo [&hellip;]\" \/>\n<meta property=\"og:url\" content=\"https:\/\/www.colossalstore.es\/en\/tienda\/juegos-de-mesa\/all-aboard-devir-pocket\/\" \/>\n<meta property=\"og:site_name\" content=\"Colossal Store\" \/>\n<meta property=\"article:modified_time\" content=\"2025-07-23T10:11:12+00:00\" \/>\n<meta property=\"og:image\" content=\"https:\/\/www.colossalstore.es\/wp-content\/uploads\/2025\/07\/www-001097631239288-01.jpg\" \/>\n\t<meta property=\"og:image:width\" content=\"1200\" \/>\n\t<meta property=\"og:image:height\" content=\"1200\" \/>\n\t<meta property=\"og:image:type\" content=\"image\/jpeg\" \/>\n<meta name=\"twitter:card\" content=\"summary_large_image\" \/>\n<meta name=\"twitter:site\" content=\"@Colossal_Store\" \/>\n<meta name=\"twitter:label1\" content=\"Est. reading time\" \/>\n\t<meta name=\"twitter:data1\" content=\"3 minutes\" \/>\n<script type=\"application\/ld+json\" class=\"yoast-schema-graph\">{\"@context\":\"https:\/\/schema.org\",\"@graph\":[{\"@type\":\"WebPage\",\"@id\":\"https:\/\/www.colossalstore.es\/tienda\/juegos-de-mesa\/all-aboard-devir-pocket\/\",\"url\":\"https:\/\/www.colossalstore.es\/tienda\/juegos-de-mesa\/all-aboard-devir-pocket\/\",\"name\":\"ALL ABOARD! DEVIR POCKET | Colossal Store\",\"isPartOf\":{\"@id\":\"https:\/\/www.colossalstore.es\/#website\"},\"primaryImageOfPage\":{\"@id\":\"https:\/\/www.colossalstore.es\/tienda\/juegos-de-mesa\/all-aboard-devir-pocket\/#primaryimage\"},\"image\":{\"@id\":\"https:\/\/www.colossalstore.es\/tienda\/juegos-de-mesa\/all-aboard-devir-pocket\/#primaryimage\"},\"thumbnailUrl\":\"https:\/\/www.colossalstore.es\/wp-content\/uploads\/2025\/07\/www-001097631239288-01.jpg\",\"datePublished\":\"2025-07-23T10:11:11+00:00\",\"dateModified\":\"2025-07-23T10:11:12+00:00\",\"breadcrumb\":{\"@id\":\"https:\/\/www.colossalstore.es\/tienda\/juegos-de-mesa\/all-aboard-devir-pocket\/#breadcrumb\"},\"inLanguage\":\"en-US\",\"potentialAction\":[{\"@type\":\"ReadAction\",\"target\":[\"https:\/\/www.colossalstore.es\/tienda\/juegos-de-mesa\/all-aboard-devir-pocket\/\"]}]},{\"@type\":\"ImageObject\",\"inLanguage\":\"en-US\",\"@id\":\"https:\/\/www.colossalstore.es\/tienda\/juegos-de-mesa\/all-aboard-devir-pocket\/#primaryimage\",\"url\":\"https:\/\/www.colossalstore.es\/wp-content\/uploads\/2025\/07\/www-001097631239288-01.jpg\",\"contentUrl\":\"https:\/\/www.colossalstore.es\/wp-content\/uploads\/2025\/07\/www-001097631239288-01.jpg\",\"width\":1200,\"height\":1200},{\"@type\":\"BreadcrumbList\",\"@id\":\"https:\/\/www.colossalstore.es\/tienda\/juegos-de-mesa\/all-aboard-devir-pocket\/#breadcrumb\",\"itemListElement\":[{\"@type\":\"ListItem\",\"position\":1,\"name\":\"Home\",\"item\":\"https:\/\/www.colossalstore.es\/\"},{\"@type\":\"ListItem\",\"position\":2,\"name\":\"Tienda\",\"item\":\"https:\/\/www.colossalstore.es\/tienda\/\"},{\"@type\":\"ListItem\",\"position\":3,\"name\":\"ALL ABOARD! DEVIR POCKET\"}]},{\"@type\":\"WebSite\",\"@id\":\"https:\/\/www.colossalstore.es\/#website\",\"url\":\"https:\/\/www.colossalstore.es\/\",\"name\":\"Colossal Store\",\"description\":\"Colossal Store, tienda especializada en TCGs.\",\"publisher\":{\"@id\":\"https:\/\/www.colossalstore.es\/#organization\"},\"alternateName\":\"Colossal Store\",\"potentialAction\":[{\"@type\":\"SearchAction\",\"target\":{\"@type\":\"EntryPoint\",\"urlTemplate\":\"https:\/\/www.colossalstore.es\/?s={search_term_string}\"},\"query-input\":{\"@type\":\"PropertyValueSpecification\",\"valueRequired\":true,\"valueName\":\"search_term_string\"}}],\"inLanguage\":\"en-US\"},{\"@type\":\"Organization\",\"@id\":\"https:\/\/www.colossalstore.es\/#organization\",\"name\":\"Colossal Store\",\"url\":\"https:\/\/www.colossalstore.es\/\",\"logo\":{\"@type\":\"ImageObject\",\"inLanguage\":\"en-US\",\"@id\":\"https:\/\/www.colossalstore.es\/#\/schema\/logo\/image\/\",\"url\":\"https:\/\/www.colossalstore.es\/wp-content\/uploads\/2023\/05\/Colossal_Logo-02.png\",\"contentUrl\":\"https:\/\/www.colossalstore.es\/wp-content\/uploads\/2023\/05\/Colossal_Logo-02.png\",\"width\":1181,\"height\":1181,\"caption\":\"Colossal Store\"},\"image\":{\"@id\":\"https:\/\/www.colossalstore.es\/#\/schema\/logo\/image\/\"},\"sameAs\":[\"https:\/\/x.com\/Colossal_Store\",\"https:\/\/www.instagram.com\/colossal_store_tcg\/\",\"https:\/\/www.tiktok.com\/@colossalstore\"]}]}<\/script>\n<!-- \/ Yoast SEO plugin. -->","yoast_head_json":{"title":"ALL ABOARD! DEVIR POCKET | Colossal Store","robots":{"index":"index","follow":"follow","max-snippet":"max-snippet:-1","max-image-preview":"max-image-preview:large","max-video-preview":"max-video-preview:-1"},"canonical":"https:\/\/www.colossalstore.es\/en\/tienda\/juegos-de-mesa\/all-aboard-devir-pocket\/","og_locale":"en_US","og_type":"article","og_title":"ALL ABOARD! DEVIR POCKET | Colossal Store","og_description":"\u0093\u00a1Nos hundimos!\u0094 grita el elefante: \u0093\u00a1Ese rat\u00f3n pesa demasiado!\u0094 \u0093\u00a1No te preocupes!\u0094 susurra el le\u00f3n: \u00abSi me como la jirafa, podemos perder un poco de peso\u00bb. En All Aboard! deber\u00e1s llevar a tu grupo de animales a un lugar seguro en las diferentes embarcaciones, pero ten cuidado de no exceder su capacidad, o de lo [&hellip;]","og_url":"https:\/\/www.colossalstore.es\/en\/tienda\/juegos-de-mesa\/all-aboard-devir-pocket\/","og_site_name":"Colossal Store","article_modified_time":"2025-07-23T10:11:12+00:00","og_image":[{"width":1200,"height":1200,"url":"https:\/\/www.colossalstore.es\/wp-content\/uploads\/2025\/07\/www-001097631239288-01.jpg","type":"image\/jpeg"}],"twitter_card":"summary_large_image","twitter_site":"@Colossal_Store","twitter_misc":{"Est. reading time":"3 minutes"},"schema":{"@context":"https:\/\/schema.org","@graph":[{"@type":"WebPage","@id":"https:\/\/www.colossalstore.es\/tienda\/juegos-de-mesa\/all-aboard-devir-pocket\/","url":"https:\/\/www.colossalstore.es\/tienda\/juegos-de-mesa\/all-aboard-devir-pocket\/","name":"ALL ABOARD! DEVIR POCKET | Colossal Store","isPartOf":{"@id":"https:\/\/www.colossalstore.es\/#website"},"primaryImageOfPage":{"@id":"https:\/\/www.colossalstore.es\/tienda\/juegos-de-mesa\/all-aboard-devir-pocket\/#primaryimage"},"image":{"@id":"https:\/\/www.colossalstore.es\/tienda\/juegos-de-mesa\/all-aboard-devir-pocket\/#primaryimage"},"thumbnailUrl":"https:\/\/www.colossalstore.es\/wp-content\/uploads\/2025\/07\/www-001097631239288-01.jpg","datePublished":"2025-07-23T10:11:11+00:00","dateModified":"2025-07-23T10:11:12+00:00","breadcrumb":{"@id":"https:\/\/www.colossalstore.es\/tienda\/juegos-de-mesa\/all-aboard-devir-pocket\/#breadcrumb"},"inLanguage":"en-US","potentialAction":[{"@type":"ReadAction","target":["https:\/\/www.colossalstore.es\/tienda\/juegos-de-mesa\/all-aboard-devir-pocket\/"]}]},{"@type":"ImageObject","inLanguage":"en-US","@id":"https:\/\/www.colossalstore.es\/tienda\/juegos-de-mesa\/all-aboard-devir-pocket\/#primaryimage","url":"https:\/\/www.colossalstore.es\/wp-content\/uploads\/2025\/07\/www-001097631239288-01.jpg","contentUrl":"https:\/\/www.colossalstore.es\/wp-content\/uploads\/2025\/07\/www-001097631239288-01.jpg","width":1200,"height":1200},{"@type":"BreadcrumbList","@id":"https:\/\/www.colossalstore.es\/tienda\/juegos-de-mesa\/all-aboard-devir-pocket\/#breadcrumb","itemListElement":[{"@type":"ListItem","position":1,"name":"Home","item":"https:\/\/www.colossalstore.es\/"},{"@type":"ListItem","position":2,"name":"Tienda","item":"https:\/\/www.colossalstore.es\/tienda\/"},{"@type":"ListItem","position":3,"name":"ALL ABOARD! DEVIR POCKET"}]},{"@type":"WebSite","@id":"https:\/\/www.colossalstore.es\/#website","url":"https:\/\/www.colossalstore.es\/","name":"Colossal Store","description":"Colossal Store, store specialized in TCGs.","publisher":{"@id":"https:\/\/www.colossalstore.es\/#organization"},"alternateName":"Colossal Store","potentialAction":[{"@type":"SearchAction","target":{"@type":"EntryPoint","urlTemplate":"https:\/\/www.colossalstore.es\/?s={search_term_string}"},"query-input":{"@type":"PropertyValueSpecification","valueRequired":true,"valueName":"search_term_string"}}],"inLanguage":"en-US"},{"@type":"Organization","@id":"https:\/\/www.colossalstore.es\/#organization","name":"Colossal Store","url":"https:\/\/www.colossalstore.es\/","logo":{"@type":"ImageObject","inLanguage":"en-US","@id":"https:\/\/www.colossalstore.es\/#\/schema\/logo\/image\/","url":"https:\/\/www.colossalstore.es\/wp-content\/uploads\/2023\/05\/Colossal_Logo-02.png","contentUrl":"https:\/\/www.colossalstore.es\/wp-content\/uploads\/2023\/05\/Colossal_Logo-02.png","width":1181,"height":1181,"caption":"Colossal Store"},"image":{"@id":"https:\/\/www.colossalstore.es\/#\/schema\/logo\/image\/"},"sameAs":["https:\/\/x.com\/Colossal_Store","https:\/\/www.instagram.com\/colossal_store_tcg\/","https:\/\/www.tiktok.com\/@colossalstore"]}]}},"_links":{"self":[{"href":"https:\/\/www.colossalstore.es\/en\/wp-json\/wp\/v2\/product\/11036","targetHints":{"allow":["GET"]}}],"collection":[{"href":"https:\/\/www.colossalstore.es\/en\/wp-json\/wp\/v2\/product"}],"about":[{"href":"https:\/\/www.colossalstore.es\/en\/wp-json\/wp\/v2\/types\/product"}],"replies":[{"embeddable":true,"href":"https:\/\/www.colossalstore.es\/en\/wp-json\/wp\/v2\/comments?post=11036"}],"wp:featuredmedia":[{"embeddable":true,"href":"https:\/\/www.colossalstore.es\/en\/wp-json\/wp\/v2\/media\/11038"}],"wp:attachment":[{"href":"https:\/\/www.colossalstore.es\/en\/wp-json\/wp\/v2\/media?parent=11036"}],"wp:term":[{"taxonomy":"product_brand","embeddable":true,"href":"https:\/\/www.colossalstore.es\/en\/wp-json\/wp\/v2\/product_brand?post=11036"},{"taxonomy":"product_cat","embeddable":true,"href":"https:\/\/www.colossalstore.es\/en\/wp-json\/wp\/v2\/product_cat?post=11036"},{"taxonomy":"product_tag","embeddable":true,"href":"https:\/\/www.colossalstore.es\/en\/wp-json\/wp\/v2\/product_tag?post=11036"}],"curies":[{"name":"wp","href":"https:\/\/api.w.org\/{rel}","templated":true}]}}