{"id":11005,"date":"2025-07-23T11:36:21","date_gmt":"2025-07-23T09:36:21","guid":{"rendered":"https:\/\/www.colossalstore.es\/?post_type=product&#038;p=11005"},"modified":"2025-07-23T11:36:21","modified_gmt":"2025-07-23T09:36:21","slug":"los-hombres-lobo-de-castronegro-2","status":"publish","type":"product","link":"https:\/\/www.colossalstore.es\/en\/tienda\/juegos-de-mesa\/los-hombres-lobo-de-castronegro-2\/","title":{"rendered":"LOS HOMBRES LOBO DE CASTRONEGRO"},"content":{"rendered":"<p>En lo m\u00e1s profundo del bosque, la peque\u00f1a aldea de Castronegro es desde hace alg\u00fan tiempo presa del ataque de los hombres lobo. En este juego de mesa los aldeanos deben superar su miedo para poder erradicar esta plaga venida de la noche de los tiempos, antes de que la aldea pierda sus \u00faltimos habitantes&#8230;<\/p>","protected":false},"excerpt":{"rendered":"<p>En lo m\u00e1s profundo del bosque, la peque\u00f1a aldea de Castronegro es desde hace alg\u00fan tiempo presa del ataque de los hombres lobo. En este juego de mesa los aldeanos deben superar su miedo para poder erradicar esta plaga venida de la noche de los tiempos, antes de que la aldea pierda sus \u00faltimos habitantes&#8230;<\/p>","protected":false},"featured_media":11007,"comment_status":"open","ping_status":"closed","template":"","meta":{"_joinchat":[]},"product_brand":[],"product_cat":[26],"product_tag":[],"class_list":{"0":"post-11005","1":"product","2":"type-product","3":"status-publish","4":"has-post-thumbnail","6":"product_cat-juegos-de-mesa","8":"first","9":"instock","10":"taxable","11":"shipping-taxable","12":"purchasable","13":"product-type-simple"},"yoast_head":"<!-- This site is optimized with the Yoast SEO plugin v25.7 - https:\/\/yoast.com\/wordpress\/plugins\/seo\/ -->\n<title>LOS HOMBRES LOBO DE CASTRONEGRO | Colossal Store<\/title>\n<meta name=\"robots\" content=\"index, follow, max-snippet:-1, max-image-preview:large, max-video-preview:-1\" \/>\n<link rel=\"canonical\" href=\"https:\/\/www.colossalstore.es\/en\/tienda\/juegos-de-mesa\/los-hombres-lobo-de-castronegro-2\/\" \/>\n<meta property=\"og:locale\" content=\"en_US\" \/>\n<meta property=\"og:type\" content=\"article\" \/>\n<meta property=\"og:title\" content=\"LOS HOMBRES LOBO DE CASTRONEGRO | Colossal Store\" \/>\n<meta property=\"og:description\" content=\"En lo m\u00e1s profundo del bosque, la peque\u00f1a aldea de Castronegro es desde hace alg\u00fan tiempo presa del ataque de los hombres lobo. En este juego de mesa los aldeanos deben superar su miedo para poder erradicar esta plaga venida de la noche de los tiempos, antes de que la aldea pierda sus \u00faltimos habitantes&#8230;\" \/>\n<meta property=\"og:url\" content=\"https:\/\/www.colossalstore.es\/en\/tienda\/juegos-de-mesa\/los-hombres-lobo-de-castronegro-2\/\" \/>\n<meta property=\"og:site_name\" content=\"Colossal Store\" \/>\n<meta property=\"og:image\" content=\"https:\/\/www.colossalstore.es\/wp-content\/uploads\/2025\/07\/EAN_3558380071969-5.jpg\" \/>\n\t<meta property=\"og:image:width\" content=\"1000\" \/>\n\t<meta property=\"og:image:height\" content=\"1000\" \/>\n\t<meta property=\"og:image:type\" content=\"image\/jpeg\" \/>\n<meta name=\"twitter:card\" content=\"summary_large_image\" \/>\n<meta name=\"twitter:site\" content=\"@Colossal_Store\" \/>\n<meta name=\"twitter:label1\" content=\"Est. reading time\" \/>\n\t<meta name=\"twitter:data1\" content=\"1 minute\" \/>\n<script type=\"application\/ld+json\" class=\"yoast-schema-graph\">{\"@context\":\"https:\/\/schema.org\",\"@graph\":[{\"@type\":\"WebPage\",\"@id\":\"https:\/\/www.colossalstore.es\/tienda\/juegos-de-mesa\/los-hombres-lobo-de-castronegro-2\/\",\"url\":\"https:\/\/www.colossalstore.es\/tienda\/juegos-de-mesa\/los-hombres-lobo-de-castronegro-2\/\",\"name\":\"LOS HOMBRES LOBO DE CASTRONEGRO | Colossal Store\",\"isPartOf\":{\"@id\":\"https:\/\/www.colossalstore.es\/#website\"},\"primaryImageOfPage\":{\"@id\":\"https:\/\/www.colossalstore.es\/tienda\/juegos-de-mesa\/los-hombres-lobo-de-castronegro-2\/#primaryimage\"},\"image\":{\"@id\":\"https:\/\/www.colossalstore.es\/tienda\/juegos-de-mesa\/los-hombres-lobo-de-castronegro-2\/#primaryimage\"},\"thumbnailUrl\":\"https:\/\/www.colossalstore.es\/wp-content\/uploads\/2025\/07\/EAN_3558380071969-5.jpg\",\"datePublished\":\"2025-07-23T09:36:21+00:00\",\"breadcrumb\":{\"@id\":\"https:\/\/www.colossalstore.es\/tienda\/juegos-de-mesa\/los-hombres-lobo-de-castronegro-2\/#breadcrumb\"},\"inLanguage\":\"en-US\",\"potentialAction\":[{\"@type\":\"ReadAction\",\"target\":[\"https:\/\/www.colossalstore.es\/tienda\/juegos-de-mesa\/los-hombres-lobo-de-castronegro-2\/\"]}]},{\"@type\":\"ImageObject\",\"inLanguage\":\"en-US\",\"@id\":\"https:\/\/www.colossalstore.es\/tienda\/juegos-de-mesa\/los-hombres-lobo-de-castronegro-2\/#primaryimage\",\"url\":\"https:\/\/www.colossalstore.es\/wp-content\/uploads\/2025\/07\/EAN_3558380071969-5.jpg\",\"contentUrl\":\"https:\/\/www.colossalstore.es\/wp-content\/uploads\/2025\/07\/EAN_3558380071969-5.jpg\",\"width\":1000,\"height\":1000},{\"@type\":\"BreadcrumbList\",\"@id\":\"https:\/\/www.colossalstore.es\/tienda\/juegos-de-mesa\/los-hombres-lobo-de-castronegro-2\/#breadcrumb\",\"itemListElement\":[{\"@type\":\"ListItem\",\"position\":1,\"name\":\"Home\",\"item\":\"https:\/\/www.colossalstore.es\/\"},{\"@type\":\"ListItem\",\"position\":2,\"name\":\"Tienda\",\"item\":\"https:\/\/www.colossalstore.es\/tienda\/\"},{\"@type\":\"ListItem\",\"position\":3,\"name\":\"LOS HOMBRES LOBO DE CASTRONEGRO\"}]},{\"@type\":\"WebSite\",\"@id\":\"https:\/\/www.colossalstore.es\/#website\",\"url\":\"https:\/\/www.colossalstore.es\/\",\"name\":\"Colossal Store\",\"description\":\"Colossal Store, tienda especializada en TCGs.\",\"publisher\":{\"@id\":\"https:\/\/www.colossalstore.es\/#organization\"},\"alternateName\":\"Colossal Store\",\"potentialAction\":[{\"@type\":\"SearchAction\",\"target\":{\"@type\":\"EntryPoint\",\"urlTemplate\":\"https:\/\/www.colossalstore.es\/?s={search_term_string}\"},\"query-input\":{\"@type\":\"PropertyValueSpecification\",\"valueRequired\":true,\"valueName\":\"search_term_string\"}}],\"inLanguage\":\"en-US\"},{\"@type\":\"Organization\",\"@id\":\"https:\/\/www.colossalstore.es\/#organization\",\"name\":\"Colossal Store\",\"url\":\"https:\/\/www.colossalstore.es\/\",\"logo\":{\"@type\":\"ImageObject\",\"inLanguage\":\"en-US\",\"@id\":\"https:\/\/www.colossalstore.es\/#\/schema\/logo\/image\/\",\"url\":\"https:\/\/www.colossalstore.es\/wp-content\/uploads\/2023\/05\/Colossal_Logo-02.png\",\"contentUrl\":\"https:\/\/www.colossalstore.es\/wp-content\/uploads\/2023\/05\/Colossal_Logo-02.png\",\"width\":1181,\"height\":1181,\"caption\":\"Colossal Store\"},\"image\":{\"@id\":\"https:\/\/www.colossalstore.es\/#\/schema\/logo\/image\/\"},\"sameAs\":[\"https:\/\/x.com\/Colossal_Store\",\"https:\/\/www.instagram.com\/colossal_store_tcg\/\",\"https:\/\/www.tiktok.com\/@colossalstore\"]}]}<\/script>\n<!-- \/ Yoast SEO plugin. -->","yoast_head_json":{"title":"LOS HOMBRES LOBO DE CASTRONEGRO | Colossal Store","robots":{"index":"index","follow":"follow","max-snippet":"max-snippet:-1","max-image-preview":"max-image-preview:large","max-video-preview":"max-video-preview:-1"},"canonical":"https:\/\/www.colossalstore.es\/en\/tienda\/juegos-de-mesa\/los-hombres-lobo-de-castronegro-2\/","og_locale":"en_US","og_type":"article","og_title":"LOS HOMBRES LOBO DE CASTRONEGRO | Colossal Store","og_description":"En lo m\u00e1s profundo del bosque, la peque\u00f1a aldea de Castronegro es desde hace alg\u00fan tiempo presa del ataque de los hombres lobo. En este juego de mesa los aldeanos deben superar su miedo para poder erradicar esta plaga venida de la noche de los tiempos, antes de que la aldea pierda sus \u00faltimos habitantes&#8230;","og_url":"https:\/\/www.colossalstore.es\/en\/tienda\/juegos-de-mesa\/los-hombres-lobo-de-castronegro-2\/","og_site_name":"Colossal Store","og_image":[{"width":1000,"height":1000,"url":"https:\/\/www.colossalstore.es\/wp-content\/uploads\/2025\/07\/EAN_3558380071969-5.jpg","type":"image\/jpeg"}],"twitter_card":"summary_large_image","twitter_site":"@Colossal_Store","twitter_misc":{"Est. reading time":"1 minute"},"schema":{"@context":"https:\/\/schema.org","@graph":[{"@type":"WebPage","@id":"https:\/\/www.colossalstore.es\/tienda\/juegos-de-mesa\/los-hombres-lobo-de-castronegro-2\/","url":"https:\/\/www.colossalstore.es\/tienda\/juegos-de-mesa\/los-hombres-lobo-de-castronegro-2\/","name":"LOS HOMBRES LOBO DE CASTRONEGRO | Colossal Store","isPartOf":{"@id":"https:\/\/www.colossalstore.es\/#website"},"primaryImageOfPage":{"@id":"https:\/\/www.colossalstore.es\/tienda\/juegos-de-mesa\/los-hombres-lobo-de-castronegro-2\/#primaryimage"},"image":{"@id":"https:\/\/www.colossalstore.es\/tienda\/juegos-de-mesa\/los-hombres-lobo-de-castronegro-2\/#primaryimage"},"thumbnailUrl":"https:\/\/www.colossalstore.es\/wp-content\/uploads\/2025\/07\/EAN_3558380071969-5.jpg","datePublished":"2025-07-23T09:36:21+00:00","breadcrumb":{"@id":"https:\/\/www.colossalstore.es\/tienda\/juegos-de-mesa\/los-hombres-lobo-de-castronegro-2\/#breadcrumb"},"inLanguage":"en-US","potentialAction":[{"@type":"ReadAction","target":["https:\/\/www.colossalstore.es\/tienda\/juegos-de-mesa\/los-hombres-lobo-de-castronegro-2\/"]}]},{"@type":"ImageObject","inLanguage":"en-US","@id":"https:\/\/www.colossalstore.es\/tienda\/juegos-de-mesa\/los-hombres-lobo-de-castronegro-2\/#primaryimage","url":"https:\/\/www.colossalstore.es\/wp-content\/uploads\/2025\/07\/EAN_3558380071969-5.jpg","contentUrl":"https:\/\/www.colossalstore.es\/wp-content\/uploads\/2025\/07\/EAN_3558380071969-5.jpg","width":1000,"height":1000},{"@type":"BreadcrumbList","@id":"https:\/\/www.colossalstore.es\/tienda\/juegos-de-mesa\/los-hombres-lobo-de-castronegro-2\/#breadcrumb","itemListElement":[{"@type":"ListItem","position":1,"name":"Home","item":"https:\/\/www.colossalstore.es\/"},{"@type":"ListItem","position":2,"name":"Tienda","item":"https:\/\/www.colossalstore.es\/tienda\/"},{"@type":"ListItem","position":3,"name":"LOS HOMBRES LOBO DE CASTRONEGRO"}]},{"@type":"WebSite","@id":"https:\/\/www.colossalstore.es\/#website","url":"https:\/\/www.colossalstore.es\/","name":"Colossal Store","description":"Colossal Store, store specialized in TCGs.","publisher":{"@id":"https:\/\/www.colossalstore.es\/#organization"},"alternateName":"Colossal Store","potentialAction":[{"@type":"SearchAction","target":{"@type":"EntryPoint","urlTemplate":"https:\/\/www.colossalstore.es\/?s={search_term_string}"},"query-input":{"@type":"PropertyValueSpecification","valueRequired":true,"valueName":"search_term_string"}}],"inLanguage":"en-US"},{"@type":"Organization","@id":"https:\/\/www.colossalstore.es\/#organization","name":"Colossal Store","url":"https:\/\/www.colossalstore.es\/","logo":{"@type":"ImageObject","inLanguage":"en-US","@id":"https:\/\/www.colossalstore.es\/#\/schema\/logo\/image\/","url":"https:\/\/www.colossalstore.es\/wp-content\/uploads\/2023\/05\/Colossal_Logo-02.png","contentUrl":"https:\/\/www.colossalstore.es\/wp-content\/uploads\/2023\/05\/Colossal_Logo-02.png","width":1181,"height":1181,"caption":"Colossal Store"},"image":{"@id":"https:\/\/www.colossalstore.es\/#\/schema\/logo\/image\/"},"sameAs":["https:\/\/x.com\/Colossal_Store","https:\/\/www.instagram.com\/colossal_store_tcg\/","https:\/\/www.tiktok.com\/@colossalstore"]}]}},"_links":{"self":[{"href":"https:\/\/www.colossalstore.es\/en\/wp-json\/wp\/v2\/product\/11005","targetHints":{"allow":["GET"]}}],"collection":[{"href":"https:\/\/www.colossalstore.es\/en\/wp-json\/wp\/v2\/product"}],"about":[{"href":"https:\/\/www.colossalstore.es\/en\/wp-json\/wp\/v2\/types\/product"}],"replies":[{"embeddable":true,"href":"https:\/\/www.colossalstore.es\/en\/wp-json\/wp\/v2\/comments?post=11005"}],"wp:featuredmedia":[{"embeddable":true,"href":"https:\/\/www.colossalstore.es\/en\/wp-json\/wp\/v2\/media\/11007"}],"wp:attachment":[{"href":"https:\/\/www.colossalstore.es\/en\/wp-json\/wp\/v2\/media?parent=11005"}],"wp:term":[{"taxonomy":"product_brand","embeddable":true,"href":"https:\/\/www.colossalstore.es\/en\/wp-json\/wp\/v2\/product_brand?post=11005"},{"taxonomy":"product_cat","embeddable":true,"href":"https:\/\/www.colossalstore.es\/en\/wp-json\/wp\/v2\/product_cat?post=11005"},{"taxonomy":"product_tag","embeddable":true,"href":"https:\/\/www.colossalstore.es\/en\/wp-json\/wp\/v2\/product_tag?post=11005"}],"curies":[{"name":"wp","href":"https:\/\/api.w.org\/{rel}","templated":true}]}}