{"id":10947,"date":"2025-07-22T19:37:19","date_gmt":"2025-07-22T17:37:19","guid":{"rendered":"https:\/\/www.colossalstore.es\/?post_type=product&#038;p=10947"},"modified":"2025-07-22T19:37:29","modified_gmt":"2025-07-22T17:37:29","slug":"arkham-horror-lcg-el-legado-de-dunwich-exp-investigadores","status":"publish","type":"product","link":"https:\/\/www.colossalstore.es\/en\/tienda\/juegos-de-mesa\/arkham-horror-lcg-el-legado-de-dunwich-exp-investigadores\/","title":{"rendered":"ARKHAM HORROR LCG: EL LEGADO DE DUNWICH EXP. INVESTIGADORES"},"content":{"rendered":"<p>\u0093Al final, los tres investigadores venidos de Arkham \u0097el Dr. Armitage, de canosa barba, el profesor Rice, rechoncho y de cabellos plateados, y el Dr. Morgan, delgado y de aspecto juvenil\u0097 acabaron subiendo solos la monta\u00f1a.\u0094 \u0096 H. P. Lovecraft, \u0093El Horror de Dunwich\u0094<\/p>\n<p>En los lugares de poder donde el espacio ordenado se descompone y da paso al vac\u00edo, hay personas dispuestas a convocar abominaciones que escapan a nuestra imaginaci\u00f3n. Pero tambi\u00e9n hay unos pocos valientes dispuestos a arriesgar la vida por detener esos terrores.<br \/>\nEsta expansi\u00f3n presenta 5 investigadores y contiene todas las cartas de Jugador y opciones de personalizaci\u00f3n que aparecieron originalmente en el ciclo El legado de Dunwich. Aniquila abominaciones como Zoey Samaras, la chef. Descubre una buena historia como Rex Murphy, el reportero. Emplea tu ingenio y tu dinero para resolver cualquier problema como Jenny Barnes, la diletante. Habla con los muertos y realiza ritos macabros como Jim Culver, el m\u00fasico. Y por \u00faltimo ve en busca de problemas como Pete \u0093Cubo de Basura\u0094, el vagabundo, junto con su fiel sabueso Duke.<br \/>\nLa expansi\u00f3n de investigadores El legado de Dunwich se puede emplear para crear o potenciar mazos de investigador para cualquier escenario o campa\u00f1a de Arkham Horror: El juego de cartas.<\/p>\n<p>CONTENT<br \/>\n5 cartas de Investigador, 5 cartas peque\u00f1as, 204 cartas de Jugador, 1 reglamento.<\/p>","protected":false},"excerpt":{"rendered":"<p>\u0093Al final, los tres investigadores venidos de Arkham \u0097el Dr. Armitage, de canosa barba, el profesor Rice, rechoncho y de cabellos plateados, y el Dr. Morgan, delgado y de aspecto juvenil\u0097 acabaron subiendo solos la monta\u00f1a.\u0094 \u0096 H. P. Lovecraft, \u0093El Horror de Dunwich\u0094 En los lugares de poder donde el espacio ordenado se descompone [&hellip;]<\/p>","protected":false},"featured_media":10948,"comment_status":"open","ping_status":"closed","template":"","meta":{"_joinchat":[]},"product_brand":[],"product_cat":[26],"product_tag":[],"class_list":{"0":"post-10947","1":"product","2":"type-product","3":"status-publish","4":"has-post-thumbnail","6":"product_cat-juegos-de-mesa","8":"first","9":"instock","10":"taxable","11":"shipping-taxable","12":"purchasable","13":"product-type-simple"},"yoast_head":"<!-- This site is optimized with the Yoast SEO plugin v25.7 - https:\/\/yoast.com\/wordpress\/plugins\/seo\/ -->\n<title>ARKHAM HORROR LCG: EL LEGADO DE DUNWICH EXP. INVESTIGADORES | Colossal Store<\/title>\n<meta name=\"robots\" content=\"index, follow, max-snippet:-1, max-image-preview:large, max-video-preview:-1\" \/>\n<link rel=\"canonical\" href=\"https:\/\/www.colossalstore.es\/en\/tienda\/juegos-de-mesa\/arkham-horror-lcg-el-legado-de-dunwich-exp-investigadores\/\" \/>\n<meta property=\"og:locale\" content=\"en_US\" \/>\n<meta property=\"og:type\" content=\"article\" \/>\n<meta property=\"og:title\" content=\"ARKHAM HORROR LCG: EL LEGADO DE DUNWICH EXP. INVESTIGADORES | Colossal Store\" \/>\n<meta property=\"og:description\" content=\"\u0093Al final, los tres investigadores venidos de Arkham \u0097el Dr. Armitage, de canosa barba, el profesor Rice, rechoncho y de cabellos plateados, y el Dr. Morgan, delgado y de aspecto juvenil\u0097 acabaron subiendo solos la monta\u00f1a.\u0094 \u0096 H. P. Lovecraft, \u0093El Horror de Dunwich\u0094 En los lugares de poder donde el espacio ordenado se descompone [&hellip;]\" \/>\n<meta property=\"og:url\" content=\"https:\/\/www.colossalstore.es\/en\/tienda\/juegos-de-mesa\/arkham-horror-lcg-el-legado-de-dunwich-exp-investigadores\/\" \/>\n<meta property=\"og:site_name\" content=\"Colossal Store\" \/>\n<meta property=\"article:modified_time\" content=\"2025-07-22T17:37:29+00:00\" \/>\n<meta property=\"og:image\" content=\"https:\/\/www.colossalstore.es\/wp-content\/uploads\/2025\/07\/8435407638327_1.png\" \/>\n\t<meta property=\"og:image:width\" content=\"510\" \/>\n\t<meta property=\"og:image:height\" content=\"510\" \/>\n\t<meta property=\"og:image:type\" content=\"image\/png\" \/>\n<meta name=\"twitter:card\" content=\"summary_large_image\" \/>\n<meta name=\"twitter:site\" content=\"@Colossal_Store\" \/>\n<meta name=\"twitter:label1\" content=\"Est. reading time\" \/>\n\t<meta name=\"twitter:data1\" content=\"2 minutes\" \/>\n<script type=\"application\/ld+json\" class=\"yoast-schema-graph\">{\"@context\":\"https:\/\/schema.org\",\"@graph\":[{\"@type\":\"WebPage\",\"@id\":\"https:\/\/www.colossalstore.es\/tienda\/juegos-de-mesa\/arkham-horror-lcg-el-legado-de-dunwich-exp-investigadores\/\",\"url\":\"https:\/\/www.colossalstore.es\/tienda\/juegos-de-mesa\/arkham-horror-lcg-el-legado-de-dunwich-exp-investigadores\/\",\"name\":\"ARKHAM HORROR LCG: EL LEGADO DE DUNWICH EXP. INVESTIGADORES | Colossal Store\",\"isPartOf\":{\"@id\":\"https:\/\/www.colossalstore.es\/#website\"},\"primaryImageOfPage\":{\"@id\":\"https:\/\/www.colossalstore.es\/tienda\/juegos-de-mesa\/arkham-horror-lcg-el-legado-de-dunwich-exp-investigadores\/#primaryimage\"},\"image\":{\"@id\":\"https:\/\/www.colossalstore.es\/tienda\/juegos-de-mesa\/arkham-horror-lcg-el-legado-de-dunwich-exp-investigadores\/#primaryimage\"},\"thumbnailUrl\":\"https:\/\/www.colossalstore.es\/wp-content\/uploads\/2025\/07\/8435407638327_1.png\",\"datePublished\":\"2025-07-22T17:37:19+00:00\",\"dateModified\":\"2025-07-22T17:37:29+00:00\",\"breadcrumb\":{\"@id\":\"https:\/\/www.colossalstore.es\/tienda\/juegos-de-mesa\/arkham-horror-lcg-el-legado-de-dunwich-exp-investigadores\/#breadcrumb\"},\"inLanguage\":\"en-US\",\"potentialAction\":[{\"@type\":\"ReadAction\",\"target\":[\"https:\/\/www.colossalstore.es\/tienda\/juegos-de-mesa\/arkham-horror-lcg-el-legado-de-dunwich-exp-investigadores\/\"]}]},{\"@type\":\"ImageObject\",\"inLanguage\":\"en-US\",\"@id\":\"https:\/\/www.colossalstore.es\/tienda\/juegos-de-mesa\/arkham-horror-lcg-el-legado-de-dunwich-exp-investigadores\/#primaryimage\",\"url\":\"https:\/\/www.colossalstore.es\/wp-content\/uploads\/2025\/07\/8435407638327_1.png\",\"contentUrl\":\"https:\/\/www.colossalstore.es\/wp-content\/uploads\/2025\/07\/8435407638327_1.png\",\"width\":510,\"height\":510},{\"@type\":\"BreadcrumbList\",\"@id\":\"https:\/\/www.colossalstore.es\/tienda\/juegos-de-mesa\/arkham-horror-lcg-el-legado-de-dunwich-exp-investigadores\/#breadcrumb\",\"itemListElement\":[{\"@type\":\"ListItem\",\"position\":1,\"name\":\"Home\",\"item\":\"https:\/\/www.colossalstore.es\/\"},{\"@type\":\"ListItem\",\"position\":2,\"name\":\"Tienda\",\"item\":\"https:\/\/www.colossalstore.es\/tienda\/\"},{\"@type\":\"ListItem\",\"position\":3,\"name\":\"ARKHAM HORROR LCG: EL LEGADO DE DUNWICH EXP. INVESTIGADORES\"}]},{\"@type\":\"WebSite\",\"@id\":\"https:\/\/www.colossalstore.es\/#website\",\"url\":\"https:\/\/www.colossalstore.es\/\",\"name\":\"Colossal Store\",\"description\":\"Colossal Store, tienda especializada en TCGs.\",\"publisher\":{\"@id\":\"https:\/\/www.colossalstore.es\/#organization\"},\"alternateName\":\"Colossal Store\",\"potentialAction\":[{\"@type\":\"SearchAction\",\"target\":{\"@type\":\"EntryPoint\",\"urlTemplate\":\"https:\/\/www.colossalstore.es\/?s={search_term_string}\"},\"query-input\":{\"@type\":\"PropertyValueSpecification\",\"valueRequired\":true,\"valueName\":\"search_term_string\"}}],\"inLanguage\":\"en-US\"},{\"@type\":\"Organization\",\"@id\":\"https:\/\/www.colossalstore.es\/#organization\",\"name\":\"Colossal Store\",\"url\":\"https:\/\/www.colossalstore.es\/\",\"logo\":{\"@type\":\"ImageObject\",\"inLanguage\":\"en-US\",\"@id\":\"https:\/\/www.colossalstore.es\/#\/schema\/logo\/image\/\",\"url\":\"https:\/\/www.colossalstore.es\/wp-content\/uploads\/2023\/05\/Colossal_Logo-02.png\",\"contentUrl\":\"https:\/\/www.colossalstore.es\/wp-content\/uploads\/2023\/05\/Colossal_Logo-02.png\",\"width\":1181,\"height\":1181,\"caption\":\"Colossal Store\"},\"image\":{\"@id\":\"https:\/\/www.colossalstore.es\/#\/schema\/logo\/image\/\"},\"sameAs\":[\"https:\/\/x.com\/Colossal_Store\",\"https:\/\/www.instagram.com\/colossal_store_tcg\/\",\"https:\/\/www.tiktok.com\/@colossalstore\"]}]}<\/script>\n<!-- \/ Yoast SEO plugin. -->","yoast_head_json":{"title":"ARKHAM HORROR LCG: EL LEGADO DE DUNWICH EXP. INVESTIGADORES | Colossal Store","robots":{"index":"index","follow":"follow","max-snippet":"max-snippet:-1","max-image-preview":"max-image-preview:large","max-video-preview":"max-video-preview:-1"},"canonical":"https:\/\/www.colossalstore.es\/en\/tienda\/juegos-de-mesa\/arkham-horror-lcg-el-legado-de-dunwich-exp-investigadores\/","og_locale":"en_US","og_type":"article","og_title":"ARKHAM HORROR LCG: EL LEGADO DE DUNWICH EXP. INVESTIGADORES | Colossal Store","og_description":"\u0093Al final, los tres investigadores venidos de Arkham \u0097el Dr. Armitage, de canosa barba, el profesor Rice, rechoncho y de cabellos plateados, y el Dr. Morgan, delgado y de aspecto juvenil\u0097 acabaron subiendo solos la monta\u00f1a.\u0094 \u0096 H. P. Lovecraft, \u0093El Horror de Dunwich\u0094 En los lugares de poder donde el espacio ordenado se descompone [&hellip;]","og_url":"https:\/\/www.colossalstore.es\/en\/tienda\/juegos-de-mesa\/arkham-horror-lcg-el-legado-de-dunwich-exp-investigadores\/","og_site_name":"Colossal Store","article_modified_time":"2025-07-22T17:37:29+00:00","og_image":[{"width":510,"height":510,"url":"https:\/\/www.colossalstore.es\/wp-content\/uploads\/2025\/07\/8435407638327_1.png","type":"image\/png"}],"twitter_card":"summary_large_image","twitter_site":"@Colossal_Store","twitter_misc":{"Est. reading time":"2 minutes"},"schema":{"@context":"https:\/\/schema.org","@graph":[{"@type":"WebPage","@id":"https:\/\/www.colossalstore.es\/tienda\/juegos-de-mesa\/arkham-horror-lcg-el-legado-de-dunwich-exp-investigadores\/","url":"https:\/\/www.colossalstore.es\/tienda\/juegos-de-mesa\/arkham-horror-lcg-el-legado-de-dunwich-exp-investigadores\/","name":"ARKHAM HORROR LCG: EL LEGADO DE DUNWICH EXP. INVESTIGADORES | Colossal Store","isPartOf":{"@id":"https:\/\/www.colossalstore.es\/#website"},"primaryImageOfPage":{"@id":"https:\/\/www.colossalstore.es\/tienda\/juegos-de-mesa\/arkham-horror-lcg-el-legado-de-dunwich-exp-investigadores\/#primaryimage"},"image":{"@id":"https:\/\/www.colossalstore.es\/tienda\/juegos-de-mesa\/arkham-horror-lcg-el-legado-de-dunwich-exp-investigadores\/#primaryimage"},"thumbnailUrl":"https:\/\/www.colossalstore.es\/wp-content\/uploads\/2025\/07\/8435407638327_1.png","datePublished":"2025-07-22T17:37:19+00:00","dateModified":"2025-07-22T17:37:29+00:00","breadcrumb":{"@id":"https:\/\/www.colossalstore.es\/tienda\/juegos-de-mesa\/arkham-horror-lcg-el-legado-de-dunwich-exp-investigadores\/#breadcrumb"},"inLanguage":"en-US","potentialAction":[{"@type":"ReadAction","target":["https:\/\/www.colossalstore.es\/tienda\/juegos-de-mesa\/arkham-horror-lcg-el-legado-de-dunwich-exp-investigadores\/"]}]},{"@type":"ImageObject","inLanguage":"en-US","@id":"https:\/\/www.colossalstore.es\/tienda\/juegos-de-mesa\/arkham-horror-lcg-el-legado-de-dunwich-exp-investigadores\/#primaryimage","url":"https:\/\/www.colossalstore.es\/wp-content\/uploads\/2025\/07\/8435407638327_1.png","contentUrl":"https:\/\/www.colossalstore.es\/wp-content\/uploads\/2025\/07\/8435407638327_1.png","width":510,"height":510},{"@type":"BreadcrumbList","@id":"https:\/\/www.colossalstore.es\/tienda\/juegos-de-mesa\/arkham-horror-lcg-el-legado-de-dunwich-exp-investigadores\/#breadcrumb","itemListElement":[{"@type":"ListItem","position":1,"name":"Home","item":"https:\/\/www.colossalstore.es\/"},{"@type":"ListItem","position":2,"name":"Tienda","item":"https:\/\/www.colossalstore.es\/tienda\/"},{"@type":"ListItem","position":3,"name":"ARKHAM HORROR LCG: EL LEGADO DE DUNWICH EXP. INVESTIGADORES"}]},{"@type":"WebSite","@id":"https:\/\/www.colossalstore.es\/#website","url":"https:\/\/www.colossalstore.es\/","name":"Colossal Store","description":"Colossal Store, store specialized in TCGs.","publisher":{"@id":"https:\/\/www.colossalstore.es\/#organization"},"alternateName":"Colossal Store","potentialAction":[{"@type":"SearchAction","target":{"@type":"EntryPoint","urlTemplate":"https:\/\/www.colossalstore.es\/?s={search_term_string}"},"query-input":{"@type":"PropertyValueSpecification","valueRequired":true,"valueName":"search_term_string"}}],"inLanguage":"en-US"},{"@type":"Organization","@id":"https:\/\/www.colossalstore.es\/#organization","name":"Colossal Store","url":"https:\/\/www.colossalstore.es\/","logo":{"@type":"ImageObject","inLanguage":"en-US","@id":"https:\/\/www.colossalstore.es\/#\/schema\/logo\/image\/","url":"https:\/\/www.colossalstore.es\/wp-content\/uploads\/2023\/05\/Colossal_Logo-02.png","contentUrl":"https:\/\/www.colossalstore.es\/wp-content\/uploads\/2023\/05\/Colossal_Logo-02.png","width":1181,"height":1181,"caption":"Colossal Store"},"image":{"@id":"https:\/\/www.colossalstore.es\/#\/schema\/logo\/image\/"},"sameAs":["https:\/\/x.com\/Colossal_Store","https:\/\/www.instagram.com\/colossal_store_tcg\/","https:\/\/www.tiktok.com\/@colossalstore"]}]}},"_links":{"self":[{"href":"https:\/\/www.colossalstore.es\/en\/wp-json\/wp\/v2\/product\/10947","targetHints":{"allow":["GET"]}}],"collection":[{"href":"https:\/\/www.colossalstore.es\/en\/wp-json\/wp\/v2\/product"}],"about":[{"href":"https:\/\/www.colossalstore.es\/en\/wp-json\/wp\/v2\/types\/product"}],"replies":[{"embeddable":true,"href":"https:\/\/www.colossalstore.es\/en\/wp-json\/wp\/v2\/comments?post=10947"}],"wp:featuredmedia":[{"embeddable":true,"href":"https:\/\/www.colossalstore.es\/en\/wp-json\/wp\/v2\/media\/10948"}],"wp:attachment":[{"href":"https:\/\/www.colossalstore.es\/en\/wp-json\/wp\/v2\/media?parent=10947"}],"wp:term":[{"taxonomy":"product_brand","embeddable":true,"href":"https:\/\/www.colossalstore.es\/en\/wp-json\/wp\/v2\/product_brand?post=10947"},{"taxonomy":"product_cat","embeddable":true,"href":"https:\/\/www.colossalstore.es\/en\/wp-json\/wp\/v2\/product_cat?post=10947"},{"taxonomy":"product_tag","embeddable":true,"href":"https:\/\/www.colossalstore.es\/en\/wp-json\/wp\/v2\/product_tag?post=10947"}],"curies":[{"name":"wp","href":"https:\/\/api.w.org\/{rel}","templated":true}]}}