{"id":10940,"date":"2025-07-22T19:33:59","date_gmt":"2025-07-22T17:33:59","guid":{"rendered":"https:\/\/www.colossalstore.es\/?post_type=product&#038;p=10940"},"modified":"2025-07-22T19:34:00","modified_gmt":"2025-07-22T17:34:00","slug":"pequenas-grandes-galaxias","status":"publish","type":"product","link":"https:\/\/www.colossalstore.es\/en\/tienda\/juegos-de-mesa\/pequenas-grandes-galaxias\/","title":{"rendered":"PEQUE\u00d1AS GRANDES GALAXIAS"},"content":{"rendered":"<p>La flota interestelar espera tus \u00f3rdenes. \u00a1Ha llegado el momento de expandirte por planetas inexplorados en los confines del espacio! Peque\u00f1as grandes galaxias es un juego de Scott Almes con ilustraciones de Bill Bricker y dise\u00f1o de Benjamin Shulman. Permite partidas de 1 a 5 jugadores, a partir de 14 a\u00f1os, con una duraci\u00f3n aproximada de 30 minutos. Para ganar, los jugadores deber\u00e1n sumar puntos de victoria evolucionando su imperio y colonizando planetas. Como es habitual en la saga de t\u00edtulos \u0093Peque\u00f1os grandes\u0085\u0094 de Scott Almes, encontraremos un mont\u00f3n de componentes en una caja de tama\u00f1o reducido que aseguran muchas horas de diversi\u00f3n. Cada jugador dispone de un tablero personal en el que lleva la cuenta de sus reservas de energ\u00eda, de sus puntos de cultura y del nivel de su imperio. Tambi\u00e9n ser\u00e1 la base de su flota estelar, desde la cual partir\u00e1n las naves para conquistar nuevos mundos. Estos planetas inexplorados se encuentran en el centro de la mesa, en forma de cartas que se revelan del mazo com\u00fan, y que se encuentran disponibles para explorar o colonizar. En su turno, los jugadores tirar\u00e1n el n\u00famero de dados que correspondan seg\u00fan su nivel de imperio para determinar qu\u00e9 acciones podr\u00e1n hacer. Las seis acciones disponibles (una por cada cara del dado) son: mover una nave, adquirir energ\u00eda, adquirir cultura, impulsar la colonizaci\u00f3n a trav\u00e9s de la diplomacia, impulsar la colonizaci\u00f3n a trav\u00e9s de la econom\u00eda y utilizar el poder especial de una colonia o del tablero gal\u00e1ctico. A lo largo de la partida, los jugadores deber\u00e1n decidir si priorizan colonizar planetas y competir en una carrera con los rivales, o bien si prefieren usar los beneficios de esos planetas, tomar recursos y hacer avanzar su imperio. \u00a1No hay un solo camino hacia la victoria y cualquier decisi\u00f3n puede ser clave! Cada jugador tendr\u00e1 adem\u00e1s una carta de misi\u00f3n secreta y en caso de cumplir los requisitos sumar\u00e1 puntos de victoria extra al final de la partida, que se desencadena cuando un jugador alcanza los 21 puntos de victoria. En el modo solitario, el juego se convierte en una pugna entre el imperio controlado por el jugador y una rebeli\u00f3n que se expande inexorablemente a trav\u00e9s de la galaxia. A trav\u00e9s de un ingenioso sistema de IA, la rebeli\u00f3n pondr\u00e1 a prueba las capacidades del comandante humano en desafiante reto. Peque\u00f1as grandes galaxias es un juego para todos los p\u00fablicos. Sus reglas son muy intuitivas, con lo que al poco tiempo de abrir la caja ya empezar\u00e9is la partida, cosa que lo hace ideal para los jugadores m\u00e1s espor\u00e1dicos. Sin embargo, la gran cantidad de acciones al alcance de los participantes ofrece muchas alternativas a los jugadores, con lo que los grupos m\u00e1s competitivos tambi\u00e9n disfrutar\u00e1n de un buen desaf\u00edo. \u00bfLograr\u00e1s convertirte en el imperio m\u00e1s pr\u00f3spero de la galaxia?<\/p>","protected":false},"excerpt":{"rendered":"<p>La flota interestelar espera tus \u00f3rdenes. \u00a1Ha llegado el momento de expandirte por planetas inexplorados en los confines del espacio! Peque\u00f1as grandes galaxias es un juego de Scott Almes con ilustraciones de Bill Bricker y dise\u00f1o de Benjamin Shulman. Permite partidas de 1 a 5 jugadores, a partir de 14 a\u00f1os, con una duraci\u00f3n aproximada [&hellip;]<\/p>","protected":false},"featured_media":10942,"comment_status":"open","ping_status":"closed","template":"","meta":{"_joinchat":[]},"product_brand":[],"product_cat":[26],"product_tag":[],"class_list":{"0":"post-10940","1":"product","2":"type-product","3":"status-publish","4":"has-post-thumbnail","6":"product_cat-juegos-de-mesa","8":"first","9":"instock","10":"taxable","11":"shipping-taxable","12":"purchasable","13":"product-type-simple"},"yoast_head":"<!-- This site is optimized with the Yoast SEO plugin v25.7 - https:\/\/yoast.com\/wordpress\/plugins\/seo\/ -->\n<title>PEQUE\u00d1AS GRANDES GALAXIAS | Colossal Store<\/title>\n<meta name=\"robots\" content=\"index, follow, max-snippet:-1, max-image-preview:large, max-video-preview:-1\" \/>\n<link rel=\"canonical\" href=\"https:\/\/www.colossalstore.es\/en\/tienda\/juegos-de-mesa\/pequenas-grandes-galaxias\/\" \/>\n<meta property=\"og:locale\" content=\"en_US\" \/>\n<meta property=\"og:type\" content=\"article\" \/>\n<meta property=\"og:title\" content=\"PEQUE\u00d1AS GRANDES GALAXIAS | Colossal Store\" \/>\n<meta property=\"og:description\" content=\"La flota interestelar espera tus \u00f3rdenes. \u00a1Ha llegado el momento de expandirte por planetas inexplorados en los confines del espacio! Peque\u00f1as grandes galaxias es un juego de Scott Almes con ilustraciones de Bill Bricker y dise\u00f1o de Benjamin Shulman. Permite partidas de 1 a 5 jugadores, a partir de 14 a\u00f1os, con una duraci\u00f3n aproximada [&hellip;]\" \/>\n<meta property=\"og:url\" content=\"https:\/\/www.colossalstore.es\/en\/tienda\/juegos-de-mesa\/pequenas-grandes-galaxias\/\" \/>\n<meta property=\"og:site_name\" content=\"Colossal Store\" \/>\n<meta property=\"article:modified_time\" content=\"2025-07-22T17:34:00+00:00\" \/>\n<meta property=\"og:image\" content=\"https:\/\/www.colossalstore.es\/wp-content\/uploads\/2025\/07\/pequenas-grandes-galaxias.jpg\" \/>\n\t<meta property=\"og:image:width\" content=\"1200\" \/>\n\t<meta property=\"og:image:height\" content=\"1372\" \/>\n\t<meta property=\"og:image:type\" content=\"image\/jpeg\" \/>\n<meta name=\"twitter:card\" content=\"summary_large_image\" \/>\n<meta name=\"twitter:site\" content=\"@Colossal_Store\" \/>\n<meta name=\"twitter:label1\" content=\"Est. reading time\" \/>\n\t<meta name=\"twitter:data1\" content=\"3 minutes\" \/>\n<script type=\"application\/ld+json\" class=\"yoast-schema-graph\">{\"@context\":\"https:\/\/schema.org\",\"@graph\":[{\"@type\":\"WebPage\",\"@id\":\"https:\/\/www.colossalstore.es\/tienda\/juegos-de-mesa\/pequenas-grandes-galaxias\/\",\"url\":\"https:\/\/www.colossalstore.es\/tienda\/juegos-de-mesa\/pequenas-grandes-galaxias\/\",\"name\":\"PEQUE\u00d1AS GRANDES GALAXIAS | Colossal Store\",\"isPartOf\":{\"@id\":\"https:\/\/www.colossalstore.es\/#website\"},\"primaryImageOfPage\":{\"@id\":\"https:\/\/www.colossalstore.es\/tienda\/juegos-de-mesa\/pequenas-grandes-galaxias\/#primaryimage\"},\"image\":{\"@id\":\"https:\/\/www.colossalstore.es\/tienda\/juegos-de-mesa\/pequenas-grandes-galaxias\/#primaryimage\"},\"thumbnailUrl\":\"https:\/\/www.colossalstore.es\/wp-content\/uploads\/2025\/07\/pequenas-grandes-galaxias.jpg\",\"datePublished\":\"2025-07-22T17:33:59+00:00\",\"dateModified\":\"2025-07-22T17:34:00+00:00\",\"breadcrumb\":{\"@id\":\"https:\/\/www.colossalstore.es\/tienda\/juegos-de-mesa\/pequenas-grandes-galaxias\/#breadcrumb\"},\"inLanguage\":\"en-US\",\"potentialAction\":[{\"@type\":\"ReadAction\",\"target\":[\"https:\/\/www.colossalstore.es\/tienda\/juegos-de-mesa\/pequenas-grandes-galaxias\/\"]}]},{\"@type\":\"ImageObject\",\"inLanguage\":\"en-US\",\"@id\":\"https:\/\/www.colossalstore.es\/tienda\/juegos-de-mesa\/pequenas-grandes-galaxias\/#primaryimage\",\"url\":\"https:\/\/www.colossalstore.es\/wp-content\/uploads\/2025\/07\/pequenas-grandes-galaxias.jpg\",\"contentUrl\":\"https:\/\/www.colossalstore.es\/wp-content\/uploads\/2025\/07\/pequenas-grandes-galaxias.jpg\",\"width\":1200,\"height\":1372},{\"@type\":\"BreadcrumbList\",\"@id\":\"https:\/\/www.colossalstore.es\/tienda\/juegos-de-mesa\/pequenas-grandes-galaxias\/#breadcrumb\",\"itemListElement\":[{\"@type\":\"ListItem\",\"position\":1,\"name\":\"Home\",\"item\":\"https:\/\/www.colossalstore.es\/\"},{\"@type\":\"ListItem\",\"position\":2,\"name\":\"Tienda\",\"item\":\"https:\/\/www.colossalstore.es\/tienda\/\"},{\"@type\":\"ListItem\",\"position\":3,\"name\":\"PEQUE\u00d1AS GRANDES GALAXIAS\"}]},{\"@type\":\"WebSite\",\"@id\":\"https:\/\/www.colossalstore.es\/#website\",\"url\":\"https:\/\/www.colossalstore.es\/\",\"name\":\"Colossal Store\",\"description\":\"Colossal Store, tienda especializada en TCGs.\",\"publisher\":{\"@id\":\"https:\/\/www.colossalstore.es\/#organization\"},\"alternateName\":\"Colossal Store\",\"potentialAction\":[{\"@type\":\"SearchAction\",\"target\":{\"@type\":\"EntryPoint\",\"urlTemplate\":\"https:\/\/www.colossalstore.es\/?s={search_term_string}\"},\"query-input\":{\"@type\":\"PropertyValueSpecification\",\"valueRequired\":true,\"valueName\":\"search_term_string\"}}],\"inLanguage\":\"en-US\"},{\"@type\":\"Organization\",\"@id\":\"https:\/\/www.colossalstore.es\/#organization\",\"name\":\"Colossal Store\",\"url\":\"https:\/\/www.colossalstore.es\/\",\"logo\":{\"@type\":\"ImageObject\",\"inLanguage\":\"en-US\",\"@id\":\"https:\/\/www.colossalstore.es\/#\/schema\/logo\/image\/\",\"url\":\"https:\/\/www.colossalstore.es\/wp-content\/uploads\/2023\/05\/Colossal_Logo-02.png\",\"contentUrl\":\"https:\/\/www.colossalstore.es\/wp-content\/uploads\/2023\/05\/Colossal_Logo-02.png\",\"width\":1181,\"height\":1181,\"caption\":\"Colossal Store\"},\"image\":{\"@id\":\"https:\/\/www.colossalstore.es\/#\/schema\/logo\/image\/\"},\"sameAs\":[\"https:\/\/x.com\/Colossal_Store\",\"https:\/\/www.instagram.com\/colossal_store_tcg\/\",\"https:\/\/www.tiktok.com\/@colossalstore\"]}]}<\/script>\n<!-- \/ Yoast SEO plugin. -->","yoast_head_json":{"title":"PEQUE\u00d1AS GRANDES GALAXIAS | Colossal Store","robots":{"index":"index","follow":"follow","max-snippet":"max-snippet:-1","max-image-preview":"max-image-preview:large","max-video-preview":"max-video-preview:-1"},"canonical":"https:\/\/www.colossalstore.es\/en\/tienda\/juegos-de-mesa\/pequenas-grandes-galaxias\/","og_locale":"en_US","og_type":"article","og_title":"PEQUE\u00d1AS GRANDES GALAXIAS | Colossal Store","og_description":"La flota interestelar espera tus \u00f3rdenes. \u00a1Ha llegado el momento de expandirte por planetas inexplorados en los confines del espacio! Peque\u00f1as grandes galaxias es un juego de Scott Almes con ilustraciones de Bill Bricker y dise\u00f1o de Benjamin Shulman. Permite partidas de 1 a 5 jugadores, a partir de 14 a\u00f1os, con una duraci\u00f3n aproximada [&hellip;]","og_url":"https:\/\/www.colossalstore.es\/en\/tienda\/juegos-de-mesa\/pequenas-grandes-galaxias\/","og_site_name":"Colossal Store","article_modified_time":"2025-07-22T17:34:00+00:00","og_image":[{"width":1200,"height":1372,"url":"https:\/\/www.colossalstore.es\/wp-content\/uploads\/2025\/07\/pequenas-grandes-galaxias.jpg","type":"image\/jpeg"}],"twitter_card":"summary_large_image","twitter_site":"@Colossal_Store","twitter_misc":{"Est. reading time":"3 minutes"},"schema":{"@context":"https:\/\/schema.org","@graph":[{"@type":"WebPage","@id":"https:\/\/www.colossalstore.es\/tienda\/juegos-de-mesa\/pequenas-grandes-galaxias\/","url":"https:\/\/www.colossalstore.es\/tienda\/juegos-de-mesa\/pequenas-grandes-galaxias\/","name":"PEQUE\u00d1AS GRANDES GALAXIAS | Colossal Store","isPartOf":{"@id":"https:\/\/www.colossalstore.es\/#website"},"primaryImageOfPage":{"@id":"https:\/\/www.colossalstore.es\/tienda\/juegos-de-mesa\/pequenas-grandes-galaxias\/#primaryimage"},"image":{"@id":"https:\/\/www.colossalstore.es\/tienda\/juegos-de-mesa\/pequenas-grandes-galaxias\/#primaryimage"},"thumbnailUrl":"https:\/\/www.colossalstore.es\/wp-content\/uploads\/2025\/07\/pequenas-grandes-galaxias.jpg","datePublished":"2025-07-22T17:33:59+00:00","dateModified":"2025-07-22T17:34:00+00:00","breadcrumb":{"@id":"https:\/\/www.colossalstore.es\/tienda\/juegos-de-mesa\/pequenas-grandes-galaxias\/#breadcrumb"},"inLanguage":"en-US","potentialAction":[{"@type":"ReadAction","target":["https:\/\/www.colossalstore.es\/tienda\/juegos-de-mesa\/pequenas-grandes-galaxias\/"]}]},{"@type":"ImageObject","inLanguage":"en-US","@id":"https:\/\/www.colossalstore.es\/tienda\/juegos-de-mesa\/pequenas-grandes-galaxias\/#primaryimage","url":"https:\/\/www.colossalstore.es\/wp-content\/uploads\/2025\/07\/pequenas-grandes-galaxias.jpg","contentUrl":"https:\/\/www.colossalstore.es\/wp-content\/uploads\/2025\/07\/pequenas-grandes-galaxias.jpg","width":1200,"height":1372},{"@type":"BreadcrumbList","@id":"https:\/\/www.colossalstore.es\/tienda\/juegos-de-mesa\/pequenas-grandes-galaxias\/#breadcrumb","itemListElement":[{"@type":"ListItem","position":1,"name":"Home","item":"https:\/\/www.colossalstore.es\/"},{"@type":"ListItem","position":2,"name":"Tienda","item":"https:\/\/www.colossalstore.es\/tienda\/"},{"@type":"ListItem","position":3,"name":"PEQUE\u00d1AS GRANDES GALAXIAS"}]},{"@type":"WebSite","@id":"https:\/\/www.colossalstore.es\/#website","url":"https:\/\/www.colossalstore.es\/","name":"Colossal Store","description":"Colossal Store, store specialized in TCGs.","publisher":{"@id":"https:\/\/www.colossalstore.es\/#organization"},"alternateName":"Colossal Store","potentialAction":[{"@type":"SearchAction","target":{"@type":"EntryPoint","urlTemplate":"https:\/\/www.colossalstore.es\/?s={search_term_string}"},"query-input":{"@type":"PropertyValueSpecification","valueRequired":true,"valueName":"search_term_string"}}],"inLanguage":"en-US"},{"@type":"Organization","@id":"https:\/\/www.colossalstore.es\/#organization","name":"Colossal Store","url":"https:\/\/www.colossalstore.es\/","logo":{"@type":"ImageObject","inLanguage":"en-US","@id":"https:\/\/www.colossalstore.es\/#\/schema\/logo\/image\/","url":"https:\/\/www.colossalstore.es\/wp-content\/uploads\/2023\/05\/Colossal_Logo-02.png","contentUrl":"https:\/\/www.colossalstore.es\/wp-content\/uploads\/2023\/05\/Colossal_Logo-02.png","width":1181,"height":1181,"caption":"Colossal Store"},"image":{"@id":"https:\/\/www.colossalstore.es\/#\/schema\/logo\/image\/"},"sameAs":["https:\/\/x.com\/Colossal_Store","https:\/\/www.instagram.com\/colossal_store_tcg\/","https:\/\/www.tiktok.com\/@colossalstore"]}]}},"_links":{"self":[{"href":"https:\/\/www.colossalstore.es\/en\/wp-json\/wp\/v2\/product\/10940","targetHints":{"allow":["GET"]}}],"collection":[{"href":"https:\/\/www.colossalstore.es\/en\/wp-json\/wp\/v2\/product"}],"about":[{"href":"https:\/\/www.colossalstore.es\/en\/wp-json\/wp\/v2\/types\/product"}],"replies":[{"embeddable":true,"href":"https:\/\/www.colossalstore.es\/en\/wp-json\/wp\/v2\/comments?post=10940"}],"wp:featuredmedia":[{"embeddable":true,"href":"https:\/\/www.colossalstore.es\/en\/wp-json\/wp\/v2\/media\/10942"}],"wp:attachment":[{"href":"https:\/\/www.colossalstore.es\/en\/wp-json\/wp\/v2\/media?parent=10940"}],"wp:term":[{"taxonomy":"product_brand","embeddable":true,"href":"https:\/\/www.colossalstore.es\/en\/wp-json\/wp\/v2\/product_brand?post=10940"},{"taxonomy":"product_cat","embeddable":true,"href":"https:\/\/www.colossalstore.es\/en\/wp-json\/wp\/v2\/product_cat?post=10940"},{"taxonomy":"product_tag","embeddable":true,"href":"https:\/\/www.colossalstore.es\/en\/wp-json\/wp\/v2\/product_tag?post=10940"}],"curies":[{"name":"wp","href":"https:\/\/api.w.org\/{rel}","templated":true}]}}