{"id":10937,"date":"2025-07-22T19:32:15","date_gmt":"2025-07-22T17:32:15","guid":{"rendered":"https:\/\/www.colossalstore.es\/?post_type=product&#038;p=10937"},"modified":"2025-07-22T19:32:15","modified_gmt":"2025-07-22T17:32:15","slug":"pequenas-grandes-galaxias-espacio-profundo","status":"publish","type":"product","link":"https:\/\/www.colossalstore.es\/en\/tienda\/juegos-de-mesa\/pequenas-grandes-galaxias-espacio-profundo\/","title":{"rendered":"PEQUE\u00d1AS GRANDES GALAXIAS ESPACIO PROFUNDO"},"content":{"rendered":"<p>Tus galaxias llegan ya hasta los l\u00edmites del espacio conocido. Te topas con tus rivales y tienes que luchar con u\u00f1as y dientes por los planetas f\u00e9rtiles. Ha llegado el momento de ampliar tus fronteras. Moderniza tus naves con la \u00faltima tecnolog\u00eda del momento y avanza m\u00e1s all\u00e1 de las oscuras profundidades del espacio, hacia el aut\u00e9ntico universo desconocido\u0085 Espacio profundo es una expansi\u00f3n de Peque\u00f1as Grandes Galaxias y requiere el juego base. Dise\u00f1ado por Scott Almes e ilustrado por Naomi Robinson, esta expansi\u00f3n se puede disfrutar en solitario o en grupos de hasta 5 jugadores, a partir de 14 a\u00f1os, en partidas de unos 30 minutos de duraci\u00f3n. Esta expansi\u00f3n ampl\u00eda el universo de Peque\u00f1as Grandes Galaxias con nuevas mec\u00e1nicas y componentes. Los jugadores disponen de nuevas posibilidades de conseguir puntos de victoria, contratando a nuevos pilotos con habilidades exclusivas y reuniendo conjuntos de insignias de exploraci\u00f3n a medida que inspeccionan el cosmos inexplorado. Una de las principales novedades que se incorporan al juego son los pilotos. Como acci\u00f3n extra, los jugadores podr\u00e1n contratar pilotos activando determinados s\u00edmbolos de dado. Esta acci\u00f3n permitir\u00e1 sustituir las naves normales por otras de avanzadas. Los pilotos tienen habilidades \u00fanicas que ser\u00e1n \u00fatiles a lo largo de la partida. Otra de las novedades que incorpora esta expansi\u00f3n es la mec\u00e1nica de exploraci\u00f3n a trav\u00e9s de los confines del espacio. Al realizar una acci\u00f3n de mover una nave, los jugadores pueden colocar una nave en el nuevo tablero de exploraci\u00f3n y explorar. Las naves pueden toparse con descubrimientos provechosos o sufrir dolorosas p\u00e9rdidas. Los jugadores deciden hasta qu\u00e9 punto desean forzar su suerte explorando. \u00a1Sin riesgo no hay ganancias! Tal como ocurr\u00eda en el juego base, la partida termina cuando un jugador alcanza los 21 puntos de victoria. Adem\u00e1s de los puntos que dan los planetas y el nivel de imperio, los jugadores pueden sumar puntos por los pilotos contratados o los planetas enanos descubiertos mediante la acci\u00f3n de explorar. Tambi\u00e9n se tienen en cuenta las insignias de exploraci\u00f3n, que representan datos recogidos del espacio inexplorado y que otorgan puntos siguiendo un criterio de mayor\u00edas. Los t\u00edtulos de la colecci\u00f3n Peque\u00f1os Grandes se caracterizan por traer un mont\u00f3n de componentes en una caja peque\u00f1a y econ\u00f3mica. Cada juego tiene una tem\u00e1tica propia con unas mec\u00e1nicas espec\u00edficas. En este caso, la caja de Espacio Profundo contiene 30 cartas de piloto, 20 peones de madera de naves avanzadas, 30 cartas de exploraci\u00f3n, 7 tableros, 12 cartas de planeta, 8 cartas de misi\u00f3n y 5 fichas de puntuaci\u00f3n. \u00bfPreparados para guiar vuestra nave hacia lo desconocido? A medida que se desarrolla la partida, los jugadores tambi\u00e9n podr\u00e1n ofrecer exposiciones, siempre que tengan hallazgos que coincidan con los requerimientos de las cartas de este tipo. Cuando todos los jugadores han agotado su tiempo disponible (representado por semanas, en el marco del tablero de juego), la partida termina y quien sume m\u00e1s puntos se coronar\u00e1 con la victoria. Ideal para jugar en familia y tambi\u00e9n con grupos de amigos, Tebas ofrece una experiencia divertida a la par que desafiante. Deber\u00e1s decidir cuidadosamente como invertir tu tiempo si quieres ganar. Si eres de los que disfrutan con las aventuras de Indiana Jones, Lara Croft o Nathan Drake, Tebas no puede faltar en tu ludoteca. \u00a1Deja salir al arque\u00f3logo aventurero que llevas dentro!<\/p>","protected":false},"excerpt":{"rendered":"<p>Tus galaxias llegan ya hasta los l\u00edmites del espacio conocido. Te topas con tus rivales y tienes que luchar con u\u00f1as y dientes por los planetas f\u00e9rtiles. Ha llegado el momento de ampliar tus fronteras. Moderniza tus naves con la \u00faltima tecnolog\u00eda del momento y avanza m\u00e1s all\u00e1 de las oscuras profundidades del espacio, hacia [&hellip;]<\/p>","protected":false},"featured_media":10939,"comment_status":"open","ping_status":"closed","template":"","meta":{"_joinchat":[]},"product_brand":[],"product_cat":[26],"product_tag":[],"class_list":{"0":"post-10937","1":"product","2":"type-product","3":"status-publish","4":"has-post-thumbnail","6":"product_cat-juegos-de-mesa","8":"first","9":"instock","10":"taxable","11":"shipping-taxable","12":"purchasable","13":"product-type-simple"},"yoast_head":"<!-- This site is optimized with the Yoast SEO plugin v25.7 - https:\/\/yoast.com\/wordpress\/plugins\/seo\/ -->\n<title>PEQUE\u00d1AS GRANDES GALAXIAS ESPACIO PROFUNDO | Colossal Store<\/title>\n<meta name=\"robots\" content=\"index, follow, max-snippet:-1, max-image-preview:large, max-video-preview:-1\" \/>\n<link rel=\"canonical\" href=\"https:\/\/www.colossalstore.es\/en\/tienda\/juegos-de-mesa\/pequenas-grandes-galaxias-espacio-profundo\/\" \/>\n<meta property=\"og:locale\" content=\"en_US\" \/>\n<meta property=\"og:type\" content=\"article\" \/>\n<meta property=\"og:title\" content=\"PEQUE\u00d1AS GRANDES GALAXIAS ESPACIO PROFUNDO | Colossal Store\" \/>\n<meta property=\"og:description\" content=\"Tus galaxias llegan ya hasta los l\u00edmites del espacio conocido. Te topas con tus rivales y tienes que luchar con u\u00f1as y dientes por los planetas f\u00e9rtiles. Ha llegado el momento de ampliar tus fronteras. Moderniza tus naves con la \u00faltima tecnolog\u00eda del momento y avanza m\u00e1s all\u00e1 de las oscuras profundidades del espacio, hacia [&hellip;]\" \/>\n<meta property=\"og:url\" content=\"https:\/\/www.colossalstore.es\/en\/tienda\/juegos-de-mesa\/pequenas-grandes-galaxias-espacio-profundo\/\" \/>\n<meta property=\"og:site_name\" content=\"Colossal Store\" \/>\n<meta property=\"og:image\" content=\"https:\/\/www.colossalstore.es\/wp-content\/uploads\/2025\/07\/pequenas-grandes-galaxias-beyond-the-black-castellano.webp\" \/>\n\t<meta property=\"og:image:width\" content=\"800\" \/>\n\t<meta property=\"og:image:height\" content=\"800\" \/>\n\t<meta property=\"og:image:type\" content=\"image\/webp\" \/>\n<meta name=\"twitter:card\" content=\"summary_large_image\" \/>\n<meta name=\"twitter:site\" content=\"@Colossal_Store\" \/>\n<meta name=\"twitter:label1\" content=\"Est. reading time\" \/>\n\t<meta name=\"twitter:data1\" content=\"3 minutes\" \/>\n<script type=\"application\/ld+json\" class=\"yoast-schema-graph\">{\"@context\":\"https:\/\/schema.org\",\"@graph\":[{\"@type\":\"WebPage\",\"@id\":\"https:\/\/www.colossalstore.es\/tienda\/juegos-de-mesa\/pequenas-grandes-galaxias-espacio-profundo\/\",\"url\":\"https:\/\/www.colossalstore.es\/tienda\/juegos-de-mesa\/pequenas-grandes-galaxias-espacio-profundo\/\",\"name\":\"PEQUE\u00d1AS GRANDES GALAXIAS ESPACIO PROFUNDO | Colossal Store\",\"isPartOf\":{\"@id\":\"https:\/\/www.colossalstore.es\/#website\"},\"primaryImageOfPage\":{\"@id\":\"https:\/\/www.colossalstore.es\/tienda\/juegos-de-mesa\/pequenas-grandes-galaxias-espacio-profundo\/#primaryimage\"},\"image\":{\"@id\":\"https:\/\/www.colossalstore.es\/tienda\/juegos-de-mesa\/pequenas-grandes-galaxias-espacio-profundo\/#primaryimage\"},\"thumbnailUrl\":\"https:\/\/www.colossalstore.es\/wp-content\/uploads\/2025\/07\/pequenas-grandes-galaxias-beyond-the-black-castellano.webp\",\"datePublished\":\"2025-07-22T17:32:15+00:00\",\"breadcrumb\":{\"@id\":\"https:\/\/www.colossalstore.es\/tienda\/juegos-de-mesa\/pequenas-grandes-galaxias-espacio-profundo\/#breadcrumb\"},\"inLanguage\":\"en-US\",\"potentialAction\":[{\"@type\":\"ReadAction\",\"target\":[\"https:\/\/www.colossalstore.es\/tienda\/juegos-de-mesa\/pequenas-grandes-galaxias-espacio-profundo\/\"]}]},{\"@type\":\"ImageObject\",\"inLanguage\":\"en-US\",\"@id\":\"https:\/\/www.colossalstore.es\/tienda\/juegos-de-mesa\/pequenas-grandes-galaxias-espacio-profundo\/#primaryimage\",\"url\":\"https:\/\/www.colossalstore.es\/wp-content\/uploads\/2025\/07\/pequenas-grandes-galaxias-beyond-the-black-castellano.webp\",\"contentUrl\":\"https:\/\/www.colossalstore.es\/wp-content\/uploads\/2025\/07\/pequenas-grandes-galaxias-beyond-the-black-castellano.webp\",\"width\":800,\"height\":800},{\"@type\":\"BreadcrumbList\",\"@id\":\"https:\/\/www.colossalstore.es\/tienda\/juegos-de-mesa\/pequenas-grandes-galaxias-espacio-profundo\/#breadcrumb\",\"itemListElement\":[{\"@type\":\"ListItem\",\"position\":1,\"name\":\"Home\",\"item\":\"https:\/\/www.colossalstore.es\/\"},{\"@type\":\"ListItem\",\"position\":2,\"name\":\"Tienda\",\"item\":\"https:\/\/www.colossalstore.es\/tienda\/\"},{\"@type\":\"ListItem\",\"position\":3,\"name\":\"PEQUE\u00d1AS GRANDES GALAXIAS ESPACIO PROFUNDO\"}]},{\"@type\":\"WebSite\",\"@id\":\"https:\/\/www.colossalstore.es\/#website\",\"url\":\"https:\/\/www.colossalstore.es\/\",\"name\":\"Colossal Store\",\"description\":\"Colossal Store, tienda especializada en TCGs.\",\"publisher\":{\"@id\":\"https:\/\/www.colossalstore.es\/#organization\"},\"alternateName\":\"Colossal Store\",\"potentialAction\":[{\"@type\":\"SearchAction\",\"target\":{\"@type\":\"EntryPoint\",\"urlTemplate\":\"https:\/\/www.colossalstore.es\/?s={search_term_string}\"},\"query-input\":{\"@type\":\"PropertyValueSpecification\",\"valueRequired\":true,\"valueName\":\"search_term_string\"}}],\"inLanguage\":\"en-US\"},{\"@type\":\"Organization\",\"@id\":\"https:\/\/www.colossalstore.es\/#organization\",\"name\":\"Colossal Store\",\"url\":\"https:\/\/www.colossalstore.es\/\",\"logo\":{\"@type\":\"ImageObject\",\"inLanguage\":\"en-US\",\"@id\":\"https:\/\/www.colossalstore.es\/#\/schema\/logo\/image\/\",\"url\":\"https:\/\/www.colossalstore.es\/wp-content\/uploads\/2023\/05\/Colossal_Logo-02.png\",\"contentUrl\":\"https:\/\/www.colossalstore.es\/wp-content\/uploads\/2023\/05\/Colossal_Logo-02.png\",\"width\":1181,\"height\":1181,\"caption\":\"Colossal Store\"},\"image\":{\"@id\":\"https:\/\/www.colossalstore.es\/#\/schema\/logo\/image\/\"},\"sameAs\":[\"https:\/\/x.com\/Colossal_Store\",\"https:\/\/www.instagram.com\/colossal_store_tcg\/\",\"https:\/\/www.tiktok.com\/@colossalstore\"]}]}<\/script>\n<!-- \/ Yoast SEO plugin. -->","yoast_head_json":{"title":"PEQUE\u00d1AS GRANDES GALAXIAS ESPACIO PROFUNDO | Colossal Store","robots":{"index":"index","follow":"follow","max-snippet":"max-snippet:-1","max-image-preview":"max-image-preview:large","max-video-preview":"max-video-preview:-1"},"canonical":"https:\/\/www.colossalstore.es\/en\/tienda\/juegos-de-mesa\/pequenas-grandes-galaxias-espacio-profundo\/","og_locale":"en_US","og_type":"article","og_title":"PEQUE\u00d1AS GRANDES GALAXIAS ESPACIO PROFUNDO | Colossal Store","og_description":"Tus galaxias llegan ya hasta los l\u00edmites del espacio conocido. Te topas con tus rivales y tienes que luchar con u\u00f1as y dientes por los planetas f\u00e9rtiles. Ha llegado el momento de ampliar tus fronteras. Moderniza tus naves con la \u00faltima tecnolog\u00eda del momento y avanza m\u00e1s all\u00e1 de las oscuras profundidades del espacio, hacia [&hellip;]","og_url":"https:\/\/www.colossalstore.es\/en\/tienda\/juegos-de-mesa\/pequenas-grandes-galaxias-espacio-profundo\/","og_site_name":"Colossal Store","og_image":[{"width":800,"height":800,"url":"https:\/\/www.colossalstore.es\/wp-content\/uploads\/2025\/07\/pequenas-grandes-galaxias-beyond-the-black-castellano.webp","type":"image\/webp"}],"twitter_card":"summary_large_image","twitter_site":"@Colossal_Store","twitter_misc":{"Est. reading time":"3 minutes"},"schema":{"@context":"https:\/\/schema.org","@graph":[{"@type":"WebPage","@id":"https:\/\/www.colossalstore.es\/tienda\/juegos-de-mesa\/pequenas-grandes-galaxias-espacio-profundo\/","url":"https:\/\/www.colossalstore.es\/tienda\/juegos-de-mesa\/pequenas-grandes-galaxias-espacio-profundo\/","name":"PEQUE\u00d1AS GRANDES GALAXIAS ESPACIO PROFUNDO | Colossal Store","isPartOf":{"@id":"https:\/\/www.colossalstore.es\/#website"},"primaryImageOfPage":{"@id":"https:\/\/www.colossalstore.es\/tienda\/juegos-de-mesa\/pequenas-grandes-galaxias-espacio-profundo\/#primaryimage"},"image":{"@id":"https:\/\/www.colossalstore.es\/tienda\/juegos-de-mesa\/pequenas-grandes-galaxias-espacio-profundo\/#primaryimage"},"thumbnailUrl":"https:\/\/www.colossalstore.es\/wp-content\/uploads\/2025\/07\/pequenas-grandes-galaxias-beyond-the-black-castellano.webp","datePublished":"2025-07-22T17:32:15+00:00","breadcrumb":{"@id":"https:\/\/www.colossalstore.es\/tienda\/juegos-de-mesa\/pequenas-grandes-galaxias-espacio-profundo\/#breadcrumb"},"inLanguage":"en-US","potentialAction":[{"@type":"ReadAction","target":["https:\/\/www.colossalstore.es\/tienda\/juegos-de-mesa\/pequenas-grandes-galaxias-espacio-profundo\/"]}]},{"@type":"ImageObject","inLanguage":"en-US","@id":"https:\/\/www.colossalstore.es\/tienda\/juegos-de-mesa\/pequenas-grandes-galaxias-espacio-profundo\/#primaryimage","url":"https:\/\/www.colossalstore.es\/wp-content\/uploads\/2025\/07\/pequenas-grandes-galaxias-beyond-the-black-castellano.webp","contentUrl":"https:\/\/www.colossalstore.es\/wp-content\/uploads\/2025\/07\/pequenas-grandes-galaxias-beyond-the-black-castellano.webp","width":800,"height":800},{"@type":"BreadcrumbList","@id":"https:\/\/www.colossalstore.es\/tienda\/juegos-de-mesa\/pequenas-grandes-galaxias-espacio-profundo\/#breadcrumb","itemListElement":[{"@type":"ListItem","position":1,"name":"Home","item":"https:\/\/www.colossalstore.es\/"},{"@type":"ListItem","position":2,"name":"Tienda","item":"https:\/\/www.colossalstore.es\/tienda\/"},{"@type":"ListItem","position":3,"name":"PEQUE\u00d1AS GRANDES GALAXIAS ESPACIO PROFUNDO"}]},{"@type":"WebSite","@id":"https:\/\/www.colossalstore.es\/#website","url":"https:\/\/www.colossalstore.es\/","name":"Colossal Store","description":"Colossal Store, store specialized in TCGs.","publisher":{"@id":"https:\/\/www.colossalstore.es\/#organization"},"alternateName":"Colossal Store","potentialAction":[{"@type":"SearchAction","target":{"@type":"EntryPoint","urlTemplate":"https:\/\/www.colossalstore.es\/?s={search_term_string}"},"query-input":{"@type":"PropertyValueSpecification","valueRequired":true,"valueName":"search_term_string"}}],"inLanguage":"en-US"},{"@type":"Organization","@id":"https:\/\/www.colossalstore.es\/#organization","name":"Colossal Store","url":"https:\/\/www.colossalstore.es\/","logo":{"@type":"ImageObject","inLanguage":"en-US","@id":"https:\/\/www.colossalstore.es\/#\/schema\/logo\/image\/","url":"https:\/\/www.colossalstore.es\/wp-content\/uploads\/2023\/05\/Colossal_Logo-02.png","contentUrl":"https:\/\/www.colossalstore.es\/wp-content\/uploads\/2023\/05\/Colossal_Logo-02.png","width":1181,"height":1181,"caption":"Colossal Store"},"image":{"@id":"https:\/\/www.colossalstore.es\/#\/schema\/logo\/image\/"},"sameAs":["https:\/\/x.com\/Colossal_Store","https:\/\/www.instagram.com\/colossal_store_tcg\/","https:\/\/www.tiktok.com\/@colossalstore"]}]}},"_links":{"self":[{"href":"https:\/\/www.colossalstore.es\/en\/wp-json\/wp\/v2\/product\/10937","targetHints":{"allow":["GET"]}}],"collection":[{"href":"https:\/\/www.colossalstore.es\/en\/wp-json\/wp\/v2\/product"}],"about":[{"href":"https:\/\/www.colossalstore.es\/en\/wp-json\/wp\/v2\/types\/product"}],"replies":[{"embeddable":true,"href":"https:\/\/www.colossalstore.es\/en\/wp-json\/wp\/v2\/comments?post=10937"}],"wp:featuredmedia":[{"embeddable":true,"href":"https:\/\/www.colossalstore.es\/en\/wp-json\/wp\/v2\/media\/10939"}],"wp:attachment":[{"href":"https:\/\/www.colossalstore.es\/en\/wp-json\/wp\/v2\/media?parent=10937"}],"wp:term":[{"taxonomy":"product_brand","embeddable":true,"href":"https:\/\/www.colossalstore.es\/en\/wp-json\/wp\/v2\/product_brand?post=10937"},{"taxonomy":"product_cat","embeddable":true,"href":"https:\/\/www.colossalstore.es\/en\/wp-json\/wp\/v2\/product_cat?post=10937"},{"taxonomy":"product_tag","embeddable":true,"href":"https:\/\/www.colossalstore.es\/en\/wp-json\/wp\/v2\/product_tag?post=10937"}],"curies":[{"name":"wp","href":"https:\/\/api.w.org\/{rel}","templated":true}]}}