{"id":10904,"date":"2025-07-22T19:06:49","date_gmt":"2025-07-22T17:06:49","guid":{"rendered":"https:\/\/www.colossalstore.es\/?post_type=product&#038;p=10904"},"modified":"2025-07-22T19:06:50","modified_gmt":"2025-07-22T17:06:50","slug":"sherlock-holmes-los-crimenes-del-tamesis","status":"publish","type":"product","link":"https:\/\/www.colossalstore.es\/en\/tienda\/juegos-de-mesa\/sherlock-holmes-los-crimenes-del-tamesis\/","title":{"rendered":"SHERLOCK HOLMES: LOS CR\u00cdMENES DEL T\u00c1MESIS"},"content":{"rendered":"<p>Los cr\u00edmenes del T\u00e1mesis y otros casos\u00a1Resuelve diez misterios en el Londres victoriano! La maldici\u00f3n de la momia, Los cr\u00edmenes del T\u00e1mesis, Los misterios de Londres, Los cuadros robados? Misteriosos casos sometidos a la mente del m\u00e1s ilustre de los detectives: \u00a1Sherlock Holmes! Equipado con un ejemplar del Times, un plano de Londres, una gu\u00eda de Londres y, sobre todo, de tu l\u00f3gica, recorrer\u00e1s las calles de Londres para resolver los cr\u00edmenes m\u00e1s despreciables. \u00bfIr\u00e1s a estudiar las escenas del crimen? \u00bfVisitar\u00e1s al inspector Lestrade? La decisi\u00f3n est\u00e1 en tus manos y cada pista te acercar\u00e1 un poco m\u00e1s a la verdad.<\/p>","protected":false},"excerpt":{"rendered":"<p>Los cr\u00edmenes del T\u00e1mesis y otros casos\u00a1Resuelve diez misterios en el Londres victoriano! La maldici\u00f3n de la momia, Los cr\u00edmenes del T\u00e1mesis, Los misterios de Londres, Los cuadros robados? Misteriosos casos sometidos a la mente del m\u00e1s ilustre de los detectives: \u00a1Sherlock Holmes! Equipado con un ejemplar del Times, un plano de Londres, una gu\u00eda [&hellip;]<\/p>","protected":false},"featured_media":10905,"comment_status":"open","ping_status":"closed","template":"","meta":{"_joinchat":[]},"product_brand":[],"product_cat":[26],"product_tag":[],"class_list":{"0":"post-10904","1":"product","2":"type-product","3":"status-publish","4":"has-post-thumbnail","6":"product_cat-juegos-de-mesa","8":"first","9":"instock","10":"taxable","11":"shipping-taxable","12":"purchasable","13":"product-type-simple"},"yoast_head":"<!-- This site is optimized with the Yoast SEO plugin v25.7 - https:\/\/yoast.com\/wordpress\/plugins\/seo\/ -->\n<title>SHERLOCK HOLMES: LOS CR\u00cdMENES DEL T\u00c1MESIS | Colossal Store<\/title>\n<meta name=\"robots\" content=\"index, follow, max-snippet:-1, max-image-preview:large, max-video-preview:-1\" \/>\n<link rel=\"canonical\" href=\"https:\/\/www.colossalstore.es\/en\/tienda\/juegos-de-mesa\/sherlock-holmes-los-crimenes-del-tamesis\/\" \/>\n<meta property=\"og:locale\" content=\"en_US\" \/>\n<meta property=\"og:type\" content=\"article\" \/>\n<meta property=\"og:title\" content=\"SHERLOCK HOLMES: LOS CR\u00cdMENES DEL T\u00c1MESIS | Colossal Store\" \/>\n<meta property=\"og:description\" content=\"Los cr\u00edmenes del T\u00e1mesis y otros casos\u00a1Resuelve diez misterios en el Londres victoriano! La maldici\u00f3n de la momia, Los cr\u00edmenes del T\u00e1mesis, Los misterios de Londres, Los cuadros robados? Misteriosos casos sometidos a la mente del m\u00e1s ilustre de los detectives: \u00a1Sherlock Holmes! Equipado con un ejemplar del Times, un plano de Londres, una gu\u00eda [&hellip;]\" \/>\n<meta property=\"og:url\" content=\"https:\/\/www.colossalstore.es\/en\/tienda\/juegos-de-mesa\/sherlock-holmes-los-crimenes-del-tamesis\/\" \/>\n<meta property=\"og:site_name\" content=\"Colossal Store\" \/>\n<meta property=\"article:modified_time\" content=\"2025-07-22T17:06:50+00:00\" \/>\n<meta property=\"og:image\" content=\"https:\/\/www.colossalstore.es\/wp-content\/uploads\/2025\/07\/sherlock-holmes-los-crimenes-del-tamesis.webp\" \/>\n\t<meta property=\"og:image:width\" content=\"800\" \/>\n\t<meta property=\"og:image:height\" content=\"800\" \/>\n\t<meta property=\"og:image:type\" content=\"image\/webp\" \/>\n<meta name=\"twitter:card\" content=\"summary_large_image\" \/>\n<meta name=\"twitter:site\" content=\"@Colossal_Store\" \/>\n<meta name=\"twitter:label1\" content=\"Est. reading time\" \/>\n\t<meta name=\"twitter:data1\" content=\"1 minute\" \/>\n<script type=\"application\/ld+json\" class=\"yoast-schema-graph\">{\"@context\":\"https:\/\/schema.org\",\"@graph\":[{\"@type\":\"WebPage\",\"@id\":\"https:\/\/www.colossalstore.es\/tienda\/juegos-de-mesa\/sherlock-holmes-los-crimenes-del-tamesis\/\",\"url\":\"https:\/\/www.colossalstore.es\/tienda\/juegos-de-mesa\/sherlock-holmes-los-crimenes-del-tamesis\/\",\"name\":\"SHERLOCK HOLMES: LOS CR\u00cdMENES DEL T\u00c1MESIS | Colossal Store\",\"isPartOf\":{\"@id\":\"https:\/\/www.colossalstore.es\/#website\"},\"primaryImageOfPage\":{\"@id\":\"https:\/\/www.colossalstore.es\/tienda\/juegos-de-mesa\/sherlock-holmes-los-crimenes-del-tamesis\/#primaryimage\"},\"image\":{\"@id\":\"https:\/\/www.colossalstore.es\/tienda\/juegos-de-mesa\/sherlock-holmes-los-crimenes-del-tamesis\/#primaryimage\"},\"thumbnailUrl\":\"https:\/\/www.colossalstore.es\/wp-content\/uploads\/2025\/07\/sherlock-holmes-los-crimenes-del-tamesis.webp\",\"datePublished\":\"2025-07-22T17:06:49+00:00\",\"dateModified\":\"2025-07-22T17:06:50+00:00\",\"breadcrumb\":{\"@id\":\"https:\/\/www.colossalstore.es\/tienda\/juegos-de-mesa\/sherlock-holmes-los-crimenes-del-tamesis\/#breadcrumb\"},\"inLanguage\":\"en-US\",\"potentialAction\":[{\"@type\":\"ReadAction\",\"target\":[\"https:\/\/www.colossalstore.es\/tienda\/juegos-de-mesa\/sherlock-holmes-los-crimenes-del-tamesis\/\"]}]},{\"@type\":\"ImageObject\",\"inLanguage\":\"en-US\",\"@id\":\"https:\/\/www.colossalstore.es\/tienda\/juegos-de-mesa\/sherlock-holmes-los-crimenes-del-tamesis\/#primaryimage\",\"url\":\"https:\/\/www.colossalstore.es\/wp-content\/uploads\/2025\/07\/sherlock-holmes-los-crimenes-del-tamesis.webp\",\"contentUrl\":\"https:\/\/www.colossalstore.es\/wp-content\/uploads\/2025\/07\/sherlock-holmes-los-crimenes-del-tamesis.webp\",\"width\":800,\"height\":800},{\"@type\":\"BreadcrumbList\",\"@id\":\"https:\/\/www.colossalstore.es\/tienda\/juegos-de-mesa\/sherlock-holmes-los-crimenes-del-tamesis\/#breadcrumb\",\"itemListElement\":[{\"@type\":\"ListItem\",\"position\":1,\"name\":\"Home\",\"item\":\"https:\/\/www.colossalstore.es\/\"},{\"@type\":\"ListItem\",\"position\":2,\"name\":\"Tienda\",\"item\":\"https:\/\/www.colossalstore.es\/tienda\/\"},{\"@type\":\"ListItem\",\"position\":3,\"name\":\"SHERLOCK HOLMES: LOS CR\u00cdMENES DEL T\u00c1MESIS\"}]},{\"@type\":\"WebSite\",\"@id\":\"https:\/\/www.colossalstore.es\/#website\",\"url\":\"https:\/\/www.colossalstore.es\/\",\"name\":\"Colossal Store\",\"description\":\"Colossal Store, tienda especializada en TCGs.\",\"publisher\":{\"@id\":\"https:\/\/www.colossalstore.es\/#organization\"},\"alternateName\":\"Colossal Store\",\"potentialAction\":[{\"@type\":\"SearchAction\",\"target\":{\"@type\":\"EntryPoint\",\"urlTemplate\":\"https:\/\/www.colossalstore.es\/?s={search_term_string}\"},\"query-input\":{\"@type\":\"PropertyValueSpecification\",\"valueRequired\":true,\"valueName\":\"search_term_string\"}}],\"inLanguage\":\"en-US\"},{\"@type\":\"Organization\",\"@id\":\"https:\/\/www.colossalstore.es\/#organization\",\"name\":\"Colossal Store\",\"url\":\"https:\/\/www.colossalstore.es\/\",\"logo\":{\"@type\":\"ImageObject\",\"inLanguage\":\"en-US\",\"@id\":\"https:\/\/www.colossalstore.es\/#\/schema\/logo\/image\/\",\"url\":\"https:\/\/www.colossalstore.es\/wp-content\/uploads\/2023\/05\/Colossal_Logo-02.png\",\"contentUrl\":\"https:\/\/www.colossalstore.es\/wp-content\/uploads\/2023\/05\/Colossal_Logo-02.png\",\"width\":1181,\"height\":1181,\"caption\":\"Colossal Store\"},\"image\":{\"@id\":\"https:\/\/www.colossalstore.es\/#\/schema\/logo\/image\/\"},\"sameAs\":[\"https:\/\/x.com\/Colossal_Store\",\"https:\/\/www.instagram.com\/colossal_store_tcg\/\",\"https:\/\/www.tiktok.com\/@colossalstore\"]}]}<\/script>\n<!-- \/ Yoast SEO plugin. -->","yoast_head_json":{"title":"SHERLOCK HOLMES: LOS CR\u00cdMENES DEL T\u00c1MESIS | Colossal Store","robots":{"index":"index","follow":"follow","max-snippet":"max-snippet:-1","max-image-preview":"max-image-preview:large","max-video-preview":"max-video-preview:-1"},"canonical":"https:\/\/www.colossalstore.es\/en\/tienda\/juegos-de-mesa\/sherlock-holmes-los-crimenes-del-tamesis\/","og_locale":"en_US","og_type":"article","og_title":"SHERLOCK HOLMES: LOS CR\u00cdMENES DEL T\u00c1MESIS | Colossal Store","og_description":"Los cr\u00edmenes del T\u00e1mesis y otros casos\u00a1Resuelve diez misterios en el Londres victoriano! La maldici\u00f3n de la momia, Los cr\u00edmenes del T\u00e1mesis, Los misterios de Londres, Los cuadros robados? Misteriosos casos sometidos a la mente del m\u00e1s ilustre de los detectives: \u00a1Sherlock Holmes! Equipado con un ejemplar del Times, un plano de Londres, una gu\u00eda [&hellip;]","og_url":"https:\/\/www.colossalstore.es\/en\/tienda\/juegos-de-mesa\/sherlock-holmes-los-crimenes-del-tamesis\/","og_site_name":"Colossal Store","article_modified_time":"2025-07-22T17:06:50+00:00","og_image":[{"width":800,"height":800,"url":"https:\/\/www.colossalstore.es\/wp-content\/uploads\/2025\/07\/sherlock-holmes-los-crimenes-del-tamesis.webp","type":"image\/webp"}],"twitter_card":"summary_large_image","twitter_site":"@Colossal_Store","twitter_misc":{"Est. reading time":"1 minute"},"schema":{"@context":"https:\/\/schema.org","@graph":[{"@type":"WebPage","@id":"https:\/\/www.colossalstore.es\/tienda\/juegos-de-mesa\/sherlock-holmes-los-crimenes-del-tamesis\/","url":"https:\/\/www.colossalstore.es\/tienda\/juegos-de-mesa\/sherlock-holmes-los-crimenes-del-tamesis\/","name":"SHERLOCK HOLMES: LOS CR\u00cdMENES DEL T\u00c1MESIS | Colossal Store","isPartOf":{"@id":"https:\/\/www.colossalstore.es\/#website"},"primaryImageOfPage":{"@id":"https:\/\/www.colossalstore.es\/tienda\/juegos-de-mesa\/sherlock-holmes-los-crimenes-del-tamesis\/#primaryimage"},"image":{"@id":"https:\/\/www.colossalstore.es\/tienda\/juegos-de-mesa\/sherlock-holmes-los-crimenes-del-tamesis\/#primaryimage"},"thumbnailUrl":"https:\/\/www.colossalstore.es\/wp-content\/uploads\/2025\/07\/sherlock-holmes-los-crimenes-del-tamesis.webp","datePublished":"2025-07-22T17:06:49+00:00","dateModified":"2025-07-22T17:06:50+00:00","breadcrumb":{"@id":"https:\/\/www.colossalstore.es\/tienda\/juegos-de-mesa\/sherlock-holmes-los-crimenes-del-tamesis\/#breadcrumb"},"inLanguage":"en-US","potentialAction":[{"@type":"ReadAction","target":["https:\/\/www.colossalstore.es\/tienda\/juegos-de-mesa\/sherlock-holmes-los-crimenes-del-tamesis\/"]}]},{"@type":"ImageObject","inLanguage":"en-US","@id":"https:\/\/www.colossalstore.es\/tienda\/juegos-de-mesa\/sherlock-holmes-los-crimenes-del-tamesis\/#primaryimage","url":"https:\/\/www.colossalstore.es\/wp-content\/uploads\/2025\/07\/sherlock-holmes-los-crimenes-del-tamesis.webp","contentUrl":"https:\/\/www.colossalstore.es\/wp-content\/uploads\/2025\/07\/sherlock-holmes-los-crimenes-del-tamesis.webp","width":800,"height":800},{"@type":"BreadcrumbList","@id":"https:\/\/www.colossalstore.es\/tienda\/juegos-de-mesa\/sherlock-holmes-los-crimenes-del-tamesis\/#breadcrumb","itemListElement":[{"@type":"ListItem","position":1,"name":"Home","item":"https:\/\/www.colossalstore.es\/"},{"@type":"ListItem","position":2,"name":"Tienda","item":"https:\/\/www.colossalstore.es\/tienda\/"},{"@type":"ListItem","position":3,"name":"SHERLOCK HOLMES: LOS CR\u00cdMENES DEL T\u00c1MESIS"}]},{"@type":"WebSite","@id":"https:\/\/www.colossalstore.es\/#website","url":"https:\/\/www.colossalstore.es\/","name":"Colossal Store","description":"Colossal Store, store specialized in TCGs.","publisher":{"@id":"https:\/\/www.colossalstore.es\/#organization"},"alternateName":"Colossal Store","potentialAction":[{"@type":"SearchAction","target":{"@type":"EntryPoint","urlTemplate":"https:\/\/www.colossalstore.es\/?s={search_term_string}"},"query-input":{"@type":"PropertyValueSpecification","valueRequired":true,"valueName":"search_term_string"}}],"inLanguage":"en-US"},{"@type":"Organization","@id":"https:\/\/www.colossalstore.es\/#organization","name":"Colossal Store","url":"https:\/\/www.colossalstore.es\/","logo":{"@type":"ImageObject","inLanguage":"en-US","@id":"https:\/\/www.colossalstore.es\/#\/schema\/logo\/image\/","url":"https:\/\/www.colossalstore.es\/wp-content\/uploads\/2023\/05\/Colossal_Logo-02.png","contentUrl":"https:\/\/www.colossalstore.es\/wp-content\/uploads\/2023\/05\/Colossal_Logo-02.png","width":1181,"height":1181,"caption":"Colossal Store"},"image":{"@id":"https:\/\/www.colossalstore.es\/#\/schema\/logo\/image\/"},"sameAs":["https:\/\/x.com\/Colossal_Store","https:\/\/www.instagram.com\/colossal_store_tcg\/","https:\/\/www.tiktok.com\/@colossalstore"]}]}},"_links":{"self":[{"href":"https:\/\/www.colossalstore.es\/en\/wp-json\/wp\/v2\/product\/10904","targetHints":{"allow":["GET"]}}],"collection":[{"href":"https:\/\/www.colossalstore.es\/en\/wp-json\/wp\/v2\/product"}],"about":[{"href":"https:\/\/www.colossalstore.es\/en\/wp-json\/wp\/v2\/types\/product"}],"replies":[{"embeddable":true,"href":"https:\/\/www.colossalstore.es\/en\/wp-json\/wp\/v2\/comments?post=10904"}],"wp:featuredmedia":[{"embeddable":true,"href":"https:\/\/www.colossalstore.es\/en\/wp-json\/wp\/v2\/media\/10905"}],"wp:attachment":[{"href":"https:\/\/www.colossalstore.es\/en\/wp-json\/wp\/v2\/media?parent=10904"}],"wp:term":[{"taxonomy":"product_brand","embeddable":true,"href":"https:\/\/www.colossalstore.es\/en\/wp-json\/wp\/v2\/product_brand?post=10904"},{"taxonomy":"product_cat","embeddable":true,"href":"https:\/\/www.colossalstore.es\/en\/wp-json\/wp\/v2\/product_cat?post=10904"},{"taxonomy":"product_tag","embeddable":true,"href":"https:\/\/www.colossalstore.es\/en\/wp-json\/wp\/v2\/product_tag?post=10904"}],"curies":[{"name":"wp","href":"https:\/\/api.w.org\/{rel}","templated":true}]}}