{"id":10829,"date":"2025-07-22T11:59:53","date_gmt":"2025-07-22T09:59:53","guid":{"rendered":"https:\/\/www.colossalstore.es\/?post_type=product&#038;p=10829"},"modified":"2025-07-22T11:59:53","modified_gmt":"2025-07-22T09:59:53","slug":"here-to-slay","status":"publish","type":"product","link":"https:\/\/www.colossalstore.es\/en\/tienda\/juegos-de-mesa\/here-to-slay\/","title":{"rendered":"HERE TO SLAY"},"content":{"rendered":"<p>\u00abHere to Slay\u00bb es un juego de cartas de estrategia y fantas\u00eda en el que los jugadores tendremos que competir reuniendo al mejor grupo de h\u00e9roes y matando todos los monstruos que sea posible&#8230; bueno, a veces tambi\u00e9n tendremos que dedicarnos a sabotear a nuestros adversarios&#8230; Mata monstruos y defi\u00e9ndete de tus&#8230; \u00bfamigos?<\/p>\n<p>Durante las partidas, adem\u00e1s de conseguir las mejores cartas, tendr\u00e1s que equipar a tus h\u00e9roes de la mejor manera posible, para que est\u00e9n listos para los enfrentamientos. El primero que mate a tres monstruos, o que construya un grupo completo con seis clases distintas, \u00a1se har\u00e1 con la victoria!<\/p>\n<p>Cada jugador contar\u00e1 con un personaje l\u00edder. Cada carta de l\u00edder tiene una clase y una habilidad que te da una ventaja sobre tus oponentes. Tanto si te gustan los luchadores, los bardos, los magos o los ladrones, encontrar\u00e1s un l\u00edder de grupo adecuado a tu estilo de juego; pero elige con cuidado, \u00a1porque s\u00f3lo tendr\u00e1s un l\u00edder de grupo para toda la partida!<\/p>\n<p>En las filas de tu equipo tendr\u00e1s que reunir a los m\u00e1s valientes aventureros, listos para atacar a los monstruos. El juego incluye m\u00e1s de cuarenta h\u00e9roes \u00fanicos. Cada carta de h\u00e9roe tiene una clase y un efecto, y cada efecto de h\u00e9roe tiene un requisito. Para usar un efecto de h\u00e9roe, debes tirar dos dados y obtener una puntuaci\u00f3n igual o superior a la requerida para ese efecto.<\/p>\n<p>Para matar a los monstruos debes tirar dos dados y obtener una puntuaci\u00f3n igual o superior a la requerida por ese monstruo&#8230; hay distintos niveles, fuerzas y destrezas&#8230; mucho cuidado con qui\u00e9n te enfrentas.<\/p>\n<p>Dispondr\u00e1s de cartas de armas y objetos encantados que pueden ser equipados a tus h\u00e9roes para otorgarles ventajas y habilidades especiales. La mayor\u00eda de los objetos tienen efectos beneficiosos y est\u00e1n pensados para equipar a tu propio grupo, pero un pu\u00f1ado de objetos, llamados objetos malditos, pueden equiparse a los h\u00e9roes enemigos para darles desventajas.<\/p>\n<p>\u00bfNo te gusta lo que tu oponente acaba de jugar? \u00a1Lanza un desaf\u00edo! Las cartas de desaf\u00edo pueden ser jugadas al instante para intentar impedir que otro jugador juegue un h\u00e9roe, un objeto o una carta m\u00e1gica. Jugar una carta de desaf\u00edo inicia un desaf\u00edo de jugador vs jugador en el que tendr\u00e9is que tirar los dados. Si te ganan el desaf\u00edo, a\u00fan podr\u00e1n jugar su carta, pero si ganas t\u00fa, \u00a1podr\u00e1s enviar su carta directamente a la pila de descartes!<\/p>","protected":false},"excerpt":{"rendered":"<p>\u00abHere to Slay\u00bb es un juego de cartas de estrategia y fantas\u00eda en el que los jugadores tendremos que competir reuniendo al mejor grupo de h\u00e9roes y matando todos los monstruos que sea posible&#8230; bueno, a veces tambi\u00e9n tendremos que dedicarnos a sabotear a nuestros adversarios&#8230; Mata monstruos y defi\u00e9ndete de tus&#8230; \u00bfamigos? Durante las [&hellip;]<\/p>","protected":false},"featured_media":10831,"comment_status":"open","ping_status":"closed","template":"","meta":{"_joinchat":[]},"product_brand":[],"product_cat":[26],"product_tag":[],"class_list":{"0":"post-10829","1":"product","2":"type-product","3":"status-publish","4":"has-post-thumbnail","6":"product_cat-juegos-de-mesa","8":"first","9":"instock","10":"taxable","11":"shipping-taxable","12":"purchasable","13":"product-type-simple"},"yoast_head":"<!-- This site is optimized with the Yoast SEO plugin v25.7 - https:\/\/yoast.com\/wordpress\/plugins\/seo\/ -->\n<title>HERE TO SLAY | Colossal Store<\/title>\n<meta name=\"robots\" content=\"index, follow, max-snippet:-1, max-image-preview:large, max-video-preview:-1\" \/>\n<link rel=\"canonical\" href=\"https:\/\/www.colossalstore.es\/en\/tienda\/juegos-de-mesa\/here-to-slay\/\" \/>\n<meta property=\"og:locale\" content=\"en_US\" \/>\n<meta property=\"og:type\" content=\"article\" \/>\n<meta property=\"og:title\" content=\"HERE TO SLAY | Colossal Store\" \/>\n<meta property=\"og:description\" content=\"\u00abHere to Slay\u00bb es un juego de cartas de estrategia y fantas\u00eda en el que los jugadores tendremos que competir reuniendo al mejor grupo de h\u00e9roes y matando todos los monstruos que sea posible&#8230; bueno, a veces tambi\u00e9n tendremos que dedicarnos a sabotear a nuestros adversarios&#8230; Mata monstruos y defi\u00e9ndete de tus&#8230; \u00bfamigos? Durante las [&hellip;]\" \/>\n<meta property=\"og:url\" content=\"https:\/\/www.colossalstore.es\/en\/tienda\/juegos-de-mesa\/here-to-slay\/\" \/>\n<meta property=\"og:site_name\" content=\"Colossal Store\" \/>\n<meta property=\"og:image\" content=\"https:\/\/www.colossalstore.es\/wp-content\/uploads\/2025\/07\/00000001-0000-0011-0000-000001898526-1.jpg\" \/>\n\t<meta property=\"og:image:width\" content=\"703\" \/>\n\t<meta property=\"og:image:height\" content=\"1000\" \/>\n\t<meta property=\"og:image:type\" content=\"image\/jpeg\" \/>\n<meta name=\"twitter:card\" content=\"summary_large_image\" \/>\n<meta name=\"twitter:site\" content=\"@Colossal_Store\" \/>\n<meta name=\"twitter:label1\" content=\"Est. reading time\" \/>\n\t<meta name=\"twitter:data1\" content=\"3 minutes\" \/>\n<script type=\"application\/ld+json\" class=\"yoast-schema-graph\">{\"@context\":\"https:\/\/schema.org\",\"@graph\":[{\"@type\":\"WebPage\",\"@id\":\"https:\/\/www.colossalstore.es\/tienda\/juegos-de-mesa\/here-to-slay\/\",\"url\":\"https:\/\/www.colossalstore.es\/tienda\/juegos-de-mesa\/here-to-slay\/\",\"name\":\"HERE TO SLAY | Colossal Store\",\"isPartOf\":{\"@id\":\"https:\/\/www.colossalstore.es\/#website\"},\"primaryImageOfPage\":{\"@id\":\"https:\/\/www.colossalstore.es\/tienda\/juegos-de-mesa\/here-to-slay\/#primaryimage\"},\"image\":{\"@id\":\"https:\/\/www.colossalstore.es\/tienda\/juegos-de-mesa\/here-to-slay\/#primaryimage\"},\"thumbnailUrl\":\"https:\/\/www.colossalstore.es\/wp-content\/uploads\/2025\/07\/00000001-0000-0011-0000-000001898526-1.jpg\",\"datePublished\":\"2025-07-22T09:59:53+00:00\",\"breadcrumb\":{\"@id\":\"https:\/\/www.colossalstore.es\/tienda\/juegos-de-mesa\/here-to-slay\/#breadcrumb\"},\"inLanguage\":\"en-US\",\"potentialAction\":[{\"@type\":\"ReadAction\",\"target\":[\"https:\/\/www.colossalstore.es\/tienda\/juegos-de-mesa\/here-to-slay\/\"]}]},{\"@type\":\"ImageObject\",\"inLanguage\":\"en-US\",\"@id\":\"https:\/\/www.colossalstore.es\/tienda\/juegos-de-mesa\/here-to-slay\/#primaryimage\",\"url\":\"https:\/\/www.colossalstore.es\/wp-content\/uploads\/2025\/07\/00000001-0000-0011-0000-000001898526-1.jpg\",\"contentUrl\":\"https:\/\/www.colossalstore.es\/wp-content\/uploads\/2025\/07\/00000001-0000-0011-0000-000001898526-1.jpg\",\"width\":703,\"height\":1000},{\"@type\":\"BreadcrumbList\",\"@id\":\"https:\/\/www.colossalstore.es\/tienda\/juegos-de-mesa\/here-to-slay\/#breadcrumb\",\"itemListElement\":[{\"@type\":\"ListItem\",\"position\":1,\"name\":\"Home\",\"item\":\"https:\/\/www.colossalstore.es\/\"},{\"@type\":\"ListItem\",\"position\":2,\"name\":\"Tienda\",\"item\":\"https:\/\/www.colossalstore.es\/tienda\/\"},{\"@type\":\"ListItem\",\"position\":3,\"name\":\"HERE TO SLAY\"}]},{\"@type\":\"WebSite\",\"@id\":\"https:\/\/www.colossalstore.es\/#website\",\"url\":\"https:\/\/www.colossalstore.es\/\",\"name\":\"Colossal Store\",\"description\":\"Colossal Store, tienda especializada en TCGs.\",\"publisher\":{\"@id\":\"https:\/\/www.colossalstore.es\/#organization\"},\"alternateName\":\"Colossal Store\",\"potentialAction\":[{\"@type\":\"SearchAction\",\"target\":{\"@type\":\"EntryPoint\",\"urlTemplate\":\"https:\/\/www.colossalstore.es\/?s={search_term_string}\"},\"query-input\":{\"@type\":\"PropertyValueSpecification\",\"valueRequired\":true,\"valueName\":\"search_term_string\"}}],\"inLanguage\":\"en-US\"},{\"@type\":\"Organization\",\"@id\":\"https:\/\/www.colossalstore.es\/#organization\",\"name\":\"Colossal Store\",\"url\":\"https:\/\/www.colossalstore.es\/\",\"logo\":{\"@type\":\"ImageObject\",\"inLanguage\":\"en-US\",\"@id\":\"https:\/\/www.colossalstore.es\/#\/schema\/logo\/image\/\",\"url\":\"https:\/\/www.colossalstore.es\/wp-content\/uploads\/2023\/05\/Colossal_Logo-02.png\",\"contentUrl\":\"https:\/\/www.colossalstore.es\/wp-content\/uploads\/2023\/05\/Colossal_Logo-02.png\",\"width\":1181,\"height\":1181,\"caption\":\"Colossal Store\"},\"image\":{\"@id\":\"https:\/\/www.colossalstore.es\/#\/schema\/logo\/image\/\"},\"sameAs\":[\"https:\/\/x.com\/Colossal_Store\",\"https:\/\/www.instagram.com\/colossal_store_tcg\/\",\"https:\/\/www.tiktok.com\/@colossalstore\"]}]}<\/script>\n<!-- \/ Yoast SEO plugin. -->","yoast_head_json":{"title":"HERE TO SLAY | Colossal Store","robots":{"index":"index","follow":"follow","max-snippet":"max-snippet:-1","max-image-preview":"max-image-preview:large","max-video-preview":"max-video-preview:-1"},"canonical":"https:\/\/www.colossalstore.es\/en\/tienda\/juegos-de-mesa\/here-to-slay\/","og_locale":"en_US","og_type":"article","og_title":"HERE TO SLAY | Colossal Store","og_description":"\u00abHere to Slay\u00bb es un juego de cartas de estrategia y fantas\u00eda en el que los jugadores tendremos que competir reuniendo al mejor grupo de h\u00e9roes y matando todos los monstruos que sea posible&#8230; bueno, a veces tambi\u00e9n tendremos que dedicarnos a sabotear a nuestros adversarios&#8230; Mata monstruos y defi\u00e9ndete de tus&#8230; \u00bfamigos? Durante las [&hellip;]","og_url":"https:\/\/www.colossalstore.es\/en\/tienda\/juegos-de-mesa\/here-to-slay\/","og_site_name":"Colossal Store","og_image":[{"width":703,"height":1000,"url":"https:\/\/www.colossalstore.es\/wp-content\/uploads\/2025\/07\/00000001-0000-0011-0000-000001898526-1.jpg","type":"image\/jpeg"}],"twitter_card":"summary_large_image","twitter_site":"@Colossal_Store","twitter_misc":{"Est. reading time":"3 minutes"},"schema":{"@context":"https:\/\/schema.org","@graph":[{"@type":"WebPage","@id":"https:\/\/www.colossalstore.es\/tienda\/juegos-de-mesa\/here-to-slay\/","url":"https:\/\/www.colossalstore.es\/tienda\/juegos-de-mesa\/here-to-slay\/","name":"HERE TO SLAY | Colossal Store","isPartOf":{"@id":"https:\/\/www.colossalstore.es\/#website"},"primaryImageOfPage":{"@id":"https:\/\/www.colossalstore.es\/tienda\/juegos-de-mesa\/here-to-slay\/#primaryimage"},"image":{"@id":"https:\/\/www.colossalstore.es\/tienda\/juegos-de-mesa\/here-to-slay\/#primaryimage"},"thumbnailUrl":"https:\/\/www.colossalstore.es\/wp-content\/uploads\/2025\/07\/00000001-0000-0011-0000-000001898526-1.jpg","datePublished":"2025-07-22T09:59:53+00:00","breadcrumb":{"@id":"https:\/\/www.colossalstore.es\/tienda\/juegos-de-mesa\/here-to-slay\/#breadcrumb"},"inLanguage":"en-US","potentialAction":[{"@type":"ReadAction","target":["https:\/\/www.colossalstore.es\/tienda\/juegos-de-mesa\/here-to-slay\/"]}]},{"@type":"ImageObject","inLanguage":"en-US","@id":"https:\/\/www.colossalstore.es\/tienda\/juegos-de-mesa\/here-to-slay\/#primaryimage","url":"https:\/\/www.colossalstore.es\/wp-content\/uploads\/2025\/07\/00000001-0000-0011-0000-000001898526-1.jpg","contentUrl":"https:\/\/www.colossalstore.es\/wp-content\/uploads\/2025\/07\/00000001-0000-0011-0000-000001898526-1.jpg","width":703,"height":1000},{"@type":"BreadcrumbList","@id":"https:\/\/www.colossalstore.es\/tienda\/juegos-de-mesa\/here-to-slay\/#breadcrumb","itemListElement":[{"@type":"ListItem","position":1,"name":"Home","item":"https:\/\/www.colossalstore.es\/"},{"@type":"ListItem","position":2,"name":"Tienda","item":"https:\/\/www.colossalstore.es\/tienda\/"},{"@type":"ListItem","position":3,"name":"HERE TO SLAY"}]},{"@type":"WebSite","@id":"https:\/\/www.colossalstore.es\/#website","url":"https:\/\/www.colossalstore.es\/","name":"Colossal Store","description":"Colossal Store, store specialized in TCGs.","publisher":{"@id":"https:\/\/www.colossalstore.es\/#organization"},"alternateName":"Colossal Store","potentialAction":[{"@type":"SearchAction","target":{"@type":"EntryPoint","urlTemplate":"https:\/\/www.colossalstore.es\/?s={search_term_string}"},"query-input":{"@type":"PropertyValueSpecification","valueRequired":true,"valueName":"search_term_string"}}],"inLanguage":"en-US"},{"@type":"Organization","@id":"https:\/\/www.colossalstore.es\/#organization","name":"Colossal Store","url":"https:\/\/www.colossalstore.es\/","logo":{"@type":"ImageObject","inLanguage":"en-US","@id":"https:\/\/www.colossalstore.es\/#\/schema\/logo\/image\/","url":"https:\/\/www.colossalstore.es\/wp-content\/uploads\/2023\/05\/Colossal_Logo-02.png","contentUrl":"https:\/\/www.colossalstore.es\/wp-content\/uploads\/2023\/05\/Colossal_Logo-02.png","width":1181,"height":1181,"caption":"Colossal Store"},"image":{"@id":"https:\/\/www.colossalstore.es\/#\/schema\/logo\/image\/"},"sameAs":["https:\/\/x.com\/Colossal_Store","https:\/\/www.instagram.com\/colossal_store_tcg\/","https:\/\/www.tiktok.com\/@colossalstore"]}]}},"_links":{"self":[{"href":"https:\/\/www.colossalstore.es\/en\/wp-json\/wp\/v2\/product\/10829","targetHints":{"allow":["GET"]}}],"collection":[{"href":"https:\/\/www.colossalstore.es\/en\/wp-json\/wp\/v2\/product"}],"about":[{"href":"https:\/\/www.colossalstore.es\/en\/wp-json\/wp\/v2\/types\/product"}],"replies":[{"embeddable":true,"href":"https:\/\/www.colossalstore.es\/en\/wp-json\/wp\/v2\/comments?post=10829"}],"wp:featuredmedia":[{"embeddable":true,"href":"https:\/\/www.colossalstore.es\/en\/wp-json\/wp\/v2\/media\/10831"}],"wp:attachment":[{"href":"https:\/\/www.colossalstore.es\/en\/wp-json\/wp\/v2\/media?parent=10829"}],"wp:term":[{"taxonomy":"product_brand","embeddable":true,"href":"https:\/\/www.colossalstore.es\/en\/wp-json\/wp\/v2\/product_brand?post=10829"},{"taxonomy":"product_cat","embeddable":true,"href":"https:\/\/www.colossalstore.es\/en\/wp-json\/wp\/v2\/product_cat?post=10829"},{"taxonomy":"product_tag","embeddable":true,"href":"https:\/\/www.colossalstore.es\/en\/wp-json\/wp\/v2\/product_tag?post=10829"}],"curies":[{"name":"wp","href":"https:\/\/api.w.org\/{rel}","templated":true}]}}