{"id":10804,"date":"2025-07-22T11:25:55","date_gmt":"2025-07-22T09:25:55","guid":{"rendered":"https:\/\/www.colossalstore.es\/?post_type=product&#038;p=10804"},"modified":"2025-07-22T11:25:55","modified_gmt":"2025-07-22T09:25:55","slug":"tir-na-nog","status":"publish","type":"product","link":"https:\/\/www.colossalstore.es\/en\/tienda\/juegos-de-mesa\/tir-na-nog\/","title":{"rendered":"T\u00cdR NA N\u00d3G"},"content":{"rendered":"<p>El camino dorado a T\u00edr na n\u00d3g se ha abierto una vez m\u00e1s, y los mejores narradores celtas se han reunido para un viaje \u00fanico al Otro Mundo. Cuando regresen, traer\u00e1n consigo los relatos de las criaturas con las que se han topado y las aventuras que han vivido. Con el tiempo, esos relatos se convertir\u00e1n en sagas y la m\u00e1s \u00e9pica de todas ellas perdurar\u00e1 para siempre. Dise\u00f1ado por Isaac Shalev y Jason Slingerland, T\u00edr na n\u00d3g se puede disfrutar en solitario o en grupos de hasta 5 jugadores, a partir de 10 a\u00f1os, en sesiones de unos 45 minutos de duraci\u00f3n. A trav\u00e9s de mec\u00e1nicas de gesti\u00f3n de mano y colocaci\u00f3n de trabajadores, los jugadores competir\u00e1n por sumar la mayor cantidad posible de puntos formando una saga \u00fanica en su zona de juego con las cartas de relato. Una partida a T\u00edr na n\u00d3g se juega a lo largo de 5 rondas. En cada una, los jugadores seleccionar\u00e1n y colocar\u00e1n 3 cartas en su zona de juego y al final formar\u00e1n una saga de 15 cartas, distribuidas en una parrilla de tres filas y cinco columnas, que determinar\u00e1n la puntuaci\u00f3n final. La posici\u00f3n final de una carta en la zona de juego personal es clave, ya que puede generar m\u00e1s o menos puntos. Durante la preparaci\u00f3n, cada jugador obtiene 3 cartas de Geis que indican c\u00f3mo se puntuar\u00e1n las cartas (hay un mont\u00f3n de ellas, para que cada partida sea distinta) y se despliega un mercado central de cartas. En cada turno, cada jugador colocar\u00e1 uno de sus tres peones en la intersecci\u00f3n entre dos cartas del mercado central. Cuando todos los jugadores han colocado sus peones, por turnos elegir\u00e1n cartas y las a\u00f1adir\u00e1n a su zona de juego personal. Las cartas se dividen en cuatro colores distintos, y al final de la partida los jugadores que tengan las regiones m\u00e1s amplias de cada color ganar\u00e1n puntos adicionales. Tambi\u00e9n tienen un valor propio, que dar\u00e1 puntos seg\u00fan las cartas de objetivo; e incluso puede que tengan una habilidad, que puede desencadenar efectos de todo tipo. Controlar los tiempos en T\u00edr na n\u00d3g es clave, ya que puede que dos jugadores necesiten la misma carta del mercado central. Pero solo uno se la podr\u00e1 quedar. Sin embargo, hay maneras distintas de puntuar, de modo que hay muchas combinaciones al alcance de los jugadores. \u00bfPreparados para escribir la saga m\u00e1s \u00e9pica que perdure para siempre?<\/p>","protected":false},"excerpt":{"rendered":"<p>El camino dorado a T\u00edr na n\u00d3g se ha abierto una vez m\u00e1s, y los mejores narradores celtas se han reunido para un viaje \u00fanico al Otro Mundo. Cuando regresen, traer\u00e1n consigo los relatos de las criaturas con las que se han topado y las aventuras que han vivido. Con el tiempo, esos relatos se [&hellip;]<\/p>","protected":false},"featured_media":10805,"comment_status":"open","ping_status":"closed","template":"","meta":{"_joinchat":[]},"product_brand":[],"product_cat":[26],"product_tag":[],"class_list":{"0":"post-10804","1":"product","2":"type-product","3":"status-publish","4":"has-post-thumbnail","6":"product_cat-juegos-de-mesa","8":"first","9":"instock","10":"taxable","11":"shipping-taxable","12":"purchasable","13":"product-type-simple"},"yoast_head":"<!-- This site is optimized with the Yoast SEO plugin v25.7 - https:\/\/yoast.com\/wordpress\/plugins\/seo\/ -->\n<title>T\u00cdR NA N\u00d3G | Colossal Store<\/title>\n<meta name=\"robots\" content=\"index, follow, max-snippet:-1, max-image-preview:large, max-video-preview:-1\" \/>\n<link rel=\"canonical\" href=\"https:\/\/www.colossalstore.es\/en\/tienda\/juegos-de-mesa\/tir-na-nog\/\" \/>\n<meta property=\"og:locale\" content=\"en_US\" \/>\n<meta property=\"og:type\" content=\"article\" \/>\n<meta property=\"og:title\" content=\"T\u00cdR NA N\u00d3G | Colossal Store\" \/>\n<meta property=\"og:description\" content=\"El camino dorado a T\u00edr na n\u00d3g se ha abierto una vez m\u00e1s, y los mejores narradores celtas se han reunido para un viaje \u00fanico al Otro Mundo. Cuando regresen, traer\u00e1n consigo los relatos de las criaturas con las que se han topado y las aventuras que han vivido. Con el tiempo, esos relatos se [&hellip;]\" \/>\n<meta property=\"og:url\" content=\"https:\/\/www.colossalstore.es\/en\/tienda\/juegos-de-mesa\/tir-na-nog\/\" \/>\n<meta property=\"og:site_name\" content=\"Colossal Store\" \/>\n<meta property=\"og:image\" content=\"https:\/\/www.colossalstore.es\/wp-content\/uploads\/2025\/07\/tir-na-nog.jpg\" \/>\n\t<meta property=\"og:image:width\" content=\"1000\" \/>\n\t<meta property=\"og:image:height\" content=\"1000\" \/>\n\t<meta property=\"og:image:type\" content=\"image\/jpeg\" \/>\n<meta name=\"twitter:card\" content=\"summary_large_image\" \/>\n<meta name=\"twitter:site\" content=\"@Colossal_Store\" \/>\n<meta name=\"twitter:label1\" content=\"Est. reading time\" \/>\n\t<meta name=\"twitter:data1\" content=\"3 minutes\" \/>\n<script type=\"application\/ld+json\" class=\"yoast-schema-graph\">{\"@context\":\"https:\/\/schema.org\",\"@graph\":[{\"@type\":\"WebPage\",\"@id\":\"https:\/\/www.colossalstore.es\/tienda\/juegos-de-mesa\/tir-na-nog\/\",\"url\":\"https:\/\/www.colossalstore.es\/tienda\/juegos-de-mesa\/tir-na-nog\/\",\"name\":\"T\u00cdR NA N\u00d3G | Colossal Store\",\"isPartOf\":{\"@id\":\"https:\/\/www.colossalstore.es\/#website\"},\"primaryImageOfPage\":{\"@id\":\"https:\/\/www.colossalstore.es\/tienda\/juegos-de-mesa\/tir-na-nog\/#primaryimage\"},\"image\":{\"@id\":\"https:\/\/www.colossalstore.es\/tienda\/juegos-de-mesa\/tir-na-nog\/#primaryimage\"},\"thumbnailUrl\":\"https:\/\/www.colossalstore.es\/wp-content\/uploads\/2025\/07\/tir-na-nog.jpg\",\"datePublished\":\"2025-07-22T09:25:55+00:00\",\"breadcrumb\":{\"@id\":\"https:\/\/www.colossalstore.es\/tienda\/juegos-de-mesa\/tir-na-nog\/#breadcrumb\"},\"inLanguage\":\"en-US\",\"potentialAction\":[{\"@type\":\"ReadAction\",\"target\":[\"https:\/\/www.colossalstore.es\/tienda\/juegos-de-mesa\/tir-na-nog\/\"]}]},{\"@type\":\"ImageObject\",\"inLanguage\":\"en-US\",\"@id\":\"https:\/\/www.colossalstore.es\/tienda\/juegos-de-mesa\/tir-na-nog\/#primaryimage\",\"url\":\"https:\/\/www.colossalstore.es\/wp-content\/uploads\/2025\/07\/tir-na-nog.jpg\",\"contentUrl\":\"https:\/\/www.colossalstore.es\/wp-content\/uploads\/2025\/07\/tir-na-nog.jpg\",\"width\":1000,\"height\":1000},{\"@type\":\"BreadcrumbList\",\"@id\":\"https:\/\/www.colossalstore.es\/tienda\/juegos-de-mesa\/tir-na-nog\/#breadcrumb\",\"itemListElement\":[{\"@type\":\"ListItem\",\"position\":1,\"name\":\"Home\",\"item\":\"https:\/\/www.colossalstore.es\/\"},{\"@type\":\"ListItem\",\"position\":2,\"name\":\"Tienda\",\"item\":\"https:\/\/www.colossalstore.es\/tienda\/\"},{\"@type\":\"ListItem\",\"position\":3,\"name\":\"T\u00cdR NA N\u00d3G\"}]},{\"@type\":\"WebSite\",\"@id\":\"https:\/\/www.colossalstore.es\/#website\",\"url\":\"https:\/\/www.colossalstore.es\/\",\"name\":\"Colossal Store\",\"description\":\"Colossal Store, tienda especializada en TCGs.\",\"publisher\":{\"@id\":\"https:\/\/www.colossalstore.es\/#organization\"},\"alternateName\":\"Colossal Store\",\"potentialAction\":[{\"@type\":\"SearchAction\",\"target\":{\"@type\":\"EntryPoint\",\"urlTemplate\":\"https:\/\/www.colossalstore.es\/?s={search_term_string}\"},\"query-input\":{\"@type\":\"PropertyValueSpecification\",\"valueRequired\":true,\"valueName\":\"search_term_string\"}}],\"inLanguage\":\"en-US\"},{\"@type\":\"Organization\",\"@id\":\"https:\/\/www.colossalstore.es\/#organization\",\"name\":\"Colossal Store\",\"url\":\"https:\/\/www.colossalstore.es\/\",\"logo\":{\"@type\":\"ImageObject\",\"inLanguage\":\"en-US\",\"@id\":\"https:\/\/www.colossalstore.es\/#\/schema\/logo\/image\/\",\"url\":\"https:\/\/www.colossalstore.es\/wp-content\/uploads\/2023\/05\/Colossal_Logo-02.png\",\"contentUrl\":\"https:\/\/www.colossalstore.es\/wp-content\/uploads\/2023\/05\/Colossal_Logo-02.png\",\"width\":1181,\"height\":1181,\"caption\":\"Colossal Store\"},\"image\":{\"@id\":\"https:\/\/www.colossalstore.es\/#\/schema\/logo\/image\/\"},\"sameAs\":[\"https:\/\/x.com\/Colossal_Store\",\"https:\/\/www.instagram.com\/colossal_store_tcg\/\",\"https:\/\/www.tiktok.com\/@colossalstore\"]}]}<\/script>\n<!-- \/ Yoast SEO plugin. -->","yoast_head_json":{"title":"T\u00cdR NA N\u00d3G | Colossal Store","robots":{"index":"index","follow":"follow","max-snippet":"max-snippet:-1","max-image-preview":"max-image-preview:large","max-video-preview":"max-video-preview:-1"},"canonical":"https:\/\/www.colossalstore.es\/en\/tienda\/juegos-de-mesa\/tir-na-nog\/","og_locale":"en_US","og_type":"article","og_title":"T\u00cdR NA N\u00d3G | Colossal Store","og_description":"El camino dorado a T\u00edr na n\u00d3g se ha abierto una vez m\u00e1s, y los mejores narradores celtas se han reunido para un viaje \u00fanico al Otro Mundo. Cuando regresen, traer\u00e1n consigo los relatos de las criaturas con las que se han topado y las aventuras que han vivido. Con el tiempo, esos relatos se [&hellip;]","og_url":"https:\/\/www.colossalstore.es\/en\/tienda\/juegos-de-mesa\/tir-na-nog\/","og_site_name":"Colossal Store","og_image":[{"width":1000,"height":1000,"url":"https:\/\/www.colossalstore.es\/wp-content\/uploads\/2025\/07\/tir-na-nog.jpg","type":"image\/jpeg"}],"twitter_card":"summary_large_image","twitter_site":"@Colossal_Store","twitter_misc":{"Est. reading time":"3 minutes"},"schema":{"@context":"https:\/\/schema.org","@graph":[{"@type":"WebPage","@id":"https:\/\/www.colossalstore.es\/tienda\/juegos-de-mesa\/tir-na-nog\/","url":"https:\/\/www.colossalstore.es\/tienda\/juegos-de-mesa\/tir-na-nog\/","name":"T\u00cdR NA N\u00d3G | Colossal Store","isPartOf":{"@id":"https:\/\/www.colossalstore.es\/#website"},"primaryImageOfPage":{"@id":"https:\/\/www.colossalstore.es\/tienda\/juegos-de-mesa\/tir-na-nog\/#primaryimage"},"image":{"@id":"https:\/\/www.colossalstore.es\/tienda\/juegos-de-mesa\/tir-na-nog\/#primaryimage"},"thumbnailUrl":"https:\/\/www.colossalstore.es\/wp-content\/uploads\/2025\/07\/tir-na-nog.jpg","datePublished":"2025-07-22T09:25:55+00:00","breadcrumb":{"@id":"https:\/\/www.colossalstore.es\/tienda\/juegos-de-mesa\/tir-na-nog\/#breadcrumb"},"inLanguage":"en-US","potentialAction":[{"@type":"ReadAction","target":["https:\/\/www.colossalstore.es\/tienda\/juegos-de-mesa\/tir-na-nog\/"]}]},{"@type":"ImageObject","inLanguage":"en-US","@id":"https:\/\/www.colossalstore.es\/tienda\/juegos-de-mesa\/tir-na-nog\/#primaryimage","url":"https:\/\/www.colossalstore.es\/wp-content\/uploads\/2025\/07\/tir-na-nog.jpg","contentUrl":"https:\/\/www.colossalstore.es\/wp-content\/uploads\/2025\/07\/tir-na-nog.jpg","width":1000,"height":1000},{"@type":"BreadcrumbList","@id":"https:\/\/www.colossalstore.es\/tienda\/juegos-de-mesa\/tir-na-nog\/#breadcrumb","itemListElement":[{"@type":"ListItem","position":1,"name":"Home","item":"https:\/\/www.colossalstore.es\/"},{"@type":"ListItem","position":2,"name":"Tienda","item":"https:\/\/www.colossalstore.es\/tienda\/"},{"@type":"ListItem","position":3,"name":"T\u00cdR NA N\u00d3G"}]},{"@type":"WebSite","@id":"https:\/\/www.colossalstore.es\/#website","url":"https:\/\/www.colossalstore.es\/","name":"Colossal Store","description":"Colossal Store, store specialized in TCGs.","publisher":{"@id":"https:\/\/www.colossalstore.es\/#organization"},"alternateName":"Colossal Store","potentialAction":[{"@type":"SearchAction","target":{"@type":"EntryPoint","urlTemplate":"https:\/\/www.colossalstore.es\/?s={search_term_string}"},"query-input":{"@type":"PropertyValueSpecification","valueRequired":true,"valueName":"search_term_string"}}],"inLanguage":"en-US"},{"@type":"Organization","@id":"https:\/\/www.colossalstore.es\/#organization","name":"Colossal Store","url":"https:\/\/www.colossalstore.es\/","logo":{"@type":"ImageObject","inLanguage":"en-US","@id":"https:\/\/www.colossalstore.es\/#\/schema\/logo\/image\/","url":"https:\/\/www.colossalstore.es\/wp-content\/uploads\/2023\/05\/Colossal_Logo-02.png","contentUrl":"https:\/\/www.colossalstore.es\/wp-content\/uploads\/2023\/05\/Colossal_Logo-02.png","width":1181,"height":1181,"caption":"Colossal Store"},"image":{"@id":"https:\/\/www.colossalstore.es\/#\/schema\/logo\/image\/"},"sameAs":["https:\/\/x.com\/Colossal_Store","https:\/\/www.instagram.com\/colossal_store_tcg\/","https:\/\/www.tiktok.com\/@colossalstore"]}]}},"_links":{"self":[{"href":"https:\/\/www.colossalstore.es\/en\/wp-json\/wp\/v2\/product\/10804","targetHints":{"allow":["GET"]}}],"collection":[{"href":"https:\/\/www.colossalstore.es\/en\/wp-json\/wp\/v2\/product"}],"about":[{"href":"https:\/\/www.colossalstore.es\/en\/wp-json\/wp\/v2\/types\/product"}],"replies":[{"embeddable":true,"href":"https:\/\/www.colossalstore.es\/en\/wp-json\/wp\/v2\/comments?post=10804"}],"wp:featuredmedia":[{"embeddable":true,"href":"https:\/\/www.colossalstore.es\/en\/wp-json\/wp\/v2\/media\/10805"}],"wp:attachment":[{"href":"https:\/\/www.colossalstore.es\/en\/wp-json\/wp\/v2\/media?parent=10804"}],"wp:term":[{"taxonomy":"product_brand","embeddable":true,"href":"https:\/\/www.colossalstore.es\/en\/wp-json\/wp\/v2\/product_brand?post=10804"},{"taxonomy":"product_cat","embeddable":true,"href":"https:\/\/www.colossalstore.es\/en\/wp-json\/wp\/v2\/product_cat?post=10804"},{"taxonomy":"product_tag","embeddable":true,"href":"https:\/\/www.colossalstore.es\/en\/wp-json\/wp\/v2\/product_tag?post=10804"}],"curies":[{"name":"wp","href":"https:\/\/api.w.org\/{rel}","templated":true}]}}