{"id":10717,"date":"2025-07-19T12:13:17","date_gmt":"2025-07-19T10:13:17","guid":{"rendered":"https:\/\/www.colossalstore.es\/?post_type=product&#038;p=10717"},"modified":"2025-07-19T12:13:17","modified_gmt":"2025-07-19T10:13:17","slug":"el-monstruo-de-los-calcetines","status":"publish","type":"product","link":"https:\/\/www.colossalstore.es\/en\/tienda\/juegos-de-mesa\/el-monstruo-de-los-calcetines\/","title":{"rendered":"EL MONSTRUO DE LOS CALCETINES"},"content":{"rendered":"<p>\u00a1El Monstruo de los Calcetines ha vuelto a hacer de las suyas en el armario! \u00bfQui\u00e9n ser\u00e1 capaz de encontrar las parejas de calcetines en medio de semejante desorden? R\u00e1pidamente los ni\u00f1os buscar\u00e1n y buscar\u00e1n todos a la vez en la monta\u00f1a de calcetines. \u00a1Maldici\u00f3n, los calcetines son todos muy parecidos!<br \/>\nContent:<br \/>\n1 monstruo, 48 calcetines (24 pares), 13 pinzas de la ropa, instrucciones de juego.<br \/>\nIdioma de las instrucciones del juego:italiano<br \/>\nalem\u00e1n<br \/>\nneerland\u00e9s<br \/>\nespa\u00f1ol<br \/>\nfranc\u00e9s<br \/>\ningl\u00e9s<br \/>\nAutores:Michael Schacht<br \/>\nIlustradores:Martina Leykamm<br \/>\nTipo de deporte:juego de reacci\u00f3n<br \/>\njuego de asignaci\u00f3n<br \/>\nAdvertencias:Atenci\u00f3n. No apto para ni\u00f1os menores de 3 a\u00f1os. Piezas peque\u00f1as. Peligro de asfixia.<br \/>\nHasta X a\u00f1os de edad:99 a\u00f1os<br \/>\nDesde X a\u00f1os de edad:4 a\u00f1os<br \/>\nN\u00famero de jugadores hasta:6 personas<br \/>\nDuraci\u00f3n del juego desde:10 min<br \/>\nN\u00famero de jugadores desde:2 personas<br \/>\nMaterial:madera, cart\u00f3n<\/p>","protected":false},"excerpt":{"rendered":"<p>\u00a1El Monstruo de los Calcetines ha vuelto a hacer de las suyas en el armario! \u00bfQui\u00e9n ser\u00e1 capaz de encontrar las parejas de calcetines en medio de semejante desorden? R\u00e1pidamente los ni\u00f1os buscar\u00e1n y buscar\u00e1n todos a la vez en la monta\u00f1a de calcetines. \u00a1Maldici\u00f3n, los calcetines son todos muy parecidos! Contenido: 1 monstruo, 48 [&hellip;]<\/p>","protected":false},"featured_media":10719,"comment_status":"open","ping_status":"closed","template":"","meta":{"_joinchat":[]},"product_brand":[],"product_cat":[26],"product_tag":[],"class_list":{"0":"post-10717","1":"product","2":"type-product","3":"status-publish","4":"has-post-thumbnail","6":"product_cat-juegos-de-mesa","8":"first","9":"instock","10":"taxable","11":"shipping-taxable","12":"purchasable","13":"product-type-simple"},"yoast_head":"<!-- This site is optimized with the Yoast SEO plugin v25.7 - https:\/\/yoast.com\/wordpress\/plugins\/seo\/ -->\n<title>EL MONSTRUO DE LOS CALCETINES | Colossal Store<\/title>\n<meta name=\"robots\" content=\"index, follow, max-snippet:-1, max-image-preview:large, max-video-preview:-1\" \/>\n<link rel=\"canonical\" href=\"https:\/\/www.colossalstore.es\/en\/tienda\/juegos-de-mesa\/el-monstruo-de-los-calcetines\/\" \/>\n<meta property=\"og:locale\" content=\"en_US\" \/>\n<meta property=\"og:type\" content=\"article\" \/>\n<meta property=\"og:title\" content=\"EL MONSTRUO DE LOS CALCETINES | Colossal Store\" \/>\n<meta property=\"og:description\" content=\"\u00a1El Monstruo de los Calcetines ha vuelto a hacer de las suyas en el armario! \u00bfQui\u00e9n ser\u00e1 capaz de encontrar las parejas de calcetines en medio de semejante desorden? R\u00e1pidamente los ni\u00f1os buscar\u00e1n y buscar\u00e1n todos a la vez en la monta\u00f1a de calcetines. \u00a1Maldici\u00f3n, los calcetines son todos muy parecidos! Contenido: 1 monstruo, 48 [&hellip;]\" \/>\n<meta property=\"og:url\" content=\"https:\/\/www.colossalstore.es\/en\/tienda\/juegos-de-mesa\/el-monstruo-de-los-calcetines\/\" \/>\n<meta property=\"og:site_name\" content=\"Colossal Store\" \/>\n<meta property=\"og:image\" content=\"https:\/\/www.colossalstore.es\/wp-content\/uploads\/2025\/07\/el-monstruo-de-los-calcetines.webp\" \/>\n\t<meta property=\"og:image:width\" content=\"800\" \/>\n\t<meta property=\"og:image:height\" content=\"800\" \/>\n\t<meta property=\"og:image:type\" content=\"image\/webp\" \/>\n<meta name=\"twitter:card\" content=\"summary_large_image\" \/>\n<meta name=\"twitter:site\" content=\"@Colossal_Store\" \/>\n<meta name=\"twitter:label1\" content=\"Est. reading time\" \/>\n\t<meta name=\"twitter:data1\" content=\"1 minute\" \/>\n<script type=\"application\/ld+json\" class=\"yoast-schema-graph\">{\"@context\":\"https:\/\/schema.org\",\"@graph\":[{\"@type\":\"WebPage\",\"@id\":\"https:\/\/www.colossalstore.es\/tienda\/juegos-de-mesa\/el-monstruo-de-los-calcetines\/\",\"url\":\"https:\/\/www.colossalstore.es\/tienda\/juegos-de-mesa\/el-monstruo-de-los-calcetines\/\",\"name\":\"EL MONSTRUO DE LOS CALCETINES | Colossal Store\",\"isPartOf\":{\"@id\":\"https:\/\/www.colossalstore.es\/#website\"},\"primaryImageOfPage\":{\"@id\":\"https:\/\/www.colossalstore.es\/tienda\/juegos-de-mesa\/el-monstruo-de-los-calcetines\/#primaryimage\"},\"image\":{\"@id\":\"https:\/\/www.colossalstore.es\/tienda\/juegos-de-mesa\/el-monstruo-de-los-calcetines\/#primaryimage\"},\"thumbnailUrl\":\"https:\/\/www.colossalstore.es\/wp-content\/uploads\/2025\/07\/el-monstruo-de-los-calcetines.webp\",\"datePublished\":\"2025-07-19T10:13:17+00:00\",\"breadcrumb\":{\"@id\":\"https:\/\/www.colossalstore.es\/tienda\/juegos-de-mesa\/el-monstruo-de-los-calcetines\/#breadcrumb\"},\"inLanguage\":\"en-US\",\"potentialAction\":[{\"@type\":\"ReadAction\",\"target\":[\"https:\/\/www.colossalstore.es\/tienda\/juegos-de-mesa\/el-monstruo-de-los-calcetines\/\"]}]},{\"@type\":\"ImageObject\",\"inLanguage\":\"en-US\",\"@id\":\"https:\/\/www.colossalstore.es\/tienda\/juegos-de-mesa\/el-monstruo-de-los-calcetines\/#primaryimage\",\"url\":\"https:\/\/www.colossalstore.es\/wp-content\/uploads\/2025\/07\/el-monstruo-de-los-calcetines.webp\",\"contentUrl\":\"https:\/\/www.colossalstore.es\/wp-content\/uploads\/2025\/07\/el-monstruo-de-los-calcetines.webp\",\"width\":800,\"height\":800},{\"@type\":\"BreadcrumbList\",\"@id\":\"https:\/\/www.colossalstore.es\/tienda\/juegos-de-mesa\/el-monstruo-de-los-calcetines\/#breadcrumb\",\"itemListElement\":[{\"@type\":\"ListItem\",\"position\":1,\"name\":\"Home\",\"item\":\"https:\/\/www.colossalstore.es\/\"},{\"@type\":\"ListItem\",\"position\":2,\"name\":\"Tienda\",\"item\":\"https:\/\/www.colossalstore.es\/tienda\/\"},{\"@type\":\"ListItem\",\"position\":3,\"name\":\"EL MONSTRUO DE LOS CALCETINES\"}]},{\"@type\":\"WebSite\",\"@id\":\"https:\/\/www.colossalstore.es\/#website\",\"url\":\"https:\/\/www.colossalstore.es\/\",\"name\":\"Colossal Store\",\"description\":\"Colossal Store, tienda especializada en TCGs.\",\"publisher\":{\"@id\":\"https:\/\/www.colossalstore.es\/#organization\"},\"alternateName\":\"Colossal Store\",\"potentialAction\":[{\"@type\":\"SearchAction\",\"target\":{\"@type\":\"EntryPoint\",\"urlTemplate\":\"https:\/\/www.colossalstore.es\/?s={search_term_string}\"},\"query-input\":{\"@type\":\"PropertyValueSpecification\",\"valueRequired\":true,\"valueName\":\"search_term_string\"}}],\"inLanguage\":\"en-US\"},{\"@type\":\"Organization\",\"@id\":\"https:\/\/www.colossalstore.es\/#organization\",\"name\":\"Colossal Store\",\"url\":\"https:\/\/www.colossalstore.es\/\",\"logo\":{\"@type\":\"ImageObject\",\"inLanguage\":\"en-US\",\"@id\":\"https:\/\/www.colossalstore.es\/#\/schema\/logo\/image\/\",\"url\":\"https:\/\/www.colossalstore.es\/wp-content\/uploads\/2023\/05\/Colossal_Logo-02.png\",\"contentUrl\":\"https:\/\/www.colossalstore.es\/wp-content\/uploads\/2023\/05\/Colossal_Logo-02.png\",\"width\":1181,\"height\":1181,\"caption\":\"Colossal Store\"},\"image\":{\"@id\":\"https:\/\/www.colossalstore.es\/#\/schema\/logo\/image\/\"},\"sameAs\":[\"https:\/\/x.com\/Colossal_Store\",\"https:\/\/www.instagram.com\/colossal_store_tcg\/\",\"https:\/\/www.tiktok.com\/@colossalstore\"]}]}<\/script>\n<!-- \/ Yoast SEO plugin. -->","yoast_head_json":{"title":"EL MONSTRUO DE LOS CALCETINES | Colossal Store","robots":{"index":"index","follow":"follow","max-snippet":"max-snippet:-1","max-image-preview":"max-image-preview:large","max-video-preview":"max-video-preview:-1"},"canonical":"https:\/\/www.colossalstore.es\/en\/tienda\/juegos-de-mesa\/el-monstruo-de-los-calcetines\/","og_locale":"en_US","og_type":"article","og_title":"EL MONSTRUO DE LOS CALCETINES | Colossal Store","og_description":"\u00a1El Monstruo de los Calcetines ha vuelto a hacer de las suyas en el armario! \u00bfQui\u00e9n ser\u00e1 capaz de encontrar las parejas de calcetines en medio de semejante desorden? R\u00e1pidamente los ni\u00f1os buscar\u00e1n y buscar\u00e1n todos a la vez en la monta\u00f1a de calcetines. \u00a1Maldici\u00f3n, los calcetines son todos muy parecidos! Contenido: 1 monstruo, 48 [&hellip;]","og_url":"https:\/\/www.colossalstore.es\/en\/tienda\/juegos-de-mesa\/el-monstruo-de-los-calcetines\/","og_site_name":"Colossal Store","og_image":[{"width":800,"height":800,"url":"https:\/\/www.colossalstore.es\/wp-content\/uploads\/2025\/07\/el-monstruo-de-los-calcetines.webp","type":"image\/webp"}],"twitter_card":"summary_large_image","twitter_site":"@Colossal_Store","twitter_misc":{"Est. reading time":"1 minute"},"schema":{"@context":"https:\/\/schema.org","@graph":[{"@type":"WebPage","@id":"https:\/\/www.colossalstore.es\/tienda\/juegos-de-mesa\/el-monstruo-de-los-calcetines\/","url":"https:\/\/www.colossalstore.es\/tienda\/juegos-de-mesa\/el-monstruo-de-los-calcetines\/","name":"EL MONSTRUO DE LOS CALCETINES | Colossal Store","isPartOf":{"@id":"https:\/\/www.colossalstore.es\/#website"},"primaryImageOfPage":{"@id":"https:\/\/www.colossalstore.es\/tienda\/juegos-de-mesa\/el-monstruo-de-los-calcetines\/#primaryimage"},"image":{"@id":"https:\/\/www.colossalstore.es\/tienda\/juegos-de-mesa\/el-monstruo-de-los-calcetines\/#primaryimage"},"thumbnailUrl":"https:\/\/www.colossalstore.es\/wp-content\/uploads\/2025\/07\/el-monstruo-de-los-calcetines.webp","datePublished":"2025-07-19T10:13:17+00:00","breadcrumb":{"@id":"https:\/\/www.colossalstore.es\/tienda\/juegos-de-mesa\/el-monstruo-de-los-calcetines\/#breadcrumb"},"inLanguage":"en-US","potentialAction":[{"@type":"ReadAction","target":["https:\/\/www.colossalstore.es\/tienda\/juegos-de-mesa\/el-monstruo-de-los-calcetines\/"]}]},{"@type":"ImageObject","inLanguage":"en-US","@id":"https:\/\/www.colossalstore.es\/tienda\/juegos-de-mesa\/el-monstruo-de-los-calcetines\/#primaryimage","url":"https:\/\/www.colossalstore.es\/wp-content\/uploads\/2025\/07\/el-monstruo-de-los-calcetines.webp","contentUrl":"https:\/\/www.colossalstore.es\/wp-content\/uploads\/2025\/07\/el-monstruo-de-los-calcetines.webp","width":800,"height":800},{"@type":"BreadcrumbList","@id":"https:\/\/www.colossalstore.es\/tienda\/juegos-de-mesa\/el-monstruo-de-los-calcetines\/#breadcrumb","itemListElement":[{"@type":"ListItem","position":1,"name":"Home","item":"https:\/\/www.colossalstore.es\/"},{"@type":"ListItem","position":2,"name":"Tienda","item":"https:\/\/www.colossalstore.es\/tienda\/"},{"@type":"ListItem","position":3,"name":"EL MONSTRUO DE LOS CALCETINES"}]},{"@type":"WebSite","@id":"https:\/\/www.colossalstore.es\/#website","url":"https:\/\/www.colossalstore.es\/","name":"Colossal Store","description":"Colossal Store, store specialized in TCGs.","publisher":{"@id":"https:\/\/www.colossalstore.es\/#organization"},"alternateName":"Colossal Store","potentialAction":[{"@type":"SearchAction","target":{"@type":"EntryPoint","urlTemplate":"https:\/\/www.colossalstore.es\/?s={search_term_string}"},"query-input":{"@type":"PropertyValueSpecification","valueRequired":true,"valueName":"search_term_string"}}],"inLanguage":"en-US"},{"@type":"Organization","@id":"https:\/\/www.colossalstore.es\/#organization","name":"Colossal Store","url":"https:\/\/www.colossalstore.es\/","logo":{"@type":"ImageObject","inLanguage":"en-US","@id":"https:\/\/www.colossalstore.es\/#\/schema\/logo\/image\/","url":"https:\/\/www.colossalstore.es\/wp-content\/uploads\/2023\/05\/Colossal_Logo-02.png","contentUrl":"https:\/\/www.colossalstore.es\/wp-content\/uploads\/2023\/05\/Colossal_Logo-02.png","width":1181,"height":1181,"caption":"Colossal Store"},"image":{"@id":"https:\/\/www.colossalstore.es\/#\/schema\/logo\/image\/"},"sameAs":["https:\/\/x.com\/Colossal_Store","https:\/\/www.instagram.com\/colossal_store_tcg\/","https:\/\/www.tiktok.com\/@colossalstore"]}]}},"_links":{"self":[{"href":"https:\/\/www.colossalstore.es\/en\/wp-json\/wp\/v2\/product\/10717","targetHints":{"allow":["GET"]}}],"collection":[{"href":"https:\/\/www.colossalstore.es\/en\/wp-json\/wp\/v2\/product"}],"about":[{"href":"https:\/\/www.colossalstore.es\/en\/wp-json\/wp\/v2\/types\/product"}],"replies":[{"embeddable":true,"href":"https:\/\/www.colossalstore.es\/en\/wp-json\/wp\/v2\/comments?post=10717"}],"wp:featuredmedia":[{"embeddable":true,"href":"https:\/\/www.colossalstore.es\/en\/wp-json\/wp\/v2\/media\/10719"}],"wp:attachment":[{"href":"https:\/\/www.colossalstore.es\/en\/wp-json\/wp\/v2\/media?parent=10717"}],"wp:term":[{"taxonomy":"product_brand","embeddable":true,"href":"https:\/\/www.colossalstore.es\/en\/wp-json\/wp\/v2\/product_brand?post=10717"},{"taxonomy":"product_cat","embeddable":true,"href":"https:\/\/www.colossalstore.es\/en\/wp-json\/wp\/v2\/product_cat?post=10717"},{"taxonomy":"product_tag","embeddable":true,"href":"https:\/\/www.colossalstore.es\/en\/wp-json\/wp\/v2\/product_tag?post=10717"}],"curies":[{"name":"wp","href":"https:\/\/api.w.org\/{rel}","templated":true}]}}