{"id":10713,"date":"2025-07-19T12:10:26","date_gmt":"2025-07-19T10:10:26","guid":{"rendered":"https:\/\/www.colossalstore.es\/?post_type=product&#038;p=10713"},"modified":"2025-07-19T12:10:26","modified_gmt":"2025-07-19T10:10:26","slug":"codigo-secreto-13-4","status":"publish","type":"product","link":"https:\/\/www.colossalstore.es\/en\/tienda\/juegos-de-mesa\/codigo-secreto-13-4\/","title":{"rendered":"C\u00d3DIGO SECRETO 13 + 4"},"content":{"rendered":"<p>Esta noche dar\u00e1 comienzo la misi\u00f3n secreta \u00abAm\u00f3n Ra\u00bb. El equipo, compuesto por cuatro agentes secretos muy astutos, entrar\u00e1 a robar en el museo y descifrar\u00e1 los complicados c\u00f3digos del dispositivo de seguridad gracias a c\u00e1lculos muy precisos. Ya sea con sumas, con restas, con multiplicaciones o con divisiones, los n\u00fameros de los dados tienen que combinarse de manera que los resultados se correspondan con los n\u00fameros del c\u00f3digo. \u00bfQui\u00e9n ser\u00e1 el primero en superar todas las barreras luminosas para atrapar la valiosa m\u00e1scara de Am\u00f3n Ra?<br \/>\nContent:<br \/>\n1 tablero de juego, 4 agentes secretos, 15 fichas de n\u00fameros, 6 dados 1 instrucciones del juego.<br \/>\nIdioma de las instrucciones del juego:franc\u00e9s<br \/>\nespa\u00f1ol<br \/>\nitaliano<br \/>\nneerland\u00e9s<br \/>\ningl\u00e9s<br \/>\nalem\u00e1n<br \/>\nAdvertencias:Atenci\u00f3n. No apto para ni\u00f1os menores de 3 a\u00f1os. Piezas peque\u00f1as. Peligro de asfixia.<br \/>\nAutores:J\u00fcrgen Grunau<br \/>\nIlustradores:Stefan Fischer<br \/>\nTipo de deporte:juego de dados<br \/>\njuego de concentraci\u00f3n<br \/>\njuego de aprendizaje<br \/>\nN\u00famero de jugadores hasta:4 personas<br \/>\nDuraci\u00f3n del juego desde:15 min<br \/>\nN\u00famero de jugadores desde:2 personas<br \/>\nHasta X a\u00f1os de edad:99 a\u00f1os<br \/>\nDesde X a\u00f1os de edad:8 a\u00f1os<br \/>\nPeso del producto:599 g<br \/>\nMaterial:cart\u00f3n, madera<\/p>","protected":false},"excerpt":{"rendered":"<p>Esta noche dar\u00e1 comienzo la misi\u00f3n secreta \u00abAm\u00f3n Ra\u00bb. El equipo, compuesto por cuatro agentes secretos muy astutos, entrar\u00e1 a robar en el museo y descifrar\u00e1 los complicados c\u00f3digos del dispositivo de seguridad gracias a c\u00e1lculos muy precisos. Ya sea con sumas, con restas, con multiplicaciones o con divisiones, los n\u00fameros de los dados tienen [&hellip;]<\/p>","protected":false},"featured_media":10715,"comment_status":"open","ping_status":"closed","template":"","meta":{"_joinchat":[]},"product_brand":[],"product_cat":[26],"product_tag":[],"class_list":{"0":"post-10713","1":"product","2":"type-product","3":"status-publish","4":"has-post-thumbnail","6":"product_cat-juegos-de-mesa","8":"first","9":"instock","10":"taxable","11":"shipping-taxable","12":"purchasable","13":"product-type-simple"},"yoast_head":"<!-- This site is optimized with the Yoast SEO plugin v25.7 - https:\/\/yoast.com\/wordpress\/plugins\/seo\/ -->\n<title>C\u00d3DIGO SECRETO 13 + 4 | Colossal Store<\/title>\n<meta name=\"robots\" content=\"index, follow, max-snippet:-1, max-image-preview:large, max-video-preview:-1\" \/>\n<link rel=\"canonical\" href=\"https:\/\/www.colossalstore.es\/en\/tienda\/juegos-de-mesa\/codigo-secreto-13-4\/\" \/>\n<meta property=\"og:locale\" content=\"en_US\" \/>\n<meta property=\"og:type\" content=\"article\" \/>\n<meta property=\"og:title\" content=\"C\u00d3DIGO SECRETO 13 + 4 | Colossal Store\" \/>\n<meta property=\"og:description\" content=\"Esta noche dar\u00e1 comienzo la misi\u00f3n secreta \u00abAm\u00f3n Ra\u00bb. El equipo, compuesto por cuatro agentes secretos muy astutos, entrar\u00e1 a robar en el museo y descifrar\u00e1 los complicados c\u00f3digos del dispositivo de seguridad gracias a c\u00e1lculos muy precisos. Ya sea con sumas, con restas, con multiplicaciones o con divisiones, los n\u00fameros de los dados tienen [&hellip;]\" \/>\n<meta property=\"og:url\" content=\"https:\/\/www.colossalstore.es\/en\/tienda\/juegos-de-mesa\/codigo-secreto-13-4\/\" \/>\n<meta property=\"og:site_name\" content=\"Colossal Store\" \/>\n<meta property=\"og:image\" content=\"https:\/\/www.colossalstore.es\/wp-content\/uploads\/2025\/07\/81o7PheQTLL._UF10001000_QL80_.jpg\" \/>\n\t<meta property=\"og:image:width\" content=\"972\" \/>\n\t<meta property=\"og:image:height\" content=\"1000\" \/>\n\t<meta property=\"og:image:type\" content=\"image\/jpeg\" \/>\n<meta name=\"twitter:card\" content=\"summary_large_image\" \/>\n<meta name=\"twitter:site\" content=\"@Colossal_Store\" \/>\n<meta name=\"twitter:label1\" content=\"Est. reading time\" \/>\n\t<meta name=\"twitter:data1\" content=\"2 minutes\" \/>\n<script type=\"application\/ld+json\" class=\"yoast-schema-graph\">{\"@context\":\"https:\/\/schema.org\",\"@graph\":[{\"@type\":\"WebPage\",\"@id\":\"https:\/\/www.colossalstore.es\/tienda\/juegos-de-mesa\/codigo-secreto-13-4\/\",\"url\":\"https:\/\/www.colossalstore.es\/tienda\/juegos-de-mesa\/codigo-secreto-13-4\/\",\"name\":\"C\u00d3DIGO SECRETO 13 + 4 | Colossal Store\",\"isPartOf\":{\"@id\":\"https:\/\/www.colossalstore.es\/#website\"},\"primaryImageOfPage\":{\"@id\":\"https:\/\/www.colossalstore.es\/tienda\/juegos-de-mesa\/codigo-secreto-13-4\/#primaryimage\"},\"image\":{\"@id\":\"https:\/\/www.colossalstore.es\/tienda\/juegos-de-mesa\/codigo-secreto-13-4\/#primaryimage\"},\"thumbnailUrl\":\"https:\/\/www.colossalstore.es\/wp-content\/uploads\/2025\/07\/81o7PheQTLL._UF10001000_QL80_.jpg\",\"datePublished\":\"2025-07-19T10:10:26+00:00\",\"breadcrumb\":{\"@id\":\"https:\/\/www.colossalstore.es\/tienda\/juegos-de-mesa\/codigo-secreto-13-4\/#breadcrumb\"},\"inLanguage\":\"en-US\",\"potentialAction\":[{\"@type\":\"ReadAction\",\"target\":[\"https:\/\/www.colossalstore.es\/tienda\/juegos-de-mesa\/codigo-secreto-13-4\/\"]}]},{\"@type\":\"ImageObject\",\"inLanguage\":\"en-US\",\"@id\":\"https:\/\/www.colossalstore.es\/tienda\/juegos-de-mesa\/codigo-secreto-13-4\/#primaryimage\",\"url\":\"https:\/\/www.colossalstore.es\/wp-content\/uploads\/2025\/07\/81o7PheQTLL._UF10001000_QL80_.jpg\",\"contentUrl\":\"https:\/\/www.colossalstore.es\/wp-content\/uploads\/2025\/07\/81o7PheQTLL._UF10001000_QL80_.jpg\",\"width\":972,\"height\":1000},{\"@type\":\"BreadcrumbList\",\"@id\":\"https:\/\/www.colossalstore.es\/tienda\/juegos-de-mesa\/codigo-secreto-13-4\/#breadcrumb\",\"itemListElement\":[{\"@type\":\"ListItem\",\"position\":1,\"name\":\"Home\",\"item\":\"https:\/\/www.colossalstore.es\/\"},{\"@type\":\"ListItem\",\"position\":2,\"name\":\"Tienda\",\"item\":\"https:\/\/www.colossalstore.es\/tienda\/\"},{\"@type\":\"ListItem\",\"position\":3,\"name\":\"C\u00d3DIGO SECRETO 13 + 4\"}]},{\"@type\":\"WebSite\",\"@id\":\"https:\/\/www.colossalstore.es\/#website\",\"url\":\"https:\/\/www.colossalstore.es\/\",\"name\":\"Colossal Store\",\"description\":\"Colossal Store, tienda especializada en TCGs.\",\"publisher\":{\"@id\":\"https:\/\/www.colossalstore.es\/#organization\"},\"alternateName\":\"Colossal Store\",\"potentialAction\":[{\"@type\":\"SearchAction\",\"target\":{\"@type\":\"EntryPoint\",\"urlTemplate\":\"https:\/\/www.colossalstore.es\/?s={search_term_string}\"},\"query-input\":{\"@type\":\"PropertyValueSpecification\",\"valueRequired\":true,\"valueName\":\"search_term_string\"}}],\"inLanguage\":\"en-US\"},{\"@type\":\"Organization\",\"@id\":\"https:\/\/www.colossalstore.es\/#organization\",\"name\":\"Colossal Store\",\"url\":\"https:\/\/www.colossalstore.es\/\",\"logo\":{\"@type\":\"ImageObject\",\"inLanguage\":\"en-US\",\"@id\":\"https:\/\/www.colossalstore.es\/#\/schema\/logo\/image\/\",\"url\":\"https:\/\/www.colossalstore.es\/wp-content\/uploads\/2023\/05\/Colossal_Logo-02.png\",\"contentUrl\":\"https:\/\/www.colossalstore.es\/wp-content\/uploads\/2023\/05\/Colossal_Logo-02.png\",\"width\":1181,\"height\":1181,\"caption\":\"Colossal Store\"},\"image\":{\"@id\":\"https:\/\/www.colossalstore.es\/#\/schema\/logo\/image\/\"},\"sameAs\":[\"https:\/\/x.com\/Colossal_Store\",\"https:\/\/www.instagram.com\/colossal_store_tcg\/\",\"https:\/\/www.tiktok.com\/@colossalstore\"]}]}<\/script>\n<!-- \/ Yoast SEO plugin. -->","yoast_head_json":{"title":"C\u00d3DIGO SECRETO 13 + 4 | Colossal Store","robots":{"index":"index","follow":"follow","max-snippet":"max-snippet:-1","max-image-preview":"max-image-preview:large","max-video-preview":"max-video-preview:-1"},"canonical":"https:\/\/www.colossalstore.es\/en\/tienda\/juegos-de-mesa\/codigo-secreto-13-4\/","og_locale":"en_US","og_type":"article","og_title":"C\u00d3DIGO SECRETO 13 + 4 | Colossal Store","og_description":"Esta noche dar\u00e1 comienzo la misi\u00f3n secreta \u00abAm\u00f3n Ra\u00bb. El equipo, compuesto por cuatro agentes secretos muy astutos, entrar\u00e1 a robar en el museo y descifrar\u00e1 los complicados c\u00f3digos del dispositivo de seguridad gracias a c\u00e1lculos muy precisos. Ya sea con sumas, con restas, con multiplicaciones o con divisiones, los n\u00fameros de los dados tienen [&hellip;]","og_url":"https:\/\/www.colossalstore.es\/en\/tienda\/juegos-de-mesa\/codigo-secreto-13-4\/","og_site_name":"Colossal Store","og_image":[{"width":972,"height":1000,"url":"https:\/\/www.colossalstore.es\/wp-content\/uploads\/2025\/07\/81o7PheQTLL._UF10001000_QL80_.jpg","type":"image\/jpeg"}],"twitter_card":"summary_large_image","twitter_site":"@Colossal_Store","twitter_misc":{"Est. reading time":"2 minutes"},"schema":{"@context":"https:\/\/schema.org","@graph":[{"@type":"WebPage","@id":"https:\/\/www.colossalstore.es\/tienda\/juegos-de-mesa\/codigo-secreto-13-4\/","url":"https:\/\/www.colossalstore.es\/tienda\/juegos-de-mesa\/codigo-secreto-13-4\/","name":"C\u00d3DIGO SECRETO 13 + 4 | Colossal Store","isPartOf":{"@id":"https:\/\/www.colossalstore.es\/#website"},"primaryImageOfPage":{"@id":"https:\/\/www.colossalstore.es\/tienda\/juegos-de-mesa\/codigo-secreto-13-4\/#primaryimage"},"image":{"@id":"https:\/\/www.colossalstore.es\/tienda\/juegos-de-mesa\/codigo-secreto-13-4\/#primaryimage"},"thumbnailUrl":"https:\/\/www.colossalstore.es\/wp-content\/uploads\/2025\/07\/81o7PheQTLL._UF10001000_QL80_.jpg","datePublished":"2025-07-19T10:10:26+00:00","breadcrumb":{"@id":"https:\/\/www.colossalstore.es\/tienda\/juegos-de-mesa\/codigo-secreto-13-4\/#breadcrumb"},"inLanguage":"en-US","potentialAction":[{"@type":"ReadAction","target":["https:\/\/www.colossalstore.es\/tienda\/juegos-de-mesa\/codigo-secreto-13-4\/"]}]},{"@type":"ImageObject","inLanguage":"en-US","@id":"https:\/\/www.colossalstore.es\/tienda\/juegos-de-mesa\/codigo-secreto-13-4\/#primaryimage","url":"https:\/\/www.colossalstore.es\/wp-content\/uploads\/2025\/07\/81o7PheQTLL._UF10001000_QL80_.jpg","contentUrl":"https:\/\/www.colossalstore.es\/wp-content\/uploads\/2025\/07\/81o7PheQTLL._UF10001000_QL80_.jpg","width":972,"height":1000},{"@type":"BreadcrumbList","@id":"https:\/\/www.colossalstore.es\/tienda\/juegos-de-mesa\/codigo-secreto-13-4\/#breadcrumb","itemListElement":[{"@type":"ListItem","position":1,"name":"Home","item":"https:\/\/www.colossalstore.es\/"},{"@type":"ListItem","position":2,"name":"Tienda","item":"https:\/\/www.colossalstore.es\/tienda\/"},{"@type":"ListItem","position":3,"name":"C\u00d3DIGO SECRETO 13 + 4"}]},{"@type":"WebSite","@id":"https:\/\/www.colossalstore.es\/#website","url":"https:\/\/www.colossalstore.es\/","name":"Colossal Store","description":"Colossal Store, store specialized in TCGs.","publisher":{"@id":"https:\/\/www.colossalstore.es\/#organization"},"alternateName":"Colossal Store","potentialAction":[{"@type":"SearchAction","target":{"@type":"EntryPoint","urlTemplate":"https:\/\/www.colossalstore.es\/?s={search_term_string}"},"query-input":{"@type":"PropertyValueSpecification","valueRequired":true,"valueName":"search_term_string"}}],"inLanguage":"en-US"},{"@type":"Organization","@id":"https:\/\/www.colossalstore.es\/#organization","name":"Colossal Store","url":"https:\/\/www.colossalstore.es\/","logo":{"@type":"ImageObject","inLanguage":"en-US","@id":"https:\/\/www.colossalstore.es\/#\/schema\/logo\/image\/","url":"https:\/\/www.colossalstore.es\/wp-content\/uploads\/2023\/05\/Colossal_Logo-02.png","contentUrl":"https:\/\/www.colossalstore.es\/wp-content\/uploads\/2023\/05\/Colossal_Logo-02.png","width":1181,"height":1181,"caption":"Colossal Store"},"image":{"@id":"https:\/\/www.colossalstore.es\/#\/schema\/logo\/image\/"},"sameAs":["https:\/\/x.com\/Colossal_Store","https:\/\/www.instagram.com\/colossal_store_tcg\/","https:\/\/www.tiktok.com\/@colossalstore"]}]}},"_links":{"self":[{"href":"https:\/\/www.colossalstore.es\/en\/wp-json\/wp\/v2\/product\/10713","targetHints":{"allow":["GET"]}}],"collection":[{"href":"https:\/\/www.colossalstore.es\/en\/wp-json\/wp\/v2\/product"}],"about":[{"href":"https:\/\/www.colossalstore.es\/en\/wp-json\/wp\/v2\/types\/product"}],"replies":[{"embeddable":true,"href":"https:\/\/www.colossalstore.es\/en\/wp-json\/wp\/v2\/comments?post=10713"}],"wp:featuredmedia":[{"embeddable":true,"href":"https:\/\/www.colossalstore.es\/en\/wp-json\/wp\/v2\/media\/10715"}],"wp:attachment":[{"href":"https:\/\/www.colossalstore.es\/en\/wp-json\/wp\/v2\/media?parent=10713"}],"wp:term":[{"taxonomy":"product_brand","embeddable":true,"href":"https:\/\/www.colossalstore.es\/en\/wp-json\/wp\/v2\/product_brand?post=10713"},{"taxonomy":"product_cat","embeddable":true,"href":"https:\/\/www.colossalstore.es\/en\/wp-json\/wp\/v2\/product_cat?post=10713"},{"taxonomy":"product_tag","embeddable":true,"href":"https:\/\/www.colossalstore.es\/en\/wp-json\/wp\/v2\/product_tag?post=10713"}],"curies":[{"name":"wp","href":"https:\/\/api.w.org\/{rel}","templated":true}]}}