{"id":10661,"date":"2025-07-17T12:00:46","date_gmt":"2025-07-17T10:00:46","guid":{"rendered":"https:\/\/www.colossalstore.es\/?post_type=product&#038;p=10661"},"modified":"2025-07-17T12:00:46","modified_gmt":"2025-07-17T10:00:46","slug":"tuareg-dunas-y-agua-expansion","status":"publish","type":"product","link":"https:\/\/www.colossalstore.es\/en\/tienda\/juegos-de-mesa\/tuareg-dunas-y-agua-expansion\/","title":{"rendered":"TUAREG DUNAS Y AGUA (EXPANSION)"},"content":{"rendered":"<p>Tuareg: La expansi\u00f3n fue publicada originalmente por la editorial alemana Kosmos en el a\u00f1o 2016, y ahora te la trae Devir en exclusiva en castellano. Se trata de una expansi\u00f3n dise\u00f1ada por Andreas Steiger, la mente que trajo el juego original. \u00bfQu\u00e9 nos ofrece esta expansi\u00f3n para este cl\u00e1sico juego para dos jugadores? Tuareg: La expansi\u00f3n pone el principal foco en el agua, un nuevo elemento que da a tu tribu mayor flexibilidad a la hora de expandirse. El agua funciona como un comod\u00edn, gracias al cual, por ejemplo, puedes intercambiar dos fichas de agua por cualquier ficha de bienes. El juego trae nuevas cartas de Tribu, que dotan de un mayor abanico a las posibilidades que pueden plantearse en el transcurso de la partida. Muchas de estas nuevas cartas de Tribu permiten a los jugadores elegir gastar fichas de oro o agua para facilitar las construcciones. Las cartas de Arena, otra de las novedades, son cambiantes y m\u00f3viles. Dan grandes ventajas a los tuaregs, pero se pierden intersecciones. El \u00faltimo elemento es La Targia, una mujer tuareg, un pe\u00f3n especial (igual que el asaltante) pero positivo para los jugadores. Si coincides con ella en una carta obtendr\u00e1s un favor, en forma de bien directo o la posibilidad de conseguir una carta de la pila de robo. \u00a1Nuevas posibilidades para un juego \u00fanico!<\/p>","protected":false},"excerpt":{"rendered":"<p>Tuareg: La expansi\u00f3n fue publicada originalmente por la editorial alemana Kosmos en el a\u00f1o 2016, y ahora te la trae Devir en exclusiva en castellano. Se trata de una expansi\u00f3n dise\u00f1ada por Andreas Steiger, la mente que trajo el juego original. \u00bfQu\u00e9 nos ofrece esta expansi\u00f3n para este cl\u00e1sico juego para dos jugadores? Tuareg: La [&hellip;]<\/p>","protected":false},"featured_media":10663,"comment_status":"open","ping_status":"closed","template":"","meta":{"_joinchat":[]},"product_brand":[],"product_cat":[26],"product_tag":[],"class_list":{"0":"post-10661","1":"product","2":"type-product","3":"status-publish","4":"has-post-thumbnail","6":"product_cat-juegos-de-mesa","8":"first","9":"instock","10":"taxable","11":"shipping-taxable","12":"purchasable","13":"product-type-simple"},"yoast_head":"<!-- This site is optimized with the Yoast SEO plugin v25.7 - https:\/\/yoast.com\/wordpress\/plugins\/seo\/ -->\n<title>TUAREG DUNAS Y AGUA (EXPANSION) | Colossal Store<\/title>\n<meta name=\"robots\" content=\"index, follow, max-snippet:-1, max-image-preview:large, max-video-preview:-1\" \/>\n<link rel=\"canonical\" href=\"https:\/\/www.colossalstore.es\/en\/tienda\/juegos-de-mesa\/tuareg-dunas-y-agua-expansion\/\" \/>\n<meta property=\"og:locale\" content=\"en_US\" \/>\n<meta property=\"og:type\" content=\"article\" \/>\n<meta property=\"og:title\" content=\"TUAREG DUNAS Y AGUA (EXPANSION) | Colossal Store\" \/>\n<meta property=\"og:description\" content=\"Tuareg: La expansi\u00f3n fue publicada originalmente por la editorial alemana Kosmos en el a\u00f1o 2016, y ahora te la trae Devir en exclusiva en castellano. Se trata de una expansi\u00f3n dise\u00f1ada por Andreas Steiger, la mente que trajo el juego original. \u00bfQu\u00e9 nos ofrece esta expansi\u00f3n para este cl\u00e1sico juego para dos jugadores? Tuareg: La [&hellip;]\" \/>\n<meta property=\"og:url\" content=\"https:\/\/www.colossalstore.es\/en\/tienda\/juegos-de-mesa\/tuareg-dunas-y-agua-expansion\/\" \/>\n<meta property=\"og:site_name\" content=\"Colossal Store\" \/>\n<meta property=\"og:image\" content=\"https:\/\/www.colossalstore.es\/wp-content\/uploads\/2025\/07\/8436589624177-1200-face3d.jpg\" \/>\n\t<meta property=\"og:image:width\" content=\"1200\" \/>\n\t<meta property=\"og:image:height\" content=\"1200\" \/>\n\t<meta property=\"og:image:type\" content=\"image\/jpeg\" \/>\n<meta name=\"twitter:card\" content=\"summary_large_image\" \/>\n<meta name=\"twitter:site\" content=\"@Colossal_Store\" \/>\n<meta name=\"twitter:label1\" content=\"Est. reading time\" \/>\n\t<meta name=\"twitter:data1\" content=\"2 minutes\" \/>\n<script type=\"application\/ld+json\" class=\"yoast-schema-graph\">{\"@context\":\"https:\/\/schema.org\",\"@graph\":[{\"@type\":\"WebPage\",\"@id\":\"https:\/\/www.colossalstore.es\/tienda\/juegos-de-mesa\/tuareg-dunas-y-agua-expansion\/\",\"url\":\"https:\/\/www.colossalstore.es\/tienda\/juegos-de-mesa\/tuareg-dunas-y-agua-expansion\/\",\"name\":\"TUAREG DUNAS Y AGUA (EXPANSION) | Colossal Store\",\"isPartOf\":{\"@id\":\"https:\/\/www.colossalstore.es\/#website\"},\"primaryImageOfPage\":{\"@id\":\"https:\/\/www.colossalstore.es\/tienda\/juegos-de-mesa\/tuareg-dunas-y-agua-expansion\/#primaryimage\"},\"image\":{\"@id\":\"https:\/\/www.colossalstore.es\/tienda\/juegos-de-mesa\/tuareg-dunas-y-agua-expansion\/#primaryimage\"},\"thumbnailUrl\":\"https:\/\/www.colossalstore.es\/wp-content\/uploads\/2025\/07\/8436589624177-1200-face3d.jpg\",\"datePublished\":\"2025-07-17T10:00:46+00:00\",\"breadcrumb\":{\"@id\":\"https:\/\/www.colossalstore.es\/tienda\/juegos-de-mesa\/tuareg-dunas-y-agua-expansion\/#breadcrumb\"},\"inLanguage\":\"en-US\",\"potentialAction\":[{\"@type\":\"ReadAction\",\"target\":[\"https:\/\/www.colossalstore.es\/tienda\/juegos-de-mesa\/tuareg-dunas-y-agua-expansion\/\"]}]},{\"@type\":\"ImageObject\",\"inLanguage\":\"en-US\",\"@id\":\"https:\/\/www.colossalstore.es\/tienda\/juegos-de-mesa\/tuareg-dunas-y-agua-expansion\/#primaryimage\",\"url\":\"https:\/\/www.colossalstore.es\/wp-content\/uploads\/2025\/07\/8436589624177-1200-face3d.jpg\",\"contentUrl\":\"https:\/\/www.colossalstore.es\/wp-content\/uploads\/2025\/07\/8436589624177-1200-face3d.jpg\",\"width\":1200,\"height\":1200},{\"@type\":\"BreadcrumbList\",\"@id\":\"https:\/\/www.colossalstore.es\/tienda\/juegos-de-mesa\/tuareg-dunas-y-agua-expansion\/#breadcrumb\",\"itemListElement\":[{\"@type\":\"ListItem\",\"position\":1,\"name\":\"Home\",\"item\":\"https:\/\/www.colossalstore.es\/\"},{\"@type\":\"ListItem\",\"position\":2,\"name\":\"Tienda\",\"item\":\"https:\/\/www.colossalstore.es\/tienda\/\"},{\"@type\":\"ListItem\",\"position\":3,\"name\":\"TUAREG DUNAS Y AGUA (EXPANSION)\"}]},{\"@type\":\"WebSite\",\"@id\":\"https:\/\/www.colossalstore.es\/#website\",\"url\":\"https:\/\/www.colossalstore.es\/\",\"name\":\"Colossal Store\",\"description\":\"Colossal Store, tienda especializada en TCGs.\",\"publisher\":{\"@id\":\"https:\/\/www.colossalstore.es\/#organization\"},\"alternateName\":\"Colossal Store\",\"potentialAction\":[{\"@type\":\"SearchAction\",\"target\":{\"@type\":\"EntryPoint\",\"urlTemplate\":\"https:\/\/www.colossalstore.es\/?s={search_term_string}\"},\"query-input\":{\"@type\":\"PropertyValueSpecification\",\"valueRequired\":true,\"valueName\":\"search_term_string\"}}],\"inLanguage\":\"en-US\"},{\"@type\":\"Organization\",\"@id\":\"https:\/\/www.colossalstore.es\/#organization\",\"name\":\"Colossal Store\",\"url\":\"https:\/\/www.colossalstore.es\/\",\"logo\":{\"@type\":\"ImageObject\",\"inLanguage\":\"en-US\",\"@id\":\"https:\/\/www.colossalstore.es\/#\/schema\/logo\/image\/\",\"url\":\"https:\/\/www.colossalstore.es\/wp-content\/uploads\/2023\/05\/Colossal_Logo-02.png\",\"contentUrl\":\"https:\/\/www.colossalstore.es\/wp-content\/uploads\/2023\/05\/Colossal_Logo-02.png\",\"width\":1181,\"height\":1181,\"caption\":\"Colossal Store\"},\"image\":{\"@id\":\"https:\/\/www.colossalstore.es\/#\/schema\/logo\/image\/\"},\"sameAs\":[\"https:\/\/x.com\/Colossal_Store\",\"https:\/\/www.instagram.com\/colossal_store_tcg\/\",\"https:\/\/www.tiktok.com\/@colossalstore\"]}]}<\/script>\n<!-- \/ Yoast SEO plugin. -->","yoast_head_json":{"title":"TUAREG DUNAS Y AGUA (EXPANSION) | Colossal Store","robots":{"index":"index","follow":"follow","max-snippet":"max-snippet:-1","max-image-preview":"max-image-preview:large","max-video-preview":"max-video-preview:-1"},"canonical":"https:\/\/www.colossalstore.es\/en\/tienda\/juegos-de-mesa\/tuareg-dunas-y-agua-expansion\/","og_locale":"en_US","og_type":"article","og_title":"TUAREG DUNAS Y AGUA (EXPANSION) | Colossal Store","og_description":"Tuareg: La expansi\u00f3n fue publicada originalmente por la editorial alemana Kosmos en el a\u00f1o 2016, y ahora te la trae Devir en exclusiva en castellano. Se trata de una expansi\u00f3n dise\u00f1ada por Andreas Steiger, la mente que trajo el juego original. \u00bfQu\u00e9 nos ofrece esta expansi\u00f3n para este cl\u00e1sico juego para dos jugadores? Tuareg: La [&hellip;]","og_url":"https:\/\/www.colossalstore.es\/en\/tienda\/juegos-de-mesa\/tuareg-dunas-y-agua-expansion\/","og_site_name":"Colossal Store","og_image":[{"width":1200,"height":1200,"url":"https:\/\/www.colossalstore.es\/wp-content\/uploads\/2025\/07\/8436589624177-1200-face3d.jpg","type":"image\/jpeg"}],"twitter_card":"summary_large_image","twitter_site":"@Colossal_Store","twitter_misc":{"Est. reading time":"2 minutes"},"schema":{"@context":"https:\/\/schema.org","@graph":[{"@type":"WebPage","@id":"https:\/\/www.colossalstore.es\/tienda\/juegos-de-mesa\/tuareg-dunas-y-agua-expansion\/","url":"https:\/\/www.colossalstore.es\/tienda\/juegos-de-mesa\/tuareg-dunas-y-agua-expansion\/","name":"TUAREG DUNAS Y AGUA (EXPANSION) | Colossal Store","isPartOf":{"@id":"https:\/\/www.colossalstore.es\/#website"},"primaryImageOfPage":{"@id":"https:\/\/www.colossalstore.es\/tienda\/juegos-de-mesa\/tuareg-dunas-y-agua-expansion\/#primaryimage"},"image":{"@id":"https:\/\/www.colossalstore.es\/tienda\/juegos-de-mesa\/tuareg-dunas-y-agua-expansion\/#primaryimage"},"thumbnailUrl":"https:\/\/www.colossalstore.es\/wp-content\/uploads\/2025\/07\/8436589624177-1200-face3d.jpg","datePublished":"2025-07-17T10:00:46+00:00","breadcrumb":{"@id":"https:\/\/www.colossalstore.es\/tienda\/juegos-de-mesa\/tuareg-dunas-y-agua-expansion\/#breadcrumb"},"inLanguage":"en-US","potentialAction":[{"@type":"ReadAction","target":["https:\/\/www.colossalstore.es\/tienda\/juegos-de-mesa\/tuareg-dunas-y-agua-expansion\/"]}]},{"@type":"ImageObject","inLanguage":"en-US","@id":"https:\/\/www.colossalstore.es\/tienda\/juegos-de-mesa\/tuareg-dunas-y-agua-expansion\/#primaryimage","url":"https:\/\/www.colossalstore.es\/wp-content\/uploads\/2025\/07\/8436589624177-1200-face3d.jpg","contentUrl":"https:\/\/www.colossalstore.es\/wp-content\/uploads\/2025\/07\/8436589624177-1200-face3d.jpg","width":1200,"height":1200},{"@type":"BreadcrumbList","@id":"https:\/\/www.colossalstore.es\/tienda\/juegos-de-mesa\/tuareg-dunas-y-agua-expansion\/#breadcrumb","itemListElement":[{"@type":"ListItem","position":1,"name":"Home","item":"https:\/\/www.colossalstore.es\/"},{"@type":"ListItem","position":2,"name":"Tienda","item":"https:\/\/www.colossalstore.es\/tienda\/"},{"@type":"ListItem","position":3,"name":"TUAREG DUNAS Y AGUA (EXPANSION)"}]},{"@type":"WebSite","@id":"https:\/\/www.colossalstore.es\/#website","url":"https:\/\/www.colossalstore.es\/","name":"Colossal Store","description":"Colossal Store, store specialized in TCGs.","publisher":{"@id":"https:\/\/www.colossalstore.es\/#organization"},"alternateName":"Colossal Store","potentialAction":[{"@type":"SearchAction","target":{"@type":"EntryPoint","urlTemplate":"https:\/\/www.colossalstore.es\/?s={search_term_string}"},"query-input":{"@type":"PropertyValueSpecification","valueRequired":true,"valueName":"search_term_string"}}],"inLanguage":"en-US"},{"@type":"Organization","@id":"https:\/\/www.colossalstore.es\/#organization","name":"Colossal Store","url":"https:\/\/www.colossalstore.es\/","logo":{"@type":"ImageObject","inLanguage":"en-US","@id":"https:\/\/www.colossalstore.es\/#\/schema\/logo\/image\/","url":"https:\/\/www.colossalstore.es\/wp-content\/uploads\/2023\/05\/Colossal_Logo-02.png","contentUrl":"https:\/\/www.colossalstore.es\/wp-content\/uploads\/2023\/05\/Colossal_Logo-02.png","width":1181,"height":1181,"caption":"Colossal Store"},"image":{"@id":"https:\/\/www.colossalstore.es\/#\/schema\/logo\/image\/"},"sameAs":["https:\/\/x.com\/Colossal_Store","https:\/\/www.instagram.com\/colossal_store_tcg\/","https:\/\/www.tiktok.com\/@colossalstore"]}]}},"_links":{"self":[{"href":"https:\/\/www.colossalstore.es\/en\/wp-json\/wp\/v2\/product\/10661","targetHints":{"allow":["GET"]}}],"collection":[{"href":"https:\/\/www.colossalstore.es\/en\/wp-json\/wp\/v2\/product"}],"about":[{"href":"https:\/\/www.colossalstore.es\/en\/wp-json\/wp\/v2\/types\/product"}],"replies":[{"embeddable":true,"href":"https:\/\/www.colossalstore.es\/en\/wp-json\/wp\/v2\/comments?post=10661"}],"wp:featuredmedia":[{"embeddable":true,"href":"https:\/\/www.colossalstore.es\/en\/wp-json\/wp\/v2\/media\/10663"}],"wp:attachment":[{"href":"https:\/\/www.colossalstore.es\/en\/wp-json\/wp\/v2\/media?parent=10661"}],"wp:term":[{"taxonomy":"product_brand","embeddable":true,"href":"https:\/\/www.colossalstore.es\/en\/wp-json\/wp\/v2\/product_brand?post=10661"},{"taxonomy":"product_cat","embeddable":true,"href":"https:\/\/www.colossalstore.es\/en\/wp-json\/wp\/v2\/product_cat?post=10661"},{"taxonomy":"product_tag","embeddable":true,"href":"https:\/\/www.colossalstore.es\/en\/wp-json\/wp\/v2\/product_tag?post=10661"}],"curies":[{"name":"wp","href":"https:\/\/api.w.org\/{rel}","templated":true}]}}