{"id":10564,"date":"2025-07-16T19:12:36","date_gmt":"2025-07-16T17:12:36","guid":{"rendered":"https:\/\/www.colossalstore.es\/?post_type=product&#038;p=10564"},"modified":"2025-07-16T19:12:36","modified_gmt":"2025-07-16T17:12:36","slug":"harry-potter-hogwarts-battle-2","status":"publish","type":"product","link":"https:\/\/www.colossalstore.es\/en\/tienda\/juegos-de-mesa\/harry-potter-hogwarts-battle-2\/","title":{"rendered":"HARRY POTTER HOGWARTS BATTLE"},"content":{"rendered":"<p>Las fuerzas de la oscuridad amenazan con destruir Hogwarts, el castillo de Harry Potter<\/p>\n<p>Harry Potter Deck Building Hogwarts Battle es un juego de cartas cooperativo con mec\u00e1nicas de construcci\u00f3n de mazos en donde hasta cuatro estudiantes tratar\u00e1n de poner a salvo la escuela derrotando para ello a los villanos, tratando as\u00ed de consolidar sus defensas.<\/p>\n<p>En el juego, los jugadores tomar\u00e1n el papel de uno de los estudiantes de Hogwarts, Harry Potter, Ron, Hermione o Neville, cada uno con su propio mazo de cartas que utilizar\u00e1n para conseguir los recursos.<\/p>\n<p>A lo largo de la partida, los jugadores mediante la influencia ir\u00e1n a\u00f1adiendo nuevas cartas a su mazo, en forma de personajes, hechizos y objetos m\u00e1gicos. Otras cartas les permitir\u00e1n ganar salud perdida o pelear contra los villanos en lugar de ganar poder.<\/p>\n<p>La \u00fanica forma de defender la escuela ser\u00e1 trabajar en equipo y acabar todos juntos con las amenazas que se ciernen sobre Hogwarts.<\/p>","protected":false},"excerpt":{"rendered":"<p>Las fuerzas de la oscuridad amenazan con destruir Hogwarts, el castillo de Harry Potter Harry Potter Deck Building Hogwarts Battle es un juego de cartas cooperativo con mec\u00e1nicas de construcci\u00f3n de mazos en donde hasta cuatro estudiantes tratar\u00e1n de poner a salvo la escuela derrotando para ello a los villanos, tratando as\u00ed de consolidar sus [&hellip;]<\/p>","protected":false},"featured_media":10566,"comment_status":"open","ping_status":"closed","template":"","meta":{"_joinchat":[]},"product_brand":[],"product_cat":[26],"product_tag":[],"class_list":{"0":"post-10564","1":"product","2":"type-product","3":"status-publish","4":"has-post-thumbnail","6":"product_cat-juegos-de-mesa","8":"first","9":"instock","10":"taxable","11":"shipping-taxable","12":"purchasable","13":"product-type-simple"},"yoast_head":"<!-- This site is optimized with the Yoast SEO plugin v25.7 - https:\/\/yoast.com\/wordpress\/plugins\/seo\/ -->\n<title>HARRY POTTER HOGWARTS BATTLE | Colossal Store<\/title>\n<meta name=\"robots\" content=\"index, follow, max-snippet:-1, max-image-preview:large, max-video-preview:-1\" \/>\n<link rel=\"canonical\" href=\"https:\/\/www.colossalstore.es\/en\/tienda\/juegos-de-mesa\/harry-potter-hogwarts-battle-2\/\" \/>\n<meta property=\"og:locale\" content=\"en_US\" \/>\n<meta property=\"og:type\" content=\"article\" \/>\n<meta property=\"og:title\" content=\"HARRY POTTER HOGWARTS BATTLE | Colossal Store\" \/>\n<meta property=\"og:description\" content=\"Las fuerzas de la oscuridad amenazan con destruir Hogwarts, el castillo de Harry Potter Harry Potter Deck Building Hogwarts Battle es un juego de cartas cooperativo con mec\u00e1nicas de construcci\u00f3n de mazos en donde hasta cuatro estudiantes tratar\u00e1n de poner a salvo la escuela derrotando para ello a los villanos, tratando as\u00ed de consolidar sus [&hellip;]\" \/>\n<meta property=\"og:url\" content=\"https:\/\/www.colossalstore.es\/en\/tienda\/juegos-de-mesa\/harry-potter-hogwarts-battle-2\/\" \/>\n<meta property=\"og:site_name\" content=\"Colossal Store\" \/>\n<meta property=\"og:image\" content=\"https:\/\/www.colossalstore.es\/wp-content\/uploads\/2025\/07\/91ImqKtxF3L-1.jpg\" \/>\n\t<meta property=\"og:image:width\" content=\"2560\" \/>\n\t<meta property=\"og:image:height\" content=\"2560\" \/>\n\t<meta property=\"og:image:type\" content=\"image\/jpeg\" \/>\n<meta name=\"twitter:card\" content=\"summary_large_image\" \/>\n<meta name=\"twitter:site\" content=\"@Colossal_Store\" \/>\n<meta name=\"twitter:label1\" content=\"Est. reading time\" \/>\n\t<meta name=\"twitter:data1\" content=\"1 minute\" \/>\n<script type=\"application\/ld+json\" class=\"yoast-schema-graph\">{\"@context\":\"https:\/\/schema.org\",\"@graph\":[{\"@type\":\"WebPage\",\"@id\":\"https:\/\/www.colossalstore.es\/tienda\/juegos-de-mesa\/harry-potter-hogwarts-battle-2\/\",\"url\":\"https:\/\/www.colossalstore.es\/tienda\/juegos-de-mesa\/harry-potter-hogwarts-battle-2\/\",\"name\":\"HARRY POTTER HOGWARTS BATTLE | Colossal Store\",\"isPartOf\":{\"@id\":\"https:\/\/www.colossalstore.es\/#website\"},\"primaryImageOfPage\":{\"@id\":\"https:\/\/www.colossalstore.es\/tienda\/juegos-de-mesa\/harry-potter-hogwarts-battle-2\/#primaryimage\"},\"image\":{\"@id\":\"https:\/\/www.colossalstore.es\/tienda\/juegos-de-mesa\/harry-potter-hogwarts-battle-2\/#primaryimage\"},\"thumbnailUrl\":\"https:\/\/www.colossalstore.es\/wp-content\/uploads\/2025\/07\/91ImqKtxF3L-1.jpg\",\"datePublished\":\"2025-07-16T17:12:36+00:00\",\"breadcrumb\":{\"@id\":\"https:\/\/www.colossalstore.es\/tienda\/juegos-de-mesa\/harry-potter-hogwarts-battle-2\/#breadcrumb\"},\"inLanguage\":\"en-US\",\"potentialAction\":[{\"@type\":\"ReadAction\",\"target\":[\"https:\/\/www.colossalstore.es\/tienda\/juegos-de-mesa\/harry-potter-hogwarts-battle-2\/\"]}]},{\"@type\":\"ImageObject\",\"inLanguage\":\"en-US\",\"@id\":\"https:\/\/www.colossalstore.es\/tienda\/juegos-de-mesa\/harry-potter-hogwarts-battle-2\/#primaryimage\",\"url\":\"https:\/\/www.colossalstore.es\/wp-content\/uploads\/2025\/07\/91ImqKtxF3L-1.jpg\",\"contentUrl\":\"https:\/\/www.colossalstore.es\/wp-content\/uploads\/2025\/07\/91ImqKtxF3L-1.jpg\",\"width\":2560,\"height\":2560,\"caption\":\"Version 1.0.0\"},{\"@type\":\"BreadcrumbList\",\"@id\":\"https:\/\/www.colossalstore.es\/tienda\/juegos-de-mesa\/harry-potter-hogwarts-battle-2\/#breadcrumb\",\"itemListElement\":[{\"@type\":\"ListItem\",\"position\":1,\"name\":\"Home\",\"item\":\"https:\/\/www.colossalstore.es\/\"},{\"@type\":\"ListItem\",\"position\":2,\"name\":\"Tienda\",\"item\":\"https:\/\/www.colossalstore.es\/tienda\/\"},{\"@type\":\"ListItem\",\"position\":3,\"name\":\"HARRY POTTER HOGWARTS BATTLE\"}]},{\"@type\":\"WebSite\",\"@id\":\"https:\/\/www.colossalstore.es\/#website\",\"url\":\"https:\/\/www.colossalstore.es\/\",\"name\":\"Colossal Store\",\"description\":\"Colossal Store, tienda especializada en TCGs.\",\"publisher\":{\"@id\":\"https:\/\/www.colossalstore.es\/#organization\"},\"alternateName\":\"Colossal Store\",\"potentialAction\":[{\"@type\":\"SearchAction\",\"target\":{\"@type\":\"EntryPoint\",\"urlTemplate\":\"https:\/\/www.colossalstore.es\/?s={search_term_string}\"},\"query-input\":{\"@type\":\"PropertyValueSpecification\",\"valueRequired\":true,\"valueName\":\"search_term_string\"}}],\"inLanguage\":\"en-US\"},{\"@type\":\"Organization\",\"@id\":\"https:\/\/www.colossalstore.es\/#organization\",\"name\":\"Colossal Store\",\"url\":\"https:\/\/www.colossalstore.es\/\",\"logo\":{\"@type\":\"ImageObject\",\"inLanguage\":\"en-US\",\"@id\":\"https:\/\/www.colossalstore.es\/#\/schema\/logo\/image\/\",\"url\":\"https:\/\/www.colossalstore.es\/wp-content\/uploads\/2023\/05\/Colossal_Logo-02.png\",\"contentUrl\":\"https:\/\/www.colossalstore.es\/wp-content\/uploads\/2023\/05\/Colossal_Logo-02.png\",\"width\":1181,\"height\":1181,\"caption\":\"Colossal Store\"},\"image\":{\"@id\":\"https:\/\/www.colossalstore.es\/#\/schema\/logo\/image\/\"},\"sameAs\":[\"https:\/\/x.com\/Colossal_Store\",\"https:\/\/www.instagram.com\/colossal_store_tcg\/\",\"https:\/\/www.tiktok.com\/@colossalstore\"]}]}<\/script>\n<!-- \/ Yoast SEO plugin. -->","yoast_head_json":{"title":"HARRY POTTER HOGWARTS BATTLE | Colossal Store","robots":{"index":"index","follow":"follow","max-snippet":"max-snippet:-1","max-image-preview":"max-image-preview:large","max-video-preview":"max-video-preview:-1"},"canonical":"https:\/\/www.colossalstore.es\/en\/tienda\/juegos-de-mesa\/harry-potter-hogwarts-battle-2\/","og_locale":"en_US","og_type":"article","og_title":"HARRY POTTER HOGWARTS BATTLE | Colossal Store","og_description":"Las fuerzas de la oscuridad amenazan con destruir Hogwarts, el castillo de Harry Potter Harry Potter Deck Building Hogwarts Battle es un juego de cartas cooperativo con mec\u00e1nicas de construcci\u00f3n de mazos en donde hasta cuatro estudiantes tratar\u00e1n de poner a salvo la escuela derrotando para ello a los villanos, tratando as\u00ed de consolidar sus [&hellip;]","og_url":"https:\/\/www.colossalstore.es\/en\/tienda\/juegos-de-mesa\/harry-potter-hogwarts-battle-2\/","og_site_name":"Colossal Store","og_image":[{"width":2560,"height":2560,"url":"https:\/\/www.colossalstore.es\/wp-content\/uploads\/2025\/07\/91ImqKtxF3L-1.jpg","type":"image\/jpeg"}],"twitter_card":"summary_large_image","twitter_site":"@Colossal_Store","twitter_misc":{"Est. reading time":"1 minute"},"schema":{"@context":"https:\/\/schema.org","@graph":[{"@type":"WebPage","@id":"https:\/\/www.colossalstore.es\/tienda\/juegos-de-mesa\/harry-potter-hogwarts-battle-2\/","url":"https:\/\/www.colossalstore.es\/tienda\/juegos-de-mesa\/harry-potter-hogwarts-battle-2\/","name":"HARRY POTTER HOGWARTS BATTLE | Colossal Store","isPartOf":{"@id":"https:\/\/www.colossalstore.es\/#website"},"primaryImageOfPage":{"@id":"https:\/\/www.colossalstore.es\/tienda\/juegos-de-mesa\/harry-potter-hogwarts-battle-2\/#primaryimage"},"image":{"@id":"https:\/\/www.colossalstore.es\/tienda\/juegos-de-mesa\/harry-potter-hogwarts-battle-2\/#primaryimage"},"thumbnailUrl":"https:\/\/www.colossalstore.es\/wp-content\/uploads\/2025\/07\/91ImqKtxF3L-1.jpg","datePublished":"2025-07-16T17:12:36+00:00","breadcrumb":{"@id":"https:\/\/www.colossalstore.es\/tienda\/juegos-de-mesa\/harry-potter-hogwarts-battle-2\/#breadcrumb"},"inLanguage":"en-US","potentialAction":[{"@type":"ReadAction","target":["https:\/\/www.colossalstore.es\/tienda\/juegos-de-mesa\/harry-potter-hogwarts-battle-2\/"]}]},{"@type":"ImageObject","inLanguage":"en-US","@id":"https:\/\/www.colossalstore.es\/tienda\/juegos-de-mesa\/harry-potter-hogwarts-battle-2\/#primaryimage","url":"https:\/\/www.colossalstore.es\/wp-content\/uploads\/2025\/07\/91ImqKtxF3L-1.jpg","contentUrl":"https:\/\/www.colossalstore.es\/wp-content\/uploads\/2025\/07\/91ImqKtxF3L-1.jpg","width":2560,"height":2560,"caption":"Version 1.0.0"},{"@type":"BreadcrumbList","@id":"https:\/\/www.colossalstore.es\/tienda\/juegos-de-mesa\/harry-potter-hogwarts-battle-2\/#breadcrumb","itemListElement":[{"@type":"ListItem","position":1,"name":"Home","item":"https:\/\/www.colossalstore.es\/"},{"@type":"ListItem","position":2,"name":"Tienda","item":"https:\/\/www.colossalstore.es\/tienda\/"},{"@type":"ListItem","position":3,"name":"HARRY POTTER HOGWARTS BATTLE"}]},{"@type":"WebSite","@id":"https:\/\/www.colossalstore.es\/#website","url":"https:\/\/www.colossalstore.es\/","name":"Colossal Store","description":"Colossal Store, store specialized in TCGs.","publisher":{"@id":"https:\/\/www.colossalstore.es\/#organization"},"alternateName":"Colossal Store","potentialAction":[{"@type":"SearchAction","target":{"@type":"EntryPoint","urlTemplate":"https:\/\/www.colossalstore.es\/?s={search_term_string}"},"query-input":{"@type":"PropertyValueSpecification","valueRequired":true,"valueName":"search_term_string"}}],"inLanguage":"en-US"},{"@type":"Organization","@id":"https:\/\/www.colossalstore.es\/#organization","name":"Colossal Store","url":"https:\/\/www.colossalstore.es\/","logo":{"@type":"ImageObject","inLanguage":"en-US","@id":"https:\/\/www.colossalstore.es\/#\/schema\/logo\/image\/","url":"https:\/\/www.colossalstore.es\/wp-content\/uploads\/2023\/05\/Colossal_Logo-02.png","contentUrl":"https:\/\/www.colossalstore.es\/wp-content\/uploads\/2023\/05\/Colossal_Logo-02.png","width":1181,"height":1181,"caption":"Colossal Store"},"image":{"@id":"https:\/\/www.colossalstore.es\/#\/schema\/logo\/image\/"},"sameAs":["https:\/\/x.com\/Colossal_Store","https:\/\/www.instagram.com\/colossal_store_tcg\/","https:\/\/www.tiktok.com\/@colossalstore"]}]}},"_links":{"self":[{"href":"https:\/\/www.colossalstore.es\/en\/wp-json\/wp\/v2\/product\/10564","targetHints":{"allow":["GET"]}}],"collection":[{"href":"https:\/\/www.colossalstore.es\/en\/wp-json\/wp\/v2\/product"}],"about":[{"href":"https:\/\/www.colossalstore.es\/en\/wp-json\/wp\/v2\/types\/product"}],"replies":[{"embeddable":true,"href":"https:\/\/www.colossalstore.es\/en\/wp-json\/wp\/v2\/comments?post=10564"}],"wp:featuredmedia":[{"embeddable":true,"href":"https:\/\/www.colossalstore.es\/en\/wp-json\/wp\/v2\/media\/10566"}],"wp:attachment":[{"href":"https:\/\/www.colossalstore.es\/en\/wp-json\/wp\/v2\/media?parent=10564"}],"wp:term":[{"taxonomy":"product_brand","embeddable":true,"href":"https:\/\/www.colossalstore.es\/en\/wp-json\/wp\/v2\/product_brand?post=10564"},{"taxonomy":"product_cat","embeddable":true,"href":"https:\/\/www.colossalstore.es\/en\/wp-json\/wp\/v2\/product_cat?post=10564"},{"taxonomy":"product_tag","embeddable":true,"href":"https:\/\/www.colossalstore.es\/en\/wp-json\/wp\/v2\/product_tag?post=10564"}],"curies":[{"name":"wp","href":"https:\/\/api.w.org\/{rel}","templated":true}]}}