{"id":10488,"date":"2025-07-15T18:16:02","date_gmt":"2025-07-15T16:16:02","guid":{"rendered":"https:\/\/www.colossalstore.es\/?post_type=product&#038;p=10488"},"modified":"2025-07-15T18:16:02","modified_gmt":"2025-07-15T16:16:02","slug":"daitoshi","status":"publish","type":"product","link":"https:\/\/www.colossalstore.es\/en\/tienda\/juegos-de-mesa\/daitoshi\/","title":{"rendered":"DAITOSHI"},"content":{"rendered":"<p>\u00a1Finalmente hemos perfeccionado el poder del vapor y ahora podemos usarlo a nuestro favor! Vivimos en una era de progreso sin precedentes y los nuevos inventos impulsados ??por vapor se desarrollan m\u00e1s r\u00e1pido que nunca. Las ciudades est\u00e1n creciendo, el comercio est\u00e1 floreciendo y estamos desarrollando nuestra m\u00e1quina m\u00e1s ambiciosa hasta la fecha: un artilugio gigante que traer\u00e1 a\u00fan m\u00e1s progreso a la ciudad. S\u00ed, se est\u00e1n talando algunos \u00e1rboles y el r\u00edo no fluye tan abundantemente como antes, pero todav\u00eda hay abundancia de \u00e1rboles y agua, y podemos usar el espacio adicional para expandir nuestra ciudad, y no es como las viejas criaturas. en esos bosques puede hacer cualquier cosa al respecto.<\/p>\n<p>En tu turno en Daitoshi, puedes producir o trasladar a tu magnate a un nuevo distrito en el que podr\u00e1s enviar a tus trabajadores a trabajar, comandar la explotaci\u00f3n de hex\u00e1gonos de bosque o r\u00edo para alimentar tu interminable necesidad de vapor y realizar una acci\u00f3n, para expandirte y mostrar tu grandeza a la ciudad.<\/p>\n<p>Estas acciones no s\u00f3lo te ayudar\u00e1n en tu b\u00fasqueda de reconocimiento, sino que ayudar\u00e1n a todos los habitantes de la gran ciudad. Ampliar\u00e1s la ciudad y electrificar\u00e1s sus distritos, descubrir\u00e1s y desarrollar\u00e1s nuevos inventos impulsados ??por vapor y comerciar\u00e1s con ciudades lejanas. Incluso puedes ayudar a la ciudad a construir su gigantesco proyecto: la megam\u00e1quina. Es posible que algunos bosques sean talados y algunos r\u00edos se sequen, pero en tu generosidad ayudar\u00e1s a los trabajadores desplazados de esas \u00e1reas brind\u00e1ndoles nuevos trabajos a tu servicio.<\/p>\n<p>Viejas leyendas sugieren que los bosques y r\u00edos est\u00e1n custodiados por Yokai, pero el progreso no se puede detener debido a algunos viejos cuentos de hadas. Pero, por si acaso, ser\u00eda prudente participar en algunos proyectos de reforestaci\u00f3n y ocultar su participaci\u00f3n en el abuso de los recursos naturales&#8230;<\/p>","protected":false},"excerpt":{"rendered":"<p>\u00a1Finalmente hemos perfeccionado el poder del vapor y ahora podemos usarlo a nuestro favor! Vivimos en una era de progreso sin precedentes y los nuevos inventos impulsados ??por vapor se desarrollan m\u00e1s r\u00e1pido que nunca. Las ciudades est\u00e1n creciendo, el comercio est\u00e1 floreciendo y estamos desarrollando nuestra m\u00e1quina m\u00e1s ambiciosa hasta la fecha: un artilugio [&hellip;]<\/p>","protected":false},"featured_media":10490,"comment_status":"open","ping_status":"closed","template":"","meta":{"_joinchat":[]},"product_brand":[],"product_cat":[26],"product_tag":[],"class_list":{"0":"post-10488","1":"product","2":"type-product","3":"status-publish","4":"has-post-thumbnail","6":"product_cat-juegos-de-mesa","8":"first","9":"instock","10":"taxable","11":"shipping-taxable","12":"purchasable","13":"product-type-simple"},"yoast_head":"<!-- This site is optimized with the Yoast SEO plugin v25.7 - https:\/\/yoast.com\/wordpress\/plugins\/seo\/ -->\n<title>DAITOSHI | Colossal Store<\/title>\n<meta name=\"robots\" content=\"index, follow, max-snippet:-1, max-image-preview:large, max-video-preview:-1\" \/>\n<link rel=\"canonical\" href=\"https:\/\/www.colossalstore.es\/en\/tienda\/juegos-de-mesa\/daitoshi\/\" \/>\n<meta property=\"og:locale\" content=\"en_US\" \/>\n<meta property=\"og:type\" content=\"article\" \/>\n<meta property=\"og:title\" content=\"DAITOSHI | Colossal Store\" \/>\n<meta property=\"og:description\" content=\"\u00a1Finalmente hemos perfeccionado el poder del vapor y ahora podemos usarlo a nuestro favor! Vivimos en una era de progreso sin precedentes y los nuevos inventos impulsados ??por vapor se desarrollan m\u00e1s r\u00e1pido que nunca. Las ciudades est\u00e1n creciendo, el comercio est\u00e1 floreciendo y estamos desarrollando nuestra m\u00e1quina m\u00e1s ambiciosa hasta la fecha: un artilugio [&hellip;]\" \/>\n<meta property=\"og:url\" content=\"https:\/\/www.colossalstore.es\/en\/tienda\/juegos-de-mesa\/daitoshi\/\" \/>\n<meta property=\"og:site_name\" content=\"Colossal Store\" \/>\n<meta property=\"og:image\" content=\"https:\/\/www.colossalstore.es\/wp-content\/uploads\/2025\/07\/8436607943990-1200-face3d.jpg\" \/>\n\t<meta property=\"og:image:width\" content=\"1200\" \/>\n\t<meta property=\"og:image:height\" content=\"1200\" \/>\n\t<meta property=\"og:image:type\" content=\"image\/jpeg\" \/>\n<meta name=\"twitter:card\" content=\"summary_large_image\" \/>\n<meta name=\"twitter:site\" content=\"@Colossal_Store\" \/>\n<meta name=\"twitter:label1\" content=\"Est. reading time\" \/>\n\t<meta name=\"twitter:data1\" content=\"2 minutes\" \/>\n<script type=\"application\/ld+json\" class=\"yoast-schema-graph\">{\"@context\":\"https:\/\/schema.org\",\"@graph\":[{\"@type\":\"WebPage\",\"@id\":\"https:\/\/www.colossalstore.es\/tienda\/juegos-de-mesa\/daitoshi\/\",\"url\":\"https:\/\/www.colossalstore.es\/tienda\/juegos-de-mesa\/daitoshi\/\",\"name\":\"DAITOSHI | Colossal Store\",\"isPartOf\":{\"@id\":\"https:\/\/www.colossalstore.es\/#website\"},\"primaryImageOfPage\":{\"@id\":\"https:\/\/www.colossalstore.es\/tienda\/juegos-de-mesa\/daitoshi\/#primaryimage\"},\"image\":{\"@id\":\"https:\/\/www.colossalstore.es\/tienda\/juegos-de-mesa\/daitoshi\/#primaryimage\"},\"thumbnailUrl\":\"https:\/\/www.colossalstore.es\/wp-content\/uploads\/2025\/07\/8436607943990-1200-face3d.jpg\",\"datePublished\":\"2025-07-15T16:16:02+00:00\",\"breadcrumb\":{\"@id\":\"https:\/\/www.colossalstore.es\/tienda\/juegos-de-mesa\/daitoshi\/#breadcrumb\"},\"inLanguage\":\"en-US\",\"potentialAction\":[{\"@type\":\"ReadAction\",\"target\":[\"https:\/\/www.colossalstore.es\/tienda\/juegos-de-mesa\/daitoshi\/\"]}]},{\"@type\":\"ImageObject\",\"inLanguage\":\"en-US\",\"@id\":\"https:\/\/www.colossalstore.es\/tienda\/juegos-de-mesa\/daitoshi\/#primaryimage\",\"url\":\"https:\/\/www.colossalstore.es\/wp-content\/uploads\/2025\/07\/8436607943990-1200-face3d.jpg\",\"contentUrl\":\"https:\/\/www.colossalstore.es\/wp-content\/uploads\/2025\/07\/8436607943990-1200-face3d.jpg\",\"width\":1200,\"height\":1200},{\"@type\":\"BreadcrumbList\",\"@id\":\"https:\/\/www.colossalstore.es\/tienda\/juegos-de-mesa\/daitoshi\/#breadcrumb\",\"itemListElement\":[{\"@type\":\"ListItem\",\"position\":1,\"name\":\"Home\",\"item\":\"https:\/\/www.colossalstore.es\/\"},{\"@type\":\"ListItem\",\"position\":2,\"name\":\"Tienda\",\"item\":\"https:\/\/www.colossalstore.es\/tienda\/\"},{\"@type\":\"ListItem\",\"position\":3,\"name\":\"DAITOSHI\"}]},{\"@type\":\"WebSite\",\"@id\":\"https:\/\/www.colossalstore.es\/#website\",\"url\":\"https:\/\/www.colossalstore.es\/\",\"name\":\"Colossal Store\",\"description\":\"Colossal Store, tienda especializada en TCGs.\",\"publisher\":{\"@id\":\"https:\/\/www.colossalstore.es\/#organization\"},\"alternateName\":\"Colossal Store\",\"potentialAction\":[{\"@type\":\"SearchAction\",\"target\":{\"@type\":\"EntryPoint\",\"urlTemplate\":\"https:\/\/www.colossalstore.es\/?s={search_term_string}\"},\"query-input\":{\"@type\":\"PropertyValueSpecification\",\"valueRequired\":true,\"valueName\":\"search_term_string\"}}],\"inLanguage\":\"en-US\"},{\"@type\":\"Organization\",\"@id\":\"https:\/\/www.colossalstore.es\/#organization\",\"name\":\"Colossal Store\",\"url\":\"https:\/\/www.colossalstore.es\/\",\"logo\":{\"@type\":\"ImageObject\",\"inLanguage\":\"en-US\",\"@id\":\"https:\/\/www.colossalstore.es\/#\/schema\/logo\/image\/\",\"url\":\"https:\/\/www.colossalstore.es\/wp-content\/uploads\/2023\/05\/Colossal_Logo-02.png\",\"contentUrl\":\"https:\/\/www.colossalstore.es\/wp-content\/uploads\/2023\/05\/Colossal_Logo-02.png\",\"width\":1181,\"height\":1181,\"caption\":\"Colossal Store\"},\"image\":{\"@id\":\"https:\/\/www.colossalstore.es\/#\/schema\/logo\/image\/\"},\"sameAs\":[\"https:\/\/x.com\/Colossal_Store\",\"https:\/\/www.instagram.com\/colossal_store_tcg\/\",\"https:\/\/www.tiktok.com\/@colossalstore\"]}]}<\/script>\n<!-- \/ Yoast SEO plugin. -->","yoast_head_json":{"title":"DAITOSHI | Colossal Store","robots":{"index":"index","follow":"follow","max-snippet":"max-snippet:-1","max-image-preview":"max-image-preview:large","max-video-preview":"max-video-preview:-1"},"canonical":"https:\/\/www.colossalstore.es\/en\/tienda\/juegos-de-mesa\/daitoshi\/","og_locale":"en_US","og_type":"article","og_title":"DAITOSHI | Colossal Store","og_description":"\u00a1Finalmente hemos perfeccionado el poder del vapor y ahora podemos usarlo a nuestro favor! Vivimos en una era de progreso sin precedentes y los nuevos inventos impulsados ??por vapor se desarrollan m\u00e1s r\u00e1pido que nunca. Las ciudades est\u00e1n creciendo, el comercio est\u00e1 floreciendo y estamos desarrollando nuestra m\u00e1quina m\u00e1s ambiciosa hasta la fecha: un artilugio [&hellip;]","og_url":"https:\/\/www.colossalstore.es\/en\/tienda\/juegos-de-mesa\/daitoshi\/","og_site_name":"Colossal Store","og_image":[{"width":1200,"height":1200,"url":"https:\/\/www.colossalstore.es\/wp-content\/uploads\/2025\/07\/8436607943990-1200-face3d.jpg","type":"image\/jpeg"}],"twitter_card":"summary_large_image","twitter_site":"@Colossal_Store","twitter_misc":{"Est. reading time":"2 minutes"},"schema":{"@context":"https:\/\/schema.org","@graph":[{"@type":"WebPage","@id":"https:\/\/www.colossalstore.es\/tienda\/juegos-de-mesa\/daitoshi\/","url":"https:\/\/www.colossalstore.es\/tienda\/juegos-de-mesa\/daitoshi\/","name":"DAITOSHI | Colossal Store","isPartOf":{"@id":"https:\/\/www.colossalstore.es\/#website"},"primaryImageOfPage":{"@id":"https:\/\/www.colossalstore.es\/tienda\/juegos-de-mesa\/daitoshi\/#primaryimage"},"image":{"@id":"https:\/\/www.colossalstore.es\/tienda\/juegos-de-mesa\/daitoshi\/#primaryimage"},"thumbnailUrl":"https:\/\/www.colossalstore.es\/wp-content\/uploads\/2025\/07\/8436607943990-1200-face3d.jpg","datePublished":"2025-07-15T16:16:02+00:00","breadcrumb":{"@id":"https:\/\/www.colossalstore.es\/tienda\/juegos-de-mesa\/daitoshi\/#breadcrumb"},"inLanguage":"en-US","potentialAction":[{"@type":"ReadAction","target":["https:\/\/www.colossalstore.es\/tienda\/juegos-de-mesa\/daitoshi\/"]}]},{"@type":"ImageObject","inLanguage":"en-US","@id":"https:\/\/www.colossalstore.es\/tienda\/juegos-de-mesa\/daitoshi\/#primaryimage","url":"https:\/\/www.colossalstore.es\/wp-content\/uploads\/2025\/07\/8436607943990-1200-face3d.jpg","contentUrl":"https:\/\/www.colossalstore.es\/wp-content\/uploads\/2025\/07\/8436607943990-1200-face3d.jpg","width":1200,"height":1200},{"@type":"BreadcrumbList","@id":"https:\/\/www.colossalstore.es\/tienda\/juegos-de-mesa\/daitoshi\/#breadcrumb","itemListElement":[{"@type":"ListItem","position":1,"name":"Home","item":"https:\/\/www.colossalstore.es\/"},{"@type":"ListItem","position":2,"name":"Tienda","item":"https:\/\/www.colossalstore.es\/tienda\/"},{"@type":"ListItem","position":3,"name":"DAITOSHI"}]},{"@type":"WebSite","@id":"https:\/\/www.colossalstore.es\/#website","url":"https:\/\/www.colossalstore.es\/","name":"Colossal Store","description":"Colossal Store, store specialized in TCGs.","publisher":{"@id":"https:\/\/www.colossalstore.es\/#organization"},"alternateName":"Colossal Store","potentialAction":[{"@type":"SearchAction","target":{"@type":"EntryPoint","urlTemplate":"https:\/\/www.colossalstore.es\/?s={search_term_string}"},"query-input":{"@type":"PropertyValueSpecification","valueRequired":true,"valueName":"search_term_string"}}],"inLanguage":"en-US"},{"@type":"Organization","@id":"https:\/\/www.colossalstore.es\/#organization","name":"Colossal Store","url":"https:\/\/www.colossalstore.es\/","logo":{"@type":"ImageObject","inLanguage":"en-US","@id":"https:\/\/www.colossalstore.es\/#\/schema\/logo\/image\/","url":"https:\/\/www.colossalstore.es\/wp-content\/uploads\/2023\/05\/Colossal_Logo-02.png","contentUrl":"https:\/\/www.colossalstore.es\/wp-content\/uploads\/2023\/05\/Colossal_Logo-02.png","width":1181,"height":1181,"caption":"Colossal Store"},"image":{"@id":"https:\/\/www.colossalstore.es\/#\/schema\/logo\/image\/"},"sameAs":["https:\/\/x.com\/Colossal_Store","https:\/\/www.instagram.com\/colossal_store_tcg\/","https:\/\/www.tiktok.com\/@colossalstore"]}]}},"_links":{"self":[{"href":"https:\/\/www.colossalstore.es\/en\/wp-json\/wp\/v2\/product\/10488","targetHints":{"allow":["GET"]}}],"collection":[{"href":"https:\/\/www.colossalstore.es\/en\/wp-json\/wp\/v2\/product"}],"about":[{"href":"https:\/\/www.colossalstore.es\/en\/wp-json\/wp\/v2\/types\/product"}],"replies":[{"embeddable":true,"href":"https:\/\/www.colossalstore.es\/en\/wp-json\/wp\/v2\/comments?post=10488"}],"wp:featuredmedia":[{"embeddable":true,"href":"https:\/\/www.colossalstore.es\/en\/wp-json\/wp\/v2\/media\/10490"}],"wp:attachment":[{"href":"https:\/\/www.colossalstore.es\/en\/wp-json\/wp\/v2\/media?parent=10488"}],"wp:term":[{"taxonomy":"product_brand","embeddable":true,"href":"https:\/\/www.colossalstore.es\/en\/wp-json\/wp\/v2\/product_brand?post=10488"},{"taxonomy":"product_cat","embeddable":true,"href":"https:\/\/www.colossalstore.es\/en\/wp-json\/wp\/v2\/product_cat?post=10488"},{"taxonomy":"product_tag","embeddable":true,"href":"https:\/\/www.colossalstore.es\/en\/wp-json\/wp\/v2\/product_tag?post=10488"}],"curies":[{"name":"wp","href":"https:\/\/api.w.org\/{rel}","templated":true}]}}