{"id":1046,"date":"2022-09-16T13:44:11","date_gmt":"2022-09-16T11:44:11","guid":{"rendered":"https:\/\/colossalstore.es\/?post_type=product&#038;p=1046"},"modified":"2026-01-05T20:29:45","modified_gmt":"2026-01-05T19:29:45","slug":"shaman-king-10","status":"publish","type":"product","link":"https:\/\/www.colossalstore.es\/en\/tienda\/manga\/shaman-king-10\/","title":{"rendered":"SHAMAN KING 10"},"content":{"rendered":"<p>Shaman King 10 (Hiroyuki Takei)<\/p>\n<p>Shamans are people who can interact with gods, spirits and the souls of the deceased. Yoh has that power and wants to become the shaman king, someone capable of establishing contact with the Great Spirits, which would allow him to change the world as he wishes. To achieve this, he will have to gain a spirit to accompany him and participate in the Shaman Fight: a tournament that is held every 500 years, gaining a good group of allies and friends along the way. Although he will also find the most diverse and sinister rivals, some with quite different intentions from Yoh.<\/p>","protected":false},"excerpt":{"rendered":"<p>Shaman King 10 (Hiroyuki Takei) Los shamanes son personas que pueden interactuar con los dioses, los esp\u00edritus y las almas de los difuntos. Yoh tiene ese poder y quiere convertirse en el rey shaman, alguien capaz de establecer contacto con los Grandes Esp\u00edritus, lo que le permitir\u00eda cambiar el mundo a su antojo. Para conseguirlo, [&hellip;]<\/p>","protected":false},"featured_media":1047,"comment_status":"open","ping_status":"closed","template":"","meta":{"_joinchat":[]},"product_brand":[],"product_cat":[32],"product_tag":[],"class_list":{"0":"post-1046","1":"product","2":"type-product","3":"status-publish","4":"has-post-thumbnail","6":"product_cat-manga","8":"first","9":"outofstock","10":"sale","11":"taxable","12":"shipping-taxable","13":"purchasable","14":"product-type-simple"},"yoast_head":"<!-- This site is optimized with the Yoast SEO plugin v25.7 - https:\/\/yoast.com\/wordpress\/plugins\/seo\/ -->\n<title>Shaman King 10 (Hiroyuki Takei) | Colossal Store<\/title>\n<meta name=\"description\" content=\"Shaman King 10 (Hiroyuki Takei): Los shamanes son personas que pueden interactuar con los dioses, los esp\u00edritus y las almas de los difuntos. Yoh tiene ese poder y quiere convertirse en el rey shaman, alguien capaz de establecer contacto con los Grandes Esp\u00edritus, lo que le permitir\u00eda cambiar el mundo a su antojo. Para conseguirlo, tendr\u00e1 que hacerse con un esp\u00edritu que lo acompa\u00f1e y participar en el Shaman Fight: un torneo que se celebra cada 500 a\u00f1os, consiguiendo por el camino un buen grupo de aliados y amigos. Aunque tambi\u00e9n encontrar\u00e1 rivales de lo m\u00e1s variopintos y siniestros, algunos con intenciones bastante diferentes a las de Yoh.\" \/>\n<meta name=\"robots\" content=\"index, follow, max-snippet:-1, max-image-preview:large, max-video-preview:-1\" \/>\n<link rel=\"canonical\" href=\"https:\/\/www.colossalstore.es\/en\/tienda\/manga\/shaman-king-10\/\" \/>\n<meta property=\"og:locale\" content=\"en_US\" \/>\n<meta property=\"og:type\" content=\"article\" \/>\n<meta property=\"og:title\" content=\"Shaman King 10 (Hiroyuki Takei) | Colossal Store\" \/>\n<meta property=\"og:description\" content=\"Shaman King 10 (Hiroyuki Takei): Los shamanes son personas que pueden interactuar con los dioses, los esp\u00edritus y las almas de los difuntos. Yoh tiene ese poder y quiere convertirse en el rey shaman, alguien capaz de establecer contacto con los Grandes Esp\u00edritus, lo que le permitir\u00eda cambiar el mundo a su antojo. Para conseguirlo, tendr\u00e1 que hacerse con un esp\u00edritu que lo acompa\u00f1e y participar en el Shaman Fight: un torneo que se celebra cada 500 a\u00f1os, consiguiendo por el camino un buen grupo de aliados y amigos. Aunque tambi\u00e9n encontrar\u00e1 rivales de lo m\u00e1s variopintos y siniestros, algunos con intenciones bastante diferentes a las de Yoh.\" \/>\n<meta property=\"og:url\" content=\"https:\/\/www.colossalstore.es\/en\/tienda\/manga\/shaman-king-10\/\" \/>\n<meta property=\"og:site_name\" content=\"Colossal Store\" \/>\n<meta property=\"article:modified_time\" content=\"2026-01-05T19:29:45+00:00\" \/>\n<meta property=\"og:image\" content=\"https:\/\/www.colossalstore.es\/wp-content\/uploads\/2022\/09\/shamanking_10.jpg\" \/>\n\t<meta property=\"og:image:width\" content=\"400\" \/>\n\t<meta property=\"og:image:height\" content=\"562\" \/>\n\t<meta property=\"og:image:type\" content=\"image\/jpeg\" \/>\n<meta name=\"twitter:card\" content=\"summary_large_image\" \/>\n<meta name=\"twitter:site\" content=\"@Colossal_Store\" \/>\n<meta name=\"twitter:label1\" content=\"Est. reading time\" \/>\n\t<meta name=\"twitter:data1\" content=\"1 minute\" \/>\n<script type=\"application\/ld+json\" class=\"yoast-schema-graph\">{\"@context\":\"https:\/\/schema.org\",\"@graph\":[{\"@type\":\"WebPage\",\"@id\":\"https:\/\/www.colossalstore.es\/tienda\/manga\/shaman-king-10\/\",\"url\":\"https:\/\/www.colossalstore.es\/tienda\/manga\/shaman-king-10\/\",\"name\":\"Shaman King 10 (Hiroyuki Takei) | Colossal Store\",\"isPartOf\":{\"@id\":\"https:\/\/www.colossalstore.es\/#website\"},\"primaryImageOfPage\":{\"@id\":\"https:\/\/www.colossalstore.es\/tienda\/manga\/shaman-king-10\/#primaryimage\"},\"image\":{\"@id\":\"https:\/\/www.colossalstore.es\/tienda\/manga\/shaman-king-10\/#primaryimage\"},\"thumbnailUrl\":\"https:\/\/www.colossalstore.es\/wp-content\/uploads\/2022\/09\/shamanking_10.jpg\",\"datePublished\":\"2022-09-16T11:44:11+00:00\",\"dateModified\":\"2026-01-05T19:29:45+00:00\",\"description\":\"Shaman King 10 (Hiroyuki Takei): Los shamanes son personas que pueden interactuar con los dioses, los esp\u00edritus y las almas de los difuntos. Yoh tiene ese poder y quiere convertirse en el rey shaman, alguien capaz de establecer contacto con los Grandes Esp\u00edritus, lo que le permitir\u00eda cambiar el mundo a su antojo. Para conseguirlo, tendr\u00e1 que hacerse con un esp\u00edritu que lo acompa\u00f1e y participar en el Shaman Fight: un torneo que se celebra cada 500 a\u00f1os, consiguiendo por el camino un buen grupo de aliados y amigos. Aunque tambi\u00e9n encontrar\u00e1 rivales de lo m\u00e1s variopintos y siniestros, algunos con intenciones bastante diferentes a las de Yoh.\",\"breadcrumb\":{\"@id\":\"https:\/\/www.colossalstore.es\/tienda\/manga\/shaman-king-10\/#breadcrumb\"},\"inLanguage\":\"en-US\",\"potentialAction\":[{\"@type\":\"ReadAction\",\"target\":[\"https:\/\/www.colossalstore.es\/tienda\/manga\/shaman-king-10\/\"]}]},{\"@type\":\"ImageObject\",\"inLanguage\":\"en-US\",\"@id\":\"https:\/\/www.colossalstore.es\/tienda\/manga\/shaman-king-10\/#primaryimage\",\"url\":\"https:\/\/www.colossalstore.es\/wp-content\/uploads\/2022\/09\/shamanking_10.jpg\",\"contentUrl\":\"https:\/\/www.colossalstore.es\/wp-content\/uploads\/2022\/09\/shamanking_10.jpg\",\"width\":400,\"height\":562},{\"@type\":\"BreadcrumbList\",\"@id\":\"https:\/\/www.colossalstore.es\/tienda\/manga\/shaman-king-10\/#breadcrumb\",\"itemListElement\":[{\"@type\":\"ListItem\",\"position\":1,\"name\":\"Home\",\"item\":\"https:\/\/www.colossalstore.es\/\"},{\"@type\":\"ListItem\",\"position\":2,\"name\":\"Tienda\",\"item\":\"https:\/\/www.colossalstore.es\/tienda\/\"},{\"@type\":\"ListItem\",\"position\":3,\"name\":\"SHAMAN KING 10\"}]},{\"@type\":\"WebSite\",\"@id\":\"https:\/\/www.colossalstore.es\/#website\",\"url\":\"https:\/\/www.colossalstore.es\/\",\"name\":\"Colossal Store\",\"description\":\"Colossal Store, tienda especializada en TCGs.\",\"publisher\":{\"@id\":\"https:\/\/www.colossalstore.es\/#organization\"},\"alternateName\":\"Colossal Store\",\"potentialAction\":[{\"@type\":\"SearchAction\",\"target\":{\"@type\":\"EntryPoint\",\"urlTemplate\":\"https:\/\/www.colossalstore.es\/?s={search_term_string}\"},\"query-input\":{\"@type\":\"PropertyValueSpecification\",\"valueRequired\":true,\"valueName\":\"search_term_string\"}}],\"inLanguage\":\"en-US\"},{\"@type\":\"Organization\",\"@id\":\"https:\/\/www.colossalstore.es\/#organization\",\"name\":\"Colossal Store\",\"url\":\"https:\/\/www.colossalstore.es\/\",\"logo\":{\"@type\":\"ImageObject\",\"inLanguage\":\"en-US\",\"@id\":\"https:\/\/www.colossalstore.es\/#\/schema\/logo\/image\/\",\"url\":\"https:\/\/www.colossalstore.es\/wp-content\/uploads\/2023\/05\/Colossal_Logo-02.png\",\"contentUrl\":\"https:\/\/www.colossalstore.es\/wp-content\/uploads\/2023\/05\/Colossal_Logo-02.png\",\"width\":1181,\"height\":1181,\"caption\":\"Colossal Store\"},\"image\":{\"@id\":\"https:\/\/www.colossalstore.es\/#\/schema\/logo\/image\/\"},\"sameAs\":[\"https:\/\/x.com\/Colossal_Store\",\"https:\/\/www.instagram.com\/colossal_store_tcg\/\",\"https:\/\/www.tiktok.com\/@colossalstore\"]}]}<\/script>\n<!-- \/ Yoast SEO plugin. -->","yoast_head_json":{"title":"Shaman King 10 (Hiroyuki Takei) | Colossal Store","description":"Shaman King 10 (Hiroyuki Takei): Los shamanes son personas que pueden interactuar con los dioses, los esp\u00edritus y las almas de los difuntos. Yoh tiene ese poder y quiere convertirse en el rey shaman, alguien capaz de establecer contacto con los Grandes Esp\u00edritus, lo que le permitir\u00eda cambiar el mundo a su antojo. Para conseguirlo, tendr\u00e1 que hacerse con un esp\u00edritu que lo acompa\u00f1e y participar en el Shaman Fight: un torneo que se celebra cada 500 a\u00f1os, consiguiendo por el camino un buen grupo de aliados y amigos. Aunque tambi\u00e9n encontrar\u00e1 rivales de lo m\u00e1s variopintos y siniestros, algunos con intenciones bastante diferentes a las de Yoh.","robots":{"index":"index","follow":"follow","max-snippet":"max-snippet:-1","max-image-preview":"max-image-preview:large","max-video-preview":"max-video-preview:-1"},"canonical":"https:\/\/www.colossalstore.es\/en\/tienda\/manga\/shaman-king-10\/","og_locale":"en_US","og_type":"article","og_title":"Shaman King 10 (Hiroyuki Takei) | Colossal Store","og_description":"Shaman King 10 (Hiroyuki Takei): Los shamanes son personas que pueden interactuar con los dioses, los esp\u00edritus y las almas de los difuntos. Yoh tiene ese poder y quiere convertirse en el rey shaman, alguien capaz de establecer contacto con los Grandes Esp\u00edritus, lo que le permitir\u00eda cambiar el mundo a su antojo. Para conseguirlo, tendr\u00e1 que hacerse con un esp\u00edritu que lo acompa\u00f1e y participar en el Shaman Fight: un torneo que se celebra cada 500 a\u00f1os, consiguiendo por el camino un buen grupo de aliados y amigos. Aunque tambi\u00e9n encontrar\u00e1 rivales de lo m\u00e1s variopintos y siniestros, algunos con intenciones bastante diferentes a las de Yoh.","og_url":"https:\/\/www.colossalstore.es\/en\/tienda\/manga\/shaman-king-10\/","og_site_name":"Colossal Store","article_modified_time":"2026-01-05T19:29:45+00:00","og_image":[{"width":400,"height":562,"url":"https:\/\/www.colossalstore.es\/wp-content\/uploads\/2022\/09\/shamanking_10.jpg","type":"image\/jpeg"}],"twitter_card":"summary_large_image","twitter_site":"@Colossal_Store","twitter_misc":{"Est. reading time":"1 minute"},"schema":{"@context":"https:\/\/schema.org","@graph":[{"@type":"WebPage","@id":"https:\/\/www.colossalstore.es\/tienda\/manga\/shaman-king-10\/","url":"https:\/\/www.colossalstore.es\/tienda\/manga\/shaman-king-10\/","name":"Shaman King 10 (Hiroyuki Takei) | Colossal Store","isPartOf":{"@id":"https:\/\/www.colossalstore.es\/#website"},"primaryImageOfPage":{"@id":"https:\/\/www.colossalstore.es\/tienda\/manga\/shaman-king-10\/#primaryimage"},"image":{"@id":"https:\/\/www.colossalstore.es\/tienda\/manga\/shaman-king-10\/#primaryimage"},"thumbnailUrl":"https:\/\/www.colossalstore.es\/wp-content\/uploads\/2022\/09\/shamanking_10.jpg","datePublished":"2022-09-16T11:44:11+00:00","dateModified":"2026-01-05T19:29:45+00:00","description":"Shaman King 10 (Hiroyuki Takei): Los shamanes son personas que pueden interactuar con los dioses, los esp\u00edritus y las almas de los difuntos. Yoh tiene ese poder y quiere convertirse en el rey shaman, alguien capaz de establecer contacto con los Grandes Esp\u00edritus, lo que le permitir\u00eda cambiar el mundo a su antojo. Para conseguirlo, tendr\u00e1 que hacerse con un esp\u00edritu que lo acompa\u00f1e y participar en el Shaman Fight: un torneo que se celebra cada 500 a\u00f1os, consiguiendo por el camino un buen grupo de aliados y amigos. Aunque tambi\u00e9n encontrar\u00e1 rivales de lo m\u00e1s variopintos y siniestros, algunos con intenciones bastante diferentes a las de Yoh.","breadcrumb":{"@id":"https:\/\/www.colossalstore.es\/tienda\/manga\/shaman-king-10\/#breadcrumb"},"inLanguage":"en-US","potentialAction":[{"@type":"ReadAction","target":["https:\/\/www.colossalstore.es\/tienda\/manga\/shaman-king-10\/"]}]},{"@type":"ImageObject","inLanguage":"en-US","@id":"https:\/\/www.colossalstore.es\/tienda\/manga\/shaman-king-10\/#primaryimage","url":"https:\/\/www.colossalstore.es\/wp-content\/uploads\/2022\/09\/shamanking_10.jpg","contentUrl":"https:\/\/www.colossalstore.es\/wp-content\/uploads\/2022\/09\/shamanking_10.jpg","width":400,"height":562},{"@type":"BreadcrumbList","@id":"https:\/\/www.colossalstore.es\/tienda\/manga\/shaman-king-10\/#breadcrumb","itemListElement":[{"@type":"ListItem","position":1,"name":"Home","item":"https:\/\/www.colossalstore.es\/"},{"@type":"ListItem","position":2,"name":"Tienda","item":"https:\/\/www.colossalstore.es\/tienda\/"},{"@type":"ListItem","position":3,"name":"SHAMAN KING 10"}]},{"@type":"WebSite","@id":"https:\/\/www.colossalstore.es\/#website","url":"https:\/\/www.colossalstore.es\/","name":"Colossal Store","description":"Colossal Store, store specialized in TCGs.","publisher":{"@id":"https:\/\/www.colossalstore.es\/#organization"},"alternateName":"Colossal Store","potentialAction":[{"@type":"SearchAction","target":{"@type":"EntryPoint","urlTemplate":"https:\/\/www.colossalstore.es\/?s={search_term_string}"},"query-input":{"@type":"PropertyValueSpecification","valueRequired":true,"valueName":"search_term_string"}}],"inLanguage":"en-US"},{"@type":"Organization","@id":"https:\/\/www.colossalstore.es\/#organization","name":"Colossal Store","url":"https:\/\/www.colossalstore.es\/","logo":{"@type":"ImageObject","inLanguage":"en-US","@id":"https:\/\/www.colossalstore.es\/#\/schema\/logo\/image\/","url":"https:\/\/www.colossalstore.es\/wp-content\/uploads\/2023\/05\/Colossal_Logo-02.png","contentUrl":"https:\/\/www.colossalstore.es\/wp-content\/uploads\/2023\/05\/Colossal_Logo-02.png","width":1181,"height":1181,"caption":"Colossal Store"},"image":{"@id":"https:\/\/www.colossalstore.es\/#\/schema\/logo\/image\/"},"sameAs":["https:\/\/x.com\/Colossal_Store","https:\/\/www.instagram.com\/colossal_store_tcg\/","https:\/\/www.tiktok.com\/@colossalstore"]}]}},"_links":{"self":[{"href":"https:\/\/www.colossalstore.es\/en\/wp-json\/wp\/v2\/product\/1046","targetHints":{"allow":["GET"]}}],"collection":[{"href":"https:\/\/www.colossalstore.es\/en\/wp-json\/wp\/v2\/product"}],"about":[{"href":"https:\/\/www.colossalstore.es\/en\/wp-json\/wp\/v2\/types\/product"}],"replies":[{"embeddable":true,"href":"https:\/\/www.colossalstore.es\/en\/wp-json\/wp\/v2\/comments?post=1046"}],"wp:featuredmedia":[{"embeddable":true,"href":"https:\/\/www.colossalstore.es\/en\/wp-json\/wp\/v2\/media\/1047"}],"wp:attachment":[{"href":"https:\/\/www.colossalstore.es\/en\/wp-json\/wp\/v2\/media?parent=1046"}],"wp:term":[{"taxonomy":"product_brand","embeddable":true,"href":"https:\/\/www.colossalstore.es\/en\/wp-json\/wp\/v2\/product_brand?post=1046"},{"taxonomy":"product_cat","embeddable":true,"href":"https:\/\/www.colossalstore.es\/en\/wp-json\/wp\/v2\/product_cat?post=1046"},{"taxonomy":"product_tag","embeddable":true,"href":"https:\/\/www.colossalstore.es\/en\/wp-json\/wp\/v2\/product_tag?post=1046"}],"curies":[{"name":"wp","href":"https:\/\/api.w.org\/{rel}","templated":true}]}}