{"id":10424,"date":"2025-07-01T17:53:26","date_gmt":"2025-07-01T15:53:26","guid":{"rendered":"https:\/\/www.colossalstore.es\/?post_type=product&#038;p=10424"},"modified":"2025-07-01T18:30:45","modified_gmt":"2025-07-01T16:30:45","slug":"10424","status":"publish","type":"product","link":"https:\/\/www.colossalstore.es\/en\/tienda\/juegos-de-mesa\/10424\/","title":{"rendered":"ACERTIJOS EN LA JUNGLA"},"content":{"rendered":"<p>\u00a1Qu\u00e9 suerte hab\u00e9is tenido! \u00a1Primero hab\u00e9is descubierto una isla desconocida, y luego, en las profundidades de la jungla, hab\u00e9is encontrado nueve misteriosos cofres! Pero hab\u00e9is ido a parar a la Isla de los Acertijos, y los animales de la selva se divertir\u00e1n proponi\u00e9ndoos unos cuantos enigmas antes de poder abrir los cofres. \u00bfA qu\u00e9 est\u00e1is esperando? \u00a1Resolved los acertijos entre todos y descubrid qu\u00e9 se oculta en los cofres! Tanto si deciden probarlo solos como si prefieren hacerlo en grupo, los peque\u00f1os a partir de 5 a\u00f1os tratar\u00e1n de resolver varios acertijos para abrir misteriosos cofres del tesoro. En cada ronda se combinan seis tipos diferentes de rompecabezas, que se muestran en 36 tarjetas ilustradas de gran formato. As\u00ed, este t\u00edtulo es rejugable, ofreciendo una nueva experiencia de juego en cada ronda. No es necesario saber leer para resolver los acertijos, de modo que se trata de una divertida introducci\u00f3n para que los jugadores j\u00f3venes se inicien en la serie de juegos Exit. EXIT Kids: Acertijos en la jungla es un juego de escape cooperativo dise\u00f1ado por Inka y Markus Brand, que se puede disfrutar en solitario o en un grupo de hasta 4 personas, a partir de 5 a\u00f1os, en partidas que pueden durar unos 20 minutos.<\/p>\n<p>A trav\u00e9s de 36 cartas ilustradas de gran formato, 7 objetos especiales, 9 fichas de cofre, 6 fichas de llave y un disco de soluciones, los jugadores se divertir\u00e1n resolviendo los acertijos que plantear\u00e1n los animales de la jungla. La saga de juegos Exit nos trae en cada caja todo lo necesario para vivir la emoci\u00f3n de las mejores Escape room o salas de escape desde el sal\u00f3n de casa. Cada t\u00edtulo tiene una tem\u00e1tica y una historia completamente diferente en la que los jugadores son los protagonistas. Una aventura ideal para pasar una divertida tarde en solitario, en familia o entre amigos que pondr\u00e1 a prueba la capacidad de observaci\u00f3n, el ingenio y la creatividad de todos los participantes. El formato compacto y port\u00e1til de la caja convierten este juego en un compa\u00f1ero ideal para cualquier viaje.<\/p>\n<p>Con una dificultad de nivel principiante y pensado espec\u00edficamente para jugar con los m\u00e1s peque\u00f1os de casa, EXIT Kids: Acertijos en la jungla es un t\u00edtulo ideal para disfrutar en familia o para entretener a un grupo de peque\u00f1as mentes inquietas. Los acertijos se basan en la agudeza visual, de modo que trabajar\u00e1n habilidades como la concentraci\u00f3n y la atenci\u00f3n. \u00bfPodr\u00e9is resolver los puzles que hay en las im\u00e1genes y abrir todos los cofres del tesoro?<\/p>","protected":false},"excerpt":{"rendered":"<p>\u00a1Qu\u00e9 suerte hab\u00e9is tenido! \u00a1Primero hab\u00e9is descubierto una isla desconocida, y luego, en las profundidades de la jungla, hab\u00e9is encontrado nueve misteriosos cofres! Pero hab\u00e9is ido a parar a la Isla de los Acertijos, y los animales de la selva se divertir\u00e1n proponi\u00e9ndoos unos cuantos enigmas antes de poder abrir los cofres. \u00bfA qu\u00e9 est\u00e1is [&hellip;]<\/p>","protected":false},"featured_media":10426,"comment_status":"open","ping_status":"closed","template":"","meta":{"_joinchat":[]},"product_brand":[],"product_cat":[26],"product_tag":[],"class_list":{"0":"post-10424","1":"product","2":"type-product","3":"status-publish","4":"has-post-thumbnail","6":"product_cat-juegos-de-mesa","8":"first","9":"instock","10":"taxable","11":"shipping-taxable","12":"purchasable","13":"product-type-simple"},"yoast_head":"<!-- This site is optimized with the Yoast SEO plugin v25.7 - https:\/\/yoast.com\/wordpress\/plugins\/seo\/ -->\n<title>ACERTIJOS EN LA JUNGLA | Colossal Store<\/title>\n<meta name=\"robots\" content=\"index, follow, max-snippet:-1, max-image-preview:large, max-video-preview:-1\" \/>\n<link rel=\"canonical\" href=\"https:\/\/www.colossalstore.es\/en\/tienda\/juegos-de-mesa\/10424\/\" \/>\n<meta property=\"og:locale\" content=\"en_US\" \/>\n<meta property=\"og:type\" content=\"article\" \/>\n<meta property=\"og:title\" content=\"ACERTIJOS EN LA JUNGLA | Colossal Store\" \/>\n<meta property=\"og:description\" content=\"\u00a1Qu\u00e9 suerte hab\u00e9is tenido! \u00a1Primero hab\u00e9is descubierto una isla desconocida, y luego, en las profundidades de la jungla, hab\u00e9is encontrado nueve misteriosos cofres! Pero hab\u00e9is ido a parar a la Isla de los Acertijos, y los animales de la selva se divertir\u00e1n proponi\u00e9ndoos unos cuantos enigmas antes de poder abrir los cofres. \u00bfA qu\u00e9 est\u00e1is [&hellip;]\" \/>\n<meta property=\"og:url\" content=\"https:\/\/www.colossalstore.es\/en\/tienda\/juegos-de-mesa\/10424\/\" \/>\n<meta property=\"og:site_name\" content=\"Colossal Store\" \/>\n<meta property=\"article:modified_time\" content=\"2025-07-01T16:30:45+00:00\" \/>\n<meta property=\"og:image\" content=\"https:\/\/www.colossalstore.es\/wp-content\/uploads\/2025\/07\/8436607942016-1200-face3d-copy.jpg\" \/>\n\t<meta property=\"og:image:width\" content=\"1200\" \/>\n\t<meta property=\"og:image:height\" content=\"1200\" \/>\n\t<meta property=\"og:image:type\" content=\"image\/jpeg\" \/>\n<meta name=\"twitter:card\" content=\"summary_large_image\" \/>\n<meta name=\"twitter:site\" content=\"@Colossal_Store\" \/>\n<meta name=\"twitter:label1\" content=\"Est. reading time\" \/>\n\t<meta name=\"twitter:data1\" content=\"3 minutes\" \/>\n<script type=\"application\/ld+json\" class=\"yoast-schema-graph\">{\"@context\":\"https:\/\/schema.org\",\"@graph\":[{\"@type\":\"WebPage\",\"@id\":\"https:\/\/www.colossalstore.es\/tienda\/juegos-de-mesa\/10424\/\",\"url\":\"https:\/\/www.colossalstore.es\/tienda\/juegos-de-mesa\/10424\/\",\"name\":\"ACERTIJOS EN LA JUNGLA | Colossal Store\",\"isPartOf\":{\"@id\":\"https:\/\/www.colossalstore.es\/#website\"},\"primaryImageOfPage\":{\"@id\":\"https:\/\/www.colossalstore.es\/tienda\/juegos-de-mesa\/10424\/#primaryimage\"},\"image\":{\"@id\":\"https:\/\/www.colossalstore.es\/tienda\/juegos-de-mesa\/10424\/#primaryimage\"},\"thumbnailUrl\":\"https:\/\/www.colossalstore.es\/wp-content\/uploads\/2025\/07\/8436607942016-1200-face3d-copy.jpg\",\"datePublished\":\"2025-07-01T15:53:26+00:00\",\"dateModified\":\"2025-07-01T16:30:45+00:00\",\"breadcrumb\":{\"@id\":\"https:\/\/www.colossalstore.es\/tienda\/juegos-de-mesa\/10424\/#breadcrumb\"},\"inLanguage\":\"en-US\",\"potentialAction\":[{\"@type\":\"ReadAction\",\"target\":[\"https:\/\/www.colossalstore.es\/tienda\/juegos-de-mesa\/10424\/\"]}]},{\"@type\":\"ImageObject\",\"inLanguage\":\"en-US\",\"@id\":\"https:\/\/www.colossalstore.es\/tienda\/juegos-de-mesa\/10424\/#primaryimage\",\"url\":\"https:\/\/www.colossalstore.es\/wp-content\/uploads\/2025\/07\/8436607942016-1200-face3d-copy.jpg\",\"contentUrl\":\"https:\/\/www.colossalstore.es\/wp-content\/uploads\/2025\/07\/8436607942016-1200-face3d-copy.jpg\",\"width\":1200,\"height\":1200},{\"@type\":\"BreadcrumbList\",\"@id\":\"https:\/\/www.colossalstore.es\/tienda\/juegos-de-mesa\/10424\/#breadcrumb\",\"itemListElement\":[{\"@type\":\"ListItem\",\"position\":1,\"name\":\"Home\",\"item\":\"https:\/\/www.colossalstore.es\/\"},{\"@type\":\"ListItem\",\"position\":2,\"name\":\"Tienda\",\"item\":\"https:\/\/www.colossalstore.es\/tienda\/\"},{\"@type\":\"ListItem\",\"position\":3,\"name\":\"ACERTIJOS EN LA JUNGLA\"}]},{\"@type\":\"WebSite\",\"@id\":\"https:\/\/www.colossalstore.es\/#website\",\"url\":\"https:\/\/www.colossalstore.es\/\",\"name\":\"Colossal Store\",\"description\":\"Colossal Store, tienda especializada en TCGs.\",\"publisher\":{\"@id\":\"https:\/\/www.colossalstore.es\/#organization\"},\"alternateName\":\"Colossal Store\",\"potentialAction\":[{\"@type\":\"SearchAction\",\"target\":{\"@type\":\"EntryPoint\",\"urlTemplate\":\"https:\/\/www.colossalstore.es\/?s={search_term_string}\"},\"query-input\":{\"@type\":\"PropertyValueSpecification\",\"valueRequired\":true,\"valueName\":\"search_term_string\"}}],\"inLanguage\":\"en-US\"},{\"@type\":\"Organization\",\"@id\":\"https:\/\/www.colossalstore.es\/#organization\",\"name\":\"Colossal Store\",\"url\":\"https:\/\/www.colossalstore.es\/\",\"logo\":{\"@type\":\"ImageObject\",\"inLanguage\":\"en-US\",\"@id\":\"https:\/\/www.colossalstore.es\/#\/schema\/logo\/image\/\",\"url\":\"https:\/\/www.colossalstore.es\/wp-content\/uploads\/2023\/05\/Colossal_Logo-02.png\",\"contentUrl\":\"https:\/\/www.colossalstore.es\/wp-content\/uploads\/2023\/05\/Colossal_Logo-02.png\",\"width\":1181,\"height\":1181,\"caption\":\"Colossal Store\"},\"image\":{\"@id\":\"https:\/\/www.colossalstore.es\/#\/schema\/logo\/image\/\"},\"sameAs\":[\"https:\/\/x.com\/Colossal_Store\",\"https:\/\/www.instagram.com\/colossal_store_tcg\/\",\"https:\/\/www.tiktok.com\/@colossalstore\"]}]}<\/script>\n<!-- \/ Yoast SEO plugin. -->","yoast_head_json":{"title":"ACERTIJOS EN LA JUNGLA | Colossal Store","robots":{"index":"index","follow":"follow","max-snippet":"max-snippet:-1","max-image-preview":"max-image-preview:large","max-video-preview":"max-video-preview:-1"},"canonical":"https:\/\/www.colossalstore.es\/en\/tienda\/juegos-de-mesa\/10424\/","og_locale":"en_US","og_type":"article","og_title":"ACERTIJOS EN LA JUNGLA | Colossal Store","og_description":"\u00a1Qu\u00e9 suerte hab\u00e9is tenido! \u00a1Primero hab\u00e9is descubierto una isla desconocida, y luego, en las profundidades de la jungla, hab\u00e9is encontrado nueve misteriosos cofres! Pero hab\u00e9is ido a parar a la Isla de los Acertijos, y los animales de la selva se divertir\u00e1n proponi\u00e9ndoos unos cuantos enigmas antes de poder abrir los cofres. \u00bfA qu\u00e9 est\u00e1is [&hellip;]","og_url":"https:\/\/www.colossalstore.es\/en\/tienda\/juegos-de-mesa\/10424\/","og_site_name":"Colossal Store","article_modified_time":"2025-07-01T16:30:45+00:00","og_image":[{"width":1200,"height":1200,"url":"https:\/\/www.colossalstore.es\/wp-content\/uploads\/2025\/07\/8436607942016-1200-face3d-copy.jpg","type":"image\/jpeg"}],"twitter_card":"summary_large_image","twitter_site":"@Colossal_Store","twitter_misc":{"Est. reading time":"3 minutes"},"schema":{"@context":"https:\/\/schema.org","@graph":[{"@type":"WebPage","@id":"https:\/\/www.colossalstore.es\/tienda\/juegos-de-mesa\/10424\/","url":"https:\/\/www.colossalstore.es\/tienda\/juegos-de-mesa\/10424\/","name":"ACERTIJOS EN LA JUNGLA | Colossal Store","isPartOf":{"@id":"https:\/\/www.colossalstore.es\/#website"},"primaryImageOfPage":{"@id":"https:\/\/www.colossalstore.es\/tienda\/juegos-de-mesa\/10424\/#primaryimage"},"image":{"@id":"https:\/\/www.colossalstore.es\/tienda\/juegos-de-mesa\/10424\/#primaryimage"},"thumbnailUrl":"https:\/\/www.colossalstore.es\/wp-content\/uploads\/2025\/07\/8436607942016-1200-face3d-copy.jpg","datePublished":"2025-07-01T15:53:26+00:00","dateModified":"2025-07-01T16:30:45+00:00","breadcrumb":{"@id":"https:\/\/www.colossalstore.es\/tienda\/juegos-de-mesa\/10424\/#breadcrumb"},"inLanguage":"en-US","potentialAction":[{"@type":"ReadAction","target":["https:\/\/www.colossalstore.es\/tienda\/juegos-de-mesa\/10424\/"]}]},{"@type":"ImageObject","inLanguage":"en-US","@id":"https:\/\/www.colossalstore.es\/tienda\/juegos-de-mesa\/10424\/#primaryimage","url":"https:\/\/www.colossalstore.es\/wp-content\/uploads\/2025\/07\/8436607942016-1200-face3d-copy.jpg","contentUrl":"https:\/\/www.colossalstore.es\/wp-content\/uploads\/2025\/07\/8436607942016-1200-face3d-copy.jpg","width":1200,"height":1200},{"@type":"BreadcrumbList","@id":"https:\/\/www.colossalstore.es\/tienda\/juegos-de-mesa\/10424\/#breadcrumb","itemListElement":[{"@type":"ListItem","position":1,"name":"Home","item":"https:\/\/www.colossalstore.es\/"},{"@type":"ListItem","position":2,"name":"Tienda","item":"https:\/\/www.colossalstore.es\/tienda\/"},{"@type":"ListItem","position":3,"name":"ACERTIJOS EN LA JUNGLA"}]},{"@type":"WebSite","@id":"https:\/\/www.colossalstore.es\/#website","url":"https:\/\/www.colossalstore.es\/","name":"Colossal Store","description":"Colossal Store, store specialized in TCGs.","publisher":{"@id":"https:\/\/www.colossalstore.es\/#organization"},"alternateName":"Colossal Store","potentialAction":[{"@type":"SearchAction","target":{"@type":"EntryPoint","urlTemplate":"https:\/\/www.colossalstore.es\/?s={search_term_string}"},"query-input":{"@type":"PropertyValueSpecification","valueRequired":true,"valueName":"search_term_string"}}],"inLanguage":"en-US"},{"@type":"Organization","@id":"https:\/\/www.colossalstore.es\/#organization","name":"Colossal Store","url":"https:\/\/www.colossalstore.es\/","logo":{"@type":"ImageObject","inLanguage":"en-US","@id":"https:\/\/www.colossalstore.es\/#\/schema\/logo\/image\/","url":"https:\/\/www.colossalstore.es\/wp-content\/uploads\/2023\/05\/Colossal_Logo-02.png","contentUrl":"https:\/\/www.colossalstore.es\/wp-content\/uploads\/2023\/05\/Colossal_Logo-02.png","width":1181,"height":1181,"caption":"Colossal Store"},"image":{"@id":"https:\/\/www.colossalstore.es\/#\/schema\/logo\/image\/"},"sameAs":["https:\/\/x.com\/Colossal_Store","https:\/\/www.instagram.com\/colossal_store_tcg\/","https:\/\/www.tiktok.com\/@colossalstore"]}]}},"_links":{"self":[{"href":"https:\/\/www.colossalstore.es\/en\/wp-json\/wp\/v2\/product\/10424","targetHints":{"allow":["GET"]}}],"collection":[{"href":"https:\/\/www.colossalstore.es\/en\/wp-json\/wp\/v2\/product"}],"about":[{"href":"https:\/\/www.colossalstore.es\/en\/wp-json\/wp\/v2\/types\/product"}],"replies":[{"embeddable":true,"href":"https:\/\/www.colossalstore.es\/en\/wp-json\/wp\/v2\/comments?post=10424"}],"wp:featuredmedia":[{"embeddable":true,"href":"https:\/\/www.colossalstore.es\/en\/wp-json\/wp\/v2\/media\/10426"}],"wp:attachment":[{"href":"https:\/\/www.colossalstore.es\/en\/wp-json\/wp\/v2\/media?parent=10424"}],"wp:term":[{"taxonomy":"product_brand","embeddable":true,"href":"https:\/\/www.colossalstore.es\/en\/wp-json\/wp\/v2\/product_brand?post=10424"},{"taxonomy":"product_cat","embeddable":true,"href":"https:\/\/www.colossalstore.es\/en\/wp-json\/wp\/v2\/product_cat?post=10424"},{"taxonomy":"product_tag","embeddable":true,"href":"https:\/\/www.colossalstore.es\/en\/wp-json\/wp\/v2\/product_tag?post=10424"}],"curies":[{"name":"wp","href":"https:\/\/api.w.org\/{rel}","templated":true}]}}