{"id":10389,"date":"2025-06-30T18:37:17","date_gmt":"2025-06-30T16:37:17","guid":{"rendered":"https:\/\/www.colossalstore.es\/?post_type=product&#038;p=10389"},"modified":"2025-06-30T18:37:17","modified_gmt":"2025-06-30T16:37:17","slug":"arkham-horror-lcg-el-juego-de-cartas-ed-revisada","status":"publish","type":"product","link":"https:\/\/www.colossalstore.es\/en\/tienda\/juegos-de-mesa\/arkham-horror-lcg-el-juego-de-cartas-ed-revisada\/","title":{"rendered":"ARKHAM HORROR LCG: EL JUEGO DE CARTAS ED. REVISADA"},"content":{"rendered":"<p>En la tranquila ciudad de Arkham, en Massachusetts, un peque\u00f1o grupo de intr\u00e9pidos investigadores quiere descubrir la naturaleza de un siniestro peligro que amenaza a la humanidad. Pero \u00a1cuidado! En el reino arcano habitan innumerables horrores, y los investigadores deber\u00e1n aferrarse como puedan a su cordura y lograr sobrevivir.<\/p>\n<p>Arkham Horror: El juego de cartas es un juego cooperativo para 1-4 jugadores en el que cada jugador adopta el papel de un investigador e intenta resolver aterradores misterios arcanos. Cada partida es un cap\u00edtulo de una campa\u00f1a mayor, en la que las decisiones tienen inesperadas consecuencias a largo plazo. Como Living Card Game\u00ae, se publicar\u00e1n nuevas cartas y aventuras de forma regular que permitir\u00e1n a los jugadores personalizar el contenido de esta caja b\u00e1sica o crear sus propios mazos.<\/p>\n<p>Los Primigenios aguardan.<br \/>\n\u00bfPodr\u00e1 alguno de nosotros descubrir sus secretos y vivir para contarlo?<\/p>\n<p>CONTENT<br \/>\n\u0095 5 cartas de Investigador<\/p>\n<p>\u0095 5 cartas peque\u00f1as<\/p>\n<p>\u0095 111 cartas de Escenario<\/p>\n<p>\u0095 245 cartas de Jugador<\/p>\n<p>\u0095 61 fichas de Recursos<\/p>\n<p>\u0095 44 fichas de Caos<\/p>\n<p>\u0095 27 fichas de Horror<\/p>\n<p>\u0095 40 fichas de Da\u00f1o<\/p>\n<p>\u0095 57 fichas de Pista\/Horror<\/p>\n<p>\u0095 1 gu\u00eda de campa\u00f1a<\/p>\n<p>\u0095 1 reglamento para aprender a jugar<\/p>\n<p>\u0095 1 gu\u00eda de referencia de reglas.<\/p>","protected":false},"excerpt":{"rendered":"<p>En la tranquila ciudad de Arkham, en Massachusetts, un peque\u00f1o grupo de intr\u00e9pidos investigadores quiere descubrir la naturaleza de un siniestro peligro que amenaza a la humanidad. Pero \u00a1cuidado! En el reino arcano habitan innumerables horrores, y los investigadores deber\u00e1n aferrarse como puedan a su cordura y lograr sobrevivir. Arkham Horror: El juego de cartas [&hellip;]<\/p>","protected":false},"featured_media":10390,"comment_status":"open","ping_status":"closed","template":"","meta":{"_joinchat":[]},"product_brand":[],"product_cat":[26],"product_tag":[],"class_list":{"0":"post-10389","1":"product","2":"type-product","3":"status-publish","4":"has-post-thumbnail","6":"product_cat-juegos-de-mesa","8":"first","9":"instock","10":"taxable","11":"shipping-taxable","12":"purchasable","13":"product-type-simple"},"yoast_head":"<!-- This site is optimized with the Yoast SEO plugin v25.7 - https:\/\/yoast.com\/wordpress\/plugins\/seo\/ -->\n<title>ARKHAM HORROR LCG: EL JUEGO DE CARTAS ED. REVISADA | Colossal Store<\/title>\n<meta name=\"robots\" content=\"index, follow, max-snippet:-1, max-image-preview:large, max-video-preview:-1\" \/>\n<link rel=\"canonical\" href=\"https:\/\/www.colossalstore.es\/en\/tienda\/juegos-de-mesa\/arkham-horror-lcg-el-juego-de-cartas-ed-revisada\/\" \/>\n<meta property=\"og:locale\" content=\"en_US\" \/>\n<meta property=\"og:type\" content=\"article\" \/>\n<meta property=\"og:title\" content=\"ARKHAM HORROR LCG: EL JUEGO DE CARTAS ED. REVISADA | Colossal Store\" \/>\n<meta property=\"og:description\" content=\"En la tranquila ciudad de Arkham, en Massachusetts, un peque\u00f1o grupo de intr\u00e9pidos investigadores quiere descubrir la naturaleza de un siniestro peligro que amenaza a la humanidad. Pero \u00a1cuidado! En el reino arcano habitan innumerables horrores, y los investigadores deber\u00e1n aferrarse como puedan a su cordura y lograr sobrevivir. Arkham Horror: El juego de cartas [&hellip;]\" \/>\n<meta property=\"og:url\" content=\"https:\/\/www.colossalstore.es\/en\/tienda\/juegos-de-mesa\/arkham-horror-lcg-el-juego-de-cartas-ed-revisada\/\" \/>\n<meta property=\"og:site_name\" content=\"Colossal Store\" \/>\n<meta property=\"og:image\" content=\"https:\/\/www.colossalstore.es\/wp-content\/uploads\/2025\/06\/ahc60es_1.png\" \/>\n\t<meta property=\"og:image:width\" content=\"1024\" \/>\n\t<meta property=\"og:image:height\" content=\"1024\" \/>\n\t<meta property=\"og:image:type\" content=\"image\/png\" \/>\n<meta name=\"twitter:card\" content=\"summary_large_image\" \/>\n<meta name=\"twitter:site\" content=\"@Colossal_Store\" \/>\n<meta name=\"twitter:label1\" content=\"Est. reading time\" \/>\n\t<meta name=\"twitter:data1\" content=\"2 minutes\" \/>\n<script type=\"application\/ld+json\" class=\"yoast-schema-graph\">{\"@context\":\"https:\/\/schema.org\",\"@graph\":[{\"@type\":\"WebPage\",\"@id\":\"https:\/\/www.colossalstore.es\/tienda\/juegos-de-mesa\/arkham-horror-lcg-el-juego-de-cartas-ed-revisada\/\",\"url\":\"https:\/\/www.colossalstore.es\/tienda\/juegos-de-mesa\/arkham-horror-lcg-el-juego-de-cartas-ed-revisada\/\",\"name\":\"ARKHAM HORROR LCG: EL JUEGO DE CARTAS ED. REVISADA | Colossal Store\",\"isPartOf\":{\"@id\":\"https:\/\/www.colossalstore.es\/#website\"},\"primaryImageOfPage\":{\"@id\":\"https:\/\/www.colossalstore.es\/tienda\/juegos-de-mesa\/arkham-horror-lcg-el-juego-de-cartas-ed-revisada\/#primaryimage\"},\"image\":{\"@id\":\"https:\/\/www.colossalstore.es\/tienda\/juegos-de-mesa\/arkham-horror-lcg-el-juego-de-cartas-ed-revisada\/#primaryimage\"},\"thumbnailUrl\":\"https:\/\/www.colossalstore.es\/wp-content\/uploads\/2025\/06\/ahc60es_1.png\",\"datePublished\":\"2025-06-30T16:37:17+00:00\",\"breadcrumb\":{\"@id\":\"https:\/\/www.colossalstore.es\/tienda\/juegos-de-mesa\/arkham-horror-lcg-el-juego-de-cartas-ed-revisada\/#breadcrumb\"},\"inLanguage\":\"en-US\",\"potentialAction\":[{\"@type\":\"ReadAction\",\"target\":[\"https:\/\/www.colossalstore.es\/tienda\/juegos-de-mesa\/arkham-horror-lcg-el-juego-de-cartas-ed-revisada\/\"]}]},{\"@type\":\"ImageObject\",\"inLanguage\":\"en-US\",\"@id\":\"https:\/\/www.colossalstore.es\/tienda\/juegos-de-mesa\/arkham-horror-lcg-el-juego-de-cartas-ed-revisada\/#primaryimage\",\"url\":\"https:\/\/www.colossalstore.es\/wp-content\/uploads\/2025\/06\/ahc60es_1.png\",\"contentUrl\":\"https:\/\/www.colossalstore.es\/wp-content\/uploads\/2025\/06\/ahc60es_1.png\",\"width\":1024,\"height\":1024},{\"@type\":\"BreadcrumbList\",\"@id\":\"https:\/\/www.colossalstore.es\/tienda\/juegos-de-mesa\/arkham-horror-lcg-el-juego-de-cartas-ed-revisada\/#breadcrumb\",\"itemListElement\":[{\"@type\":\"ListItem\",\"position\":1,\"name\":\"Home\",\"item\":\"https:\/\/www.colossalstore.es\/\"},{\"@type\":\"ListItem\",\"position\":2,\"name\":\"Tienda\",\"item\":\"https:\/\/www.colossalstore.es\/tienda\/\"},{\"@type\":\"ListItem\",\"position\":3,\"name\":\"ARKHAM HORROR LCG: EL JUEGO DE CARTAS ED. REVISADA\"}]},{\"@type\":\"WebSite\",\"@id\":\"https:\/\/www.colossalstore.es\/#website\",\"url\":\"https:\/\/www.colossalstore.es\/\",\"name\":\"Colossal Store\",\"description\":\"Colossal Store, tienda especializada en TCGs.\",\"publisher\":{\"@id\":\"https:\/\/www.colossalstore.es\/#organization\"},\"alternateName\":\"Colossal Store\",\"potentialAction\":[{\"@type\":\"SearchAction\",\"target\":{\"@type\":\"EntryPoint\",\"urlTemplate\":\"https:\/\/www.colossalstore.es\/?s={search_term_string}\"},\"query-input\":{\"@type\":\"PropertyValueSpecification\",\"valueRequired\":true,\"valueName\":\"search_term_string\"}}],\"inLanguage\":\"en-US\"},{\"@type\":\"Organization\",\"@id\":\"https:\/\/www.colossalstore.es\/#organization\",\"name\":\"Colossal Store\",\"url\":\"https:\/\/www.colossalstore.es\/\",\"logo\":{\"@type\":\"ImageObject\",\"inLanguage\":\"en-US\",\"@id\":\"https:\/\/www.colossalstore.es\/#\/schema\/logo\/image\/\",\"url\":\"https:\/\/www.colossalstore.es\/wp-content\/uploads\/2023\/05\/Colossal_Logo-02.png\",\"contentUrl\":\"https:\/\/www.colossalstore.es\/wp-content\/uploads\/2023\/05\/Colossal_Logo-02.png\",\"width\":1181,\"height\":1181,\"caption\":\"Colossal Store\"},\"image\":{\"@id\":\"https:\/\/www.colossalstore.es\/#\/schema\/logo\/image\/\"},\"sameAs\":[\"https:\/\/x.com\/Colossal_Store\",\"https:\/\/www.instagram.com\/colossal_store_tcg\/\",\"https:\/\/www.tiktok.com\/@colossalstore\"]}]}<\/script>\n<!-- \/ Yoast SEO plugin. -->","yoast_head_json":{"title":"ARKHAM HORROR LCG: EL JUEGO DE CARTAS ED. REVISADA | Colossal Store","robots":{"index":"index","follow":"follow","max-snippet":"max-snippet:-1","max-image-preview":"max-image-preview:large","max-video-preview":"max-video-preview:-1"},"canonical":"https:\/\/www.colossalstore.es\/en\/tienda\/juegos-de-mesa\/arkham-horror-lcg-el-juego-de-cartas-ed-revisada\/","og_locale":"en_US","og_type":"article","og_title":"ARKHAM HORROR LCG: EL JUEGO DE CARTAS ED. REVISADA | Colossal Store","og_description":"En la tranquila ciudad de Arkham, en Massachusetts, un peque\u00f1o grupo de intr\u00e9pidos investigadores quiere descubrir la naturaleza de un siniestro peligro que amenaza a la humanidad. Pero \u00a1cuidado! En el reino arcano habitan innumerables horrores, y los investigadores deber\u00e1n aferrarse como puedan a su cordura y lograr sobrevivir. Arkham Horror: El juego de cartas [&hellip;]","og_url":"https:\/\/www.colossalstore.es\/en\/tienda\/juegos-de-mesa\/arkham-horror-lcg-el-juego-de-cartas-ed-revisada\/","og_site_name":"Colossal Store","og_image":[{"width":1024,"height":1024,"url":"https:\/\/www.colossalstore.es\/wp-content\/uploads\/2025\/06\/ahc60es_1.png","type":"image\/png"}],"twitter_card":"summary_large_image","twitter_site":"@Colossal_Store","twitter_misc":{"Est. reading time":"2 minutes"},"schema":{"@context":"https:\/\/schema.org","@graph":[{"@type":"WebPage","@id":"https:\/\/www.colossalstore.es\/tienda\/juegos-de-mesa\/arkham-horror-lcg-el-juego-de-cartas-ed-revisada\/","url":"https:\/\/www.colossalstore.es\/tienda\/juegos-de-mesa\/arkham-horror-lcg-el-juego-de-cartas-ed-revisada\/","name":"ARKHAM HORROR LCG: EL JUEGO DE CARTAS ED. REVISADA | Colossal Store","isPartOf":{"@id":"https:\/\/www.colossalstore.es\/#website"},"primaryImageOfPage":{"@id":"https:\/\/www.colossalstore.es\/tienda\/juegos-de-mesa\/arkham-horror-lcg-el-juego-de-cartas-ed-revisada\/#primaryimage"},"image":{"@id":"https:\/\/www.colossalstore.es\/tienda\/juegos-de-mesa\/arkham-horror-lcg-el-juego-de-cartas-ed-revisada\/#primaryimage"},"thumbnailUrl":"https:\/\/www.colossalstore.es\/wp-content\/uploads\/2025\/06\/ahc60es_1.png","datePublished":"2025-06-30T16:37:17+00:00","breadcrumb":{"@id":"https:\/\/www.colossalstore.es\/tienda\/juegos-de-mesa\/arkham-horror-lcg-el-juego-de-cartas-ed-revisada\/#breadcrumb"},"inLanguage":"en-US","potentialAction":[{"@type":"ReadAction","target":["https:\/\/www.colossalstore.es\/tienda\/juegos-de-mesa\/arkham-horror-lcg-el-juego-de-cartas-ed-revisada\/"]}]},{"@type":"ImageObject","inLanguage":"en-US","@id":"https:\/\/www.colossalstore.es\/tienda\/juegos-de-mesa\/arkham-horror-lcg-el-juego-de-cartas-ed-revisada\/#primaryimage","url":"https:\/\/www.colossalstore.es\/wp-content\/uploads\/2025\/06\/ahc60es_1.png","contentUrl":"https:\/\/www.colossalstore.es\/wp-content\/uploads\/2025\/06\/ahc60es_1.png","width":1024,"height":1024},{"@type":"BreadcrumbList","@id":"https:\/\/www.colossalstore.es\/tienda\/juegos-de-mesa\/arkham-horror-lcg-el-juego-de-cartas-ed-revisada\/#breadcrumb","itemListElement":[{"@type":"ListItem","position":1,"name":"Home","item":"https:\/\/www.colossalstore.es\/"},{"@type":"ListItem","position":2,"name":"Tienda","item":"https:\/\/www.colossalstore.es\/tienda\/"},{"@type":"ListItem","position":3,"name":"ARKHAM HORROR LCG: EL JUEGO DE CARTAS ED. REVISADA"}]},{"@type":"WebSite","@id":"https:\/\/www.colossalstore.es\/#website","url":"https:\/\/www.colossalstore.es\/","name":"Colossal Store","description":"Colossal Store, store specialized in TCGs.","publisher":{"@id":"https:\/\/www.colossalstore.es\/#organization"},"alternateName":"Colossal Store","potentialAction":[{"@type":"SearchAction","target":{"@type":"EntryPoint","urlTemplate":"https:\/\/www.colossalstore.es\/?s={search_term_string}"},"query-input":{"@type":"PropertyValueSpecification","valueRequired":true,"valueName":"search_term_string"}}],"inLanguage":"en-US"},{"@type":"Organization","@id":"https:\/\/www.colossalstore.es\/#organization","name":"Colossal Store","url":"https:\/\/www.colossalstore.es\/","logo":{"@type":"ImageObject","inLanguage":"en-US","@id":"https:\/\/www.colossalstore.es\/#\/schema\/logo\/image\/","url":"https:\/\/www.colossalstore.es\/wp-content\/uploads\/2023\/05\/Colossal_Logo-02.png","contentUrl":"https:\/\/www.colossalstore.es\/wp-content\/uploads\/2023\/05\/Colossal_Logo-02.png","width":1181,"height":1181,"caption":"Colossal Store"},"image":{"@id":"https:\/\/www.colossalstore.es\/#\/schema\/logo\/image\/"},"sameAs":["https:\/\/x.com\/Colossal_Store","https:\/\/www.instagram.com\/colossal_store_tcg\/","https:\/\/www.tiktok.com\/@colossalstore"]}]}},"_links":{"self":[{"href":"https:\/\/www.colossalstore.es\/en\/wp-json\/wp\/v2\/product\/10389","targetHints":{"allow":["GET"]}}],"collection":[{"href":"https:\/\/www.colossalstore.es\/en\/wp-json\/wp\/v2\/product"}],"about":[{"href":"https:\/\/www.colossalstore.es\/en\/wp-json\/wp\/v2\/types\/product"}],"replies":[{"embeddable":true,"href":"https:\/\/www.colossalstore.es\/en\/wp-json\/wp\/v2\/comments?post=10389"}],"wp:featuredmedia":[{"embeddable":true,"href":"https:\/\/www.colossalstore.es\/en\/wp-json\/wp\/v2\/media\/10390"}],"wp:attachment":[{"href":"https:\/\/www.colossalstore.es\/en\/wp-json\/wp\/v2\/media?parent=10389"}],"wp:term":[{"taxonomy":"product_brand","embeddable":true,"href":"https:\/\/www.colossalstore.es\/en\/wp-json\/wp\/v2\/product_brand?post=10389"},{"taxonomy":"product_cat","embeddable":true,"href":"https:\/\/www.colossalstore.es\/en\/wp-json\/wp\/v2\/product_cat?post=10389"},{"taxonomy":"product_tag","embeddable":true,"href":"https:\/\/www.colossalstore.es\/en\/wp-json\/wp\/v2\/product_tag?post=10389"}],"curies":[{"name":"wp","href":"https:\/\/api.w.org\/{rel}","templated":true}]}}