{"id":10355,"date":"2025-06-28T21:14:26","date_gmt":"2025-06-28T19:14:26","guid":{"rendered":"https:\/\/www.colossalstore.es\/?post_type=product&#038;p=10355"},"modified":"2025-06-28T21:14:26","modified_gmt":"2025-06-28T19:14:26","slug":"agent-avenue","status":"publish","type":"product","link":"https:\/\/www.colossalstore.es\/en\/tienda\/juegos-de-mesa\/agent-avenue\/","title":{"rendered":"AGENT AVENUE"},"content":{"rendered":"<p>La Agent Avenue es algo m\u00e1s que una calle tranquila: es un campo de batalla secreto para el espionaje. Dos esp\u00edas, que son vecinos y desconocen la verdadera identidad del otro, empiezan a detectar se\u00f1ales de que no son residentes normales y corrientes. Motivados por tales indicios, usan sus habilidades de espionaje para descubrir la verdad sobre qui\u00e9n vive en la puerta de al lado. Dise\u00f1ado por Laura y Christian Kudahl e ilustrado por Fanny Pastor-Berlie, Agent Avenue se puede disfrutar en pareja o en grupos de hasta 4 jugadores, a partir de 8 a\u00f1os, en partidas de unos 15 minutos. El objetivo del juego consiste en desenmascarar la identidad secreta de tu rival (o del equipo rival, en caso de jugar por equipos) atrapando su ficha en el tablero antes de que \u00e9l atrape la tuya. El componente principal del juego son las cartas, que representan a otros vecinos y a esp\u00edas que trataremos de aprovechar a nuestro favor. En cada turno, los jugadores pondr\u00e1n dos cartas sobre la mesa, una boca arriba y la otra boca abajo. El oponente elegir\u00e1 una de ellas y a continuaci\u00f3n ambos jugadores colocar\u00e1n su carta en su zona de juego. En funci\u00f3n del n\u00famero de cartas de cada tipo que tenga cada jugador, podr\u00e1n avanzar o retroceder su ficha en el tablero central. Si al final del turno una focha ha atrapado la otra, se acaba la partida. \u00a1As\u00ed de simple es jugar a Agent Avenue! El reto del juego se encuentra en qu\u00e9 cartas elegir de las 4 disponibles para poner sobre la mesa en el turno de cada jugador. La cript\u00f3grafa, por ejemplo, nos dar\u00e1 la victoria de forma autom\u00e1tica si conseguimos acumular tres copias de su carta. El saboteador, por otro lado, nos hace retroceder, de modo que habr\u00e1 que intentar que sea nuestro rival quien tome esa carta. Si se te da bien el faroleo, seguro que disfrutar\u00e1s con Agent Avenue. Adem\u00e1s, el juego incluye un mazo de cartas de mercado negro pensado para partidas avanzadas. Estas cartas dan acceso a nuevos recursos y eventos que proporcionar\u00e1n a los jugadores beneficios y t\u00e1cticas avanzadas. \u00bfPreparado para pensar como un esp\u00eda mientras act\u00faas como un amable vecino?<\/p>","protected":false},"excerpt":{"rendered":"<p>La Agent Avenue es algo m\u00e1s que una calle tranquila: es un campo de batalla secreto para el espionaje. Dos esp\u00edas, que son vecinos y desconocen la verdadera identidad del otro, empiezan a detectar se\u00f1ales de que no son residentes normales y corrientes. Motivados por tales indicios, usan sus habilidades de espionaje para descubrir la [&hellip;]<\/p>","protected":false},"featured_media":10356,"comment_status":"open","ping_status":"closed","template":"","meta":{"_joinchat":[]},"product_brand":[],"product_cat":[26],"product_tag":[],"class_list":{"0":"post-10355","1":"product","2":"type-product","3":"status-publish","4":"has-post-thumbnail","6":"product_cat-juegos-de-mesa","8":"first","9":"instock","10":"taxable","11":"shipping-taxable","12":"purchasable","13":"product-type-simple"},"yoast_head":"<!-- This site is optimized with the Yoast SEO plugin v25.7 - https:\/\/yoast.com\/wordpress\/plugins\/seo\/ -->\n<title>AGENT AVENUE | Colossal Store<\/title>\n<meta name=\"robots\" content=\"index, follow, max-snippet:-1, max-image-preview:large, max-video-preview:-1\" \/>\n<link rel=\"canonical\" href=\"https:\/\/www.colossalstore.es\/en\/tienda\/juegos-de-mesa\/agent-avenue\/\" \/>\n<meta property=\"og:locale\" content=\"en_US\" \/>\n<meta property=\"og:type\" content=\"article\" \/>\n<meta property=\"og:title\" content=\"AGENT AVENUE | Colossal Store\" \/>\n<meta property=\"og:description\" content=\"La Agent Avenue es algo m\u00e1s que una calle tranquila: es un campo de batalla secreto para el espionaje. Dos esp\u00edas, que son vecinos y desconocen la verdadera identidad del otro, empiezan a detectar se\u00f1ales de que no son residentes normales y corrientes. Motivados por tales indicios, usan sus habilidades de espionaje para descubrir la [&hellip;]\" \/>\n<meta property=\"og:url\" content=\"https:\/\/www.colossalstore.es\/en\/tienda\/juegos-de-mesa\/agent-avenue\/\" \/>\n<meta property=\"og:site_name\" content=\"Colossal Store\" \/>\n<meta property=\"og:image\" content=\"https:\/\/www.colossalstore.es\/wp-content\/uploads\/2025\/06\/8436607948254-1200-face3d.jpg\" \/>\n\t<meta property=\"og:image:width\" content=\"1200\" \/>\n\t<meta property=\"og:image:height\" content=\"1200\" \/>\n\t<meta property=\"og:image:type\" content=\"image\/jpeg\" \/>\n<meta name=\"twitter:card\" content=\"summary_large_image\" \/>\n<meta name=\"twitter:site\" content=\"@Colossal_Store\" \/>\n<meta name=\"twitter:label1\" content=\"Est. reading time\" \/>\n\t<meta name=\"twitter:data1\" content=\"2 minutes\" \/>\n<script type=\"application\/ld+json\" class=\"yoast-schema-graph\">{\"@context\":\"https:\/\/schema.org\",\"@graph\":[{\"@type\":\"WebPage\",\"@id\":\"https:\/\/www.colossalstore.es\/tienda\/juegos-de-mesa\/agent-avenue\/\",\"url\":\"https:\/\/www.colossalstore.es\/tienda\/juegos-de-mesa\/agent-avenue\/\",\"name\":\"AGENT AVENUE | Colossal Store\",\"isPartOf\":{\"@id\":\"https:\/\/www.colossalstore.es\/#website\"},\"primaryImageOfPage\":{\"@id\":\"https:\/\/www.colossalstore.es\/tienda\/juegos-de-mesa\/agent-avenue\/#primaryimage\"},\"image\":{\"@id\":\"https:\/\/www.colossalstore.es\/tienda\/juegos-de-mesa\/agent-avenue\/#primaryimage\"},\"thumbnailUrl\":\"https:\/\/www.colossalstore.es\/wp-content\/uploads\/2025\/06\/8436607948254-1200-face3d.jpg\",\"datePublished\":\"2025-06-28T19:14:26+00:00\",\"breadcrumb\":{\"@id\":\"https:\/\/www.colossalstore.es\/tienda\/juegos-de-mesa\/agent-avenue\/#breadcrumb\"},\"inLanguage\":\"en-US\",\"potentialAction\":[{\"@type\":\"ReadAction\",\"target\":[\"https:\/\/www.colossalstore.es\/tienda\/juegos-de-mesa\/agent-avenue\/\"]}]},{\"@type\":\"ImageObject\",\"inLanguage\":\"en-US\",\"@id\":\"https:\/\/www.colossalstore.es\/tienda\/juegos-de-mesa\/agent-avenue\/#primaryimage\",\"url\":\"https:\/\/www.colossalstore.es\/wp-content\/uploads\/2025\/06\/8436607948254-1200-face3d.jpg\",\"contentUrl\":\"https:\/\/www.colossalstore.es\/wp-content\/uploads\/2025\/06\/8436607948254-1200-face3d.jpg\",\"width\":1200,\"height\":1200},{\"@type\":\"BreadcrumbList\",\"@id\":\"https:\/\/www.colossalstore.es\/tienda\/juegos-de-mesa\/agent-avenue\/#breadcrumb\",\"itemListElement\":[{\"@type\":\"ListItem\",\"position\":1,\"name\":\"Home\",\"item\":\"https:\/\/www.colossalstore.es\/\"},{\"@type\":\"ListItem\",\"position\":2,\"name\":\"Tienda\",\"item\":\"https:\/\/www.colossalstore.es\/tienda\/\"},{\"@type\":\"ListItem\",\"position\":3,\"name\":\"AGENT AVENUE\"}]},{\"@type\":\"WebSite\",\"@id\":\"https:\/\/www.colossalstore.es\/#website\",\"url\":\"https:\/\/www.colossalstore.es\/\",\"name\":\"Colossal Store\",\"description\":\"Colossal Store, tienda especializada en TCGs.\",\"publisher\":{\"@id\":\"https:\/\/www.colossalstore.es\/#organization\"},\"alternateName\":\"Colossal Store\",\"potentialAction\":[{\"@type\":\"SearchAction\",\"target\":{\"@type\":\"EntryPoint\",\"urlTemplate\":\"https:\/\/www.colossalstore.es\/?s={search_term_string}\"},\"query-input\":{\"@type\":\"PropertyValueSpecification\",\"valueRequired\":true,\"valueName\":\"search_term_string\"}}],\"inLanguage\":\"en-US\"},{\"@type\":\"Organization\",\"@id\":\"https:\/\/www.colossalstore.es\/#organization\",\"name\":\"Colossal Store\",\"url\":\"https:\/\/www.colossalstore.es\/\",\"logo\":{\"@type\":\"ImageObject\",\"inLanguage\":\"en-US\",\"@id\":\"https:\/\/www.colossalstore.es\/#\/schema\/logo\/image\/\",\"url\":\"https:\/\/www.colossalstore.es\/wp-content\/uploads\/2023\/05\/Colossal_Logo-02.png\",\"contentUrl\":\"https:\/\/www.colossalstore.es\/wp-content\/uploads\/2023\/05\/Colossal_Logo-02.png\",\"width\":1181,\"height\":1181,\"caption\":\"Colossal Store\"},\"image\":{\"@id\":\"https:\/\/www.colossalstore.es\/#\/schema\/logo\/image\/\"},\"sameAs\":[\"https:\/\/x.com\/Colossal_Store\",\"https:\/\/www.instagram.com\/colossal_store_tcg\/\",\"https:\/\/www.tiktok.com\/@colossalstore\"]}]}<\/script>\n<!-- \/ Yoast SEO plugin. -->","yoast_head_json":{"title":"AGENT AVENUE | Colossal Store","robots":{"index":"index","follow":"follow","max-snippet":"max-snippet:-1","max-image-preview":"max-image-preview:large","max-video-preview":"max-video-preview:-1"},"canonical":"https:\/\/www.colossalstore.es\/en\/tienda\/juegos-de-mesa\/agent-avenue\/","og_locale":"en_US","og_type":"article","og_title":"AGENT AVENUE | Colossal Store","og_description":"La Agent Avenue es algo m\u00e1s que una calle tranquila: es un campo de batalla secreto para el espionaje. Dos esp\u00edas, que son vecinos y desconocen la verdadera identidad del otro, empiezan a detectar se\u00f1ales de que no son residentes normales y corrientes. Motivados por tales indicios, usan sus habilidades de espionaje para descubrir la [&hellip;]","og_url":"https:\/\/www.colossalstore.es\/en\/tienda\/juegos-de-mesa\/agent-avenue\/","og_site_name":"Colossal Store","og_image":[{"width":1200,"height":1200,"url":"https:\/\/www.colossalstore.es\/wp-content\/uploads\/2025\/06\/8436607948254-1200-face3d.jpg","type":"image\/jpeg"}],"twitter_card":"summary_large_image","twitter_site":"@Colossal_Store","twitter_misc":{"Est. reading time":"2 minutes"},"schema":{"@context":"https:\/\/schema.org","@graph":[{"@type":"WebPage","@id":"https:\/\/www.colossalstore.es\/tienda\/juegos-de-mesa\/agent-avenue\/","url":"https:\/\/www.colossalstore.es\/tienda\/juegos-de-mesa\/agent-avenue\/","name":"AGENT AVENUE | Colossal Store","isPartOf":{"@id":"https:\/\/www.colossalstore.es\/#website"},"primaryImageOfPage":{"@id":"https:\/\/www.colossalstore.es\/tienda\/juegos-de-mesa\/agent-avenue\/#primaryimage"},"image":{"@id":"https:\/\/www.colossalstore.es\/tienda\/juegos-de-mesa\/agent-avenue\/#primaryimage"},"thumbnailUrl":"https:\/\/www.colossalstore.es\/wp-content\/uploads\/2025\/06\/8436607948254-1200-face3d.jpg","datePublished":"2025-06-28T19:14:26+00:00","breadcrumb":{"@id":"https:\/\/www.colossalstore.es\/tienda\/juegos-de-mesa\/agent-avenue\/#breadcrumb"},"inLanguage":"en-US","potentialAction":[{"@type":"ReadAction","target":["https:\/\/www.colossalstore.es\/tienda\/juegos-de-mesa\/agent-avenue\/"]}]},{"@type":"ImageObject","inLanguage":"en-US","@id":"https:\/\/www.colossalstore.es\/tienda\/juegos-de-mesa\/agent-avenue\/#primaryimage","url":"https:\/\/www.colossalstore.es\/wp-content\/uploads\/2025\/06\/8436607948254-1200-face3d.jpg","contentUrl":"https:\/\/www.colossalstore.es\/wp-content\/uploads\/2025\/06\/8436607948254-1200-face3d.jpg","width":1200,"height":1200},{"@type":"BreadcrumbList","@id":"https:\/\/www.colossalstore.es\/tienda\/juegos-de-mesa\/agent-avenue\/#breadcrumb","itemListElement":[{"@type":"ListItem","position":1,"name":"Home","item":"https:\/\/www.colossalstore.es\/"},{"@type":"ListItem","position":2,"name":"Tienda","item":"https:\/\/www.colossalstore.es\/tienda\/"},{"@type":"ListItem","position":3,"name":"AGENT AVENUE"}]},{"@type":"WebSite","@id":"https:\/\/www.colossalstore.es\/#website","url":"https:\/\/www.colossalstore.es\/","name":"Colossal Store","description":"Colossal Store, store specialized in TCGs.","publisher":{"@id":"https:\/\/www.colossalstore.es\/#organization"},"alternateName":"Colossal Store","potentialAction":[{"@type":"SearchAction","target":{"@type":"EntryPoint","urlTemplate":"https:\/\/www.colossalstore.es\/?s={search_term_string}"},"query-input":{"@type":"PropertyValueSpecification","valueRequired":true,"valueName":"search_term_string"}}],"inLanguage":"en-US"},{"@type":"Organization","@id":"https:\/\/www.colossalstore.es\/#organization","name":"Colossal Store","url":"https:\/\/www.colossalstore.es\/","logo":{"@type":"ImageObject","inLanguage":"en-US","@id":"https:\/\/www.colossalstore.es\/#\/schema\/logo\/image\/","url":"https:\/\/www.colossalstore.es\/wp-content\/uploads\/2023\/05\/Colossal_Logo-02.png","contentUrl":"https:\/\/www.colossalstore.es\/wp-content\/uploads\/2023\/05\/Colossal_Logo-02.png","width":1181,"height":1181,"caption":"Colossal Store"},"image":{"@id":"https:\/\/www.colossalstore.es\/#\/schema\/logo\/image\/"},"sameAs":["https:\/\/x.com\/Colossal_Store","https:\/\/www.instagram.com\/colossal_store_tcg\/","https:\/\/www.tiktok.com\/@colossalstore"]}]}},"_links":{"self":[{"href":"https:\/\/www.colossalstore.es\/en\/wp-json\/wp\/v2\/product\/10355","targetHints":{"allow":["GET"]}}],"collection":[{"href":"https:\/\/www.colossalstore.es\/en\/wp-json\/wp\/v2\/product"}],"about":[{"href":"https:\/\/www.colossalstore.es\/en\/wp-json\/wp\/v2\/types\/product"}],"replies":[{"embeddable":true,"href":"https:\/\/www.colossalstore.es\/en\/wp-json\/wp\/v2\/comments?post=10355"}],"wp:featuredmedia":[{"embeddable":true,"href":"https:\/\/www.colossalstore.es\/en\/wp-json\/wp\/v2\/media\/10356"}],"wp:attachment":[{"href":"https:\/\/www.colossalstore.es\/en\/wp-json\/wp\/v2\/media?parent=10355"}],"wp:term":[{"taxonomy":"product_brand","embeddable":true,"href":"https:\/\/www.colossalstore.es\/en\/wp-json\/wp\/v2\/product_brand?post=10355"},{"taxonomy":"product_cat","embeddable":true,"href":"https:\/\/www.colossalstore.es\/en\/wp-json\/wp\/v2\/product_cat?post=10355"},{"taxonomy":"product_tag","embeddable":true,"href":"https:\/\/www.colossalstore.es\/en\/wp-json\/wp\/v2\/product_tag?post=10355"}],"curies":[{"name":"wp","href":"https:\/\/api.w.org\/{rel}","templated":true}]}}