{"id":10311,"date":"2025-06-28T20:12:37","date_gmt":"2025-06-28T18:12:37","guid":{"rendered":"https:\/\/www.colossalstore.es\/?post_type=product&#038;p=10311"},"modified":"2025-06-28T20:12:37","modified_gmt":"2025-06-28T18:12:37","slug":"aventureros-al-tren","status":"publish","type":"product","link":"https:\/\/www.colossalstore.es\/en\/tienda\/juegos-de-mesa\/aventureros-al-tren\/","title":{"rendered":"AVENTUREROS AL TREN"},"content":{"rendered":"<p>2 de octubre, 1900. 28 a\u00f1os despu\u00e9s de que ese exc\u00e9ntrico londinense, Phileas Fogg, aceptase un reto que le har\u00eda ganar 20.000 libras: dar La vuelta al mundo en 80 d\u00edas. Ahora, en el amanecer de un nuevo siglo, es el momento de emprender un viaje a\u00fan m\u00e1s imposible. Unos viejos amigos se han reunido para celebrar la impetuosa y lucrativa apuesta de Fogg, y para proponer una nueva. El premio: 1 mill\u00f3n de d\u00f3lares para el ganador. La apuesta: comprobar qui\u00e9n es capaz de visitar en tren m\u00e1s ciudades norteamericanas, en s\u00f3lo 7 d\u00edas. El viaje comienza ya&#8230;<\/p>\n<p>\u00a1Aventureros al Tren! es un juego de aventuras en tren. Los jugadores acumulan cartas de ciertos tipos de vagones que les permiten conectar diferentes ciudades a lo largo y ancho de Norteam\u00e9rica. Mientras m\u00e1s largos son los recorridos, m\u00e1s puntos se ganan. Quienes consigan cumplir con sus Billetes de Destino conectando dos ciudades lejanas, y quien consiga construir la ruta ferroviaria continua m\u00e1s larga, ganar\u00e1n puntos adicionales. Ve subiendo a bordo para pasar un buen rato, porque el viaje comienza ya&#8230; \u00a1Aventureros al Tren!<\/p>","protected":false},"excerpt":{"rendered":"<p>2 de octubre, 1900. 28 a\u00f1os despu\u00e9s de que ese exc\u00e9ntrico londinense, Phileas Fogg, aceptase un reto que le har\u00eda ganar 20.000 libras: dar La vuelta al mundo en 80 d\u00edas. Ahora, en el amanecer de un nuevo siglo, es el momento de emprender un viaje a\u00fan m\u00e1s imposible. Unos viejos amigos se han reunido [&hellip;]<\/p>","protected":false},"featured_media":10312,"comment_status":"open","ping_status":"closed","template":"","meta":{"_joinchat":[]},"product_brand":[],"product_cat":[26],"product_tag":[],"class_list":{"0":"post-10311","1":"product","2":"type-product","3":"status-publish","4":"has-post-thumbnail","6":"product_cat-juegos-de-mesa","8":"first","9":"instock","10":"taxable","11":"shipping-taxable","12":"purchasable","13":"product-type-simple"},"yoast_head":"<!-- This site is optimized with the Yoast SEO plugin v25.7 - https:\/\/yoast.com\/wordpress\/plugins\/seo\/ -->\n<title>AVENTUREROS AL TREN | Colossal Store<\/title>\n<meta name=\"robots\" content=\"index, follow, max-snippet:-1, max-image-preview:large, max-video-preview:-1\" \/>\n<link rel=\"canonical\" href=\"https:\/\/www.colossalstore.es\/en\/tienda\/juegos-de-mesa\/aventureros-al-tren\/\" \/>\n<meta property=\"og:locale\" content=\"en_US\" \/>\n<meta property=\"og:type\" content=\"article\" \/>\n<meta property=\"og:title\" content=\"AVENTUREROS AL TREN | Colossal Store\" \/>\n<meta property=\"og:description\" content=\"2 de octubre, 1900. 28 a\u00f1os despu\u00e9s de que ese exc\u00e9ntrico londinense, Phileas Fogg, aceptase un reto que le har\u00eda ganar 20.000 libras: dar La vuelta al mundo en 80 d\u00edas. Ahora, en el amanecer de un nuevo siglo, es el momento de emprender un viaje a\u00fan m\u00e1s imposible. Unos viejos amigos se han reunido [&hellip;]\" \/>\n<meta property=\"og:url\" content=\"https:\/\/www.colossalstore.es\/en\/tienda\/juegos-de-mesa\/aventureros-al-tren\/\" \/>\n<meta property=\"og:site_name\" content=\"Colossal Store\" \/>\n<meta property=\"og:image\" content=\"https:\/\/www.colossalstore.es\/wp-content\/uploads\/2025\/06\/DW7281_1-1.png\" \/>\n\t<meta property=\"og:image:width\" content=\"800\" \/>\n\t<meta property=\"og:image:height\" content=\"800\" \/>\n\t<meta property=\"og:image:type\" content=\"image\/png\" \/>\n<meta name=\"twitter:card\" content=\"summary_large_image\" \/>\n<meta name=\"twitter:site\" content=\"@Colossal_Store\" \/>\n<meta name=\"twitter:label1\" content=\"Est. reading time\" \/>\n\t<meta name=\"twitter:data1\" content=\"2 minutes\" \/>\n<script type=\"application\/ld+json\" class=\"yoast-schema-graph\">{\"@context\":\"https:\/\/schema.org\",\"@graph\":[{\"@type\":\"WebPage\",\"@id\":\"https:\/\/www.colossalstore.es\/tienda\/juegos-de-mesa\/aventureros-al-tren\/\",\"url\":\"https:\/\/www.colossalstore.es\/tienda\/juegos-de-mesa\/aventureros-al-tren\/\",\"name\":\"AVENTUREROS AL TREN | Colossal Store\",\"isPartOf\":{\"@id\":\"https:\/\/www.colossalstore.es\/#website\"},\"primaryImageOfPage\":{\"@id\":\"https:\/\/www.colossalstore.es\/tienda\/juegos-de-mesa\/aventureros-al-tren\/#primaryimage\"},\"image\":{\"@id\":\"https:\/\/www.colossalstore.es\/tienda\/juegos-de-mesa\/aventureros-al-tren\/#primaryimage\"},\"thumbnailUrl\":\"https:\/\/www.colossalstore.es\/wp-content\/uploads\/2025\/06\/DW7281_1-1.png\",\"datePublished\":\"2025-06-28T18:12:37+00:00\",\"breadcrumb\":{\"@id\":\"https:\/\/www.colossalstore.es\/tienda\/juegos-de-mesa\/aventureros-al-tren\/#breadcrumb\"},\"inLanguage\":\"en-US\",\"potentialAction\":[{\"@type\":\"ReadAction\",\"target\":[\"https:\/\/www.colossalstore.es\/tienda\/juegos-de-mesa\/aventureros-al-tren\/\"]}]},{\"@type\":\"ImageObject\",\"inLanguage\":\"en-US\",\"@id\":\"https:\/\/www.colossalstore.es\/tienda\/juegos-de-mesa\/aventureros-al-tren\/#primaryimage\",\"url\":\"https:\/\/www.colossalstore.es\/wp-content\/uploads\/2025\/06\/DW7281_1-1.png\",\"contentUrl\":\"https:\/\/www.colossalstore.es\/wp-content\/uploads\/2025\/06\/DW7281_1-1.png\",\"width\":1024,\"height\":1024},{\"@type\":\"BreadcrumbList\",\"@id\":\"https:\/\/www.colossalstore.es\/tienda\/juegos-de-mesa\/aventureros-al-tren\/#breadcrumb\",\"itemListElement\":[{\"@type\":\"ListItem\",\"position\":1,\"name\":\"Home\",\"item\":\"https:\/\/www.colossalstore.es\/\"},{\"@type\":\"ListItem\",\"position\":2,\"name\":\"Tienda\",\"item\":\"https:\/\/www.colossalstore.es\/tienda\/\"},{\"@type\":\"ListItem\",\"position\":3,\"name\":\"AVENTUREROS AL TREN\"}]},{\"@type\":\"WebSite\",\"@id\":\"https:\/\/www.colossalstore.es\/#website\",\"url\":\"https:\/\/www.colossalstore.es\/\",\"name\":\"Colossal Store\",\"description\":\"Colossal Store, tienda especializada en TCGs.\",\"publisher\":{\"@id\":\"https:\/\/www.colossalstore.es\/#organization\"},\"alternateName\":\"Colossal Store\",\"potentialAction\":[{\"@type\":\"SearchAction\",\"target\":{\"@type\":\"EntryPoint\",\"urlTemplate\":\"https:\/\/www.colossalstore.es\/?s={search_term_string}\"},\"query-input\":{\"@type\":\"PropertyValueSpecification\",\"valueRequired\":true,\"valueName\":\"search_term_string\"}}],\"inLanguage\":\"en-US\"},{\"@type\":\"Organization\",\"@id\":\"https:\/\/www.colossalstore.es\/#organization\",\"name\":\"Colossal Store\",\"url\":\"https:\/\/www.colossalstore.es\/\",\"logo\":{\"@type\":\"ImageObject\",\"inLanguage\":\"en-US\",\"@id\":\"https:\/\/www.colossalstore.es\/#\/schema\/logo\/image\/\",\"url\":\"https:\/\/www.colossalstore.es\/wp-content\/uploads\/2023\/05\/Colossal_Logo-02.png\",\"contentUrl\":\"https:\/\/www.colossalstore.es\/wp-content\/uploads\/2023\/05\/Colossal_Logo-02.png\",\"width\":1181,\"height\":1181,\"caption\":\"Colossal Store\"},\"image\":{\"@id\":\"https:\/\/www.colossalstore.es\/#\/schema\/logo\/image\/\"},\"sameAs\":[\"https:\/\/x.com\/Colossal_Store\",\"https:\/\/www.instagram.com\/colossal_store_tcg\/\",\"https:\/\/www.tiktok.com\/@colossalstore\"]}]}<\/script>\n<!-- \/ Yoast SEO plugin. -->","yoast_head_json":{"title":"AVENTUREROS AL TREN | Colossal Store","robots":{"index":"index","follow":"follow","max-snippet":"max-snippet:-1","max-image-preview":"max-image-preview:large","max-video-preview":"max-video-preview:-1"},"canonical":"https:\/\/www.colossalstore.es\/en\/tienda\/juegos-de-mesa\/aventureros-al-tren\/","og_locale":"en_US","og_type":"article","og_title":"AVENTUREROS AL TREN | Colossal Store","og_description":"2 de octubre, 1900. 28 a\u00f1os despu\u00e9s de que ese exc\u00e9ntrico londinense, Phileas Fogg, aceptase un reto que le har\u00eda ganar 20.000 libras: dar La vuelta al mundo en 80 d\u00edas. Ahora, en el amanecer de un nuevo siglo, es el momento de emprender un viaje a\u00fan m\u00e1s imposible. Unos viejos amigos se han reunido [&hellip;]","og_url":"https:\/\/www.colossalstore.es\/en\/tienda\/juegos-de-mesa\/aventureros-al-tren\/","og_site_name":"Colossal Store","og_image":[{"url":"https:\/\/www.colossalstore.es\/wp-content\/uploads\/2025\/06\/DW7281_1-1.png","width":800,"height":800,"type":"image\/png"}],"twitter_card":"summary_large_image","twitter_site":"@Colossal_Store","twitter_misc":{"Est. reading time":"2 minutes"},"schema":{"@context":"https:\/\/schema.org","@graph":[{"@type":"WebPage","@id":"https:\/\/www.colossalstore.es\/tienda\/juegos-de-mesa\/aventureros-al-tren\/","url":"https:\/\/www.colossalstore.es\/tienda\/juegos-de-mesa\/aventureros-al-tren\/","name":"AVENTUREROS AL TREN | Colossal Store","isPartOf":{"@id":"https:\/\/www.colossalstore.es\/#website"},"primaryImageOfPage":{"@id":"https:\/\/www.colossalstore.es\/tienda\/juegos-de-mesa\/aventureros-al-tren\/#primaryimage"},"image":{"@id":"https:\/\/www.colossalstore.es\/tienda\/juegos-de-mesa\/aventureros-al-tren\/#primaryimage"},"thumbnailUrl":"https:\/\/www.colossalstore.es\/wp-content\/uploads\/2025\/06\/DW7281_1-1.png","datePublished":"2025-06-28T18:12:37+00:00","breadcrumb":{"@id":"https:\/\/www.colossalstore.es\/tienda\/juegos-de-mesa\/aventureros-al-tren\/#breadcrumb"},"inLanguage":"en-US","potentialAction":[{"@type":"ReadAction","target":["https:\/\/www.colossalstore.es\/tienda\/juegos-de-mesa\/aventureros-al-tren\/"]}]},{"@type":"ImageObject","inLanguage":"en-US","@id":"https:\/\/www.colossalstore.es\/tienda\/juegos-de-mesa\/aventureros-al-tren\/#primaryimage","url":"https:\/\/www.colossalstore.es\/wp-content\/uploads\/2025\/06\/DW7281_1-1.png","contentUrl":"https:\/\/www.colossalstore.es\/wp-content\/uploads\/2025\/06\/DW7281_1-1.png","width":1024,"height":1024},{"@type":"BreadcrumbList","@id":"https:\/\/www.colossalstore.es\/tienda\/juegos-de-mesa\/aventureros-al-tren\/#breadcrumb","itemListElement":[{"@type":"ListItem","position":1,"name":"Home","item":"https:\/\/www.colossalstore.es\/"},{"@type":"ListItem","position":2,"name":"Tienda","item":"https:\/\/www.colossalstore.es\/tienda\/"},{"@type":"ListItem","position":3,"name":"AVENTUREROS AL TREN"}]},{"@type":"WebSite","@id":"https:\/\/www.colossalstore.es\/#website","url":"https:\/\/www.colossalstore.es\/","name":"Colossal Store","description":"Colossal Store, store specialized in TCGs.","publisher":{"@id":"https:\/\/www.colossalstore.es\/#organization"},"alternateName":"Colossal Store","potentialAction":[{"@type":"SearchAction","target":{"@type":"EntryPoint","urlTemplate":"https:\/\/www.colossalstore.es\/?s={search_term_string}"},"query-input":{"@type":"PropertyValueSpecification","valueRequired":true,"valueName":"search_term_string"}}],"inLanguage":"en-US"},{"@type":"Organization","@id":"https:\/\/www.colossalstore.es\/#organization","name":"Colossal Store","url":"https:\/\/www.colossalstore.es\/","logo":{"@type":"ImageObject","inLanguage":"en-US","@id":"https:\/\/www.colossalstore.es\/#\/schema\/logo\/image\/","url":"https:\/\/www.colossalstore.es\/wp-content\/uploads\/2023\/05\/Colossal_Logo-02.png","contentUrl":"https:\/\/www.colossalstore.es\/wp-content\/uploads\/2023\/05\/Colossal_Logo-02.png","width":1181,"height":1181,"caption":"Colossal Store"},"image":{"@id":"https:\/\/www.colossalstore.es\/#\/schema\/logo\/image\/"},"sameAs":["https:\/\/x.com\/Colossal_Store","https:\/\/www.instagram.com\/colossal_store_tcg\/","https:\/\/www.tiktok.com\/@colossalstore"]}]}},"_links":{"self":[{"href":"https:\/\/www.colossalstore.es\/en\/wp-json\/wp\/v2\/product\/10311","targetHints":{"allow":["GET"]}}],"collection":[{"href":"https:\/\/www.colossalstore.es\/en\/wp-json\/wp\/v2\/product"}],"about":[{"href":"https:\/\/www.colossalstore.es\/en\/wp-json\/wp\/v2\/types\/product"}],"replies":[{"embeddable":true,"href":"https:\/\/www.colossalstore.es\/en\/wp-json\/wp\/v2\/comments?post=10311"}],"wp:featuredmedia":[{"embeddable":true,"href":"https:\/\/www.colossalstore.es\/en\/wp-json\/wp\/v2\/media\/10312"}],"wp:attachment":[{"href":"https:\/\/www.colossalstore.es\/en\/wp-json\/wp\/v2\/media?parent=10311"}],"wp:term":[{"taxonomy":"product_brand","embeddable":true,"href":"https:\/\/www.colossalstore.es\/en\/wp-json\/wp\/v2\/product_brand?post=10311"},{"taxonomy":"product_cat","embeddable":true,"href":"https:\/\/www.colossalstore.es\/en\/wp-json\/wp\/v2\/product_cat?post=10311"},{"taxonomy":"product_tag","embeddable":true,"href":"https:\/\/www.colossalstore.es\/en\/wp-json\/wp\/v2\/product_tag?post=10311"}],"curies":[{"name":"wp","href":"https:\/\/api.w.org\/{rel}","templated":true}]}}