{"id":10276,"date":"2025-06-28T19:04:14","date_gmt":"2025-06-28T17:04:14","guid":{"rendered":"https:\/\/www.colossalstore.es\/?post_type=product&#038;p=10276"},"modified":"2025-06-28T19:04:23","modified_gmt":"2025-06-28T17:04:23","slug":"jungle-speed","status":"publish","type":"product","link":"https:\/\/www.colossalstore.es\/en\/tienda\/juegos-de-mesa\/jungle-speed\/","title":{"rendered":"JUNGLE SPEED"},"content":{"rendered":"<p>El juego de mesa \u00abJungle Speed\u00bb fue inventado hace alrededor de tres mil a\u00f1os en la Spidopotamia subtropical por los hombres de la tribu Abul\u00fa. Esta \u00e9tnia se disputaba de esta manera tan divertida las pieles de sus presas, jugando con hojas de eucalipto. Este ritual se transmiti\u00f3 en secreto durante siglos, hasta que Tom y Yako, \u00faltimos descendientes Abul\u00fas, decidieron revelarlo al mundo.<\/p>\n<p>El objetivo del juego es conseguir deshacerte lo m\u00e1s r\u00e1pido posible de todas tus cartas. El primer jugador que lo consiga ser\u00e1 nombrado jefe Abul\u00fa. Se reparten las ochenta cartas lo m\u00e1s equitativamente posible, boca abajo, entre todos los jugadores y se coloca el T\u00f3tem en el centro de los jugadores, al que los jugadores tendr\u00e1n que hacer una reverencia en se\u00f1al de respeto.<\/p>\n<p>Los jugadores revelan una carta de su mazo y la colocan delante suyo, por turnos (en el sentido de la trayectoria solar o, si es de noche, en el de las aguas del reloj), carta que tapar\u00e1n en el turno siguiente con otra carta.<\/p>\n<p>Cuando dos jugadores tengan dos cartas con s\u00edmbolos id\u00e9nticos (el color no importa), tendr\u00e1 lugar un duelo, que ganar\u00e1 el que consiga atrapar el t\u00f3tem. El perdedor se llevar\u00e1 el mazo de descartes de su adversario, sus descartes y el bote (si lo hubiese) y los a\u00f1ade a su mazo.<\/p>\n<p>Now imagine all this at high speed and with special cards that modify the rules of the game!<\/p>","protected":false},"excerpt":{"rendered":"<p>El juego de mesa \u00abJungle Speed\u00bb fue inventado hace alrededor de tres mil a\u00f1os en la Spidopotamia subtropical por los hombres de la tribu Abul\u00fa. Esta \u00e9tnia se disputaba de esta manera tan divertida las pieles de sus presas, jugando con hojas de eucalipto. Este ritual se transmiti\u00f3 en secreto durante siglos, hasta que Tom [&hellip;]<\/p>","protected":false},"featured_media":10277,"comment_status":"open","ping_status":"closed","template":"","meta":{"_joinchat":[]},"product_brand":[],"product_cat":[26],"product_tag":[],"class_list":{"0":"post-10276","1":"product","2":"type-product","3":"status-publish","4":"has-post-thumbnail","6":"product_cat-juegos-de-mesa","8":"first","9":"instock","10":"taxable","11":"shipping-taxable","12":"purchasable","13":"product-type-simple"},"yoast_head":"<!-- This site is optimized with the Yoast SEO plugin v25.7 - https:\/\/yoast.com\/wordpress\/plugins\/seo\/ -->\n<title>JUNGLE SPEED | Colossal Store<\/title>\n<meta name=\"robots\" content=\"index, follow, max-snippet:-1, max-image-preview:large, max-video-preview:-1\" \/>\n<link rel=\"canonical\" href=\"https:\/\/www.colossalstore.es\/en\/tienda\/juegos-de-mesa\/jungle-speed\/\" \/>\n<meta property=\"og:locale\" content=\"en_US\" \/>\n<meta property=\"og:type\" content=\"article\" \/>\n<meta property=\"og:title\" content=\"JUNGLE SPEED | Colossal Store\" \/>\n<meta property=\"og:description\" content=\"El juego de mesa \u00abJungle Speed\u00bb fue inventado hace alrededor de tres mil a\u00f1os en la Spidopotamia subtropical por los hombres de la tribu Abul\u00fa. Esta \u00e9tnia se disputaba de esta manera tan divertida las pieles de sus presas, jugando con hojas de eucalipto. Este ritual se transmiti\u00f3 en secreto durante siglos, hasta que Tom [&hellip;]\" \/>\n<meta property=\"og:url\" content=\"https:\/\/www.colossalstore.es\/en\/tienda\/juegos-de-mesa\/jungle-speed\/\" \/>\n<meta property=\"og:site_name\" content=\"Colossal Store\" \/>\n<meta property=\"article:modified_time\" content=\"2025-06-28T17:04:23+00:00\" \/>\n<meta property=\"og:image\" content=\"https:\/\/www.colossalstore.es\/wp-content\/uploads\/2025\/06\/EAN_3558380078388-5.jpg\" \/>\n\t<meta property=\"og:image:width\" content=\"800\" \/>\n\t<meta property=\"og:image:height\" content=\"800\" \/>\n\t<meta property=\"og:image:type\" content=\"image\/jpeg\" \/>\n<meta name=\"twitter:card\" content=\"summary_large_image\" \/>\n<meta name=\"twitter:site\" content=\"@Colossal_Store\" \/>\n<meta name=\"twitter:label1\" content=\"Est. reading time\" \/>\n\t<meta name=\"twitter:data1\" content=\"2 minutes\" \/>\n<script type=\"application\/ld+json\" class=\"yoast-schema-graph\">{\"@context\":\"https:\/\/schema.org\",\"@graph\":[{\"@type\":\"WebPage\",\"@id\":\"https:\/\/www.colossalstore.es\/tienda\/juegos-de-mesa\/jungle-speed\/\",\"url\":\"https:\/\/www.colossalstore.es\/tienda\/juegos-de-mesa\/jungle-speed\/\",\"name\":\"JUNGLE SPEED | Colossal Store\",\"isPartOf\":{\"@id\":\"https:\/\/www.colossalstore.es\/#website\"},\"primaryImageOfPage\":{\"@id\":\"https:\/\/www.colossalstore.es\/tienda\/juegos-de-mesa\/jungle-speed\/#primaryimage\"},\"image\":{\"@id\":\"https:\/\/www.colossalstore.es\/tienda\/juegos-de-mesa\/jungle-speed\/#primaryimage\"},\"thumbnailUrl\":\"https:\/\/www.colossalstore.es\/wp-content\/uploads\/2025\/06\/EAN_3558380078388-5.jpg\",\"datePublished\":\"2025-06-28T17:04:14+00:00\",\"dateModified\":\"2025-06-28T17:04:23+00:00\",\"breadcrumb\":{\"@id\":\"https:\/\/www.colossalstore.es\/tienda\/juegos-de-mesa\/jungle-speed\/#breadcrumb\"},\"inLanguage\":\"en-US\",\"potentialAction\":[{\"@type\":\"ReadAction\",\"target\":[\"https:\/\/www.colossalstore.es\/tienda\/juegos-de-mesa\/jungle-speed\/\"]}]},{\"@type\":\"ImageObject\",\"inLanguage\":\"en-US\",\"@id\":\"https:\/\/www.colossalstore.es\/tienda\/juegos-de-mesa\/jungle-speed\/#primaryimage\",\"url\":\"https:\/\/www.colossalstore.es\/wp-content\/uploads\/2025\/06\/EAN_3558380078388-5.jpg\",\"contentUrl\":\"https:\/\/www.colossalstore.es\/wp-content\/uploads\/2025\/06\/EAN_3558380078388-5.jpg\",\"width\":800,\"height\":800},{\"@type\":\"BreadcrumbList\",\"@id\":\"https:\/\/www.colossalstore.es\/tienda\/juegos-de-mesa\/jungle-speed\/#breadcrumb\",\"itemListElement\":[{\"@type\":\"ListItem\",\"position\":1,\"name\":\"Home\",\"item\":\"https:\/\/www.colossalstore.es\/\"},{\"@type\":\"ListItem\",\"position\":2,\"name\":\"Tienda\",\"item\":\"https:\/\/www.colossalstore.es\/tienda\/\"},{\"@type\":\"ListItem\",\"position\":3,\"name\":\"JUNGLE SPEED\"}]},{\"@type\":\"WebSite\",\"@id\":\"https:\/\/www.colossalstore.es\/#website\",\"url\":\"https:\/\/www.colossalstore.es\/\",\"name\":\"Colossal Store\",\"description\":\"Colossal Store, tienda especializada en TCGs.\",\"publisher\":{\"@id\":\"https:\/\/www.colossalstore.es\/#organization\"},\"alternateName\":\"Colossal Store\",\"potentialAction\":[{\"@type\":\"SearchAction\",\"target\":{\"@type\":\"EntryPoint\",\"urlTemplate\":\"https:\/\/www.colossalstore.es\/?s={search_term_string}\"},\"query-input\":{\"@type\":\"PropertyValueSpecification\",\"valueRequired\":true,\"valueName\":\"search_term_string\"}}],\"inLanguage\":\"en-US\"},{\"@type\":\"Organization\",\"@id\":\"https:\/\/www.colossalstore.es\/#organization\",\"name\":\"Colossal Store\",\"url\":\"https:\/\/www.colossalstore.es\/\",\"logo\":{\"@type\":\"ImageObject\",\"inLanguage\":\"en-US\",\"@id\":\"https:\/\/www.colossalstore.es\/#\/schema\/logo\/image\/\",\"url\":\"https:\/\/www.colossalstore.es\/wp-content\/uploads\/2023\/05\/Colossal_Logo-02.png\",\"contentUrl\":\"https:\/\/www.colossalstore.es\/wp-content\/uploads\/2023\/05\/Colossal_Logo-02.png\",\"width\":1181,\"height\":1181,\"caption\":\"Colossal Store\"},\"image\":{\"@id\":\"https:\/\/www.colossalstore.es\/#\/schema\/logo\/image\/\"},\"sameAs\":[\"https:\/\/x.com\/Colossal_Store\",\"https:\/\/www.instagram.com\/colossal_store_tcg\/\",\"https:\/\/www.tiktok.com\/@colossalstore\"]}]}<\/script>\n<!-- \/ Yoast SEO plugin. -->","yoast_head_json":{"title":"JUNGLE SPEED | Colossal Store","robots":{"index":"index","follow":"follow","max-snippet":"max-snippet:-1","max-image-preview":"max-image-preview:large","max-video-preview":"max-video-preview:-1"},"canonical":"https:\/\/www.colossalstore.es\/en\/tienda\/juegos-de-mesa\/jungle-speed\/","og_locale":"en_US","og_type":"article","og_title":"JUNGLE SPEED | Colossal Store","og_description":"El juego de mesa \u00abJungle Speed\u00bb fue inventado hace alrededor de tres mil a\u00f1os en la Spidopotamia subtropical por los hombres de la tribu Abul\u00fa. Esta \u00e9tnia se disputaba de esta manera tan divertida las pieles de sus presas, jugando con hojas de eucalipto. Este ritual se transmiti\u00f3 en secreto durante siglos, hasta que Tom [&hellip;]","og_url":"https:\/\/www.colossalstore.es\/en\/tienda\/juegos-de-mesa\/jungle-speed\/","og_site_name":"Colossal Store","article_modified_time":"2025-06-28T17:04:23+00:00","og_image":[{"width":800,"height":800,"url":"https:\/\/www.colossalstore.es\/wp-content\/uploads\/2025\/06\/EAN_3558380078388-5.jpg","type":"image\/jpeg"}],"twitter_card":"summary_large_image","twitter_site":"@Colossal_Store","twitter_misc":{"Est. reading time":"2 minutes"},"schema":{"@context":"https:\/\/schema.org","@graph":[{"@type":"WebPage","@id":"https:\/\/www.colossalstore.es\/tienda\/juegos-de-mesa\/jungle-speed\/","url":"https:\/\/www.colossalstore.es\/tienda\/juegos-de-mesa\/jungle-speed\/","name":"JUNGLE SPEED | Colossal Store","isPartOf":{"@id":"https:\/\/www.colossalstore.es\/#website"},"primaryImageOfPage":{"@id":"https:\/\/www.colossalstore.es\/tienda\/juegos-de-mesa\/jungle-speed\/#primaryimage"},"image":{"@id":"https:\/\/www.colossalstore.es\/tienda\/juegos-de-mesa\/jungle-speed\/#primaryimage"},"thumbnailUrl":"https:\/\/www.colossalstore.es\/wp-content\/uploads\/2025\/06\/EAN_3558380078388-5.jpg","datePublished":"2025-06-28T17:04:14+00:00","dateModified":"2025-06-28T17:04:23+00:00","breadcrumb":{"@id":"https:\/\/www.colossalstore.es\/tienda\/juegos-de-mesa\/jungle-speed\/#breadcrumb"},"inLanguage":"en-US","potentialAction":[{"@type":"ReadAction","target":["https:\/\/www.colossalstore.es\/tienda\/juegos-de-mesa\/jungle-speed\/"]}]},{"@type":"ImageObject","inLanguage":"en-US","@id":"https:\/\/www.colossalstore.es\/tienda\/juegos-de-mesa\/jungle-speed\/#primaryimage","url":"https:\/\/www.colossalstore.es\/wp-content\/uploads\/2025\/06\/EAN_3558380078388-5.jpg","contentUrl":"https:\/\/www.colossalstore.es\/wp-content\/uploads\/2025\/06\/EAN_3558380078388-5.jpg","width":800,"height":800},{"@type":"BreadcrumbList","@id":"https:\/\/www.colossalstore.es\/tienda\/juegos-de-mesa\/jungle-speed\/#breadcrumb","itemListElement":[{"@type":"ListItem","position":1,"name":"Home","item":"https:\/\/www.colossalstore.es\/"},{"@type":"ListItem","position":2,"name":"Tienda","item":"https:\/\/www.colossalstore.es\/tienda\/"},{"@type":"ListItem","position":3,"name":"JUNGLE SPEED"}]},{"@type":"WebSite","@id":"https:\/\/www.colossalstore.es\/#website","url":"https:\/\/www.colossalstore.es\/","name":"Colossal Store","description":"Colossal Store, store specialized in TCGs.","publisher":{"@id":"https:\/\/www.colossalstore.es\/#organization"},"alternateName":"Colossal Store","potentialAction":[{"@type":"SearchAction","target":{"@type":"EntryPoint","urlTemplate":"https:\/\/www.colossalstore.es\/?s={search_term_string}"},"query-input":{"@type":"PropertyValueSpecification","valueRequired":true,"valueName":"search_term_string"}}],"inLanguage":"en-US"},{"@type":"Organization","@id":"https:\/\/www.colossalstore.es\/#organization","name":"Colossal Store","url":"https:\/\/www.colossalstore.es\/","logo":{"@type":"ImageObject","inLanguage":"en-US","@id":"https:\/\/www.colossalstore.es\/#\/schema\/logo\/image\/","url":"https:\/\/www.colossalstore.es\/wp-content\/uploads\/2023\/05\/Colossal_Logo-02.png","contentUrl":"https:\/\/www.colossalstore.es\/wp-content\/uploads\/2023\/05\/Colossal_Logo-02.png","width":1181,"height":1181,"caption":"Colossal Store"},"image":{"@id":"https:\/\/www.colossalstore.es\/#\/schema\/logo\/image\/"},"sameAs":["https:\/\/x.com\/Colossal_Store","https:\/\/www.instagram.com\/colossal_store_tcg\/","https:\/\/www.tiktok.com\/@colossalstore"]}]}},"_links":{"self":[{"href":"https:\/\/www.colossalstore.es\/en\/wp-json\/wp\/v2\/product\/10276","targetHints":{"allow":["GET"]}}],"collection":[{"href":"https:\/\/www.colossalstore.es\/en\/wp-json\/wp\/v2\/product"}],"about":[{"href":"https:\/\/www.colossalstore.es\/en\/wp-json\/wp\/v2\/types\/product"}],"replies":[{"embeddable":true,"href":"https:\/\/www.colossalstore.es\/en\/wp-json\/wp\/v2\/comments?post=10276"}],"wp:featuredmedia":[{"embeddable":true,"href":"https:\/\/www.colossalstore.es\/en\/wp-json\/wp\/v2\/media\/10277"}],"wp:attachment":[{"href":"https:\/\/www.colossalstore.es\/en\/wp-json\/wp\/v2\/media?parent=10276"}],"wp:term":[{"taxonomy":"product_brand","embeddable":true,"href":"https:\/\/www.colossalstore.es\/en\/wp-json\/wp\/v2\/product_brand?post=10276"},{"taxonomy":"product_cat","embeddable":true,"href":"https:\/\/www.colossalstore.es\/en\/wp-json\/wp\/v2\/product_cat?post=10276"},{"taxonomy":"product_tag","embeddable":true,"href":"https:\/\/www.colossalstore.es\/en\/wp-json\/wp\/v2\/product_tag?post=10276"}],"curies":[{"name":"wp","href":"https:\/\/api.w.org\/{rel}","templated":true}]}}