{"id":1013,"date":"2022-09-16T13:25:35","date_gmt":"2022-09-16T11:25:35","guid":{"rendered":"https:\/\/colossalstore.es\/?post_type=product&#038;p=1013"},"modified":"2026-01-05T20:27:30","modified_gmt":"2026-01-05T19:27:30","slug":"komi-san-no-puede-comunicarse-5","status":"publish","type":"product","link":"https:\/\/www.colossalstore.es\/en\/tienda\/manga\/komi-san-no-puede-comunicarse-5\/","title":{"rendered":"KOMI-SAN NO PUEDE COMUNICARSE 05"},"content":{"rendered":"<p>Komi-san can&#039;t communicate 5 (Tomohito Oda)<\/p>\n<p>Hitohito Tadano has just started high school, longing for it to be a period of peace and tranquility, but his plans are cut short when he ends up sitting next to the perfect Shoko Komi. She is beautiful, intelligent, educated and even smells good. But he has 0 social skills and doesn&#039;t know how to communicate with others. That&#039;s when Tadano decides to take matters into his own hands and sets out to help his partner until she gets a hundred friends, and hopefully a little more.<\/p>","protected":false},"excerpt":{"rendered":"<p>Komi-san no puede comunicarse 5 (Tomohito Oda) Hitohito Tadano acaba de empezar bachillerato anhelando que sea un per\u00edodo de paz y tranquilidad, pero sus planes se truncan cuando acaba sentado al lado de la perfecta Shoko Komi. Ella es guapa, inteligente, educada y hasta huele bien. Pero tiene 0 dotes sociales y no sabe c\u00f3mo [&hellip;]<\/p>","protected":false},"featured_media":1014,"comment_status":"open","ping_status":"closed","template":"","meta":{"_joinchat":[]},"product_brand":[],"product_cat":[32],"product_tag":[],"class_list":{"0":"post-1013","1":"product","2":"type-product","3":"status-publish","4":"has-post-thumbnail","6":"product_cat-manga","8":"first","9":"outofstock","10":"sale","11":"taxable","12":"shipping-taxable","13":"purchasable","14":"product-type-simple"},"yoast_head":"<!-- This site is optimized with the Yoast SEO plugin v25.7 - https:\/\/yoast.com\/wordpress\/plugins\/seo\/ -->\n<title>Komi-san no puede comunicarse 5 (Tomohito Oda) | Colossal Store<\/title>\n<meta name=\"description\" content=\"Komi-san no puede comunicarse 5 (Tomohito Oda): Hitohito Tadano acaba de empezar bachillerato anhelando que sea un per\u00edodo de paz y tranquilidad, pero sus planes se truncan cuando acaba sentado al lado de la perfecta Shoko Komi. Ella es guapa, inteligente, educada y hasta huele bien. Pero tiene 0 dotes sociales y no sabe c\u00f3mo narices comunicarse con los dem\u00e1s. Es ah\u00ed cuando Tadano decide tomar cartas en el asunto y se propone ayudar a su compa\u00f1era hasta que consiga cien amigos, y con suerte algo m\u00e1s.\" \/>\n<meta name=\"robots\" content=\"index, follow, max-snippet:-1, max-image-preview:large, max-video-preview:-1\" \/>\n<link rel=\"canonical\" href=\"https:\/\/www.colossalstore.es\/en\/tienda\/manga\/komi-san-no-puede-comunicarse-5\/\" \/>\n<meta property=\"og:locale\" content=\"en_US\" \/>\n<meta property=\"og:type\" content=\"article\" \/>\n<meta property=\"og:title\" content=\"Komi-san no puede comunicarse 5 (Tomohito Oda) | Colossal Store\" \/>\n<meta property=\"og:description\" content=\"Komi-san no puede comunicarse 5 (Tomohito Oda): Hitohito Tadano acaba de empezar bachillerato anhelando que sea un per\u00edodo de paz y tranquilidad, pero sus planes se truncan cuando acaba sentado al lado de la perfecta Shoko Komi. Ella es guapa, inteligente, educada y hasta huele bien. Pero tiene 0 dotes sociales y no sabe c\u00f3mo narices comunicarse con los dem\u00e1s. Es ah\u00ed cuando Tadano decide tomar cartas en el asunto y se propone ayudar a su compa\u00f1era hasta que consiga cien amigos, y con suerte algo m\u00e1s.\" \/>\n<meta property=\"og:url\" content=\"https:\/\/www.colossalstore.es\/en\/tienda\/manga\/komi-san-no-puede-comunicarse-5\/\" \/>\n<meta property=\"og:site_name\" content=\"Colossal Store\" \/>\n<meta property=\"article:modified_time\" content=\"2026-01-05T19:27:30+00:00\" \/>\n<meta property=\"og:image\" content=\"https:\/\/www.colossalstore.es\/wp-content\/uploads\/2022\/09\/komi-san05.jpg\" \/>\n\t<meta property=\"og:image:width\" content=\"400\" \/>\n\t<meta property=\"og:image:height\" content=\"558\" \/>\n\t<meta property=\"og:image:type\" content=\"image\/jpeg\" \/>\n<meta name=\"twitter:card\" content=\"summary_large_image\" \/>\n<meta name=\"twitter:site\" content=\"@Colossal_Store\" \/>\n<meta name=\"twitter:label1\" content=\"Est. reading time\" \/>\n\t<meta name=\"twitter:data1\" content=\"1 minute\" \/>\n<script type=\"application\/ld+json\" class=\"yoast-schema-graph\">{\"@context\":\"https:\/\/schema.org\",\"@graph\":[{\"@type\":\"WebPage\",\"@id\":\"https:\/\/www.colossalstore.es\/tienda\/manga\/komi-san-no-puede-comunicarse-5\/\",\"url\":\"https:\/\/www.colossalstore.es\/tienda\/manga\/komi-san-no-puede-comunicarse-5\/\",\"name\":\"Komi-san no puede comunicarse 5 (Tomohito Oda) | Colossal Store\",\"isPartOf\":{\"@id\":\"https:\/\/www.colossalstore.es\/#website\"},\"primaryImageOfPage\":{\"@id\":\"https:\/\/www.colossalstore.es\/tienda\/manga\/komi-san-no-puede-comunicarse-5\/#primaryimage\"},\"image\":{\"@id\":\"https:\/\/www.colossalstore.es\/tienda\/manga\/komi-san-no-puede-comunicarse-5\/#primaryimage\"},\"thumbnailUrl\":\"https:\/\/www.colossalstore.es\/wp-content\/uploads\/2022\/09\/komi-san05.jpg\",\"datePublished\":\"2022-09-16T11:25:35+00:00\",\"dateModified\":\"2026-01-05T19:27:30+00:00\",\"description\":\"Komi-san no puede comunicarse 5 (Tomohito Oda): Hitohito Tadano acaba de empezar bachillerato anhelando que sea un per\u00edodo de paz y tranquilidad, pero sus planes se truncan cuando acaba sentado al lado de la perfecta Shoko Komi. Ella es guapa, inteligente, educada y hasta huele bien. Pero tiene 0 dotes sociales y no sabe c\u00f3mo narices comunicarse con los dem\u00e1s. Es ah\u00ed cuando Tadano decide tomar cartas en el asunto y se propone ayudar a su compa\u00f1era hasta que consiga cien amigos, y con suerte algo m\u00e1s.\",\"breadcrumb\":{\"@id\":\"https:\/\/www.colossalstore.es\/tienda\/manga\/komi-san-no-puede-comunicarse-5\/#breadcrumb\"},\"inLanguage\":\"en-US\",\"potentialAction\":[{\"@type\":\"ReadAction\",\"target\":[\"https:\/\/www.colossalstore.es\/tienda\/manga\/komi-san-no-puede-comunicarse-5\/\"]}]},{\"@type\":\"ImageObject\",\"inLanguage\":\"en-US\",\"@id\":\"https:\/\/www.colossalstore.es\/tienda\/manga\/komi-san-no-puede-comunicarse-5\/#primaryimage\",\"url\":\"https:\/\/www.colossalstore.es\/wp-content\/uploads\/2022\/09\/komi-san05.jpg\",\"contentUrl\":\"https:\/\/www.colossalstore.es\/wp-content\/uploads\/2022\/09\/komi-san05.jpg\",\"width\":400,\"height\":558},{\"@type\":\"BreadcrumbList\",\"@id\":\"https:\/\/www.colossalstore.es\/tienda\/manga\/komi-san-no-puede-comunicarse-5\/#breadcrumb\",\"itemListElement\":[{\"@type\":\"ListItem\",\"position\":1,\"name\":\"Home\",\"item\":\"https:\/\/www.colossalstore.es\/\"},{\"@type\":\"ListItem\",\"position\":2,\"name\":\"Tienda\",\"item\":\"https:\/\/www.colossalstore.es\/tienda\/\"},{\"@type\":\"ListItem\",\"position\":3,\"name\":\"KOMI-SAN NO PUEDE COMUNICARSE 05\"}]},{\"@type\":\"WebSite\",\"@id\":\"https:\/\/www.colossalstore.es\/#website\",\"url\":\"https:\/\/www.colossalstore.es\/\",\"name\":\"Colossal Store\",\"description\":\"Colossal Store, tienda especializada en TCGs.\",\"publisher\":{\"@id\":\"https:\/\/www.colossalstore.es\/#organization\"},\"alternateName\":\"Colossal Store\",\"potentialAction\":[{\"@type\":\"SearchAction\",\"target\":{\"@type\":\"EntryPoint\",\"urlTemplate\":\"https:\/\/www.colossalstore.es\/?s={search_term_string}\"},\"query-input\":{\"@type\":\"PropertyValueSpecification\",\"valueRequired\":true,\"valueName\":\"search_term_string\"}}],\"inLanguage\":\"en-US\"},{\"@type\":\"Organization\",\"@id\":\"https:\/\/www.colossalstore.es\/#organization\",\"name\":\"Colossal Store\",\"url\":\"https:\/\/www.colossalstore.es\/\",\"logo\":{\"@type\":\"ImageObject\",\"inLanguage\":\"en-US\",\"@id\":\"https:\/\/www.colossalstore.es\/#\/schema\/logo\/image\/\",\"url\":\"https:\/\/www.colossalstore.es\/wp-content\/uploads\/2023\/05\/Colossal_Logo-02.png\",\"contentUrl\":\"https:\/\/www.colossalstore.es\/wp-content\/uploads\/2023\/05\/Colossal_Logo-02.png\",\"width\":1181,\"height\":1181,\"caption\":\"Colossal Store\"},\"image\":{\"@id\":\"https:\/\/www.colossalstore.es\/#\/schema\/logo\/image\/\"},\"sameAs\":[\"https:\/\/x.com\/Colossal_Store\",\"https:\/\/www.instagram.com\/colossal_store_tcg\/\",\"https:\/\/www.tiktok.com\/@colossalstore\"]}]}<\/script>\n<!-- \/ Yoast SEO plugin. -->","yoast_head_json":{"title":"Komi-san no puede comunicarse 5 (Tomohito Oda) | Colossal Store","description":"Komi-san no puede comunicarse 5 (Tomohito Oda): Hitohito Tadano acaba de empezar bachillerato anhelando que sea un per\u00edodo de paz y tranquilidad, pero sus planes se truncan cuando acaba sentado al lado de la perfecta Shoko Komi. Ella es guapa, inteligente, educada y hasta huele bien. Pero tiene 0 dotes sociales y no sabe c\u00f3mo narices comunicarse con los dem\u00e1s. Es ah\u00ed cuando Tadano decide tomar cartas en el asunto y se propone ayudar a su compa\u00f1era hasta que consiga cien amigos, y con suerte algo m\u00e1s.","robots":{"index":"index","follow":"follow","max-snippet":"max-snippet:-1","max-image-preview":"max-image-preview:large","max-video-preview":"max-video-preview:-1"},"canonical":"https:\/\/www.colossalstore.es\/en\/tienda\/manga\/komi-san-no-puede-comunicarse-5\/","og_locale":"en_US","og_type":"article","og_title":"Komi-san no puede comunicarse 5 (Tomohito Oda) | Colossal Store","og_description":"Komi-san no puede comunicarse 5 (Tomohito Oda): Hitohito Tadano acaba de empezar bachillerato anhelando que sea un per\u00edodo de paz y tranquilidad, pero sus planes se truncan cuando acaba sentado al lado de la perfecta Shoko Komi. Ella es guapa, inteligente, educada y hasta huele bien. Pero tiene 0 dotes sociales y no sabe c\u00f3mo narices comunicarse con los dem\u00e1s. Es ah\u00ed cuando Tadano decide tomar cartas en el asunto y se propone ayudar a su compa\u00f1era hasta que consiga cien amigos, y con suerte algo m\u00e1s.","og_url":"https:\/\/www.colossalstore.es\/en\/tienda\/manga\/komi-san-no-puede-comunicarse-5\/","og_site_name":"Colossal Store","article_modified_time":"2026-01-05T19:27:30+00:00","og_image":[{"width":400,"height":558,"url":"https:\/\/www.colossalstore.es\/wp-content\/uploads\/2022\/09\/komi-san05.jpg","type":"image\/jpeg"}],"twitter_card":"summary_large_image","twitter_site":"@Colossal_Store","twitter_misc":{"Est. reading time":"1 minute"},"schema":{"@context":"https:\/\/schema.org","@graph":[{"@type":"WebPage","@id":"https:\/\/www.colossalstore.es\/tienda\/manga\/komi-san-no-puede-comunicarse-5\/","url":"https:\/\/www.colossalstore.es\/tienda\/manga\/komi-san-no-puede-comunicarse-5\/","name":"Komi-san no puede comunicarse 5 (Tomohito Oda) | Colossal Store","isPartOf":{"@id":"https:\/\/www.colossalstore.es\/#website"},"primaryImageOfPage":{"@id":"https:\/\/www.colossalstore.es\/tienda\/manga\/komi-san-no-puede-comunicarse-5\/#primaryimage"},"image":{"@id":"https:\/\/www.colossalstore.es\/tienda\/manga\/komi-san-no-puede-comunicarse-5\/#primaryimage"},"thumbnailUrl":"https:\/\/www.colossalstore.es\/wp-content\/uploads\/2022\/09\/komi-san05.jpg","datePublished":"2022-09-16T11:25:35+00:00","dateModified":"2026-01-05T19:27:30+00:00","description":"Komi-san no puede comunicarse 5 (Tomohito Oda): Hitohito Tadano acaba de empezar bachillerato anhelando que sea un per\u00edodo de paz y tranquilidad, pero sus planes se truncan cuando acaba sentado al lado de la perfecta Shoko Komi. Ella es guapa, inteligente, educada y hasta huele bien. Pero tiene 0 dotes sociales y no sabe c\u00f3mo narices comunicarse con los dem\u00e1s. Es ah\u00ed cuando Tadano decide tomar cartas en el asunto y se propone ayudar a su compa\u00f1era hasta que consiga cien amigos, y con suerte algo m\u00e1s.","breadcrumb":{"@id":"https:\/\/www.colossalstore.es\/tienda\/manga\/komi-san-no-puede-comunicarse-5\/#breadcrumb"},"inLanguage":"en-US","potentialAction":[{"@type":"ReadAction","target":["https:\/\/www.colossalstore.es\/tienda\/manga\/komi-san-no-puede-comunicarse-5\/"]}]},{"@type":"ImageObject","inLanguage":"en-US","@id":"https:\/\/www.colossalstore.es\/tienda\/manga\/komi-san-no-puede-comunicarse-5\/#primaryimage","url":"https:\/\/www.colossalstore.es\/wp-content\/uploads\/2022\/09\/komi-san05.jpg","contentUrl":"https:\/\/www.colossalstore.es\/wp-content\/uploads\/2022\/09\/komi-san05.jpg","width":400,"height":558},{"@type":"BreadcrumbList","@id":"https:\/\/www.colossalstore.es\/tienda\/manga\/komi-san-no-puede-comunicarse-5\/#breadcrumb","itemListElement":[{"@type":"ListItem","position":1,"name":"Home","item":"https:\/\/www.colossalstore.es\/"},{"@type":"ListItem","position":2,"name":"Tienda","item":"https:\/\/www.colossalstore.es\/tienda\/"},{"@type":"ListItem","position":3,"name":"KOMI-SAN NO PUEDE COMUNICARSE 05"}]},{"@type":"WebSite","@id":"https:\/\/www.colossalstore.es\/#website","url":"https:\/\/www.colossalstore.es\/","name":"Colossal Store","description":"Colossal Store, store specialized in TCGs.","publisher":{"@id":"https:\/\/www.colossalstore.es\/#organization"},"alternateName":"Colossal Store","potentialAction":[{"@type":"SearchAction","target":{"@type":"EntryPoint","urlTemplate":"https:\/\/www.colossalstore.es\/?s={search_term_string}"},"query-input":{"@type":"PropertyValueSpecification","valueRequired":true,"valueName":"search_term_string"}}],"inLanguage":"en-US"},{"@type":"Organization","@id":"https:\/\/www.colossalstore.es\/#organization","name":"Colossal Store","url":"https:\/\/www.colossalstore.es\/","logo":{"@type":"ImageObject","inLanguage":"en-US","@id":"https:\/\/www.colossalstore.es\/#\/schema\/logo\/image\/","url":"https:\/\/www.colossalstore.es\/wp-content\/uploads\/2023\/05\/Colossal_Logo-02.png","contentUrl":"https:\/\/www.colossalstore.es\/wp-content\/uploads\/2023\/05\/Colossal_Logo-02.png","width":1181,"height":1181,"caption":"Colossal Store"},"image":{"@id":"https:\/\/www.colossalstore.es\/#\/schema\/logo\/image\/"},"sameAs":["https:\/\/x.com\/Colossal_Store","https:\/\/www.instagram.com\/colossal_store_tcg\/","https:\/\/www.tiktok.com\/@colossalstore"]}]}},"_links":{"self":[{"href":"https:\/\/www.colossalstore.es\/en\/wp-json\/wp\/v2\/product\/1013","targetHints":{"allow":["GET"]}}],"collection":[{"href":"https:\/\/www.colossalstore.es\/en\/wp-json\/wp\/v2\/product"}],"about":[{"href":"https:\/\/www.colossalstore.es\/en\/wp-json\/wp\/v2\/types\/product"}],"replies":[{"embeddable":true,"href":"https:\/\/www.colossalstore.es\/en\/wp-json\/wp\/v2\/comments?post=1013"}],"wp:featuredmedia":[{"embeddable":true,"href":"https:\/\/www.colossalstore.es\/en\/wp-json\/wp\/v2\/media\/1014"}],"wp:attachment":[{"href":"https:\/\/www.colossalstore.es\/en\/wp-json\/wp\/v2\/media?parent=1013"}],"wp:term":[{"taxonomy":"product_brand","embeddable":true,"href":"https:\/\/www.colossalstore.es\/en\/wp-json\/wp\/v2\/product_brand?post=1013"},{"taxonomy":"product_cat","embeddable":true,"href":"https:\/\/www.colossalstore.es\/en\/wp-json\/wp\/v2\/product_cat?post=1013"},{"taxonomy":"product_tag","embeddable":true,"href":"https:\/\/www.colossalstore.es\/en\/wp-json\/wp\/v2\/product_tag?post=1013"}],"curies":[{"name":"wp","href":"https:\/\/api.w.org\/{rel}","templated":true}]}}