{"id":9,"date":"2022-08-23T15:39:21","date_gmt":"2022-08-23T13:39:21","guid":{"rendered":"http:\/\/colossalstore.es\/?page_id=9"},"modified":"2024-09-17T16:39:09","modified_gmt":"2024-09-17T14:39:09","slug":"refund_returns","status":"publish","type":"page","link":"https:\/\/www.colossalstore.es\/en\/refund_returns\/","title":{"rendered":"Return policy"},"content":{"rendered":"<div data-elementor-type=\"wp-page\" data-elementor-id=\"9\" class=\"elementor elementor-9\" data-elementor-post-type=\"page\">\n\t\t\t\t\t\t<section class=\"elementor-section elementor-top-section elementor-element elementor-element-44127291 elementor-section-boxed elementor-section-height-default elementor-section-height-default\" data-id=\"44127291\" data-element_type=\"section\">\n\t\t\t\t\t\t<div class=\"elementor-container elementor-column-gap-default\">\n\t\t\t\t\t<div class=\"elementor-column elementor-col-100 elementor-top-column elementor-element elementor-element-4ac471d8\" data-id=\"4ac471d8\" data-element_type=\"column\">\n\t\t\t<div class=\"elementor-widget-wrap elementor-element-populated\">\n\t\t\t\t\t\t<div class=\"elementor-element elementor-element-746a9c3d elementor-widget elementor-widget-text-editor\" data-id=\"746a9c3d\" data-element_type=\"widget\" data-widget_type=\"text-editor.default\">\n\t\t\t\t<div class=\"elementor-widget-container\">\n\t\t\t\t\t\t\t\t\t<p><b>RETURN POLICY<\/b><\/p><p><span style=\"font-weight: 400;\">As a general rule, the user has 14 calendar days from receipt of the merchandise to request its return, in accordance with current Spanish legislation (art. 44 Law 47\/2002). In addition, for the return to be considered valid and to proceed with the full refund, the product must be sealed and intact at the time of return (Royal Legislative Decree 1\/2007), and be returned in its original packaging, also intact. . In this way, for the return to be valid, the product must be properly packed in its original packaging, which will also be protected, avoiding the use of adhesive tapes that may disturb its condition.<\/span><\/p><p><span style=\"font-weight: 400;\">For an order to be returned, at least one of the following circumstances must occur:<\/span><\/p><ul><li style=\"font-weight: 400;\" aria-level=\"1\"><span style=\"font-weight: 400;\">Wrong item, different from the one requested, or not corresponding to the descriptions provided on the Colossal Store web portal.<\/span><\/li><li style=\"font-weight: 400;\" aria-level=\"1\"><span style=\"font-weight: 400;\">Defective original product: when the item shows damage such as bumps, dents, breaks or visible cracks that compromise the original value of the purchased item.<\/span><\/li><\/ul><p><span style=\"font-weight: 400;\">In these cases, the user will have to notify the damage within a maximum period of 72 hours from receipt of the order. For this purpose, you can contact the Colossal Store email, colossalstoretcg@gmail.com or send a WhatsApp to the phone number 680322603, indicating the problem that affects your order, and attaching graphic, image or video evidence, which allows you to evaluate whether it occurs. any of the aforementioned incidents, as well as the order reference, the damaged product, and the number of units affected by the damage.<\/span><\/p><p><span style=\"font-weight: 400;\">All returns must be previously authorized from Colossal Store, which will evaluate on a case-by-case basis whether the request corresponds to any of the reasons provided in this return policy. From Colossal Store, the return will be confirmed if applicable or, alternatively, it will send a communication via email to the buyer user notifying the reasons that prevent the return.<\/span><\/p><p><span style=\"font-weight: 400;\">The user undertakes to cover all direct costs derived from the return of the product, and to take precautionary measures aimed at keeping the merchandise in its original state during the transport process.\u00a0<\/span><\/p><p><span style=\"font-weight: 400;\">If the damages or incidents indicated by the user in their return request are confirmed, Colossal Store will validate the request and refund the full purchase amount through the same means of payment that the user used to complete the purchase.<\/span><\/p><p><b>Presales: cancellations and returns<\/b><\/p><p><span style=\"font-weight: 400;\">Pre-sale items are reserved for distributors specifically based on product demand, and generate a firm purchase commitment from the customer. For this reason, the amount to be returned is conditioned based on the days that have passed since the purchase date:<\/span><\/p><ul><li style=\"font-weight: 400;\" aria-level=\"1\"><span style=\"font-weight: 400;\">During the first 14 days: 100% of the total amount is returned.<\/span><\/li><li style=\"font-weight: 400;\" aria-level=\"1\"><span style=\"font-weight: 400;\">From 14 to 30 calendar days: 75% of the total amount is returned.<\/span><\/li><li style=\"font-weight: 400;\" aria-level=\"1\"><span style=\"font-weight: 400;\">More than 30 calendar days: 50% of the total amount is returned.<\/span><\/li><\/ul><p><span style=\"font-weight: 400;\">For the rest, pre-sale returns will be managed in accordance with the instructions in the previous section.<\/span><\/p>\t\t\t\t\t\t\t\t<\/div>\n\t\t\t\t<\/div>\n\t\t\t\t\t<\/div>\n\t\t<\/div>\n\t\t\t\t\t<\/div>\n\t\t<\/section>\n\t\t\t\t<\/div>","protected":false},"excerpt":{"rendered":"<p>POL\u00cdTICA DE DEVOLUCIONES Como norma general, el usuario dispone de 14 d\u00edas naturales desde la recepci\u00f3n de la mercanc\u00eda para solicitar su devoluci\u00f3n, de acuerdo con la legislaci\u00f3n espa\u00f1ola vigente (art. 44 Ley 47\/2002). A mayores, para que la devoluci\u00f3n se considere v\u00e1lida y se pueda proceder con el integro, el producto ha de estar [&hellip;]<\/p>","protected":false},"author":1,"featured_media":0,"parent":0,"menu_order":0,"comment_status":"closed","ping_status":"closed","template":"","meta":{"_joinchat":[],"footnotes":""},"class_list":["post-9","page","type-page","status-publish","hentry"],"yoast_head":"<!-- This site is optimized with the Yoast SEO plugin v25.7 - https:\/\/yoast.com\/wordpress\/plugins\/seo\/ -->\n<title>Pol\u00edtica de devoluciones | Colossal Store<\/title>\n<meta name=\"robots\" content=\"index, follow, max-snippet:-1, max-image-preview:large, max-video-preview:-1\" \/>\n<link rel=\"canonical\" href=\"https:\/\/www.colossalstore.es\/en\/refund_returns\/\" \/>\n<meta property=\"og:locale\" content=\"en_US\" \/>\n<meta property=\"og:type\" content=\"article\" \/>\n<meta property=\"og:title\" content=\"Pol\u00edtica de devoluciones | Colossal Store\" \/>\n<meta property=\"og:description\" content=\"POL\u00cdTICA DE DEVOLUCIONES Como norma general, el usuario dispone de 14 d\u00edas naturales desde la recepci\u00f3n de la mercanc\u00eda para solicitar su devoluci\u00f3n, de acuerdo con la legislaci\u00f3n espa\u00f1ola vigente (art. 44 Ley 47\/2002). A mayores, para que la devoluci\u00f3n se considere v\u00e1lida y se pueda proceder con el integro, el producto ha de estar [&hellip;]\" \/>\n<meta property=\"og:url\" content=\"https:\/\/www.colossalstore.es\/en\/refund_returns\/\" \/>\n<meta property=\"og:site_name\" content=\"Colossal Store\" \/>\n<meta property=\"article:modified_time\" content=\"2024-09-17T14:39:09+00:00\" \/>\n<meta property=\"og:image\" content=\"https:\/\/www.colossalstore.es\/wp-content\/uploads\/2022\/09\/cropped-Colossal_BannerWeb-01.png\" \/>\n\t<meta property=\"og:image:width\" content=\"2917\" \/>\n\t<meta property=\"og:image:height\" content=\"834\" \/>\n\t<meta property=\"og:image:type\" content=\"image\/png\" \/>\n<meta name=\"twitter:card\" content=\"summary_large_image\" \/>\n<meta name=\"twitter:site\" content=\"@Colossal_Store\" \/>\n<meta name=\"twitter:label1\" content=\"Est. reading time\" \/>\n\t<meta name=\"twitter:data1\" content=\"3 minutes\" \/>\n<script type=\"application\/ld+json\" class=\"yoast-schema-graph\">{\"@context\":\"https:\/\/schema.org\",\"@graph\":[{\"@type\":\"WebPage\",\"@id\":\"https:\/\/www.colossalstore.es\/refund_returns\/\",\"url\":\"https:\/\/www.colossalstore.es\/refund_returns\/\",\"name\":\"Pol\u00edtica de devoluciones | Colossal Store\",\"isPartOf\":{\"@id\":\"https:\/\/www.colossalstore.es\/#website\"},\"datePublished\":\"2022-08-23T13:39:21+00:00\",\"dateModified\":\"2024-09-17T14:39:09+00:00\",\"breadcrumb\":{\"@id\":\"https:\/\/www.colossalstore.es\/refund_returns\/#breadcrumb\"},\"inLanguage\":\"en-US\",\"potentialAction\":[{\"@type\":\"ReadAction\",\"target\":[\"https:\/\/www.colossalstore.es\/refund_returns\/\"]}]},{\"@type\":\"BreadcrumbList\",\"@id\":\"https:\/\/www.colossalstore.es\/refund_returns\/#breadcrumb\",\"itemListElement\":[{\"@type\":\"ListItem\",\"position\":1,\"name\":\"Home\",\"item\":\"https:\/\/www.colossalstore.es\/\"},{\"@type\":\"ListItem\",\"position\":2,\"name\":\"Pol\u00edtica de devoluciones\"}]},{\"@type\":\"WebSite\",\"@id\":\"https:\/\/www.colossalstore.es\/#website\",\"url\":\"https:\/\/www.colossalstore.es\/\",\"name\":\"Colossal Store\",\"description\":\"Colossal Store, tienda especializada en TCGs.\",\"publisher\":{\"@id\":\"https:\/\/www.colossalstore.es\/#organization\"},\"alternateName\":\"Colossal Store\",\"potentialAction\":[{\"@type\":\"SearchAction\",\"target\":{\"@type\":\"EntryPoint\",\"urlTemplate\":\"https:\/\/www.colossalstore.es\/?s={search_term_string}\"},\"query-input\":{\"@type\":\"PropertyValueSpecification\",\"valueRequired\":true,\"valueName\":\"search_term_string\"}}],\"inLanguage\":\"en-US\"},{\"@type\":\"Organization\",\"@id\":\"https:\/\/www.colossalstore.es\/#organization\",\"name\":\"Colossal Store\",\"url\":\"https:\/\/www.colossalstore.es\/\",\"logo\":{\"@type\":\"ImageObject\",\"inLanguage\":\"en-US\",\"@id\":\"https:\/\/www.colossalstore.es\/#\/schema\/logo\/image\/\",\"url\":\"https:\/\/www.colossalstore.es\/wp-content\/uploads\/2023\/05\/Colossal_Logo-02.png\",\"contentUrl\":\"https:\/\/www.colossalstore.es\/wp-content\/uploads\/2023\/05\/Colossal_Logo-02.png\",\"width\":1181,\"height\":1181,\"caption\":\"Colossal Store\"},\"image\":{\"@id\":\"https:\/\/www.colossalstore.es\/#\/schema\/logo\/image\/\"},\"sameAs\":[\"https:\/\/x.com\/Colossal_Store\",\"https:\/\/www.instagram.com\/colossal_store_tcg\/\",\"https:\/\/www.tiktok.com\/@colossalstore\"]}]}<\/script>\n<!-- \/ Yoast SEO plugin. -->","yoast_head_json":{"title":"Pol\u00edtica de devoluciones | Colossal Store","robots":{"index":"index","follow":"follow","max-snippet":"max-snippet:-1","max-image-preview":"max-image-preview:large","max-video-preview":"max-video-preview:-1"},"canonical":"https:\/\/www.colossalstore.es\/en\/refund_returns\/","og_locale":"en_US","og_type":"article","og_title":"Pol\u00edtica de devoluciones | Colossal Store","og_description":"POL\u00cdTICA DE DEVOLUCIONES Como norma general, el usuario dispone de 14 d\u00edas naturales desde la recepci\u00f3n de la mercanc\u00eda para solicitar su devoluci\u00f3n, de acuerdo con la legislaci\u00f3n espa\u00f1ola vigente (art. 44 Ley 47\/2002). A mayores, para que la devoluci\u00f3n se considere v\u00e1lida y se pueda proceder con el integro, el producto ha de estar [&hellip;]","og_url":"https:\/\/www.colossalstore.es\/en\/refund_returns\/","og_site_name":"Colossal Store","article_modified_time":"2024-09-17T14:39:09+00:00","og_image":[{"width":2917,"height":834,"url":"https:\/\/www.colossalstore.es\/wp-content\/uploads\/2022\/09\/cropped-Colossal_BannerWeb-01.png","type":"image\/png"}],"twitter_card":"summary_large_image","twitter_site":"@Colossal_Store","twitter_misc":{"Est. reading time":"3 minutes"},"schema":{"@context":"https:\/\/schema.org","@graph":[{"@type":"WebPage","@id":"https:\/\/www.colossalstore.es\/refund_returns\/","url":"https:\/\/www.colossalstore.es\/refund_returns\/","name":"Pol\u00edtica de devoluciones | Colossal Store","isPartOf":{"@id":"https:\/\/www.colossalstore.es\/#website"},"datePublished":"2022-08-23T13:39:21+00:00","dateModified":"2024-09-17T14:39:09+00:00","breadcrumb":{"@id":"https:\/\/www.colossalstore.es\/refund_returns\/#breadcrumb"},"inLanguage":"en-US","potentialAction":[{"@type":"ReadAction","target":["https:\/\/www.colossalstore.es\/refund_returns\/"]}]},{"@type":"BreadcrumbList","@id":"https:\/\/www.colossalstore.es\/refund_returns\/#breadcrumb","itemListElement":[{"@type":"ListItem","position":1,"name":"Home","item":"https:\/\/www.colossalstore.es\/"},{"@type":"ListItem","position":2,"name":"Pol\u00edtica de devoluciones"}]},{"@type":"WebSite","@id":"https:\/\/www.colossalstore.es\/#website","url":"https:\/\/www.colossalstore.es\/","name":"Colossal Store","description":"Colossal Store, store specialized in TCGs.","publisher":{"@id":"https:\/\/www.colossalstore.es\/#organization"},"alternateName":"Colossal Store","potentialAction":[{"@type":"SearchAction","target":{"@type":"EntryPoint","urlTemplate":"https:\/\/www.colossalstore.es\/?s={search_term_string}"},"query-input":{"@type":"PropertyValueSpecification","valueRequired":true,"valueName":"search_term_string"}}],"inLanguage":"en-US"},{"@type":"Organization","@id":"https:\/\/www.colossalstore.es\/#organization","name":"Colossal Store","url":"https:\/\/www.colossalstore.es\/","logo":{"@type":"ImageObject","inLanguage":"en-US","@id":"https:\/\/www.colossalstore.es\/#\/schema\/logo\/image\/","url":"https:\/\/www.colossalstore.es\/wp-content\/uploads\/2023\/05\/Colossal_Logo-02.png","contentUrl":"https:\/\/www.colossalstore.es\/wp-content\/uploads\/2023\/05\/Colossal_Logo-02.png","width":1181,"height":1181,"caption":"Colossal Store"},"image":{"@id":"https:\/\/www.colossalstore.es\/#\/schema\/logo\/image\/"},"sameAs":["https:\/\/x.com\/Colossal_Store","https:\/\/www.instagram.com\/colossal_store_tcg\/","https:\/\/www.tiktok.com\/@colossalstore"]}]}},"_links":{"self":[{"href":"https:\/\/www.colossalstore.es\/en\/wp-json\/wp\/v2\/pages\/9","targetHints":{"allow":["GET"]}}],"collection":[{"href":"https:\/\/www.colossalstore.es\/en\/wp-json\/wp\/v2\/pages"}],"about":[{"href":"https:\/\/www.colossalstore.es\/en\/wp-json\/wp\/v2\/types\/page"}],"author":[{"embeddable":true,"href":"https:\/\/www.colossalstore.es\/en\/wp-json\/wp\/v2\/users\/1"}],"replies":[{"embeddable":true,"href":"https:\/\/www.colossalstore.es\/en\/wp-json\/wp\/v2\/comments?post=9"}],"version-history":[{"count":0,"href":"https:\/\/www.colossalstore.es\/en\/wp-json\/wp\/v2\/pages\/9\/revisions"}],"wp:attachment":[{"href":"https:\/\/www.colossalstore.es\/en\/wp-json\/wp\/v2\/media?parent=9"}],"curies":[{"name":"wp","href":"https:\/\/api.w.org\/{rel}","templated":true}]}}