{"id":6,"date":"2022-08-23T15:39:21","date_gmt":"2022-08-23T13:39:21","guid":{"rendered":"http:\/\/colossalstore.es\/?page_id=6"},"modified":"2025-08-23T14:03:55","modified_gmt":"2025-08-23T12:03:55","slug":"carrito","status":"publish","type":"page","link":"https:\/\/www.colossalstore.es\/en\/carrito\/","title":{"rendered":"Cart"},"content":{"rendered":"<div data-elementor-type=\"wp-page\" data-elementor-id=\"6\" class=\"elementor elementor-6\" data-elementor-post-type=\"page\">\n\t\t\t\t\t\t<section class=\"elementor-section elementor-top-section elementor-element elementor-element-1f87d4f elementor-section-boxed elementor-section-height-default elementor-section-height-default\" data-id=\"1f87d4f\" data-element_type=\"section\">\n\t\t\t\t\t\t<div class=\"elementor-container elementor-column-gap-default\">\n\t\t\t\t\t<div class=\"elementor-column elementor-col-100 elementor-top-column elementor-element elementor-element-ddb66ef\" data-id=\"ddb66ef\" data-element_type=\"column\">\n\t\t\t<div class=\"elementor-widget-wrap elementor-element-populated\">\n\t\t\t\t\t\t<div class=\"elementor-element elementor-element-92a1824 e-cart-layout-two-column elementor-widget elementor-widget-global elementor-global-1877 elementor-widget-woocommerce-cart\" data-id=\"92a1824\" data-element_type=\"widget\" data-settings=\"{&quot;update_cart_automatically&quot;:&quot;yes&quot;,&quot;forms_buttons_hover_animation&quot;:&quot;shrink&quot;,&quot;checkout_button_hover_animation&quot;:&quot;shrink&quot;}\" data-widget_type=\"woocommerce-cart.default\">\n\t\t\t\t<div class=\"elementor-widget-container\">\n\t\t\t\t\t<div class=\"woocommerce\"><div class=\"woocommerce-notices-wrapper\"><\/div><div class=\"wc-empty-cart-message\">\n\t<div class=\"cart-empty woocommerce-info\">\n\t\tYour cart is currently empty.\t<\/div>\n<\/div>\t<p class=\"return-to-shop\">\n\t\t<a class=\"button wc-backward\" href=\"https:\/\/www.colossalstore.es\/en\/tienda\/\">\n\t\t\tReturn to shop\t\t<\/a>\n\t<\/p>\n<\/div>\t\t\t\t<\/div>\n\t\t\t\t<\/div>\n\t\t\t\t\t<\/div>\n\t\t<\/div>\n\t\t\t\t\t<\/div>\n\t\t<\/section>\n\t\t\t\t<\/div>","protected":false},"excerpt":{"rendered":"<p>Delete item Thumbnail Image Product Price Quantity Subtotal \u00d7 That Time I Turned into a Slime 4 \u20ac9.00 That Time I Turned into a Slime 4 quantity \u20ac9.00 Apply coupon Cart Totals Subtotal \u20ac9.00 Shipping Shipping to the Iberian Peninsula: \u20ac5.00 Local pickup Send to C\/Amadeo Arias 10, 47014 Valladolid, Valladolid. Change address Country [\u2026]<\/p>","protected":false},"author":1,"featured_media":0,"parent":0,"menu_order":0,"comment_status":"closed","ping_status":"closed","template":"","meta":{"_joinchat":[],"footnotes":""},"class_list":["post-6","page","type-page","status-publish","hentry"],"yoast_head":"<!-- This site is optimized with the Yoast SEO plugin v25.7 - https:\/\/yoast.com\/wordpress\/plugins\/seo\/ -->\n<title>Carrito | Colossal Store<\/title>\n<meta name=\"robots\" content=\"index, follow, max-snippet:-1, max-image-preview:large, max-video-preview:-1\" \/>\n<link rel=\"canonical\" href=\"https:\/\/www.colossalstore.es\/en\/carrito\/\" \/>\n<meta property=\"og:locale\" content=\"en_US\" \/>\n<meta property=\"og:type\" content=\"article\" \/>\n<meta property=\"og:title\" content=\"Carrito | Colossal Store\" \/>\n<meta property=\"og:description\" content=\"Eliminar art\u00edculo Imagen en miniatura Producto Precio Cantidad Subtotal &times; Aquella vez que me convert\u00ed en slime 4 9.00&nbsp;&euro; Aquella vez que me convert\u00ed en slime 4 cantidad 9.00&nbsp;&euro; Aplicar cup\u00f3n Totales del carrito Subtotal 9.00&nbsp;&euro; Env\u00edo Env\u00edo a Pen\u00ednsula Ib\u00e9rica: 5.00&nbsp;&euro; Recogida local Enviar a C\/Amadeo Arias 10, 47014 Valladolid, Valladolid. Cambiar direcci\u00f3n Pa\u00eds [&hellip;]\" \/>\n<meta property=\"og:url\" content=\"https:\/\/www.colossalstore.es\/en\/carrito\/\" \/>\n<meta property=\"og:site_name\" content=\"Colossal Store\" \/>\n<meta property=\"article:modified_time\" content=\"2025-08-23T12:03:55+00:00\" \/>\n<meta property=\"og:image\" content=\"http:\/\/colossalstore.es\/wp-content\/uploads\/2022\/10\/51JjlU2qM2L-300x300.jpg\" \/>\n<meta name=\"twitter:card\" content=\"summary_large_image\" \/>\n<meta name=\"twitter:site\" content=\"@Colossal_Store\" \/>\n<meta name=\"twitter:label1\" content=\"Est. reading time\" \/>\n\t<meta name=\"twitter:data1\" content=\"2 minutes\" \/>\n<script type=\"application\/ld+json\" class=\"yoast-schema-graph\">{\"@context\":\"https:\/\/schema.org\",\"@graph\":[{\"@type\":\"WebPage\",\"@id\":\"https:\/\/www.colossalstore.es\/carrito\/\",\"url\":\"https:\/\/www.colossalstore.es\/carrito\/\",\"name\":\"Carrito | Colossal Store\",\"isPartOf\":{\"@id\":\"https:\/\/www.colossalstore.es\/#website\"},\"primaryImageOfPage\":{\"@id\":\"https:\/\/www.colossalstore.es\/carrito\/#primaryimage\"},\"image\":{\"@id\":\"https:\/\/www.colossalstore.es\/carrito\/#primaryimage\"},\"thumbnailUrl\":\"http:\/\/colossalstore.es\/wp-content\/uploads\/2022\/10\/51JjlU2qM2L-300x300.jpg\",\"datePublished\":\"2022-08-23T13:39:21+00:00\",\"dateModified\":\"2025-08-23T12:03:55+00:00\",\"breadcrumb\":{\"@id\":\"https:\/\/www.colossalstore.es\/carrito\/#breadcrumb\"},\"inLanguage\":\"en-US\",\"potentialAction\":[{\"@type\":\"ReadAction\",\"target\":[\"https:\/\/www.colossalstore.es\/carrito\/\"]}]},{\"@type\":\"ImageObject\",\"inLanguage\":\"en-US\",\"@id\":\"https:\/\/www.colossalstore.es\/carrito\/#primaryimage\",\"url\":\"http:\/\/colossalstore.es\/wp-content\/uploads\/2022\/10\/51JjlU2qM2L-300x300.jpg\",\"contentUrl\":\"http:\/\/colossalstore.es\/wp-content\/uploads\/2022\/10\/51JjlU2qM2L-300x300.jpg\"},{\"@type\":\"BreadcrumbList\",\"@id\":\"https:\/\/www.colossalstore.es\/carrito\/#breadcrumb\",\"itemListElement\":[{\"@type\":\"ListItem\",\"position\":1,\"name\":\"Home\",\"item\":\"https:\/\/www.colossalstore.es\/\"},{\"@type\":\"ListItem\",\"position\":2,\"name\":\"Carrito\"}]},{\"@type\":\"WebSite\",\"@id\":\"https:\/\/www.colossalstore.es\/#website\",\"url\":\"https:\/\/www.colossalstore.es\/\",\"name\":\"Colossal Store\",\"description\":\"Colossal Store, tienda especializada en TCGs.\",\"publisher\":{\"@id\":\"https:\/\/www.colossalstore.es\/#organization\"},\"alternateName\":\"Colossal Store\",\"potentialAction\":[{\"@type\":\"SearchAction\",\"target\":{\"@type\":\"EntryPoint\",\"urlTemplate\":\"https:\/\/www.colossalstore.es\/?s={search_term_string}\"},\"query-input\":{\"@type\":\"PropertyValueSpecification\",\"valueRequired\":true,\"valueName\":\"search_term_string\"}}],\"inLanguage\":\"en-US\"},{\"@type\":\"Organization\",\"@id\":\"https:\/\/www.colossalstore.es\/#organization\",\"name\":\"Colossal Store\",\"url\":\"https:\/\/www.colossalstore.es\/\",\"logo\":{\"@type\":\"ImageObject\",\"inLanguage\":\"en-US\",\"@id\":\"https:\/\/www.colossalstore.es\/#\/schema\/logo\/image\/\",\"url\":\"https:\/\/www.colossalstore.es\/wp-content\/uploads\/2023\/05\/Colossal_Logo-02.png\",\"contentUrl\":\"https:\/\/www.colossalstore.es\/wp-content\/uploads\/2023\/05\/Colossal_Logo-02.png\",\"width\":1181,\"height\":1181,\"caption\":\"Colossal Store\"},\"image\":{\"@id\":\"https:\/\/www.colossalstore.es\/#\/schema\/logo\/image\/\"},\"sameAs\":[\"https:\/\/x.com\/Colossal_Store\",\"https:\/\/www.instagram.com\/colossal_store_tcg\/\",\"https:\/\/www.tiktok.com\/@colossalstore\"]}]}<\/script>\n<!-- \/ Yoast SEO plugin. -->","yoast_head_json":{"title":"Carrito | Colossal Store","robots":{"index":"index","follow":"follow","max-snippet":"max-snippet:-1","max-image-preview":"max-image-preview:large","max-video-preview":"max-video-preview:-1"},"canonical":"https:\/\/www.colossalstore.es\/en\/carrito\/","og_locale":"en_US","og_type":"article","og_title":"Carrito | Colossal Store","og_description":"Eliminar art\u00edculo Imagen en miniatura Producto Precio Cantidad Subtotal &times; Aquella vez que me convert\u00ed en slime 4 9.00&nbsp;&euro; Aquella vez que me convert\u00ed en slime 4 cantidad 9.00&nbsp;&euro; Aplicar cup\u00f3n Totales del carrito Subtotal 9.00&nbsp;&euro; Env\u00edo Env\u00edo a Pen\u00ednsula Ib\u00e9rica: 5.00&nbsp;&euro; Recogida local Enviar a C\/Amadeo Arias 10, 47014 Valladolid, Valladolid. Cambiar direcci\u00f3n Pa\u00eds [&hellip;]","og_url":"https:\/\/www.colossalstore.es\/en\/carrito\/","og_site_name":"Colossal Store","article_modified_time":"2025-08-23T12:03:55+00:00","og_image":[{"url":"http:\/\/colossalstore.es\/wp-content\/uploads\/2022\/10\/51JjlU2qM2L-300x300.jpg","type":"","width":"","height":""}],"twitter_card":"summary_large_image","twitter_site":"@Colossal_Store","twitter_misc":{"Est. reading time":"2 minutes"},"schema":{"@context":"https:\/\/schema.org","@graph":[{"@type":"WebPage","@id":"https:\/\/www.colossalstore.es\/carrito\/","url":"https:\/\/www.colossalstore.es\/carrito\/","name":"Carrito | Colossal Store","isPartOf":{"@id":"https:\/\/www.colossalstore.es\/#website"},"primaryImageOfPage":{"@id":"https:\/\/www.colossalstore.es\/carrito\/#primaryimage"},"image":{"@id":"https:\/\/www.colossalstore.es\/carrito\/#primaryimage"},"thumbnailUrl":"http:\/\/colossalstore.es\/wp-content\/uploads\/2022\/10\/51JjlU2qM2L-300x300.jpg","datePublished":"2022-08-23T13:39:21+00:00","dateModified":"2025-08-23T12:03:55+00:00","breadcrumb":{"@id":"https:\/\/www.colossalstore.es\/carrito\/#breadcrumb"},"inLanguage":"en-US","potentialAction":[{"@type":"ReadAction","target":["https:\/\/www.colossalstore.es\/carrito\/"]}]},{"@type":"ImageObject","inLanguage":"en-US","@id":"https:\/\/www.colossalstore.es\/carrito\/#primaryimage","url":"http:\/\/colossalstore.es\/wp-content\/uploads\/2022\/10\/51JjlU2qM2L-300x300.jpg","contentUrl":"http:\/\/colossalstore.es\/wp-content\/uploads\/2022\/10\/51JjlU2qM2L-300x300.jpg"},{"@type":"BreadcrumbList","@id":"https:\/\/www.colossalstore.es\/carrito\/#breadcrumb","itemListElement":[{"@type":"ListItem","position":1,"name":"Home","item":"https:\/\/www.colossalstore.es\/"},{"@type":"ListItem","position":2,"name":"Carrito"}]},{"@type":"WebSite","@id":"https:\/\/www.colossalstore.es\/#website","url":"https:\/\/www.colossalstore.es\/","name":"Colossal Store","description":"Colossal Store, store specialized in TCGs.","publisher":{"@id":"https:\/\/www.colossalstore.es\/#organization"},"alternateName":"Colossal Store","potentialAction":[{"@type":"SearchAction","target":{"@type":"EntryPoint","urlTemplate":"https:\/\/www.colossalstore.es\/?s={search_term_string}"},"query-input":{"@type":"PropertyValueSpecification","valueRequired":true,"valueName":"search_term_string"}}],"inLanguage":"en-US"},{"@type":"Organization","@id":"https:\/\/www.colossalstore.es\/#organization","name":"Colossal Store","url":"https:\/\/www.colossalstore.es\/","logo":{"@type":"ImageObject","inLanguage":"en-US","@id":"https:\/\/www.colossalstore.es\/#\/schema\/logo\/image\/","url":"https:\/\/www.colossalstore.es\/wp-content\/uploads\/2023\/05\/Colossal_Logo-02.png","contentUrl":"https:\/\/www.colossalstore.es\/wp-content\/uploads\/2023\/05\/Colossal_Logo-02.png","width":1181,"height":1181,"caption":"Colossal Store"},"image":{"@id":"https:\/\/www.colossalstore.es\/#\/schema\/logo\/image\/"},"sameAs":["https:\/\/x.com\/Colossal_Store","https:\/\/www.instagram.com\/colossal_store_tcg\/","https:\/\/www.tiktok.com\/@colossalstore"]}]}},"_links":{"self":[{"href":"https:\/\/www.colossalstore.es\/en\/wp-json\/wp\/v2\/pages\/6","targetHints":{"allow":["GET"]}}],"collection":[{"href":"https:\/\/www.colossalstore.es\/en\/wp-json\/wp\/v2\/pages"}],"about":[{"href":"https:\/\/www.colossalstore.es\/en\/wp-json\/wp\/v2\/types\/page"}],"author":[{"embeddable":true,"href":"https:\/\/www.colossalstore.es\/en\/wp-json\/wp\/v2\/users\/1"}],"replies":[{"embeddable":true,"href":"https:\/\/www.colossalstore.es\/en\/wp-json\/wp\/v2\/comments?post=6"}],"version-history":[{"count":0,"href":"https:\/\/www.colossalstore.es\/en\/wp-json\/wp\/v2\/pages\/6\/revisions"}],"wp:attachment":[{"href":"https:\/\/www.colossalstore.es\/en\/wp-json\/wp\/v2\/media?parent=6"}],"curies":[{"name":"wp","href":"https:\/\/api.w.org\/{rel}","templated":true}]}}