{"id":4979,"date":"2023-05-10T12:39:22","date_gmt":"2023-05-10T10:39:22","guid":{"rendered":"https:\/\/www.colossalstore.es\/?page_id=4979"},"modified":"2023-05-10T12:44:58","modified_gmt":"2023-05-10T10:44:58","slug":"politica-de-acumulacion-de-premios","status":"publish","type":"page","link":"https:\/\/www.colossalstore.es\/en\/politica-de-acumulacion-de-premios\/","title":{"rendered":"Prize Accumulation Policy"},"content":{"rendered":"<div data-elementor-type=\"wp-page\" data-elementor-id=\"4979\" class=\"elementor elementor-4979\" data-elementor-post-type=\"page\">\n\t\t\t\t\t\t<section class=\"elementor-section elementor-top-section elementor-element elementor-element-0431068 elementor-section-boxed elementor-section-height-default elementor-section-height-default\" data-id=\"0431068\" data-element_type=\"section\">\n\t\t\t\t\t\t<div class=\"elementor-container elementor-column-gap-default\">\n\t\t\t\t\t<div class=\"elementor-column elementor-col-100 elementor-top-column elementor-element elementor-element-27d3bd4\" data-id=\"27d3bd4\" data-element_type=\"column\">\n\t\t\t<div class=\"elementor-widget-wrap elementor-element-populated\">\n\t\t\t\t\t\t<div class=\"elementor-element elementor-element-5c31e50 elementor-widget elementor-widget-text-editor\" data-id=\"5c31e50\" data-element_type=\"widget\" data-widget_type=\"text-editor.default\">\n\t\t\t\t<div class=\"elementor-widget-container\">\n\t\t\t\t\t\t\t\t\t<h3><b>Prize Accumulation Policy<br \/><\/b><\/h3><p>\u00a0<\/p><h5>How does it work?<\/h5><p>When participating in an online tournament, instead of paying the shipping cost we offer the possibility of saving the material offered as part of the tournament (participation, prizes...). This way, in the future you can receive all the accumulated material in a single shipment, saving the costs incurred (or even making it free, receiving your material together with a regular order!)<\/p><p>\u00a0<\/p><h5>I have accumulated prizes in the past, how can I receive them?<\/h5><p>We offer the following methods for you to receive your accumulated prizes:<\/p><ul><li>Pickup in store: You can collect your accumulated prizes in person without any additional expense<\/li><li>Add to an order: During the payment process of an order, you can ask us in the additional information to send you your accumulated prizes. These will be added to your order for free!<\/li><li>Single shipment of material: If for some reason you only want us to send you the accumulated prizes, you can do so through the following product: <a href=\"https:\/\/www.colossalstore.es\/en\/tienda\/eventos\/envio-de-material-acumulado\/\">https:\/\/www.colossalstore.es\/tienda\/eventos\/envio-de-material-acumulado\/<\/a>\u00a0<\/li><\/ul><h5>\u00a0<\/h5><h5>Why do I still need to enter my shipping details?<\/h5><p>In the event that payment for an event ticket is made without registering an account, we need some way to identify the owner of the material so that it can be stored correctly. This shipping address is not final and the accumulated material may be sent to another address in the future.<\/p><h5>\u00a0<\/h5><h5>How long do you store accumulated prizes?<\/h5><p>We guarantee that prizes are stored for a period of six months from the last participation in an event that used the in-store pickup option. After this period, we cannot guarantee that the stored product will still be available for shipment.<\/p>\t\t\t\t\t\t\t\t<\/div>\n\t\t\t\t<\/div>\n\t\t\t\t\t<\/div>\n\t\t<\/div>\n\t\t\t\t\t<\/div>\n\t\t<\/section>\n\t\t\t\t<\/div>","protected":false},"excerpt":{"rendered":"<p>Pol\u00edtica de acumulaci\u00f3n de premios \u00a0 \u00bfC\u00f3mo funciona? A la hora de participar un torneo online, en vez de pagar el coste del env\u00edo ofrecemos la posibilidad de guardar el material ofrecido como parte del torneo (participaci\u00f3n, premios&#8230;). De esta manera, en el futuro puedes recibir todo el material acumulado en un \u00fanico env\u00edo, ahorrando [&hellip;]<\/p>","protected":false},"author":6,"featured_media":0,"parent":0,"menu_order":0,"comment_status":"closed","ping_status":"closed","template":"","meta":{"_joinchat":[],"footnotes":""},"class_list":["post-4979","page","type-page","status-publish","hentry"],"yoast_head":"<!-- This site is optimized with the Yoast SEO plugin v25.7 - https:\/\/yoast.com\/wordpress\/plugins\/seo\/ -->\n<title>Pol\u00edtica de acumulaci\u00f3n de premios | Colossal Store<\/title>\n<meta name=\"robots\" content=\"index, follow, max-snippet:-1, max-image-preview:large, max-video-preview:-1\" \/>\n<link rel=\"canonical\" href=\"https:\/\/www.colossalstore.es\/en\/politica-de-acumulacion-de-premios\/\" \/>\n<meta property=\"og:locale\" content=\"en_US\" \/>\n<meta property=\"og:type\" content=\"article\" \/>\n<meta property=\"og:title\" content=\"Pol\u00edtica de acumulaci\u00f3n de premios | Colossal Store\" \/>\n<meta property=\"og:description\" content=\"Pol\u00edtica de acumulaci\u00f3n de premios \u00a0 \u00bfC\u00f3mo funciona? A la hora de participar un torneo online, en vez de pagar el coste del env\u00edo ofrecemos la posibilidad de guardar el material ofrecido como parte del torneo (participaci\u00f3n, premios&#8230;). De esta manera, en el futuro puedes recibir todo el material acumulado en un \u00fanico env\u00edo, ahorrando [&hellip;]\" \/>\n<meta property=\"og:url\" content=\"https:\/\/www.colossalstore.es\/en\/politica-de-acumulacion-de-premios\/\" \/>\n<meta property=\"og:site_name\" content=\"Colossal Store\" \/>\n<meta property=\"article:modified_time\" content=\"2023-05-10T10:44:58+00:00\" \/>\n<meta property=\"og:image\" content=\"https:\/\/www.colossalstore.es\/wp-content\/uploads\/2022\/09\/cropped-Colossal_BannerWeb-01.png\" \/>\n\t<meta property=\"og:image:width\" content=\"2917\" \/>\n\t<meta property=\"og:image:height\" content=\"834\" \/>\n\t<meta property=\"og:image:type\" content=\"image\/png\" \/>\n<meta name=\"twitter:card\" content=\"summary_large_image\" \/>\n<meta name=\"twitter:site\" content=\"@Colossal_Store\" \/>\n<meta name=\"twitter:label1\" content=\"Est. reading time\" \/>\n\t<meta name=\"twitter:data1\" content=\"2 minutes\" \/>\n<script type=\"application\/ld+json\" class=\"yoast-schema-graph\">{\"@context\":\"https:\/\/schema.org\",\"@graph\":[{\"@type\":\"WebPage\",\"@id\":\"https:\/\/www.colossalstore.es\/politica-de-acumulacion-de-premios\/\",\"url\":\"https:\/\/www.colossalstore.es\/politica-de-acumulacion-de-premios\/\",\"name\":\"Pol\u00edtica de acumulaci\u00f3n de premios | Colossal Store\",\"isPartOf\":{\"@id\":\"https:\/\/www.colossalstore.es\/#website\"},\"datePublished\":\"2023-05-10T10:39:22+00:00\",\"dateModified\":\"2023-05-10T10:44:58+00:00\",\"breadcrumb\":{\"@id\":\"https:\/\/www.colossalstore.es\/politica-de-acumulacion-de-premios\/#breadcrumb\"},\"inLanguage\":\"en-US\",\"potentialAction\":[{\"@type\":\"ReadAction\",\"target\":[\"https:\/\/www.colossalstore.es\/politica-de-acumulacion-de-premios\/\"]}]},{\"@type\":\"BreadcrumbList\",\"@id\":\"https:\/\/www.colossalstore.es\/politica-de-acumulacion-de-premios\/#breadcrumb\",\"itemListElement\":[{\"@type\":\"ListItem\",\"position\":1,\"name\":\"Home\",\"item\":\"https:\/\/www.colossalstore.es\/\"},{\"@type\":\"ListItem\",\"position\":2,\"name\":\"Pol\u00edtica de acumulaci\u00f3n de premios\"}]},{\"@type\":\"WebSite\",\"@id\":\"https:\/\/www.colossalstore.es\/#website\",\"url\":\"https:\/\/www.colossalstore.es\/\",\"name\":\"Colossal Store\",\"description\":\"Colossal Store, tienda especializada en TCGs.\",\"publisher\":{\"@id\":\"https:\/\/www.colossalstore.es\/#organization\"},\"alternateName\":\"Colossal Store\",\"potentialAction\":[{\"@type\":\"SearchAction\",\"target\":{\"@type\":\"EntryPoint\",\"urlTemplate\":\"https:\/\/www.colossalstore.es\/?s={search_term_string}\"},\"query-input\":{\"@type\":\"PropertyValueSpecification\",\"valueRequired\":true,\"valueName\":\"search_term_string\"}}],\"inLanguage\":\"en-US\"},{\"@type\":\"Organization\",\"@id\":\"https:\/\/www.colossalstore.es\/#organization\",\"name\":\"Colossal Store\",\"url\":\"https:\/\/www.colossalstore.es\/\",\"logo\":{\"@type\":\"ImageObject\",\"inLanguage\":\"en-US\",\"@id\":\"https:\/\/www.colossalstore.es\/#\/schema\/logo\/image\/\",\"url\":\"https:\/\/www.colossalstore.es\/wp-content\/uploads\/2023\/05\/Colossal_Logo-02.png\",\"contentUrl\":\"https:\/\/www.colossalstore.es\/wp-content\/uploads\/2023\/05\/Colossal_Logo-02.png\",\"width\":1181,\"height\":1181,\"caption\":\"Colossal Store\"},\"image\":{\"@id\":\"https:\/\/www.colossalstore.es\/#\/schema\/logo\/image\/\"},\"sameAs\":[\"https:\/\/x.com\/Colossal_Store\",\"https:\/\/www.instagram.com\/colossal_store_tcg\/\",\"https:\/\/www.tiktok.com\/@colossalstore\"]}]}<\/script>\n<!-- \/ Yoast SEO plugin. -->","yoast_head_json":{"title":"Pol\u00edtica de acumulaci\u00f3n de premios | Colossal Store","robots":{"index":"index","follow":"follow","max-snippet":"max-snippet:-1","max-image-preview":"max-image-preview:large","max-video-preview":"max-video-preview:-1"},"canonical":"https:\/\/www.colossalstore.es\/en\/politica-de-acumulacion-de-premios\/","og_locale":"en_US","og_type":"article","og_title":"Pol\u00edtica de acumulaci\u00f3n de premios | Colossal Store","og_description":"Pol\u00edtica de acumulaci\u00f3n de premios \u00a0 \u00bfC\u00f3mo funciona? A la hora de participar un torneo online, en vez de pagar el coste del env\u00edo ofrecemos la posibilidad de guardar el material ofrecido como parte del torneo (participaci\u00f3n, premios&#8230;). De esta manera, en el futuro puedes recibir todo el material acumulado en un \u00fanico env\u00edo, ahorrando [&hellip;]","og_url":"https:\/\/www.colossalstore.es\/en\/politica-de-acumulacion-de-premios\/","og_site_name":"Colossal Store","article_modified_time":"2023-05-10T10:44:58+00:00","og_image":[{"width":2917,"height":834,"url":"https:\/\/www.colossalstore.es\/wp-content\/uploads\/2022\/09\/cropped-Colossal_BannerWeb-01.png","type":"image\/png"}],"twitter_card":"summary_large_image","twitter_site":"@Colossal_Store","twitter_misc":{"Est. reading time":"2 minutes"},"schema":{"@context":"https:\/\/schema.org","@graph":[{"@type":"WebPage","@id":"https:\/\/www.colossalstore.es\/politica-de-acumulacion-de-premios\/","url":"https:\/\/www.colossalstore.es\/politica-de-acumulacion-de-premios\/","name":"Pol\u00edtica de acumulaci\u00f3n de premios | Colossal Store","isPartOf":{"@id":"https:\/\/www.colossalstore.es\/#website"},"datePublished":"2023-05-10T10:39:22+00:00","dateModified":"2023-05-10T10:44:58+00:00","breadcrumb":{"@id":"https:\/\/www.colossalstore.es\/politica-de-acumulacion-de-premios\/#breadcrumb"},"inLanguage":"en-US","potentialAction":[{"@type":"ReadAction","target":["https:\/\/www.colossalstore.es\/politica-de-acumulacion-de-premios\/"]}]},{"@type":"BreadcrumbList","@id":"https:\/\/www.colossalstore.es\/politica-de-acumulacion-de-premios\/#breadcrumb","itemListElement":[{"@type":"ListItem","position":1,"name":"Home","item":"https:\/\/www.colossalstore.es\/"},{"@type":"ListItem","position":2,"name":"Pol\u00edtica de acumulaci\u00f3n de premios"}]},{"@type":"WebSite","@id":"https:\/\/www.colossalstore.es\/#website","url":"https:\/\/www.colossalstore.es\/","name":"Colossal Store","description":"Colossal Store, store specialized in TCGs.","publisher":{"@id":"https:\/\/www.colossalstore.es\/#organization"},"alternateName":"Colossal Store","potentialAction":[{"@type":"SearchAction","target":{"@type":"EntryPoint","urlTemplate":"https:\/\/www.colossalstore.es\/?s={search_term_string}"},"query-input":{"@type":"PropertyValueSpecification","valueRequired":true,"valueName":"search_term_string"}}],"inLanguage":"en-US"},{"@type":"Organization","@id":"https:\/\/www.colossalstore.es\/#organization","name":"Colossal Store","url":"https:\/\/www.colossalstore.es\/","logo":{"@type":"ImageObject","inLanguage":"en-US","@id":"https:\/\/www.colossalstore.es\/#\/schema\/logo\/image\/","url":"https:\/\/www.colossalstore.es\/wp-content\/uploads\/2023\/05\/Colossal_Logo-02.png","contentUrl":"https:\/\/www.colossalstore.es\/wp-content\/uploads\/2023\/05\/Colossal_Logo-02.png","width":1181,"height":1181,"caption":"Colossal Store"},"image":{"@id":"https:\/\/www.colossalstore.es\/#\/schema\/logo\/image\/"},"sameAs":["https:\/\/x.com\/Colossal_Store","https:\/\/www.instagram.com\/colossal_store_tcg\/","https:\/\/www.tiktok.com\/@colossalstore"]}]}},"_links":{"self":[{"href":"https:\/\/www.colossalstore.es\/en\/wp-json\/wp\/v2\/pages\/4979","targetHints":{"allow":["GET"]}}],"collection":[{"href":"https:\/\/www.colossalstore.es\/en\/wp-json\/wp\/v2\/pages"}],"about":[{"href":"https:\/\/www.colossalstore.es\/en\/wp-json\/wp\/v2\/types\/page"}],"author":[{"embeddable":true,"href":"https:\/\/www.colossalstore.es\/en\/wp-json\/wp\/v2\/users\/6"}],"replies":[{"embeddable":true,"href":"https:\/\/www.colossalstore.es\/en\/wp-json\/wp\/v2\/comments?post=4979"}],"version-history":[{"count":0,"href":"https:\/\/www.colossalstore.es\/en\/wp-json\/wp\/v2\/pages\/4979\/revisions"}],"wp:attachment":[{"href":"https:\/\/www.colossalstore.es\/en\/wp-json\/wp\/v2\/media?parent=4979"}],"curies":[{"name":"wp","href":"https:\/\/api.w.org\/{rel}","templated":true}]}}